{"id":47033,"date":"2026-03-16T13:00:04","date_gmt":"2026-03-16T12:00:04","guid":{"rendered":"https:\/\/www.sejourprive.com\/?post_type=product&#038;p=47033"},"modified":"2026-03-16T13:00:04","modified_gmt":"2026-03-16T12:00:04","slug":"villa-ferragamo-castiglione-della-pescaia-grosseto-toscane-italie","status":"publish","type":"product","link":"https:\/\/www.sejourprive.com\/en\/biens\/villa-ferragamo-castiglione-della-pescaia-grosseto-toscane-italie\/","title":{"rendered":"Villa Ferragamo, Castiglione della Pescaia, Grosseto, Tuscany, Italy"},"content":{"rendered":"<p>La Villa Ferragamo, nich\u00e9e dans la province de Grosseto, incarne \u00e0 merveille l&#8217;architecture et le charme de la Toscane. Son style italien classique, caract\u00e9ris\u00e9 par des fa\u00e7ades en pierre rustique et des toits en tuiles de terre cuite, se fond harmonieusement dans le paysage luxuriant de la Toscane. <span><div class=\"read-more-wrapper\"><a class=\"read-more-button\" data-target=\"read-more-69f62cba7738a\" data-more-text=\"Read more\" data-less-text=\"Read less\"><span class=\"read-more-text\">Read more<\/span><\/a><div id=\"read-more-69f62cba7738a\" class=\"read-more-content\"> <\/span><\/p>\n<p>Commencez par un petit-d\u00e9jeuner italien traditionnel dans la charmante cour de la villa. L&#8217;apr\u00e8s-midi, profitez de la proximit\u00e9 de la villa avec la mer Tyrrh\u00e9nienne pour une sortie relaxante \u00e0 la plage, et \u00e0 la tomb\u00e9e de la nuit, choisissez entre la salle \u00e0 manger int\u00e9rieure ou ext\u00e9rieure pour savourer un d\u00eener aux chandelles.<\/div><\/div><\/p>","protected":false},"excerpt":{"rendered":"<p>La Villa Ferragamo, nich\u00e9e dans la province de Grosseto, incarne \u00e0 merveille l&#8217;architecture et le charme de la Toscane. Son&#8230;<\/p>","protected":false},"featured_media":47039,"comment_status":"open","ping_status":"closed","template":"","meta":{"_acf_changed":false},"product_brand":[],"product_cat":[15],"product_tag":[],"class_list":{"0":"post-47033","1":"product","2":"type-product","3":"status-publish","4":"has-post-thumbnail","6":"product_cat-villa","7":"property_location-italie","8":"property_location-toscane","10":"first","11":"instock","12":"sold-individually","13":"shipping-taxable","14":"purchasable","15":"product-type-simple"},"acf":[],"yoast_head":"<!-- This site is optimized with the Yoast SEO plugin v26.6 - https:\/\/yoast.com\/wordpress\/plugins\/seo\/ -->\n<title>Villa Ferragamo, Castiglione della Pescaia, Grosseto, Toscane, Italie - S\u00e9jour Priv\u00e9<\/title>\n<meta name=\"description\" content=\"La Villa Ferragamo, nich\u00e9e dans la province de Grosseto, incarne \u00e0 merveille l&#039;architecture et le charme de la Toscane. Son style italien classique,\" \/>\n<meta name=\"robots\" content=\"index, follow, max-snippet:-1, max-image-preview:large, max-video-preview:-1\" \/>\n<link rel=\"canonical\" href=\"https:\/\/www.sejourprive.com\/en\/biens\/villa-ferragamo-castiglione-della-pescaia-grosseto-toscane-italie\/\" \/>\n<meta property=\"og:locale\" content=\"en_GB\" \/>\n<meta property=\"og:type\" content=\"article\" \/>\n<meta property=\"og:title\" content=\"Villa Ferragamo, Castiglione della Pescaia, Grosseto, Toscane, Italie - S\u00e9jour Priv\u00e9\" \/>\n<meta property=\"og:description\" content=\"La Villa Ferragamo, nich\u00e9e dans la province de Grosseto, incarne \u00e0 merveille l&#039;architecture et le charme de la Toscane. Son style italien classique,\" \/>\n<meta property=\"og:url\" content=\"https:\/\/www.sejourprive.com\/en\/biens\/villa-ferragamo-castiglione-della-pescaia-grosseto-toscane-italie\/\" \/>\n<meta property=\"og:site_name\" content=\"S\u00e9jour Priv\u00e9\" \/>\n<meta property=\"og:image\" content=\"https:\/\/www.sejourprive.com\/wp-content\/uploads\/2026\/03\/3-133.jpg\" \/>\n\t<meta property=\"og:image:width\" content=\"1200\" \/>\n\t<meta property=\"og:image:height\" content=\"900\" \/>\n\t<meta property=\"og:image:type\" content=\"image\/jpeg\" \/>\n<meta name=\"twitter:card\" content=\"summary_large_image\" \/>\n<meta name=\"twitter:label1\" content=\"Estimated reading time\" \/>\n\t<meta name=\"twitter:data1\" content=\"1 minute\" \/>\n<script type=\"application\/ld+json\" class=\"yoast-schema-graph\">{\"@context\":\"https:\/\/schema.org\",\"@graph\":[{\"@type\":\"WebPage\",\"@id\":\"https:\/\/www.sejourprive.com\/biens\/villa-ferragamo-castiglione-della-pescaia-grosseto-toscane-italie\/\",\"url\":\"https:\/\/www.sejourprive.com\/biens\/villa-ferragamo-castiglione-della-pescaia-grosseto-toscane-italie\/\",\"name\":\"Villa Ferragamo, Castiglione della Pescaia, Grosseto, Toscane, Italie - S\u00e9jour Priv\u00e9\",\"isPartOf\":{\"@id\":\"https:\/\/www.sejourprive.com\/#website\"},\"primaryImageOfPage\":{\"@id\":\"https:\/\/www.sejourprive.com\/biens\/villa-ferragamo-castiglione-della-pescaia-grosseto-toscane-italie\/#primaryimage\"},\"image\":{\"@id\":\"https:\/\/www.sejourprive.com\/biens\/villa-ferragamo-castiglione-della-pescaia-grosseto-toscane-italie\/#primaryimage\"},\"thumbnailUrl\":\"https:\/\/www.sejourprive.com\/wp-content\/uploads\/2026\/03\/3-133.jpg\",\"datePublished\":\"2026-03-16T12:00:04+00:00\",\"description\":\"La Villa Ferragamo, nich\u00e9e dans la province de Grosseto, incarne \u00e0 merveille l'architecture et le charme de la Toscane. Son style italien classique,\",\"breadcrumb\":{\"@id\":\"https:\/\/www.sejourprive.com\/biens\/villa-ferragamo-castiglione-della-pescaia-grosseto-toscane-italie\/#breadcrumb\"},\"inLanguage\":\"en-GB\",\"potentialAction\":[{\"@type\":\"ReadAction\",\"target\":[\"https:\/\/www.sejourprive.com\/biens\/villa-ferragamo-castiglione-della-pescaia-grosseto-toscane-italie\/\"]}]},{\"@type\":\"ImageObject\",\"inLanguage\":\"en-GB\",\"@id\":\"https:\/\/www.sejourprive.com\/biens\/villa-ferragamo-castiglione-della-pescaia-grosseto-toscane-italie\/#primaryimage\",\"url\":\"https:\/\/www.sejourprive.com\/wp-content\/uploads\/2026\/03\/3-133.jpg\",\"contentUrl\":\"https:\/\/www.sejourprive.com\/wp-content\/uploads\/2026\/03\/3-133.jpg\",\"width\":1200,\"height\":900},{\"@type\":\"BreadcrumbList\",\"@id\":\"https:\/\/www.sejourprive.com\/biens\/villa-ferragamo-castiglione-della-pescaia-grosseto-toscane-italie\/#breadcrumb\",\"itemListElement\":[{\"@type\":\"ListItem\",\"position\":1,\"name\":\"Accueil\",\"item\":\"https:\/\/www.sejourprive.com\/\"},{\"@type\":\"ListItem\",\"position\":2,\"name\":\"Shop\",\"item\":\"https:\/\/www.sejourprive.com\/shop\/\"},{\"@type\":\"ListItem\",\"position\":3,\"name\":\"Villa Ferragamo, Castiglione della Pescaia, Grosseto, Toscane, Italie\"}]},{\"@type\":\"WebSite\",\"@id\":\"https:\/\/www.sejourprive.com\/#website\",\"url\":\"https:\/\/www.sejourprive.com\/\",\"name\":\"S\u00e9jour Priv\u00e9\",\"description\":\"Nous imaginons pour vous des s\u00e9jours d\u2019exception.\",\"publisher\":{\"@id\":\"https:\/\/www.sejourprive.com\/#organization\"},\"potentialAction\":[{\"@type\":\"SearchAction\",\"target\":{\"@type\":\"EntryPoint\",\"urlTemplate\":\"https:\/\/www.sejourprive.com\/?s={search_term_string}\"},\"query-input\":{\"@type\":\"PropertyValueSpecification\",\"valueRequired\":true,\"valueName\":\"search_term_string\"}}],\"inLanguage\":\"en-GB\"},{\"@type\":\"Organization\",\"@id\":\"https:\/\/www.sejourprive.com\/#organization\",\"name\":\"S\u00e9jour Priv\u00e9\",\"url\":\"https:\/\/www.sejourprive.com\/\",\"logo\":{\"@type\":\"ImageObject\",\"inLanguage\":\"en-GB\",\"@id\":\"https:\/\/www.sejourprive.com\/#\/schema\/logo\/image\/\",\"url\":\"https:\/\/www.sejourprive.com\/wp-content\/uploads\/2026\/02\/SP-Apple-touch-144-couleur-1-2.png\",\"contentUrl\":\"https:\/\/www.sejourprive.com\/wp-content\/uploads\/2026\/02\/SP-Apple-touch-144-couleur-1-2.png\",\"width\":145,\"height\":145,\"caption\":\"S\u00e9jour Priv\u00e9\"},\"image\":{\"@id\":\"https:\/\/www.sejourprive.com\/#\/schema\/logo\/image\/\"}}]}<\/script>\n<!-- \/ Yoast SEO plugin. -->","yoast_head_json":{"title":"Villa Ferragamo, Castiglione della Pescaia, Grosseto, Toscane, Italie - S\u00e9jour Priv\u00e9","description":"La Villa Ferragamo, nich\u00e9e dans la province de Grosseto, incarne \u00e0 merveille l'architecture et le charme de la Toscane. Son style italien classique,","robots":{"index":"index","follow":"follow","max-snippet":"max-snippet:-1","max-image-preview":"max-image-preview:large","max-video-preview":"max-video-preview:-1"},"canonical":"https:\/\/www.sejourprive.com\/en\/biens\/villa-ferragamo-castiglione-della-pescaia-grosseto-toscane-italie\/","og_locale":"en_GB","og_type":"article","og_title":"Villa Ferragamo, Castiglione della Pescaia, Grosseto, Toscane, Italie - S\u00e9jour Priv\u00e9","og_description":"La Villa Ferragamo, nich\u00e9e dans la province de Grosseto, incarne \u00e0 merveille l'architecture et le charme de la Toscane. Son style italien classique,","og_url":"https:\/\/www.sejourprive.com\/en\/biens\/villa-ferragamo-castiglione-della-pescaia-grosseto-toscane-italie\/","og_site_name":"S\u00e9jour Priv\u00e9","og_image":[{"width":1200,"height":900,"url":"https:\/\/www.sejourprive.com\/wp-content\/uploads\/2026\/03\/3-133.jpg","type":"image\/jpeg"}],"twitter_card":"summary_large_image","twitter_misc":{"Estimated reading time":"1 minute"},"schema":{"@context":"https:\/\/schema.org","@graph":[{"@type":"WebPage","@id":"https:\/\/www.sejourprive.com\/biens\/villa-ferragamo-castiglione-della-pescaia-grosseto-toscane-italie\/","url":"https:\/\/www.sejourprive.com\/biens\/villa-ferragamo-castiglione-della-pescaia-grosseto-toscane-italie\/","name":"Villa Ferragamo, Castiglione della Pescaia, Grosseto, Toscane, Italie - S\u00e9jour Priv\u00e9","isPartOf":{"@id":"https:\/\/www.sejourprive.com\/#website"},"primaryImageOfPage":{"@id":"https:\/\/www.sejourprive.com\/biens\/villa-ferragamo-castiglione-della-pescaia-grosseto-toscane-italie\/#primaryimage"},"image":{"@id":"https:\/\/www.sejourprive.com\/biens\/villa-ferragamo-castiglione-della-pescaia-grosseto-toscane-italie\/#primaryimage"},"thumbnailUrl":"https:\/\/www.sejourprive.com\/wp-content\/uploads\/2026\/03\/3-133.jpg","datePublished":"2026-03-16T12:00:04+00:00","description":"La Villa Ferragamo, nich\u00e9e dans la province de Grosseto, incarne \u00e0 merveille l'architecture et le charme de la Toscane. Son style italien classique,","breadcrumb":{"@id":"https:\/\/www.sejourprive.com\/biens\/villa-ferragamo-castiglione-della-pescaia-grosseto-toscane-italie\/#breadcrumb"},"inLanguage":"en-GB","potentialAction":[{"@type":"ReadAction","target":["https:\/\/www.sejourprive.com\/biens\/villa-ferragamo-castiglione-della-pescaia-grosseto-toscane-italie\/"]}]},{"@type":"ImageObject","inLanguage":"en-GB","@id":"https:\/\/www.sejourprive.com\/biens\/villa-ferragamo-castiglione-della-pescaia-grosseto-toscane-italie\/#primaryimage","url":"https:\/\/www.sejourprive.com\/wp-content\/uploads\/2026\/03\/3-133.jpg","contentUrl":"https:\/\/www.sejourprive.com\/wp-content\/uploads\/2026\/03\/3-133.jpg","width":1200,"height":900},{"@type":"BreadcrumbList","@id":"https:\/\/www.sejourprive.com\/biens\/villa-ferragamo-castiglione-della-pescaia-grosseto-toscane-italie\/#breadcrumb","itemListElement":[{"@type":"ListItem","position":1,"name":"Accueil","item":"https:\/\/www.sejourprive.com\/"},{"@type":"ListItem","position":2,"name":"Shop","item":"https:\/\/www.sejourprive.com\/shop\/"},{"@type":"ListItem","position":3,"name":"Villa Ferragamo, Castiglione della Pescaia, Grosseto, Toscane, Italie"}]},{"@type":"WebSite","@id":"https:\/\/www.sejourprive.com\/#website","url":"https:\/\/www.sejourprive.com\/","name":"Private Stay","description":"We design exceptional holidays for you.","publisher":{"@id":"https:\/\/www.sejourprive.com\/#organization"},"potentialAction":[{"@type":"SearchAction","target":{"@type":"EntryPoint","urlTemplate":"https:\/\/www.sejourprive.com\/?s={search_term_string}"},"query-input":{"@type":"PropertyValueSpecification","valueRequired":true,"valueName":"search_term_string"}}],"inLanguage":"en-GB"},{"@type":"Organization","@id":"https:\/\/www.sejourprive.com\/#organization","name":"Private Stay","url":"https:\/\/www.sejourprive.com\/","logo":{"@type":"ImageObject","inLanguage":"en-GB","@id":"https:\/\/www.sejourprive.com\/#\/schema\/logo\/image\/","url":"https:\/\/www.sejourprive.com\/wp-content\/uploads\/2026\/02\/SP-Apple-touch-144-couleur-1-2.png","contentUrl":"https:\/\/www.sejourprive.com\/wp-content\/uploads\/2026\/02\/SP-Apple-touch-144-couleur-1-2.png","width":145,"height":145,"caption":"S\u00e9jour Priv\u00e9"},"image":{"@id":"https:\/\/www.sejourprive.com\/#\/schema\/logo\/image\/"}}]}},"_links":{"self":[{"href":"https:\/\/www.sejourprive.com\/en\/wp-json\/wp\/v2\/product\/47033","targetHints":{"allow":["GET"]}}],"collection":[{"href":"https:\/\/www.sejourprive.com\/en\/wp-json\/wp\/v2\/product"}],"about":[{"href":"https:\/\/www.sejourprive.com\/en\/wp-json\/wp\/v2\/types\/product"}],"replies":[{"embeddable":true,"href":"https:\/\/www.sejourprive.com\/en\/wp-json\/wp\/v2\/comments?post=47033"}],"version-history":[{"count":0,"href":"https:\/\/www.sejourprive.com\/en\/wp-json\/wp\/v2\/product\/47033\/revisions"}],"wp:featuredmedia":[{"embeddable":true,"href":"https:\/\/www.sejourprive.com\/en\/wp-json\/wp\/v2\/media\/47039"}],"wp:attachment":[{"href":"https:\/\/www.sejourprive.com\/en\/wp-json\/wp\/v2\/media?parent=47033"}],"wp:term":[{"taxonomy":"product_brand","embeddable":true,"href":"https:\/\/www.sejourprive.com\/en\/wp-json\/wp\/v2\/product_brand?post=47033"},{"taxonomy":"product_cat","embeddable":true,"href":"https:\/\/www.sejourprive.com\/en\/wp-json\/wp\/v2\/product_cat?post=47033"},{"taxonomy":"product_tag","embeddable":true,"href":"https:\/\/www.sejourprive.com\/en\/wp-json\/wp\/v2\/product_tag?post=47033"}],"curies":[{"name":"wp","href":"https:\/\/api.w.org\/{rel}","templated":true}]}}