{"id":46912,"date":"2026-03-16T12:57:31","date_gmt":"2026-03-16T11:57:31","guid":{"rendered":"https:\/\/www.sejourprive.com\/?post_type=product&#038;p=46912"},"modified":"2026-03-16T12:57:31","modified_gmt":"2026-03-16T11:57:31","slug":"villa-del-tempio-piedimonte-etneo-sicile-italie","status":"publish","type":"product","link":"https:\/\/www.sejourprive.com\/en\/biens\/villa-del-tempio-piedimonte-etneo-sicile-italie\/","title":{"rendered":"Villa del Tempio, Piedimonte Etneo, Sicily, Italy"},"content":{"rendered":"<p>La Villa del Tempio domine le paysage sicilien environnant, d\u00e9gageant une atmosph\u00e8re d\u2019\u00e9l\u00e9gance raffin\u00e9e et de s\u00e9r\u00e9nit\u00e9. R\u00e9fugiez-vous derri\u00e8re sa fa\u00e7ade d\u2019inspiration classique, passez entre les colonnes qui vous accueillent \u00e0 l\u2019int\u00e9rieur et d\u00e9couvrez un v\u00e9ritable tr\u00e9sor de design somptueux. V\u00e9ritable apoth\u00e9ose de l\u2019art de vivre luxueux, les couleurs riches et les motifs complexes sont mis en valeur par des touches dor\u00e9es. <span><div class=\"read-more-wrapper\"><a class=\"read-more-button\" data-target=\"read-more-69f2f0e263249\" data-more-text=\"Read more\" data-less-text=\"Read less\"><span class=\"read-more-text\">Read more<\/span><\/a><div id=\"read-more-69f2f0e263249\" class=\"read-more-content\"> <\/span><\/p>\n<p>Savourez votre caf\u00e9 italien en admirant les panoramas naturels \u00e0 couper le souffle, tout en profitant des rayons du soleil sicilien. Plongez dans les eaux scintillantes de votre piscine, puis impr\u00e9gnez-vous du rythme de la vie sicilienne, avec la plage et le centre-ville \u00e0 port\u00e9e de main. Retournez ensuite vous promener dans le jardin m\u00e9diterran\u00e9en, berc\u00e9 par la verdure et la lumi\u00e8re du soleil.<\/div><\/div><\/p>","protected":false},"excerpt":{"rendered":"<p>La Villa del Tempio domine le paysage sicilien environnant, d\u00e9gageant une atmosph\u00e8re d\u2019\u00e9l\u00e9gance raffin\u00e9e et de s\u00e9r\u00e9nit\u00e9. R\u00e9fugiez-vous derri\u00e8re sa&#8230;<\/p>","protected":false},"featured_media":46926,"comment_status":"open","ping_status":"closed","template":"","meta":{"_acf_changed":false},"product_brand":[],"product_cat":[15],"product_tag":[],"class_list":{"0":"post-46912","1":"product","2":"type-product","3":"status-publish","4":"has-post-thumbnail","6":"product_cat-villa","7":"property_location-italie","8":"property_location-sicile","10":"first","11":"instock","12":"sold-individually","13":"shipping-taxable","14":"purchasable","15":"product-type-simple"},"acf":[],"yoast_head":"<!-- This site is optimized with the Yoast SEO plugin v26.6 - https:\/\/yoast.com\/wordpress\/plugins\/seo\/ -->\n<title>Villa del Tempio, Piedimonte Etneo, Sicile, Italie - S\u00e9jour Priv\u00e9<\/title>\n<meta name=\"description\" content=\"La Villa del Tempio domine le paysage sicilien environnant, d\u00e9gageant une atmosph\u00e8re d\u2019\u00e9l\u00e9gance raffin\u00e9e et de s\u00e9r\u00e9nit\u00e9. R\u00e9fugiez-vous derri\u00e8re sa fa\u00e7ade\" \/>\n<meta name=\"robots\" content=\"index, follow, max-snippet:-1, max-image-preview:large, max-video-preview:-1\" \/>\n<link rel=\"canonical\" href=\"https:\/\/www.sejourprive.com\/en\/biens\/villa-del-tempio-piedimonte-etneo-sicile-italie\/\" \/>\n<meta property=\"og:locale\" content=\"en_GB\" \/>\n<meta property=\"og:type\" content=\"article\" \/>\n<meta property=\"og:title\" content=\"Villa del Tempio, Piedimonte Etneo, Sicile, Italie - S\u00e9jour Priv\u00e9\" \/>\n<meta property=\"og:description\" content=\"La Villa del Tempio domine le paysage sicilien environnant, d\u00e9gageant une atmosph\u00e8re d\u2019\u00e9l\u00e9gance raffin\u00e9e et de s\u00e9r\u00e9nit\u00e9. R\u00e9fugiez-vous derri\u00e8re sa fa\u00e7ade\" \/>\n<meta property=\"og:url\" content=\"https:\/\/www.sejourprive.com\/en\/biens\/villa-del-tempio-piedimonte-etneo-sicile-italie\/\" \/>\n<meta property=\"og:site_name\" content=\"S\u00e9jour Priv\u00e9\" \/>\n<meta property=\"og:image\" content=\"https:\/\/www.sejourprive.com\/wp-content\/uploads\/2026\/03\/0-128.jpg\" \/>\n\t<meta property=\"og:image:width\" content=\"1200\" \/>\n\t<meta property=\"og:image:height\" content=\"821\" \/>\n\t<meta property=\"og:image:type\" content=\"image\/jpeg\" \/>\n<meta name=\"twitter:card\" content=\"summary_large_image\" \/>\n<meta name=\"twitter:label1\" content=\"Estimated reading time\" \/>\n\t<meta name=\"twitter:data1\" content=\"1 minute\" \/>\n<script type=\"application\/ld+json\" class=\"yoast-schema-graph\">{\"@context\":\"https:\/\/schema.org\",\"@graph\":[{\"@type\":\"WebPage\",\"@id\":\"https:\/\/www.sejourprive.com\/biens\/villa-del-tempio-piedimonte-etneo-sicile-italie\/\",\"url\":\"https:\/\/www.sejourprive.com\/biens\/villa-del-tempio-piedimonte-etneo-sicile-italie\/\",\"name\":\"Villa del Tempio, Piedimonte Etneo, Sicile, Italie - S\u00e9jour Priv\u00e9\",\"isPartOf\":{\"@id\":\"https:\/\/www.sejourprive.com\/#website\"},\"primaryImageOfPage\":{\"@id\":\"https:\/\/www.sejourprive.com\/biens\/villa-del-tempio-piedimonte-etneo-sicile-italie\/#primaryimage\"},\"image\":{\"@id\":\"https:\/\/www.sejourprive.com\/biens\/villa-del-tempio-piedimonte-etneo-sicile-italie\/#primaryimage\"},\"thumbnailUrl\":\"https:\/\/www.sejourprive.com\/wp-content\/uploads\/2026\/03\/0-128.jpg\",\"datePublished\":\"2026-03-16T11:57:31+00:00\",\"description\":\"La Villa del Tempio domine le paysage sicilien environnant, d\u00e9gageant une atmosph\u00e8re d\u2019\u00e9l\u00e9gance raffin\u00e9e et de s\u00e9r\u00e9nit\u00e9. R\u00e9fugiez-vous derri\u00e8re sa fa\u00e7ade\",\"breadcrumb\":{\"@id\":\"https:\/\/www.sejourprive.com\/biens\/villa-del-tempio-piedimonte-etneo-sicile-italie\/#breadcrumb\"},\"inLanguage\":\"en-GB\",\"potentialAction\":[{\"@type\":\"ReadAction\",\"target\":[\"https:\/\/www.sejourprive.com\/biens\/villa-del-tempio-piedimonte-etneo-sicile-italie\/\"]}]},{\"@type\":\"ImageObject\",\"inLanguage\":\"en-GB\",\"@id\":\"https:\/\/www.sejourprive.com\/biens\/villa-del-tempio-piedimonte-etneo-sicile-italie\/#primaryimage\",\"url\":\"https:\/\/www.sejourprive.com\/wp-content\/uploads\/2026\/03\/0-128.jpg\",\"contentUrl\":\"https:\/\/www.sejourprive.com\/wp-content\/uploads\/2026\/03\/0-128.jpg\",\"width\":1200,\"height\":821},{\"@type\":\"BreadcrumbList\",\"@id\":\"https:\/\/www.sejourprive.com\/biens\/villa-del-tempio-piedimonte-etneo-sicile-italie\/#breadcrumb\",\"itemListElement\":[{\"@type\":\"ListItem\",\"position\":1,\"name\":\"Accueil\",\"item\":\"https:\/\/www.sejourprive.com\/\"},{\"@type\":\"ListItem\",\"position\":2,\"name\":\"Shop\",\"item\":\"https:\/\/www.sejourprive.com\/shop\/\"},{\"@type\":\"ListItem\",\"position\":3,\"name\":\"Villa del Tempio, Piedimonte Etneo, Sicile, Italie\"}]},{\"@type\":\"WebSite\",\"@id\":\"https:\/\/www.sejourprive.com\/#website\",\"url\":\"https:\/\/www.sejourprive.com\/\",\"name\":\"S\u00e9jour Priv\u00e9\",\"description\":\"Nous imaginons pour vous des s\u00e9jours d\u2019exception.\",\"publisher\":{\"@id\":\"https:\/\/www.sejourprive.com\/#organization\"},\"potentialAction\":[{\"@type\":\"SearchAction\",\"target\":{\"@type\":\"EntryPoint\",\"urlTemplate\":\"https:\/\/www.sejourprive.com\/?s={search_term_string}\"},\"query-input\":{\"@type\":\"PropertyValueSpecification\",\"valueRequired\":true,\"valueName\":\"search_term_string\"}}],\"inLanguage\":\"en-GB\"},{\"@type\":\"Organization\",\"@id\":\"https:\/\/www.sejourprive.com\/#organization\",\"name\":\"S\u00e9jour Priv\u00e9\",\"url\":\"https:\/\/www.sejourprive.com\/\",\"logo\":{\"@type\":\"ImageObject\",\"inLanguage\":\"en-GB\",\"@id\":\"https:\/\/www.sejourprive.com\/#\/schema\/logo\/image\/\",\"url\":\"https:\/\/www.sejourprive.com\/wp-content\/uploads\/2026\/02\/SP-Apple-touch-144-couleur-1-2.png\",\"contentUrl\":\"https:\/\/www.sejourprive.com\/wp-content\/uploads\/2026\/02\/SP-Apple-touch-144-couleur-1-2.png\",\"width\":145,\"height\":145,\"caption\":\"S\u00e9jour Priv\u00e9\"},\"image\":{\"@id\":\"https:\/\/www.sejourprive.com\/#\/schema\/logo\/image\/\"}}]}<\/script>\n<!-- \/ Yoast SEO plugin. -->","yoast_head_json":{"title":"Villa del Tempio, Piedimonte Etneo, Sicile, Italie - S\u00e9jour Priv\u00e9","description":"La Villa del Tempio domine le paysage sicilien environnant, d\u00e9gageant une atmosph\u00e8re d\u2019\u00e9l\u00e9gance raffin\u00e9e et de s\u00e9r\u00e9nit\u00e9. R\u00e9fugiez-vous derri\u00e8re sa fa\u00e7ade","robots":{"index":"index","follow":"follow","max-snippet":"max-snippet:-1","max-image-preview":"max-image-preview:large","max-video-preview":"max-video-preview:-1"},"canonical":"https:\/\/www.sejourprive.com\/en\/biens\/villa-del-tempio-piedimonte-etneo-sicile-italie\/","og_locale":"en_GB","og_type":"article","og_title":"Villa del Tempio, Piedimonte Etneo, Sicile, Italie - S\u00e9jour Priv\u00e9","og_description":"La Villa del Tempio domine le paysage sicilien environnant, d\u00e9gageant une atmosph\u00e8re d\u2019\u00e9l\u00e9gance raffin\u00e9e et de s\u00e9r\u00e9nit\u00e9. R\u00e9fugiez-vous derri\u00e8re sa fa\u00e7ade","og_url":"https:\/\/www.sejourprive.com\/en\/biens\/villa-del-tempio-piedimonte-etneo-sicile-italie\/","og_site_name":"S\u00e9jour Priv\u00e9","og_image":[{"width":1200,"height":821,"url":"https:\/\/www.sejourprive.com\/wp-content\/uploads\/2026\/03\/0-128.jpg","type":"image\/jpeg"}],"twitter_card":"summary_large_image","twitter_misc":{"Estimated reading time":"1 minute"},"schema":{"@context":"https:\/\/schema.org","@graph":[{"@type":"WebPage","@id":"https:\/\/www.sejourprive.com\/biens\/villa-del-tempio-piedimonte-etneo-sicile-italie\/","url":"https:\/\/www.sejourprive.com\/biens\/villa-del-tempio-piedimonte-etneo-sicile-italie\/","name":"Villa del Tempio, Piedimonte Etneo, Sicile, Italie - S\u00e9jour Priv\u00e9","isPartOf":{"@id":"https:\/\/www.sejourprive.com\/#website"},"primaryImageOfPage":{"@id":"https:\/\/www.sejourprive.com\/biens\/villa-del-tempio-piedimonte-etneo-sicile-italie\/#primaryimage"},"image":{"@id":"https:\/\/www.sejourprive.com\/biens\/villa-del-tempio-piedimonte-etneo-sicile-italie\/#primaryimage"},"thumbnailUrl":"https:\/\/www.sejourprive.com\/wp-content\/uploads\/2026\/03\/0-128.jpg","datePublished":"2026-03-16T11:57:31+00:00","description":"La Villa del Tempio domine le paysage sicilien environnant, d\u00e9gageant une atmosph\u00e8re d\u2019\u00e9l\u00e9gance raffin\u00e9e et de s\u00e9r\u00e9nit\u00e9. R\u00e9fugiez-vous derri\u00e8re sa fa\u00e7ade","breadcrumb":{"@id":"https:\/\/www.sejourprive.com\/biens\/villa-del-tempio-piedimonte-etneo-sicile-italie\/#breadcrumb"},"inLanguage":"en-GB","potentialAction":[{"@type":"ReadAction","target":["https:\/\/www.sejourprive.com\/biens\/villa-del-tempio-piedimonte-etneo-sicile-italie\/"]}]},{"@type":"ImageObject","inLanguage":"en-GB","@id":"https:\/\/www.sejourprive.com\/biens\/villa-del-tempio-piedimonte-etneo-sicile-italie\/#primaryimage","url":"https:\/\/www.sejourprive.com\/wp-content\/uploads\/2026\/03\/0-128.jpg","contentUrl":"https:\/\/www.sejourprive.com\/wp-content\/uploads\/2026\/03\/0-128.jpg","width":1200,"height":821},{"@type":"BreadcrumbList","@id":"https:\/\/www.sejourprive.com\/biens\/villa-del-tempio-piedimonte-etneo-sicile-italie\/#breadcrumb","itemListElement":[{"@type":"ListItem","position":1,"name":"Accueil","item":"https:\/\/www.sejourprive.com\/"},{"@type":"ListItem","position":2,"name":"Shop","item":"https:\/\/www.sejourprive.com\/shop\/"},{"@type":"ListItem","position":3,"name":"Villa del Tempio, Piedimonte Etneo, Sicile, Italie"}]},{"@type":"WebSite","@id":"https:\/\/www.sejourprive.com\/#website","url":"https:\/\/www.sejourprive.com\/","name":"Private Stay","description":"We design exceptional holidays for you.","publisher":{"@id":"https:\/\/www.sejourprive.com\/#organization"},"potentialAction":[{"@type":"SearchAction","target":{"@type":"EntryPoint","urlTemplate":"https:\/\/www.sejourprive.com\/?s={search_term_string}"},"query-input":{"@type":"PropertyValueSpecification","valueRequired":true,"valueName":"search_term_string"}}],"inLanguage":"en-GB"},{"@type":"Organization","@id":"https:\/\/www.sejourprive.com\/#organization","name":"Private Stay","url":"https:\/\/www.sejourprive.com\/","logo":{"@type":"ImageObject","inLanguage":"en-GB","@id":"https:\/\/www.sejourprive.com\/#\/schema\/logo\/image\/","url":"https:\/\/www.sejourprive.com\/wp-content\/uploads\/2026\/02\/SP-Apple-touch-144-couleur-1-2.png","contentUrl":"https:\/\/www.sejourprive.com\/wp-content\/uploads\/2026\/02\/SP-Apple-touch-144-couleur-1-2.png","width":145,"height":145,"caption":"S\u00e9jour Priv\u00e9"},"image":{"@id":"https:\/\/www.sejourprive.com\/#\/schema\/logo\/image\/"}}]}},"_links":{"self":[{"href":"https:\/\/www.sejourprive.com\/en\/wp-json\/wp\/v2\/product\/46912","targetHints":{"allow":["GET"]}}],"collection":[{"href":"https:\/\/www.sejourprive.com\/en\/wp-json\/wp\/v2\/product"}],"about":[{"href":"https:\/\/www.sejourprive.com\/en\/wp-json\/wp\/v2\/types\/product"}],"replies":[{"embeddable":true,"href":"https:\/\/www.sejourprive.com\/en\/wp-json\/wp\/v2\/comments?post=46912"}],"version-history":[{"count":0,"href":"https:\/\/www.sejourprive.com\/en\/wp-json\/wp\/v2\/product\/46912\/revisions"}],"wp:featuredmedia":[{"embeddable":true,"href":"https:\/\/www.sejourprive.com\/en\/wp-json\/wp\/v2\/media\/46926"}],"wp:attachment":[{"href":"https:\/\/www.sejourprive.com\/en\/wp-json\/wp\/v2\/media?parent=46912"}],"wp:term":[{"taxonomy":"product_brand","embeddable":true,"href":"https:\/\/www.sejourprive.com\/en\/wp-json\/wp\/v2\/product_brand?post=46912"},{"taxonomy":"product_cat","embeddable":true,"href":"https:\/\/www.sejourprive.com\/en\/wp-json\/wp\/v2\/product_cat?post=46912"},{"taxonomy":"product_tag","embeddable":true,"href":"https:\/\/www.sejourprive.com\/en\/wp-json\/wp\/v2\/product_tag?post=46912"}],"curies":[{"name":"wp","href":"https:\/\/api.w.org\/{rel}","templated":true}]}}