{"id":46634,"date":"2026-03-13T16:24:22","date_gmt":"2026-03-13T15:24:22","guid":{"rendered":"https:\/\/www.sejourprive.com\/?post_type=product&#038;p=46634"},"modified":"2026-03-13T16:24:22","modified_gmt":"2026-03-13T15:24:22","slug":"masseria-bianconero-polignano-a-mare-bari-pouilles-italie","status":"publish","type":"product","link":"https:\/\/www.sejourprive.com\/en\/biens\/masseria-bianconero-polignano-a-mare-bari-pouilles-italie\/","title":{"rendered":"Masseria Bianconero, Polignano a Mare, Bari, Puglia, Italy"},"content":{"rendered":"<p>D\u00e9couvrez cette magnifique villa spacieuse dot\u00e9e d&#8217;une piscine enchanteresse, nich\u00e9e dans la r\u00e9gion pittoresque des Pouilles. Situ\u00e9e \u00e0 seulement 6 km de la c\u00f4te adriatique et \u00e0 5 km de Polignano, cette propri\u00e9t\u00e9 offre une vue panoramique \u00e0 couper le souffle depuis ses terrasses sup\u00e9rieures.<span><div class=\"read-more-wrapper\"><a class=\"read-more-button\" data-target=\"read-more-69f5c9c02171e\" data-more-text=\"Read more\" data-less-text=\"Read less\"><span class=\"read-more-text\">Read more<\/span><\/a><div id=\"read-more-69f5c9c02171e\" class=\"read-more-content\"> <\/span><\/p>\n<p>Elle dispose d&#8217;une piscine flambant neuve dans un grand patio, d&#8217;un terrain de 6 000 m\u00b2 garantissant intimit\u00e9 et espace, ainsi que de 6 chambres luxueuses avec salle de bains privative, dont certaines donnent acc\u00e8s \u00e0 une terrasse surplombant la piscine. R\u00e9servez d\u00e8s maintenant pour vivre une exp\u00e9rience inoubliable.<\/div><\/div><\/p>","protected":false},"excerpt":{"rendered":"<p>D\u00e9couvrez cette magnifique villa spacieuse dot\u00e9e d&#8217;une piscine enchanteresse, nich\u00e9e dans la r\u00e9gion pittoresque des Pouilles. Situ\u00e9e \u00e0 seulement 6&#8230;<\/p>","protected":false},"featured_media":46684,"comment_status":"open","ping_status":"closed","template":"","meta":{"_acf_changed":false},"product_brand":[],"product_cat":[15],"product_tag":[],"class_list":{"0":"post-46634","1":"product","2":"type-product","3":"status-publish","4":"has-post-thumbnail","6":"product_cat-villa","7":"property_location-italie","8":"property_location-pouilles","10":"first","11":"instock","12":"sold-individually","13":"shipping-taxable","14":"purchasable","15":"product-type-simple"},"acf":[],"yoast_head":"<!-- This site is optimized with the Yoast SEO plugin v26.6 - https:\/\/yoast.com\/wordpress\/plugins\/seo\/ -->\n<title>Masseria Bianconero, Polignano a Mare, Bari, Pouilles, Italie - S\u00e9jour Priv\u00e9<\/title>\n<meta name=\"description\" content=\"D\u00e9couvrez cette magnifique villa spacieuse dot\u00e9e d&#039;une piscine enchanteresse, nich\u00e9e dans la r\u00e9gion pittoresque des Pouilles. Situ\u00e9e \u00e0 seulement 6 km de\" \/>\n<meta name=\"robots\" content=\"index, follow, max-snippet:-1, max-image-preview:large, max-video-preview:-1\" \/>\n<link rel=\"canonical\" href=\"https:\/\/www.sejourprive.com\/en\/biens\/masseria-bianconero-polignano-a-mare-bari-pouilles-italie\/\" \/>\n<meta property=\"og:locale\" content=\"en_GB\" \/>\n<meta property=\"og:type\" content=\"article\" \/>\n<meta property=\"og:title\" content=\"Masseria Bianconero, Polignano a Mare, Bari, Pouilles, Italie - S\u00e9jour Priv\u00e9\" \/>\n<meta property=\"og:description\" content=\"D\u00e9couvrez cette magnifique villa spacieuse dot\u00e9e d&#039;une piscine enchanteresse, nich\u00e9e dans la r\u00e9gion pittoresque des Pouilles. Situ\u00e9e \u00e0 seulement 6 km de\" \/>\n<meta property=\"og:url\" content=\"https:\/\/www.sejourprive.com\/en\/biens\/masseria-bianconero-polignano-a-mare-bari-pouilles-italie\/\" \/>\n<meta property=\"og:site_name\" content=\"S\u00e9jour Priv\u00e9\" \/>\n<meta property=\"og:image\" content=\"https:\/\/www.sejourprive.com\/wp-content\/uploads\/2026\/03\/0-121.jpg\" \/>\n\t<meta property=\"og:image:width\" content=\"1200\" \/>\n\t<meta property=\"og:image:height\" content=\"800\" \/>\n\t<meta property=\"og:image:type\" content=\"image\/jpeg\" \/>\n<meta name=\"twitter:card\" content=\"summary_large_image\" \/>\n<meta name=\"twitter:label1\" content=\"Estimated reading time\" \/>\n\t<meta name=\"twitter:data1\" content=\"1 minute\" \/>\n<script type=\"application\/ld+json\" class=\"yoast-schema-graph\">{\"@context\":\"https:\/\/schema.org\",\"@graph\":[{\"@type\":\"WebPage\",\"@id\":\"https:\/\/www.sejourprive.com\/biens\/masseria-bianconero-polignano-a-mare-bari-pouilles-italie\/\",\"url\":\"https:\/\/www.sejourprive.com\/biens\/masseria-bianconero-polignano-a-mare-bari-pouilles-italie\/\",\"name\":\"Masseria Bianconero, Polignano a Mare, Bari, Pouilles, Italie - S\u00e9jour Priv\u00e9\",\"isPartOf\":{\"@id\":\"https:\/\/www.sejourprive.com\/#website\"},\"primaryImageOfPage\":{\"@id\":\"https:\/\/www.sejourprive.com\/biens\/masseria-bianconero-polignano-a-mare-bari-pouilles-italie\/#primaryimage\"},\"image\":{\"@id\":\"https:\/\/www.sejourprive.com\/biens\/masseria-bianconero-polignano-a-mare-bari-pouilles-italie\/#primaryimage\"},\"thumbnailUrl\":\"https:\/\/www.sejourprive.com\/wp-content\/uploads\/2026\/03\/0-121.jpg\",\"datePublished\":\"2026-03-13T15:24:22+00:00\",\"description\":\"D\u00e9couvrez cette magnifique villa spacieuse dot\u00e9e d'une piscine enchanteresse, nich\u00e9e dans la r\u00e9gion pittoresque des Pouilles. Situ\u00e9e \u00e0 seulement 6 km de\",\"breadcrumb\":{\"@id\":\"https:\/\/www.sejourprive.com\/biens\/masseria-bianconero-polignano-a-mare-bari-pouilles-italie\/#breadcrumb\"},\"inLanguage\":\"en-GB\",\"potentialAction\":[{\"@type\":\"ReadAction\",\"target\":[\"https:\/\/www.sejourprive.com\/biens\/masseria-bianconero-polignano-a-mare-bari-pouilles-italie\/\"]}]},{\"@type\":\"ImageObject\",\"inLanguage\":\"en-GB\",\"@id\":\"https:\/\/www.sejourprive.com\/biens\/masseria-bianconero-polignano-a-mare-bari-pouilles-italie\/#primaryimage\",\"url\":\"https:\/\/www.sejourprive.com\/wp-content\/uploads\/2026\/03\/0-121.jpg\",\"contentUrl\":\"https:\/\/www.sejourprive.com\/wp-content\/uploads\/2026\/03\/0-121.jpg\",\"width\":1200,\"height\":800},{\"@type\":\"BreadcrumbList\",\"@id\":\"https:\/\/www.sejourprive.com\/biens\/masseria-bianconero-polignano-a-mare-bari-pouilles-italie\/#breadcrumb\",\"itemListElement\":[{\"@type\":\"ListItem\",\"position\":1,\"name\":\"Accueil\",\"item\":\"https:\/\/www.sejourprive.com\/\"},{\"@type\":\"ListItem\",\"position\":2,\"name\":\"Shop\",\"item\":\"https:\/\/www.sejourprive.com\/shop\/\"},{\"@type\":\"ListItem\",\"position\":3,\"name\":\"Masseria Bianconero, Polignano a Mare, Bari, Pouilles, Italie\"}]},{\"@type\":\"WebSite\",\"@id\":\"https:\/\/www.sejourprive.com\/#website\",\"url\":\"https:\/\/www.sejourprive.com\/\",\"name\":\"S\u00e9jour Priv\u00e9\",\"description\":\"Nous imaginons pour vous des s\u00e9jours d\u2019exception.\",\"publisher\":{\"@id\":\"https:\/\/www.sejourprive.com\/#organization\"},\"potentialAction\":[{\"@type\":\"SearchAction\",\"target\":{\"@type\":\"EntryPoint\",\"urlTemplate\":\"https:\/\/www.sejourprive.com\/?s={search_term_string}\"},\"query-input\":{\"@type\":\"PropertyValueSpecification\",\"valueRequired\":true,\"valueName\":\"search_term_string\"}}],\"inLanguage\":\"en-GB\"},{\"@type\":\"Organization\",\"@id\":\"https:\/\/www.sejourprive.com\/#organization\",\"name\":\"S\u00e9jour Priv\u00e9\",\"url\":\"https:\/\/www.sejourprive.com\/\",\"logo\":{\"@type\":\"ImageObject\",\"inLanguage\":\"en-GB\",\"@id\":\"https:\/\/www.sejourprive.com\/#\/schema\/logo\/image\/\",\"url\":\"https:\/\/www.sejourprive.com\/wp-content\/uploads\/2026\/02\/SP-Apple-touch-144-couleur-1-2.png\",\"contentUrl\":\"https:\/\/www.sejourprive.com\/wp-content\/uploads\/2026\/02\/SP-Apple-touch-144-couleur-1-2.png\",\"width\":145,\"height\":145,\"caption\":\"S\u00e9jour Priv\u00e9\"},\"image\":{\"@id\":\"https:\/\/www.sejourprive.com\/#\/schema\/logo\/image\/\"}}]}<\/script>\n<!-- \/ Yoast SEO plugin. -->","yoast_head_json":{"title":"Masseria Bianconero, Polignano a Mare, Bari, Pouilles, Italie - S\u00e9jour Priv\u00e9","description":"D\u00e9couvrez cette magnifique villa spacieuse dot\u00e9e d'une piscine enchanteresse, nich\u00e9e dans la r\u00e9gion pittoresque des Pouilles. Situ\u00e9e \u00e0 seulement 6 km de","robots":{"index":"index","follow":"follow","max-snippet":"max-snippet:-1","max-image-preview":"max-image-preview:large","max-video-preview":"max-video-preview:-1"},"canonical":"https:\/\/www.sejourprive.com\/en\/biens\/masseria-bianconero-polignano-a-mare-bari-pouilles-italie\/","og_locale":"en_GB","og_type":"article","og_title":"Masseria Bianconero, Polignano a Mare, Bari, Pouilles, Italie - S\u00e9jour Priv\u00e9","og_description":"D\u00e9couvrez cette magnifique villa spacieuse dot\u00e9e d'une piscine enchanteresse, nich\u00e9e dans la r\u00e9gion pittoresque des Pouilles. Situ\u00e9e \u00e0 seulement 6 km de","og_url":"https:\/\/www.sejourprive.com\/en\/biens\/masseria-bianconero-polignano-a-mare-bari-pouilles-italie\/","og_site_name":"S\u00e9jour Priv\u00e9","og_image":[{"width":1200,"height":800,"url":"https:\/\/www.sejourprive.com\/wp-content\/uploads\/2026\/03\/0-121.jpg","type":"image\/jpeg"}],"twitter_card":"summary_large_image","twitter_misc":{"Estimated reading time":"1 minute"},"schema":{"@context":"https:\/\/schema.org","@graph":[{"@type":"WebPage","@id":"https:\/\/www.sejourprive.com\/biens\/masseria-bianconero-polignano-a-mare-bari-pouilles-italie\/","url":"https:\/\/www.sejourprive.com\/biens\/masseria-bianconero-polignano-a-mare-bari-pouilles-italie\/","name":"Masseria Bianconero, Polignano a Mare, Bari, Pouilles, Italie - S\u00e9jour Priv\u00e9","isPartOf":{"@id":"https:\/\/www.sejourprive.com\/#website"},"primaryImageOfPage":{"@id":"https:\/\/www.sejourprive.com\/biens\/masseria-bianconero-polignano-a-mare-bari-pouilles-italie\/#primaryimage"},"image":{"@id":"https:\/\/www.sejourprive.com\/biens\/masseria-bianconero-polignano-a-mare-bari-pouilles-italie\/#primaryimage"},"thumbnailUrl":"https:\/\/www.sejourprive.com\/wp-content\/uploads\/2026\/03\/0-121.jpg","datePublished":"2026-03-13T15:24:22+00:00","description":"D\u00e9couvrez cette magnifique villa spacieuse dot\u00e9e d'une piscine enchanteresse, nich\u00e9e dans la r\u00e9gion pittoresque des Pouilles. Situ\u00e9e \u00e0 seulement 6 km de","breadcrumb":{"@id":"https:\/\/www.sejourprive.com\/biens\/masseria-bianconero-polignano-a-mare-bari-pouilles-italie\/#breadcrumb"},"inLanguage":"en-GB","potentialAction":[{"@type":"ReadAction","target":["https:\/\/www.sejourprive.com\/biens\/masseria-bianconero-polignano-a-mare-bari-pouilles-italie\/"]}]},{"@type":"ImageObject","inLanguage":"en-GB","@id":"https:\/\/www.sejourprive.com\/biens\/masseria-bianconero-polignano-a-mare-bari-pouilles-italie\/#primaryimage","url":"https:\/\/www.sejourprive.com\/wp-content\/uploads\/2026\/03\/0-121.jpg","contentUrl":"https:\/\/www.sejourprive.com\/wp-content\/uploads\/2026\/03\/0-121.jpg","width":1200,"height":800},{"@type":"BreadcrumbList","@id":"https:\/\/www.sejourprive.com\/biens\/masseria-bianconero-polignano-a-mare-bari-pouilles-italie\/#breadcrumb","itemListElement":[{"@type":"ListItem","position":1,"name":"Accueil","item":"https:\/\/www.sejourprive.com\/"},{"@type":"ListItem","position":2,"name":"Shop","item":"https:\/\/www.sejourprive.com\/shop\/"},{"@type":"ListItem","position":3,"name":"Masseria Bianconero, Polignano a Mare, Bari, Pouilles, Italie"}]},{"@type":"WebSite","@id":"https:\/\/www.sejourprive.com\/#website","url":"https:\/\/www.sejourprive.com\/","name":"Private Stay","description":"We design exceptional holidays for you.","publisher":{"@id":"https:\/\/www.sejourprive.com\/#organization"},"potentialAction":[{"@type":"SearchAction","target":{"@type":"EntryPoint","urlTemplate":"https:\/\/www.sejourprive.com\/?s={search_term_string}"},"query-input":{"@type":"PropertyValueSpecification","valueRequired":true,"valueName":"search_term_string"}}],"inLanguage":"en-GB"},{"@type":"Organization","@id":"https:\/\/www.sejourprive.com\/#organization","name":"Private Stay","url":"https:\/\/www.sejourprive.com\/","logo":{"@type":"ImageObject","inLanguage":"en-GB","@id":"https:\/\/www.sejourprive.com\/#\/schema\/logo\/image\/","url":"https:\/\/www.sejourprive.com\/wp-content\/uploads\/2026\/02\/SP-Apple-touch-144-couleur-1-2.png","contentUrl":"https:\/\/www.sejourprive.com\/wp-content\/uploads\/2026\/02\/SP-Apple-touch-144-couleur-1-2.png","width":145,"height":145,"caption":"S\u00e9jour Priv\u00e9"},"image":{"@id":"https:\/\/www.sejourprive.com\/#\/schema\/logo\/image\/"}}]}},"_links":{"self":[{"href":"https:\/\/www.sejourprive.com\/en\/wp-json\/wp\/v2\/product\/46634","targetHints":{"allow":["GET"]}}],"collection":[{"href":"https:\/\/www.sejourprive.com\/en\/wp-json\/wp\/v2\/product"}],"about":[{"href":"https:\/\/www.sejourprive.com\/en\/wp-json\/wp\/v2\/types\/product"}],"replies":[{"embeddable":true,"href":"https:\/\/www.sejourprive.com\/en\/wp-json\/wp\/v2\/comments?post=46634"}],"version-history":[{"count":0,"href":"https:\/\/www.sejourprive.com\/en\/wp-json\/wp\/v2\/product\/46634\/revisions"}],"wp:featuredmedia":[{"embeddable":true,"href":"https:\/\/www.sejourprive.com\/en\/wp-json\/wp\/v2\/media\/46684"}],"wp:attachment":[{"href":"https:\/\/www.sejourprive.com\/en\/wp-json\/wp\/v2\/media?parent=46634"}],"wp:term":[{"taxonomy":"product_brand","embeddable":true,"href":"https:\/\/www.sejourprive.com\/en\/wp-json\/wp\/v2\/product_brand?post=46634"},{"taxonomy":"product_cat","embeddable":true,"href":"https:\/\/www.sejourprive.com\/en\/wp-json\/wp\/v2\/product_cat?post=46634"},{"taxonomy":"product_tag","embeddable":true,"href":"https:\/\/www.sejourprive.com\/en\/wp-json\/wp\/v2\/product_tag?post=46634"}],"curies":[{"name":"wp","href":"https:\/\/api.w.org\/{rel}","templated":true}]}}