{"id":46512,"date":"2026-03-13T14:36:28","date_gmt":"2026-03-13T13:36:28","guid":{"rendered":"https:\/\/www.sejourprive.com\/?post_type=product&#038;p=46512"},"modified":"2026-03-13T14:36:28","modified_gmt":"2026-03-13T13:36:28","slug":"villa-uvetta-forcoli-toscane-italie","status":"publish","type":"product","link":"https:\/\/www.sejourprive.com\/en\/biens\/villa-uvetta-forcoli-toscane-italie\/","title":{"rendered":"Villa Uvetta, Forcoli, Tuscany, Italy"},"content":{"rendered":"<p>Situ\u00e9e au c\u0153ur de la Toscane et entour\u00e9e de vignobles luxuriants, la Villa Uvetta est un v\u00e9ritable r\u00eave champ\u00eatre. Charg\u00e9e d&#8217;une histoire prestigieuse, qui a su rassembler les grandes familles italiennes et les modestes habitants de la campagne, cette ancienne ferme r\u00e9nov\u00e9e allie \u00e9l\u00e9gamment caract\u00e9ristiques traditionnelles, telles que le mobilier de bois, les poutres apparentes et les murs vo\u00fbt\u00e9s, avec \u00e9quipements modernes. En franchissant les majestueuses portes, vous d\u00e9couvrirez un int\u00e9rieur au design soign\u00e9, o\u00f9 les couleurs s&#8217;harmonisent parfaitement avec l&#8217;environnement ext\u00e9rieur pour une v\u00e9ritable symbiose entre la maison et la nature.<\/p>\n<p><span><div class=\"read-more-wrapper\"><a class=\"read-more-button\" data-target=\"read-more-69f648d2ebbd0\" data-more-text=\"Read more\" data-less-text=\"Read less\"><span class=\"read-more-text\">Read more<\/span><\/a><div id=\"read-more-69f648d2ebbd0\" class=\"read-more-content\"> <\/span>Au r\u00e9veil, installez-vous \u00e0 la table pour petit-d\u00e9jeuner en plein air, savourez votre caf\u00e9 matinal tout en respirant le d\u00e9licieux parfum des raisins venant de la vigne. Plongez dans la piscine scintillante pour quelques longueurs avant de vous pr\u00e9lasser au bord de l&#8217;eau, lov\u00e9s au milieu de la v\u00e9g\u00e9tation luxuriante du jardin sur\u00e9lev\u00e9. L&#8217;apr\u00e8s-midi, profitez des activit\u00e9s agricoles que vous propose la Villa Uvetta et r\u00e9galez vos papilles lors d&#8217;une d\u00e9gustation de vins locaux et biologiques, dont les saveurs danseront sur votre palais. En soir\u00e9e, d\u00e9tendez-vous en faisant une partie de billard amicale avant de partager un d\u00e9licieux repas barbecue, en compagnie de vos convives sous un ciel \u00e9toil\u00e9.<\/div><\/div><\/p>","protected":false},"excerpt":{"rendered":"<p>Situ\u00e9e au c\u0153ur de la Toscane et entour\u00e9e de vignobles luxuriants, la Villa Uvetta est un v\u00e9ritable r\u00eave champ\u00eatre. Charg\u00e9e&#8230;<\/p>","protected":false},"featured_media":46557,"comment_status":"open","ping_status":"closed","template":"","meta":{"_acf_changed":false},"product_brand":[],"product_cat":[15],"product_tag":[],"class_list":{"0":"post-46512","1":"product","2":"type-product","3":"status-publish","4":"has-post-thumbnail","6":"product_cat-villa","7":"property_location-italie","8":"property_location-toscane","10":"first","11":"instock","12":"sold-individually","13":"shipping-taxable","14":"purchasable","15":"product-type-simple"},"acf":[],"yoast_head":"<!-- This site is optimized with the Yoast SEO plugin v26.6 - https:\/\/yoast.com\/wordpress\/plugins\/seo\/ -->\n<title>Villa Uvetta, Forcoli, Toscane, Italie - S\u00e9jour Priv\u00e9<\/title>\n<meta name=\"description\" content=\"Situ\u00e9e au c\u0153ur de la Toscane et entour\u00e9e de vignobles luxuriants, la Villa Uvetta est un v\u00e9ritable r\u00eave champ\u00eatre. Charg\u00e9e d&#039;une histoire prestigieuse,\" \/>\n<meta name=\"robots\" content=\"index, follow, max-snippet:-1, max-image-preview:large, max-video-preview:-1\" \/>\n<link rel=\"canonical\" href=\"https:\/\/www.sejourprive.com\/en\/biens\/villa-uvetta-forcoli-toscane-italie\/\" \/>\n<meta property=\"og:locale\" content=\"en_GB\" \/>\n<meta property=\"og:type\" content=\"article\" \/>\n<meta property=\"og:title\" content=\"Villa Uvetta, Forcoli, Toscane, Italie - S\u00e9jour Priv\u00e9\" \/>\n<meta property=\"og:description\" content=\"Situ\u00e9e au c\u0153ur de la Toscane et entour\u00e9e de vignobles luxuriants, la Villa Uvetta est un v\u00e9ritable r\u00eave champ\u00eatre. Charg\u00e9e d&#039;une histoire prestigieuse,\" \/>\n<meta property=\"og:url\" content=\"https:\/\/www.sejourprive.com\/en\/biens\/villa-uvetta-forcoli-toscane-italie\/\" \/>\n<meta property=\"og:site_name\" content=\"S\u00e9jour Priv\u00e9\" \/>\n<meta property=\"og:image\" content=\"https:\/\/www.sejourprive.com\/wp-content\/uploads\/2026\/03\/0-118.jpg\" \/>\n\t<meta property=\"og:image:width\" content=\"1200\" \/>\n\t<meta property=\"og:image:height\" content=\"899\" \/>\n\t<meta property=\"og:image:type\" content=\"image\/jpeg\" \/>\n<meta name=\"twitter:card\" content=\"summary_large_image\" \/>\n<meta name=\"twitter:label1\" content=\"Estimated reading time\" \/>\n\t<meta name=\"twitter:data1\" content=\"2 minutes\" \/>\n<script type=\"application\/ld+json\" class=\"yoast-schema-graph\">{\"@context\":\"https:\/\/schema.org\",\"@graph\":[{\"@type\":\"WebPage\",\"@id\":\"https:\/\/www.sejourprive.com\/biens\/villa-uvetta-forcoli-toscane-italie\/\",\"url\":\"https:\/\/www.sejourprive.com\/biens\/villa-uvetta-forcoli-toscane-italie\/\",\"name\":\"Villa Uvetta, Forcoli, Toscane, Italie - S\u00e9jour Priv\u00e9\",\"isPartOf\":{\"@id\":\"https:\/\/www.sejourprive.com\/#website\"},\"primaryImageOfPage\":{\"@id\":\"https:\/\/www.sejourprive.com\/biens\/villa-uvetta-forcoli-toscane-italie\/#primaryimage\"},\"image\":{\"@id\":\"https:\/\/www.sejourprive.com\/biens\/villa-uvetta-forcoli-toscane-italie\/#primaryimage\"},\"thumbnailUrl\":\"https:\/\/www.sejourprive.com\/wp-content\/uploads\/2026\/03\/0-118.jpg\",\"datePublished\":\"2026-03-13T13:36:28+00:00\",\"description\":\"Situ\u00e9e au c\u0153ur de la Toscane et entour\u00e9e de vignobles luxuriants, la Villa Uvetta est un v\u00e9ritable r\u00eave champ\u00eatre. Charg\u00e9e d'une histoire prestigieuse,\",\"breadcrumb\":{\"@id\":\"https:\/\/www.sejourprive.com\/biens\/villa-uvetta-forcoli-toscane-italie\/#breadcrumb\"},\"inLanguage\":\"en-GB\",\"potentialAction\":[{\"@type\":\"ReadAction\",\"target\":[\"https:\/\/www.sejourprive.com\/biens\/villa-uvetta-forcoli-toscane-italie\/\"]}]},{\"@type\":\"ImageObject\",\"inLanguage\":\"en-GB\",\"@id\":\"https:\/\/www.sejourprive.com\/biens\/villa-uvetta-forcoli-toscane-italie\/#primaryimage\",\"url\":\"https:\/\/www.sejourprive.com\/wp-content\/uploads\/2026\/03\/0-118.jpg\",\"contentUrl\":\"https:\/\/www.sejourprive.com\/wp-content\/uploads\/2026\/03\/0-118.jpg\",\"width\":1200,\"height\":899},{\"@type\":\"BreadcrumbList\",\"@id\":\"https:\/\/www.sejourprive.com\/biens\/villa-uvetta-forcoli-toscane-italie\/#breadcrumb\",\"itemListElement\":[{\"@type\":\"ListItem\",\"position\":1,\"name\":\"Accueil\",\"item\":\"https:\/\/www.sejourprive.com\/\"},{\"@type\":\"ListItem\",\"position\":2,\"name\":\"Shop\",\"item\":\"https:\/\/www.sejourprive.com\/shop\/\"},{\"@type\":\"ListItem\",\"position\":3,\"name\":\"Villa Uvetta, Forcoli, Toscane, Italie\"}]},{\"@type\":\"WebSite\",\"@id\":\"https:\/\/www.sejourprive.com\/#website\",\"url\":\"https:\/\/www.sejourprive.com\/\",\"name\":\"S\u00e9jour Priv\u00e9\",\"description\":\"Nous imaginons pour vous des s\u00e9jours d\u2019exception.\",\"publisher\":{\"@id\":\"https:\/\/www.sejourprive.com\/#organization\"},\"potentialAction\":[{\"@type\":\"SearchAction\",\"target\":{\"@type\":\"EntryPoint\",\"urlTemplate\":\"https:\/\/www.sejourprive.com\/?s={search_term_string}\"},\"query-input\":{\"@type\":\"PropertyValueSpecification\",\"valueRequired\":true,\"valueName\":\"search_term_string\"}}],\"inLanguage\":\"en-GB\"},{\"@type\":\"Organization\",\"@id\":\"https:\/\/www.sejourprive.com\/#organization\",\"name\":\"S\u00e9jour Priv\u00e9\",\"url\":\"https:\/\/www.sejourprive.com\/\",\"logo\":{\"@type\":\"ImageObject\",\"inLanguage\":\"en-GB\",\"@id\":\"https:\/\/www.sejourprive.com\/#\/schema\/logo\/image\/\",\"url\":\"https:\/\/www.sejourprive.com\/wp-content\/uploads\/2026\/02\/SP-Apple-touch-144-couleur-1-2.png\",\"contentUrl\":\"https:\/\/www.sejourprive.com\/wp-content\/uploads\/2026\/02\/SP-Apple-touch-144-couleur-1-2.png\",\"width\":145,\"height\":145,\"caption\":\"S\u00e9jour Priv\u00e9\"},\"image\":{\"@id\":\"https:\/\/www.sejourprive.com\/#\/schema\/logo\/image\/\"}}]}<\/script>\n<!-- \/ Yoast SEO plugin. -->","yoast_head_json":{"title":"Villa Uvetta, Forcoli, Toscane, Italie - S\u00e9jour Priv\u00e9","description":"Situ\u00e9e au c\u0153ur de la Toscane et entour\u00e9e de vignobles luxuriants, la Villa Uvetta est un v\u00e9ritable r\u00eave champ\u00eatre. Charg\u00e9e d'une histoire prestigieuse,","robots":{"index":"index","follow":"follow","max-snippet":"max-snippet:-1","max-image-preview":"max-image-preview:large","max-video-preview":"max-video-preview:-1"},"canonical":"https:\/\/www.sejourprive.com\/en\/biens\/villa-uvetta-forcoli-toscane-italie\/","og_locale":"en_GB","og_type":"article","og_title":"Villa Uvetta, Forcoli, Toscane, Italie - S\u00e9jour Priv\u00e9","og_description":"Situ\u00e9e au c\u0153ur de la Toscane et entour\u00e9e de vignobles luxuriants, la Villa Uvetta est un v\u00e9ritable r\u00eave champ\u00eatre. Charg\u00e9e d'une histoire prestigieuse,","og_url":"https:\/\/www.sejourprive.com\/en\/biens\/villa-uvetta-forcoli-toscane-italie\/","og_site_name":"S\u00e9jour Priv\u00e9","og_image":[{"width":1200,"height":899,"url":"https:\/\/www.sejourprive.com\/wp-content\/uploads\/2026\/03\/0-118.jpg","type":"image\/jpeg"}],"twitter_card":"summary_large_image","twitter_misc":{"Estimated reading time":"2 minutes"},"schema":{"@context":"https:\/\/schema.org","@graph":[{"@type":"WebPage","@id":"https:\/\/www.sejourprive.com\/biens\/villa-uvetta-forcoli-toscane-italie\/","url":"https:\/\/www.sejourprive.com\/biens\/villa-uvetta-forcoli-toscane-italie\/","name":"Villa Uvetta, Forcoli, Toscane, Italie - S\u00e9jour Priv\u00e9","isPartOf":{"@id":"https:\/\/www.sejourprive.com\/#website"},"primaryImageOfPage":{"@id":"https:\/\/www.sejourprive.com\/biens\/villa-uvetta-forcoli-toscane-italie\/#primaryimage"},"image":{"@id":"https:\/\/www.sejourprive.com\/biens\/villa-uvetta-forcoli-toscane-italie\/#primaryimage"},"thumbnailUrl":"https:\/\/www.sejourprive.com\/wp-content\/uploads\/2026\/03\/0-118.jpg","datePublished":"2026-03-13T13:36:28+00:00","description":"Situ\u00e9e au c\u0153ur de la Toscane et entour\u00e9e de vignobles luxuriants, la Villa Uvetta est un v\u00e9ritable r\u00eave champ\u00eatre. Charg\u00e9e d'une histoire prestigieuse,","breadcrumb":{"@id":"https:\/\/www.sejourprive.com\/biens\/villa-uvetta-forcoli-toscane-italie\/#breadcrumb"},"inLanguage":"en-GB","potentialAction":[{"@type":"ReadAction","target":["https:\/\/www.sejourprive.com\/biens\/villa-uvetta-forcoli-toscane-italie\/"]}]},{"@type":"ImageObject","inLanguage":"en-GB","@id":"https:\/\/www.sejourprive.com\/biens\/villa-uvetta-forcoli-toscane-italie\/#primaryimage","url":"https:\/\/www.sejourprive.com\/wp-content\/uploads\/2026\/03\/0-118.jpg","contentUrl":"https:\/\/www.sejourprive.com\/wp-content\/uploads\/2026\/03\/0-118.jpg","width":1200,"height":899},{"@type":"BreadcrumbList","@id":"https:\/\/www.sejourprive.com\/biens\/villa-uvetta-forcoli-toscane-italie\/#breadcrumb","itemListElement":[{"@type":"ListItem","position":1,"name":"Accueil","item":"https:\/\/www.sejourprive.com\/"},{"@type":"ListItem","position":2,"name":"Shop","item":"https:\/\/www.sejourprive.com\/shop\/"},{"@type":"ListItem","position":3,"name":"Villa Uvetta, Forcoli, Toscane, Italie"}]},{"@type":"WebSite","@id":"https:\/\/www.sejourprive.com\/#website","url":"https:\/\/www.sejourprive.com\/","name":"Private Stay","description":"We design exceptional holidays for you.","publisher":{"@id":"https:\/\/www.sejourprive.com\/#organization"},"potentialAction":[{"@type":"SearchAction","target":{"@type":"EntryPoint","urlTemplate":"https:\/\/www.sejourprive.com\/?s={search_term_string}"},"query-input":{"@type":"PropertyValueSpecification","valueRequired":true,"valueName":"search_term_string"}}],"inLanguage":"en-GB"},{"@type":"Organization","@id":"https:\/\/www.sejourprive.com\/#organization","name":"Private Stay","url":"https:\/\/www.sejourprive.com\/","logo":{"@type":"ImageObject","inLanguage":"en-GB","@id":"https:\/\/www.sejourprive.com\/#\/schema\/logo\/image\/","url":"https:\/\/www.sejourprive.com\/wp-content\/uploads\/2026\/02\/SP-Apple-touch-144-couleur-1-2.png","contentUrl":"https:\/\/www.sejourprive.com\/wp-content\/uploads\/2026\/02\/SP-Apple-touch-144-couleur-1-2.png","width":145,"height":145,"caption":"S\u00e9jour Priv\u00e9"},"image":{"@id":"https:\/\/www.sejourprive.com\/#\/schema\/logo\/image\/"}}]}},"_links":{"self":[{"href":"https:\/\/www.sejourprive.com\/en\/wp-json\/wp\/v2\/product\/46512","targetHints":{"allow":["GET"]}}],"collection":[{"href":"https:\/\/www.sejourprive.com\/en\/wp-json\/wp\/v2\/product"}],"about":[{"href":"https:\/\/www.sejourprive.com\/en\/wp-json\/wp\/v2\/types\/product"}],"replies":[{"embeddable":true,"href":"https:\/\/www.sejourprive.com\/en\/wp-json\/wp\/v2\/comments?post=46512"}],"version-history":[{"count":0,"href":"https:\/\/www.sejourprive.com\/en\/wp-json\/wp\/v2\/product\/46512\/revisions"}],"wp:featuredmedia":[{"embeddable":true,"href":"https:\/\/www.sejourprive.com\/en\/wp-json\/wp\/v2\/media\/46557"}],"wp:attachment":[{"href":"https:\/\/www.sejourprive.com\/en\/wp-json\/wp\/v2\/media?parent=46512"}],"wp:term":[{"taxonomy":"product_brand","embeddable":true,"href":"https:\/\/www.sejourprive.com\/en\/wp-json\/wp\/v2\/product_brand?post=46512"},{"taxonomy":"product_cat","embeddable":true,"href":"https:\/\/www.sejourprive.com\/en\/wp-json\/wp\/v2\/product_cat?post=46512"},{"taxonomy":"product_tag","embeddable":true,"href":"https:\/\/www.sejourprive.com\/en\/wp-json\/wp\/v2\/product_tag?post=46512"}],"curies":[{"name":"wp","href":"https:\/\/api.w.org\/{rel}","templated":true}]}}