{"id":46205,"date":"2026-03-13T11:54:35","date_gmt":"2026-03-13T10:54:35","guid":{"rendered":"https:\/\/www.sejourprive.com\/?post_type=product&#038;p=46205"},"modified":"2026-03-13T14:26:16","modified_gmt":"2026-03-13T13:26:16","slug":"villa-salvatore-anacapri-italie","status":"publish","type":"product","link":"https:\/\/www.sejourprive.com\/en\/biens\/villa-salvatore-anacapri-italie\/","title":{"rendered":"Villa Salvatore, Anacapri, Italy"},"content":{"rendered":"<p>Surplombant les arbres qui s&#8217;\u00e9tendent jusqu&#8217;\u00e0 la mer, la Villa Salvatore est une parfaite oasis \u00e0 Capri. Son architecture unique m\u00e9lange touches traditionnelles et esprit moderne pour cr\u00e9er une atmosph\u00e8re joyeuse et ludique, et les vues depuis le jardin sont incomparables.<\/p>\n<p><span><div class=\"read-more-wrapper\"><a class=\"read-more-button\" data-target=\"read-more-69f3a2bc6a1d8\" data-more-text=\"Read more\" data-less-text=\"Read less\"><span class=\"read-more-text\">Read more<\/span><\/a><div id=\"read-more-69f3a2bc6a1d8\" class=\"read-more-content\"> <\/span>Commencez votre journ\u00e9e par un savoureux petit-d\u00e9jeuner sur la terrasse, puis partez \u00e0 la d\u00e9couverte des luxuriants jardins du domaine. Ensuite, direction le centre-ville pour un d\u00e9jeuner traditionnel, puis rentrez \u00e0 la maison pour vous pr\u00e9lasser au bord de la piscine en profitant du soleil d&#8217;\u00e9t\u00e9. Le soir, allumez le barbecue et rassemblez les troupes pour un d\u00e9licieux repas fait maison !<\/div><\/div><\/p>","protected":false},"excerpt":{"rendered":"<p>Surplombant les arbres qui s&#8217;\u00e9tendent jusqu&#8217;\u00e0 la mer, la Villa Salvatore est une parfaite oasis \u00e0 Capri. Son architecture unique&#8230;<\/p>","protected":false},"featured_media":46263,"comment_status":"open","ping_status":"closed","template":"","meta":{"_acf_changed":false},"product_brand":[],"product_cat":[15],"product_tag":[],"class_list":{"0":"post-46205","1":"product","2":"type-product","3":"status-publish","4":"has-post-thumbnail","6":"product_cat-villa","7":"property_location-amalfi","8":"property_location-italie","10":"first","11":"instock","12":"sold-individually","13":"shipping-taxable","14":"purchasable","15":"product-type-simple"},"acf":[],"yoast_head":"<!-- This site is optimized with the Yoast SEO plugin v26.6 - https:\/\/yoast.com\/wordpress\/plugins\/seo\/ -->\n<title>Villa Salvatore, Anacapri, Italie - S\u00e9jour Priv\u00e9<\/title>\n<meta name=\"description\" content=\"Surplombant les arbres qui s&#039;\u00e9tendent jusqu&#039;\u00e0 la mer, la Villa Salvatore est une parfaite oasis \u00e0 Capri. Son architecture unique m\u00e9lange touches\" \/>\n<meta name=\"robots\" content=\"index, follow, max-snippet:-1, max-image-preview:large, max-video-preview:-1\" \/>\n<link rel=\"canonical\" href=\"https:\/\/www.sejourprive.com\/en\/biens\/villa-salvatore-anacapri-italie\/\" \/>\n<meta property=\"og:locale\" content=\"en_GB\" \/>\n<meta property=\"og:type\" content=\"article\" \/>\n<meta property=\"og:title\" content=\"Villa Salvatore, Anacapri, Italie - S\u00e9jour Priv\u00e9\" \/>\n<meta property=\"og:description\" content=\"Surplombant les arbres qui s&#039;\u00e9tendent jusqu&#039;\u00e0 la mer, la Villa Salvatore est une parfaite oasis \u00e0 Capri. Son architecture unique m\u00e9lange touches\" \/>\n<meta property=\"og:url\" content=\"https:\/\/www.sejourprive.com\/en\/biens\/villa-salvatore-anacapri-italie\/\" \/>\n<meta property=\"og:site_name\" content=\"S\u00e9jour Priv\u00e9\" \/>\n<meta property=\"article:modified_time\" content=\"2026-03-13T13:26:16+00:00\" \/>\n<meta property=\"og:image\" content=\"https:\/\/www.sejourprive.com\/wp-content\/uploads\/2026\/03\/0-111.jpg\" \/>\n\t<meta property=\"og:image:width\" content=\"1200\" \/>\n\t<meta property=\"og:image:height\" content=\"801\" \/>\n\t<meta property=\"og:image:type\" content=\"image\/jpeg\" \/>\n<meta name=\"twitter:card\" content=\"summary_large_image\" \/>\n<meta name=\"twitter:label1\" content=\"Estimated reading time\" \/>\n\t<meta name=\"twitter:data1\" content=\"1 minute\" \/>\n<script type=\"application\/ld+json\" class=\"yoast-schema-graph\">{\"@context\":\"https:\/\/schema.org\",\"@graph\":[{\"@type\":\"WebPage\",\"@id\":\"https:\/\/www.sejourprive.com\/biens\/villa-salvatore-anacapri-italie\/\",\"url\":\"https:\/\/www.sejourprive.com\/biens\/villa-salvatore-anacapri-italie\/\",\"name\":\"Villa Salvatore, Anacapri, Italie - S\u00e9jour Priv\u00e9\",\"isPartOf\":{\"@id\":\"https:\/\/www.sejourprive.com\/#website\"},\"primaryImageOfPage\":{\"@id\":\"https:\/\/www.sejourprive.com\/biens\/villa-salvatore-anacapri-italie\/#primaryimage\"},\"image\":{\"@id\":\"https:\/\/www.sejourprive.com\/biens\/villa-salvatore-anacapri-italie\/#primaryimage\"},\"thumbnailUrl\":\"https:\/\/www.sejourprive.com\/wp-content\/uploads\/2026\/03\/0-111.jpg\",\"datePublished\":\"2026-03-13T10:54:35+00:00\",\"dateModified\":\"2026-03-13T13:26:16+00:00\",\"description\":\"Surplombant les arbres qui s'\u00e9tendent jusqu'\u00e0 la mer, la Villa Salvatore est une parfaite oasis \u00e0 Capri. Son architecture unique m\u00e9lange touches\",\"breadcrumb\":{\"@id\":\"https:\/\/www.sejourprive.com\/biens\/villa-salvatore-anacapri-italie\/#breadcrumb\"},\"inLanguage\":\"en-GB\",\"potentialAction\":[{\"@type\":\"ReadAction\",\"target\":[\"https:\/\/www.sejourprive.com\/biens\/villa-salvatore-anacapri-italie\/\"]}]},{\"@type\":\"ImageObject\",\"inLanguage\":\"en-GB\",\"@id\":\"https:\/\/www.sejourprive.com\/biens\/villa-salvatore-anacapri-italie\/#primaryimage\",\"url\":\"https:\/\/www.sejourprive.com\/wp-content\/uploads\/2026\/03\/0-111.jpg\",\"contentUrl\":\"https:\/\/www.sejourprive.com\/wp-content\/uploads\/2026\/03\/0-111.jpg\",\"width\":1200,\"height\":801},{\"@type\":\"BreadcrumbList\",\"@id\":\"https:\/\/www.sejourprive.com\/biens\/villa-salvatore-anacapri-italie\/#breadcrumb\",\"itemListElement\":[{\"@type\":\"ListItem\",\"position\":1,\"name\":\"Accueil\",\"item\":\"https:\/\/www.sejourprive.com\/\"},{\"@type\":\"ListItem\",\"position\":2,\"name\":\"Shop\",\"item\":\"https:\/\/www.sejourprive.com\/shop\/\"},{\"@type\":\"ListItem\",\"position\":3,\"name\":\"Villa Salvatore, Anacapri, Italie\"}]},{\"@type\":\"WebSite\",\"@id\":\"https:\/\/www.sejourprive.com\/#website\",\"url\":\"https:\/\/www.sejourprive.com\/\",\"name\":\"S\u00e9jour Priv\u00e9\",\"description\":\"Nous imaginons pour vous des s\u00e9jours d\u2019exception.\",\"publisher\":{\"@id\":\"https:\/\/www.sejourprive.com\/#organization\"},\"potentialAction\":[{\"@type\":\"SearchAction\",\"target\":{\"@type\":\"EntryPoint\",\"urlTemplate\":\"https:\/\/www.sejourprive.com\/?s={search_term_string}\"},\"query-input\":{\"@type\":\"PropertyValueSpecification\",\"valueRequired\":true,\"valueName\":\"search_term_string\"}}],\"inLanguage\":\"en-GB\"},{\"@type\":\"Organization\",\"@id\":\"https:\/\/www.sejourprive.com\/#organization\",\"name\":\"S\u00e9jour Priv\u00e9\",\"url\":\"https:\/\/www.sejourprive.com\/\",\"logo\":{\"@type\":\"ImageObject\",\"inLanguage\":\"en-GB\",\"@id\":\"https:\/\/www.sejourprive.com\/#\/schema\/logo\/image\/\",\"url\":\"https:\/\/www.sejourprive.com\/wp-content\/uploads\/2026\/02\/SP-Apple-touch-144-couleur-1-2.png\",\"contentUrl\":\"https:\/\/www.sejourprive.com\/wp-content\/uploads\/2026\/02\/SP-Apple-touch-144-couleur-1-2.png\",\"width\":145,\"height\":145,\"caption\":\"S\u00e9jour Priv\u00e9\"},\"image\":{\"@id\":\"https:\/\/www.sejourprive.com\/#\/schema\/logo\/image\/\"}}]}<\/script>\n<!-- \/ Yoast SEO plugin. -->","yoast_head_json":{"title":"Villa Salvatore, Anacapri, Italie - S\u00e9jour Priv\u00e9","description":"Surplombant les arbres qui s'\u00e9tendent jusqu'\u00e0 la mer, la Villa Salvatore est une parfaite oasis \u00e0 Capri. Son architecture unique m\u00e9lange touches","robots":{"index":"index","follow":"follow","max-snippet":"max-snippet:-1","max-image-preview":"max-image-preview:large","max-video-preview":"max-video-preview:-1"},"canonical":"https:\/\/www.sejourprive.com\/en\/biens\/villa-salvatore-anacapri-italie\/","og_locale":"en_GB","og_type":"article","og_title":"Villa Salvatore, Anacapri, Italie - S\u00e9jour Priv\u00e9","og_description":"Surplombant les arbres qui s'\u00e9tendent jusqu'\u00e0 la mer, la Villa Salvatore est une parfaite oasis \u00e0 Capri. Son architecture unique m\u00e9lange touches","og_url":"https:\/\/www.sejourprive.com\/en\/biens\/villa-salvatore-anacapri-italie\/","og_site_name":"S\u00e9jour Priv\u00e9","article_modified_time":"2026-03-13T13:26:16+00:00","og_image":[{"width":1200,"height":801,"url":"https:\/\/www.sejourprive.com\/wp-content\/uploads\/2026\/03\/0-111.jpg","type":"image\/jpeg"}],"twitter_card":"summary_large_image","twitter_misc":{"Estimated reading time":"1 minute"},"schema":{"@context":"https:\/\/schema.org","@graph":[{"@type":"WebPage","@id":"https:\/\/www.sejourprive.com\/biens\/villa-salvatore-anacapri-italie\/","url":"https:\/\/www.sejourprive.com\/biens\/villa-salvatore-anacapri-italie\/","name":"Villa Salvatore, Anacapri, Italie - S\u00e9jour Priv\u00e9","isPartOf":{"@id":"https:\/\/www.sejourprive.com\/#website"},"primaryImageOfPage":{"@id":"https:\/\/www.sejourprive.com\/biens\/villa-salvatore-anacapri-italie\/#primaryimage"},"image":{"@id":"https:\/\/www.sejourprive.com\/biens\/villa-salvatore-anacapri-italie\/#primaryimage"},"thumbnailUrl":"https:\/\/www.sejourprive.com\/wp-content\/uploads\/2026\/03\/0-111.jpg","datePublished":"2026-03-13T10:54:35+00:00","dateModified":"2026-03-13T13:26:16+00:00","description":"Surplombant les arbres qui s'\u00e9tendent jusqu'\u00e0 la mer, la Villa Salvatore est une parfaite oasis \u00e0 Capri. Son architecture unique m\u00e9lange touches","breadcrumb":{"@id":"https:\/\/www.sejourprive.com\/biens\/villa-salvatore-anacapri-italie\/#breadcrumb"},"inLanguage":"en-GB","potentialAction":[{"@type":"ReadAction","target":["https:\/\/www.sejourprive.com\/biens\/villa-salvatore-anacapri-italie\/"]}]},{"@type":"ImageObject","inLanguage":"en-GB","@id":"https:\/\/www.sejourprive.com\/biens\/villa-salvatore-anacapri-italie\/#primaryimage","url":"https:\/\/www.sejourprive.com\/wp-content\/uploads\/2026\/03\/0-111.jpg","contentUrl":"https:\/\/www.sejourprive.com\/wp-content\/uploads\/2026\/03\/0-111.jpg","width":1200,"height":801},{"@type":"BreadcrumbList","@id":"https:\/\/www.sejourprive.com\/biens\/villa-salvatore-anacapri-italie\/#breadcrumb","itemListElement":[{"@type":"ListItem","position":1,"name":"Accueil","item":"https:\/\/www.sejourprive.com\/"},{"@type":"ListItem","position":2,"name":"Shop","item":"https:\/\/www.sejourprive.com\/shop\/"},{"@type":"ListItem","position":3,"name":"Villa Salvatore, Anacapri, Italie"}]},{"@type":"WebSite","@id":"https:\/\/www.sejourprive.com\/#website","url":"https:\/\/www.sejourprive.com\/","name":"Private Stay","description":"We design exceptional holidays for you.","publisher":{"@id":"https:\/\/www.sejourprive.com\/#organization"},"potentialAction":[{"@type":"SearchAction","target":{"@type":"EntryPoint","urlTemplate":"https:\/\/www.sejourprive.com\/?s={search_term_string}"},"query-input":{"@type":"PropertyValueSpecification","valueRequired":true,"valueName":"search_term_string"}}],"inLanguage":"en-GB"},{"@type":"Organization","@id":"https:\/\/www.sejourprive.com\/#organization","name":"Private Stay","url":"https:\/\/www.sejourprive.com\/","logo":{"@type":"ImageObject","inLanguage":"en-GB","@id":"https:\/\/www.sejourprive.com\/#\/schema\/logo\/image\/","url":"https:\/\/www.sejourprive.com\/wp-content\/uploads\/2026\/02\/SP-Apple-touch-144-couleur-1-2.png","contentUrl":"https:\/\/www.sejourprive.com\/wp-content\/uploads\/2026\/02\/SP-Apple-touch-144-couleur-1-2.png","width":145,"height":145,"caption":"S\u00e9jour Priv\u00e9"},"image":{"@id":"https:\/\/www.sejourprive.com\/#\/schema\/logo\/image\/"}}]}},"_links":{"self":[{"href":"https:\/\/www.sejourprive.com\/en\/wp-json\/wp\/v2\/product\/46205","targetHints":{"allow":["GET"]}}],"collection":[{"href":"https:\/\/www.sejourprive.com\/en\/wp-json\/wp\/v2\/product"}],"about":[{"href":"https:\/\/www.sejourprive.com\/en\/wp-json\/wp\/v2\/types\/product"}],"replies":[{"embeddable":true,"href":"https:\/\/www.sejourprive.com\/en\/wp-json\/wp\/v2\/comments?post=46205"}],"version-history":[{"count":0,"href":"https:\/\/www.sejourprive.com\/en\/wp-json\/wp\/v2\/product\/46205\/revisions"}],"wp:featuredmedia":[{"embeddable":true,"href":"https:\/\/www.sejourprive.com\/en\/wp-json\/wp\/v2\/media\/46263"}],"wp:attachment":[{"href":"https:\/\/www.sejourprive.com\/en\/wp-json\/wp\/v2\/media?parent=46205"}],"wp:term":[{"taxonomy":"product_brand","embeddable":true,"href":"https:\/\/www.sejourprive.com\/en\/wp-json\/wp\/v2\/product_brand?post=46205"},{"taxonomy":"product_cat","embeddable":true,"href":"https:\/\/www.sejourprive.com\/en\/wp-json\/wp\/v2\/product_cat?post=46205"},{"taxonomy":"product_tag","embeddable":true,"href":"https:\/\/www.sejourprive.com\/en\/wp-json\/wp\/v2\/product_tag?post=46205"}],"curies":[{"name":"wp","href":"https:\/\/api.w.org\/{rel}","templated":true}]}}