{"id":45783,"date":"2026-03-11T16:28:18","date_gmt":"2026-03-11T15:28:18","guid":{"rendered":"https:\/\/www.sejourprive.com\/?post_type=product&#038;p=45783"},"modified":"2026-03-11T16:28:18","modified_gmt":"2026-03-11T15:28:18","slug":"villa-castellina-castellina-in-chianti-sienne-toscane-italie","status":"publish","type":"product","link":"https:\/\/www.sejourprive.com\/en\/biens\/villa-castellina-castellina-in-chianti-sienne-toscane-italie\/","title":{"rendered":"Villa Castellina, Castellina in Chianti, Siena, Tuscany, Italy"},"content":{"rendered":"<p>La Villa Castellina, dans la province de Sienne, est un refuge toscan raffin\u00e9 qui incarne tout le charme de la r\u00e9gion. Avec son architecture toscane classique et son magnifique jardin, cette villa offre une exp\u00e9rience italienne authentique.<span><div class=\"read-more-wrapper\"><a class=\"read-more-button\" data-target=\"read-more-69f38a2a163c0\" data-more-text=\"Read more\" data-less-text=\"Read less\"><span class=\"read-more-text\">Read more<\/span><\/a><div id=\"read-more-69f38a2a163c0\" class=\"read-more-content\"> <\/span><\/p>\n<p>Commencez votre journ\u00e9e en d\u00e9gustant un caf\u00e9 tout en admirant le paysage enchanteur de la Toscane. Passez votre journ\u00e9e \u00e0 explorer la campagne pittoresque, peut-\u00eatre en vous offrant une d\u00e9gustation de vins, et au coucher du soleil, r\u00e9unissez-vous dans la romantique salle \u00e0 manger en plein air pour un somptueux festin italien, qui viendra couronner une journ\u00e9e parfaite.<br \/>\n<\/div><\/div><\/p>","protected":false},"excerpt":{"rendered":"<p>La Villa Castellina, dans la province de Sienne, est un refuge toscan raffin\u00e9 qui incarne tout le charme de la&#8230;<\/p>","protected":false},"featured_media":45787,"comment_status":"open","ping_status":"closed","template":"","meta":{"_acf_changed":false},"product_brand":[],"product_cat":[15],"product_tag":[],"class_list":{"0":"post-45783","1":"product","2":"type-product","3":"status-publish","4":"has-post-thumbnail","6":"product_cat-villa","7":"property_location-italie","8":"property_location-toscane","10":"first","11":"instock","12":"sold-individually","13":"shipping-taxable","14":"purchasable","15":"product-type-simple"},"acf":[],"yoast_head":"<!-- This site is optimized with the Yoast SEO plugin v26.6 - https:\/\/yoast.com\/wordpress\/plugins\/seo\/ -->\n<title>Villa Castellina, Castellina in Chianti, Sienne, Toscane, Italie - S\u00e9jour Priv\u00e9<\/title>\n<meta name=\"description\" content=\"La Villa Castellina, dans la province de Sienne, est un refuge toscan raffin\u00e9 qui incarne tout le charme de la r\u00e9gion. Avec son architecture toscane\" \/>\n<meta name=\"robots\" content=\"index, follow, max-snippet:-1, max-image-preview:large, max-video-preview:-1\" \/>\n<link rel=\"canonical\" href=\"https:\/\/www.sejourprive.com\/en\/biens\/villa-castellina-castellina-in-chianti-sienne-toscane-italie\/\" \/>\n<meta property=\"og:locale\" content=\"en_GB\" \/>\n<meta property=\"og:type\" content=\"article\" \/>\n<meta property=\"og:title\" content=\"Villa Castellina, Castellina in Chianti, Sienne, Toscane, Italie - S\u00e9jour Priv\u00e9\" \/>\n<meta property=\"og:description\" content=\"La Villa Castellina, dans la province de Sienne, est un refuge toscan raffin\u00e9 qui incarne tout le charme de la r\u00e9gion. Avec son architecture toscane\" \/>\n<meta property=\"og:url\" content=\"https:\/\/www.sejourprive.com\/en\/biens\/villa-castellina-castellina-in-chianti-sienne-toscane-italie\/\" \/>\n<meta property=\"og:site_name\" content=\"S\u00e9jour Priv\u00e9\" \/>\n<meta property=\"og:image\" content=\"https:\/\/www.sejourprive.com\/wp-content\/uploads\/2026\/03\/0-100.jpg\" \/>\n\t<meta property=\"og:image:width\" content=\"1200\" \/>\n\t<meta property=\"og:image:height\" content=\"900\" \/>\n\t<meta property=\"og:image:type\" content=\"image\/jpeg\" \/>\n<meta name=\"twitter:card\" content=\"summary_large_image\" \/>\n<meta name=\"twitter:label1\" content=\"Estimated reading time\" \/>\n\t<meta name=\"twitter:data1\" content=\"1 minute\" \/>\n<script type=\"application\/ld+json\" class=\"yoast-schema-graph\">{\"@context\":\"https:\/\/schema.org\",\"@graph\":[{\"@type\":\"WebPage\",\"@id\":\"https:\/\/www.sejourprive.com\/biens\/villa-castellina-castellina-in-chianti-sienne-toscane-italie\/\",\"url\":\"https:\/\/www.sejourprive.com\/biens\/villa-castellina-castellina-in-chianti-sienne-toscane-italie\/\",\"name\":\"Villa Castellina, Castellina in Chianti, Sienne, Toscane, Italie - S\u00e9jour Priv\u00e9\",\"isPartOf\":{\"@id\":\"https:\/\/www.sejourprive.com\/#website\"},\"primaryImageOfPage\":{\"@id\":\"https:\/\/www.sejourprive.com\/biens\/villa-castellina-castellina-in-chianti-sienne-toscane-italie\/#primaryimage\"},\"image\":{\"@id\":\"https:\/\/www.sejourprive.com\/biens\/villa-castellina-castellina-in-chianti-sienne-toscane-italie\/#primaryimage\"},\"thumbnailUrl\":\"https:\/\/www.sejourprive.com\/wp-content\/uploads\/2026\/03\/0-100.jpg\",\"datePublished\":\"2026-03-11T15:28:18+00:00\",\"description\":\"La Villa Castellina, dans la province de Sienne, est un refuge toscan raffin\u00e9 qui incarne tout le charme de la r\u00e9gion. Avec son architecture toscane\",\"breadcrumb\":{\"@id\":\"https:\/\/www.sejourprive.com\/biens\/villa-castellina-castellina-in-chianti-sienne-toscane-italie\/#breadcrumb\"},\"inLanguage\":\"en-GB\",\"potentialAction\":[{\"@type\":\"ReadAction\",\"target\":[\"https:\/\/www.sejourprive.com\/biens\/villa-castellina-castellina-in-chianti-sienne-toscane-italie\/\"]}]},{\"@type\":\"ImageObject\",\"inLanguage\":\"en-GB\",\"@id\":\"https:\/\/www.sejourprive.com\/biens\/villa-castellina-castellina-in-chianti-sienne-toscane-italie\/#primaryimage\",\"url\":\"https:\/\/www.sejourprive.com\/wp-content\/uploads\/2026\/03\/0-100.jpg\",\"contentUrl\":\"https:\/\/www.sejourprive.com\/wp-content\/uploads\/2026\/03\/0-100.jpg\",\"width\":1200,\"height\":900},{\"@type\":\"BreadcrumbList\",\"@id\":\"https:\/\/www.sejourprive.com\/biens\/villa-castellina-castellina-in-chianti-sienne-toscane-italie\/#breadcrumb\",\"itemListElement\":[{\"@type\":\"ListItem\",\"position\":1,\"name\":\"Accueil\",\"item\":\"https:\/\/www.sejourprive.com\/\"},{\"@type\":\"ListItem\",\"position\":2,\"name\":\"Shop\",\"item\":\"https:\/\/www.sejourprive.com\/shop\/\"},{\"@type\":\"ListItem\",\"position\":3,\"name\":\"Villa Castellina, Castellina in Chianti, Sienne, Toscane, Italie\"}]},{\"@type\":\"WebSite\",\"@id\":\"https:\/\/www.sejourprive.com\/#website\",\"url\":\"https:\/\/www.sejourprive.com\/\",\"name\":\"S\u00e9jour Priv\u00e9\",\"description\":\"Nous imaginons pour vous des s\u00e9jours d\u2019exception.\",\"publisher\":{\"@id\":\"https:\/\/www.sejourprive.com\/#organization\"},\"potentialAction\":[{\"@type\":\"SearchAction\",\"target\":{\"@type\":\"EntryPoint\",\"urlTemplate\":\"https:\/\/www.sejourprive.com\/?s={search_term_string}\"},\"query-input\":{\"@type\":\"PropertyValueSpecification\",\"valueRequired\":true,\"valueName\":\"search_term_string\"}}],\"inLanguage\":\"en-GB\"},{\"@type\":\"Organization\",\"@id\":\"https:\/\/www.sejourprive.com\/#organization\",\"name\":\"S\u00e9jour Priv\u00e9\",\"url\":\"https:\/\/www.sejourprive.com\/\",\"logo\":{\"@type\":\"ImageObject\",\"inLanguage\":\"en-GB\",\"@id\":\"https:\/\/www.sejourprive.com\/#\/schema\/logo\/image\/\",\"url\":\"https:\/\/www.sejourprive.com\/wp-content\/uploads\/2026\/02\/SP-Apple-touch-144-couleur-1-2.png\",\"contentUrl\":\"https:\/\/www.sejourprive.com\/wp-content\/uploads\/2026\/02\/SP-Apple-touch-144-couleur-1-2.png\",\"width\":145,\"height\":145,\"caption\":\"S\u00e9jour Priv\u00e9\"},\"image\":{\"@id\":\"https:\/\/www.sejourprive.com\/#\/schema\/logo\/image\/\"}}]}<\/script>\n<!-- \/ Yoast SEO plugin. -->","yoast_head_json":{"title":"Villa Castellina, Castellina in Chianti, Sienne, Toscane, Italie - S\u00e9jour Priv\u00e9","description":"La Villa Castellina, dans la province de Sienne, est un refuge toscan raffin\u00e9 qui incarne tout le charme de la r\u00e9gion. Avec son architecture toscane","robots":{"index":"index","follow":"follow","max-snippet":"max-snippet:-1","max-image-preview":"max-image-preview:large","max-video-preview":"max-video-preview:-1"},"canonical":"https:\/\/www.sejourprive.com\/en\/biens\/villa-castellina-castellina-in-chianti-sienne-toscane-italie\/","og_locale":"en_GB","og_type":"article","og_title":"Villa Castellina, Castellina in Chianti, Sienne, Toscane, Italie - S\u00e9jour Priv\u00e9","og_description":"La Villa Castellina, dans la province de Sienne, est un refuge toscan raffin\u00e9 qui incarne tout le charme de la r\u00e9gion. Avec son architecture toscane","og_url":"https:\/\/www.sejourprive.com\/en\/biens\/villa-castellina-castellina-in-chianti-sienne-toscane-italie\/","og_site_name":"S\u00e9jour Priv\u00e9","og_image":[{"width":1200,"height":900,"url":"https:\/\/www.sejourprive.com\/wp-content\/uploads\/2026\/03\/0-100.jpg","type":"image\/jpeg"}],"twitter_card":"summary_large_image","twitter_misc":{"Estimated reading time":"1 minute"},"schema":{"@context":"https:\/\/schema.org","@graph":[{"@type":"WebPage","@id":"https:\/\/www.sejourprive.com\/biens\/villa-castellina-castellina-in-chianti-sienne-toscane-italie\/","url":"https:\/\/www.sejourprive.com\/biens\/villa-castellina-castellina-in-chianti-sienne-toscane-italie\/","name":"Villa Castellina, Castellina in Chianti, Sienne, Toscane, Italie - S\u00e9jour Priv\u00e9","isPartOf":{"@id":"https:\/\/www.sejourprive.com\/#website"},"primaryImageOfPage":{"@id":"https:\/\/www.sejourprive.com\/biens\/villa-castellina-castellina-in-chianti-sienne-toscane-italie\/#primaryimage"},"image":{"@id":"https:\/\/www.sejourprive.com\/biens\/villa-castellina-castellina-in-chianti-sienne-toscane-italie\/#primaryimage"},"thumbnailUrl":"https:\/\/www.sejourprive.com\/wp-content\/uploads\/2026\/03\/0-100.jpg","datePublished":"2026-03-11T15:28:18+00:00","description":"La Villa Castellina, dans la province de Sienne, est un refuge toscan raffin\u00e9 qui incarne tout le charme de la r\u00e9gion. Avec son architecture toscane","breadcrumb":{"@id":"https:\/\/www.sejourprive.com\/biens\/villa-castellina-castellina-in-chianti-sienne-toscane-italie\/#breadcrumb"},"inLanguage":"en-GB","potentialAction":[{"@type":"ReadAction","target":["https:\/\/www.sejourprive.com\/biens\/villa-castellina-castellina-in-chianti-sienne-toscane-italie\/"]}]},{"@type":"ImageObject","inLanguage":"en-GB","@id":"https:\/\/www.sejourprive.com\/biens\/villa-castellina-castellina-in-chianti-sienne-toscane-italie\/#primaryimage","url":"https:\/\/www.sejourprive.com\/wp-content\/uploads\/2026\/03\/0-100.jpg","contentUrl":"https:\/\/www.sejourprive.com\/wp-content\/uploads\/2026\/03\/0-100.jpg","width":1200,"height":900},{"@type":"BreadcrumbList","@id":"https:\/\/www.sejourprive.com\/biens\/villa-castellina-castellina-in-chianti-sienne-toscane-italie\/#breadcrumb","itemListElement":[{"@type":"ListItem","position":1,"name":"Accueil","item":"https:\/\/www.sejourprive.com\/"},{"@type":"ListItem","position":2,"name":"Shop","item":"https:\/\/www.sejourprive.com\/shop\/"},{"@type":"ListItem","position":3,"name":"Villa Castellina, Castellina in Chianti, Sienne, Toscane, Italie"}]},{"@type":"WebSite","@id":"https:\/\/www.sejourprive.com\/#website","url":"https:\/\/www.sejourprive.com\/","name":"Private Stay","description":"We design exceptional holidays for you.","publisher":{"@id":"https:\/\/www.sejourprive.com\/#organization"},"potentialAction":[{"@type":"SearchAction","target":{"@type":"EntryPoint","urlTemplate":"https:\/\/www.sejourprive.com\/?s={search_term_string}"},"query-input":{"@type":"PropertyValueSpecification","valueRequired":true,"valueName":"search_term_string"}}],"inLanguage":"en-GB"},{"@type":"Organization","@id":"https:\/\/www.sejourprive.com\/#organization","name":"Private Stay","url":"https:\/\/www.sejourprive.com\/","logo":{"@type":"ImageObject","inLanguage":"en-GB","@id":"https:\/\/www.sejourprive.com\/#\/schema\/logo\/image\/","url":"https:\/\/www.sejourprive.com\/wp-content\/uploads\/2026\/02\/SP-Apple-touch-144-couleur-1-2.png","contentUrl":"https:\/\/www.sejourprive.com\/wp-content\/uploads\/2026\/02\/SP-Apple-touch-144-couleur-1-2.png","width":145,"height":145,"caption":"S\u00e9jour Priv\u00e9"},"image":{"@id":"https:\/\/www.sejourprive.com\/#\/schema\/logo\/image\/"}}]}},"_links":{"self":[{"href":"https:\/\/www.sejourprive.com\/en\/wp-json\/wp\/v2\/product\/45783","targetHints":{"allow":["GET"]}}],"collection":[{"href":"https:\/\/www.sejourprive.com\/en\/wp-json\/wp\/v2\/product"}],"about":[{"href":"https:\/\/www.sejourprive.com\/en\/wp-json\/wp\/v2\/types\/product"}],"replies":[{"embeddable":true,"href":"https:\/\/www.sejourprive.com\/en\/wp-json\/wp\/v2\/comments?post=45783"}],"version-history":[{"count":0,"href":"https:\/\/www.sejourprive.com\/en\/wp-json\/wp\/v2\/product\/45783\/revisions"}],"wp:featuredmedia":[{"embeddable":true,"href":"https:\/\/www.sejourprive.com\/en\/wp-json\/wp\/v2\/media\/45787"}],"wp:attachment":[{"href":"https:\/\/www.sejourprive.com\/en\/wp-json\/wp\/v2\/media?parent=45783"}],"wp:term":[{"taxonomy":"product_brand","embeddable":true,"href":"https:\/\/www.sejourprive.com\/en\/wp-json\/wp\/v2\/product_brand?post=45783"},{"taxonomy":"product_cat","embeddable":true,"href":"https:\/\/www.sejourprive.com\/en\/wp-json\/wp\/v2\/product_cat?post=45783"},{"taxonomy":"product_tag","embeddable":true,"href":"https:\/\/www.sejourprive.com\/en\/wp-json\/wp\/v2\/product_tag?post=45783"}],"curies":[{"name":"wp","href":"https:\/\/api.w.org\/{rel}","templated":true}]}}