{"id":45590,"date":"2026-03-11T15:43:47","date_gmt":"2026-03-11T14:43:47","guid":{"rendered":"https:\/\/www.sejourprive.com\/?post_type=product&#038;p=45590"},"modified":"2026-03-11T15:43:47","modified_gmt":"2026-03-11T14:43:47","slug":"masseria-pesto-ceglie-messapica-pouilles-italie","status":"publish","type":"product","link":"https:\/\/www.sejourprive.com\/en\/biens\/masseria-pesto-ceglie-messapica-pouilles-italie\/","title":{"rendered":"Masseria Pesto, Ceglie Messapica, Puglia, Italy"},"content":{"rendered":"<p>Nich\u00e9e dans la campagne sereine des Pouilles, la Masseria Pesto est un t\u00e9moignage intemporel du riche patrimoine de la r\u00e9gion. Cette ancienne ferme enchanteresse, entour\u00e9e de gracieux oliviers, offre un m\u00e9lange harmonieux d&#8217;architecture traditionnelle et de design raffin\u00e9, tous unis par un profond engagement en faveur de la durabilit\u00e9. R\u00e9cemment r\u00e9nov\u00e9e, la Masseria d\u00e9gage un charme captivant, m\u00ealant harmonieusement le pass\u00e9 et le pr\u00e9sent pour cr\u00e9er un havre de paix idyllique pour des vacances parfaites.<\/p>\n<p><span><div class=\"read-more-wrapper\"><a class=\"read-more-button\" data-target=\"read-more-69fb113c1c8b5\" data-more-text=\"Read more\" data-less-text=\"Read less\"><span class=\"read-more-text\">Read more<\/span><\/a><div id=\"read-more-69fb113c1c8b5\" class=\"read-more-content\"> <\/span>En entrant dans le b\u00e2timent principal, vous \u00eates accueilli par une cuisine enti\u00e8rement \u00e9quip\u00e9e et une salle \u00e0 manger accueillante. Un salon lumineux et g\u00e9n\u00e9reux vous attend, offrant un sanctuaire pour la d\u00e9tente et les r\u00e9unions en famille ou entre amis. Deux chambres \u00e0 coucher avec salle de bains, con\u00e7ues avec soin pour assurer votre plus grand confort, constituent une retraite reposante \u00e0 l&#8217;int\u00e9rieur de la structure principale.<\/p>\n<p>Pour ajouter \u00e0 l&#8217;attrait de ce remarquable domaine, un authentique Trullo, joyau architectural caract\u00e9ristique de la r\u00e9gion, d\u00e9voile une autre splendide chambre avec salle de bains. Adjacentes au Trullo, les \u00e9curies r\u00e9nov\u00e9es abritent deux chambres suppl\u00e9mentaires, chacune dot\u00e9e d&#8217;une salle de bains priv\u00e9e. Accessibles depuis le jardin, ces \u00e9curies transform\u00e9es apportent une touche d&#8217;\u00e9l\u00e9gance rustique \u00e0 l&#8217;ensemble de l&#8217;exp\u00e9rience.<\/p>\n<p>Immerg\u00e9 dans le merveilleux jardin d&#8217;oliviers, un sanctuaire de tranquillit\u00e9 attend les h\u00f4tes, les invitant \u00e0 se d\u00e9tendre et \u00e0 se ressourcer. D\u00e9couvrez diverses terrasses ombrag\u00e9es et de charmants coins repas, o\u00f9 des souvenirs se cr\u00e9ent autour de repas partag\u00e9s et de rires. Un jacuzzi bouillonnant invite \u00e0 l&#8217;indulgence, tandis qu&#8217;une magnifique piscine naturelle, nettoy\u00e9e sans effort par des plantes aquatiques, offre une oasis rafra\u00eechissante au milieu de l&#8217;\u00e9treinte de la nature.<\/p>\n<p>Avec sa capacit\u00e9 g\u00e9n\u00e9reuse \u00e0 accueillir jusqu&#8217;\u00e0 14 personnes, la Masseria Pesto appara\u00eet comme la destination ultime pour les familles nombreuses ou les groupes d&#8217;amis \u00e0 la recherche d&#8217;une exp\u00e9rience inoubliable. \u00c0 seulement cinq minutes de route, le centre historique et anim\u00e9 de Ceglie Messapica attire les visiteurs avec son \u00e9ventail de bars, de restaurants et de boutiques, promettant des rencontres d\u00e9licieuses \u00e0 chaque tournant.<\/p>\n<p>Embarquez pour un voyage dans l&#8217;\u00e2me des Pouilles, o\u00f9 le pass\u00e9 se m\u00eale au confort contemporain, et o\u00f9 la Masseria Pesto t\u00e9moigne de la beaut\u00e9 de la pr\u00e9servation et du rajeunissement.<\/div><\/div><\/p>","protected":false},"excerpt":{"rendered":"<p>Nich\u00e9e dans la campagne sereine des Pouilles, la Masseria Pesto est un t\u00e9moignage intemporel du riche patrimoine de la r\u00e9gion&#8230;.<\/p>","protected":false},"featured_media":45634,"comment_status":"open","ping_status":"closed","template":"","meta":{"_acf_changed":false},"product_brand":[],"product_cat":[15],"product_tag":[],"class_list":{"0":"post-45590","1":"product","2":"type-product","3":"status-publish","4":"has-post-thumbnail","6":"product_cat-villa","7":"property_location-italie","8":"property_location-pouilles","10":"first","11":"instock","12":"sold-individually","13":"shipping-taxable","14":"purchasable","15":"product-type-simple"},"acf":[],"yoast_head":"<!-- This site is optimized with the Yoast SEO plugin v26.6 - https:\/\/yoast.com\/wordpress\/plugins\/seo\/ -->\n<title>Masseria Pesto, Ceglie Messapica, Pouilles, Italie - S\u00e9jour Priv\u00e9<\/title>\n<meta name=\"description\" content=\"Nich\u00e9e dans la campagne sereine des Pouilles, la Masseria Pesto est un t\u00e9moignage intemporel du riche patrimoine de la r\u00e9gion. Cette ancienne ferme\" \/>\n<meta name=\"robots\" content=\"index, follow, max-snippet:-1, max-image-preview:large, max-video-preview:-1\" \/>\n<link rel=\"canonical\" href=\"https:\/\/www.sejourprive.com\/en\/biens\/masseria-pesto-ceglie-messapica-pouilles-italie\/\" \/>\n<meta property=\"og:locale\" content=\"en_GB\" \/>\n<meta property=\"og:type\" content=\"article\" \/>\n<meta property=\"og:title\" content=\"Masseria Pesto, Ceglie Messapica, Pouilles, Italie - S\u00e9jour Priv\u00e9\" \/>\n<meta property=\"og:description\" content=\"Nich\u00e9e dans la campagne sereine des Pouilles, la Masseria Pesto est un t\u00e9moignage intemporel du riche patrimoine de la r\u00e9gion. Cette ancienne ferme\" \/>\n<meta property=\"og:url\" content=\"https:\/\/www.sejourprive.com\/en\/biens\/masseria-pesto-ceglie-messapica-pouilles-italie\/\" \/>\n<meta property=\"og:site_name\" content=\"S\u00e9jour Priv\u00e9\" \/>\n<meta property=\"og:image\" content=\"https:\/\/www.sejourprive.com\/wp-content\/uploads\/2026\/03\/2-101.jpg\" \/>\n\t<meta property=\"og:image:width\" content=\"1200\" \/>\n\t<meta property=\"og:image:height\" content=\"800\" \/>\n\t<meta property=\"og:image:type\" content=\"image\/jpeg\" \/>\n<meta name=\"twitter:card\" content=\"summary_large_image\" \/>\n<meta name=\"twitter:label1\" content=\"Estimated reading time\" \/>\n\t<meta name=\"twitter:data1\" content=\"3 minutes\" \/>\n<script type=\"application\/ld+json\" class=\"yoast-schema-graph\">{\"@context\":\"https:\/\/schema.org\",\"@graph\":[{\"@type\":\"WebPage\",\"@id\":\"https:\/\/www.sejourprive.com\/biens\/masseria-pesto-ceglie-messapica-pouilles-italie\/\",\"url\":\"https:\/\/www.sejourprive.com\/biens\/masseria-pesto-ceglie-messapica-pouilles-italie\/\",\"name\":\"Masseria Pesto, Ceglie Messapica, Pouilles, Italie - S\u00e9jour Priv\u00e9\",\"isPartOf\":{\"@id\":\"https:\/\/www.sejourprive.com\/#website\"},\"primaryImageOfPage\":{\"@id\":\"https:\/\/www.sejourprive.com\/biens\/masseria-pesto-ceglie-messapica-pouilles-italie\/#primaryimage\"},\"image\":{\"@id\":\"https:\/\/www.sejourprive.com\/biens\/masseria-pesto-ceglie-messapica-pouilles-italie\/#primaryimage\"},\"thumbnailUrl\":\"https:\/\/www.sejourprive.com\/wp-content\/uploads\/2026\/03\/2-101.jpg\",\"datePublished\":\"2026-03-11T14:43:47+00:00\",\"description\":\"Nich\u00e9e dans la campagne sereine des Pouilles, la Masseria Pesto est un t\u00e9moignage intemporel du riche patrimoine de la r\u00e9gion. Cette ancienne ferme\",\"breadcrumb\":{\"@id\":\"https:\/\/www.sejourprive.com\/biens\/masseria-pesto-ceglie-messapica-pouilles-italie\/#breadcrumb\"},\"inLanguage\":\"en-GB\",\"potentialAction\":[{\"@type\":\"ReadAction\",\"target\":[\"https:\/\/www.sejourprive.com\/biens\/masseria-pesto-ceglie-messapica-pouilles-italie\/\"]}]},{\"@type\":\"ImageObject\",\"inLanguage\":\"en-GB\",\"@id\":\"https:\/\/www.sejourprive.com\/biens\/masseria-pesto-ceglie-messapica-pouilles-italie\/#primaryimage\",\"url\":\"https:\/\/www.sejourprive.com\/wp-content\/uploads\/2026\/03\/2-101.jpg\",\"contentUrl\":\"https:\/\/www.sejourprive.com\/wp-content\/uploads\/2026\/03\/2-101.jpg\",\"width\":1200,\"height\":800},{\"@type\":\"BreadcrumbList\",\"@id\":\"https:\/\/www.sejourprive.com\/biens\/masseria-pesto-ceglie-messapica-pouilles-italie\/#breadcrumb\",\"itemListElement\":[{\"@type\":\"ListItem\",\"position\":1,\"name\":\"Accueil\",\"item\":\"https:\/\/www.sejourprive.com\/\"},{\"@type\":\"ListItem\",\"position\":2,\"name\":\"Shop\",\"item\":\"https:\/\/www.sejourprive.com\/shop\/\"},{\"@type\":\"ListItem\",\"position\":3,\"name\":\"Masseria Pesto, Ceglie Messapica, Pouilles, Italie\"}]},{\"@type\":\"WebSite\",\"@id\":\"https:\/\/www.sejourprive.com\/#website\",\"url\":\"https:\/\/www.sejourprive.com\/\",\"name\":\"S\u00e9jour Priv\u00e9\",\"description\":\"Nous imaginons pour vous des s\u00e9jours d\u2019exception.\",\"publisher\":{\"@id\":\"https:\/\/www.sejourprive.com\/#organization\"},\"potentialAction\":[{\"@type\":\"SearchAction\",\"target\":{\"@type\":\"EntryPoint\",\"urlTemplate\":\"https:\/\/www.sejourprive.com\/?s={search_term_string}\"},\"query-input\":{\"@type\":\"PropertyValueSpecification\",\"valueRequired\":true,\"valueName\":\"search_term_string\"}}],\"inLanguage\":\"en-GB\"},{\"@type\":\"Organization\",\"@id\":\"https:\/\/www.sejourprive.com\/#organization\",\"name\":\"S\u00e9jour Priv\u00e9\",\"url\":\"https:\/\/www.sejourprive.com\/\",\"logo\":{\"@type\":\"ImageObject\",\"inLanguage\":\"en-GB\",\"@id\":\"https:\/\/www.sejourprive.com\/#\/schema\/logo\/image\/\",\"url\":\"https:\/\/www.sejourprive.com\/wp-content\/uploads\/2026\/02\/SP-Apple-touch-144-couleur-1-2.png\",\"contentUrl\":\"https:\/\/www.sejourprive.com\/wp-content\/uploads\/2026\/02\/SP-Apple-touch-144-couleur-1-2.png\",\"width\":145,\"height\":145,\"caption\":\"S\u00e9jour Priv\u00e9\"},\"image\":{\"@id\":\"https:\/\/www.sejourprive.com\/#\/schema\/logo\/image\/\"}}]}<\/script>\n<!-- \/ Yoast SEO plugin. -->","yoast_head_json":{"title":"Masseria Pesto, Ceglie Messapica, Pouilles, Italie - S\u00e9jour Priv\u00e9","description":"Nich\u00e9e dans la campagne sereine des Pouilles, la Masseria Pesto est un t\u00e9moignage intemporel du riche patrimoine de la r\u00e9gion. Cette ancienne ferme","robots":{"index":"index","follow":"follow","max-snippet":"max-snippet:-1","max-image-preview":"max-image-preview:large","max-video-preview":"max-video-preview:-1"},"canonical":"https:\/\/www.sejourprive.com\/en\/biens\/masseria-pesto-ceglie-messapica-pouilles-italie\/","og_locale":"en_GB","og_type":"article","og_title":"Masseria Pesto, Ceglie Messapica, Pouilles, Italie - S\u00e9jour Priv\u00e9","og_description":"Nich\u00e9e dans la campagne sereine des Pouilles, la Masseria Pesto est un t\u00e9moignage intemporel du riche patrimoine de la r\u00e9gion. Cette ancienne ferme","og_url":"https:\/\/www.sejourprive.com\/en\/biens\/masseria-pesto-ceglie-messapica-pouilles-italie\/","og_site_name":"S\u00e9jour Priv\u00e9","og_image":[{"width":1200,"height":800,"url":"https:\/\/www.sejourprive.com\/wp-content\/uploads\/2026\/03\/2-101.jpg","type":"image\/jpeg"}],"twitter_card":"summary_large_image","twitter_misc":{"Estimated reading time":"3 minutes"},"schema":{"@context":"https:\/\/schema.org","@graph":[{"@type":"WebPage","@id":"https:\/\/www.sejourprive.com\/biens\/masseria-pesto-ceglie-messapica-pouilles-italie\/","url":"https:\/\/www.sejourprive.com\/biens\/masseria-pesto-ceglie-messapica-pouilles-italie\/","name":"Masseria Pesto, Ceglie Messapica, Pouilles, Italie - S\u00e9jour Priv\u00e9","isPartOf":{"@id":"https:\/\/www.sejourprive.com\/#website"},"primaryImageOfPage":{"@id":"https:\/\/www.sejourprive.com\/biens\/masseria-pesto-ceglie-messapica-pouilles-italie\/#primaryimage"},"image":{"@id":"https:\/\/www.sejourprive.com\/biens\/masseria-pesto-ceglie-messapica-pouilles-italie\/#primaryimage"},"thumbnailUrl":"https:\/\/www.sejourprive.com\/wp-content\/uploads\/2026\/03\/2-101.jpg","datePublished":"2026-03-11T14:43:47+00:00","description":"Nich\u00e9e dans la campagne sereine des Pouilles, la Masseria Pesto est un t\u00e9moignage intemporel du riche patrimoine de la r\u00e9gion. Cette ancienne ferme","breadcrumb":{"@id":"https:\/\/www.sejourprive.com\/biens\/masseria-pesto-ceglie-messapica-pouilles-italie\/#breadcrumb"},"inLanguage":"en-GB","potentialAction":[{"@type":"ReadAction","target":["https:\/\/www.sejourprive.com\/biens\/masseria-pesto-ceglie-messapica-pouilles-italie\/"]}]},{"@type":"ImageObject","inLanguage":"en-GB","@id":"https:\/\/www.sejourprive.com\/biens\/masseria-pesto-ceglie-messapica-pouilles-italie\/#primaryimage","url":"https:\/\/www.sejourprive.com\/wp-content\/uploads\/2026\/03\/2-101.jpg","contentUrl":"https:\/\/www.sejourprive.com\/wp-content\/uploads\/2026\/03\/2-101.jpg","width":1200,"height":800},{"@type":"BreadcrumbList","@id":"https:\/\/www.sejourprive.com\/biens\/masseria-pesto-ceglie-messapica-pouilles-italie\/#breadcrumb","itemListElement":[{"@type":"ListItem","position":1,"name":"Accueil","item":"https:\/\/www.sejourprive.com\/"},{"@type":"ListItem","position":2,"name":"Shop","item":"https:\/\/www.sejourprive.com\/shop\/"},{"@type":"ListItem","position":3,"name":"Masseria Pesto, Ceglie Messapica, Pouilles, Italie"}]},{"@type":"WebSite","@id":"https:\/\/www.sejourprive.com\/#website","url":"https:\/\/www.sejourprive.com\/","name":"Private Stay","description":"We design exceptional holidays for you.","publisher":{"@id":"https:\/\/www.sejourprive.com\/#organization"},"potentialAction":[{"@type":"SearchAction","target":{"@type":"EntryPoint","urlTemplate":"https:\/\/www.sejourprive.com\/?s={search_term_string}"},"query-input":{"@type":"PropertyValueSpecification","valueRequired":true,"valueName":"search_term_string"}}],"inLanguage":"en-GB"},{"@type":"Organization","@id":"https:\/\/www.sejourprive.com\/#organization","name":"Private Stay","url":"https:\/\/www.sejourprive.com\/","logo":{"@type":"ImageObject","inLanguage":"en-GB","@id":"https:\/\/www.sejourprive.com\/#\/schema\/logo\/image\/","url":"https:\/\/www.sejourprive.com\/wp-content\/uploads\/2026\/02\/SP-Apple-touch-144-couleur-1-2.png","contentUrl":"https:\/\/www.sejourprive.com\/wp-content\/uploads\/2026\/02\/SP-Apple-touch-144-couleur-1-2.png","width":145,"height":145,"caption":"S\u00e9jour Priv\u00e9"},"image":{"@id":"https:\/\/www.sejourprive.com\/#\/schema\/logo\/image\/"}}]}},"_links":{"self":[{"href":"https:\/\/www.sejourprive.com\/en\/wp-json\/wp\/v2\/product\/45590","targetHints":{"allow":["GET"]}}],"collection":[{"href":"https:\/\/www.sejourprive.com\/en\/wp-json\/wp\/v2\/product"}],"about":[{"href":"https:\/\/www.sejourprive.com\/en\/wp-json\/wp\/v2\/types\/product"}],"replies":[{"embeddable":true,"href":"https:\/\/www.sejourprive.com\/en\/wp-json\/wp\/v2\/comments?post=45590"}],"version-history":[{"count":0,"href":"https:\/\/www.sejourprive.com\/en\/wp-json\/wp\/v2\/product\/45590\/revisions"}],"wp:featuredmedia":[{"embeddable":true,"href":"https:\/\/www.sejourprive.com\/en\/wp-json\/wp\/v2\/media\/45634"}],"wp:attachment":[{"href":"https:\/\/www.sejourprive.com\/en\/wp-json\/wp\/v2\/media?parent=45590"}],"wp:term":[{"taxonomy":"product_brand","embeddable":true,"href":"https:\/\/www.sejourprive.com\/en\/wp-json\/wp\/v2\/product_brand?post=45590"},{"taxonomy":"product_cat","embeddable":true,"href":"https:\/\/www.sejourprive.com\/en\/wp-json\/wp\/v2\/product_cat?post=45590"},{"taxonomy":"product_tag","embeddable":true,"href":"https:\/\/www.sejourprive.com\/en\/wp-json\/wp\/v2\/product_tag?post=45590"}],"curies":[{"name":"wp","href":"https:\/\/api.w.org\/{rel}","templated":true}]}}