{"id":45433,"date":"2026-03-11T15:25:12","date_gmt":"2026-03-11T14:25:12","guid":{"rendered":"https:\/\/www.sejourprive.com\/?post_type=product&#038;p=45433"},"modified":"2026-03-11T15:25:12","modified_gmt":"2026-03-11T14:25:12","slug":"masseria-capricorno-monopoli-pouilles-italie","status":"publish","type":"product","link":"https:\/\/www.sejourprive.com\/en\/biens\/masseria-capricorno-monopoli-pouilles-italie\/","title":{"rendered":"Masseria Capricorno, Monopoli, Puglia, Italy"},"content":{"rendered":"<p>Entour\u00e9e de collines et de champs, la Masseria Capricorno est le refuge parfait o\u00f9 s&#8217;\u00e9vader. Son style Trullo classique vous plongera dans l&#8217;histoire et la beaut\u00e9 des Pouilles. Ici, l&#8217;abondance de pierre naturelle est contrast\u00e9e par les touches de turquoise de la d\u00e9coration et les pointes d&#8217;\u00e9meraude du feuillage ext\u00e9rieur.<\/p>\n<p><span><div class=\"read-more-wrapper\"><a class=\"read-more-button\" data-target=\"read-more-69f441decca2e\" data-more-text=\"Read more\" data-less-text=\"Read less\"><span class=\"read-more-text\">Read more<\/span><\/a><div id=\"read-more-69f441decca2e\" class=\"read-more-content\"> <\/span>Profitez d&#8217;un petit-d\u00e9jeuner pr\u00e9par\u00e9 pour vous chaque matin avant de vous d\u00e9tendre. Passez vos journ\u00e9es \u00e0 fl\u00e2ner dans les jardins qui bordent le domaine, \u00e0 vous pr\u00e9lasser au bord de la piscine ou \u00e0 prendre le th\u00e9 au solarium. Dans la soir\u00e9e, savourez un d\u00e9licieux d\u00eener de sp\u00e9cialit\u00e9s locales sur le rooftop avec une bonne bouteille de vin de la r\u00e9gion !<\/div><\/div><\/p>","protected":false},"excerpt":{"rendered":"<p>Entour\u00e9e de collines et de champs, la Masseria Capricorno est le refuge parfait o\u00f9 s&#8217;\u00e9vader. Son style Trullo classique vous&#8230;<\/p>","protected":false},"featured_media":45559,"comment_status":"open","ping_status":"closed","template":"","meta":{"_acf_changed":false},"product_brand":[],"product_cat":[15],"product_tag":[],"class_list":{"0":"post-45433","1":"product","2":"type-product","3":"status-publish","4":"has-post-thumbnail","6":"product_cat-villa","7":"property_location-italie","8":"property_location-pouilles","10":"first","11":"instock","12":"sold-individually","13":"shipping-taxable","14":"purchasable","15":"product-type-simple"},"acf":[],"yoast_head":"<!-- This site is optimized with the Yoast SEO plugin v26.6 - https:\/\/yoast.com\/wordpress\/plugins\/seo\/ -->\n<title>Masseria Capricorno, Monopoli, Pouilles, Italie - S\u00e9jour Priv\u00e9<\/title>\n<meta name=\"description\" content=\"Entour\u00e9e de collines et de champs, la Masseria Capricorno est le refuge parfait o\u00f9 s&#039;\u00e9vader. Son style Trullo classique vous plongera dans l&#039;histoire et\" \/>\n<meta name=\"robots\" content=\"index, follow, max-snippet:-1, max-image-preview:large, max-video-preview:-1\" \/>\n<link rel=\"canonical\" href=\"https:\/\/www.sejourprive.com\/en\/biens\/masseria-capricorno-monopoli-pouilles-italie\/\" \/>\n<meta property=\"og:locale\" content=\"en_GB\" \/>\n<meta property=\"og:type\" content=\"article\" \/>\n<meta property=\"og:title\" content=\"Masseria Capricorno, Monopoli, Pouilles, Italie - S\u00e9jour Priv\u00e9\" \/>\n<meta property=\"og:description\" content=\"Entour\u00e9e de collines et de champs, la Masseria Capricorno est le refuge parfait o\u00f9 s&#039;\u00e9vader. Son style Trullo classique vous plongera dans l&#039;histoire et\" \/>\n<meta property=\"og:url\" content=\"https:\/\/www.sejourprive.com\/en\/biens\/masseria-capricorno-monopoli-pouilles-italie\/\" \/>\n<meta property=\"og:site_name\" content=\"S\u00e9jour Priv\u00e9\" \/>\n<meta property=\"og:image\" content=\"https:\/\/www.sejourprive.com\/wp-content\/uploads\/2026\/03\/3-100.jpg\" \/>\n\t<meta property=\"og:image:width\" content=\"1200\" \/>\n\t<meta property=\"og:image:height\" content=\"900\" \/>\n\t<meta property=\"og:image:type\" content=\"image\/jpeg\" \/>\n<meta name=\"twitter:card\" content=\"summary_large_image\" \/>\n<meta name=\"twitter:label1\" content=\"Estimated reading time\" \/>\n\t<meta name=\"twitter:data1\" content=\"1 minute\" \/>\n<script type=\"application\/ld+json\" class=\"yoast-schema-graph\">{\"@context\":\"https:\/\/schema.org\",\"@graph\":[{\"@type\":\"WebPage\",\"@id\":\"https:\/\/www.sejourprive.com\/biens\/masseria-capricorno-monopoli-pouilles-italie\/\",\"url\":\"https:\/\/www.sejourprive.com\/biens\/masseria-capricorno-monopoli-pouilles-italie\/\",\"name\":\"Masseria Capricorno, Monopoli, Pouilles, Italie - S\u00e9jour Priv\u00e9\",\"isPartOf\":{\"@id\":\"https:\/\/www.sejourprive.com\/#website\"},\"primaryImageOfPage\":{\"@id\":\"https:\/\/www.sejourprive.com\/biens\/masseria-capricorno-monopoli-pouilles-italie\/#primaryimage\"},\"image\":{\"@id\":\"https:\/\/www.sejourprive.com\/biens\/masseria-capricorno-monopoli-pouilles-italie\/#primaryimage\"},\"thumbnailUrl\":\"https:\/\/www.sejourprive.com\/wp-content\/uploads\/2026\/03\/3-100.jpg\",\"datePublished\":\"2026-03-11T14:25:12+00:00\",\"description\":\"Entour\u00e9e de collines et de champs, la Masseria Capricorno est le refuge parfait o\u00f9 s'\u00e9vader. Son style Trullo classique vous plongera dans l'histoire et\",\"breadcrumb\":{\"@id\":\"https:\/\/www.sejourprive.com\/biens\/masseria-capricorno-monopoli-pouilles-italie\/#breadcrumb\"},\"inLanguage\":\"en-GB\",\"potentialAction\":[{\"@type\":\"ReadAction\",\"target\":[\"https:\/\/www.sejourprive.com\/biens\/masseria-capricorno-monopoli-pouilles-italie\/\"]}]},{\"@type\":\"ImageObject\",\"inLanguage\":\"en-GB\",\"@id\":\"https:\/\/www.sejourprive.com\/biens\/masseria-capricorno-monopoli-pouilles-italie\/#primaryimage\",\"url\":\"https:\/\/www.sejourprive.com\/wp-content\/uploads\/2026\/03\/3-100.jpg\",\"contentUrl\":\"https:\/\/www.sejourprive.com\/wp-content\/uploads\/2026\/03\/3-100.jpg\",\"width\":1200,\"height\":900},{\"@type\":\"BreadcrumbList\",\"@id\":\"https:\/\/www.sejourprive.com\/biens\/masseria-capricorno-monopoli-pouilles-italie\/#breadcrumb\",\"itemListElement\":[{\"@type\":\"ListItem\",\"position\":1,\"name\":\"Accueil\",\"item\":\"https:\/\/www.sejourprive.com\/\"},{\"@type\":\"ListItem\",\"position\":2,\"name\":\"Shop\",\"item\":\"https:\/\/www.sejourprive.com\/shop\/\"},{\"@type\":\"ListItem\",\"position\":3,\"name\":\"Masseria Capricorno, Monopoli, Pouilles, Italie\"}]},{\"@type\":\"WebSite\",\"@id\":\"https:\/\/www.sejourprive.com\/#website\",\"url\":\"https:\/\/www.sejourprive.com\/\",\"name\":\"S\u00e9jour Priv\u00e9\",\"description\":\"Nous imaginons pour vous des s\u00e9jours d\u2019exception.\",\"publisher\":{\"@id\":\"https:\/\/www.sejourprive.com\/#organization\"},\"potentialAction\":[{\"@type\":\"SearchAction\",\"target\":{\"@type\":\"EntryPoint\",\"urlTemplate\":\"https:\/\/www.sejourprive.com\/?s={search_term_string}\"},\"query-input\":{\"@type\":\"PropertyValueSpecification\",\"valueRequired\":true,\"valueName\":\"search_term_string\"}}],\"inLanguage\":\"en-GB\"},{\"@type\":\"Organization\",\"@id\":\"https:\/\/www.sejourprive.com\/#organization\",\"name\":\"S\u00e9jour Priv\u00e9\",\"url\":\"https:\/\/www.sejourprive.com\/\",\"logo\":{\"@type\":\"ImageObject\",\"inLanguage\":\"en-GB\",\"@id\":\"https:\/\/www.sejourprive.com\/#\/schema\/logo\/image\/\",\"url\":\"https:\/\/www.sejourprive.com\/wp-content\/uploads\/2026\/02\/SP-Apple-touch-144-couleur-1-2.png\",\"contentUrl\":\"https:\/\/www.sejourprive.com\/wp-content\/uploads\/2026\/02\/SP-Apple-touch-144-couleur-1-2.png\",\"width\":145,\"height\":145,\"caption\":\"S\u00e9jour Priv\u00e9\"},\"image\":{\"@id\":\"https:\/\/www.sejourprive.com\/#\/schema\/logo\/image\/\"}}]}<\/script>\n<!-- \/ Yoast SEO plugin. -->","yoast_head_json":{"title":"Masseria Capricorno, Monopoli, Pouilles, Italie - S\u00e9jour Priv\u00e9","description":"Entour\u00e9e de collines et de champs, la Masseria Capricorno est le refuge parfait o\u00f9 s'\u00e9vader. Son style Trullo classique vous plongera dans l'histoire et","robots":{"index":"index","follow":"follow","max-snippet":"max-snippet:-1","max-image-preview":"max-image-preview:large","max-video-preview":"max-video-preview:-1"},"canonical":"https:\/\/www.sejourprive.com\/en\/biens\/masseria-capricorno-monopoli-pouilles-italie\/","og_locale":"en_GB","og_type":"article","og_title":"Masseria Capricorno, Monopoli, Pouilles, Italie - S\u00e9jour Priv\u00e9","og_description":"Entour\u00e9e de collines et de champs, la Masseria Capricorno est le refuge parfait o\u00f9 s'\u00e9vader. Son style Trullo classique vous plongera dans l'histoire et","og_url":"https:\/\/www.sejourprive.com\/en\/biens\/masseria-capricorno-monopoli-pouilles-italie\/","og_site_name":"S\u00e9jour Priv\u00e9","og_image":[{"width":1200,"height":900,"url":"https:\/\/www.sejourprive.com\/wp-content\/uploads\/2026\/03\/3-100.jpg","type":"image\/jpeg"}],"twitter_card":"summary_large_image","twitter_misc":{"Estimated reading time":"1 minute"},"schema":{"@context":"https:\/\/schema.org","@graph":[{"@type":"WebPage","@id":"https:\/\/www.sejourprive.com\/biens\/masseria-capricorno-monopoli-pouilles-italie\/","url":"https:\/\/www.sejourprive.com\/biens\/masseria-capricorno-monopoli-pouilles-italie\/","name":"Masseria Capricorno, Monopoli, Pouilles, Italie - S\u00e9jour Priv\u00e9","isPartOf":{"@id":"https:\/\/www.sejourprive.com\/#website"},"primaryImageOfPage":{"@id":"https:\/\/www.sejourprive.com\/biens\/masseria-capricorno-monopoli-pouilles-italie\/#primaryimage"},"image":{"@id":"https:\/\/www.sejourprive.com\/biens\/masseria-capricorno-monopoli-pouilles-italie\/#primaryimage"},"thumbnailUrl":"https:\/\/www.sejourprive.com\/wp-content\/uploads\/2026\/03\/3-100.jpg","datePublished":"2026-03-11T14:25:12+00:00","description":"Entour\u00e9e de collines et de champs, la Masseria Capricorno est le refuge parfait o\u00f9 s'\u00e9vader. Son style Trullo classique vous plongera dans l'histoire et","breadcrumb":{"@id":"https:\/\/www.sejourprive.com\/biens\/masseria-capricorno-monopoli-pouilles-italie\/#breadcrumb"},"inLanguage":"en-GB","potentialAction":[{"@type":"ReadAction","target":["https:\/\/www.sejourprive.com\/biens\/masseria-capricorno-monopoli-pouilles-italie\/"]}]},{"@type":"ImageObject","inLanguage":"en-GB","@id":"https:\/\/www.sejourprive.com\/biens\/masseria-capricorno-monopoli-pouilles-italie\/#primaryimage","url":"https:\/\/www.sejourprive.com\/wp-content\/uploads\/2026\/03\/3-100.jpg","contentUrl":"https:\/\/www.sejourprive.com\/wp-content\/uploads\/2026\/03\/3-100.jpg","width":1200,"height":900},{"@type":"BreadcrumbList","@id":"https:\/\/www.sejourprive.com\/biens\/masseria-capricorno-monopoli-pouilles-italie\/#breadcrumb","itemListElement":[{"@type":"ListItem","position":1,"name":"Accueil","item":"https:\/\/www.sejourprive.com\/"},{"@type":"ListItem","position":2,"name":"Shop","item":"https:\/\/www.sejourprive.com\/shop\/"},{"@type":"ListItem","position":3,"name":"Masseria Capricorno, Monopoli, Pouilles, Italie"}]},{"@type":"WebSite","@id":"https:\/\/www.sejourprive.com\/#website","url":"https:\/\/www.sejourprive.com\/","name":"Private Stay","description":"We design exceptional holidays for you.","publisher":{"@id":"https:\/\/www.sejourprive.com\/#organization"},"potentialAction":[{"@type":"SearchAction","target":{"@type":"EntryPoint","urlTemplate":"https:\/\/www.sejourprive.com\/?s={search_term_string}"},"query-input":{"@type":"PropertyValueSpecification","valueRequired":true,"valueName":"search_term_string"}}],"inLanguage":"en-GB"},{"@type":"Organization","@id":"https:\/\/www.sejourprive.com\/#organization","name":"Private Stay","url":"https:\/\/www.sejourprive.com\/","logo":{"@type":"ImageObject","inLanguage":"en-GB","@id":"https:\/\/www.sejourprive.com\/#\/schema\/logo\/image\/","url":"https:\/\/www.sejourprive.com\/wp-content\/uploads\/2026\/02\/SP-Apple-touch-144-couleur-1-2.png","contentUrl":"https:\/\/www.sejourprive.com\/wp-content\/uploads\/2026\/02\/SP-Apple-touch-144-couleur-1-2.png","width":145,"height":145,"caption":"S\u00e9jour Priv\u00e9"},"image":{"@id":"https:\/\/www.sejourprive.com\/#\/schema\/logo\/image\/"}}]}},"_links":{"self":[{"href":"https:\/\/www.sejourprive.com\/en\/wp-json\/wp\/v2\/product\/45433","targetHints":{"allow":["GET"]}}],"collection":[{"href":"https:\/\/www.sejourprive.com\/en\/wp-json\/wp\/v2\/product"}],"about":[{"href":"https:\/\/www.sejourprive.com\/en\/wp-json\/wp\/v2\/types\/product"}],"replies":[{"embeddable":true,"href":"https:\/\/www.sejourprive.com\/en\/wp-json\/wp\/v2\/comments?post=45433"}],"version-history":[{"count":0,"href":"https:\/\/www.sejourprive.com\/en\/wp-json\/wp\/v2\/product\/45433\/revisions"}],"wp:featuredmedia":[{"embeddable":true,"href":"https:\/\/www.sejourprive.com\/en\/wp-json\/wp\/v2\/media\/45559"}],"wp:attachment":[{"href":"https:\/\/www.sejourprive.com\/en\/wp-json\/wp\/v2\/media?parent=45433"}],"wp:term":[{"taxonomy":"product_brand","embeddable":true,"href":"https:\/\/www.sejourprive.com\/en\/wp-json\/wp\/v2\/product_brand?post=45433"},{"taxonomy":"product_cat","embeddable":true,"href":"https:\/\/www.sejourprive.com\/en\/wp-json\/wp\/v2\/product_cat?post=45433"},{"taxonomy":"product_tag","embeddable":true,"href":"https:\/\/www.sejourprive.com\/en\/wp-json\/wp\/v2\/product_tag?post=45433"}],"curies":[{"name":"wp","href":"https:\/\/api.w.org\/{rel}","templated":true}]}}