{"id":45300,"date":"2026-03-11T15:52:00","date_gmt":"2026-03-11T14:52:00","guid":{"rendered":"https:\/\/www.sejourprive.com\/?post_type=product&#038;p=45300"},"modified":"2026-03-11T15:52:00","modified_gmt":"2026-03-11T14:52:00","slug":"uva-estate-forcoli-pise-toscane-italie","status":"publish","type":"product","link":"https:\/\/www.sejourprive.com\/en\/biens\/uva-estate-forcoli-pise-toscane-italie\/","title":{"rendered":"Uva Estate, Forcoli, Pisa, Tuscany, Italy"},"content":{"rendered":"<p>Nich\u00e9 au milieu des vignobles toscans, le domaine Uva Estate est le refuge id\u00e9al pour un s\u00e9jour \u00e0 la campagne italienne, \u00e0 seulement 8 minutes en voiture de la charmante ville de Palaia. Au c\u0153ur de la province de Pise, ce domaine priv\u00e9, avec son architecture traditionnelle aux murs immacul\u00e9s et ses hautes fen\u00eatres, ainsi que son d\u00e9cor vintage, s&#8217;int\u00e8gre parfaitement dans un cadre rural pr\u00e9serv\u00e9. <span><div class=\"read-more-wrapper\"><a class=\"read-more-button\" data-target=\"read-more-69f7181cf274a\" data-more-text=\"Read more\" data-less-text=\"Read less\"><span class=\"read-more-text\">Read more<\/span><\/a><div id=\"read-more-69f7181cf274a\" class=\"read-more-content\"> <\/span><\/p>\n<p>Le matin, apr\u00e8s avoir pris votre caf\u00e9 en vous promenant dans le vaste jardin, descendez les marches de la terrasse pour plonger dans la piscine ou vous d\u00e9tendre dans le jacuzzi. \u00c0 l&#8217;heure du d\u00e9jeuner, r\u00e9unissez-vous en famille autour d&#8217;un d\u00e9licieux barbecue, \u00e0 l&#8217;ombre d&#8217;arbres centenaires. Passez l&#8217;apr\u00e8s-midi \u00e0 explorer les vignobles environnants ou \u00e0 jouer au golf sur le parcours voisin. \u00c0 la tomb\u00e9e de la nuit, animez le domaine en organisant un d\u00eener dans le jardin et terminez la soir\u00e9e en beaut\u00e9 par une partie de billard !<\/div><\/div><\/p>","protected":false},"excerpt":{"rendered":"<p>Nich\u00e9 au milieu des vignobles toscans, le domaine Uva Estate est le refuge id\u00e9al pour un s\u00e9jour \u00e0 la campagne&#8230;<\/p>","protected":false},"featured_media":45355,"comment_status":"open","ping_status":"closed","template":"","meta":{"_acf_changed":false},"product_brand":[],"product_cat":[15],"product_tag":[],"class_list":{"0":"post-45300","1":"product","2":"type-product","3":"status-publish","4":"has-post-thumbnail","6":"product_cat-villa","7":"property_location-italie","8":"property_location-toscane","10":"first","11":"instock","12":"sold-individually","13":"shipping-taxable","14":"purchasable","15":"product-type-simple"},"acf":[],"yoast_head":"<!-- This site is optimized with the Yoast SEO plugin v26.6 - https:\/\/yoast.com\/wordpress\/plugins\/seo\/ -->\n<title>Uva Estate, Forcoli, Pise, Toscane, Italie - S\u00e9jour Priv\u00e9<\/title>\n<meta name=\"description\" content=\"Nich\u00e9 au milieu des vignobles toscans, le domaine Uva Estate est le refuge id\u00e9al pour un s\u00e9jour \u00e0 la campagne italienne, \u00e0 seulement 8 minutes en voiture\" \/>\n<meta name=\"robots\" content=\"index, follow, max-snippet:-1, max-image-preview:large, max-video-preview:-1\" \/>\n<link rel=\"canonical\" href=\"https:\/\/www.sejourprive.com\/en\/biens\/uva-estate-forcoli-pise-toscane-italie\/\" \/>\n<meta property=\"og:locale\" content=\"en_GB\" \/>\n<meta property=\"og:type\" content=\"article\" \/>\n<meta property=\"og:title\" content=\"Uva Estate, Forcoli, Pise, Toscane, Italie - S\u00e9jour Priv\u00e9\" \/>\n<meta property=\"og:description\" content=\"Nich\u00e9 au milieu des vignobles toscans, le domaine Uva Estate est le refuge id\u00e9al pour un s\u00e9jour \u00e0 la campagne italienne, \u00e0 seulement 8 minutes en voiture\" \/>\n<meta property=\"og:url\" content=\"https:\/\/www.sejourprive.com\/en\/biens\/uva-estate-forcoli-pise-toscane-italie\/\" \/>\n<meta property=\"og:site_name\" content=\"S\u00e9jour Priv\u00e9\" \/>\n<meta property=\"og:image\" content=\"https:\/\/www.sejourprive.com\/wp-content\/uploads\/2026\/03\/0-90.jpg\" \/>\n\t<meta property=\"og:image:width\" content=\"1200\" \/>\n\t<meta property=\"og:image:height\" content=\"802\" \/>\n\t<meta property=\"og:image:type\" content=\"image\/jpeg\" \/>\n<meta name=\"twitter:card\" content=\"summary_large_image\" \/>\n<meta name=\"twitter:label1\" content=\"Estimated reading time\" \/>\n\t<meta name=\"twitter:data1\" content=\"2 minutes\" \/>\n<script type=\"application\/ld+json\" class=\"yoast-schema-graph\">{\"@context\":\"https:\/\/schema.org\",\"@graph\":[{\"@type\":\"WebPage\",\"@id\":\"https:\/\/www.sejourprive.com\/biens\/uva-estate-forcoli-pise-toscane-italie\/\",\"url\":\"https:\/\/www.sejourprive.com\/biens\/uva-estate-forcoli-pise-toscane-italie\/\",\"name\":\"Uva Estate, Forcoli, Pise, Toscane, Italie - S\u00e9jour Priv\u00e9\",\"isPartOf\":{\"@id\":\"https:\/\/www.sejourprive.com\/#website\"},\"primaryImageOfPage\":{\"@id\":\"https:\/\/www.sejourprive.com\/biens\/uva-estate-forcoli-pise-toscane-italie\/#primaryimage\"},\"image\":{\"@id\":\"https:\/\/www.sejourprive.com\/biens\/uva-estate-forcoli-pise-toscane-italie\/#primaryimage\"},\"thumbnailUrl\":\"https:\/\/www.sejourprive.com\/wp-content\/uploads\/2026\/03\/0-90.jpg\",\"datePublished\":\"2026-03-11T14:52:00+00:00\",\"description\":\"Nich\u00e9 au milieu des vignobles toscans, le domaine Uva Estate est le refuge id\u00e9al pour un s\u00e9jour \u00e0 la campagne italienne, \u00e0 seulement 8 minutes en voiture\",\"breadcrumb\":{\"@id\":\"https:\/\/www.sejourprive.com\/biens\/uva-estate-forcoli-pise-toscane-italie\/#breadcrumb\"},\"inLanguage\":\"en-GB\",\"potentialAction\":[{\"@type\":\"ReadAction\",\"target\":[\"https:\/\/www.sejourprive.com\/biens\/uva-estate-forcoli-pise-toscane-italie\/\"]}]},{\"@type\":\"ImageObject\",\"inLanguage\":\"en-GB\",\"@id\":\"https:\/\/www.sejourprive.com\/biens\/uva-estate-forcoli-pise-toscane-italie\/#primaryimage\",\"url\":\"https:\/\/www.sejourprive.com\/wp-content\/uploads\/2026\/03\/0-90.jpg\",\"contentUrl\":\"https:\/\/www.sejourprive.com\/wp-content\/uploads\/2026\/03\/0-90.jpg\",\"width\":1200,\"height\":802},{\"@type\":\"BreadcrumbList\",\"@id\":\"https:\/\/www.sejourprive.com\/biens\/uva-estate-forcoli-pise-toscane-italie\/#breadcrumb\",\"itemListElement\":[{\"@type\":\"ListItem\",\"position\":1,\"name\":\"Accueil\",\"item\":\"https:\/\/www.sejourprive.com\/\"},{\"@type\":\"ListItem\",\"position\":2,\"name\":\"Shop\",\"item\":\"https:\/\/www.sejourprive.com\/shop\/\"},{\"@type\":\"ListItem\",\"position\":3,\"name\":\"Uva Estate, Forcoli, Pise, Toscane, Italie\"}]},{\"@type\":\"WebSite\",\"@id\":\"https:\/\/www.sejourprive.com\/#website\",\"url\":\"https:\/\/www.sejourprive.com\/\",\"name\":\"S\u00e9jour Priv\u00e9\",\"description\":\"Nous imaginons pour vous des s\u00e9jours d\u2019exception.\",\"publisher\":{\"@id\":\"https:\/\/www.sejourprive.com\/#organization\"},\"potentialAction\":[{\"@type\":\"SearchAction\",\"target\":{\"@type\":\"EntryPoint\",\"urlTemplate\":\"https:\/\/www.sejourprive.com\/?s={search_term_string}\"},\"query-input\":{\"@type\":\"PropertyValueSpecification\",\"valueRequired\":true,\"valueName\":\"search_term_string\"}}],\"inLanguage\":\"en-GB\"},{\"@type\":\"Organization\",\"@id\":\"https:\/\/www.sejourprive.com\/#organization\",\"name\":\"S\u00e9jour Priv\u00e9\",\"url\":\"https:\/\/www.sejourprive.com\/\",\"logo\":{\"@type\":\"ImageObject\",\"inLanguage\":\"en-GB\",\"@id\":\"https:\/\/www.sejourprive.com\/#\/schema\/logo\/image\/\",\"url\":\"https:\/\/www.sejourprive.com\/wp-content\/uploads\/2026\/02\/SP-Apple-touch-144-couleur-1-2.png\",\"contentUrl\":\"https:\/\/www.sejourprive.com\/wp-content\/uploads\/2026\/02\/SP-Apple-touch-144-couleur-1-2.png\",\"width\":145,\"height\":145,\"caption\":\"S\u00e9jour Priv\u00e9\"},\"image\":{\"@id\":\"https:\/\/www.sejourprive.com\/#\/schema\/logo\/image\/\"}}]}<\/script>\n<!-- \/ Yoast SEO plugin. -->","yoast_head_json":{"title":"Uva Estate, Forcoli, Pise, Toscane, Italie - S\u00e9jour Priv\u00e9","description":"Nich\u00e9 au milieu des vignobles toscans, le domaine Uva Estate est le refuge id\u00e9al pour un s\u00e9jour \u00e0 la campagne italienne, \u00e0 seulement 8 minutes en voiture","robots":{"index":"index","follow":"follow","max-snippet":"max-snippet:-1","max-image-preview":"max-image-preview:large","max-video-preview":"max-video-preview:-1"},"canonical":"https:\/\/www.sejourprive.com\/en\/biens\/uva-estate-forcoli-pise-toscane-italie\/","og_locale":"en_GB","og_type":"article","og_title":"Uva Estate, Forcoli, Pise, Toscane, Italie - S\u00e9jour Priv\u00e9","og_description":"Nich\u00e9 au milieu des vignobles toscans, le domaine Uva Estate est le refuge id\u00e9al pour un s\u00e9jour \u00e0 la campagne italienne, \u00e0 seulement 8 minutes en voiture","og_url":"https:\/\/www.sejourprive.com\/en\/biens\/uva-estate-forcoli-pise-toscane-italie\/","og_site_name":"S\u00e9jour Priv\u00e9","og_image":[{"width":1200,"height":802,"url":"https:\/\/www.sejourprive.com\/wp-content\/uploads\/2026\/03\/0-90.jpg","type":"image\/jpeg"}],"twitter_card":"summary_large_image","twitter_misc":{"Estimated reading time":"2 minutes"},"schema":{"@context":"https:\/\/schema.org","@graph":[{"@type":"WebPage","@id":"https:\/\/www.sejourprive.com\/biens\/uva-estate-forcoli-pise-toscane-italie\/","url":"https:\/\/www.sejourprive.com\/biens\/uva-estate-forcoli-pise-toscane-italie\/","name":"Uva Estate, Forcoli, Pise, Toscane, Italie - S\u00e9jour Priv\u00e9","isPartOf":{"@id":"https:\/\/www.sejourprive.com\/#website"},"primaryImageOfPage":{"@id":"https:\/\/www.sejourprive.com\/biens\/uva-estate-forcoli-pise-toscane-italie\/#primaryimage"},"image":{"@id":"https:\/\/www.sejourprive.com\/biens\/uva-estate-forcoli-pise-toscane-italie\/#primaryimage"},"thumbnailUrl":"https:\/\/www.sejourprive.com\/wp-content\/uploads\/2026\/03\/0-90.jpg","datePublished":"2026-03-11T14:52:00+00:00","description":"Nich\u00e9 au milieu des vignobles toscans, le domaine Uva Estate est le refuge id\u00e9al pour un s\u00e9jour \u00e0 la campagne italienne, \u00e0 seulement 8 minutes en voiture","breadcrumb":{"@id":"https:\/\/www.sejourprive.com\/biens\/uva-estate-forcoli-pise-toscane-italie\/#breadcrumb"},"inLanguage":"en-GB","potentialAction":[{"@type":"ReadAction","target":["https:\/\/www.sejourprive.com\/biens\/uva-estate-forcoli-pise-toscane-italie\/"]}]},{"@type":"ImageObject","inLanguage":"en-GB","@id":"https:\/\/www.sejourprive.com\/biens\/uva-estate-forcoli-pise-toscane-italie\/#primaryimage","url":"https:\/\/www.sejourprive.com\/wp-content\/uploads\/2026\/03\/0-90.jpg","contentUrl":"https:\/\/www.sejourprive.com\/wp-content\/uploads\/2026\/03\/0-90.jpg","width":1200,"height":802},{"@type":"BreadcrumbList","@id":"https:\/\/www.sejourprive.com\/biens\/uva-estate-forcoli-pise-toscane-italie\/#breadcrumb","itemListElement":[{"@type":"ListItem","position":1,"name":"Accueil","item":"https:\/\/www.sejourprive.com\/"},{"@type":"ListItem","position":2,"name":"Shop","item":"https:\/\/www.sejourprive.com\/shop\/"},{"@type":"ListItem","position":3,"name":"Uva Estate, Forcoli, Pise, Toscane, Italie"}]},{"@type":"WebSite","@id":"https:\/\/www.sejourprive.com\/#website","url":"https:\/\/www.sejourprive.com\/","name":"Private Stay","description":"We design exceptional holidays for you.","publisher":{"@id":"https:\/\/www.sejourprive.com\/#organization"},"potentialAction":[{"@type":"SearchAction","target":{"@type":"EntryPoint","urlTemplate":"https:\/\/www.sejourprive.com\/?s={search_term_string}"},"query-input":{"@type":"PropertyValueSpecification","valueRequired":true,"valueName":"search_term_string"}}],"inLanguage":"en-GB"},{"@type":"Organization","@id":"https:\/\/www.sejourprive.com\/#organization","name":"Private Stay","url":"https:\/\/www.sejourprive.com\/","logo":{"@type":"ImageObject","inLanguage":"en-GB","@id":"https:\/\/www.sejourprive.com\/#\/schema\/logo\/image\/","url":"https:\/\/www.sejourprive.com\/wp-content\/uploads\/2026\/02\/SP-Apple-touch-144-couleur-1-2.png","contentUrl":"https:\/\/www.sejourprive.com\/wp-content\/uploads\/2026\/02\/SP-Apple-touch-144-couleur-1-2.png","width":145,"height":145,"caption":"S\u00e9jour Priv\u00e9"},"image":{"@id":"https:\/\/www.sejourprive.com\/#\/schema\/logo\/image\/"}}]}},"_links":{"self":[{"href":"https:\/\/www.sejourprive.com\/en\/wp-json\/wp\/v2\/product\/45300","targetHints":{"allow":["GET"]}}],"collection":[{"href":"https:\/\/www.sejourprive.com\/en\/wp-json\/wp\/v2\/product"}],"about":[{"href":"https:\/\/www.sejourprive.com\/en\/wp-json\/wp\/v2\/types\/product"}],"replies":[{"embeddable":true,"href":"https:\/\/www.sejourprive.com\/en\/wp-json\/wp\/v2\/comments?post=45300"}],"version-history":[{"count":0,"href":"https:\/\/www.sejourprive.com\/en\/wp-json\/wp\/v2\/product\/45300\/revisions"}],"wp:featuredmedia":[{"embeddable":true,"href":"https:\/\/www.sejourprive.com\/en\/wp-json\/wp\/v2\/media\/45355"}],"wp:attachment":[{"href":"https:\/\/www.sejourprive.com\/en\/wp-json\/wp\/v2\/media?parent=45300"}],"wp:term":[{"taxonomy":"product_brand","embeddable":true,"href":"https:\/\/www.sejourprive.com\/en\/wp-json\/wp\/v2\/product_brand?post=45300"},{"taxonomy":"product_cat","embeddable":true,"href":"https:\/\/www.sejourprive.com\/en\/wp-json\/wp\/v2\/product_cat?post=45300"},{"taxonomy":"product_tag","embeddable":true,"href":"https:\/\/www.sejourprive.com\/en\/wp-json\/wp\/v2\/product_tag?post=45300"}],"curies":[{"name":"wp","href":"https:\/\/api.w.org\/{rel}","templated":true}]}}