{"id":45216,"date":"2026-03-11T16:17:35","date_gmt":"2026-03-11T15:17:35","guid":{"rendered":"https:\/\/www.sejourprive.com\/?post_type=product&#038;p=45216"},"modified":"2026-03-11T16:17:36","modified_gmt":"2026-03-11T15:17:36","slug":"casa-amore-monopoli-bari-pouilles-italie","status":"publish","type":"product","link":"https:\/\/www.sejourprive.com\/en\/biens\/casa-amore-monopoli-bari-pouilles-italie\/","title":{"rendered":"Casa Amore, Monopoli, Bari, Puglia, Italy"},"content":{"rendered":"<p>La Casa Amore tr\u00f4ne majestueusement au c\u0153ur de la province de Bari, une r\u00e9gion r\u00e9put\u00e9e pour son riche patrimoine italien et ses paysages magnifiques. L&#8217;ext\u00e9rieur de la maison offre une vision pittoresque de l&#8217;architecture traditionnelle des Pouilles, avec ses murs blanchis \u00e0 la chaux et ses toits coniques, tandis que l&#8217;int\u00e9rieur minimaliste cr\u00e9e un cadre serein pour votre s\u00e9jour.<span><div class=\"read-more-wrapper\"><a class=\"read-more-button\" data-target=\"read-more-69f5cd41c5492\" data-more-text=\"Read more\" data-less-text=\"Read less\"><span class=\"read-more-text\">Read more<\/span><\/a><div id=\"read-more-69f5cd41c5492\" class=\"read-more-content\"> <\/span><\/p>\n<p>Immergez-vous dans le rythme de vie de la Casa Amore en commen\u00e7ant votre journ\u00e9e par un petit-d\u00e9jeuner tranquille dans la salle \u00e0 manger ouverte, o\u00f9 vous pourrez d\u00e9guster des sp\u00e9cialit\u00e9s locales au milieu de la beaut\u00e9 tranquille des oliveraies environnantes. Passez l&#8217;apr\u00e8s-midi \u00e0 profiter du soleil m\u00e9diterran\u00e9en au bord de la piscine priv\u00e9e, un bon livre \u00e0 la main. \u00c0 la tomb\u00e9e de la nuit, savourez un somptueux repas italien en plein air sous un ciel \u00e9toil\u00e9, pour terminer une autre journ\u00e9e idyllique dans ce paradis italien.<\/div><\/div><\/p>","protected":false},"excerpt":{"rendered":"<p>La Casa Amore tr\u00f4ne majestueusement au c\u0153ur de la province de Bari, une r\u00e9gion r\u00e9put\u00e9e pour son riche patrimoine italien&#8230;<\/p>","protected":false},"featured_media":45260,"comment_status":"open","ping_status":"closed","template":"","meta":{"_acf_changed":false},"product_brand":[],"product_cat":[15],"product_tag":[],"class_list":{"0":"post-45216","1":"product","2":"type-product","3":"status-publish","4":"has-post-thumbnail","6":"product_cat-villa","7":"property_location-italie","8":"property_location-pouilles","10":"first","11":"instock","12":"sold-individually","13":"shipping-taxable","14":"purchasable","15":"product-type-simple"},"acf":[],"yoast_head":"<!-- This site is optimized with the Yoast SEO plugin v26.6 - https:\/\/yoast.com\/wordpress\/plugins\/seo\/ -->\n<title>Casa Amore, Monopoli, Bari, Pouilles, Italie - S\u00e9jour Priv\u00e9<\/title>\n<meta name=\"description\" content=\"La Casa Amore tr\u00f4ne majestueusement au c\u0153ur de la province de Bari, une r\u00e9gion r\u00e9put\u00e9e pour son riche patrimoine italien et ses paysages magnifiques.\" \/>\n<meta name=\"robots\" content=\"index, follow, max-snippet:-1, max-image-preview:large, max-video-preview:-1\" \/>\n<link rel=\"canonical\" href=\"https:\/\/www.sejourprive.com\/en\/biens\/casa-amore-monopoli-bari-pouilles-italie\/\" \/>\n<meta property=\"og:locale\" content=\"en_GB\" \/>\n<meta property=\"og:type\" content=\"article\" \/>\n<meta property=\"og:title\" content=\"Casa Amore, Monopoli, Bari, Pouilles, Italie - S\u00e9jour Priv\u00e9\" \/>\n<meta property=\"og:description\" content=\"La Casa Amore tr\u00f4ne majestueusement au c\u0153ur de la province de Bari, une r\u00e9gion r\u00e9put\u00e9e pour son riche patrimoine italien et ses paysages magnifiques.\" \/>\n<meta property=\"og:url\" content=\"https:\/\/www.sejourprive.com\/en\/biens\/casa-amore-monopoli-bari-pouilles-italie\/\" \/>\n<meta property=\"og:site_name\" content=\"S\u00e9jour Priv\u00e9\" \/>\n<meta property=\"article:modified_time\" content=\"2026-03-11T15:17:36+00:00\" \/>\n<meta property=\"og:image\" content=\"https:\/\/www.sejourprive.com\/wp-content\/uploads\/2026\/03\/1-92.jpg\" \/>\n\t<meta property=\"og:image:width\" content=\"1200\" \/>\n\t<meta property=\"og:image:height\" content=\"732\" \/>\n\t<meta property=\"og:image:type\" content=\"image\/jpeg\" \/>\n<meta name=\"twitter:card\" content=\"summary_large_image\" \/>\n<meta name=\"twitter:label1\" content=\"Estimated reading time\" \/>\n\t<meta name=\"twitter:data1\" content=\"1 minute\" \/>\n<script type=\"application\/ld+json\" class=\"yoast-schema-graph\">{\"@context\":\"https:\/\/schema.org\",\"@graph\":[{\"@type\":\"WebPage\",\"@id\":\"https:\/\/www.sejourprive.com\/biens\/casa-amore-monopoli-bari-pouilles-italie\/\",\"url\":\"https:\/\/www.sejourprive.com\/biens\/casa-amore-monopoli-bari-pouilles-italie\/\",\"name\":\"Casa Amore, Monopoli, Bari, Pouilles, Italie - S\u00e9jour Priv\u00e9\",\"isPartOf\":{\"@id\":\"https:\/\/www.sejourprive.com\/#website\"},\"primaryImageOfPage\":{\"@id\":\"https:\/\/www.sejourprive.com\/biens\/casa-amore-monopoli-bari-pouilles-italie\/#primaryimage\"},\"image\":{\"@id\":\"https:\/\/www.sejourprive.com\/biens\/casa-amore-monopoli-bari-pouilles-italie\/#primaryimage\"},\"thumbnailUrl\":\"https:\/\/www.sejourprive.com\/wp-content\/uploads\/2026\/03\/1-92.jpg\",\"datePublished\":\"2026-03-11T15:17:35+00:00\",\"dateModified\":\"2026-03-11T15:17:36+00:00\",\"description\":\"La Casa Amore tr\u00f4ne majestueusement au c\u0153ur de la province de Bari, une r\u00e9gion r\u00e9put\u00e9e pour son riche patrimoine italien et ses paysages magnifiques.\",\"breadcrumb\":{\"@id\":\"https:\/\/www.sejourprive.com\/biens\/casa-amore-monopoli-bari-pouilles-italie\/#breadcrumb\"},\"inLanguage\":\"en-GB\",\"potentialAction\":[{\"@type\":\"ReadAction\",\"target\":[\"https:\/\/www.sejourprive.com\/biens\/casa-amore-monopoli-bari-pouilles-italie\/\"]}]},{\"@type\":\"ImageObject\",\"inLanguage\":\"en-GB\",\"@id\":\"https:\/\/www.sejourprive.com\/biens\/casa-amore-monopoli-bari-pouilles-italie\/#primaryimage\",\"url\":\"https:\/\/www.sejourprive.com\/wp-content\/uploads\/2026\/03\/1-92.jpg\",\"contentUrl\":\"https:\/\/www.sejourprive.com\/wp-content\/uploads\/2026\/03\/1-92.jpg\",\"width\":1200,\"height\":732},{\"@type\":\"BreadcrumbList\",\"@id\":\"https:\/\/www.sejourprive.com\/biens\/casa-amore-monopoli-bari-pouilles-italie\/#breadcrumb\",\"itemListElement\":[{\"@type\":\"ListItem\",\"position\":1,\"name\":\"Accueil\",\"item\":\"https:\/\/www.sejourprive.com\/\"},{\"@type\":\"ListItem\",\"position\":2,\"name\":\"Shop\",\"item\":\"https:\/\/www.sejourprive.com\/shop\/\"},{\"@type\":\"ListItem\",\"position\":3,\"name\":\"Casa Amore, Monopoli, Bari, Pouilles, Italie\"}]},{\"@type\":\"WebSite\",\"@id\":\"https:\/\/www.sejourprive.com\/#website\",\"url\":\"https:\/\/www.sejourprive.com\/\",\"name\":\"S\u00e9jour Priv\u00e9\",\"description\":\"Nous imaginons pour vous des s\u00e9jours d\u2019exception.\",\"publisher\":{\"@id\":\"https:\/\/www.sejourprive.com\/#organization\"},\"potentialAction\":[{\"@type\":\"SearchAction\",\"target\":{\"@type\":\"EntryPoint\",\"urlTemplate\":\"https:\/\/www.sejourprive.com\/?s={search_term_string}\"},\"query-input\":{\"@type\":\"PropertyValueSpecification\",\"valueRequired\":true,\"valueName\":\"search_term_string\"}}],\"inLanguage\":\"en-GB\"},{\"@type\":\"Organization\",\"@id\":\"https:\/\/www.sejourprive.com\/#organization\",\"name\":\"S\u00e9jour Priv\u00e9\",\"url\":\"https:\/\/www.sejourprive.com\/\",\"logo\":{\"@type\":\"ImageObject\",\"inLanguage\":\"en-GB\",\"@id\":\"https:\/\/www.sejourprive.com\/#\/schema\/logo\/image\/\",\"url\":\"https:\/\/www.sejourprive.com\/wp-content\/uploads\/2026\/02\/SP-Apple-touch-144-couleur-1-2.png\",\"contentUrl\":\"https:\/\/www.sejourprive.com\/wp-content\/uploads\/2026\/02\/SP-Apple-touch-144-couleur-1-2.png\",\"width\":145,\"height\":145,\"caption\":\"S\u00e9jour Priv\u00e9\"},\"image\":{\"@id\":\"https:\/\/www.sejourprive.com\/#\/schema\/logo\/image\/\"}}]}<\/script>\n<!-- \/ Yoast SEO plugin. -->","yoast_head_json":{"title":"Casa Amore, Monopoli, Bari, Pouilles, Italie - S\u00e9jour Priv\u00e9","description":"La Casa Amore tr\u00f4ne majestueusement au c\u0153ur de la province de Bari, une r\u00e9gion r\u00e9put\u00e9e pour son riche patrimoine italien et ses paysages magnifiques.","robots":{"index":"index","follow":"follow","max-snippet":"max-snippet:-1","max-image-preview":"max-image-preview:large","max-video-preview":"max-video-preview:-1"},"canonical":"https:\/\/www.sejourprive.com\/en\/biens\/casa-amore-monopoli-bari-pouilles-italie\/","og_locale":"en_GB","og_type":"article","og_title":"Casa Amore, Monopoli, Bari, Pouilles, Italie - S\u00e9jour Priv\u00e9","og_description":"La Casa Amore tr\u00f4ne majestueusement au c\u0153ur de la province de Bari, une r\u00e9gion r\u00e9put\u00e9e pour son riche patrimoine italien et ses paysages magnifiques.","og_url":"https:\/\/www.sejourprive.com\/en\/biens\/casa-amore-monopoli-bari-pouilles-italie\/","og_site_name":"S\u00e9jour Priv\u00e9","article_modified_time":"2026-03-11T15:17:36+00:00","og_image":[{"width":1200,"height":732,"url":"https:\/\/www.sejourprive.com\/wp-content\/uploads\/2026\/03\/1-92.jpg","type":"image\/jpeg"}],"twitter_card":"summary_large_image","twitter_misc":{"Estimated reading time":"1 minute"},"schema":{"@context":"https:\/\/schema.org","@graph":[{"@type":"WebPage","@id":"https:\/\/www.sejourprive.com\/biens\/casa-amore-monopoli-bari-pouilles-italie\/","url":"https:\/\/www.sejourprive.com\/biens\/casa-amore-monopoli-bari-pouilles-italie\/","name":"Casa Amore, Monopoli, Bari, Pouilles, Italie - S\u00e9jour Priv\u00e9","isPartOf":{"@id":"https:\/\/www.sejourprive.com\/#website"},"primaryImageOfPage":{"@id":"https:\/\/www.sejourprive.com\/biens\/casa-amore-monopoli-bari-pouilles-italie\/#primaryimage"},"image":{"@id":"https:\/\/www.sejourprive.com\/biens\/casa-amore-monopoli-bari-pouilles-italie\/#primaryimage"},"thumbnailUrl":"https:\/\/www.sejourprive.com\/wp-content\/uploads\/2026\/03\/1-92.jpg","datePublished":"2026-03-11T15:17:35+00:00","dateModified":"2026-03-11T15:17:36+00:00","description":"La Casa Amore tr\u00f4ne majestueusement au c\u0153ur de la province de Bari, une r\u00e9gion r\u00e9put\u00e9e pour son riche patrimoine italien et ses paysages magnifiques.","breadcrumb":{"@id":"https:\/\/www.sejourprive.com\/biens\/casa-amore-monopoli-bari-pouilles-italie\/#breadcrumb"},"inLanguage":"en-GB","potentialAction":[{"@type":"ReadAction","target":["https:\/\/www.sejourprive.com\/biens\/casa-amore-monopoli-bari-pouilles-italie\/"]}]},{"@type":"ImageObject","inLanguage":"en-GB","@id":"https:\/\/www.sejourprive.com\/biens\/casa-amore-monopoli-bari-pouilles-italie\/#primaryimage","url":"https:\/\/www.sejourprive.com\/wp-content\/uploads\/2026\/03\/1-92.jpg","contentUrl":"https:\/\/www.sejourprive.com\/wp-content\/uploads\/2026\/03\/1-92.jpg","width":1200,"height":732},{"@type":"BreadcrumbList","@id":"https:\/\/www.sejourprive.com\/biens\/casa-amore-monopoli-bari-pouilles-italie\/#breadcrumb","itemListElement":[{"@type":"ListItem","position":1,"name":"Accueil","item":"https:\/\/www.sejourprive.com\/"},{"@type":"ListItem","position":2,"name":"Shop","item":"https:\/\/www.sejourprive.com\/shop\/"},{"@type":"ListItem","position":3,"name":"Casa Amore, Monopoli, Bari, Pouilles, Italie"}]},{"@type":"WebSite","@id":"https:\/\/www.sejourprive.com\/#website","url":"https:\/\/www.sejourprive.com\/","name":"Private Stay","description":"We design exceptional holidays for you.","publisher":{"@id":"https:\/\/www.sejourprive.com\/#organization"},"potentialAction":[{"@type":"SearchAction","target":{"@type":"EntryPoint","urlTemplate":"https:\/\/www.sejourprive.com\/?s={search_term_string}"},"query-input":{"@type":"PropertyValueSpecification","valueRequired":true,"valueName":"search_term_string"}}],"inLanguage":"en-GB"},{"@type":"Organization","@id":"https:\/\/www.sejourprive.com\/#organization","name":"Private Stay","url":"https:\/\/www.sejourprive.com\/","logo":{"@type":"ImageObject","inLanguage":"en-GB","@id":"https:\/\/www.sejourprive.com\/#\/schema\/logo\/image\/","url":"https:\/\/www.sejourprive.com\/wp-content\/uploads\/2026\/02\/SP-Apple-touch-144-couleur-1-2.png","contentUrl":"https:\/\/www.sejourprive.com\/wp-content\/uploads\/2026\/02\/SP-Apple-touch-144-couleur-1-2.png","width":145,"height":145,"caption":"S\u00e9jour Priv\u00e9"},"image":{"@id":"https:\/\/www.sejourprive.com\/#\/schema\/logo\/image\/"}}]}},"_links":{"self":[{"href":"https:\/\/www.sejourprive.com\/en\/wp-json\/wp\/v2\/product\/45216","targetHints":{"allow":["GET"]}}],"collection":[{"href":"https:\/\/www.sejourprive.com\/en\/wp-json\/wp\/v2\/product"}],"about":[{"href":"https:\/\/www.sejourprive.com\/en\/wp-json\/wp\/v2\/types\/product"}],"replies":[{"embeddable":true,"href":"https:\/\/www.sejourprive.com\/en\/wp-json\/wp\/v2\/comments?post=45216"}],"version-history":[{"count":0,"href":"https:\/\/www.sejourprive.com\/en\/wp-json\/wp\/v2\/product\/45216\/revisions"}],"wp:featuredmedia":[{"embeddable":true,"href":"https:\/\/www.sejourprive.com\/en\/wp-json\/wp\/v2\/media\/45260"}],"wp:attachment":[{"href":"https:\/\/www.sejourprive.com\/en\/wp-json\/wp\/v2\/media?parent=45216"}],"wp:term":[{"taxonomy":"product_brand","embeddable":true,"href":"https:\/\/www.sejourprive.com\/en\/wp-json\/wp\/v2\/product_brand?post=45216"},{"taxonomy":"product_cat","embeddable":true,"href":"https:\/\/www.sejourprive.com\/en\/wp-json\/wp\/v2\/product_cat?post=45216"},{"taxonomy":"product_tag","embeddable":true,"href":"https:\/\/www.sejourprive.com\/en\/wp-json\/wp\/v2\/product_tag?post=45216"}],"curies":[{"name":"wp","href":"https:\/\/api.w.org\/{rel}","templated":true}]}}