{"id":45129,"date":"2026-03-11T16:33:36","date_gmt":"2026-03-11T15:33:36","guid":{"rendered":"https:\/\/www.sejourprive.com\/?post_type=product&#038;p=45129"},"modified":"2026-03-11T16:33:36","modified_gmt":"2026-03-11T15:33:36","slug":"villa-di-campo-iano-di-montaione-fi-florence-italie","status":"publish","type":"product","link":"https:\/\/www.sejourprive.com\/en\/biens\/villa-di-campo-iano-di-montaione-fi-florence-italie\/","title":{"rendered":"Villa di Campo, Iano Di Montaione Fi, Florence, Italy"},"content":{"rendered":"<p>Discover the quintessence of Tuscan luxury at Villa di Campo. This hilltop villa, surrounded by beautiful countryside, offers a new concept in hospitality, guaranteeing unique experiences for its guests. <span><div class=\"read-more-wrapper\"><a class=\"read-more-button\" data-target=\"read-more-69f5d2057689e\" data-more-text=\"Read more\" data-less-text=\"Read less\"><span class=\"read-more-text\">Read more<\/span><\/a><div id=\"read-more-69f5d2057689e\" class=\"read-more-content\"> <\/span>With six exquisite bedrooms, a beautifully furnished living room and kitchen, Villa di Campo immerses you in a peaceful atmosphere.<br \/>\nOutside, enjoy the swimming pool, park, vegetable garden, chicken coop and private fishing lake. Indulge in the chef's delicious dishes, challenge yourself on the nearby golf course and explore the area's attractions.<br \/>\nEnd each day with a selection from the cellar. Escape to this refined and prestigious Tuscan villa for an enchanting holiday.<\/div><\/div><\/p>","protected":false},"excerpt":{"rendered":"<p>D\u00e9couvrez la quintessence du luxe toscan \u00e0 la Villa di Campo. Cette villa situ\u00e9e au sommet d&#8217;une colline, entour\u00e9e d&#8217;une&#8230;<\/p>","protected":false},"featured_media":45145,"comment_status":"open","ping_status":"closed","template":"","meta":{"_acf_changed":false},"product_brand":[],"product_cat":[15],"product_tag":[],"class_list":{"0":"post-45129","1":"product","2":"type-product","3":"status-publish","4":"has-post-thumbnail","6":"product_cat-villa","7":"property_location-florence","8":"property_location-italie","10":"first","11":"instock","12":"sold-individually","13":"shipping-taxable","14":"purchasable","15":"product-type-simple"},"acf":[],"yoast_head":"<!-- This site is optimized with the Yoast SEO plugin v26.6 - https:\/\/yoast.com\/wordpress\/plugins\/seo\/ -->\n<title>Villa di Campo, Iano Di Montaione Fi, Florence, Italie - S\u00e9jour Priv\u00e9<\/title>\n<meta name=\"description\" content=\"D\u00e9couvrez la quintessence du luxe toscan \u00e0 la Villa di Campo. Cette villa situ\u00e9e au sommet d&#039;une colline, entour\u00e9e d&#039;une campagne magnifique, offre un\" \/>\n<meta name=\"robots\" content=\"index, follow, max-snippet:-1, max-image-preview:large, max-video-preview:-1\" \/>\n<link rel=\"canonical\" href=\"https:\/\/www.sejourprive.com\/en\/biens\/villa-di-campo-iano-di-montaione-fi-florence-italie\/\" \/>\n<meta property=\"og:locale\" content=\"en_GB\" \/>\n<meta property=\"og:type\" content=\"article\" \/>\n<meta property=\"og:title\" content=\"Villa di Campo, Iano Di Montaione Fi, Florence, Italie - S\u00e9jour Priv\u00e9\" \/>\n<meta property=\"og:description\" content=\"D\u00e9couvrez la quintessence du luxe toscan \u00e0 la Villa di Campo. Cette villa situ\u00e9e au sommet d&#039;une colline, entour\u00e9e d&#039;une campagne magnifique, offre un\" \/>\n<meta property=\"og:url\" content=\"https:\/\/www.sejourprive.com\/en\/biens\/villa-di-campo-iano-di-montaione-fi-florence-italie\/\" \/>\n<meta property=\"og:site_name\" content=\"S\u00e9jour Priv\u00e9\" \/>\n<meta property=\"og:image\" content=\"https:\/\/www.sejourprive.com\/wp-content\/uploads\/2026\/03\/0-85.jpg\" \/>\n\t<meta property=\"og:image:width\" content=\"1200\" \/>\n\t<meta property=\"og:image:height\" content=\"799\" \/>\n\t<meta property=\"og:image:type\" content=\"image\/jpeg\" \/>\n<meta name=\"twitter:card\" content=\"summary_large_image\" \/>\n<meta name=\"twitter:label1\" content=\"Estimated reading time\" \/>\n\t<meta name=\"twitter:data1\" content=\"1 minute\" \/>\n<script type=\"application\/ld+json\" class=\"yoast-schema-graph\">{\"@context\":\"https:\/\/schema.org\",\"@graph\":[{\"@type\":\"WebPage\",\"@id\":\"https:\/\/www.sejourprive.com\/biens\/villa-di-campo-iano-di-montaione-fi-florence-italie\/\",\"url\":\"https:\/\/www.sejourprive.com\/biens\/villa-di-campo-iano-di-montaione-fi-florence-italie\/\",\"name\":\"Villa di Campo, Iano Di Montaione Fi, Florence, Italie - S\u00e9jour Priv\u00e9\",\"isPartOf\":{\"@id\":\"https:\/\/www.sejourprive.com\/#website\"},\"primaryImageOfPage\":{\"@id\":\"https:\/\/www.sejourprive.com\/biens\/villa-di-campo-iano-di-montaione-fi-florence-italie\/#primaryimage\"},\"image\":{\"@id\":\"https:\/\/www.sejourprive.com\/biens\/villa-di-campo-iano-di-montaione-fi-florence-italie\/#primaryimage\"},\"thumbnailUrl\":\"https:\/\/www.sejourprive.com\/wp-content\/uploads\/2026\/03\/0-85.jpg\",\"datePublished\":\"2026-03-11T15:33:36+00:00\",\"description\":\"D\u00e9couvrez la quintessence du luxe toscan \u00e0 la Villa di Campo. Cette villa situ\u00e9e au sommet d'une colline, entour\u00e9e d'une campagne magnifique, offre un\",\"breadcrumb\":{\"@id\":\"https:\/\/www.sejourprive.com\/biens\/villa-di-campo-iano-di-montaione-fi-florence-italie\/#breadcrumb\"},\"inLanguage\":\"en-GB\",\"potentialAction\":[{\"@type\":\"ReadAction\",\"target\":[\"https:\/\/www.sejourprive.com\/biens\/villa-di-campo-iano-di-montaione-fi-florence-italie\/\"]}]},{\"@type\":\"ImageObject\",\"inLanguage\":\"en-GB\",\"@id\":\"https:\/\/www.sejourprive.com\/biens\/villa-di-campo-iano-di-montaione-fi-florence-italie\/#primaryimage\",\"url\":\"https:\/\/www.sejourprive.com\/wp-content\/uploads\/2026\/03\/0-85.jpg\",\"contentUrl\":\"https:\/\/www.sejourprive.com\/wp-content\/uploads\/2026\/03\/0-85.jpg\",\"width\":1200,\"height\":799},{\"@type\":\"BreadcrumbList\",\"@id\":\"https:\/\/www.sejourprive.com\/biens\/villa-di-campo-iano-di-montaione-fi-florence-italie\/#breadcrumb\",\"itemListElement\":[{\"@type\":\"ListItem\",\"position\":1,\"name\":\"Accueil\",\"item\":\"https:\/\/www.sejourprive.com\/\"},{\"@type\":\"ListItem\",\"position\":2,\"name\":\"Shop\",\"item\":\"https:\/\/www.sejourprive.com\/shop\/\"},{\"@type\":\"ListItem\",\"position\":3,\"name\":\"Villa di Campo, Iano Di Montaione Fi, Florence, Italie\"}]},{\"@type\":\"WebSite\",\"@id\":\"https:\/\/www.sejourprive.com\/#website\",\"url\":\"https:\/\/www.sejourprive.com\/\",\"name\":\"S\u00e9jour Priv\u00e9\",\"description\":\"Nous imaginons pour vous des s\u00e9jours d\u2019exception.\",\"publisher\":{\"@id\":\"https:\/\/www.sejourprive.com\/#organization\"},\"potentialAction\":[{\"@type\":\"SearchAction\",\"target\":{\"@type\":\"EntryPoint\",\"urlTemplate\":\"https:\/\/www.sejourprive.com\/?s={search_term_string}\"},\"query-input\":{\"@type\":\"PropertyValueSpecification\",\"valueRequired\":true,\"valueName\":\"search_term_string\"}}],\"inLanguage\":\"en-GB\"},{\"@type\":\"Organization\",\"@id\":\"https:\/\/www.sejourprive.com\/#organization\",\"name\":\"S\u00e9jour Priv\u00e9\",\"url\":\"https:\/\/www.sejourprive.com\/\",\"logo\":{\"@type\":\"ImageObject\",\"inLanguage\":\"en-GB\",\"@id\":\"https:\/\/www.sejourprive.com\/#\/schema\/logo\/image\/\",\"url\":\"https:\/\/www.sejourprive.com\/wp-content\/uploads\/2026\/02\/SP-Apple-touch-144-couleur-1-2.png\",\"contentUrl\":\"https:\/\/www.sejourprive.com\/wp-content\/uploads\/2026\/02\/SP-Apple-touch-144-couleur-1-2.png\",\"width\":145,\"height\":145,\"caption\":\"S\u00e9jour Priv\u00e9\"},\"image\":{\"@id\":\"https:\/\/www.sejourprive.com\/#\/schema\/logo\/image\/\"}}]}<\/script>\n<!-- \/ Yoast SEO plugin. -->","yoast_head_json":{"title":"Villa di Campo, Iano Di Montaione Fi, Florence, Italie - S\u00e9jour Priv\u00e9","description":"D\u00e9couvrez la quintessence du luxe toscan \u00e0 la Villa di Campo. Cette villa situ\u00e9e au sommet d'une colline, entour\u00e9e d'une campagne magnifique, offre un","robots":{"index":"index","follow":"follow","max-snippet":"max-snippet:-1","max-image-preview":"max-image-preview:large","max-video-preview":"max-video-preview:-1"},"canonical":"https:\/\/www.sejourprive.com\/en\/biens\/villa-di-campo-iano-di-montaione-fi-florence-italie\/","og_locale":"en_GB","og_type":"article","og_title":"Villa di Campo, Iano Di Montaione Fi, Florence, Italie - S\u00e9jour Priv\u00e9","og_description":"D\u00e9couvrez la quintessence du luxe toscan \u00e0 la Villa di Campo. Cette villa situ\u00e9e au sommet d'une colline, entour\u00e9e d'une campagne magnifique, offre un","og_url":"https:\/\/www.sejourprive.com\/en\/biens\/villa-di-campo-iano-di-montaione-fi-florence-italie\/","og_site_name":"S\u00e9jour Priv\u00e9","og_image":[{"width":1200,"height":799,"url":"https:\/\/www.sejourprive.com\/wp-content\/uploads\/2026\/03\/0-85.jpg","type":"image\/jpeg"}],"twitter_card":"summary_large_image","twitter_misc":{"Estimated reading time":"1 minute"},"schema":{"@context":"https:\/\/schema.org","@graph":[{"@type":"WebPage","@id":"https:\/\/www.sejourprive.com\/biens\/villa-di-campo-iano-di-montaione-fi-florence-italie\/","url":"https:\/\/www.sejourprive.com\/biens\/villa-di-campo-iano-di-montaione-fi-florence-italie\/","name":"Villa di Campo, Iano Di Montaione Fi, Florence, Italie - S\u00e9jour Priv\u00e9","isPartOf":{"@id":"https:\/\/www.sejourprive.com\/#website"},"primaryImageOfPage":{"@id":"https:\/\/www.sejourprive.com\/biens\/villa-di-campo-iano-di-montaione-fi-florence-italie\/#primaryimage"},"image":{"@id":"https:\/\/www.sejourprive.com\/biens\/villa-di-campo-iano-di-montaione-fi-florence-italie\/#primaryimage"},"thumbnailUrl":"https:\/\/www.sejourprive.com\/wp-content\/uploads\/2026\/03\/0-85.jpg","datePublished":"2026-03-11T15:33:36+00:00","description":"D\u00e9couvrez la quintessence du luxe toscan \u00e0 la Villa di Campo. Cette villa situ\u00e9e au sommet d'une colline, entour\u00e9e d'une campagne magnifique, offre un","breadcrumb":{"@id":"https:\/\/www.sejourprive.com\/biens\/villa-di-campo-iano-di-montaione-fi-florence-italie\/#breadcrumb"},"inLanguage":"en-GB","potentialAction":[{"@type":"ReadAction","target":["https:\/\/www.sejourprive.com\/biens\/villa-di-campo-iano-di-montaione-fi-florence-italie\/"]}]},{"@type":"ImageObject","inLanguage":"en-GB","@id":"https:\/\/www.sejourprive.com\/biens\/villa-di-campo-iano-di-montaione-fi-florence-italie\/#primaryimage","url":"https:\/\/www.sejourprive.com\/wp-content\/uploads\/2026\/03\/0-85.jpg","contentUrl":"https:\/\/www.sejourprive.com\/wp-content\/uploads\/2026\/03\/0-85.jpg","width":1200,"height":799},{"@type":"BreadcrumbList","@id":"https:\/\/www.sejourprive.com\/biens\/villa-di-campo-iano-di-montaione-fi-florence-italie\/#breadcrumb","itemListElement":[{"@type":"ListItem","position":1,"name":"Accueil","item":"https:\/\/www.sejourprive.com\/"},{"@type":"ListItem","position":2,"name":"Shop","item":"https:\/\/www.sejourprive.com\/shop\/"},{"@type":"ListItem","position":3,"name":"Villa di Campo, Iano Di Montaione Fi, Florence, Italie"}]},{"@type":"WebSite","@id":"https:\/\/www.sejourprive.com\/#website","url":"https:\/\/www.sejourprive.com\/","name":"Private Stay","description":"We design exceptional holidays for you.","publisher":{"@id":"https:\/\/www.sejourprive.com\/#organization"},"potentialAction":[{"@type":"SearchAction","target":{"@type":"EntryPoint","urlTemplate":"https:\/\/www.sejourprive.com\/?s={search_term_string}"},"query-input":{"@type":"PropertyValueSpecification","valueRequired":true,"valueName":"search_term_string"}}],"inLanguage":"en-GB"},{"@type":"Organization","@id":"https:\/\/www.sejourprive.com\/#organization","name":"Private Stay","url":"https:\/\/www.sejourprive.com\/","logo":{"@type":"ImageObject","inLanguage":"en-GB","@id":"https:\/\/www.sejourprive.com\/#\/schema\/logo\/image\/","url":"https:\/\/www.sejourprive.com\/wp-content\/uploads\/2026\/02\/SP-Apple-touch-144-couleur-1-2.png","contentUrl":"https:\/\/www.sejourprive.com\/wp-content\/uploads\/2026\/02\/SP-Apple-touch-144-couleur-1-2.png","width":145,"height":145,"caption":"S\u00e9jour Priv\u00e9"},"image":{"@id":"https:\/\/www.sejourprive.com\/#\/schema\/logo\/image\/"}}]}},"_links":{"self":[{"href":"https:\/\/www.sejourprive.com\/en\/wp-json\/wp\/v2\/product\/45129","targetHints":{"allow":["GET"]}}],"collection":[{"href":"https:\/\/www.sejourprive.com\/en\/wp-json\/wp\/v2\/product"}],"about":[{"href":"https:\/\/www.sejourprive.com\/en\/wp-json\/wp\/v2\/types\/product"}],"replies":[{"embeddable":true,"href":"https:\/\/www.sejourprive.com\/en\/wp-json\/wp\/v2\/comments?post=45129"}],"version-history":[{"count":0,"href":"https:\/\/www.sejourprive.com\/en\/wp-json\/wp\/v2\/product\/45129\/revisions"}],"wp:featuredmedia":[{"embeddable":true,"href":"https:\/\/www.sejourprive.com\/en\/wp-json\/wp\/v2\/media\/45145"}],"wp:attachment":[{"href":"https:\/\/www.sejourprive.com\/en\/wp-json\/wp\/v2\/media?parent=45129"}],"wp:term":[{"taxonomy":"product_brand","embeddable":true,"href":"https:\/\/www.sejourprive.com\/en\/wp-json\/wp\/v2\/product_brand?post=45129"},{"taxonomy":"product_cat","embeddable":true,"href":"https:\/\/www.sejourprive.com\/en\/wp-json\/wp\/v2\/product_cat?post=45129"},{"taxonomy":"product_tag","embeddable":true,"href":"https:\/\/www.sejourprive.com\/en\/wp-json\/wp\/v2\/product_tag?post=45129"}],"curies":[{"name":"wp","href":"https:\/\/api.w.org\/{rel}","templated":true}]}}