{"id":45045,"date":"2026-03-11T15:49:23","date_gmt":"2026-03-11T14:49:23","guid":{"rendered":"https:\/\/www.sejourprive.com\/?post_type=product&#038;p=45045"},"modified":"2026-03-11T15:49:23","modified_gmt":"2026-03-11T14:49:23","slug":"villa-repertorio-ostuni-pouilles-italie","status":"publish","type":"product","link":"https:\/\/www.sejourprive.com\/en\/biens\/villa-repertorio-ostuni-pouilles-italie\/","title":{"rendered":"Villa Repertorio, Ostuni, Puglia, Italy"},"content":{"rendered":"<p>Nich\u00e9e au milieu d&#8217;oliviers centenaires \u00e0 l&#8217;ext\u00e9rieur d&#8217;Ostuni, la Villa Repertorio offre une escapade raffin\u00e9e au c\u0153ur des Pouilles. \u00c0 quelques minutes seulement des villages blanchis \u00e0 la chaux de la vall\u00e9e d&#8217;Itria, de la c\u00f4te adriatique et du charme historique de Polignano a Mare et Monopoli, c&#8217;est un point de d\u00e9part id\u00e9al pour explorer le sud de l&#8217;Italie. <span><div class=\"read-more-wrapper\"><a class=\"read-more-button\" data-target=\"read-more-69edf3a17de6f\" data-more-text=\"Read more\" data-less-text=\"Read less\"><span class=\"read-more-text\">Read more<\/span><\/a><div id=\"read-more-69edf3a17de6f\" class=\"read-more-content\"> <\/span><\/p>\n<p>Les matin\u00e9es commencent par un caf\u00e9 au bord de la piscine \u00e0 d\u00e9bordement, suivi d&#8217;une promenade dans le jardin m\u00e9diterran\u00e9en ou d&#8217;une visite dans une ville voisine. Les apr\u00e8s-midis sont consacr\u00e9s \u00e0 se pr\u00e9lasser au soleil, \u00e0 piquer une t\u00eate dans la piscine et \u00e0 pr\u00e9parer des sp\u00e9cialit\u00e9s locales dans la cuisine ext\u00e9rieure. \u00c0 la tomb\u00e9e de la nuit, rassemblez-vous autour du feu de camp avec un verre de vin ou d\u00eenez en plein air sous les \u00e9toiles, envelopp\u00e9s par la chaleur de ce cadre paisible et magnifiquement sauvage.<\/div><\/div><\/p>","protected":false},"excerpt":{"rendered":"<p>Nich\u00e9e au milieu d&#8217;oliviers centenaires \u00e0 l&#8217;ext\u00e9rieur d&#8217;Ostuni, la Villa Repertorio offre une escapade raffin\u00e9e au c\u0153ur des Pouilles. \u00c0&#8230;<\/p>","protected":false},"featured_media":45053,"comment_status":"open","ping_status":"closed","template":"","meta":{"_acf_changed":false},"product_brand":[],"product_cat":[15],"product_tag":[],"class_list":{"0":"post-45045","1":"product","2":"type-product","3":"status-publish","4":"has-post-thumbnail","6":"product_cat-villa","7":"property_location-italie","8":"property_location-pouilles","10":"first","11":"instock","12":"sold-individually","13":"shipping-taxable","14":"purchasable","15":"product-type-simple"},"acf":[],"yoast_head":"<!-- This site is optimized with the Yoast SEO plugin v26.6 - https:\/\/yoast.com\/wordpress\/plugins\/seo\/ -->\n<title>Villa Repertorio, Ostuni, Pouilles, Italie - S\u00e9jour Priv\u00e9<\/title>\n<meta name=\"description\" content=\"Nich\u00e9e au milieu d&#039;oliviers centenaires \u00e0 l&#039;ext\u00e9rieur d&#039;Ostuni, la Villa Repertorio offre une escapade raffin\u00e9e au c\u0153ur des Pouilles. \u00c0 quelques minutes\" \/>\n<meta name=\"robots\" content=\"index, follow, max-snippet:-1, max-image-preview:large, max-video-preview:-1\" \/>\n<link rel=\"canonical\" href=\"https:\/\/www.sejourprive.com\/en\/biens\/villa-repertorio-ostuni-pouilles-italie\/\" \/>\n<meta property=\"og:locale\" content=\"en_GB\" \/>\n<meta property=\"og:type\" content=\"article\" \/>\n<meta property=\"og:title\" content=\"Villa Repertorio, Ostuni, Pouilles, Italie - S\u00e9jour Priv\u00e9\" \/>\n<meta property=\"og:description\" content=\"Nich\u00e9e au milieu d&#039;oliviers centenaires \u00e0 l&#039;ext\u00e9rieur d&#039;Ostuni, la Villa Repertorio offre une escapade raffin\u00e9e au c\u0153ur des Pouilles. \u00c0 quelques minutes\" \/>\n<meta property=\"og:url\" content=\"https:\/\/www.sejourprive.com\/en\/biens\/villa-repertorio-ostuni-pouilles-italie\/\" \/>\n<meta property=\"og:site_name\" content=\"S\u00e9jour Priv\u00e9\" \/>\n<meta property=\"og:image\" content=\"https:\/\/www.sejourprive.com\/wp-content\/uploads\/2026\/03\/1-87.jpg\" \/>\n\t<meta property=\"og:image:width\" content=\"1200\" \/>\n\t<meta property=\"og:image:height\" content=\"800\" \/>\n\t<meta property=\"og:image:type\" content=\"image\/jpeg\" \/>\n<meta name=\"twitter:card\" content=\"summary_large_image\" \/>\n<meta name=\"twitter:label1\" content=\"Estimated reading time\" \/>\n\t<meta name=\"twitter:data1\" content=\"1 minute\" \/>\n<script type=\"application\/ld+json\" class=\"yoast-schema-graph\">{\"@context\":\"https:\/\/schema.org\",\"@graph\":[{\"@type\":\"WebPage\",\"@id\":\"https:\/\/www.sejourprive.com\/biens\/villa-repertorio-ostuni-pouilles-italie\/\",\"url\":\"https:\/\/www.sejourprive.com\/biens\/villa-repertorio-ostuni-pouilles-italie\/\",\"name\":\"Villa Repertorio, Ostuni, Pouilles, Italie - S\u00e9jour Priv\u00e9\",\"isPartOf\":{\"@id\":\"https:\/\/www.sejourprive.com\/#website\"},\"primaryImageOfPage\":{\"@id\":\"https:\/\/www.sejourprive.com\/biens\/villa-repertorio-ostuni-pouilles-italie\/#primaryimage\"},\"image\":{\"@id\":\"https:\/\/www.sejourprive.com\/biens\/villa-repertorio-ostuni-pouilles-italie\/#primaryimage\"},\"thumbnailUrl\":\"https:\/\/www.sejourprive.com\/wp-content\/uploads\/2026\/03\/1-87.jpg\",\"datePublished\":\"2026-03-11T14:49:23+00:00\",\"description\":\"Nich\u00e9e au milieu d'oliviers centenaires \u00e0 l'ext\u00e9rieur d'Ostuni, la Villa Repertorio offre une escapade raffin\u00e9e au c\u0153ur des Pouilles. \u00c0 quelques minutes\",\"breadcrumb\":{\"@id\":\"https:\/\/www.sejourprive.com\/biens\/villa-repertorio-ostuni-pouilles-italie\/#breadcrumb\"},\"inLanguage\":\"en-GB\",\"potentialAction\":[{\"@type\":\"ReadAction\",\"target\":[\"https:\/\/www.sejourprive.com\/biens\/villa-repertorio-ostuni-pouilles-italie\/\"]}]},{\"@type\":\"ImageObject\",\"inLanguage\":\"en-GB\",\"@id\":\"https:\/\/www.sejourprive.com\/biens\/villa-repertorio-ostuni-pouilles-italie\/#primaryimage\",\"url\":\"https:\/\/www.sejourprive.com\/wp-content\/uploads\/2026\/03\/1-87.jpg\",\"contentUrl\":\"https:\/\/www.sejourprive.com\/wp-content\/uploads\/2026\/03\/1-87.jpg\",\"width\":1200,\"height\":800},{\"@type\":\"BreadcrumbList\",\"@id\":\"https:\/\/www.sejourprive.com\/biens\/villa-repertorio-ostuni-pouilles-italie\/#breadcrumb\",\"itemListElement\":[{\"@type\":\"ListItem\",\"position\":1,\"name\":\"Accueil\",\"item\":\"https:\/\/www.sejourprive.com\/\"},{\"@type\":\"ListItem\",\"position\":2,\"name\":\"Shop\",\"item\":\"https:\/\/www.sejourprive.com\/shop\/\"},{\"@type\":\"ListItem\",\"position\":3,\"name\":\"Villa Repertorio, Ostuni, Pouilles, Italie\"}]},{\"@type\":\"WebSite\",\"@id\":\"https:\/\/www.sejourprive.com\/#website\",\"url\":\"https:\/\/www.sejourprive.com\/\",\"name\":\"S\u00e9jour Priv\u00e9\",\"description\":\"Nous imaginons pour vous des s\u00e9jours d\u2019exception.\",\"publisher\":{\"@id\":\"https:\/\/www.sejourprive.com\/#organization\"},\"potentialAction\":[{\"@type\":\"SearchAction\",\"target\":{\"@type\":\"EntryPoint\",\"urlTemplate\":\"https:\/\/www.sejourprive.com\/?s={search_term_string}\"},\"query-input\":{\"@type\":\"PropertyValueSpecification\",\"valueRequired\":true,\"valueName\":\"search_term_string\"}}],\"inLanguage\":\"en-GB\"},{\"@type\":\"Organization\",\"@id\":\"https:\/\/www.sejourprive.com\/#organization\",\"name\":\"S\u00e9jour Priv\u00e9\",\"url\":\"https:\/\/www.sejourprive.com\/\",\"logo\":{\"@type\":\"ImageObject\",\"inLanguage\":\"en-GB\",\"@id\":\"https:\/\/www.sejourprive.com\/#\/schema\/logo\/image\/\",\"url\":\"https:\/\/www.sejourprive.com\/wp-content\/uploads\/2026\/02\/SP-Apple-touch-144-couleur-1-2.png\",\"contentUrl\":\"https:\/\/www.sejourprive.com\/wp-content\/uploads\/2026\/02\/SP-Apple-touch-144-couleur-1-2.png\",\"width\":145,\"height\":145,\"caption\":\"S\u00e9jour Priv\u00e9\"},\"image\":{\"@id\":\"https:\/\/www.sejourprive.com\/#\/schema\/logo\/image\/\"}}]}<\/script>\n<!-- \/ Yoast SEO plugin. -->","yoast_head_json":{"title":"Villa Repertorio, Ostuni, Pouilles, Italie - S\u00e9jour Priv\u00e9","description":"Nich\u00e9e au milieu d'oliviers centenaires \u00e0 l'ext\u00e9rieur d'Ostuni, la Villa Repertorio offre une escapade raffin\u00e9e au c\u0153ur des Pouilles. \u00c0 quelques minutes","robots":{"index":"index","follow":"follow","max-snippet":"max-snippet:-1","max-image-preview":"max-image-preview:large","max-video-preview":"max-video-preview:-1"},"canonical":"https:\/\/www.sejourprive.com\/en\/biens\/villa-repertorio-ostuni-pouilles-italie\/","og_locale":"en_GB","og_type":"article","og_title":"Villa Repertorio, Ostuni, Pouilles, Italie - S\u00e9jour Priv\u00e9","og_description":"Nich\u00e9e au milieu d'oliviers centenaires \u00e0 l'ext\u00e9rieur d'Ostuni, la Villa Repertorio offre une escapade raffin\u00e9e au c\u0153ur des Pouilles. \u00c0 quelques minutes","og_url":"https:\/\/www.sejourprive.com\/en\/biens\/villa-repertorio-ostuni-pouilles-italie\/","og_site_name":"S\u00e9jour Priv\u00e9","og_image":[{"width":1200,"height":800,"url":"https:\/\/www.sejourprive.com\/wp-content\/uploads\/2026\/03\/1-87.jpg","type":"image\/jpeg"}],"twitter_card":"summary_large_image","twitter_misc":{"Estimated reading time":"1 minute"},"schema":{"@context":"https:\/\/schema.org","@graph":[{"@type":"WebPage","@id":"https:\/\/www.sejourprive.com\/biens\/villa-repertorio-ostuni-pouilles-italie\/","url":"https:\/\/www.sejourprive.com\/biens\/villa-repertorio-ostuni-pouilles-italie\/","name":"Villa Repertorio, Ostuni, Pouilles, Italie - S\u00e9jour Priv\u00e9","isPartOf":{"@id":"https:\/\/www.sejourprive.com\/#website"},"primaryImageOfPage":{"@id":"https:\/\/www.sejourprive.com\/biens\/villa-repertorio-ostuni-pouilles-italie\/#primaryimage"},"image":{"@id":"https:\/\/www.sejourprive.com\/biens\/villa-repertorio-ostuni-pouilles-italie\/#primaryimage"},"thumbnailUrl":"https:\/\/www.sejourprive.com\/wp-content\/uploads\/2026\/03\/1-87.jpg","datePublished":"2026-03-11T14:49:23+00:00","description":"Nich\u00e9e au milieu d'oliviers centenaires \u00e0 l'ext\u00e9rieur d'Ostuni, la Villa Repertorio offre une escapade raffin\u00e9e au c\u0153ur des Pouilles. \u00c0 quelques minutes","breadcrumb":{"@id":"https:\/\/www.sejourprive.com\/biens\/villa-repertorio-ostuni-pouilles-italie\/#breadcrumb"},"inLanguage":"en-GB","potentialAction":[{"@type":"ReadAction","target":["https:\/\/www.sejourprive.com\/biens\/villa-repertorio-ostuni-pouilles-italie\/"]}]},{"@type":"ImageObject","inLanguage":"en-GB","@id":"https:\/\/www.sejourprive.com\/biens\/villa-repertorio-ostuni-pouilles-italie\/#primaryimage","url":"https:\/\/www.sejourprive.com\/wp-content\/uploads\/2026\/03\/1-87.jpg","contentUrl":"https:\/\/www.sejourprive.com\/wp-content\/uploads\/2026\/03\/1-87.jpg","width":1200,"height":800},{"@type":"BreadcrumbList","@id":"https:\/\/www.sejourprive.com\/biens\/villa-repertorio-ostuni-pouilles-italie\/#breadcrumb","itemListElement":[{"@type":"ListItem","position":1,"name":"Accueil","item":"https:\/\/www.sejourprive.com\/"},{"@type":"ListItem","position":2,"name":"Shop","item":"https:\/\/www.sejourprive.com\/shop\/"},{"@type":"ListItem","position":3,"name":"Villa Repertorio, Ostuni, Pouilles, Italie"}]},{"@type":"WebSite","@id":"https:\/\/www.sejourprive.com\/#website","url":"https:\/\/www.sejourprive.com\/","name":"Private Stay","description":"We design exceptional holidays for you.","publisher":{"@id":"https:\/\/www.sejourprive.com\/#organization"},"potentialAction":[{"@type":"SearchAction","target":{"@type":"EntryPoint","urlTemplate":"https:\/\/www.sejourprive.com\/?s={search_term_string}"},"query-input":{"@type":"PropertyValueSpecification","valueRequired":true,"valueName":"search_term_string"}}],"inLanguage":"en-GB"},{"@type":"Organization","@id":"https:\/\/www.sejourprive.com\/#organization","name":"Private Stay","url":"https:\/\/www.sejourprive.com\/","logo":{"@type":"ImageObject","inLanguage":"en-GB","@id":"https:\/\/www.sejourprive.com\/#\/schema\/logo\/image\/","url":"https:\/\/www.sejourprive.com\/wp-content\/uploads\/2026\/02\/SP-Apple-touch-144-couleur-1-2.png","contentUrl":"https:\/\/www.sejourprive.com\/wp-content\/uploads\/2026\/02\/SP-Apple-touch-144-couleur-1-2.png","width":145,"height":145,"caption":"S\u00e9jour Priv\u00e9"},"image":{"@id":"https:\/\/www.sejourprive.com\/#\/schema\/logo\/image\/"}}]}},"_links":{"self":[{"href":"https:\/\/www.sejourprive.com\/en\/wp-json\/wp\/v2\/product\/45045","targetHints":{"allow":["GET"]}}],"collection":[{"href":"https:\/\/www.sejourprive.com\/en\/wp-json\/wp\/v2\/product"}],"about":[{"href":"https:\/\/www.sejourprive.com\/en\/wp-json\/wp\/v2\/types\/product"}],"replies":[{"embeddable":true,"href":"https:\/\/www.sejourprive.com\/en\/wp-json\/wp\/v2\/comments?post=45045"}],"version-history":[{"count":0,"href":"https:\/\/www.sejourprive.com\/en\/wp-json\/wp\/v2\/product\/45045\/revisions"}],"wp:featuredmedia":[{"embeddable":true,"href":"https:\/\/www.sejourprive.com\/en\/wp-json\/wp\/v2\/media\/45053"}],"wp:attachment":[{"href":"https:\/\/www.sejourprive.com\/en\/wp-json\/wp\/v2\/media?parent=45045"}],"wp:term":[{"taxonomy":"product_brand","embeddable":true,"href":"https:\/\/www.sejourprive.com\/en\/wp-json\/wp\/v2\/product_brand?post=45045"},{"taxonomy":"product_cat","embeddable":true,"href":"https:\/\/www.sejourprive.com\/en\/wp-json\/wp\/v2\/product_cat?post=45045"},{"taxonomy":"product_tag","embeddable":true,"href":"https:\/\/www.sejourprive.com\/en\/wp-json\/wp\/v2\/product_tag?post=45045"}],"curies":[{"name":"wp","href":"https:\/\/api.w.org\/{rel}","templated":true}]}}