{"id":44828,"date":"2026-03-10T11:57:27","date_gmt":"2026-03-10T10:57:27","guid":{"rendered":"https:\/\/www.sejourprive.com\/?post_type=product&#038;p=44828"},"modified":"2026-03-10T11:57:27","modified_gmt":"2026-03-10T10:57:27","slug":"villa-fortaleza-poggi-del-sasso-grosseto-toscane-italie","status":"publish","type":"product","link":"https:\/\/www.sejourprive.com\/en\/biens\/villa-fortaleza-poggi-del-sasso-grosseto-toscane-italie\/","title":{"rendered":"Villa Fortaleza, Poggi del Sasso, Grosseto, Tuscany, Italy"},"content":{"rendered":"<p>Entre la province de Livourne et le nord du Latium, la r\u00e9gion de la Maremme s&#8217;\u00e9tend sur un territoire aux fronti\u00e8res vaguement d\u00e9finies, dont les seules limites sont trac\u00e9es par des bosquets de cypr\u00e8s et d&#8217;immenses paysages accident\u00e9s. Cette beaut\u00e9 envo\u00fbtante se refl\u00e8te dans la Villa Fortaleza, qui s&#8217;\u00e9l\u00e8ve paisiblement au c\u0153ur de la campagne toscane et raconte, \u00e0 travers chacune de ses pierres, une histoire qui remonte \u00e0 plusieurs si\u00e8cles.<br \/>\n<span><div class=\"read-more-wrapper\"><a class=\"read-more-button\" data-target=\"read-more-69e9ebbc6971d\" data-more-text=\"Read more\" data-less-text=\"Read less\"><span class=\"read-more-text\">Read more<\/span><\/a><div id=\"read-more-69e9ebbc6971d\" class=\"read-more-content\"> <\/span><\/p>\n<p>Isol\u00e9e au milieu d&#8217;une nature luxuriante, la Villa Fortaleza semble avoir travers\u00e9 les \u00e2ges sans encombre, observant avec audace les paysages qui changent au fil des saisons. Les jardins, compos\u00e9s dans la pure tradition des villas italiennes, avec des cypr\u00e8s ponctuant le vert \u00e9blouissant des collines ondulantes, s&#8217;associent \u00e0 l&#8217;architecture du domaine pour composer un tableau harmonieux.<\/p>\n<p>Une fois la porte ouverte, l&#8217;aspect m\u00e9di\u00e9val de ce ch\u00e2teau du XIIe si\u00e8cle laisse place \u00e0 un luxe raffin\u00e9, m\u00ealant les \u00e9poques et les styles dans un m\u00e9lange de modernisme et de tradition. Les ornements rapport\u00e9s de voyages en Indon\u00e9sie succ\u00e8dent aux statues de la Renaissance, tandis que la cuisine toscane authentique peut \u00eatre agr\u00e9ment\u00e9e des produits de la cave, le tout avec une vue imprenable sur les vignobles du Chianti cultiv\u00e9s \u00e0 quelques centaines de m\u00e8tres.<\/p>\n<p>Plus que de simples chambres, les suites de la villa sont de v\u00e9ritables espaces de vie, invitant \u00e0 la contemplation du caract\u00e8re intemporel des paysages environnants dans une atmosph\u00e8re calme et intime.<\/div><\/div><\/p>","protected":false},"excerpt":{"rendered":"<p>Entre la province de Livourne et le nord du Latium, la r\u00e9gion de la Maremme s&#8217;\u00e9tend sur un territoire aux&#8230;<\/p>","protected":false},"featured_media":44830,"comment_status":"open","ping_status":"closed","template":"","meta":{"_acf_changed":false},"product_brand":[],"product_cat":[15],"product_tag":[],"class_list":{"0":"post-44828","1":"product","2":"type-product","3":"status-publish","4":"has-post-thumbnail","6":"product_cat-villa","7":"property_location-italie","8":"property_location-toscane","10":"first","11":"instock","12":"sold-individually","13":"shipping-taxable","14":"purchasable","15":"product-type-simple"},"acf":[],"yoast_head":"<!-- This site is optimized with the Yoast SEO plugin v26.6 - https:\/\/yoast.com\/wordpress\/plugins\/seo\/ -->\n<title>Villa Fortaleza, Poggi del Sasso, Grosseto, Toscane, Italie - S\u00e9jour Priv\u00e9<\/title>\n<meta name=\"description\" content=\"Entre la province de Livourne et le nord du Latium, la r\u00e9gion de la Maremme s&#039;\u00e9tend sur un territoire aux fronti\u00e8res vaguement d\u00e9finies, dont les seules\" \/>\n<meta name=\"robots\" content=\"index, follow, max-snippet:-1, max-image-preview:large, max-video-preview:-1\" \/>\n<link rel=\"canonical\" href=\"https:\/\/www.sejourprive.com\/en\/biens\/villa-fortaleza-poggi-del-sasso-grosseto-toscane-italie\/\" \/>\n<meta property=\"og:locale\" content=\"en_GB\" \/>\n<meta property=\"og:type\" content=\"article\" \/>\n<meta property=\"og:title\" content=\"Villa Fortaleza, Poggi del Sasso, Grosseto, Toscane, Italie - S\u00e9jour Priv\u00e9\" \/>\n<meta property=\"og:description\" content=\"Entre la province de Livourne et le nord du Latium, la r\u00e9gion de la Maremme s&#039;\u00e9tend sur un territoire aux fronti\u00e8res vaguement d\u00e9finies, dont les seules\" \/>\n<meta property=\"og:url\" content=\"https:\/\/www.sejourprive.com\/en\/biens\/villa-fortaleza-poggi-del-sasso-grosseto-toscane-italie\/\" \/>\n<meta property=\"og:site_name\" content=\"S\u00e9jour Priv\u00e9\" \/>\n<meta property=\"og:image\" content=\"https:\/\/www.sejourprive.com\/wp-content\/uploads\/2026\/03\/0-78.jpg\" \/>\n\t<meta property=\"og:image:width\" content=\"1200\" \/>\n\t<meta property=\"og:image:height\" content=\"800\" \/>\n\t<meta property=\"og:image:type\" content=\"image\/jpeg\" \/>\n<meta name=\"twitter:card\" content=\"summary_large_image\" \/>\n<meta name=\"twitter:label1\" content=\"Estimated reading time\" \/>\n\t<meta name=\"twitter:data1\" content=\"2 minutes\" \/>\n<script type=\"application\/ld+json\" class=\"yoast-schema-graph\">{\"@context\":\"https:\/\/schema.org\",\"@graph\":[{\"@type\":\"WebPage\",\"@id\":\"https:\/\/www.sejourprive.com\/biens\/villa-fortaleza-poggi-del-sasso-grosseto-toscane-italie\/\",\"url\":\"https:\/\/www.sejourprive.com\/biens\/villa-fortaleza-poggi-del-sasso-grosseto-toscane-italie\/\",\"name\":\"Villa Fortaleza, Poggi del Sasso, Grosseto, Toscane, Italie - S\u00e9jour Priv\u00e9\",\"isPartOf\":{\"@id\":\"https:\/\/www.sejourprive.com\/#website\"},\"primaryImageOfPage\":{\"@id\":\"https:\/\/www.sejourprive.com\/biens\/villa-fortaleza-poggi-del-sasso-grosseto-toscane-italie\/#primaryimage\"},\"image\":{\"@id\":\"https:\/\/www.sejourprive.com\/biens\/villa-fortaleza-poggi-del-sasso-grosseto-toscane-italie\/#primaryimage\"},\"thumbnailUrl\":\"https:\/\/www.sejourprive.com\/wp-content\/uploads\/2026\/03\/0-78.jpg\",\"datePublished\":\"2026-03-10T10:57:27+00:00\",\"description\":\"Entre la province de Livourne et le nord du Latium, la r\u00e9gion de la Maremme s'\u00e9tend sur un territoire aux fronti\u00e8res vaguement d\u00e9finies, dont les seules\",\"breadcrumb\":{\"@id\":\"https:\/\/www.sejourprive.com\/biens\/villa-fortaleza-poggi-del-sasso-grosseto-toscane-italie\/#breadcrumb\"},\"inLanguage\":\"en-GB\",\"potentialAction\":[{\"@type\":\"ReadAction\",\"target\":[\"https:\/\/www.sejourprive.com\/biens\/villa-fortaleza-poggi-del-sasso-grosseto-toscane-italie\/\"]}]},{\"@type\":\"ImageObject\",\"inLanguage\":\"en-GB\",\"@id\":\"https:\/\/www.sejourprive.com\/biens\/villa-fortaleza-poggi-del-sasso-grosseto-toscane-italie\/#primaryimage\",\"url\":\"https:\/\/www.sejourprive.com\/wp-content\/uploads\/2026\/03\/0-78.jpg\",\"contentUrl\":\"https:\/\/www.sejourprive.com\/wp-content\/uploads\/2026\/03\/0-78.jpg\",\"width\":1200,\"height\":800},{\"@type\":\"BreadcrumbList\",\"@id\":\"https:\/\/www.sejourprive.com\/biens\/villa-fortaleza-poggi-del-sasso-grosseto-toscane-italie\/#breadcrumb\",\"itemListElement\":[{\"@type\":\"ListItem\",\"position\":1,\"name\":\"Accueil\",\"item\":\"https:\/\/www.sejourprive.com\/\"},{\"@type\":\"ListItem\",\"position\":2,\"name\":\"Shop\",\"item\":\"https:\/\/www.sejourprive.com\/shop\/\"},{\"@type\":\"ListItem\",\"position\":3,\"name\":\"Villa Fortaleza, Poggi del Sasso, Grosseto, Toscane, Italie\"}]},{\"@type\":\"WebSite\",\"@id\":\"https:\/\/www.sejourprive.com\/#website\",\"url\":\"https:\/\/www.sejourprive.com\/\",\"name\":\"S\u00e9jour Priv\u00e9\",\"description\":\"Nous imaginons pour vous des s\u00e9jours d\u2019exception.\",\"publisher\":{\"@id\":\"https:\/\/www.sejourprive.com\/#organization\"},\"potentialAction\":[{\"@type\":\"SearchAction\",\"target\":{\"@type\":\"EntryPoint\",\"urlTemplate\":\"https:\/\/www.sejourprive.com\/?s={search_term_string}\"},\"query-input\":{\"@type\":\"PropertyValueSpecification\",\"valueRequired\":true,\"valueName\":\"search_term_string\"}}],\"inLanguage\":\"en-GB\"},{\"@type\":\"Organization\",\"@id\":\"https:\/\/www.sejourprive.com\/#organization\",\"name\":\"S\u00e9jour Priv\u00e9\",\"url\":\"https:\/\/www.sejourprive.com\/\",\"logo\":{\"@type\":\"ImageObject\",\"inLanguage\":\"en-GB\",\"@id\":\"https:\/\/www.sejourprive.com\/#\/schema\/logo\/image\/\",\"url\":\"https:\/\/www.sejourprive.com\/wp-content\/uploads\/2026\/02\/SP-Apple-touch-144-couleur-1-2.png\",\"contentUrl\":\"https:\/\/www.sejourprive.com\/wp-content\/uploads\/2026\/02\/SP-Apple-touch-144-couleur-1-2.png\",\"width\":145,\"height\":145,\"caption\":\"S\u00e9jour Priv\u00e9\"},\"image\":{\"@id\":\"https:\/\/www.sejourprive.com\/#\/schema\/logo\/image\/\"}}]}<\/script>\n<!-- \/ Yoast SEO plugin. -->","yoast_head_json":{"title":"Villa Fortaleza, Poggi del Sasso, Grosseto, Toscane, Italie - S\u00e9jour Priv\u00e9","description":"Entre la province de Livourne et le nord du Latium, la r\u00e9gion de la Maremme s'\u00e9tend sur un territoire aux fronti\u00e8res vaguement d\u00e9finies, dont les seules","robots":{"index":"index","follow":"follow","max-snippet":"max-snippet:-1","max-image-preview":"max-image-preview:large","max-video-preview":"max-video-preview:-1"},"canonical":"https:\/\/www.sejourprive.com\/en\/biens\/villa-fortaleza-poggi-del-sasso-grosseto-toscane-italie\/","og_locale":"en_GB","og_type":"article","og_title":"Villa Fortaleza, Poggi del Sasso, Grosseto, Toscane, Italie - S\u00e9jour Priv\u00e9","og_description":"Entre la province de Livourne et le nord du Latium, la r\u00e9gion de la Maremme s'\u00e9tend sur un territoire aux fronti\u00e8res vaguement d\u00e9finies, dont les seules","og_url":"https:\/\/www.sejourprive.com\/en\/biens\/villa-fortaleza-poggi-del-sasso-grosseto-toscane-italie\/","og_site_name":"S\u00e9jour Priv\u00e9","og_image":[{"width":1200,"height":800,"url":"https:\/\/www.sejourprive.com\/wp-content\/uploads\/2026\/03\/0-78.jpg","type":"image\/jpeg"}],"twitter_card":"summary_large_image","twitter_misc":{"Estimated reading time":"2 minutes"},"schema":{"@context":"https:\/\/schema.org","@graph":[{"@type":"WebPage","@id":"https:\/\/www.sejourprive.com\/biens\/villa-fortaleza-poggi-del-sasso-grosseto-toscane-italie\/","url":"https:\/\/www.sejourprive.com\/biens\/villa-fortaleza-poggi-del-sasso-grosseto-toscane-italie\/","name":"Villa Fortaleza, Poggi del Sasso, Grosseto, Toscane, Italie - S\u00e9jour Priv\u00e9","isPartOf":{"@id":"https:\/\/www.sejourprive.com\/#website"},"primaryImageOfPage":{"@id":"https:\/\/www.sejourprive.com\/biens\/villa-fortaleza-poggi-del-sasso-grosseto-toscane-italie\/#primaryimage"},"image":{"@id":"https:\/\/www.sejourprive.com\/biens\/villa-fortaleza-poggi-del-sasso-grosseto-toscane-italie\/#primaryimage"},"thumbnailUrl":"https:\/\/www.sejourprive.com\/wp-content\/uploads\/2026\/03\/0-78.jpg","datePublished":"2026-03-10T10:57:27+00:00","description":"Entre la province de Livourne et le nord du Latium, la r\u00e9gion de la Maremme s'\u00e9tend sur un territoire aux fronti\u00e8res vaguement d\u00e9finies, dont les seules","breadcrumb":{"@id":"https:\/\/www.sejourprive.com\/biens\/villa-fortaleza-poggi-del-sasso-grosseto-toscane-italie\/#breadcrumb"},"inLanguage":"en-GB","potentialAction":[{"@type":"ReadAction","target":["https:\/\/www.sejourprive.com\/biens\/villa-fortaleza-poggi-del-sasso-grosseto-toscane-italie\/"]}]},{"@type":"ImageObject","inLanguage":"en-GB","@id":"https:\/\/www.sejourprive.com\/biens\/villa-fortaleza-poggi-del-sasso-grosseto-toscane-italie\/#primaryimage","url":"https:\/\/www.sejourprive.com\/wp-content\/uploads\/2026\/03\/0-78.jpg","contentUrl":"https:\/\/www.sejourprive.com\/wp-content\/uploads\/2026\/03\/0-78.jpg","width":1200,"height":800},{"@type":"BreadcrumbList","@id":"https:\/\/www.sejourprive.com\/biens\/villa-fortaleza-poggi-del-sasso-grosseto-toscane-italie\/#breadcrumb","itemListElement":[{"@type":"ListItem","position":1,"name":"Accueil","item":"https:\/\/www.sejourprive.com\/"},{"@type":"ListItem","position":2,"name":"Shop","item":"https:\/\/www.sejourprive.com\/shop\/"},{"@type":"ListItem","position":3,"name":"Villa Fortaleza, Poggi del Sasso, Grosseto, Toscane, Italie"}]},{"@type":"WebSite","@id":"https:\/\/www.sejourprive.com\/#website","url":"https:\/\/www.sejourprive.com\/","name":"Private Stay","description":"We design exceptional holidays for you.","publisher":{"@id":"https:\/\/www.sejourprive.com\/#organization"},"potentialAction":[{"@type":"SearchAction","target":{"@type":"EntryPoint","urlTemplate":"https:\/\/www.sejourprive.com\/?s={search_term_string}"},"query-input":{"@type":"PropertyValueSpecification","valueRequired":true,"valueName":"search_term_string"}}],"inLanguage":"en-GB"},{"@type":"Organization","@id":"https:\/\/www.sejourprive.com\/#organization","name":"Private Stay","url":"https:\/\/www.sejourprive.com\/","logo":{"@type":"ImageObject","inLanguage":"en-GB","@id":"https:\/\/www.sejourprive.com\/#\/schema\/logo\/image\/","url":"https:\/\/www.sejourprive.com\/wp-content\/uploads\/2026\/02\/SP-Apple-touch-144-couleur-1-2.png","contentUrl":"https:\/\/www.sejourprive.com\/wp-content\/uploads\/2026\/02\/SP-Apple-touch-144-couleur-1-2.png","width":145,"height":145,"caption":"S\u00e9jour Priv\u00e9"},"image":{"@id":"https:\/\/www.sejourprive.com\/#\/schema\/logo\/image\/"}}]}},"_links":{"self":[{"href":"https:\/\/www.sejourprive.com\/en\/wp-json\/wp\/v2\/product\/44828","targetHints":{"allow":["GET"]}}],"collection":[{"href":"https:\/\/www.sejourprive.com\/en\/wp-json\/wp\/v2\/product"}],"about":[{"href":"https:\/\/www.sejourprive.com\/en\/wp-json\/wp\/v2\/types\/product"}],"replies":[{"embeddable":true,"href":"https:\/\/www.sejourprive.com\/en\/wp-json\/wp\/v2\/comments?post=44828"}],"version-history":[{"count":0,"href":"https:\/\/www.sejourprive.com\/en\/wp-json\/wp\/v2\/product\/44828\/revisions"}],"wp:featuredmedia":[{"embeddable":true,"href":"https:\/\/www.sejourprive.com\/en\/wp-json\/wp\/v2\/media\/44830"}],"wp:attachment":[{"href":"https:\/\/www.sejourprive.com\/en\/wp-json\/wp\/v2\/media?parent=44828"}],"wp:term":[{"taxonomy":"product_brand","embeddable":true,"href":"https:\/\/www.sejourprive.com\/en\/wp-json\/wp\/v2\/product_brand?post=44828"},{"taxonomy":"product_cat","embeddable":true,"href":"https:\/\/www.sejourprive.com\/en\/wp-json\/wp\/v2\/product_cat?post=44828"},{"taxonomy":"product_tag","embeddable":true,"href":"https:\/\/www.sejourprive.com\/en\/wp-json\/wp\/v2\/product_tag?post=44828"}],"curies":[{"name":"wp","href":"https:\/\/api.w.org\/{rel}","templated":true}]}}