{"id":44285,"date":"2026-03-10T12:39:13","date_gmt":"2026-03-10T11:39:13","guid":{"rendered":"https:\/\/www.sejourprive.com\/?post_type=product&#038;p=44285"},"modified":"2026-03-10T12:39:13","modified_gmt":"2026-03-10T11:39:13","slug":"villa-benessere-olbia-sardaigne-italie","status":"publish","type":"product","link":"https:\/\/www.sejourprive.com\/en\/biens\/villa-benessere-olbia-sardaigne-italie\/","title":{"rendered":"Villa Benessere, Olbia, Sardinia, Italy"},"content":{"rendered":"<p>D\u00e9couvrez un luxe et un confort in\u00e9gal\u00e9s \u00e0 la Villa Benessere \u00e0 Porto Rotondo. Cette villa enchanteresse dispose de 6 chambres \u00e9l\u00e9gamment con\u00e7ues et est \u00e9quip\u00e9e d&#8217;une piscine priv\u00e9e, d&#8217;une vue imprenable sur la mer et d&#8217;un acc\u00e8s aux plages voisines. Avec ses \u00e9quipements modernes et son cadre \u00e0 couper le souffle, la Villa Benessere est le refuge id\u00e9al pour des vacances inoubliables.<br \/>\n<span><div class=\"read-more-wrapper\"><a class=\"read-more-button\" data-target=\"read-more-69f477abd2be5\" data-more-text=\"Read more\" data-less-text=\"Read less\"><span class=\"read-more-text\">Read more<\/span><\/a><div id=\"read-more-69f477abd2be5\" class=\"read-more-content\"> <\/span><\/p>\n<p>Du moment o\u00f9 vous vous r\u00e9veillez jusqu&#8217;au dernier rayon du soleil couchant, la Villa Benessere vous offre une escapade de r\u00eave qui promet de rajeunir vos sens et de cr\u00e9er des souvenirs inoubliables. Alors que la lumi\u00e8re du matin envahit la villa, entrez dans la chambre principale bien am\u00e9nag\u00e9e o\u00f9 des draps moelleux et une ambiance sereine vous invitent \u00e0 commencer la journ\u00e9e en toute tranquillit\u00e9.<\/p>\n<p>Promenez-vous sur la vaste terrasse et admirez la vue imprenable sur la mer \u00e9meraude qui s&#8217;\u00e9tend devant vous. La brise sal\u00e9e vous murmure les aventures qui vous attendent sur le rivage. Savourez un d\u00e9licieux petit-d\u00e9jeuner, pr\u00e9par\u00e9 dans la cuisine enti\u00e8rement \u00e9quip\u00e9e, qui offre tout le confort moderne dont vous pouvez r\u00eaver. Avec ses baies vitr\u00e9es, la salle \u00e0 manger offre un cadre pittoresque pour savourer votre repas avec vos proches.<\/p>\n<p>La piscine priv\u00e9e, scintillant sous le soleil m\u00e9diterran\u00e9en, vous invite \u00e0 la d\u00e9tente. Allongez-vous sur les confortables chaises longues et laissez les heures s&#8217;\u00e9couler en sirotant des boissons rafra\u00eechissantes. La pergola au bord de la piscine cr\u00e9e une oasis ombrag\u00e9e, parfaite pour lire tranquillement ou discuter avec des amis.<\/p>\n<p>Pour les \u00e2mes aventureuses, une courte promenade vous m\u00e8nera aux plages voisines, chacune offrant son charme particulier. Enfoncez vos orteils dans le sable doux et baignez-vous dans les eaux cristallines, ou adonnez-vous \u00e0 des sports nautiques palpitants pour une mont\u00e9e d&#8217;adr\u00e9naline.<\/p>\n<p>Retournez \u00e0 la villa pour un d\u00e9licieux d\u00e9jeuner en plein air, pr\u00e9par\u00e9 sur le barbecue ext\u00e9rieur. Savourez les d\u00e9licieuses saveurs locales au milieu des panoramas c\u00f4tiers \u00e0 couper le souffle, pour une exp\u00e9rience culinaire vraiment immersive.<\/p>\n<p>Au fil de la journ\u00e9e, explorez le magnifique jardin paysager, o\u00f9 la v\u00e9g\u00e9tation luxuriante et les fleurs parfum\u00e9es ajoutent \u00e0 l&#8217;ambiance enchanteresse. Prenez un moment pour vous connecter \u00e0 la nature, m\u00e9diter ou pratiquer le yoga dans ce sanctuaire de bonheur.<\/p>\n<p>Dans l&#8217;apr\u00e8s-midi, aventurez-vous dans la ville de Porto Rotondo, un charmant village qui offre des march\u00e9s anim\u00e9s, des boutiques et des caf\u00e9s traditionnels. Plongez-vous dans la culture locale, interagissez avec les habitants chaleureux et collectionnez des souvenirs \u00e0 ch\u00e9rir.<\/p>\n<p>\u00c0 l&#8217;approche du coucher du soleil, retournez \u00e0 la villa pour assister \u00e0 un spectacle magique. Admirez le ciel se parer de nuances orange et rose, cr\u00e9ant une toile de fond \u00e0 couper le souffle pour un d\u00eener aux chandelles sur la terrasse. Laissez un chef priv\u00e9 vous concocter un somptueux repas, adapt\u00e9 \u00e0 vos pr\u00e9f\u00e9rences, pour faire de cette soir\u00e9e un voyage culinaire inoubliable.<\/p>\n<p>Enfin, retirez-vous dans les chambres accueillantes, chacune d\u00e9cor\u00e9e dans un souci de confort et de luxe. Glissez-vous dans un sommeil r\u00e9parateur, sachant que demain vous r\u00e9serve une autre journ\u00e9e d\u00e9licieuse \u00e0 la Villa Benessere, o\u00f9 des moments pr\u00e9cieux et des exp\u00e9riences inoubliables vous attendent&#8230;<\/div><\/div><\/p>","protected":false},"excerpt":{"rendered":"<p>D\u00e9couvrez un luxe et un confort in\u00e9gal\u00e9s \u00e0 la Villa Benessere \u00e0 Porto Rotondo. Cette villa enchanteresse dispose de 6&#8230;<\/p>","protected":false},"featured_media":44289,"comment_status":"open","ping_status":"closed","template":"","meta":{"_acf_changed":false},"product_brand":[],"product_cat":[15],"product_tag":[],"class_list":{"0":"post-44285","1":"product","2":"type-product","3":"status-publish","4":"has-post-thumbnail","6":"product_cat-villa","7":"property_location-italie","8":"property_location-sardaigne","10":"first","11":"instock","12":"sold-individually","13":"shipping-taxable","14":"purchasable","15":"product-type-simple"},"acf":[],"yoast_head":"<!-- This site is optimized with the Yoast SEO plugin v26.6 - https:\/\/yoast.com\/wordpress\/plugins\/seo\/ -->\n<title>Villa Benessere, Olbia, Sardaigne, Italie - S\u00e9jour Priv\u00e9<\/title>\n<meta name=\"description\" content=\"D\u00e9couvrez un luxe et un confort in\u00e9gal\u00e9s \u00e0 la Villa Benessere \u00e0 Porto Rotondo. Cette villa enchanteresse dispose de 6 chambres \u00e9l\u00e9gamment con\u00e7ues et est\" \/>\n<meta name=\"robots\" content=\"index, follow, max-snippet:-1, max-image-preview:large, max-video-preview:-1\" \/>\n<link rel=\"canonical\" href=\"https:\/\/www.sejourprive.com\/en\/biens\/villa-benessere-olbia-sardaigne-italie\/\" \/>\n<meta property=\"og:locale\" content=\"en_GB\" \/>\n<meta property=\"og:type\" content=\"article\" \/>\n<meta property=\"og:title\" content=\"Villa Benessere, Olbia, Sardaigne, Italie - S\u00e9jour Priv\u00e9\" \/>\n<meta property=\"og:description\" content=\"D\u00e9couvrez un luxe et un confort in\u00e9gal\u00e9s \u00e0 la Villa Benessere \u00e0 Porto Rotondo. Cette villa enchanteresse dispose de 6 chambres \u00e9l\u00e9gamment con\u00e7ues et est\" \/>\n<meta property=\"og:url\" content=\"https:\/\/www.sejourprive.com\/en\/biens\/villa-benessere-olbia-sardaigne-italie\/\" \/>\n<meta property=\"og:site_name\" content=\"S\u00e9jour Priv\u00e9\" \/>\n<meta property=\"og:image\" content=\"https:\/\/www.sejourprive.com\/wp-content\/uploads\/2026\/03\/0-67.jpg\" \/>\n\t<meta property=\"og:image:width\" content=\"1200\" \/>\n\t<meta property=\"og:image:height\" content=\"800\" \/>\n\t<meta property=\"og:image:type\" content=\"image\/jpeg\" \/>\n<meta name=\"twitter:card\" content=\"summary_large_image\" \/>\n<meta name=\"twitter:label1\" content=\"Estimated reading time\" \/>\n\t<meta name=\"twitter:data1\" content=\"3 minutes\" \/>\n<script type=\"application\/ld+json\" class=\"yoast-schema-graph\">{\"@context\":\"https:\/\/schema.org\",\"@graph\":[{\"@type\":\"WebPage\",\"@id\":\"https:\/\/www.sejourprive.com\/biens\/villa-benessere-olbia-sardaigne-italie\/\",\"url\":\"https:\/\/www.sejourprive.com\/biens\/villa-benessere-olbia-sardaigne-italie\/\",\"name\":\"Villa Benessere, Olbia, Sardaigne, Italie - S\u00e9jour Priv\u00e9\",\"isPartOf\":{\"@id\":\"https:\/\/www.sejourprive.com\/#website\"},\"primaryImageOfPage\":{\"@id\":\"https:\/\/www.sejourprive.com\/biens\/villa-benessere-olbia-sardaigne-italie\/#primaryimage\"},\"image\":{\"@id\":\"https:\/\/www.sejourprive.com\/biens\/villa-benessere-olbia-sardaigne-italie\/#primaryimage\"},\"thumbnailUrl\":\"https:\/\/www.sejourprive.com\/wp-content\/uploads\/2026\/03\/0-67.jpg\",\"datePublished\":\"2026-03-10T11:39:13+00:00\",\"description\":\"D\u00e9couvrez un luxe et un confort in\u00e9gal\u00e9s \u00e0 la Villa Benessere \u00e0 Porto Rotondo. Cette villa enchanteresse dispose de 6 chambres \u00e9l\u00e9gamment con\u00e7ues et est\",\"breadcrumb\":{\"@id\":\"https:\/\/www.sejourprive.com\/biens\/villa-benessere-olbia-sardaigne-italie\/#breadcrumb\"},\"inLanguage\":\"en-GB\",\"potentialAction\":[{\"@type\":\"ReadAction\",\"target\":[\"https:\/\/www.sejourprive.com\/biens\/villa-benessere-olbia-sardaigne-italie\/\"]}]},{\"@type\":\"ImageObject\",\"inLanguage\":\"en-GB\",\"@id\":\"https:\/\/www.sejourprive.com\/biens\/villa-benessere-olbia-sardaigne-italie\/#primaryimage\",\"url\":\"https:\/\/www.sejourprive.com\/wp-content\/uploads\/2026\/03\/0-67.jpg\",\"contentUrl\":\"https:\/\/www.sejourprive.com\/wp-content\/uploads\/2026\/03\/0-67.jpg\",\"width\":1200,\"height\":800},{\"@type\":\"BreadcrumbList\",\"@id\":\"https:\/\/www.sejourprive.com\/biens\/villa-benessere-olbia-sardaigne-italie\/#breadcrumb\",\"itemListElement\":[{\"@type\":\"ListItem\",\"position\":1,\"name\":\"Accueil\",\"item\":\"https:\/\/www.sejourprive.com\/\"},{\"@type\":\"ListItem\",\"position\":2,\"name\":\"Shop\",\"item\":\"https:\/\/www.sejourprive.com\/shop\/\"},{\"@type\":\"ListItem\",\"position\":3,\"name\":\"Villa Benessere, Olbia, Sardaigne, Italie\"}]},{\"@type\":\"WebSite\",\"@id\":\"https:\/\/www.sejourprive.com\/#website\",\"url\":\"https:\/\/www.sejourprive.com\/\",\"name\":\"S\u00e9jour Priv\u00e9\",\"description\":\"Nous imaginons pour vous des s\u00e9jours d\u2019exception.\",\"publisher\":{\"@id\":\"https:\/\/www.sejourprive.com\/#organization\"},\"potentialAction\":[{\"@type\":\"SearchAction\",\"target\":{\"@type\":\"EntryPoint\",\"urlTemplate\":\"https:\/\/www.sejourprive.com\/?s={search_term_string}\"},\"query-input\":{\"@type\":\"PropertyValueSpecification\",\"valueRequired\":true,\"valueName\":\"search_term_string\"}}],\"inLanguage\":\"en-GB\"},{\"@type\":\"Organization\",\"@id\":\"https:\/\/www.sejourprive.com\/#organization\",\"name\":\"S\u00e9jour Priv\u00e9\",\"url\":\"https:\/\/www.sejourprive.com\/\",\"logo\":{\"@type\":\"ImageObject\",\"inLanguage\":\"en-GB\",\"@id\":\"https:\/\/www.sejourprive.com\/#\/schema\/logo\/image\/\",\"url\":\"https:\/\/www.sejourprive.com\/wp-content\/uploads\/2026\/02\/SP-Apple-touch-144-couleur-1-2.png\",\"contentUrl\":\"https:\/\/www.sejourprive.com\/wp-content\/uploads\/2026\/02\/SP-Apple-touch-144-couleur-1-2.png\",\"width\":145,\"height\":145,\"caption\":\"S\u00e9jour Priv\u00e9\"},\"image\":{\"@id\":\"https:\/\/www.sejourprive.com\/#\/schema\/logo\/image\/\"}}]}<\/script>\n<!-- \/ Yoast SEO plugin. -->","yoast_head_json":{"title":"Villa Benessere, Olbia, Sardaigne, Italie - S\u00e9jour Priv\u00e9","description":"D\u00e9couvrez un luxe et un confort in\u00e9gal\u00e9s \u00e0 la Villa Benessere \u00e0 Porto Rotondo. Cette villa enchanteresse dispose de 6 chambres \u00e9l\u00e9gamment con\u00e7ues et est","robots":{"index":"index","follow":"follow","max-snippet":"max-snippet:-1","max-image-preview":"max-image-preview:large","max-video-preview":"max-video-preview:-1"},"canonical":"https:\/\/www.sejourprive.com\/en\/biens\/villa-benessere-olbia-sardaigne-italie\/","og_locale":"en_GB","og_type":"article","og_title":"Villa Benessere, Olbia, Sardaigne, Italie - S\u00e9jour Priv\u00e9","og_description":"D\u00e9couvrez un luxe et un confort in\u00e9gal\u00e9s \u00e0 la Villa Benessere \u00e0 Porto Rotondo. Cette villa enchanteresse dispose de 6 chambres \u00e9l\u00e9gamment con\u00e7ues et est","og_url":"https:\/\/www.sejourprive.com\/en\/biens\/villa-benessere-olbia-sardaigne-italie\/","og_site_name":"S\u00e9jour Priv\u00e9","og_image":[{"width":1200,"height":800,"url":"https:\/\/www.sejourprive.com\/wp-content\/uploads\/2026\/03\/0-67.jpg","type":"image\/jpeg"}],"twitter_card":"summary_large_image","twitter_misc":{"Estimated reading time":"3 minutes"},"schema":{"@context":"https:\/\/schema.org","@graph":[{"@type":"WebPage","@id":"https:\/\/www.sejourprive.com\/biens\/villa-benessere-olbia-sardaigne-italie\/","url":"https:\/\/www.sejourprive.com\/biens\/villa-benessere-olbia-sardaigne-italie\/","name":"Villa Benessere, Olbia, Sardaigne, Italie - S\u00e9jour Priv\u00e9","isPartOf":{"@id":"https:\/\/www.sejourprive.com\/#website"},"primaryImageOfPage":{"@id":"https:\/\/www.sejourprive.com\/biens\/villa-benessere-olbia-sardaigne-italie\/#primaryimage"},"image":{"@id":"https:\/\/www.sejourprive.com\/biens\/villa-benessere-olbia-sardaigne-italie\/#primaryimage"},"thumbnailUrl":"https:\/\/www.sejourprive.com\/wp-content\/uploads\/2026\/03\/0-67.jpg","datePublished":"2026-03-10T11:39:13+00:00","description":"D\u00e9couvrez un luxe et un confort in\u00e9gal\u00e9s \u00e0 la Villa Benessere \u00e0 Porto Rotondo. Cette villa enchanteresse dispose de 6 chambres \u00e9l\u00e9gamment con\u00e7ues et est","breadcrumb":{"@id":"https:\/\/www.sejourprive.com\/biens\/villa-benessere-olbia-sardaigne-italie\/#breadcrumb"},"inLanguage":"en-GB","potentialAction":[{"@type":"ReadAction","target":["https:\/\/www.sejourprive.com\/biens\/villa-benessere-olbia-sardaigne-italie\/"]}]},{"@type":"ImageObject","inLanguage":"en-GB","@id":"https:\/\/www.sejourprive.com\/biens\/villa-benessere-olbia-sardaigne-italie\/#primaryimage","url":"https:\/\/www.sejourprive.com\/wp-content\/uploads\/2026\/03\/0-67.jpg","contentUrl":"https:\/\/www.sejourprive.com\/wp-content\/uploads\/2026\/03\/0-67.jpg","width":1200,"height":800},{"@type":"BreadcrumbList","@id":"https:\/\/www.sejourprive.com\/biens\/villa-benessere-olbia-sardaigne-italie\/#breadcrumb","itemListElement":[{"@type":"ListItem","position":1,"name":"Accueil","item":"https:\/\/www.sejourprive.com\/"},{"@type":"ListItem","position":2,"name":"Shop","item":"https:\/\/www.sejourprive.com\/shop\/"},{"@type":"ListItem","position":3,"name":"Villa Benessere, Olbia, Sardaigne, Italie"}]},{"@type":"WebSite","@id":"https:\/\/www.sejourprive.com\/#website","url":"https:\/\/www.sejourprive.com\/","name":"Private Stay","description":"We design exceptional holidays for you.","publisher":{"@id":"https:\/\/www.sejourprive.com\/#organization"},"potentialAction":[{"@type":"SearchAction","target":{"@type":"EntryPoint","urlTemplate":"https:\/\/www.sejourprive.com\/?s={search_term_string}"},"query-input":{"@type":"PropertyValueSpecification","valueRequired":true,"valueName":"search_term_string"}}],"inLanguage":"en-GB"},{"@type":"Organization","@id":"https:\/\/www.sejourprive.com\/#organization","name":"Private Stay","url":"https:\/\/www.sejourprive.com\/","logo":{"@type":"ImageObject","inLanguage":"en-GB","@id":"https:\/\/www.sejourprive.com\/#\/schema\/logo\/image\/","url":"https:\/\/www.sejourprive.com\/wp-content\/uploads\/2026\/02\/SP-Apple-touch-144-couleur-1-2.png","contentUrl":"https:\/\/www.sejourprive.com\/wp-content\/uploads\/2026\/02\/SP-Apple-touch-144-couleur-1-2.png","width":145,"height":145,"caption":"S\u00e9jour Priv\u00e9"},"image":{"@id":"https:\/\/www.sejourprive.com\/#\/schema\/logo\/image\/"}}]}},"_links":{"self":[{"href":"https:\/\/www.sejourprive.com\/en\/wp-json\/wp\/v2\/product\/44285","targetHints":{"allow":["GET"]}}],"collection":[{"href":"https:\/\/www.sejourprive.com\/en\/wp-json\/wp\/v2\/product"}],"about":[{"href":"https:\/\/www.sejourprive.com\/en\/wp-json\/wp\/v2\/types\/product"}],"replies":[{"embeddable":true,"href":"https:\/\/www.sejourprive.com\/en\/wp-json\/wp\/v2\/comments?post=44285"}],"version-history":[{"count":0,"href":"https:\/\/www.sejourprive.com\/en\/wp-json\/wp\/v2\/product\/44285\/revisions"}],"wp:featuredmedia":[{"embeddable":true,"href":"https:\/\/www.sejourprive.com\/en\/wp-json\/wp\/v2\/media\/44289"}],"wp:attachment":[{"href":"https:\/\/www.sejourprive.com\/en\/wp-json\/wp\/v2\/media?parent=44285"}],"wp:term":[{"taxonomy":"product_brand","embeddable":true,"href":"https:\/\/www.sejourprive.com\/en\/wp-json\/wp\/v2\/product_brand?post=44285"},{"taxonomy":"product_cat","embeddable":true,"href":"https:\/\/www.sejourprive.com\/en\/wp-json\/wp\/v2\/product_cat?post=44285"},{"taxonomy":"product_tag","embeddable":true,"href":"https:\/\/www.sejourprive.com\/en\/wp-json\/wp\/v2\/product_tag?post=44285"}],"curies":[{"name":"wp","href":"https:\/\/api.w.org\/{rel}","templated":true}]}}