{"id":44100,"date":"2026-03-10T11:53:10","date_gmt":"2026-03-10T10:53:10","guid":{"rendered":"https:\/\/www.sejourprive.com\/?post_type=product&#038;p=44100"},"modified":"2026-03-10T11:53:10","modified_gmt":"2026-03-10T10:53:10","slug":"masseria-bonaccia-martano-salento-pouilles-italie","status":"publish","type":"product","link":"https:\/\/www.sejourprive.com\/en\/biens\/masseria-bonaccia-martano-salento-pouilles-italie\/","title":{"rendered":"Masseria Bonaccia, Martano, Salento, Puglia, Italy"},"content":{"rendered":"<p>La beaut\u00e9 des Pouilles se d\u00e9voile \u00e0 Massera Bonaccia, une magnifique demeure typique de la r\u00e9gion, construite en pierre de Lecce. Nich\u00e9e au milieu des oliveraies et baign\u00e9e de lumi\u00e8re, la maison respecte le style rural des Pouilles. C&#8217;est un v\u00e9ritable havre de paix pour des vacances bien m\u00e9rit\u00e9es.<br \/>\n<span><div class=\"read-more-wrapper\"><a class=\"read-more-button\" data-target=\"read-more-69f51071e60db\" data-more-text=\"Read more\" data-less-text=\"Read less\"><span class=\"read-more-text\">Read more<\/span><\/a><div id=\"read-more-69f51071e60db\" class=\"read-more-content\"> <\/span><\/p>\n<p>Pendant votre petit-d\u00e9jeuner sous la pergola, d\u00e9couvrez la beaut\u00e9 de la vaisselle en porcelaine typique de la r\u00e9gion et les d\u00e9licieux produits locaux. Pour un moment de d\u00e9tente absolue, profitez de la piscine avant d&#8217;allumer le barbecue et de partager une soir\u00e9e inoubliable avec vos proches.<\/div><\/div><\/p>","protected":false},"excerpt":{"rendered":"<p>La beaut\u00e9 des Pouilles se d\u00e9voile \u00e0 Massera Bonaccia, une magnifique demeure typique de la r\u00e9gion, construite en pierre de&#8230;<\/p>","protected":false},"featured_media":44102,"comment_status":"open","ping_status":"closed","template":"","meta":{"_acf_changed":false},"product_brand":[],"product_cat":[15],"product_tag":[],"class_list":{"0":"post-44100","1":"product","2":"type-product","3":"status-publish","4":"has-post-thumbnail","6":"product_cat-villa","7":"property_location-italie","8":"property_location-pouilles","10":"first","11":"instock","12":"sold-individually","13":"shipping-taxable","14":"purchasable","15":"product-type-simple"},"acf":[],"yoast_head":"<!-- This site is optimized with the Yoast SEO plugin v26.6 - https:\/\/yoast.com\/wordpress\/plugins\/seo\/ -->\n<title>Masseria Bonaccia, Martano, Salento, Pouilles, Italie - S\u00e9jour Priv\u00e9<\/title>\n<meta name=\"description\" content=\"La beaut\u00e9 des Pouilles se d\u00e9voile \u00e0 Massera Bonaccia, une magnifique demeure typique de la r\u00e9gion, construite en pierre de Lecce. Nich\u00e9e au milieu des\" \/>\n<meta name=\"robots\" content=\"index, follow, max-snippet:-1, max-image-preview:large, max-video-preview:-1\" \/>\n<link rel=\"canonical\" href=\"https:\/\/www.sejourprive.com\/en\/biens\/masseria-bonaccia-martano-salento-pouilles-italie\/\" \/>\n<meta property=\"og:locale\" content=\"en_GB\" \/>\n<meta property=\"og:type\" content=\"article\" \/>\n<meta property=\"og:title\" content=\"Masseria Bonaccia, Martano, Salento, Pouilles, Italie - S\u00e9jour Priv\u00e9\" \/>\n<meta property=\"og:description\" content=\"La beaut\u00e9 des Pouilles se d\u00e9voile \u00e0 Massera Bonaccia, une magnifique demeure typique de la r\u00e9gion, construite en pierre de Lecce. Nich\u00e9e au milieu des\" \/>\n<meta property=\"og:url\" content=\"https:\/\/www.sejourprive.com\/en\/biens\/masseria-bonaccia-martano-salento-pouilles-italie\/\" \/>\n<meta property=\"og:site_name\" content=\"S\u00e9jour Priv\u00e9\" \/>\n<meta property=\"og:image\" content=\"https:\/\/www.sejourprive.com\/wp-content\/uploads\/2026\/03\/0-2-1024x675.png\" \/>\n\t<meta property=\"og:image:width\" content=\"1024\" \/>\n\t<meta property=\"og:image:height\" content=\"675\" \/>\n\t<meta property=\"og:image:type\" content=\"image\/png\" \/>\n<meta name=\"twitter:card\" content=\"summary_large_image\" \/>\n<meta name=\"twitter:label1\" content=\"Estimated reading time\" \/>\n\t<meta name=\"twitter:data1\" content=\"1 minute\" \/>\n<script type=\"application\/ld+json\" class=\"yoast-schema-graph\">{\"@context\":\"https:\/\/schema.org\",\"@graph\":[{\"@type\":\"WebPage\",\"@id\":\"https:\/\/www.sejourprive.com\/biens\/masseria-bonaccia-martano-salento-pouilles-italie\/\",\"url\":\"https:\/\/www.sejourprive.com\/biens\/masseria-bonaccia-martano-salento-pouilles-italie\/\",\"name\":\"Masseria Bonaccia, Martano, Salento, Pouilles, Italie - S\u00e9jour Priv\u00e9\",\"isPartOf\":{\"@id\":\"https:\/\/www.sejourprive.com\/#website\"},\"primaryImageOfPage\":{\"@id\":\"https:\/\/www.sejourprive.com\/biens\/masseria-bonaccia-martano-salento-pouilles-italie\/#primaryimage\"},\"image\":{\"@id\":\"https:\/\/www.sejourprive.com\/biens\/masseria-bonaccia-martano-salento-pouilles-italie\/#primaryimage\"},\"thumbnailUrl\":\"https:\/\/www.sejourprive.com\/wp-content\/uploads\/2026\/03\/0-2.png\",\"datePublished\":\"2026-03-10T10:53:10+00:00\",\"description\":\"La beaut\u00e9 des Pouilles se d\u00e9voile \u00e0 Massera Bonaccia, une magnifique demeure typique de la r\u00e9gion, construite en pierre de Lecce. Nich\u00e9e au milieu des\",\"breadcrumb\":{\"@id\":\"https:\/\/www.sejourprive.com\/biens\/masseria-bonaccia-martano-salento-pouilles-italie\/#breadcrumb\"},\"inLanguage\":\"en-GB\",\"potentialAction\":[{\"@type\":\"ReadAction\",\"target\":[\"https:\/\/www.sejourprive.com\/biens\/masseria-bonaccia-martano-salento-pouilles-italie\/\"]}]},{\"@type\":\"ImageObject\",\"inLanguage\":\"en-GB\",\"@id\":\"https:\/\/www.sejourprive.com\/biens\/masseria-bonaccia-martano-salento-pouilles-italie\/#primaryimage\",\"url\":\"https:\/\/www.sejourprive.com\/wp-content\/uploads\/2026\/03\/0-2.png\",\"contentUrl\":\"https:\/\/www.sejourprive.com\/wp-content\/uploads\/2026\/03\/0-2.png\",\"width\":1200,\"height\":791},{\"@type\":\"BreadcrumbList\",\"@id\":\"https:\/\/www.sejourprive.com\/biens\/masseria-bonaccia-martano-salento-pouilles-italie\/#breadcrumb\",\"itemListElement\":[{\"@type\":\"ListItem\",\"position\":1,\"name\":\"Accueil\",\"item\":\"https:\/\/www.sejourprive.com\/\"},{\"@type\":\"ListItem\",\"position\":2,\"name\":\"Shop\",\"item\":\"https:\/\/www.sejourprive.com\/shop\/\"},{\"@type\":\"ListItem\",\"position\":3,\"name\":\"Masseria Bonaccia, Martano, Salento, Pouilles, Italie\"}]},{\"@type\":\"WebSite\",\"@id\":\"https:\/\/www.sejourprive.com\/#website\",\"url\":\"https:\/\/www.sejourprive.com\/\",\"name\":\"S\u00e9jour Priv\u00e9\",\"description\":\"Nous imaginons pour vous des s\u00e9jours d\u2019exception.\",\"publisher\":{\"@id\":\"https:\/\/www.sejourprive.com\/#organization\"},\"potentialAction\":[{\"@type\":\"SearchAction\",\"target\":{\"@type\":\"EntryPoint\",\"urlTemplate\":\"https:\/\/www.sejourprive.com\/?s={search_term_string}\"},\"query-input\":{\"@type\":\"PropertyValueSpecification\",\"valueRequired\":true,\"valueName\":\"search_term_string\"}}],\"inLanguage\":\"en-GB\"},{\"@type\":\"Organization\",\"@id\":\"https:\/\/www.sejourprive.com\/#organization\",\"name\":\"S\u00e9jour Priv\u00e9\",\"url\":\"https:\/\/www.sejourprive.com\/\",\"logo\":{\"@type\":\"ImageObject\",\"inLanguage\":\"en-GB\",\"@id\":\"https:\/\/www.sejourprive.com\/#\/schema\/logo\/image\/\",\"url\":\"https:\/\/www.sejourprive.com\/wp-content\/uploads\/2026\/02\/SP-Apple-touch-144-couleur-1-2.png\",\"contentUrl\":\"https:\/\/www.sejourprive.com\/wp-content\/uploads\/2026\/02\/SP-Apple-touch-144-couleur-1-2.png\",\"width\":145,\"height\":145,\"caption\":\"S\u00e9jour Priv\u00e9\"},\"image\":{\"@id\":\"https:\/\/www.sejourprive.com\/#\/schema\/logo\/image\/\"}}]}<\/script>\n<!-- \/ Yoast SEO plugin. -->","yoast_head_json":{"title":"Masseria Bonaccia, Martano, Salento, Pouilles, Italie - S\u00e9jour Priv\u00e9","description":"La beaut\u00e9 des Pouilles se d\u00e9voile \u00e0 Massera Bonaccia, une magnifique demeure typique de la r\u00e9gion, construite en pierre de Lecce. Nich\u00e9e au milieu des","robots":{"index":"index","follow":"follow","max-snippet":"max-snippet:-1","max-image-preview":"max-image-preview:large","max-video-preview":"max-video-preview:-1"},"canonical":"https:\/\/www.sejourprive.com\/en\/biens\/masseria-bonaccia-martano-salento-pouilles-italie\/","og_locale":"en_GB","og_type":"article","og_title":"Masseria Bonaccia, Martano, Salento, Pouilles, Italie - S\u00e9jour Priv\u00e9","og_description":"La beaut\u00e9 des Pouilles se d\u00e9voile \u00e0 Massera Bonaccia, une magnifique demeure typique de la r\u00e9gion, construite en pierre de Lecce. Nich\u00e9e au milieu des","og_url":"https:\/\/www.sejourprive.com\/en\/biens\/masseria-bonaccia-martano-salento-pouilles-italie\/","og_site_name":"S\u00e9jour Priv\u00e9","og_image":[{"width":1024,"height":675,"url":"https:\/\/www.sejourprive.com\/wp-content\/uploads\/2026\/03\/0-2-1024x675.png","type":"image\/png"}],"twitter_card":"summary_large_image","twitter_misc":{"Estimated reading time":"1 minute"},"schema":{"@context":"https:\/\/schema.org","@graph":[{"@type":"WebPage","@id":"https:\/\/www.sejourprive.com\/biens\/masseria-bonaccia-martano-salento-pouilles-italie\/","url":"https:\/\/www.sejourprive.com\/biens\/masseria-bonaccia-martano-salento-pouilles-italie\/","name":"Masseria Bonaccia, Martano, Salento, Pouilles, Italie - S\u00e9jour Priv\u00e9","isPartOf":{"@id":"https:\/\/www.sejourprive.com\/#website"},"primaryImageOfPage":{"@id":"https:\/\/www.sejourprive.com\/biens\/masseria-bonaccia-martano-salento-pouilles-italie\/#primaryimage"},"image":{"@id":"https:\/\/www.sejourprive.com\/biens\/masseria-bonaccia-martano-salento-pouilles-italie\/#primaryimage"},"thumbnailUrl":"https:\/\/www.sejourprive.com\/wp-content\/uploads\/2026\/03\/0-2.png","datePublished":"2026-03-10T10:53:10+00:00","description":"La beaut\u00e9 des Pouilles se d\u00e9voile \u00e0 Massera Bonaccia, une magnifique demeure typique de la r\u00e9gion, construite en pierre de Lecce. Nich\u00e9e au milieu des","breadcrumb":{"@id":"https:\/\/www.sejourprive.com\/biens\/masseria-bonaccia-martano-salento-pouilles-italie\/#breadcrumb"},"inLanguage":"en-GB","potentialAction":[{"@type":"ReadAction","target":["https:\/\/www.sejourprive.com\/biens\/masseria-bonaccia-martano-salento-pouilles-italie\/"]}]},{"@type":"ImageObject","inLanguage":"en-GB","@id":"https:\/\/www.sejourprive.com\/biens\/masseria-bonaccia-martano-salento-pouilles-italie\/#primaryimage","url":"https:\/\/www.sejourprive.com\/wp-content\/uploads\/2026\/03\/0-2.png","contentUrl":"https:\/\/www.sejourprive.com\/wp-content\/uploads\/2026\/03\/0-2.png","width":1200,"height":791},{"@type":"BreadcrumbList","@id":"https:\/\/www.sejourprive.com\/biens\/masseria-bonaccia-martano-salento-pouilles-italie\/#breadcrumb","itemListElement":[{"@type":"ListItem","position":1,"name":"Accueil","item":"https:\/\/www.sejourprive.com\/"},{"@type":"ListItem","position":2,"name":"Shop","item":"https:\/\/www.sejourprive.com\/shop\/"},{"@type":"ListItem","position":3,"name":"Masseria Bonaccia, Martano, Salento, Pouilles, Italie"}]},{"@type":"WebSite","@id":"https:\/\/www.sejourprive.com\/#website","url":"https:\/\/www.sejourprive.com\/","name":"Private Stay","description":"We design exceptional holidays for you.","publisher":{"@id":"https:\/\/www.sejourprive.com\/#organization"},"potentialAction":[{"@type":"SearchAction","target":{"@type":"EntryPoint","urlTemplate":"https:\/\/www.sejourprive.com\/?s={search_term_string}"},"query-input":{"@type":"PropertyValueSpecification","valueRequired":true,"valueName":"search_term_string"}}],"inLanguage":"en-GB"},{"@type":"Organization","@id":"https:\/\/www.sejourprive.com\/#organization","name":"Private Stay","url":"https:\/\/www.sejourprive.com\/","logo":{"@type":"ImageObject","inLanguage":"en-GB","@id":"https:\/\/www.sejourprive.com\/#\/schema\/logo\/image\/","url":"https:\/\/www.sejourprive.com\/wp-content\/uploads\/2026\/02\/SP-Apple-touch-144-couleur-1-2.png","contentUrl":"https:\/\/www.sejourprive.com\/wp-content\/uploads\/2026\/02\/SP-Apple-touch-144-couleur-1-2.png","width":145,"height":145,"caption":"S\u00e9jour Priv\u00e9"},"image":{"@id":"https:\/\/www.sejourprive.com\/#\/schema\/logo\/image\/"}}]}},"_links":{"self":[{"href":"https:\/\/www.sejourprive.com\/en\/wp-json\/wp\/v2\/product\/44100","targetHints":{"allow":["GET"]}}],"collection":[{"href":"https:\/\/www.sejourprive.com\/en\/wp-json\/wp\/v2\/product"}],"about":[{"href":"https:\/\/www.sejourprive.com\/en\/wp-json\/wp\/v2\/types\/product"}],"replies":[{"embeddable":true,"href":"https:\/\/www.sejourprive.com\/en\/wp-json\/wp\/v2\/comments?post=44100"}],"version-history":[{"count":0,"href":"https:\/\/www.sejourprive.com\/en\/wp-json\/wp\/v2\/product\/44100\/revisions"}],"wp:featuredmedia":[{"embeddable":true,"href":"https:\/\/www.sejourprive.com\/en\/wp-json\/wp\/v2\/media\/44102"}],"wp:attachment":[{"href":"https:\/\/www.sejourprive.com\/en\/wp-json\/wp\/v2\/media?parent=44100"}],"wp:term":[{"taxonomy":"product_brand","embeddable":true,"href":"https:\/\/www.sejourprive.com\/en\/wp-json\/wp\/v2\/product_brand?post=44100"},{"taxonomy":"product_cat","embeddable":true,"href":"https:\/\/www.sejourprive.com\/en\/wp-json\/wp\/v2\/product_cat?post=44100"},{"taxonomy":"product_tag","embeddable":true,"href":"https:\/\/www.sejourprive.com\/en\/wp-json\/wp\/v2\/product_tag?post=44100"}],"curies":[{"name":"wp","href":"https:\/\/api.w.org\/{rel}","templated":true}]}}