{"id":43945,"date":"2026-03-07T16:03:33","date_gmt":"2026-03-07T15:03:33","guid":{"rendered":"https:\/\/www.sejourprive.com\/?post_type=product&#038;p=43945"},"modified":"2026-03-07T16:03:33","modified_gmt":"2026-03-07T15:03:33","slug":"castello-giotto-borgo-san-lorenzo-toscane-italie","status":"publish","type":"product","link":"https:\/\/www.sejourprive.com\/en\/biens\/castello-giotto-borgo-san-lorenzo-toscane-italie\/","title":{"rendered":"Castello Giotto, Borgo San Lorenzo, Tuscany, Italy"},"content":{"rendered":"<p>Nich\u00e9 au c\u0153ur des paysages vallonn\u00e9s de la Toscane, le Castello Giotto d\u00e9ploie son charme majestueux entre h\u00e9ritage historique et confort contemporain. Non loin de Florence, cette demeure d\u2019exception offre une atmosph\u00e8re d\u2019\u00e9l\u00e9gance raffin\u00e9e, id\u00e9ale pour une immersion dans l\u2019art de vivre italien.<\/p>\n<p><span><div class=\"read-more-wrapper\"><a class=\"read-more-button\" data-target=\"read-more-69f2cb3828bfe\" data-more-text=\"Read more\" data-less-text=\"Read less\"><span class=\"read-more-text\">Read more<\/span><\/a><div id=\"read-more-69f2cb3828bfe\" class=\"read-more-content\"> <\/span>R\u00e9veillez-vous au rythme paisible de la campagne toscane avant de plonger dans la piscine ext\u00e9rieure, bord\u00e9e d\u2019oliviers et de cypr\u00e8s. Explorez les vastes jardins du ch\u00e2teau ou accordez-vous une parenth\u00e8se de d\u00e9tente dans le spa priv\u00e9 avec hammam et sauna. \u00c0 la nuit tomb\u00e9e, rassemblez-vous autour du barbecue pour savourer les sp\u00e9cialit\u00e9s locales, puis laissez la lueur du foyer envelopper la soir\u00e9e d\u2019une douceur intemporelle.<\/div><\/div><\/p>","protected":false},"excerpt":{"rendered":"<p>Nich\u00e9 au c\u0153ur des paysages vallonn\u00e9s de la Toscane, le Castello Giotto d\u00e9ploie son charme majestueux entre h\u00e9ritage historique et&#8230;<\/p>","protected":false},"featured_media":44007,"comment_status":"open","ping_status":"closed","template":"","meta":{"_acf_changed":false},"product_brand":[],"product_cat":[15],"product_tag":[],"class_list":{"0":"post-43945","1":"product","2":"type-product","3":"status-publish","4":"has-post-thumbnail","6":"product_cat-villa","7":"property_location-italie","8":"property_location-toscane","10":"first","11":"instock","12":"sold-individually","13":"shipping-taxable","14":"purchasable","15":"product-type-simple"},"acf":[],"yoast_head":"<!-- This site is optimized with the Yoast SEO plugin v26.6 - https:\/\/yoast.com\/wordpress\/plugins\/seo\/ -->\n<title>Castello Giotto, Borgo San Lorenzo, Toscane, Italie - S\u00e9jour Priv\u00e9<\/title>\n<meta name=\"description\" content=\"Nich\u00e9 au c\u0153ur des paysages vallonn\u00e9s de la Toscane, le Castello Giotto d\u00e9ploie son charme majestueux entre h\u00e9ritage historique et confort contemporain.\" \/>\n<meta name=\"robots\" content=\"index, follow, max-snippet:-1, max-image-preview:large, max-video-preview:-1\" \/>\n<link rel=\"canonical\" href=\"https:\/\/www.sejourprive.com\/en\/biens\/castello-giotto-borgo-san-lorenzo-toscane-italie\/\" \/>\n<meta property=\"og:locale\" content=\"en_GB\" \/>\n<meta property=\"og:type\" content=\"article\" \/>\n<meta property=\"og:title\" content=\"Castello Giotto, Borgo San Lorenzo, Toscane, Italie - S\u00e9jour Priv\u00e9\" \/>\n<meta property=\"og:description\" content=\"Nich\u00e9 au c\u0153ur des paysages vallonn\u00e9s de la Toscane, le Castello Giotto d\u00e9ploie son charme majestueux entre h\u00e9ritage historique et confort contemporain.\" \/>\n<meta property=\"og:url\" content=\"https:\/\/www.sejourprive.com\/en\/biens\/castello-giotto-borgo-san-lorenzo-toscane-italie\/\" \/>\n<meta property=\"og:site_name\" content=\"S\u00e9jour Priv\u00e9\" \/>\n<meta property=\"og:image\" content=\"https:\/\/www.sejourprive.com\/wp-content\/uploads\/2026\/03\/2-63.jpg\" \/>\n\t<meta property=\"og:image:width\" content=\"1200\" \/>\n\t<meta property=\"og:image:height\" content=\"800\" \/>\n\t<meta property=\"og:image:type\" content=\"image\/jpeg\" \/>\n<meta name=\"twitter:card\" content=\"summary_large_image\" \/>\n<meta name=\"twitter:label1\" content=\"Estimated reading time\" \/>\n\t<meta name=\"twitter:data1\" content=\"1 minute\" \/>\n<script type=\"application\/ld+json\" class=\"yoast-schema-graph\">{\"@context\":\"https:\/\/schema.org\",\"@graph\":[{\"@type\":\"WebPage\",\"@id\":\"https:\/\/www.sejourprive.com\/biens\/castello-giotto-borgo-san-lorenzo-toscane-italie\/\",\"url\":\"https:\/\/www.sejourprive.com\/biens\/castello-giotto-borgo-san-lorenzo-toscane-italie\/\",\"name\":\"Castello Giotto, Borgo San Lorenzo, Toscane, Italie - S\u00e9jour Priv\u00e9\",\"isPartOf\":{\"@id\":\"https:\/\/www.sejourprive.com\/#website\"},\"primaryImageOfPage\":{\"@id\":\"https:\/\/www.sejourprive.com\/biens\/castello-giotto-borgo-san-lorenzo-toscane-italie\/#primaryimage\"},\"image\":{\"@id\":\"https:\/\/www.sejourprive.com\/biens\/castello-giotto-borgo-san-lorenzo-toscane-italie\/#primaryimage\"},\"thumbnailUrl\":\"https:\/\/www.sejourprive.com\/wp-content\/uploads\/2026\/03\/2-63.jpg\",\"datePublished\":\"2026-03-07T15:03:33+00:00\",\"description\":\"Nich\u00e9 au c\u0153ur des paysages vallonn\u00e9s de la Toscane, le Castello Giotto d\u00e9ploie son charme majestueux entre h\u00e9ritage historique et confort contemporain.\",\"breadcrumb\":{\"@id\":\"https:\/\/www.sejourprive.com\/biens\/castello-giotto-borgo-san-lorenzo-toscane-italie\/#breadcrumb\"},\"inLanguage\":\"en-GB\",\"potentialAction\":[{\"@type\":\"ReadAction\",\"target\":[\"https:\/\/www.sejourprive.com\/biens\/castello-giotto-borgo-san-lorenzo-toscane-italie\/\"]}]},{\"@type\":\"ImageObject\",\"inLanguage\":\"en-GB\",\"@id\":\"https:\/\/www.sejourprive.com\/biens\/castello-giotto-borgo-san-lorenzo-toscane-italie\/#primaryimage\",\"url\":\"https:\/\/www.sejourprive.com\/wp-content\/uploads\/2026\/03\/2-63.jpg\",\"contentUrl\":\"https:\/\/www.sejourprive.com\/wp-content\/uploads\/2026\/03\/2-63.jpg\",\"width\":1200,\"height\":800},{\"@type\":\"BreadcrumbList\",\"@id\":\"https:\/\/www.sejourprive.com\/biens\/castello-giotto-borgo-san-lorenzo-toscane-italie\/#breadcrumb\",\"itemListElement\":[{\"@type\":\"ListItem\",\"position\":1,\"name\":\"Accueil\",\"item\":\"https:\/\/www.sejourprive.com\/\"},{\"@type\":\"ListItem\",\"position\":2,\"name\":\"Shop\",\"item\":\"https:\/\/www.sejourprive.com\/shop\/\"},{\"@type\":\"ListItem\",\"position\":3,\"name\":\"Castello Giotto, Borgo San Lorenzo, Toscane, Italie\"}]},{\"@type\":\"WebSite\",\"@id\":\"https:\/\/www.sejourprive.com\/#website\",\"url\":\"https:\/\/www.sejourprive.com\/\",\"name\":\"S\u00e9jour Priv\u00e9\",\"description\":\"Nous imaginons pour vous des s\u00e9jours d\u2019exception.\",\"publisher\":{\"@id\":\"https:\/\/www.sejourprive.com\/#organization\"},\"potentialAction\":[{\"@type\":\"SearchAction\",\"target\":{\"@type\":\"EntryPoint\",\"urlTemplate\":\"https:\/\/www.sejourprive.com\/?s={search_term_string}\"},\"query-input\":{\"@type\":\"PropertyValueSpecification\",\"valueRequired\":true,\"valueName\":\"search_term_string\"}}],\"inLanguage\":\"en-GB\"},{\"@type\":\"Organization\",\"@id\":\"https:\/\/www.sejourprive.com\/#organization\",\"name\":\"S\u00e9jour Priv\u00e9\",\"url\":\"https:\/\/www.sejourprive.com\/\",\"logo\":{\"@type\":\"ImageObject\",\"inLanguage\":\"en-GB\",\"@id\":\"https:\/\/www.sejourprive.com\/#\/schema\/logo\/image\/\",\"url\":\"https:\/\/www.sejourprive.com\/wp-content\/uploads\/2026\/02\/SP-Apple-touch-144-couleur-1-2.png\",\"contentUrl\":\"https:\/\/www.sejourprive.com\/wp-content\/uploads\/2026\/02\/SP-Apple-touch-144-couleur-1-2.png\",\"width\":145,\"height\":145,\"caption\":\"S\u00e9jour Priv\u00e9\"},\"image\":{\"@id\":\"https:\/\/www.sejourprive.com\/#\/schema\/logo\/image\/\"}}]}<\/script>\n<!-- \/ Yoast SEO plugin. -->","yoast_head_json":{"title":"Castello Giotto, Borgo San Lorenzo, Toscane, Italie - S\u00e9jour Priv\u00e9","description":"Nich\u00e9 au c\u0153ur des paysages vallonn\u00e9s de la Toscane, le Castello Giotto d\u00e9ploie son charme majestueux entre h\u00e9ritage historique et confort contemporain.","robots":{"index":"index","follow":"follow","max-snippet":"max-snippet:-1","max-image-preview":"max-image-preview:large","max-video-preview":"max-video-preview:-1"},"canonical":"https:\/\/www.sejourprive.com\/en\/biens\/castello-giotto-borgo-san-lorenzo-toscane-italie\/","og_locale":"en_GB","og_type":"article","og_title":"Castello Giotto, Borgo San Lorenzo, Toscane, Italie - S\u00e9jour Priv\u00e9","og_description":"Nich\u00e9 au c\u0153ur des paysages vallonn\u00e9s de la Toscane, le Castello Giotto d\u00e9ploie son charme majestueux entre h\u00e9ritage historique et confort contemporain.","og_url":"https:\/\/www.sejourprive.com\/en\/biens\/castello-giotto-borgo-san-lorenzo-toscane-italie\/","og_site_name":"S\u00e9jour Priv\u00e9","og_image":[{"width":1200,"height":800,"url":"https:\/\/www.sejourprive.com\/wp-content\/uploads\/2026\/03\/2-63.jpg","type":"image\/jpeg"}],"twitter_card":"summary_large_image","twitter_misc":{"Estimated reading time":"1 minute"},"schema":{"@context":"https:\/\/schema.org","@graph":[{"@type":"WebPage","@id":"https:\/\/www.sejourprive.com\/biens\/castello-giotto-borgo-san-lorenzo-toscane-italie\/","url":"https:\/\/www.sejourprive.com\/biens\/castello-giotto-borgo-san-lorenzo-toscane-italie\/","name":"Castello Giotto, Borgo San Lorenzo, Toscane, Italie - S\u00e9jour Priv\u00e9","isPartOf":{"@id":"https:\/\/www.sejourprive.com\/#website"},"primaryImageOfPage":{"@id":"https:\/\/www.sejourprive.com\/biens\/castello-giotto-borgo-san-lorenzo-toscane-italie\/#primaryimage"},"image":{"@id":"https:\/\/www.sejourprive.com\/biens\/castello-giotto-borgo-san-lorenzo-toscane-italie\/#primaryimage"},"thumbnailUrl":"https:\/\/www.sejourprive.com\/wp-content\/uploads\/2026\/03\/2-63.jpg","datePublished":"2026-03-07T15:03:33+00:00","description":"Nich\u00e9 au c\u0153ur des paysages vallonn\u00e9s de la Toscane, le Castello Giotto d\u00e9ploie son charme majestueux entre h\u00e9ritage historique et confort contemporain.","breadcrumb":{"@id":"https:\/\/www.sejourprive.com\/biens\/castello-giotto-borgo-san-lorenzo-toscane-italie\/#breadcrumb"},"inLanguage":"en-GB","potentialAction":[{"@type":"ReadAction","target":["https:\/\/www.sejourprive.com\/biens\/castello-giotto-borgo-san-lorenzo-toscane-italie\/"]}]},{"@type":"ImageObject","inLanguage":"en-GB","@id":"https:\/\/www.sejourprive.com\/biens\/castello-giotto-borgo-san-lorenzo-toscane-italie\/#primaryimage","url":"https:\/\/www.sejourprive.com\/wp-content\/uploads\/2026\/03\/2-63.jpg","contentUrl":"https:\/\/www.sejourprive.com\/wp-content\/uploads\/2026\/03\/2-63.jpg","width":1200,"height":800},{"@type":"BreadcrumbList","@id":"https:\/\/www.sejourprive.com\/biens\/castello-giotto-borgo-san-lorenzo-toscane-italie\/#breadcrumb","itemListElement":[{"@type":"ListItem","position":1,"name":"Accueil","item":"https:\/\/www.sejourprive.com\/"},{"@type":"ListItem","position":2,"name":"Shop","item":"https:\/\/www.sejourprive.com\/shop\/"},{"@type":"ListItem","position":3,"name":"Castello Giotto, Borgo San Lorenzo, Toscane, Italie"}]},{"@type":"WebSite","@id":"https:\/\/www.sejourprive.com\/#website","url":"https:\/\/www.sejourprive.com\/","name":"Private Stay","description":"We design exceptional holidays for you.","publisher":{"@id":"https:\/\/www.sejourprive.com\/#organization"},"potentialAction":[{"@type":"SearchAction","target":{"@type":"EntryPoint","urlTemplate":"https:\/\/www.sejourprive.com\/?s={search_term_string}"},"query-input":{"@type":"PropertyValueSpecification","valueRequired":true,"valueName":"search_term_string"}}],"inLanguage":"en-GB"},{"@type":"Organization","@id":"https:\/\/www.sejourprive.com\/#organization","name":"Private Stay","url":"https:\/\/www.sejourprive.com\/","logo":{"@type":"ImageObject","inLanguage":"en-GB","@id":"https:\/\/www.sejourprive.com\/#\/schema\/logo\/image\/","url":"https:\/\/www.sejourprive.com\/wp-content\/uploads\/2026\/02\/SP-Apple-touch-144-couleur-1-2.png","contentUrl":"https:\/\/www.sejourprive.com\/wp-content\/uploads\/2026\/02\/SP-Apple-touch-144-couleur-1-2.png","width":145,"height":145,"caption":"S\u00e9jour Priv\u00e9"},"image":{"@id":"https:\/\/www.sejourprive.com\/#\/schema\/logo\/image\/"}}]}},"_links":{"self":[{"href":"https:\/\/www.sejourprive.com\/en\/wp-json\/wp\/v2\/product\/43945","targetHints":{"allow":["GET"]}}],"collection":[{"href":"https:\/\/www.sejourprive.com\/en\/wp-json\/wp\/v2\/product"}],"about":[{"href":"https:\/\/www.sejourprive.com\/en\/wp-json\/wp\/v2\/types\/product"}],"replies":[{"embeddable":true,"href":"https:\/\/www.sejourprive.com\/en\/wp-json\/wp\/v2\/comments?post=43945"}],"version-history":[{"count":0,"href":"https:\/\/www.sejourprive.com\/en\/wp-json\/wp\/v2\/product\/43945\/revisions"}],"wp:featuredmedia":[{"embeddable":true,"href":"https:\/\/www.sejourprive.com\/en\/wp-json\/wp\/v2\/media\/44007"}],"wp:attachment":[{"href":"https:\/\/www.sejourprive.com\/en\/wp-json\/wp\/v2\/media?parent=43945"}],"wp:term":[{"taxonomy":"product_brand","embeddable":true,"href":"https:\/\/www.sejourprive.com\/en\/wp-json\/wp\/v2\/product_brand?post=43945"},{"taxonomy":"product_cat","embeddable":true,"href":"https:\/\/www.sejourprive.com\/en\/wp-json\/wp\/v2\/product_cat?post=43945"},{"taxonomy":"product_tag","embeddable":true,"href":"https:\/\/www.sejourprive.com\/en\/wp-json\/wp\/v2\/product_tag?post=43945"}],"curies":[{"name":"wp","href":"https:\/\/api.w.org\/{rel}","templated":true}]}}