{"id":43832,"date":"2026-03-07T16:11:15","date_gmt":"2026-03-07T15:11:15","guid":{"rendered":"https:\/\/www.sejourprive.com\/?post_type=product&#038;p=43832"},"modified":"2026-03-07T16:11:15","modified_gmt":"2026-03-07T15:11:15","slug":"villa-unicorno-noto-sicile-italie","status":"publish","type":"product","link":"https:\/\/www.sejourprive.com\/en\/biens\/villa-unicorno-noto-sicile-italie\/","title":{"rendered":"Villa Unicorno, Noto, Sicily, Italy"},"content":{"rendered":"<p>Pour profiter pleinement de la dolce vita et de l&#8217;\u00e9l\u00e9gance sicilienne lors de vos prochaines vacances en Italie, suivez-nous dans une visite guid\u00e9e de la magnifique Villa Unicorno. D\u00e8s votre arriv\u00e9e, laissez-vous s\u00e9duire par son aura de myst\u00e8re et franchissez les hauts murs de pierre de la propri\u00e9t\u00e9 pour atteindre ce refuge extraordinaire.<br \/>\n<span><div class=\"read-more-wrapper\"><a class=\"read-more-button\" data-target=\"read-more-69f4d30796dbe\" data-more-text=\"Read more\" data-less-text=\"Read less\"><span class=\"read-more-text\">Read more<\/span><\/a><div id=\"read-more-69f4d30796dbe\" class=\"read-more-content\"> <\/span><\/p>\n<p>Entre le jardin verdoyant, la nature infinie, le labyrinthe de pi\u00e8ces et de couloirs, le magnifique d\u00e9cor boh\u00e8me digne d&#8217;un magazine et le charme de l&#8217;ancien, vous ne saurez plus o\u00f9 donner de la t\u00eate !<\/p>\n<p>Commencez la journ\u00e9e en famille avec un d\u00e9licieux petit-d\u00e9jeuner pr\u00e9par\u00e9 sp\u00e9cialement pour vous, avant de prendre le temps d&#8217;explorer les nombreux recoins magiques de la villa. Ensuite, rassemblez votre tribu autour de la piscine ext\u00e9rieure et admirez la vue panoramique sur la nature pendant que les enfants s&#8217;amusent dans l&#8217;eau. Dans l&#8217;apr\u00e8s-midi, pourquoi ne pas rejoindre votre terrain de golf priv\u00e9 et perfectionner votre swing ? \u00c0 la fin de la journ\u00e9e, au coucher du soleil, un ap\u00e9ritif dans le jardin s&#8217;impose !<\/div><\/div><\/p>","protected":false},"excerpt":{"rendered":"<p>Pour profiter pleinement de la dolce vita et de l&#8217;\u00e9l\u00e9gance sicilienne lors de vos prochaines vacances en Italie, suivez-nous dans&#8230;<\/p>","protected":false},"featured_media":43840,"comment_status":"open","ping_status":"closed","template":"","meta":{"_acf_changed":false},"product_brand":[],"product_cat":[15],"product_tag":[],"class_list":{"0":"post-43832","1":"product","2":"type-product","3":"status-publish","4":"has-post-thumbnail","6":"product_cat-villa","7":"property_location-italie","8":"property_location-sicile","10":"first","11":"instock","12":"sold-individually","13":"shipping-taxable","14":"purchasable","15":"product-type-simple"},"acf":[],"yoast_head":"<!-- This site is optimized with the Yoast SEO plugin v26.6 - https:\/\/yoast.com\/wordpress\/plugins\/seo\/ -->\n<title>Villa Unicorno, Noto, Sicile, Italie - S\u00e9jour Priv\u00e9<\/title>\n<meta name=\"description\" content=\"Pour profiter pleinement de la dolce vita et de l&#039;\u00e9l\u00e9gance sicilienne lors de vos prochaines vacances en Italie, suivez-nous dans une visite guid\u00e9e de la\" \/>\n<meta name=\"robots\" content=\"index, follow, max-snippet:-1, max-image-preview:large, max-video-preview:-1\" \/>\n<link rel=\"canonical\" href=\"https:\/\/www.sejourprive.com\/en\/biens\/villa-unicorno-noto-sicile-italie\/\" \/>\n<meta property=\"og:locale\" content=\"en_GB\" \/>\n<meta property=\"og:type\" content=\"article\" \/>\n<meta property=\"og:title\" content=\"Villa Unicorno, Noto, Sicile, Italie - S\u00e9jour Priv\u00e9\" \/>\n<meta property=\"og:description\" content=\"Pour profiter pleinement de la dolce vita et de l&#039;\u00e9l\u00e9gance sicilienne lors de vos prochaines vacances en Italie, suivez-nous dans une visite guid\u00e9e de la\" \/>\n<meta property=\"og:url\" content=\"https:\/\/www.sejourprive.com\/en\/biens\/villa-unicorno-noto-sicile-italie\/\" \/>\n<meta property=\"og:site_name\" content=\"S\u00e9jour Priv\u00e9\" \/>\n<meta property=\"og:image\" content=\"https:\/\/www.sejourprive.com\/wp-content\/uploads\/2026\/03\/0-58.jpg\" \/>\n\t<meta property=\"og:image:width\" content=\"1200\" \/>\n\t<meta property=\"og:image:height\" content=\"801\" \/>\n\t<meta property=\"og:image:type\" content=\"image\/jpeg\" \/>\n<meta name=\"twitter:card\" content=\"summary_large_image\" \/>\n<meta name=\"twitter:label1\" content=\"Estimated reading time\" \/>\n\t<meta name=\"twitter:data1\" content=\"2 minutes\" \/>\n<script type=\"application\/ld+json\" class=\"yoast-schema-graph\">{\"@context\":\"https:\/\/schema.org\",\"@graph\":[{\"@type\":\"WebPage\",\"@id\":\"https:\/\/www.sejourprive.com\/biens\/villa-unicorno-noto-sicile-italie\/\",\"url\":\"https:\/\/www.sejourprive.com\/biens\/villa-unicorno-noto-sicile-italie\/\",\"name\":\"Villa Unicorno, Noto, Sicile, Italie - S\u00e9jour Priv\u00e9\",\"isPartOf\":{\"@id\":\"https:\/\/www.sejourprive.com\/#website\"},\"primaryImageOfPage\":{\"@id\":\"https:\/\/www.sejourprive.com\/biens\/villa-unicorno-noto-sicile-italie\/#primaryimage\"},\"image\":{\"@id\":\"https:\/\/www.sejourprive.com\/biens\/villa-unicorno-noto-sicile-italie\/#primaryimage\"},\"thumbnailUrl\":\"https:\/\/www.sejourprive.com\/wp-content\/uploads\/2026\/03\/0-58.jpg\",\"datePublished\":\"2026-03-07T15:11:15+00:00\",\"description\":\"Pour profiter pleinement de la dolce vita et de l'\u00e9l\u00e9gance sicilienne lors de vos prochaines vacances en Italie, suivez-nous dans une visite guid\u00e9e de la\",\"breadcrumb\":{\"@id\":\"https:\/\/www.sejourprive.com\/biens\/villa-unicorno-noto-sicile-italie\/#breadcrumb\"},\"inLanguage\":\"en-GB\",\"potentialAction\":[{\"@type\":\"ReadAction\",\"target\":[\"https:\/\/www.sejourprive.com\/biens\/villa-unicorno-noto-sicile-italie\/\"]}]},{\"@type\":\"ImageObject\",\"inLanguage\":\"en-GB\",\"@id\":\"https:\/\/www.sejourprive.com\/biens\/villa-unicorno-noto-sicile-italie\/#primaryimage\",\"url\":\"https:\/\/www.sejourprive.com\/wp-content\/uploads\/2026\/03\/0-58.jpg\",\"contentUrl\":\"https:\/\/www.sejourprive.com\/wp-content\/uploads\/2026\/03\/0-58.jpg\",\"width\":1200,\"height\":801},{\"@type\":\"BreadcrumbList\",\"@id\":\"https:\/\/www.sejourprive.com\/biens\/villa-unicorno-noto-sicile-italie\/#breadcrumb\",\"itemListElement\":[{\"@type\":\"ListItem\",\"position\":1,\"name\":\"Accueil\",\"item\":\"https:\/\/www.sejourprive.com\/\"},{\"@type\":\"ListItem\",\"position\":2,\"name\":\"Shop\",\"item\":\"https:\/\/www.sejourprive.com\/shop\/\"},{\"@type\":\"ListItem\",\"position\":3,\"name\":\"Villa Unicorno, Noto, Sicile, Italie\"}]},{\"@type\":\"WebSite\",\"@id\":\"https:\/\/www.sejourprive.com\/#website\",\"url\":\"https:\/\/www.sejourprive.com\/\",\"name\":\"S\u00e9jour Priv\u00e9\",\"description\":\"Nous imaginons pour vous des s\u00e9jours d\u2019exception.\",\"publisher\":{\"@id\":\"https:\/\/www.sejourprive.com\/#organization\"},\"potentialAction\":[{\"@type\":\"SearchAction\",\"target\":{\"@type\":\"EntryPoint\",\"urlTemplate\":\"https:\/\/www.sejourprive.com\/?s={search_term_string}\"},\"query-input\":{\"@type\":\"PropertyValueSpecification\",\"valueRequired\":true,\"valueName\":\"search_term_string\"}}],\"inLanguage\":\"en-GB\"},{\"@type\":\"Organization\",\"@id\":\"https:\/\/www.sejourprive.com\/#organization\",\"name\":\"S\u00e9jour Priv\u00e9\",\"url\":\"https:\/\/www.sejourprive.com\/\",\"logo\":{\"@type\":\"ImageObject\",\"inLanguage\":\"en-GB\",\"@id\":\"https:\/\/www.sejourprive.com\/#\/schema\/logo\/image\/\",\"url\":\"https:\/\/www.sejourprive.com\/wp-content\/uploads\/2026\/02\/SP-Apple-touch-144-couleur-1-2.png\",\"contentUrl\":\"https:\/\/www.sejourprive.com\/wp-content\/uploads\/2026\/02\/SP-Apple-touch-144-couleur-1-2.png\",\"width\":145,\"height\":145,\"caption\":\"S\u00e9jour Priv\u00e9\"},\"image\":{\"@id\":\"https:\/\/www.sejourprive.com\/#\/schema\/logo\/image\/\"}}]}<\/script>\n<!-- \/ Yoast SEO plugin. -->","yoast_head_json":{"title":"Villa Unicorno, Noto, Sicile, Italie - S\u00e9jour Priv\u00e9","description":"Pour profiter pleinement de la dolce vita et de l'\u00e9l\u00e9gance sicilienne lors de vos prochaines vacances en Italie, suivez-nous dans une visite guid\u00e9e de la","robots":{"index":"index","follow":"follow","max-snippet":"max-snippet:-1","max-image-preview":"max-image-preview:large","max-video-preview":"max-video-preview:-1"},"canonical":"https:\/\/www.sejourprive.com\/en\/biens\/villa-unicorno-noto-sicile-italie\/","og_locale":"en_GB","og_type":"article","og_title":"Villa Unicorno, Noto, Sicile, Italie - S\u00e9jour Priv\u00e9","og_description":"Pour profiter pleinement de la dolce vita et de l'\u00e9l\u00e9gance sicilienne lors de vos prochaines vacances en Italie, suivez-nous dans une visite guid\u00e9e de la","og_url":"https:\/\/www.sejourprive.com\/en\/biens\/villa-unicorno-noto-sicile-italie\/","og_site_name":"S\u00e9jour Priv\u00e9","og_image":[{"width":1200,"height":801,"url":"https:\/\/www.sejourprive.com\/wp-content\/uploads\/2026\/03\/0-58.jpg","type":"image\/jpeg"}],"twitter_card":"summary_large_image","twitter_misc":{"Estimated reading time":"2 minutes"},"schema":{"@context":"https:\/\/schema.org","@graph":[{"@type":"WebPage","@id":"https:\/\/www.sejourprive.com\/biens\/villa-unicorno-noto-sicile-italie\/","url":"https:\/\/www.sejourprive.com\/biens\/villa-unicorno-noto-sicile-italie\/","name":"Villa Unicorno, Noto, Sicile, Italie - S\u00e9jour Priv\u00e9","isPartOf":{"@id":"https:\/\/www.sejourprive.com\/#website"},"primaryImageOfPage":{"@id":"https:\/\/www.sejourprive.com\/biens\/villa-unicorno-noto-sicile-italie\/#primaryimage"},"image":{"@id":"https:\/\/www.sejourprive.com\/biens\/villa-unicorno-noto-sicile-italie\/#primaryimage"},"thumbnailUrl":"https:\/\/www.sejourprive.com\/wp-content\/uploads\/2026\/03\/0-58.jpg","datePublished":"2026-03-07T15:11:15+00:00","description":"Pour profiter pleinement de la dolce vita et de l'\u00e9l\u00e9gance sicilienne lors de vos prochaines vacances en Italie, suivez-nous dans une visite guid\u00e9e de la","breadcrumb":{"@id":"https:\/\/www.sejourprive.com\/biens\/villa-unicorno-noto-sicile-italie\/#breadcrumb"},"inLanguage":"en-GB","potentialAction":[{"@type":"ReadAction","target":["https:\/\/www.sejourprive.com\/biens\/villa-unicorno-noto-sicile-italie\/"]}]},{"@type":"ImageObject","inLanguage":"en-GB","@id":"https:\/\/www.sejourprive.com\/biens\/villa-unicorno-noto-sicile-italie\/#primaryimage","url":"https:\/\/www.sejourprive.com\/wp-content\/uploads\/2026\/03\/0-58.jpg","contentUrl":"https:\/\/www.sejourprive.com\/wp-content\/uploads\/2026\/03\/0-58.jpg","width":1200,"height":801},{"@type":"BreadcrumbList","@id":"https:\/\/www.sejourprive.com\/biens\/villa-unicorno-noto-sicile-italie\/#breadcrumb","itemListElement":[{"@type":"ListItem","position":1,"name":"Accueil","item":"https:\/\/www.sejourprive.com\/"},{"@type":"ListItem","position":2,"name":"Shop","item":"https:\/\/www.sejourprive.com\/shop\/"},{"@type":"ListItem","position":3,"name":"Villa Unicorno, Noto, Sicile, Italie"}]},{"@type":"WebSite","@id":"https:\/\/www.sejourprive.com\/#website","url":"https:\/\/www.sejourprive.com\/","name":"Private Stay","description":"We design exceptional holidays for you.","publisher":{"@id":"https:\/\/www.sejourprive.com\/#organization"},"potentialAction":[{"@type":"SearchAction","target":{"@type":"EntryPoint","urlTemplate":"https:\/\/www.sejourprive.com\/?s={search_term_string}"},"query-input":{"@type":"PropertyValueSpecification","valueRequired":true,"valueName":"search_term_string"}}],"inLanguage":"en-GB"},{"@type":"Organization","@id":"https:\/\/www.sejourprive.com\/#organization","name":"Private Stay","url":"https:\/\/www.sejourprive.com\/","logo":{"@type":"ImageObject","inLanguage":"en-GB","@id":"https:\/\/www.sejourprive.com\/#\/schema\/logo\/image\/","url":"https:\/\/www.sejourprive.com\/wp-content\/uploads\/2026\/02\/SP-Apple-touch-144-couleur-1-2.png","contentUrl":"https:\/\/www.sejourprive.com\/wp-content\/uploads\/2026\/02\/SP-Apple-touch-144-couleur-1-2.png","width":145,"height":145,"caption":"S\u00e9jour Priv\u00e9"},"image":{"@id":"https:\/\/www.sejourprive.com\/#\/schema\/logo\/image\/"}}]}},"_links":{"self":[{"href":"https:\/\/www.sejourprive.com\/en\/wp-json\/wp\/v2\/product\/43832","targetHints":{"allow":["GET"]}}],"collection":[{"href":"https:\/\/www.sejourprive.com\/en\/wp-json\/wp\/v2\/product"}],"about":[{"href":"https:\/\/www.sejourprive.com\/en\/wp-json\/wp\/v2\/types\/product"}],"replies":[{"embeddable":true,"href":"https:\/\/www.sejourprive.com\/en\/wp-json\/wp\/v2\/comments?post=43832"}],"version-history":[{"count":0,"href":"https:\/\/www.sejourprive.com\/en\/wp-json\/wp\/v2\/product\/43832\/revisions"}],"wp:featuredmedia":[{"embeddable":true,"href":"https:\/\/www.sejourprive.com\/en\/wp-json\/wp\/v2\/media\/43840"}],"wp:attachment":[{"href":"https:\/\/www.sejourprive.com\/en\/wp-json\/wp\/v2\/media?parent=43832"}],"wp:term":[{"taxonomy":"product_brand","embeddable":true,"href":"https:\/\/www.sejourprive.com\/en\/wp-json\/wp\/v2\/product_brand?post=43832"},{"taxonomy":"product_cat","embeddable":true,"href":"https:\/\/www.sejourprive.com\/en\/wp-json\/wp\/v2\/product_cat?post=43832"},{"taxonomy":"product_tag","embeddable":true,"href":"https:\/\/www.sejourprive.com\/en\/wp-json\/wp\/v2\/product_tag?post=43832"}],"curies":[{"name":"wp","href":"https:\/\/api.w.org\/{rel}","templated":true}]}}