{"id":43770,"date":"2026-03-07T16:08:48","date_gmt":"2026-03-07T15:08:48","guid":{"rendered":"https:\/\/www.sejourprive.com\/?post_type=product&#038;p=43770"},"modified":"2026-03-07T16:08:48","modified_gmt":"2026-03-07T15:08:48","slug":"villa-zarapha-capraia-e-limite-toscane-italie","status":"publish","type":"product","link":"https:\/\/www.sejourprive.com\/en\/biens\/villa-zarapha-capraia-e-limite-toscane-italie\/","title":{"rendered":"Villa Zarapha, Capraia E Limite, Tuscany, Italy"},"content":{"rendered":"<p>Au c\u0153ur de la paisible campagne toscane, telle un palais champ\u00eatre, s&#8217;\u00e9l\u00e8ve la majestueuse Villa Zarapha . Son int\u00e9rieur traditionnel et raffin\u00e9, orn\u00e9 de fresques, de tableaux \u00e0 l&#8217;huile d&#8217;inspiration Renaissance, de scintillants lustres et de plafonds en bois apparent, s&#8217;harmonise parfaitement avec son vaste jardin botanique o\u00f9 se c\u00f4toient arbres exotiques et plantes luxuriantes. Ici, vous vous sentirez transport\u00e9 dans un univers lointain o\u00f9 les seigneurs et les dames se retirent en famille dans un \u00e9l\u00e9gant fief. <\/p>\n<p><span><div class=\"read-more-wrapper\"><a class=\"read-more-button\" data-target=\"read-more-69f5678e6c295\" data-more-text=\"Read more\" data-less-text=\"Read less\"><span class=\"read-more-text\">Read more<\/span><\/a><div id=\"read-more-69f5678e6c295\" class=\"read-more-content\"> <\/span>Commencez votre journ\u00e9e par une dose d&#8217;\u00e9nergie dans le gymnase de la maison, offrant une vue \u00e9poustouflante sur les douces collines toscanes, avant de vous d\u00e9tendre dans le jacuzzi int\u00e9rieur. Pour le petit-d\u00e9jeuner, rassemblez les troupes autour de la grande table de banquet et savourez fruits frais et  pain fait maison. Dans l&#8217;apr\u00e8s-midi, promenez-vous dans le parc, impr\u00e9gnez-vous de la fragrance subtile des plantes exotiques, dont certaines ont travers\u00e9 les si\u00e8cles. Le soir venu, apr\u00e8s un verre de vin issu des vignobles du domaine, amusez-vous en famille lors d&#8217;une partie de billard. Si vous \u00eates d&#8217;humeur cr\u00e9ative, laissez libre cours \u00e0 votre imagination et organisez un spectacle dans la salle de cin\u00e9ma ornement\u00e9e, autrefois lieu de r\u00e9ception pour les nobles florentins.<\/div><\/div><\/p>","protected":false},"excerpt":{"rendered":"<p>Au c\u0153ur de la paisible campagne toscane, telle un palais champ\u00eatre, s&#8217;\u00e9l\u00e8ve la majestueuse Villa Zarapha . Son int\u00e9rieur traditionnel&#8230;<\/p>","protected":false},"featured_media":43873,"comment_status":"open","ping_status":"closed","template":"","meta":{"_acf_changed":false},"product_brand":[],"product_cat":[15],"product_tag":[],"class_list":{"0":"post-43770","1":"product","2":"type-product","3":"status-publish","4":"has-post-thumbnail","6":"product_cat-villa","7":"property_location-italie","8":"property_location-toscane","10":"first","11":"instock","12":"sold-individually","13":"shipping-taxable","14":"purchasable","15":"product-type-simple"},"acf":[],"yoast_head":"<!-- This site is optimized with the Yoast SEO plugin v26.6 - https:\/\/yoast.com\/wordpress\/plugins\/seo\/ -->\n<title>Villa Zarapha, Capraia E Limite, Toscane, Italie - S\u00e9jour Priv\u00e9<\/title>\n<meta name=\"description\" content=\"Au c\u0153ur de la paisible campagne toscane, telle un palais champ\u00eatre, s&#039;\u00e9l\u00e8ve la majestueuse Villa Zarapha . Son int\u00e9rieur traditionnel et raffin\u00e9, orn\u00e9 de\" \/>\n<meta name=\"robots\" content=\"index, follow, max-snippet:-1, max-image-preview:large, max-video-preview:-1\" \/>\n<link rel=\"canonical\" href=\"https:\/\/www.sejourprive.com\/en\/biens\/villa-zarapha-capraia-e-limite-toscane-italie\/\" \/>\n<meta property=\"og:locale\" content=\"en_GB\" \/>\n<meta property=\"og:type\" content=\"article\" \/>\n<meta property=\"og:title\" content=\"Villa Zarapha, Capraia E Limite, Toscane, Italie - S\u00e9jour Priv\u00e9\" \/>\n<meta property=\"og:description\" content=\"Au c\u0153ur de la paisible campagne toscane, telle un palais champ\u00eatre, s&#039;\u00e9l\u00e8ve la majestueuse Villa Zarapha . Son int\u00e9rieur traditionnel et raffin\u00e9, orn\u00e9 de\" \/>\n<meta property=\"og:url\" content=\"https:\/\/www.sejourprive.com\/en\/biens\/villa-zarapha-capraia-e-limite-toscane-italie\/\" \/>\n<meta property=\"og:site_name\" content=\"S\u00e9jour Priv\u00e9\" \/>\n<meta property=\"og:image\" content=\"https:\/\/www.sejourprive.com\/wp-content\/uploads\/2026\/03\/2-61.jpg\" \/>\n\t<meta property=\"og:image:width\" content=\"1200\" \/>\n\t<meta property=\"og:image:height\" content=\"800\" \/>\n\t<meta property=\"og:image:type\" content=\"image\/jpeg\" \/>\n<meta name=\"twitter:card\" content=\"summary_large_image\" \/>\n<meta name=\"twitter:label1\" content=\"Estimated reading time\" \/>\n\t<meta name=\"twitter:data1\" content=\"2 minutes\" \/>\n<script type=\"application\/ld+json\" class=\"yoast-schema-graph\">{\"@context\":\"https:\/\/schema.org\",\"@graph\":[{\"@type\":\"WebPage\",\"@id\":\"https:\/\/www.sejourprive.com\/biens\/villa-zarapha-capraia-e-limite-toscane-italie\/\",\"url\":\"https:\/\/www.sejourprive.com\/biens\/villa-zarapha-capraia-e-limite-toscane-italie\/\",\"name\":\"Villa Zarapha, Capraia E Limite, Toscane, Italie - S\u00e9jour Priv\u00e9\",\"isPartOf\":{\"@id\":\"https:\/\/www.sejourprive.com\/#website\"},\"primaryImageOfPage\":{\"@id\":\"https:\/\/www.sejourprive.com\/biens\/villa-zarapha-capraia-e-limite-toscane-italie\/#primaryimage\"},\"image\":{\"@id\":\"https:\/\/www.sejourprive.com\/biens\/villa-zarapha-capraia-e-limite-toscane-italie\/#primaryimage\"},\"thumbnailUrl\":\"https:\/\/www.sejourprive.com\/wp-content\/uploads\/2026\/03\/2-61.jpg\",\"datePublished\":\"2026-03-07T15:08:48+00:00\",\"description\":\"Au c\u0153ur de la paisible campagne toscane, telle un palais champ\u00eatre, s'\u00e9l\u00e8ve la majestueuse Villa Zarapha . Son int\u00e9rieur traditionnel et raffin\u00e9, orn\u00e9 de\",\"breadcrumb\":{\"@id\":\"https:\/\/www.sejourprive.com\/biens\/villa-zarapha-capraia-e-limite-toscane-italie\/#breadcrumb\"},\"inLanguage\":\"en-GB\",\"potentialAction\":[{\"@type\":\"ReadAction\",\"target\":[\"https:\/\/www.sejourprive.com\/biens\/villa-zarapha-capraia-e-limite-toscane-italie\/\"]}]},{\"@type\":\"ImageObject\",\"inLanguage\":\"en-GB\",\"@id\":\"https:\/\/www.sejourprive.com\/biens\/villa-zarapha-capraia-e-limite-toscane-italie\/#primaryimage\",\"url\":\"https:\/\/www.sejourprive.com\/wp-content\/uploads\/2026\/03\/2-61.jpg\",\"contentUrl\":\"https:\/\/www.sejourprive.com\/wp-content\/uploads\/2026\/03\/2-61.jpg\",\"width\":1200,\"height\":800},{\"@type\":\"BreadcrumbList\",\"@id\":\"https:\/\/www.sejourprive.com\/biens\/villa-zarapha-capraia-e-limite-toscane-italie\/#breadcrumb\",\"itemListElement\":[{\"@type\":\"ListItem\",\"position\":1,\"name\":\"Accueil\",\"item\":\"https:\/\/www.sejourprive.com\/\"},{\"@type\":\"ListItem\",\"position\":2,\"name\":\"Shop\",\"item\":\"https:\/\/www.sejourprive.com\/shop\/\"},{\"@type\":\"ListItem\",\"position\":3,\"name\":\"Villa Zarapha, Capraia E Limite, Toscane, Italie\"}]},{\"@type\":\"WebSite\",\"@id\":\"https:\/\/www.sejourprive.com\/#website\",\"url\":\"https:\/\/www.sejourprive.com\/\",\"name\":\"S\u00e9jour Priv\u00e9\",\"description\":\"Nous imaginons pour vous des s\u00e9jours d\u2019exception.\",\"publisher\":{\"@id\":\"https:\/\/www.sejourprive.com\/#organization\"},\"potentialAction\":[{\"@type\":\"SearchAction\",\"target\":{\"@type\":\"EntryPoint\",\"urlTemplate\":\"https:\/\/www.sejourprive.com\/?s={search_term_string}\"},\"query-input\":{\"@type\":\"PropertyValueSpecification\",\"valueRequired\":true,\"valueName\":\"search_term_string\"}}],\"inLanguage\":\"en-GB\"},{\"@type\":\"Organization\",\"@id\":\"https:\/\/www.sejourprive.com\/#organization\",\"name\":\"S\u00e9jour Priv\u00e9\",\"url\":\"https:\/\/www.sejourprive.com\/\",\"logo\":{\"@type\":\"ImageObject\",\"inLanguage\":\"en-GB\",\"@id\":\"https:\/\/www.sejourprive.com\/#\/schema\/logo\/image\/\",\"url\":\"https:\/\/www.sejourprive.com\/wp-content\/uploads\/2026\/02\/SP-Apple-touch-144-couleur-1-2.png\",\"contentUrl\":\"https:\/\/www.sejourprive.com\/wp-content\/uploads\/2026\/02\/SP-Apple-touch-144-couleur-1-2.png\",\"width\":145,\"height\":145,\"caption\":\"S\u00e9jour Priv\u00e9\"},\"image\":{\"@id\":\"https:\/\/www.sejourprive.com\/#\/schema\/logo\/image\/\"}}]}<\/script>\n<!-- \/ Yoast SEO plugin. -->","yoast_head_json":{"title":"Villa Zarapha, Capraia E Limite, Toscane, Italie - S\u00e9jour Priv\u00e9","description":"Au c\u0153ur de la paisible campagne toscane, telle un palais champ\u00eatre, s'\u00e9l\u00e8ve la majestueuse Villa Zarapha . Son int\u00e9rieur traditionnel et raffin\u00e9, orn\u00e9 de","robots":{"index":"index","follow":"follow","max-snippet":"max-snippet:-1","max-image-preview":"max-image-preview:large","max-video-preview":"max-video-preview:-1"},"canonical":"https:\/\/www.sejourprive.com\/en\/biens\/villa-zarapha-capraia-e-limite-toscane-italie\/","og_locale":"en_GB","og_type":"article","og_title":"Villa Zarapha, Capraia E Limite, Toscane, Italie - S\u00e9jour Priv\u00e9","og_description":"Au c\u0153ur de la paisible campagne toscane, telle un palais champ\u00eatre, s'\u00e9l\u00e8ve la majestueuse Villa Zarapha . Son int\u00e9rieur traditionnel et raffin\u00e9, orn\u00e9 de","og_url":"https:\/\/www.sejourprive.com\/en\/biens\/villa-zarapha-capraia-e-limite-toscane-italie\/","og_site_name":"S\u00e9jour Priv\u00e9","og_image":[{"width":1200,"height":800,"url":"https:\/\/www.sejourprive.com\/wp-content\/uploads\/2026\/03\/2-61.jpg","type":"image\/jpeg"}],"twitter_card":"summary_large_image","twitter_misc":{"Estimated reading time":"2 minutes"},"schema":{"@context":"https:\/\/schema.org","@graph":[{"@type":"WebPage","@id":"https:\/\/www.sejourprive.com\/biens\/villa-zarapha-capraia-e-limite-toscane-italie\/","url":"https:\/\/www.sejourprive.com\/biens\/villa-zarapha-capraia-e-limite-toscane-italie\/","name":"Villa Zarapha, Capraia E Limite, Toscane, Italie - S\u00e9jour Priv\u00e9","isPartOf":{"@id":"https:\/\/www.sejourprive.com\/#website"},"primaryImageOfPage":{"@id":"https:\/\/www.sejourprive.com\/biens\/villa-zarapha-capraia-e-limite-toscane-italie\/#primaryimage"},"image":{"@id":"https:\/\/www.sejourprive.com\/biens\/villa-zarapha-capraia-e-limite-toscane-italie\/#primaryimage"},"thumbnailUrl":"https:\/\/www.sejourprive.com\/wp-content\/uploads\/2026\/03\/2-61.jpg","datePublished":"2026-03-07T15:08:48+00:00","description":"Au c\u0153ur de la paisible campagne toscane, telle un palais champ\u00eatre, s'\u00e9l\u00e8ve la majestueuse Villa Zarapha . Son int\u00e9rieur traditionnel et raffin\u00e9, orn\u00e9 de","breadcrumb":{"@id":"https:\/\/www.sejourprive.com\/biens\/villa-zarapha-capraia-e-limite-toscane-italie\/#breadcrumb"},"inLanguage":"en-GB","potentialAction":[{"@type":"ReadAction","target":["https:\/\/www.sejourprive.com\/biens\/villa-zarapha-capraia-e-limite-toscane-italie\/"]}]},{"@type":"ImageObject","inLanguage":"en-GB","@id":"https:\/\/www.sejourprive.com\/biens\/villa-zarapha-capraia-e-limite-toscane-italie\/#primaryimage","url":"https:\/\/www.sejourprive.com\/wp-content\/uploads\/2026\/03\/2-61.jpg","contentUrl":"https:\/\/www.sejourprive.com\/wp-content\/uploads\/2026\/03\/2-61.jpg","width":1200,"height":800},{"@type":"BreadcrumbList","@id":"https:\/\/www.sejourprive.com\/biens\/villa-zarapha-capraia-e-limite-toscane-italie\/#breadcrumb","itemListElement":[{"@type":"ListItem","position":1,"name":"Accueil","item":"https:\/\/www.sejourprive.com\/"},{"@type":"ListItem","position":2,"name":"Shop","item":"https:\/\/www.sejourprive.com\/shop\/"},{"@type":"ListItem","position":3,"name":"Villa Zarapha, Capraia E Limite, Toscane, Italie"}]},{"@type":"WebSite","@id":"https:\/\/www.sejourprive.com\/#website","url":"https:\/\/www.sejourprive.com\/","name":"Private Stay","description":"We design exceptional holidays for you.","publisher":{"@id":"https:\/\/www.sejourprive.com\/#organization"},"potentialAction":[{"@type":"SearchAction","target":{"@type":"EntryPoint","urlTemplate":"https:\/\/www.sejourprive.com\/?s={search_term_string}"},"query-input":{"@type":"PropertyValueSpecification","valueRequired":true,"valueName":"search_term_string"}}],"inLanguage":"en-GB"},{"@type":"Organization","@id":"https:\/\/www.sejourprive.com\/#organization","name":"Private Stay","url":"https:\/\/www.sejourprive.com\/","logo":{"@type":"ImageObject","inLanguage":"en-GB","@id":"https:\/\/www.sejourprive.com\/#\/schema\/logo\/image\/","url":"https:\/\/www.sejourprive.com\/wp-content\/uploads\/2026\/02\/SP-Apple-touch-144-couleur-1-2.png","contentUrl":"https:\/\/www.sejourprive.com\/wp-content\/uploads\/2026\/02\/SP-Apple-touch-144-couleur-1-2.png","width":145,"height":145,"caption":"S\u00e9jour Priv\u00e9"},"image":{"@id":"https:\/\/www.sejourprive.com\/#\/schema\/logo\/image\/"}}]}},"_links":{"self":[{"href":"https:\/\/www.sejourprive.com\/en\/wp-json\/wp\/v2\/product\/43770","targetHints":{"allow":["GET"]}}],"collection":[{"href":"https:\/\/www.sejourprive.com\/en\/wp-json\/wp\/v2\/product"}],"about":[{"href":"https:\/\/www.sejourprive.com\/en\/wp-json\/wp\/v2\/types\/product"}],"replies":[{"embeddable":true,"href":"https:\/\/www.sejourprive.com\/en\/wp-json\/wp\/v2\/comments?post=43770"}],"version-history":[{"count":0,"href":"https:\/\/www.sejourprive.com\/en\/wp-json\/wp\/v2\/product\/43770\/revisions"}],"wp:featuredmedia":[{"embeddable":true,"href":"https:\/\/www.sejourprive.com\/en\/wp-json\/wp\/v2\/media\/43873"}],"wp:attachment":[{"href":"https:\/\/www.sejourprive.com\/en\/wp-json\/wp\/v2\/media?parent=43770"}],"wp:term":[{"taxonomy":"product_brand","embeddable":true,"href":"https:\/\/www.sejourprive.com\/en\/wp-json\/wp\/v2\/product_brand?post=43770"},{"taxonomy":"product_cat","embeddable":true,"href":"https:\/\/www.sejourprive.com\/en\/wp-json\/wp\/v2\/product_cat?post=43770"},{"taxonomy":"product_tag","embeddable":true,"href":"https:\/\/www.sejourprive.com\/en\/wp-json\/wp\/v2\/product_tag?post=43770"}],"curies":[{"name":"wp","href":"https:\/\/api.w.org\/{rel}","templated":true}]}}