{"id":43732,"date":"2026-03-07T16:17:42","date_gmt":"2026-03-07T15:17:42","guid":{"rendered":"https:\/\/www.sejourprive.com\/?post_type=product&#038;p=43732"},"modified":"2026-03-07T16:17:42","modified_gmt":"2026-03-07T15:17:42","slug":"villa-selvaggia-arezzo-toscane-italie","status":"publish","type":"product","link":"https:\/\/www.sejourprive.com\/en\/biens\/villa-selvaggia-arezzo-toscane-italie\/","title":{"rendered":"Villa Selvaggia, Arezzo, Tuscany, Italy"},"content":{"rendered":"<p>Entour\u00e9e par les collines vallonn\u00e9es de la Toscane, la Villa Selvaggia se trouve entre Arezzo et Cortona, deux villes m\u00e9di\u00e9vales r\u00e9put\u00e9es pour leur richesse culturelle. Cette maison allie un design contemporain \u00e0 une atmosph\u00e8re ludique et chaleureuse, o\u00f9 la musique, l&#8217;art et la nature se marient harmonieusement.<br \/>\n<span><div class=\"read-more-wrapper\"><a class=\"read-more-button\" data-target=\"read-more-69f3b37dbd47e\" data-more-text=\"Read more\" data-less-text=\"Read less\"><span class=\"read-more-text\">Read more<\/span><\/a><div id=\"read-more-69f3b37dbd47e\" class=\"read-more-content\"> <\/span><\/p>\n<p>D&#8217;une superficie de 317 m\u00b2, cette retraite peut accueillir 6 adultes et 6 enfants dans 7 chambres et 5 salles de bains. La maison est con\u00e7ue pour favoriser les moments de convivialit\u00e9 : d\u00e9fiez vos proches dans la salle de billard, plongez dans la piscine ou rejoignez les enfants dans l&#8217;espace de jeux. \u00c0 l&#8217;ext\u00e9rieur, une piscine naturelle surplombe la campagne, tandis que les terrains de p\u00e9tanque invitent \u00e0 passer des soir\u00e9es ludiques sous la lumi\u00e8re dor\u00e9e de la Toscane.<\/p>\n<p>Why we love it:<br \/>\n\u2022 Salon piano : laissez les m\u00e9lodies s&#8217;\u00e9lever et profitez de soir\u00e9es remplies de sons et de style<br \/>\n\u2022 M\u00e9lange de bien-\u00eatre et de loisirs : piscine, salle de massage, p\u00e9tanque, salle de jeux et billard<br \/>\n\u2022 Cadre isol\u00e9 : le domaine est situ\u00e9 sur un terrain de 3 hectares surplombant une vall\u00e9e bois\u00e9e cach\u00e9e o\u00f9 se m\u00ealent vignobles et oliveraies<br \/>\n\u2022 Architecture et design uniques : maison du XVIIIe si\u00e8cle d\u00e9cor\u00e9e par un antiquaire grand voyageur, m\u00ealant tr\u00e9sors antiques et design italien des ann\u00e9es 1960<\/div><\/div><\/p>","protected":false},"excerpt":{"rendered":"<p>Entour\u00e9e par les collines vallonn\u00e9es de la Toscane, la Villa Selvaggia se trouve entre Arezzo et Cortona, deux villes m\u00e9di\u00e9vales&#8230;<\/p>","protected":false},"featured_media":43817,"comment_status":"open","ping_status":"closed","template":"","meta":{"_acf_changed":false},"product_brand":[],"product_cat":[15],"product_tag":[],"class_list":{"0":"post-43732","1":"product","2":"type-product","3":"status-publish","4":"has-post-thumbnail","6":"product_cat-villa","7":"property_location-italie","8":"property_location-toscane","10":"first","11":"instock","12":"sold-individually","13":"shipping-taxable","14":"purchasable","15":"product-type-simple"},"acf":[],"yoast_head":"<!-- This site is optimized with the Yoast SEO plugin v26.6 - https:\/\/yoast.com\/wordpress\/plugins\/seo\/ -->\n<title>Villa Selvaggia, Arezzo, Toscane, Italie - S\u00e9jour Priv\u00e9<\/title>\n<meta name=\"description\" content=\"Entour\u00e9e par les collines vallonn\u00e9es de la Toscane, la Villa Selvaggia se trouve entre Arezzo et Cortona, deux villes m\u00e9di\u00e9vales r\u00e9put\u00e9es pour leur\" \/>\n<meta name=\"robots\" content=\"index, follow, max-snippet:-1, max-image-preview:large, max-video-preview:-1\" \/>\n<link rel=\"canonical\" href=\"https:\/\/www.sejourprive.com\/en\/biens\/villa-selvaggia-arezzo-toscane-italie\/\" \/>\n<meta property=\"og:locale\" content=\"en_GB\" \/>\n<meta property=\"og:type\" content=\"article\" \/>\n<meta property=\"og:title\" content=\"Villa Selvaggia, Arezzo, Toscane, Italie - S\u00e9jour Priv\u00e9\" \/>\n<meta property=\"og:description\" content=\"Entour\u00e9e par les collines vallonn\u00e9es de la Toscane, la Villa Selvaggia se trouve entre Arezzo et Cortona, deux villes m\u00e9di\u00e9vales r\u00e9put\u00e9es pour leur\" \/>\n<meta property=\"og:url\" content=\"https:\/\/www.sejourprive.com\/en\/biens\/villa-selvaggia-arezzo-toscane-italie\/\" \/>\n<meta property=\"og:site_name\" content=\"S\u00e9jour Priv\u00e9\" \/>\n<meta property=\"og:image\" content=\"https:\/\/www.sejourprive.com\/wp-content\/uploads\/2026\/03\/39-35.jpg\" \/>\n\t<meta property=\"og:image:width\" content=\"1200\" \/>\n\t<meta property=\"og:image:height\" content=\"800\" \/>\n\t<meta property=\"og:image:type\" content=\"image\/jpeg\" \/>\n<meta name=\"twitter:card\" content=\"summary_large_image\" \/>\n<meta name=\"twitter:label1\" content=\"Estimated reading time\" \/>\n\t<meta name=\"twitter:data1\" content=\"2 minutes\" \/>\n<script type=\"application\/ld+json\" class=\"yoast-schema-graph\">{\"@context\":\"https:\/\/schema.org\",\"@graph\":[{\"@type\":\"WebPage\",\"@id\":\"https:\/\/www.sejourprive.com\/biens\/villa-selvaggia-arezzo-toscane-italie\/\",\"url\":\"https:\/\/www.sejourprive.com\/biens\/villa-selvaggia-arezzo-toscane-italie\/\",\"name\":\"Villa Selvaggia, Arezzo, Toscane, Italie - S\u00e9jour Priv\u00e9\",\"isPartOf\":{\"@id\":\"https:\/\/www.sejourprive.com\/#website\"},\"primaryImageOfPage\":{\"@id\":\"https:\/\/www.sejourprive.com\/biens\/villa-selvaggia-arezzo-toscane-italie\/#primaryimage\"},\"image\":{\"@id\":\"https:\/\/www.sejourprive.com\/biens\/villa-selvaggia-arezzo-toscane-italie\/#primaryimage\"},\"thumbnailUrl\":\"https:\/\/www.sejourprive.com\/wp-content\/uploads\/2026\/03\/39-35.jpg\",\"datePublished\":\"2026-03-07T15:17:42+00:00\",\"description\":\"Entour\u00e9e par les collines vallonn\u00e9es de la Toscane, la Villa Selvaggia se trouve entre Arezzo et Cortona, deux villes m\u00e9di\u00e9vales r\u00e9put\u00e9es pour leur\",\"breadcrumb\":{\"@id\":\"https:\/\/www.sejourprive.com\/biens\/villa-selvaggia-arezzo-toscane-italie\/#breadcrumb\"},\"inLanguage\":\"en-GB\",\"potentialAction\":[{\"@type\":\"ReadAction\",\"target\":[\"https:\/\/www.sejourprive.com\/biens\/villa-selvaggia-arezzo-toscane-italie\/\"]}]},{\"@type\":\"ImageObject\",\"inLanguage\":\"en-GB\",\"@id\":\"https:\/\/www.sejourprive.com\/biens\/villa-selvaggia-arezzo-toscane-italie\/#primaryimage\",\"url\":\"https:\/\/www.sejourprive.com\/wp-content\/uploads\/2026\/03\/39-35.jpg\",\"contentUrl\":\"https:\/\/www.sejourprive.com\/wp-content\/uploads\/2026\/03\/39-35.jpg\",\"width\":1200,\"height\":800},{\"@type\":\"BreadcrumbList\",\"@id\":\"https:\/\/www.sejourprive.com\/biens\/villa-selvaggia-arezzo-toscane-italie\/#breadcrumb\",\"itemListElement\":[{\"@type\":\"ListItem\",\"position\":1,\"name\":\"Accueil\",\"item\":\"https:\/\/www.sejourprive.com\/\"},{\"@type\":\"ListItem\",\"position\":2,\"name\":\"Shop\",\"item\":\"https:\/\/www.sejourprive.com\/shop\/\"},{\"@type\":\"ListItem\",\"position\":3,\"name\":\"Villa Selvaggia, Arezzo, Toscane, Italie\"}]},{\"@type\":\"WebSite\",\"@id\":\"https:\/\/www.sejourprive.com\/#website\",\"url\":\"https:\/\/www.sejourprive.com\/\",\"name\":\"S\u00e9jour Priv\u00e9\",\"description\":\"Nous imaginons pour vous des s\u00e9jours d\u2019exception.\",\"publisher\":{\"@id\":\"https:\/\/www.sejourprive.com\/#organization\"},\"potentialAction\":[{\"@type\":\"SearchAction\",\"target\":{\"@type\":\"EntryPoint\",\"urlTemplate\":\"https:\/\/www.sejourprive.com\/?s={search_term_string}\"},\"query-input\":{\"@type\":\"PropertyValueSpecification\",\"valueRequired\":true,\"valueName\":\"search_term_string\"}}],\"inLanguage\":\"en-GB\"},{\"@type\":\"Organization\",\"@id\":\"https:\/\/www.sejourprive.com\/#organization\",\"name\":\"S\u00e9jour Priv\u00e9\",\"url\":\"https:\/\/www.sejourprive.com\/\",\"logo\":{\"@type\":\"ImageObject\",\"inLanguage\":\"en-GB\",\"@id\":\"https:\/\/www.sejourprive.com\/#\/schema\/logo\/image\/\",\"url\":\"https:\/\/www.sejourprive.com\/wp-content\/uploads\/2026\/02\/SP-Apple-touch-144-couleur-1-2.png\",\"contentUrl\":\"https:\/\/www.sejourprive.com\/wp-content\/uploads\/2026\/02\/SP-Apple-touch-144-couleur-1-2.png\",\"width\":145,\"height\":145,\"caption\":\"S\u00e9jour Priv\u00e9\"},\"image\":{\"@id\":\"https:\/\/www.sejourprive.com\/#\/schema\/logo\/image\/\"}}]}<\/script>\n<!-- \/ Yoast SEO plugin. -->","yoast_head_json":{"title":"Villa Selvaggia, Arezzo, Toscane, Italie - S\u00e9jour Priv\u00e9","description":"Entour\u00e9e par les collines vallonn\u00e9es de la Toscane, la Villa Selvaggia se trouve entre Arezzo et Cortona, deux villes m\u00e9di\u00e9vales r\u00e9put\u00e9es pour leur","robots":{"index":"index","follow":"follow","max-snippet":"max-snippet:-1","max-image-preview":"max-image-preview:large","max-video-preview":"max-video-preview:-1"},"canonical":"https:\/\/www.sejourprive.com\/en\/biens\/villa-selvaggia-arezzo-toscane-italie\/","og_locale":"en_GB","og_type":"article","og_title":"Villa Selvaggia, Arezzo, Toscane, Italie - S\u00e9jour Priv\u00e9","og_description":"Entour\u00e9e par les collines vallonn\u00e9es de la Toscane, la Villa Selvaggia se trouve entre Arezzo et Cortona, deux villes m\u00e9di\u00e9vales r\u00e9put\u00e9es pour leur","og_url":"https:\/\/www.sejourprive.com\/en\/biens\/villa-selvaggia-arezzo-toscane-italie\/","og_site_name":"S\u00e9jour Priv\u00e9","og_image":[{"width":1200,"height":800,"url":"https:\/\/www.sejourprive.com\/wp-content\/uploads\/2026\/03\/39-35.jpg","type":"image\/jpeg"}],"twitter_card":"summary_large_image","twitter_misc":{"Estimated reading time":"2 minutes"},"schema":{"@context":"https:\/\/schema.org","@graph":[{"@type":"WebPage","@id":"https:\/\/www.sejourprive.com\/biens\/villa-selvaggia-arezzo-toscane-italie\/","url":"https:\/\/www.sejourprive.com\/biens\/villa-selvaggia-arezzo-toscane-italie\/","name":"Villa Selvaggia, Arezzo, Toscane, Italie - S\u00e9jour Priv\u00e9","isPartOf":{"@id":"https:\/\/www.sejourprive.com\/#website"},"primaryImageOfPage":{"@id":"https:\/\/www.sejourprive.com\/biens\/villa-selvaggia-arezzo-toscane-italie\/#primaryimage"},"image":{"@id":"https:\/\/www.sejourprive.com\/biens\/villa-selvaggia-arezzo-toscane-italie\/#primaryimage"},"thumbnailUrl":"https:\/\/www.sejourprive.com\/wp-content\/uploads\/2026\/03\/39-35.jpg","datePublished":"2026-03-07T15:17:42+00:00","description":"Entour\u00e9e par les collines vallonn\u00e9es de la Toscane, la Villa Selvaggia se trouve entre Arezzo et Cortona, deux villes m\u00e9di\u00e9vales r\u00e9put\u00e9es pour leur","breadcrumb":{"@id":"https:\/\/www.sejourprive.com\/biens\/villa-selvaggia-arezzo-toscane-italie\/#breadcrumb"},"inLanguage":"en-GB","potentialAction":[{"@type":"ReadAction","target":["https:\/\/www.sejourprive.com\/biens\/villa-selvaggia-arezzo-toscane-italie\/"]}]},{"@type":"ImageObject","inLanguage":"en-GB","@id":"https:\/\/www.sejourprive.com\/biens\/villa-selvaggia-arezzo-toscane-italie\/#primaryimage","url":"https:\/\/www.sejourprive.com\/wp-content\/uploads\/2026\/03\/39-35.jpg","contentUrl":"https:\/\/www.sejourprive.com\/wp-content\/uploads\/2026\/03\/39-35.jpg","width":1200,"height":800},{"@type":"BreadcrumbList","@id":"https:\/\/www.sejourprive.com\/biens\/villa-selvaggia-arezzo-toscane-italie\/#breadcrumb","itemListElement":[{"@type":"ListItem","position":1,"name":"Accueil","item":"https:\/\/www.sejourprive.com\/"},{"@type":"ListItem","position":2,"name":"Shop","item":"https:\/\/www.sejourprive.com\/shop\/"},{"@type":"ListItem","position":3,"name":"Villa Selvaggia, Arezzo, Toscane, Italie"}]},{"@type":"WebSite","@id":"https:\/\/www.sejourprive.com\/#website","url":"https:\/\/www.sejourprive.com\/","name":"Private Stay","description":"We design exceptional holidays for you.","publisher":{"@id":"https:\/\/www.sejourprive.com\/#organization"},"potentialAction":[{"@type":"SearchAction","target":{"@type":"EntryPoint","urlTemplate":"https:\/\/www.sejourprive.com\/?s={search_term_string}"},"query-input":{"@type":"PropertyValueSpecification","valueRequired":true,"valueName":"search_term_string"}}],"inLanguage":"en-GB"},{"@type":"Organization","@id":"https:\/\/www.sejourprive.com\/#organization","name":"Private Stay","url":"https:\/\/www.sejourprive.com\/","logo":{"@type":"ImageObject","inLanguage":"en-GB","@id":"https:\/\/www.sejourprive.com\/#\/schema\/logo\/image\/","url":"https:\/\/www.sejourprive.com\/wp-content\/uploads\/2026\/02\/SP-Apple-touch-144-couleur-1-2.png","contentUrl":"https:\/\/www.sejourprive.com\/wp-content\/uploads\/2026\/02\/SP-Apple-touch-144-couleur-1-2.png","width":145,"height":145,"caption":"S\u00e9jour Priv\u00e9"},"image":{"@id":"https:\/\/www.sejourprive.com\/#\/schema\/logo\/image\/"}}]}},"_links":{"self":[{"href":"https:\/\/www.sejourprive.com\/en\/wp-json\/wp\/v2\/product\/43732","targetHints":{"allow":["GET"]}}],"collection":[{"href":"https:\/\/www.sejourprive.com\/en\/wp-json\/wp\/v2\/product"}],"about":[{"href":"https:\/\/www.sejourprive.com\/en\/wp-json\/wp\/v2\/types\/product"}],"replies":[{"embeddable":true,"href":"https:\/\/www.sejourprive.com\/en\/wp-json\/wp\/v2\/comments?post=43732"}],"version-history":[{"count":0,"href":"https:\/\/www.sejourprive.com\/en\/wp-json\/wp\/v2\/product\/43732\/revisions"}],"wp:featuredmedia":[{"embeddable":true,"href":"https:\/\/www.sejourprive.com\/en\/wp-json\/wp\/v2\/media\/43817"}],"wp:attachment":[{"href":"https:\/\/www.sejourprive.com\/en\/wp-json\/wp\/v2\/media?parent=43732"}],"wp:term":[{"taxonomy":"product_brand","embeddable":true,"href":"https:\/\/www.sejourprive.com\/en\/wp-json\/wp\/v2\/product_brand?post=43732"},{"taxonomy":"product_cat","embeddable":true,"href":"https:\/\/www.sejourprive.com\/en\/wp-json\/wp\/v2\/product_cat?post=43732"},{"taxonomy":"product_tag","embeddable":true,"href":"https:\/\/www.sejourprive.com\/en\/wp-json\/wp\/v2\/product_tag?post=43732"}],"curies":[{"name":"wp","href":"https:\/\/api.w.org\/{rel}","templated":true}]}}