{"id":43390,"date":"2026-03-07T15:49:45","date_gmt":"2026-03-07T14:49:45","guid":{"rendered":"https:\/\/www.sejourprive.com\/?post_type=product&#038;p=43390"},"modified":"2026-03-07T15:49:45","modified_gmt":"2026-03-07T14:49:45","slug":"villa-don-nino-castiglioncello-del-trinoro-sienne-toscane-italie","status":"publish","type":"product","link":"https:\/\/www.sejourprive.com\/en\/biens\/villa-don-nino-castiglioncello-del-trinoro-sienne-toscane-italie\/","title":{"rendered":"Villa Don Nino, Castiglioncello del Trinoro, Siena, Tuscany, Italy"},"content":{"rendered":"<p>Nich\u00e9e dans les champs vallonn\u00e9s de la province de Sienne, en Toscane, la Villa Don Nino est l&#8217;endroit id\u00e9al pour une escapade italienne. Son ext\u00e9rieur traditionnel enti\u00e8rement en pierre cache un int\u00e9rieur contemporain o\u00f9 la d\u00e9coration color\u00e9e et vivante se refl\u00e8te sur les murs d&#8217;un blanc immacul\u00e9.<span><div class=\"read-more-wrapper\"><a class=\"read-more-button\" data-target=\"read-more-69f37333f0d7e\" data-more-text=\"Read more\" data-less-text=\"Read less\"><span class=\"read-more-text\">Read more<\/span><\/a><div id=\"read-more-69f37333f0d7e\" class=\"read-more-content\"> <\/span><\/p>\n<p>Commencez votre journ\u00e9e par une s\u00e9ance d&#8217;entra\u00eenement dans la salle de fitness avant de vous rafra\u00eechir dans la magnifique piscine \u00e0 d\u00e9bordement, qui offre une vue imprenable sur les collines du Val d&#8217;Orcia. Entour\u00e9 par la nature, passez vos journ\u00e9es en plein air \u00e0 profiter du jardin et du parfum frais des plantes toscanes. Savourez vos repas en plein air sous la pergola ombrag\u00e9e, puis installez-vous dans une chaise longue au bord de la piscine pour vous plonger dans votre livre de vacances pr\u00e9f\u00e9r\u00e9. \u00c0 la tomb\u00e9e de la nuit, admirez le soleil se coucher derri\u00e8re les collines, peignant l&#8217;horizon de nuances \u00e9poustouflantes de rouge, rose, orange et violet.<\/div><\/div><\/p>","protected":false},"excerpt":{"rendered":"<p>Nich\u00e9e dans les champs vallonn\u00e9s de la province de Sienne, en Toscane, la Villa Don Nino est l&#8217;endroit id\u00e9al pour&#8230;<\/p>","protected":false},"featured_media":43393,"comment_status":"open","ping_status":"closed","template":"","meta":{"_acf_changed":false},"product_brand":[],"product_cat":[15],"product_tag":[],"class_list":{"0":"post-43390","1":"product","2":"type-product","3":"status-publish","4":"has-post-thumbnail","6":"product_cat-villa","7":"property_location-italie","8":"property_location-toscane","10":"first","11":"instock","12":"sold-individually","13":"shipping-taxable","14":"purchasable","15":"product-type-simple"},"acf":[],"yoast_head":"<!-- This site is optimized with the Yoast SEO plugin v26.6 - https:\/\/yoast.com\/wordpress\/plugins\/seo\/ -->\n<title>Villa Don Nino, Castiglioncello del Trinoro, Sienne, Toscane, Italie - S\u00e9jour Priv\u00e9<\/title>\n<meta name=\"description\" content=\"Nich\u00e9e dans les champs vallonn\u00e9s de la province de Sienne, en Toscane, la Villa Don Nino est l&#039;endroit id\u00e9al pour une escapade italienne. Son ext\u00e9rieur\" \/>\n<meta name=\"robots\" content=\"index, follow, max-snippet:-1, max-image-preview:large, max-video-preview:-1\" \/>\n<link rel=\"canonical\" href=\"https:\/\/www.sejourprive.com\/en\/biens\/villa-don-nino-castiglioncello-del-trinoro-sienne-toscane-italie\/\" \/>\n<meta property=\"og:locale\" content=\"en_GB\" \/>\n<meta property=\"og:type\" content=\"article\" \/>\n<meta property=\"og:title\" content=\"Villa Don Nino, Castiglioncello del Trinoro, Sienne, Toscane, Italie - S\u00e9jour Priv\u00e9\" \/>\n<meta property=\"og:description\" content=\"Nich\u00e9e dans les champs vallonn\u00e9s de la province de Sienne, en Toscane, la Villa Don Nino est l&#039;endroit id\u00e9al pour une escapade italienne. Son ext\u00e9rieur\" \/>\n<meta property=\"og:url\" content=\"https:\/\/www.sejourprive.com\/en\/biens\/villa-don-nino-castiglioncello-del-trinoro-sienne-toscane-italie\/\" \/>\n<meta property=\"og:site_name\" content=\"S\u00e9jour Priv\u00e9\" \/>\n<meta property=\"og:image\" content=\"https:\/\/www.sejourprive.com\/wp-content\/uploads\/2026\/03\/1-52.jpg\" \/>\n\t<meta property=\"og:image:width\" content=\"1200\" \/>\n\t<meta property=\"og:image:height\" content=\"800\" \/>\n\t<meta property=\"og:image:type\" content=\"image\/jpeg\" \/>\n<meta name=\"twitter:card\" content=\"summary_large_image\" \/>\n<meta name=\"twitter:label1\" content=\"Estimated reading time\" \/>\n\t<meta name=\"twitter:data1\" content=\"2 minutes\" \/>\n<script type=\"application\/ld+json\" class=\"yoast-schema-graph\">{\"@context\":\"https:\/\/schema.org\",\"@graph\":[{\"@type\":\"WebPage\",\"@id\":\"https:\/\/www.sejourprive.com\/biens\/villa-don-nino-castiglioncello-del-trinoro-sienne-toscane-italie\/\",\"url\":\"https:\/\/www.sejourprive.com\/biens\/villa-don-nino-castiglioncello-del-trinoro-sienne-toscane-italie\/\",\"name\":\"Villa Don Nino, Castiglioncello del Trinoro, Sienne, Toscane, Italie - S\u00e9jour Priv\u00e9\",\"isPartOf\":{\"@id\":\"https:\/\/www.sejourprive.com\/#website\"},\"primaryImageOfPage\":{\"@id\":\"https:\/\/www.sejourprive.com\/biens\/villa-don-nino-castiglioncello-del-trinoro-sienne-toscane-italie\/#primaryimage\"},\"image\":{\"@id\":\"https:\/\/www.sejourprive.com\/biens\/villa-don-nino-castiglioncello-del-trinoro-sienne-toscane-italie\/#primaryimage\"},\"thumbnailUrl\":\"https:\/\/www.sejourprive.com\/wp-content\/uploads\/2026\/03\/1-52.jpg\",\"datePublished\":\"2026-03-07T14:49:45+00:00\",\"description\":\"Nich\u00e9e dans les champs vallonn\u00e9s de la province de Sienne, en Toscane, la Villa Don Nino est l'endroit id\u00e9al pour une escapade italienne. Son ext\u00e9rieur\",\"breadcrumb\":{\"@id\":\"https:\/\/www.sejourprive.com\/biens\/villa-don-nino-castiglioncello-del-trinoro-sienne-toscane-italie\/#breadcrumb\"},\"inLanguage\":\"en-GB\",\"potentialAction\":[{\"@type\":\"ReadAction\",\"target\":[\"https:\/\/www.sejourprive.com\/biens\/villa-don-nino-castiglioncello-del-trinoro-sienne-toscane-italie\/\"]}]},{\"@type\":\"ImageObject\",\"inLanguage\":\"en-GB\",\"@id\":\"https:\/\/www.sejourprive.com\/biens\/villa-don-nino-castiglioncello-del-trinoro-sienne-toscane-italie\/#primaryimage\",\"url\":\"https:\/\/www.sejourprive.com\/wp-content\/uploads\/2026\/03\/1-52.jpg\",\"contentUrl\":\"https:\/\/www.sejourprive.com\/wp-content\/uploads\/2026\/03\/1-52.jpg\",\"width\":1200,\"height\":800},{\"@type\":\"BreadcrumbList\",\"@id\":\"https:\/\/www.sejourprive.com\/biens\/villa-don-nino-castiglioncello-del-trinoro-sienne-toscane-italie\/#breadcrumb\",\"itemListElement\":[{\"@type\":\"ListItem\",\"position\":1,\"name\":\"Accueil\",\"item\":\"https:\/\/www.sejourprive.com\/\"},{\"@type\":\"ListItem\",\"position\":2,\"name\":\"Shop\",\"item\":\"https:\/\/www.sejourprive.com\/shop\/\"},{\"@type\":\"ListItem\",\"position\":3,\"name\":\"Villa Don Nino, Castiglioncello del Trinoro, Sienne, Toscane, Italie\"}]},{\"@type\":\"WebSite\",\"@id\":\"https:\/\/www.sejourprive.com\/#website\",\"url\":\"https:\/\/www.sejourprive.com\/\",\"name\":\"S\u00e9jour Priv\u00e9\",\"description\":\"Nous imaginons pour vous des s\u00e9jours d\u2019exception.\",\"publisher\":{\"@id\":\"https:\/\/www.sejourprive.com\/#organization\"},\"potentialAction\":[{\"@type\":\"SearchAction\",\"target\":{\"@type\":\"EntryPoint\",\"urlTemplate\":\"https:\/\/www.sejourprive.com\/?s={search_term_string}\"},\"query-input\":{\"@type\":\"PropertyValueSpecification\",\"valueRequired\":true,\"valueName\":\"search_term_string\"}}],\"inLanguage\":\"en-GB\"},{\"@type\":\"Organization\",\"@id\":\"https:\/\/www.sejourprive.com\/#organization\",\"name\":\"S\u00e9jour Priv\u00e9\",\"url\":\"https:\/\/www.sejourprive.com\/\",\"logo\":{\"@type\":\"ImageObject\",\"inLanguage\":\"en-GB\",\"@id\":\"https:\/\/www.sejourprive.com\/#\/schema\/logo\/image\/\",\"url\":\"https:\/\/www.sejourprive.com\/wp-content\/uploads\/2026\/02\/SP-Apple-touch-144-couleur-1-2.png\",\"contentUrl\":\"https:\/\/www.sejourprive.com\/wp-content\/uploads\/2026\/02\/SP-Apple-touch-144-couleur-1-2.png\",\"width\":145,\"height\":145,\"caption\":\"S\u00e9jour Priv\u00e9\"},\"image\":{\"@id\":\"https:\/\/www.sejourprive.com\/#\/schema\/logo\/image\/\"}}]}<\/script>\n<!-- \/ Yoast SEO plugin. -->","yoast_head_json":{"title":"Villa Don Nino, Castiglioncello del Trinoro, Sienne, Toscane, Italie - S\u00e9jour Priv\u00e9","description":"Nich\u00e9e dans les champs vallonn\u00e9s de la province de Sienne, en Toscane, la Villa Don Nino est l'endroit id\u00e9al pour une escapade italienne. Son ext\u00e9rieur","robots":{"index":"index","follow":"follow","max-snippet":"max-snippet:-1","max-image-preview":"max-image-preview:large","max-video-preview":"max-video-preview:-1"},"canonical":"https:\/\/www.sejourprive.com\/en\/biens\/villa-don-nino-castiglioncello-del-trinoro-sienne-toscane-italie\/","og_locale":"en_GB","og_type":"article","og_title":"Villa Don Nino, Castiglioncello del Trinoro, Sienne, Toscane, Italie - S\u00e9jour Priv\u00e9","og_description":"Nich\u00e9e dans les champs vallonn\u00e9s de la province de Sienne, en Toscane, la Villa Don Nino est l'endroit id\u00e9al pour une escapade italienne. Son ext\u00e9rieur","og_url":"https:\/\/www.sejourprive.com\/en\/biens\/villa-don-nino-castiglioncello-del-trinoro-sienne-toscane-italie\/","og_site_name":"S\u00e9jour Priv\u00e9","og_image":[{"width":1200,"height":800,"url":"https:\/\/www.sejourprive.com\/wp-content\/uploads\/2026\/03\/1-52.jpg","type":"image\/jpeg"}],"twitter_card":"summary_large_image","twitter_misc":{"Estimated reading time":"2 minutes"},"schema":{"@context":"https:\/\/schema.org","@graph":[{"@type":"WebPage","@id":"https:\/\/www.sejourprive.com\/biens\/villa-don-nino-castiglioncello-del-trinoro-sienne-toscane-italie\/","url":"https:\/\/www.sejourprive.com\/biens\/villa-don-nino-castiglioncello-del-trinoro-sienne-toscane-italie\/","name":"Villa Don Nino, Castiglioncello del Trinoro, Sienne, Toscane, Italie - S\u00e9jour Priv\u00e9","isPartOf":{"@id":"https:\/\/www.sejourprive.com\/#website"},"primaryImageOfPage":{"@id":"https:\/\/www.sejourprive.com\/biens\/villa-don-nino-castiglioncello-del-trinoro-sienne-toscane-italie\/#primaryimage"},"image":{"@id":"https:\/\/www.sejourprive.com\/biens\/villa-don-nino-castiglioncello-del-trinoro-sienne-toscane-italie\/#primaryimage"},"thumbnailUrl":"https:\/\/www.sejourprive.com\/wp-content\/uploads\/2026\/03\/1-52.jpg","datePublished":"2026-03-07T14:49:45+00:00","description":"Nich\u00e9e dans les champs vallonn\u00e9s de la province de Sienne, en Toscane, la Villa Don Nino est l'endroit id\u00e9al pour une escapade italienne. Son ext\u00e9rieur","breadcrumb":{"@id":"https:\/\/www.sejourprive.com\/biens\/villa-don-nino-castiglioncello-del-trinoro-sienne-toscane-italie\/#breadcrumb"},"inLanguage":"en-GB","potentialAction":[{"@type":"ReadAction","target":["https:\/\/www.sejourprive.com\/biens\/villa-don-nino-castiglioncello-del-trinoro-sienne-toscane-italie\/"]}]},{"@type":"ImageObject","inLanguage":"en-GB","@id":"https:\/\/www.sejourprive.com\/biens\/villa-don-nino-castiglioncello-del-trinoro-sienne-toscane-italie\/#primaryimage","url":"https:\/\/www.sejourprive.com\/wp-content\/uploads\/2026\/03\/1-52.jpg","contentUrl":"https:\/\/www.sejourprive.com\/wp-content\/uploads\/2026\/03\/1-52.jpg","width":1200,"height":800},{"@type":"BreadcrumbList","@id":"https:\/\/www.sejourprive.com\/biens\/villa-don-nino-castiglioncello-del-trinoro-sienne-toscane-italie\/#breadcrumb","itemListElement":[{"@type":"ListItem","position":1,"name":"Accueil","item":"https:\/\/www.sejourprive.com\/"},{"@type":"ListItem","position":2,"name":"Shop","item":"https:\/\/www.sejourprive.com\/shop\/"},{"@type":"ListItem","position":3,"name":"Villa Don Nino, Castiglioncello del Trinoro, Sienne, Toscane, Italie"}]},{"@type":"WebSite","@id":"https:\/\/www.sejourprive.com\/#website","url":"https:\/\/www.sejourprive.com\/","name":"Private Stay","description":"We design exceptional holidays for you.","publisher":{"@id":"https:\/\/www.sejourprive.com\/#organization"},"potentialAction":[{"@type":"SearchAction","target":{"@type":"EntryPoint","urlTemplate":"https:\/\/www.sejourprive.com\/?s={search_term_string}"},"query-input":{"@type":"PropertyValueSpecification","valueRequired":true,"valueName":"search_term_string"}}],"inLanguage":"en-GB"},{"@type":"Organization","@id":"https:\/\/www.sejourprive.com\/#organization","name":"Private Stay","url":"https:\/\/www.sejourprive.com\/","logo":{"@type":"ImageObject","inLanguage":"en-GB","@id":"https:\/\/www.sejourprive.com\/#\/schema\/logo\/image\/","url":"https:\/\/www.sejourprive.com\/wp-content\/uploads\/2026\/02\/SP-Apple-touch-144-couleur-1-2.png","contentUrl":"https:\/\/www.sejourprive.com\/wp-content\/uploads\/2026\/02\/SP-Apple-touch-144-couleur-1-2.png","width":145,"height":145,"caption":"S\u00e9jour Priv\u00e9"},"image":{"@id":"https:\/\/www.sejourprive.com\/#\/schema\/logo\/image\/"}}]}},"_links":{"self":[{"href":"https:\/\/www.sejourprive.com\/en\/wp-json\/wp\/v2\/product\/43390","targetHints":{"allow":["GET"]}}],"collection":[{"href":"https:\/\/www.sejourprive.com\/en\/wp-json\/wp\/v2\/product"}],"about":[{"href":"https:\/\/www.sejourprive.com\/en\/wp-json\/wp\/v2\/types\/product"}],"replies":[{"embeddable":true,"href":"https:\/\/www.sejourprive.com\/en\/wp-json\/wp\/v2\/comments?post=43390"}],"version-history":[{"count":0,"href":"https:\/\/www.sejourprive.com\/en\/wp-json\/wp\/v2\/product\/43390\/revisions"}],"wp:featuredmedia":[{"embeddable":true,"href":"https:\/\/www.sejourprive.com\/en\/wp-json\/wp\/v2\/media\/43393"}],"wp:attachment":[{"href":"https:\/\/www.sejourprive.com\/en\/wp-json\/wp\/v2\/media?parent=43390"}],"wp:term":[{"taxonomy":"product_brand","embeddable":true,"href":"https:\/\/www.sejourprive.com\/en\/wp-json\/wp\/v2\/product_brand?post=43390"},{"taxonomy":"product_cat","embeddable":true,"href":"https:\/\/www.sejourprive.com\/en\/wp-json\/wp\/v2\/product_cat?post=43390"},{"taxonomy":"product_tag","embeddable":true,"href":"https:\/\/www.sejourprive.com\/en\/wp-json\/wp\/v2\/product_tag?post=43390"}],"curies":[{"name":"wp","href":"https:\/\/api.w.org\/{rel}","templated":true}]}}