{"id":42965,"date":"2026-03-05T17:33:07","date_gmt":"2026-03-05T16:33:07","guid":{"rendered":"https:\/\/www.sejourprive.com\/?post_type=product&#038;p=42965"},"modified":"2026-03-05T17:33:07","modified_gmt":"2026-03-05T16:33:07","slug":"villa-cagni-troubetzkoy-blevio-lac-de-come-italie","status":"publish","type":"product","link":"https:\/\/www.sejourprive.com\/en\/biens\/villa-cagni-troubetzkoy-blevio-lac-de-come-italie\/","title":{"rendered":"Villa Cagni Troubetzkoy, Blevio, Lake Como, Italy"},"content":{"rendered":"<p>Villa Cagni Troubetzkoy is an exclusive oasis of calm, nestled on the eastern shore of Lake Como. It is located 5 km north of the city of Como, just a few kilometres from Milan Linate and Malpensa airports. Bathed in fantastic light, its location offers a breathtaking view of the lake, facing the still magnificent Cernobbio and Villa d'Este.<br \/>\n<span><div class=\"read-more-wrapper\"><a class=\"read-more-button\" data-target=\"read-more-69f1f5cc10367\" data-more-text=\"Read more\" data-less-text=\"Read less\"><span class=\"read-more-text\">Read more<\/span><\/a><div id=\"read-more-69f1f5cc10367\" class=\"read-more-content\"> <\/span><\/p>\n<p>Villa Cagni Troubetzkoy is a singular estate full of character. 170 years of work, from 1848 to the present day, have shaped the villa's eclectic character and unique identity. Art Deco, Art Nouveau and Liberty style coexist in exemplary refinement that transcends the ages. The finest materials and furnishings have been carefully selected, combining the timeless elegance of marble, wood and brass with 21st-century technology. Surrounded by the mild Mediterranean climate, the gardens offer a captivating spectacle, bathed in light and rich in nuance, with century-old plants, statues, a grotto and fascinating works of art.<\/p>\n<p>The Villa offers an upmarket, fully personalised experience for private weekly stays. Each room offers a breathtaking view of the lake. The spa, with its sauna, hammam and indoor infinity pool, offers unique moments of relaxation. A dedicated team is on hand to organise all the activities that will make your stay truly exceptional, whether with family, friends or colleagues. Sip a drink by the lake, play a game of p\u00e9tanque, relax by the heated outdoor pool and jacuzzi, enjoy a gourmet dinner in the Torre by moonlight... La Dolce Vita awaits you. Discover the lake on board a Riva or on an excursion in a luxury vintage car, enjoy a private visit to the museum of vintage boats (Barca Lariana Museum) or an exhibition of the finest silk archives in the region (Ratti Foundation). Discover the Grigne mountains for a gourmet picnic on the summit, enjoy an excursion to Milan's famous \u00abquadrilatero della moda\u00bb and an evening at the world-famous La Scala theatre.<\/div><\/div><\/p>","protected":false},"excerpt":{"rendered":"<p>La Villa Cagni Troubetzkoy est une oasis de calme exclusive, nich\u00e9e sur la rive est du lac de C\u00f4me. Elle&#8230;<\/p>","protected":false},"featured_media":42975,"comment_status":"open","ping_status":"closed","template":"","meta":{"_acf_changed":false},"product_brand":[],"product_cat":[15],"product_tag":[],"class_list":{"0":"post-42965","1":"product","2":"type-product","3":"status-publish","4":"has-post-thumbnail","6":"product_cat-villa","7":"property_location-come","8":"property_location-italie","10":"first","11":"instock","12":"sold-individually","13":"shipping-taxable","14":"purchasable","15":"product-type-simple"},"acf":[],"yoast_head":"<!-- This site is optimized with the Yoast SEO plugin v26.6 - https:\/\/yoast.com\/wordpress\/plugins\/seo\/ -->\n<title>Villa Cagni Troubetzkoy, Blevio, Lac de C\u00f4me, Italie - S\u00e9jour Priv\u00e9<\/title>\n<meta name=\"description\" content=\"La Villa Cagni Troubetzkoy est une oasis de calme exclusive, nich\u00e9e sur la rive est du lac de C\u00f4me. Elle est situ\u00e9e \u00e0 5 km au nord de la ville de C\u00f4me, \u00e0\" \/>\n<meta name=\"robots\" content=\"index, follow, max-snippet:-1, max-image-preview:large, max-video-preview:-1\" \/>\n<link rel=\"canonical\" href=\"https:\/\/www.sejourprive.com\/en\/biens\/villa-cagni-troubetzkoy-blevio-lac-de-come-italie\/\" \/>\n<meta property=\"og:locale\" content=\"en_GB\" \/>\n<meta property=\"og:type\" content=\"article\" \/>\n<meta property=\"og:title\" content=\"Villa Cagni Troubetzkoy, Blevio, Lac de C\u00f4me, Italie - S\u00e9jour Priv\u00e9\" \/>\n<meta property=\"og:description\" content=\"La Villa Cagni Troubetzkoy est une oasis de calme exclusive, nich\u00e9e sur la rive est du lac de C\u00f4me. Elle est situ\u00e9e \u00e0 5 km au nord de la ville de C\u00f4me, \u00e0\" \/>\n<meta property=\"og:url\" content=\"https:\/\/www.sejourprive.com\/en\/biens\/villa-cagni-troubetzkoy-blevio-lac-de-come-italie\/\" \/>\n<meta property=\"og:site_name\" content=\"S\u00e9jour Priv\u00e9\" \/>\n<meta property=\"og:image\" content=\"https:\/\/www.sejourprive.com\/wp-content\/uploads\/2026\/03\/0-39.jpg\" \/>\n\t<meta property=\"og:image:width\" content=\"1200\" \/>\n\t<meta property=\"og:image:height\" content=\"800\" \/>\n\t<meta property=\"og:image:type\" content=\"image\/jpeg\" \/>\n<meta name=\"twitter:card\" content=\"summary_large_image\" \/>\n<meta name=\"twitter:label1\" content=\"Estimated reading time\" \/>\n\t<meta name=\"twitter:data1\" content=\"3 minutes\" \/>\n<script type=\"application\/ld+json\" class=\"yoast-schema-graph\">{\"@context\":\"https:\/\/schema.org\",\"@graph\":[{\"@type\":\"WebPage\",\"@id\":\"https:\/\/www.sejourprive.com\/biens\/villa-cagni-troubetzkoy-blevio-lac-de-come-italie\/\",\"url\":\"https:\/\/www.sejourprive.com\/biens\/villa-cagni-troubetzkoy-blevio-lac-de-come-italie\/\",\"name\":\"Villa Cagni Troubetzkoy, Blevio, Lac de C\u00f4me, Italie - S\u00e9jour Priv\u00e9\",\"isPartOf\":{\"@id\":\"https:\/\/www.sejourprive.com\/#website\"},\"primaryImageOfPage\":{\"@id\":\"https:\/\/www.sejourprive.com\/biens\/villa-cagni-troubetzkoy-blevio-lac-de-come-italie\/#primaryimage\"},\"image\":{\"@id\":\"https:\/\/www.sejourprive.com\/biens\/villa-cagni-troubetzkoy-blevio-lac-de-come-italie\/#primaryimage\"},\"thumbnailUrl\":\"https:\/\/www.sejourprive.com\/wp-content\/uploads\/2026\/03\/0-39.jpg\",\"datePublished\":\"2026-03-05T16:33:07+00:00\",\"description\":\"La Villa Cagni Troubetzkoy est une oasis de calme exclusive, nich\u00e9e sur la rive est du lac de C\u00f4me. Elle est situ\u00e9e \u00e0 5 km au nord de la ville de C\u00f4me, \u00e0\",\"breadcrumb\":{\"@id\":\"https:\/\/www.sejourprive.com\/biens\/villa-cagni-troubetzkoy-blevio-lac-de-come-italie\/#breadcrumb\"},\"inLanguage\":\"en-GB\",\"potentialAction\":[{\"@type\":\"ReadAction\",\"target\":[\"https:\/\/www.sejourprive.com\/biens\/villa-cagni-troubetzkoy-blevio-lac-de-come-italie\/\"]}]},{\"@type\":\"ImageObject\",\"inLanguage\":\"en-GB\",\"@id\":\"https:\/\/www.sejourprive.com\/biens\/villa-cagni-troubetzkoy-blevio-lac-de-come-italie\/#primaryimage\",\"url\":\"https:\/\/www.sejourprive.com\/wp-content\/uploads\/2026\/03\/0-39.jpg\",\"contentUrl\":\"https:\/\/www.sejourprive.com\/wp-content\/uploads\/2026\/03\/0-39.jpg\",\"width\":1200,\"height\":800},{\"@type\":\"BreadcrumbList\",\"@id\":\"https:\/\/www.sejourprive.com\/biens\/villa-cagni-troubetzkoy-blevio-lac-de-come-italie\/#breadcrumb\",\"itemListElement\":[{\"@type\":\"ListItem\",\"position\":1,\"name\":\"Accueil\",\"item\":\"https:\/\/www.sejourprive.com\/\"},{\"@type\":\"ListItem\",\"position\":2,\"name\":\"Shop\",\"item\":\"https:\/\/www.sejourprive.com\/shop\/\"},{\"@type\":\"ListItem\",\"position\":3,\"name\":\"Villa Cagni Troubetzkoy, Blevio, Lac de C\u00f4me, Italie\"}]},{\"@type\":\"WebSite\",\"@id\":\"https:\/\/www.sejourprive.com\/#website\",\"url\":\"https:\/\/www.sejourprive.com\/\",\"name\":\"S\u00e9jour Priv\u00e9\",\"description\":\"Nous imaginons pour vous des s\u00e9jours d\u2019exception.\",\"publisher\":{\"@id\":\"https:\/\/www.sejourprive.com\/#organization\"},\"potentialAction\":[{\"@type\":\"SearchAction\",\"target\":{\"@type\":\"EntryPoint\",\"urlTemplate\":\"https:\/\/www.sejourprive.com\/?s={search_term_string}\"},\"query-input\":{\"@type\":\"PropertyValueSpecification\",\"valueRequired\":true,\"valueName\":\"search_term_string\"}}],\"inLanguage\":\"en-GB\"},{\"@type\":\"Organization\",\"@id\":\"https:\/\/www.sejourprive.com\/#organization\",\"name\":\"S\u00e9jour Priv\u00e9\",\"url\":\"https:\/\/www.sejourprive.com\/\",\"logo\":{\"@type\":\"ImageObject\",\"inLanguage\":\"en-GB\",\"@id\":\"https:\/\/www.sejourprive.com\/#\/schema\/logo\/image\/\",\"url\":\"https:\/\/www.sejourprive.com\/wp-content\/uploads\/2026\/02\/SP-Apple-touch-144-couleur-1-2.png\",\"contentUrl\":\"https:\/\/www.sejourprive.com\/wp-content\/uploads\/2026\/02\/SP-Apple-touch-144-couleur-1-2.png\",\"width\":145,\"height\":145,\"caption\":\"S\u00e9jour Priv\u00e9\"},\"image\":{\"@id\":\"https:\/\/www.sejourprive.com\/#\/schema\/logo\/image\/\"}}]}<\/script>\n<!-- \/ Yoast SEO plugin. -->","yoast_head_json":{"title":"Villa Cagni Troubetzkoy, Blevio, Lac de C\u00f4me, Italie - S\u00e9jour Priv\u00e9","description":"La Villa Cagni Troubetzkoy est une oasis de calme exclusive, nich\u00e9e sur la rive est du lac de C\u00f4me. Elle est situ\u00e9e \u00e0 5 km au nord de la ville de C\u00f4me, \u00e0","robots":{"index":"index","follow":"follow","max-snippet":"max-snippet:-1","max-image-preview":"max-image-preview:large","max-video-preview":"max-video-preview:-1"},"canonical":"https:\/\/www.sejourprive.com\/en\/biens\/villa-cagni-troubetzkoy-blevio-lac-de-come-italie\/","og_locale":"en_GB","og_type":"article","og_title":"Villa Cagni Troubetzkoy, Blevio, Lac de C\u00f4me, Italie - S\u00e9jour Priv\u00e9","og_description":"La Villa Cagni Troubetzkoy est une oasis de calme exclusive, nich\u00e9e sur la rive est du lac de C\u00f4me. Elle est situ\u00e9e \u00e0 5 km au nord de la ville de C\u00f4me, \u00e0","og_url":"https:\/\/www.sejourprive.com\/en\/biens\/villa-cagni-troubetzkoy-blevio-lac-de-come-italie\/","og_site_name":"S\u00e9jour Priv\u00e9","og_image":[{"width":1200,"height":800,"url":"https:\/\/www.sejourprive.com\/wp-content\/uploads\/2026\/03\/0-39.jpg","type":"image\/jpeg"}],"twitter_card":"summary_large_image","twitter_misc":{"Estimated reading time":"3 minutes"},"schema":{"@context":"https:\/\/schema.org","@graph":[{"@type":"WebPage","@id":"https:\/\/www.sejourprive.com\/biens\/villa-cagni-troubetzkoy-blevio-lac-de-come-italie\/","url":"https:\/\/www.sejourprive.com\/biens\/villa-cagni-troubetzkoy-blevio-lac-de-come-italie\/","name":"Villa Cagni Troubetzkoy, Blevio, Lac de C\u00f4me, Italie - S\u00e9jour Priv\u00e9","isPartOf":{"@id":"https:\/\/www.sejourprive.com\/#website"},"primaryImageOfPage":{"@id":"https:\/\/www.sejourprive.com\/biens\/villa-cagni-troubetzkoy-blevio-lac-de-come-italie\/#primaryimage"},"image":{"@id":"https:\/\/www.sejourprive.com\/biens\/villa-cagni-troubetzkoy-blevio-lac-de-come-italie\/#primaryimage"},"thumbnailUrl":"https:\/\/www.sejourprive.com\/wp-content\/uploads\/2026\/03\/0-39.jpg","datePublished":"2026-03-05T16:33:07+00:00","description":"La Villa Cagni Troubetzkoy est une oasis de calme exclusive, nich\u00e9e sur la rive est du lac de C\u00f4me. Elle est situ\u00e9e \u00e0 5 km au nord de la ville de C\u00f4me, \u00e0","breadcrumb":{"@id":"https:\/\/www.sejourprive.com\/biens\/villa-cagni-troubetzkoy-blevio-lac-de-come-italie\/#breadcrumb"},"inLanguage":"en-GB","potentialAction":[{"@type":"ReadAction","target":["https:\/\/www.sejourprive.com\/biens\/villa-cagni-troubetzkoy-blevio-lac-de-come-italie\/"]}]},{"@type":"ImageObject","inLanguage":"en-GB","@id":"https:\/\/www.sejourprive.com\/biens\/villa-cagni-troubetzkoy-blevio-lac-de-come-italie\/#primaryimage","url":"https:\/\/www.sejourprive.com\/wp-content\/uploads\/2026\/03\/0-39.jpg","contentUrl":"https:\/\/www.sejourprive.com\/wp-content\/uploads\/2026\/03\/0-39.jpg","width":1200,"height":800},{"@type":"BreadcrumbList","@id":"https:\/\/www.sejourprive.com\/biens\/villa-cagni-troubetzkoy-blevio-lac-de-come-italie\/#breadcrumb","itemListElement":[{"@type":"ListItem","position":1,"name":"Accueil","item":"https:\/\/www.sejourprive.com\/"},{"@type":"ListItem","position":2,"name":"Shop","item":"https:\/\/www.sejourprive.com\/shop\/"},{"@type":"ListItem","position":3,"name":"Villa Cagni Troubetzkoy, Blevio, Lac de C\u00f4me, Italie"}]},{"@type":"WebSite","@id":"https:\/\/www.sejourprive.com\/#website","url":"https:\/\/www.sejourprive.com\/","name":"Private Stay","description":"We design exceptional holidays for you.","publisher":{"@id":"https:\/\/www.sejourprive.com\/#organization"},"potentialAction":[{"@type":"SearchAction","target":{"@type":"EntryPoint","urlTemplate":"https:\/\/www.sejourprive.com\/?s={search_term_string}"},"query-input":{"@type":"PropertyValueSpecification","valueRequired":true,"valueName":"search_term_string"}}],"inLanguage":"en-GB"},{"@type":"Organization","@id":"https:\/\/www.sejourprive.com\/#organization","name":"Private Stay","url":"https:\/\/www.sejourprive.com\/","logo":{"@type":"ImageObject","inLanguage":"en-GB","@id":"https:\/\/www.sejourprive.com\/#\/schema\/logo\/image\/","url":"https:\/\/www.sejourprive.com\/wp-content\/uploads\/2026\/02\/SP-Apple-touch-144-couleur-1-2.png","contentUrl":"https:\/\/www.sejourprive.com\/wp-content\/uploads\/2026\/02\/SP-Apple-touch-144-couleur-1-2.png","width":145,"height":145,"caption":"S\u00e9jour Priv\u00e9"},"image":{"@id":"https:\/\/www.sejourprive.com\/#\/schema\/logo\/image\/"}}]}},"_links":{"self":[{"href":"https:\/\/www.sejourprive.com\/en\/wp-json\/wp\/v2\/product\/42965","targetHints":{"allow":["GET"]}}],"collection":[{"href":"https:\/\/www.sejourprive.com\/en\/wp-json\/wp\/v2\/product"}],"about":[{"href":"https:\/\/www.sejourprive.com\/en\/wp-json\/wp\/v2\/types\/product"}],"replies":[{"embeddable":true,"href":"https:\/\/www.sejourprive.com\/en\/wp-json\/wp\/v2\/comments?post=42965"}],"version-history":[{"count":0,"href":"https:\/\/www.sejourprive.com\/en\/wp-json\/wp\/v2\/product\/42965\/revisions"}],"wp:featuredmedia":[{"embeddable":true,"href":"https:\/\/www.sejourprive.com\/en\/wp-json\/wp\/v2\/media\/42975"}],"wp:attachment":[{"href":"https:\/\/www.sejourprive.com\/en\/wp-json\/wp\/v2\/media?parent=42965"}],"wp:term":[{"taxonomy":"product_brand","embeddable":true,"href":"https:\/\/www.sejourprive.com\/en\/wp-json\/wp\/v2\/product_brand?post=42965"},{"taxonomy":"product_cat","embeddable":true,"href":"https:\/\/www.sejourprive.com\/en\/wp-json\/wp\/v2\/product_cat?post=42965"},{"taxonomy":"product_tag","embeddable":true,"href":"https:\/\/www.sejourprive.com\/en\/wp-json\/wp\/v2\/product_tag?post=42965"}],"curies":[{"name":"wp","href":"https:\/\/api.w.org\/{rel}","templated":true}]}}