{"id":42845,"date":"2026-03-05T18:12:40","date_gmt":"2026-03-05T17:12:40","guid":{"rendered":"https:\/\/www.sejourprive.com\/?post_type=product&#038;p=42845"},"modified":"2026-03-05T18:12:40","modified_gmt":"2026-03-05T17:12:40","slug":"villa-preda-porto-rotondo-sardaigne-italie","status":"publish","type":"product","link":"https:\/\/www.sejourprive.com\/en\/biens\/villa-preda-porto-rotondo-sardaigne-italie\/","title":{"rendered":"Villa Preda, Porto rotondo, Sardinia, Italy"},"content":{"rendered":"<p>Id\u00e9alement situ\u00e9e sur la c\u00e9l\u00e8bre Costa Smeralda, cette propri\u00e9t\u00e9 est un joyau contemporain au c\u0153ur du paysage sauvage de la Sardaigne. Elle allie un luxe intemporel \u00e0 un design \u00e9l\u00e9gant qui s&#8217;ouvre enti\u00e8rement sur l&#8217;horizon, offrant un refuge sophistiqu\u00e9 o\u00f9 la mer est une compagne constante.<br \/>\n<span><div class=\"read-more-wrapper\"><a class=\"read-more-button\" data-target=\"read-more-69f343a54391e\" data-more-text=\"Read more\" data-less-text=\"Read less\"><span class=\"read-more-text\">Read more<\/span><\/a><div id=\"read-more-69f343a54391e\" class=\"read-more-content\"> <\/span><\/p>\n<p>Au d\u00e9but de la journ\u00e9e, profitez d&#8217;un matin tranquille au bord de la piscine ext\u00e9rieure ou d&#8217;une s\u00e9ance revitalisante dans la salle de sport priv\u00e9e. L&#8217;apr\u00e8s-midi vous invite \u00e0 vous abandonner \u00e0 la chaleur r\u00e9paratrice du sauna avant de contempler la vue imprenable sur la mer. \u00c0 la tomb\u00e9e de la nuit, r\u00e9unissez-vous autour du barbecue pour un d\u00eener d\u00e9tendu sur la terrasse, parfaitement encadr\u00e9e par la beaut\u00e9 sauvage du littoral de l&#8217;\u00eele.<\/div><\/div><\/p>","protected":false},"excerpt":{"rendered":"<p>Id\u00e9alement situ\u00e9e sur la c\u00e9l\u00e8bre Costa Smeralda, cette propri\u00e9t\u00e9 est un joyau contemporain au c\u0153ur du paysage sauvage de la&#8230;<\/p>","protected":false},"featured_media":42848,"comment_status":"open","ping_status":"closed","template":"","meta":{"_acf_changed":false},"product_brand":[],"product_cat":[15],"product_tag":[],"class_list":{"0":"post-42845","1":"product","2":"type-product","3":"status-publish","4":"has-post-thumbnail","6":"product_cat-villa","7":"property_location-italie","8":"property_location-sardaigne","10":"first","11":"instock","12":"sold-individually","13":"shipping-taxable","14":"purchasable","15":"product-type-simple"},"acf":[],"yoast_head":"<!-- This site is optimized with the Yoast SEO plugin v26.6 - https:\/\/yoast.com\/wordpress\/plugins\/seo\/ -->\n<title>Villa Preda, Porto rotondo, Sardaigne, Italie - S\u00e9jour Priv\u00e9<\/title>\n<meta name=\"description\" content=\"Id\u00e9alement situ\u00e9e sur la c\u00e9l\u00e8bre Costa Smeralda, cette propri\u00e9t\u00e9 est un joyau contemporain au c\u0153ur du paysage sauvage de la Sardaigne. Elle allie un luxe\" \/>\n<meta name=\"robots\" content=\"index, follow, max-snippet:-1, max-image-preview:large, max-video-preview:-1\" \/>\n<link rel=\"canonical\" href=\"https:\/\/www.sejourprive.com\/en\/biens\/villa-preda-porto-rotondo-sardaigne-italie\/\" \/>\n<meta property=\"og:locale\" content=\"en_GB\" \/>\n<meta property=\"og:type\" content=\"article\" \/>\n<meta property=\"og:title\" content=\"Villa Preda, Porto rotondo, Sardaigne, Italie - S\u00e9jour Priv\u00e9\" \/>\n<meta property=\"og:description\" content=\"Id\u00e9alement situ\u00e9e sur la c\u00e9l\u00e8bre Costa Smeralda, cette propri\u00e9t\u00e9 est un joyau contemporain au c\u0153ur du paysage sauvage de la Sardaigne. Elle allie un luxe\" \/>\n<meta property=\"og:url\" content=\"https:\/\/www.sejourprive.com\/en\/biens\/villa-preda-porto-rotondo-sardaigne-italie\/\" \/>\n<meta property=\"og:site_name\" content=\"S\u00e9jour Priv\u00e9\" \/>\n<meta property=\"og:image\" content=\"https:\/\/www.sejourprive.com\/wp-content\/uploads\/2026\/03\/0-36.jpg\" \/>\n\t<meta property=\"og:image:width\" content=\"1200\" \/>\n\t<meta property=\"og:image:height\" content=\"387\" \/>\n\t<meta property=\"og:image:type\" content=\"image\/jpeg\" \/>\n<meta name=\"twitter:card\" content=\"summary_large_image\" \/>\n<meta name=\"twitter:label1\" content=\"Estimated reading time\" \/>\n\t<meta name=\"twitter:data1\" content=\"1 minute\" \/>\n<script type=\"application\/ld+json\" class=\"yoast-schema-graph\">{\"@context\":\"https:\/\/schema.org\",\"@graph\":[{\"@type\":\"WebPage\",\"@id\":\"https:\/\/www.sejourprive.com\/biens\/villa-preda-porto-rotondo-sardaigne-italie\/\",\"url\":\"https:\/\/www.sejourprive.com\/biens\/villa-preda-porto-rotondo-sardaigne-italie\/\",\"name\":\"Villa Preda, Porto rotondo, Sardaigne, Italie - S\u00e9jour Priv\u00e9\",\"isPartOf\":{\"@id\":\"https:\/\/www.sejourprive.com\/#website\"},\"primaryImageOfPage\":{\"@id\":\"https:\/\/www.sejourprive.com\/biens\/villa-preda-porto-rotondo-sardaigne-italie\/#primaryimage\"},\"image\":{\"@id\":\"https:\/\/www.sejourprive.com\/biens\/villa-preda-porto-rotondo-sardaigne-italie\/#primaryimage\"},\"thumbnailUrl\":\"https:\/\/www.sejourprive.com\/wp-content\/uploads\/2026\/03\/0-36.jpg\",\"datePublished\":\"2026-03-05T17:12:40+00:00\",\"description\":\"Id\u00e9alement situ\u00e9e sur la c\u00e9l\u00e8bre Costa Smeralda, cette propri\u00e9t\u00e9 est un joyau contemporain au c\u0153ur du paysage sauvage de la Sardaigne. Elle allie un luxe\",\"breadcrumb\":{\"@id\":\"https:\/\/www.sejourprive.com\/biens\/villa-preda-porto-rotondo-sardaigne-italie\/#breadcrumb\"},\"inLanguage\":\"en-GB\",\"potentialAction\":[{\"@type\":\"ReadAction\",\"target\":[\"https:\/\/www.sejourprive.com\/biens\/villa-preda-porto-rotondo-sardaigne-italie\/\"]}]},{\"@type\":\"ImageObject\",\"inLanguage\":\"en-GB\",\"@id\":\"https:\/\/www.sejourprive.com\/biens\/villa-preda-porto-rotondo-sardaigne-italie\/#primaryimage\",\"url\":\"https:\/\/www.sejourprive.com\/wp-content\/uploads\/2026\/03\/0-36.jpg\",\"contentUrl\":\"https:\/\/www.sejourprive.com\/wp-content\/uploads\/2026\/03\/0-36.jpg\",\"width\":1200,\"height\":387},{\"@type\":\"BreadcrumbList\",\"@id\":\"https:\/\/www.sejourprive.com\/biens\/villa-preda-porto-rotondo-sardaigne-italie\/#breadcrumb\",\"itemListElement\":[{\"@type\":\"ListItem\",\"position\":1,\"name\":\"Accueil\",\"item\":\"https:\/\/www.sejourprive.com\/\"},{\"@type\":\"ListItem\",\"position\":2,\"name\":\"Shop\",\"item\":\"https:\/\/www.sejourprive.com\/shop\/\"},{\"@type\":\"ListItem\",\"position\":3,\"name\":\"Villa Preda, Porto rotondo, Sardaigne, Italie\"}]},{\"@type\":\"WebSite\",\"@id\":\"https:\/\/www.sejourprive.com\/#website\",\"url\":\"https:\/\/www.sejourprive.com\/\",\"name\":\"S\u00e9jour Priv\u00e9\",\"description\":\"Nous imaginons pour vous des s\u00e9jours d\u2019exception.\",\"publisher\":{\"@id\":\"https:\/\/www.sejourprive.com\/#organization\"},\"potentialAction\":[{\"@type\":\"SearchAction\",\"target\":{\"@type\":\"EntryPoint\",\"urlTemplate\":\"https:\/\/www.sejourprive.com\/?s={search_term_string}\"},\"query-input\":{\"@type\":\"PropertyValueSpecification\",\"valueRequired\":true,\"valueName\":\"search_term_string\"}}],\"inLanguage\":\"en-GB\"},{\"@type\":\"Organization\",\"@id\":\"https:\/\/www.sejourprive.com\/#organization\",\"name\":\"S\u00e9jour Priv\u00e9\",\"url\":\"https:\/\/www.sejourprive.com\/\",\"logo\":{\"@type\":\"ImageObject\",\"inLanguage\":\"en-GB\",\"@id\":\"https:\/\/www.sejourprive.com\/#\/schema\/logo\/image\/\",\"url\":\"https:\/\/www.sejourprive.com\/wp-content\/uploads\/2026\/02\/SP-Apple-touch-144-couleur-1-2.png\",\"contentUrl\":\"https:\/\/www.sejourprive.com\/wp-content\/uploads\/2026\/02\/SP-Apple-touch-144-couleur-1-2.png\",\"width\":145,\"height\":145,\"caption\":\"S\u00e9jour Priv\u00e9\"},\"image\":{\"@id\":\"https:\/\/www.sejourprive.com\/#\/schema\/logo\/image\/\"}}]}<\/script>\n<!-- \/ Yoast SEO plugin. -->","yoast_head_json":{"title":"Villa Preda, Porto rotondo, Sardaigne, Italie - S\u00e9jour Priv\u00e9","description":"Id\u00e9alement situ\u00e9e sur la c\u00e9l\u00e8bre Costa Smeralda, cette propri\u00e9t\u00e9 est un joyau contemporain au c\u0153ur du paysage sauvage de la Sardaigne. Elle allie un luxe","robots":{"index":"index","follow":"follow","max-snippet":"max-snippet:-1","max-image-preview":"max-image-preview:large","max-video-preview":"max-video-preview:-1"},"canonical":"https:\/\/www.sejourprive.com\/en\/biens\/villa-preda-porto-rotondo-sardaigne-italie\/","og_locale":"en_GB","og_type":"article","og_title":"Villa Preda, Porto rotondo, Sardaigne, Italie - S\u00e9jour Priv\u00e9","og_description":"Id\u00e9alement situ\u00e9e sur la c\u00e9l\u00e8bre Costa Smeralda, cette propri\u00e9t\u00e9 est un joyau contemporain au c\u0153ur du paysage sauvage de la Sardaigne. Elle allie un luxe","og_url":"https:\/\/www.sejourprive.com\/en\/biens\/villa-preda-porto-rotondo-sardaigne-italie\/","og_site_name":"S\u00e9jour Priv\u00e9","og_image":[{"width":1200,"height":387,"url":"https:\/\/www.sejourprive.com\/wp-content\/uploads\/2026\/03\/0-36.jpg","type":"image\/jpeg"}],"twitter_card":"summary_large_image","twitter_misc":{"Estimated reading time":"1 minute"},"schema":{"@context":"https:\/\/schema.org","@graph":[{"@type":"WebPage","@id":"https:\/\/www.sejourprive.com\/biens\/villa-preda-porto-rotondo-sardaigne-italie\/","url":"https:\/\/www.sejourprive.com\/biens\/villa-preda-porto-rotondo-sardaigne-italie\/","name":"Villa Preda, Porto rotondo, Sardaigne, Italie - S\u00e9jour Priv\u00e9","isPartOf":{"@id":"https:\/\/www.sejourprive.com\/#website"},"primaryImageOfPage":{"@id":"https:\/\/www.sejourprive.com\/biens\/villa-preda-porto-rotondo-sardaigne-italie\/#primaryimage"},"image":{"@id":"https:\/\/www.sejourprive.com\/biens\/villa-preda-porto-rotondo-sardaigne-italie\/#primaryimage"},"thumbnailUrl":"https:\/\/www.sejourprive.com\/wp-content\/uploads\/2026\/03\/0-36.jpg","datePublished":"2026-03-05T17:12:40+00:00","description":"Id\u00e9alement situ\u00e9e sur la c\u00e9l\u00e8bre Costa Smeralda, cette propri\u00e9t\u00e9 est un joyau contemporain au c\u0153ur du paysage sauvage de la Sardaigne. Elle allie un luxe","breadcrumb":{"@id":"https:\/\/www.sejourprive.com\/biens\/villa-preda-porto-rotondo-sardaigne-italie\/#breadcrumb"},"inLanguage":"en-GB","potentialAction":[{"@type":"ReadAction","target":["https:\/\/www.sejourprive.com\/biens\/villa-preda-porto-rotondo-sardaigne-italie\/"]}]},{"@type":"ImageObject","inLanguage":"en-GB","@id":"https:\/\/www.sejourprive.com\/biens\/villa-preda-porto-rotondo-sardaigne-italie\/#primaryimage","url":"https:\/\/www.sejourprive.com\/wp-content\/uploads\/2026\/03\/0-36.jpg","contentUrl":"https:\/\/www.sejourprive.com\/wp-content\/uploads\/2026\/03\/0-36.jpg","width":1200,"height":387},{"@type":"BreadcrumbList","@id":"https:\/\/www.sejourprive.com\/biens\/villa-preda-porto-rotondo-sardaigne-italie\/#breadcrumb","itemListElement":[{"@type":"ListItem","position":1,"name":"Accueil","item":"https:\/\/www.sejourprive.com\/"},{"@type":"ListItem","position":2,"name":"Shop","item":"https:\/\/www.sejourprive.com\/shop\/"},{"@type":"ListItem","position":3,"name":"Villa Preda, Porto rotondo, Sardaigne, Italie"}]},{"@type":"WebSite","@id":"https:\/\/www.sejourprive.com\/#website","url":"https:\/\/www.sejourprive.com\/","name":"Private Stay","description":"We design exceptional holidays for you.","publisher":{"@id":"https:\/\/www.sejourprive.com\/#organization"},"potentialAction":[{"@type":"SearchAction","target":{"@type":"EntryPoint","urlTemplate":"https:\/\/www.sejourprive.com\/?s={search_term_string}"},"query-input":{"@type":"PropertyValueSpecification","valueRequired":true,"valueName":"search_term_string"}}],"inLanguage":"en-GB"},{"@type":"Organization","@id":"https:\/\/www.sejourprive.com\/#organization","name":"Private Stay","url":"https:\/\/www.sejourprive.com\/","logo":{"@type":"ImageObject","inLanguage":"en-GB","@id":"https:\/\/www.sejourprive.com\/#\/schema\/logo\/image\/","url":"https:\/\/www.sejourprive.com\/wp-content\/uploads\/2026\/02\/SP-Apple-touch-144-couleur-1-2.png","contentUrl":"https:\/\/www.sejourprive.com\/wp-content\/uploads\/2026\/02\/SP-Apple-touch-144-couleur-1-2.png","width":145,"height":145,"caption":"S\u00e9jour Priv\u00e9"},"image":{"@id":"https:\/\/www.sejourprive.com\/#\/schema\/logo\/image\/"}}]}},"_links":{"self":[{"href":"https:\/\/www.sejourprive.com\/en\/wp-json\/wp\/v2\/product\/42845","targetHints":{"allow":["GET"]}}],"collection":[{"href":"https:\/\/www.sejourprive.com\/en\/wp-json\/wp\/v2\/product"}],"about":[{"href":"https:\/\/www.sejourprive.com\/en\/wp-json\/wp\/v2\/types\/product"}],"replies":[{"embeddable":true,"href":"https:\/\/www.sejourprive.com\/en\/wp-json\/wp\/v2\/comments?post=42845"}],"version-history":[{"count":0,"href":"https:\/\/www.sejourprive.com\/en\/wp-json\/wp\/v2\/product\/42845\/revisions"}],"wp:featuredmedia":[{"embeddable":true,"href":"https:\/\/www.sejourprive.com\/en\/wp-json\/wp\/v2\/media\/42848"}],"wp:attachment":[{"href":"https:\/\/www.sejourprive.com\/en\/wp-json\/wp\/v2\/media?parent=42845"}],"wp:term":[{"taxonomy":"product_brand","embeddable":true,"href":"https:\/\/www.sejourprive.com\/en\/wp-json\/wp\/v2\/product_brand?post=42845"},{"taxonomy":"product_cat","embeddable":true,"href":"https:\/\/www.sejourprive.com\/en\/wp-json\/wp\/v2\/product_cat?post=42845"},{"taxonomy":"product_tag","embeddable":true,"href":"https:\/\/www.sejourprive.com\/en\/wp-json\/wp\/v2\/product_tag?post=42845"}],"curies":[{"name":"wp","href":"https:\/\/api.w.org\/{rel}","templated":true}]}}