{"id":42772,"date":"2026-03-05T18:15:35","date_gmt":"2026-03-05T17:15:35","guid":{"rendered":"https:\/\/www.sejourprive.com\/?post_type=product&#038;p=42772"},"modified":"2026-03-05T18:15:35","modified_gmt":"2026-03-05T17:15:35","slug":"villa-marzuola-san-piero-a-sieve-florence-toscane-italie","status":"publish","type":"product","link":"https:\/\/www.sejourprive.com\/en\/biens\/villa-marzuola-san-piero-a-sieve-florence-toscane-italie\/","title":{"rendered":"Villa Marzuola, San Piero a Sieve, Florence, Tuscany, Italy"},"content":{"rendered":"<p>La Villa Marzuola est un charmant refuge toscan qui allie sans effort l&#8217;\u00e9l\u00e9gance rustique au luxe moderne. Enti\u00e8rement climatis\u00e9e, la villa offre un m\u00e9lange harmonieux de confort et de style, avec une piscine priv\u00e9e chauff\u00e9e et des services de chef sur mesure pour un s\u00e9jour inoubliable. Nich\u00e9e dans un endroit calme et isol\u00e9, elle promet une tranquillit\u00e9 absolue tout en offrant un acc\u00e8s pratique aux tr\u00e9sors culturels de Florence.<br \/>\n<span><div class=\"read-more-wrapper\"><a class=\"read-more-button\" data-target=\"read-more-69f35e91b7bc0\" data-more-text=\"Read more\" data-less-text=\"Read less\"><span class=\"read-more-text\">Read more<\/span><\/a><div id=\"read-more-69f35e91b7bc0\" class=\"read-more-content\"> <\/span><\/p>\n<p>\u00c0 l&#8217;int\u00e9rieur, la villa respire la sophistication avec ses vastes espaces de vie. Une cuisine gastronomique enti\u00e8rement \u00e9quip\u00e9e, une salle \u00e0 manger raffin\u00e9e et un salon confortable avec une charmante chemin\u00e9e cr\u00e9ent une ambiance accueillante. Le premier \u00e9tage compte cinq chambres magnifiquement am\u00e9nag\u00e9es, tandis qu&#8217;une suite suppl\u00e9mentaire au rez-de-chauss\u00e9e inf\u00e9rieur garantit intimit\u00e9 et confort aux familles ou aux groupes.<\/p>\n<p>Le terrain qui entoure la villa est une v\u00e9ritable oasis, offrant plusieurs coins salon \u00e9l\u00e9gants et une piscine ensoleill\u00e9e, le tout entour\u00e9 de jardins luxuriants et soigneusement entretenus. Les clients peuvent savourer la beaut\u00e9 sereine de la campagne toscane, avec des vues \u00e0 couper le souffle et des exp\u00e9riences culinaires en plein air qui rendent chaque instant magique.<\/p>\n<p>Au-del\u00e0 de la villa, le domaine r\u00e9v\u00e8le son riche patrimoine en tant que partie int\u00e9grante d&#8217;une ferme biologique historique de 600 hectares. Le s\u00e9jour comprend le m\u00e9nage quotidien et un somptueux petit-d\u00e9jeuner \u00ab de la ferme \u00e0 la table \u00bb, mettant en valeur les meilleurs ingr\u00e9dients locaux. Les clients sont invit\u00e9s \u00e0 se plonger dans une s\u00e9lection d&#8217;exp\u00e9riences priv\u00e9es, allant de la chasse aux truffes et des d\u00e9gustations de vin et d&#8217;huile d&#8217;olive \u00e0 des visites panoramiques en v\u00e9lo \u00e9lectrique, des safaris pour observer la faune sauvage et des excursions de p\u00eache \u00e0 la mouche dans un cadre serein.<\/p>\n<p>\u00c0 proximit\u00e9, le village pittoresque de Scarperia, reconnu comme l&#8217;un des plus beaux hameaux d&#8217;Italie et c\u00e9l\u00e8bre pour sa tradition artisanale de fabrication de couteaux, offre un aper\u00e7u enchanteur de la culture locale. Le magnifique lac Bilancino et le prestigieux parcours de golf Poggio dei Medici sont \u00e0 quelques minutes, tandis que la ville embl\u00e9matique de Florence n&#8217;est qu&#8217;\u00e0 30 minutes en voiture, ce qui permet de faire des excursions d&#8217;une journ\u00e9e sans effort.<\/p>\n<p>La Villa Marzuola est plus qu&#8217;une destination, c&#8217;est une exp\u00e9rience du luxe, de l&#8217;histoire et de la beaut\u00e9 naturelle de la Toscane, con\u00e7ue pour cr\u00e9er des souvenirs qui dureront toute une vie.<\/div><\/div><\/p>","protected":false},"excerpt":{"rendered":"<p>La Villa Marzuola est un charmant refuge toscan qui allie sans effort l&#8217;\u00e9l\u00e9gance rustique au luxe moderne. Enti\u00e8rement climatis\u00e9e, la&#8230;<\/p>","protected":false},"featured_media":42775,"comment_status":"open","ping_status":"closed","template":"","meta":{"_acf_changed":false},"product_brand":[],"product_cat":[15],"product_tag":[],"class_list":{"0":"post-42772","1":"product","2":"type-product","3":"status-publish","4":"has-post-thumbnail","6":"product_cat-villa","7":"property_location-italie","8":"property_location-toscane","10":"first","11":"instock","12":"sold-individually","13":"shipping-taxable","14":"purchasable","15":"product-type-simple"},"acf":[],"yoast_head":"<!-- This site is optimized with the Yoast SEO plugin v26.6 - https:\/\/yoast.com\/wordpress\/plugins\/seo\/ -->\n<title>Villa Marzuola, San Piero a Sieve, Florence, Toscane, Italie - S\u00e9jour Priv\u00e9<\/title>\n<meta name=\"description\" content=\"La Villa Marzuola est un charmant refuge toscan qui allie sans effort l&#039;\u00e9l\u00e9gance rustique au luxe moderne. Enti\u00e8rement climatis\u00e9e, la villa offre un\" \/>\n<meta name=\"robots\" content=\"index, follow, max-snippet:-1, max-image-preview:large, max-video-preview:-1\" \/>\n<link rel=\"canonical\" href=\"https:\/\/www.sejourprive.com\/en\/biens\/villa-marzuola-san-piero-a-sieve-florence-toscane-italie\/\" \/>\n<meta property=\"og:locale\" content=\"en_GB\" \/>\n<meta property=\"og:type\" content=\"article\" \/>\n<meta property=\"og:title\" content=\"Villa Marzuola, San Piero a Sieve, Florence, Toscane, Italie - S\u00e9jour Priv\u00e9\" \/>\n<meta property=\"og:description\" content=\"La Villa Marzuola est un charmant refuge toscan qui allie sans effort l&#039;\u00e9l\u00e9gance rustique au luxe moderne. Enti\u00e8rement climatis\u00e9e, la villa offre un\" \/>\n<meta property=\"og:url\" content=\"https:\/\/www.sejourprive.com\/en\/biens\/villa-marzuola-san-piero-a-sieve-florence-toscane-italie\/\" \/>\n<meta property=\"og:site_name\" content=\"S\u00e9jour Priv\u00e9\" \/>\n<meta property=\"og:image\" content=\"https:\/\/www.sejourprive.com\/wp-content\/uploads\/2026\/03\/0-34.jpg\" \/>\n\t<meta property=\"og:image:width\" content=\"1200\" \/>\n\t<meta property=\"og:image:height\" content=\"675\" \/>\n\t<meta property=\"og:image:type\" content=\"image\/jpeg\" \/>\n<meta name=\"twitter:card\" content=\"summary_large_image\" \/>\n<meta name=\"twitter:label1\" content=\"Estimated reading time\" \/>\n\t<meta name=\"twitter:data1\" content=\"3 minutes\" \/>\n<script type=\"application\/ld+json\" class=\"yoast-schema-graph\">{\"@context\":\"https:\/\/schema.org\",\"@graph\":[{\"@type\":\"WebPage\",\"@id\":\"https:\/\/www.sejourprive.com\/biens\/villa-marzuola-san-piero-a-sieve-florence-toscane-italie\/\",\"url\":\"https:\/\/www.sejourprive.com\/biens\/villa-marzuola-san-piero-a-sieve-florence-toscane-italie\/\",\"name\":\"Villa Marzuola, San Piero a Sieve, Florence, Toscane, Italie - S\u00e9jour Priv\u00e9\",\"isPartOf\":{\"@id\":\"https:\/\/www.sejourprive.com\/#website\"},\"primaryImageOfPage\":{\"@id\":\"https:\/\/www.sejourprive.com\/biens\/villa-marzuola-san-piero-a-sieve-florence-toscane-italie\/#primaryimage\"},\"image\":{\"@id\":\"https:\/\/www.sejourprive.com\/biens\/villa-marzuola-san-piero-a-sieve-florence-toscane-italie\/#primaryimage\"},\"thumbnailUrl\":\"https:\/\/www.sejourprive.com\/wp-content\/uploads\/2026\/03\/0-34.jpg\",\"datePublished\":\"2026-03-05T17:15:35+00:00\",\"description\":\"La Villa Marzuola est un charmant refuge toscan qui allie sans effort l'\u00e9l\u00e9gance rustique au luxe moderne. Enti\u00e8rement climatis\u00e9e, la villa offre un\",\"breadcrumb\":{\"@id\":\"https:\/\/www.sejourprive.com\/biens\/villa-marzuola-san-piero-a-sieve-florence-toscane-italie\/#breadcrumb\"},\"inLanguage\":\"en-GB\",\"potentialAction\":[{\"@type\":\"ReadAction\",\"target\":[\"https:\/\/www.sejourprive.com\/biens\/villa-marzuola-san-piero-a-sieve-florence-toscane-italie\/\"]}]},{\"@type\":\"ImageObject\",\"inLanguage\":\"en-GB\",\"@id\":\"https:\/\/www.sejourprive.com\/biens\/villa-marzuola-san-piero-a-sieve-florence-toscane-italie\/#primaryimage\",\"url\":\"https:\/\/www.sejourprive.com\/wp-content\/uploads\/2026\/03\/0-34.jpg\",\"contentUrl\":\"https:\/\/www.sejourprive.com\/wp-content\/uploads\/2026\/03\/0-34.jpg\",\"width\":1200,\"height\":675},{\"@type\":\"BreadcrumbList\",\"@id\":\"https:\/\/www.sejourprive.com\/biens\/villa-marzuola-san-piero-a-sieve-florence-toscane-italie\/#breadcrumb\",\"itemListElement\":[{\"@type\":\"ListItem\",\"position\":1,\"name\":\"Accueil\",\"item\":\"https:\/\/www.sejourprive.com\/\"},{\"@type\":\"ListItem\",\"position\":2,\"name\":\"Shop\",\"item\":\"https:\/\/www.sejourprive.com\/shop\/\"},{\"@type\":\"ListItem\",\"position\":3,\"name\":\"Villa Marzuola, San Piero a Sieve, Florence, Toscane, Italie\"}]},{\"@type\":\"WebSite\",\"@id\":\"https:\/\/www.sejourprive.com\/#website\",\"url\":\"https:\/\/www.sejourprive.com\/\",\"name\":\"S\u00e9jour Priv\u00e9\",\"description\":\"Nous imaginons pour vous des s\u00e9jours d\u2019exception.\",\"publisher\":{\"@id\":\"https:\/\/www.sejourprive.com\/#organization\"},\"potentialAction\":[{\"@type\":\"SearchAction\",\"target\":{\"@type\":\"EntryPoint\",\"urlTemplate\":\"https:\/\/www.sejourprive.com\/?s={search_term_string}\"},\"query-input\":{\"@type\":\"PropertyValueSpecification\",\"valueRequired\":true,\"valueName\":\"search_term_string\"}}],\"inLanguage\":\"en-GB\"},{\"@type\":\"Organization\",\"@id\":\"https:\/\/www.sejourprive.com\/#organization\",\"name\":\"S\u00e9jour Priv\u00e9\",\"url\":\"https:\/\/www.sejourprive.com\/\",\"logo\":{\"@type\":\"ImageObject\",\"inLanguage\":\"en-GB\",\"@id\":\"https:\/\/www.sejourprive.com\/#\/schema\/logo\/image\/\",\"url\":\"https:\/\/www.sejourprive.com\/wp-content\/uploads\/2026\/02\/SP-Apple-touch-144-couleur-1-2.png\",\"contentUrl\":\"https:\/\/www.sejourprive.com\/wp-content\/uploads\/2026\/02\/SP-Apple-touch-144-couleur-1-2.png\",\"width\":145,\"height\":145,\"caption\":\"S\u00e9jour Priv\u00e9\"},\"image\":{\"@id\":\"https:\/\/www.sejourprive.com\/#\/schema\/logo\/image\/\"}}]}<\/script>\n<!-- \/ Yoast SEO plugin. -->","yoast_head_json":{"title":"Villa Marzuola, San Piero a Sieve, Florence, Toscane, Italie - S\u00e9jour Priv\u00e9","description":"La Villa Marzuola est un charmant refuge toscan qui allie sans effort l'\u00e9l\u00e9gance rustique au luxe moderne. Enti\u00e8rement climatis\u00e9e, la villa offre un","robots":{"index":"index","follow":"follow","max-snippet":"max-snippet:-1","max-image-preview":"max-image-preview:large","max-video-preview":"max-video-preview:-1"},"canonical":"https:\/\/www.sejourprive.com\/en\/biens\/villa-marzuola-san-piero-a-sieve-florence-toscane-italie\/","og_locale":"en_GB","og_type":"article","og_title":"Villa Marzuola, San Piero a Sieve, Florence, Toscane, Italie - S\u00e9jour Priv\u00e9","og_description":"La Villa Marzuola est un charmant refuge toscan qui allie sans effort l'\u00e9l\u00e9gance rustique au luxe moderne. Enti\u00e8rement climatis\u00e9e, la villa offre un","og_url":"https:\/\/www.sejourprive.com\/en\/biens\/villa-marzuola-san-piero-a-sieve-florence-toscane-italie\/","og_site_name":"S\u00e9jour Priv\u00e9","og_image":[{"width":1200,"height":675,"url":"https:\/\/www.sejourprive.com\/wp-content\/uploads\/2026\/03\/0-34.jpg","type":"image\/jpeg"}],"twitter_card":"summary_large_image","twitter_misc":{"Estimated reading time":"3 minutes"},"schema":{"@context":"https:\/\/schema.org","@graph":[{"@type":"WebPage","@id":"https:\/\/www.sejourprive.com\/biens\/villa-marzuola-san-piero-a-sieve-florence-toscane-italie\/","url":"https:\/\/www.sejourprive.com\/biens\/villa-marzuola-san-piero-a-sieve-florence-toscane-italie\/","name":"Villa Marzuola, San Piero a Sieve, Florence, Toscane, Italie - S\u00e9jour Priv\u00e9","isPartOf":{"@id":"https:\/\/www.sejourprive.com\/#website"},"primaryImageOfPage":{"@id":"https:\/\/www.sejourprive.com\/biens\/villa-marzuola-san-piero-a-sieve-florence-toscane-italie\/#primaryimage"},"image":{"@id":"https:\/\/www.sejourprive.com\/biens\/villa-marzuola-san-piero-a-sieve-florence-toscane-italie\/#primaryimage"},"thumbnailUrl":"https:\/\/www.sejourprive.com\/wp-content\/uploads\/2026\/03\/0-34.jpg","datePublished":"2026-03-05T17:15:35+00:00","description":"La Villa Marzuola est un charmant refuge toscan qui allie sans effort l'\u00e9l\u00e9gance rustique au luxe moderne. Enti\u00e8rement climatis\u00e9e, la villa offre un","breadcrumb":{"@id":"https:\/\/www.sejourprive.com\/biens\/villa-marzuola-san-piero-a-sieve-florence-toscane-italie\/#breadcrumb"},"inLanguage":"en-GB","potentialAction":[{"@type":"ReadAction","target":["https:\/\/www.sejourprive.com\/biens\/villa-marzuola-san-piero-a-sieve-florence-toscane-italie\/"]}]},{"@type":"ImageObject","inLanguage":"en-GB","@id":"https:\/\/www.sejourprive.com\/biens\/villa-marzuola-san-piero-a-sieve-florence-toscane-italie\/#primaryimage","url":"https:\/\/www.sejourprive.com\/wp-content\/uploads\/2026\/03\/0-34.jpg","contentUrl":"https:\/\/www.sejourprive.com\/wp-content\/uploads\/2026\/03\/0-34.jpg","width":1200,"height":675},{"@type":"BreadcrumbList","@id":"https:\/\/www.sejourprive.com\/biens\/villa-marzuola-san-piero-a-sieve-florence-toscane-italie\/#breadcrumb","itemListElement":[{"@type":"ListItem","position":1,"name":"Accueil","item":"https:\/\/www.sejourprive.com\/"},{"@type":"ListItem","position":2,"name":"Shop","item":"https:\/\/www.sejourprive.com\/shop\/"},{"@type":"ListItem","position":3,"name":"Villa Marzuola, San Piero a Sieve, Florence, Toscane, Italie"}]},{"@type":"WebSite","@id":"https:\/\/www.sejourprive.com\/#website","url":"https:\/\/www.sejourprive.com\/","name":"Private Stay","description":"We design exceptional holidays for you.","publisher":{"@id":"https:\/\/www.sejourprive.com\/#organization"},"potentialAction":[{"@type":"SearchAction","target":{"@type":"EntryPoint","urlTemplate":"https:\/\/www.sejourprive.com\/?s={search_term_string}"},"query-input":{"@type":"PropertyValueSpecification","valueRequired":true,"valueName":"search_term_string"}}],"inLanguage":"en-GB"},{"@type":"Organization","@id":"https:\/\/www.sejourprive.com\/#organization","name":"Private Stay","url":"https:\/\/www.sejourprive.com\/","logo":{"@type":"ImageObject","inLanguage":"en-GB","@id":"https:\/\/www.sejourprive.com\/#\/schema\/logo\/image\/","url":"https:\/\/www.sejourprive.com\/wp-content\/uploads\/2026\/02\/SP-Apple-touch-144-couleur-1-2.png","contentUrl":"https:\/\/www.sejourprive.com\/wp-content\/uploads\/2026\/02\/SP-Apple-touch-144-couleur-1-2.png","width":145,"height":145,"caption":"S\u00e9jour Priv\u00e9"},"image":{"@id":"https:\/\/www.sejourprive.com\/#\/schema\/logo\/image\/"}}]}},"_links":{"self":[{"href":"https:\/\/www.sejourprive.com\/en\/wp-json\/wp\/v2\/product\/42772","targetHints":{"allow":["GET"]}}],"collection":[{"href":"https:\/\/www.sejourprive.com\/en\/wp-json\/wp\/v2\/product"}],"about":[{"href":"https:\/\/www.sejourprive.com\/en\/wp-json\/wp\/v2\/types\/product"}],"replies":[{"embeddable":true,"href":"https:\/\/www.sejourprive.com\/en\/wp-json\/wp\/v2\/comments?post=42772"}],"version-history":[{"count":0,"href":"https:\/\/www.sejourprive.com\/en\/wp-json\/wp\/v2\/product\/42772\/revisions"}],"wp:featuredmedia":[{"embeddable":true,"href":"https:\/\/www.sejourprive.com\/en\/wp-json\/wp\/v2\/media\/42775"}],"wp:attachment":[{"href":"https:\/\/www.sejourprive.com\/en\/wp-json\/wp\/v2\/media?parent=42772"}],"wp:term":[{"taxonomy":"product_brand","embeddable":true,"href":"https:\/\/www.sejourprive.com\/en\/wp-json\/wp\/v2\/product_brand?post=42772"},{"taxonomy":"product_cat","embeddable":true,"href":"https:\/\/www.sejourprive.com\/en\/wp-json\/wp\/v2\/product_cat?post=42772"},{"taxonomy":"product_tag","embeddable":true,"href":"https:\/\/www.sejourprive.com\/en\/wp-json\/wp\/v2\/product_tag?post=42772"}],"curies":[{"name":"wp","href":"https:\/\/api.w.org\/{rel}","templated":true}]}}