{"id":41984,"date":"2026-03-04T16:23:45","date_gmt":"2026-03-04T15:23:45","guid":{"rendered":"https:\/\/www.sejourprive.com\/?post_type=product&#038;p=41984"},"modified":"2026-03-04T16:23:45","modified_gmt":"2026-03-04T15:23:45","slug":"villa-albori-san-pantaleo-sardaigne-italie","status":"publish","type":"product","link":"https:\/\/www.sejourprive.com\/en\/biens\/villa-albori-san-pantaleo-sardaigne-italie\/","title":{"rendered":"Villa Albori, San Pantaleo, Sardinia, Italy"},"content":{"rendered":"<p>Nich\u00e9e au c\u0153ur de la Sardaigne, \u00e0 San Pantaleo, la Villa Albori est un havre de paix situ\u00e9 dans un paysage naturel pr\u00e9serv\u00e9, loin de toute propri\u00e9t\u00e9 voisine, o\u00f9 les collines ondulantes se d\u00e9ploient sous la douce lumi\u00e8re m\u00e9diterran\u00e9enne. Con\u00e7ue dans une atmosph\u00e8re chaleureuse et raffin\u00e9e, la villa offre un confort essentiel avec des services de conciergerie organis\u00e9s avant votre arriv\u00e9e, invitant les clients \u00e0 profiter de la dolce vita loin de l&#8217;agitation, tout en restant \u00e0 seulement 15 minutes en voiture des plages et des restaurants locaux.<br \/>\n<span><div class=\"read-more-wrapper\"><a class=\"read-more-button\" data-target=\"read-more-69ede3cb14e97\" data-more-text=\"Read more\" data-less-text=\"Read less\"><span class=\"read-more-text\">Read more<\/span><\/a><div id=\"read-more-69ede3cb14e97\" class=\"read-more-content\"> <\/span><\/p>\n<p>Au lever du jour, savourez un caf\u00e9 au bord de la piscine naturelle tandis que les collines s&#8217;\u00e9veillent sous un ciel clair. Promenez-vous dans le jardin jusqu&#8217;\u00e0 la terrasse pour un d\u00e9jeuner ensoleill\u00e9 au barbecue, puis plongez dans l&#8217;eau cristalline pour une pause rafra\u00eechissante. \u00c0 l&#8217;approche du soir, suivez la lumi\u00e8re dor\u00e9e vers le village voisin, avant de retourner \u00e0 l&#8217;int\u00e9rieur o\u00f9 des espaces de vie accueillants vous attendent pour un d\u00eener convivial sous les \u00e9toiles.<\/div><\/div><\/p>","protected":false},"excerpt":{"rendered":"<p>Nich\u00e9e au c\u0153ur de la Sardaigne, \u00e0 San Pantaleo, la Villa Albori est un havre de paix situ\u00e9 dans un&#8230;<\/p>","protected":false},"featured_media":41993,"comment_status":"open","ping_status":"closed","template":"","meta":{"_acf_changed":false},"product_brand":[],"product_cat":[15],"product_tag":[],"class_list":{"0":"post-41984","1":"product","2":"type-product","3":"status-publish","4":"has-post-thumbnail","6":"product_cat-villa","7":"property_location-italie","8":"property_location-sardaigne","10":"first","11":"instock","12":"sold-individually","13":"shipping-taxable","14":"purchasable","15":"product-type-simple"},"acf":[],"yoast_head":"<!-- This site is optimized with the Yoast SEO plugin v26.6 - https:\/\/yoast.com\/wordpress\/plugins\/seo\/ -->\n<title>Villa Albori, San Pantaleo, Sardaigne, Italie - S\u00e9jour Priv\u00e9<\/title>\n<meta name=\"description\" content=\"Nich\u00e9e au c\u0153ur de la Sardaigne, \u00e0 San Pantaleo, la Villa Albori est un havre de paix situ\u00e9 dans un paysage naturel pr\u00e9serv\u00e9, loin de toute propri\u00e9t\u00e9\" \/>\n<meta name=\"robots\" content=\"index, follow, max-snippet:-1, max-image-preview:large, max-video-preview:-1\" \/>\n<link rel=\"canonical\" href=\"https:\/\/www.sejourprive.com\/en\/biens\/villa-albori-san-pantaleo-sardaigne-italie\/\" \/>\n<meta property=\"og:locale\" content=\"en_GB\" \/>\n<meta property=\"og:type\" content=\"article\" \/>\n<meta property=\"og:title\" content=\"Villa Albori, San Pantaleo, Sardaigne, Italie - S\u00e9jour Priv\u00e9\" \/>\n<meta property=\"og:description\" content=\"Nich\u00e9e au c\u0153ur de la Sardaigne, \u00e0 San Pantaleo, la Villa Albori est un havre de paix situ\u00e9 dans un paysage naturel pr\u00e9serv\u00e9, loin de toute propri\u00e9t\u00e9\" \/>\n<meta property=\"og:url\" content=\"https:\/\/www.sejourprive.com\/en\/biens\/villa-albori-san-pantaleo-sardaigne-italie\/\" \/>\n<meta property=\"og:site_name\" content=\"S\u00e9jour Priv\u00e9\" \/>\n<meta property=\"og:image\" content=\"https:\/\/www.sejourprive.com\/wp-content\/uploads\/2026\/03\/2-21.jpg\" \/>\n\t<meta property=\"og:image:width\" content=\"1200\" \/>\n\t<meta property=\"og:image:height\" content=\"900\" \/>\n\t<meta property=\"og:image:type\" content=\"image\/jpeg\" \/>\n<meta name=\"twitter:card\" content=\"summary_large_image\" \/>\n<meta name=\"twitter:label1\" content=\"Estimated reading time\" \/>\n\t<meta name=\"twitter:data1\" content=\"2 minutes\" \/>\n<script type=\"application\/ld+json\" class=\"yoast-schema-graph\">{\"@context\":\"https:\/\/schema.org\",\"@graph\":[{\"@type\":\"WebPage\",\"@id\":\"https:\/\/www.sejourprive.com\/biens\/villa-albori-san-pantaleo-sardaigne-italie\/\",\"url\":\"https:\/\/www.sejourprive.com\/biens\/villa-albori-san-pantaleo-sardaigne-italie\/\",\"name\":\"Villa Albori, San Pantaleo, Sardaigne, Italie - S\u00e9jour Priv\u00e9\",\"isPartOf\":{\"@id\":\"https:\/\/www.sejourprive.com\/#website\"},\"primaryImageOfPage\":{\"@id\":\"https:\/\/www.sejourprive.com\/biens\/villa-albori-san-pantaleo-sardaigne-italie\/#primaryimage\"},\"image\":{\"@id\":\"https:\/\/www.sejourprive.com\/biens\/villa-albori-san-pantaleo-sardaigne-italie\/#primaryimage\"},\"thumbnailUrl\":\"https:\/\/www.sejourprive.com\/wp-content\/uploads\/2026\/03\/2-21.jpg\",\"datePublished\":\"2026-03-04T15:23:45+00:00\",\"description\":\"Nich\u00e9e au c\u0153ur de la Sardaigne, \u00e0 San Pantaleo, la Villa Albori est un havre de paix situ\u00e9 dans un paysage naturel pr\u00e9serv\u00e9, loin de toute propri\u00e9t\u00e9\",\"breadcrumb\":{\"@id\":\"https:\/\/www.sejourprive.com\/biens\/villa-albori-san-pantaleo-sardaigne-italie\/#breadcrumb\"},\"inLanguage\":\"en-GB\",\"potentialAction\":[{\"@type\":\"ReadAction\",\"target\":[\"https:\/\/www.sejourprive.com\/biens\/villa-albori-san-pantaleo-sardaigne-italie\/\"]}]},{\"@type\":\"ImageObject\",\"inLanguage\":\"en-GB\",\"@id\":\"https:\/\/www.sejourprive.com\/biens\/villa-albori-san-pantaleo-sardaigne-italie\/#primaryimage\",\"url\":\"https:\/\/www.sejourprive.com\/wp-content\/uploads\/2026\/03\/2-21.jpg\",\"contentUrl\":\"https:\/\/www.sejourprive.com\/wp-content\/uploads\/2026\/03\/2-21.jpg\",\"width\":1200,\"height\":900},{\"@type\":\"BreadcrumbList\",\"@id\":\"https:\/\/www.sejourprive.com\/biens\/villa-albori-san-pantaleo-sardaigne-italie\/#breadcrumb\",\"itemListElement\":[{\"@type\":\"ListItem\",\"position\":1,\"name\":\"Accueil\",\"item\":\"https:\/\/www.sejourprive.com\/\"},{\"@type\":\"ListItem\",\"position\":2,\"name\":\"Shop\",\"item\":\"https:\/\/www.sejourprive.com\/shop\/\"},{\"@type\":\"ListItem\",\"position\":3,\"name\":\"Villa Albori, San Pantaleo, Sardaigne, Italie\"}]},{\"@type\":\"WebSite\",\"@id\":\"https:\/\/www.sejourprive.com\/#website\",\"url\":\"https:\/\/www.sejourprive.com\/\",\"name\":\"S\u00e9jour Priv\u00e9\",\"description\":\"Nous imaginons pour vous des s\u00e9jours d\u2019exception.\",\"publisher\":{\"@id\":\"https:\/\/www.sejourprive.com\/#organization\"},\"potentialAction\":[{\"@type\":\"SearchAction\",\"target\":{\"@type\":\"EntryPoint\",\"urlTemplate\":\"https:\/\/www.sejourprive.com\/?s={search_term_string}\"},\"query-input\":{\"@type\":\"PropertyValueSpecification\",\"valueRequired\":true,\"valueName\":\"search_term_string\"}}],\"inLanguage\":\"en-GB\"},{\"@type\":\"Organization\",\"@id\":\"https:\/\/www.sejourprive.com\/#organization\",\"name\":\"S\u00e9jour Priv\u00e9\",\"url\":\"https:\/\/www.sejourprive.com\/\",\"logo\":{\"@type\":\"ImageObject\",\"inLanguage\":\"en-GB\",\"@id\":\"https:\/\/www.sejourprive.com\/#\/schema\/logo\/image\/\",\"url\":\"https:\/\/www.sejourprive.com\/wp-content\/uploads\/2026\/02\/SP-Apple-touch-144-couleur-1-2.png\",\"contentUrl\":\"https:\/\/www.sejourprive.com\/wp-content\/uploads\/2026\/02\/SP-Apple-touch-144-couleur-1-2.png\",\"width\":145,\"height\":145,\"caption\":\"S\u00e9jour Priv\u00e9\"},\"image\":{\"@id\":\"https:\/\/www.sejourprive.com\/#\/schema\/logo\/image\/\"}}]}<\/script>\n<!-- \/ Yoast SEO plugin. -->","yoast_head_json":{"title":"Villa Albori, San Pantaleo, Sardaigne, Italie - S\u00e9jour Priv\u00e9","description":"Nich\u00e9e au c\u0153ur de la Sardaigne, \u00e0 San Pantaleo, la Villa Albori est un havre de paix situ\u00e9 dans un paysage naturel pr\u00e9serv\u00e9, loin de toute propri\u00e9t\u00e9","robots":{"index":"index","follow":"follow","max-snippet":"max-snippet:-1","max-image-preview":"max-image-preview:large","max-video-preview":"max-video-preview:-1"},"canonical":"https:\/\/www.sejourprive.com\/en\/biens\/villa-albori-san-pantaleo-sardaigne-italie\/","og_locale":"en_GB","og_type":"article","og_title":"Villa Albori, San Pantaleo, Sardaigne, Italie - S\u00e9jour Priv\u00e9","og_description":"Nich\u00e9e au c\u0153ur de la Sardaigne, \u00e0 San Pantaleo, la Villa Albori est un havre de paix situ\u00e9 dans un paysage naturel pr\u00e9serv\u00e9, loin de toute propri\u00e9t\u00e9","og_url":"https:\/\/www.sejourprive.com\/en\/biens\/villa-albori-san-pantaleo-sardaigne-italie\/","og_site_name":"S\u00e9jour Priv\u00e9","og_image":[{"width":1200,"height":900,"url":"https:\/\/www.sejourprive.com\/wp-content\/uploads\/2026\/03\/2-21.jpg","type":"image\/jpeg"}],"twitter_card":"summary_large_image","twitter_misc":{"Estimated reading time":"2 minutes"},"schema":{"@context":"https:\/\/schema.org","@graph":[{"@type":"WebPage","@id":"https:\/\/www.sejourprive.com\/biens\/villa-albori-san-pantaleo-sardaigne-italie\/","url":"https:\/\/www.sejourprive.com\/biens\/villa-albori-san-pantaleo-sardaigne-italie\/","name":"Villa Albori, San Pantaleo, Sardaigne, Italie - S\u00e9jour Priv\u00e9","isPartOf":{"@id":"https:\/\/www.sejourprive.com\/#website"},"primaryImageOfPage":{"@id":"https:\/\/www.sejourprive.com\/biens\/villa-albori-san-pantaleo-sardaigne-italie\/#primaryimage"},"image":{"@id":"https:\/\/www.sejourprive.com\/biens\/villa-albori-san-pantaleo-sardaigne-italie\/#primaryimage"},"thumbnailUrl":"https:\/\/www.sejourprive.com\/wp-content\/uploads\/2026\/03\/2-21.jpg","datePublished":"2026-03-04T15:23:45+00:00","description":"Nich\u00e9e au c\u0153ur de la Sardaigne, \u00e0 San Pantaleo, la Villa Albori est un havre de paix situ\u00e9 dans un paysage naturel pr\u00e9serv\u00e9, loin de toute propri\u00e9t\u00e9","breadcrumb":{"@id":"https:\/\/www.sejourprive.com\/biens\/villa-albori-san-pantaleo-sardaigne-italie\/#breadcrumb"},"inLanguage":"en-GB","potentialAction":[{"@type":"ReadAction","target":["https:\/\/www.sejourprive.com\/biens\/villa-albori-san-pantaleo-sardaigne-italie\/"]}]},{"@type":"ImageObject","inLanguage":"en-GB","@id":"https:\/\/www.sejourprive.com\/biens\/villa-albori-san-pantaleo-sardaigne-italie\/#primaryimage","url":"https:\/\/www.sejourprive.com\/wp-content\/uploads\/2026\/03\/2-21.jpg","contentUrl":"https:\/\/www.sejourprive.com\/wp-content\/uploads\/2026\/03\/2-21.jpg","width":1200,"height":900},{"@type":"BreadcrumbList","@id":"https:\/\/www.sejourprive.com\/biens\/villa-albori-san-pantaleo-sardaigne-italie\/#breadcrumb","itemListElement":[{"@type":"ListItem","position":1,"name":"Accueil","item":"https:\/\/www.sejourprive.com\/"},{"@type":"ListItem","position":2,"name":"Shop","item":"https:\/\/www.sejourprive.com\/shop\/"},{"@type":"ListItem","position":3,"name":"Villa Albori, San Pantaleo, Sardaigne, Italie"}]},{"@type":"WebSite","@id":"https:\/\/www.sejourprive.com\/#website","url":"https:\/\/www.sejourprive.com\/","name":"Private Stay","description":"We design exceptional holidays for you.","publisher":{"@id":"https:\/\/www.sejourprive.com\/#organization"},"potentialAction":[{"@type":"SearchAction","target":{"@type":"EntryPoint","urlTemplate":"https:\/\/www.sejourprive.com\/?s={search_term_string}"},"query-input":{"@type":"PropertyValueSpecification","valueRequired":true,"valueName":"search_term_string"}}],"inLanguage":"en-GB"},{"@type":"Organization","@id":"https:\/\/www.sejourprive.com\/#organization","name":"Private Stay","url":"https:\/\/www.sejourprive.com\/","logo":{"@type":"ImageObject","inLanguage":"en-GB","@id":"https:\/\/www.sejourprive.com\/#\/schema\/logo\/image\/","url":"https:\/\/www.sejourprive.com\/wp-content\/uploads\/2026\/02\/SP-Apple-touch-144-couleur-1-2.png","contentUrl":"https:\/\/www.sejourprive.com\/wp-content\/uploads\/2026\/02\/SP-Apple-touch-144-couleur-1-2.png","width":145,"height":145,"caption":"S\u00e9jour Priv\u00e9"},"image":{"@id":"https:\/\/www.sejourprive.com\/#\/schema\/logo\/image\/"}}]}},"_links":{"self":[{"href":"https:\/\/www.sejourprive.com\/en\/wp-json\/wp\/v2\/product\/41984","targetHints":{"allow":["GET"]}}],"collection":[{"href":"https:\/\/www.sejourprive.com\/en\/wp-json\/wp\/v2\/product"}],"about":[{"href":"https:\/\/www.sejourprive.com\/en\/wp-json\/wp\/v2\/types\/product"}],"replies":[{"embeddable":true,"href":"https:\/\/www.sejourprive.com\/en\/wp-json\/wp\/v2\/comments?post=41984"}],"version-history":[{"count":0,"href":"https:\/\/www.sejourprive.com\/en\/wp-json\/wp\/v2\/product\/41984\/revisions"}],"wp:featuredmedia":[{"embeddable":true,"href":"https:\/\/www.sejourprive.com\/en\/wp-json\/wp\/v2\/media\/41993"}],"wp:attachment":[{"href":"https:\/\/www.sejourprive.com\/en\/wp-json\/wp\/v2\/media?parent=41984"}],"wp:term":[{"taxonomy":"product_brand","embeddable":true,"href":"https:\/\/www.sejourprive.com\/en\/wp-json\/wp\/v2\/product_brand?post=41984"},{"taxonomy":"product_cat","embeddable":true,"href":"https:\/\/www.sejourprive.com\/en\/wp-json\/wp\/v2\/product_cat?post=41984"},{"taxonomy":"product_tag","embeddable":true,"href":"https:\/\/www.sejourprive.com\/en\/wp-json\/wp\/v2\/product_tag?post=41984"}],"curies":[{"name":"wp","href":"https:\/\/api.w.org\/{rel}","templated":true}]}}