{"id":41482,"date":"2026-03-03T17:36:30","date_gmt":"2026-03-03T16:36:30","guid":{"rendered":"https:\/\/www.sejourprive.com\/?post_type=product&#038;p=41482"},"modified":"2026-03-03T17:36:30","modified_gmt":"2026-03-03T16:36:30","slug":"lubrense-ile-privee-lubrense-amalfi-italie","status":"publish","type":"product","link":"https:\/\/www.sejourprive.com\/en\/biens\/lubrense-ile-privee-lubrense-amalfi-italie\/","title":{"rendered":"Lubrense Private Island, Lubrense, Amalfi, Italy"},"content":{"rendered":"<p>La Villa Lubrense est un refuge priv\u00e9 exclusif situ\u00e9 en Italie, juste \u00e0 c\u00f4t\u00e9 de la c\u00e9l\u00e8bre c\u00f4te amalfitaine, et con\u00e7u pour offrir une exp\u00e9rience totalement priv\u00e9e. Ce havre de paix isol\u00e9 allie l&#8217;atmosph\u00e8re c\u00f4ti\u00e8re italienne \u00e0 un sentiment distinct d&#8217;intimit\u00e9 et de luxe discret sur son \u00eele.<\/p>\n<p><span><div class=\"read-more-wrapper\"><a class=\"read-more-button\" data-target=\"read-more-69ede3cda04bc\" data-more-text=\"Read more\" data-less-text=\"Read less\"><span class=\"read-more-text\">Read more<\/span><\/a><div id=\"read-more-69ede3cda04bc\" class=\"read-more-content\"> <\/span><br \/>\nLes journ\u00e9es s&#8217;\u00e9coulent doucement sur l&#8217;\u00eele, vous invitant \u00e0 explorer \u00e0 pied les sentiers sinueux, \u00e0 vous glisser dans la mer limpide pour une baignade rafra\u00eechissante ou \u00e0 vous laisser d\u00e9river sur l&#8217;eau en faisant de la plong\u00e9e avec tuba. Entre deux aventures, les heures tranquilles pass\u00e9es au bord de la piscine vous offrent un espace pour faire une pause, vous d\u00e9tendre et vous installer pleinement dans la vie insulaire.<\/div><\/div><\/p>","protected":false},"excerpt":{"rendered":"<p>La Villa Lubrense est un refuge priv\u00e9 exclusif situ\u00e9 en Italie, juste \u00e0 c\u00f4t\u00e9 de la c\u00e9l\u00e8bre c\u00f4te amalfitaine, et&#8230;<\/p>","protected":false},"featured_media":41526,"comment_status":"open","ping_status":"closed","template":"","meta":{"_acf_changed":false},"product_brand":[],"product_cat":[15],"product_tag":[],"class_list":{"0":"post-41482","1":"product","2":"type-product","3":"status-publish","4":"has-post-thumbnail","6":"product_cat-villa","7":"property_location-amalfi","8":"property_location-italie","10":"first","11":"instock","12":"sold-individually","13":"shipping-taxable","14":"purchasable","15":"product-type-simple"},"acf":[],"yoast_head":"<!-- This site is optimized with the Yoast SEO plugin v26.6 - https:\/\/yoast.com\/wordpress\/plugins\/seo\/ -->\n<title>Lubrense \u00cele Priv\u00e9e, Lubrense, Amalfi, Italie - S\u00e9jour Priv\u00e9<\/title>\n<meta name=\"description\" content=\"La Villa Lubrense est un refuge priv\u00e9 exclusif situ\u00e9 en Italie, juste \u00e0 c\u00f4t\u00e9 de la c\u00e9l\u00e8bre c\u00f4te amalfitaine, et con\u00e7u pour offrir une exp\u00e9rience\" \/>\n<meta name=\"robots\" content=\"index, follow, max-snippet:-1, max-image-preview:large, max-video-preview:-1\" \/>\n<link rel=\"canonical\" href=\"https:\/\/www.sejourprive.com\/en\/biens\/lubrense-ile-privee-lubrense-amalfi-italie\/\" \/>\n<meta property=\"og:locale\" content=\"en_GB\" \/>\n<meta property=\"og:type\" content=\"article\" \/>\n<meta property=\"og:title\" content=\"Lubrense \u00cele Priv\u00e9e, Lubrense, Amalfi, Italie - S\u00e9jour Priv\u00e9\" \/>\n<meta property=\"og:description\" content=\"La Villa Lubrense est un refuge priv\u00e9 exclusif situ\u00e9 en Italie, juste \u00e0 c\u00f4t\u00e9 de la c\u00e9l\u00e8bre c\u00f4te amalfitaine, et con\u00e7u pour offrir une exp\u00e9rience\" \/>\n<meta property=\"og:url\" content=\"https:\/\/www.sejourprive.com\/en\/biens\/lubrense-ile-privee-lubrense-amalfi-italie\/\" \/>\n<meta property=\"og:site_name\" content=\"S\u00e9jour Priv\u00e9\" \/>\n<meta property=\"og:image\" content=\"https:\/\/www.sejourprive.com\/wp-content\/uploads\/2026\/03\/0-1024x683.png\" \/>\n\t<meta property=\"og:image:width\" content=\"1024\" \/>\n\t<meta property=\"og:image:height\" content=\"683\" \/>\n\t<meta property=\"og:image:type\" content=\"image\/png\" \/>\n<meta name=\"twitter:card\" content=\"summary_large_image\" \/>\n<meta name=\"twitter:label1\" content=\"Estimated reading time\" \/>\n\t<meta name=\"twitter:data1\" content=\"1 minute\" \/>\n<script type=\"application\/ld+json\" class=\"yoast-schema-graph\">{\"@context\":\"https:\/\/schema.org\",\"@graph\":[{\"@type\":\"WebPage\",\"@id\":\"https:\/\/www.sejourprive.com\/biens\/lubrense-ile-privee-lubrense-amalfi-italie\/\",\"url\":\"https:\/\/www.sejourprive.com\/biens\/lubrense-ile-privee-lubrense-amalfi-italie\/\",\"name\":\"Lubrense \u00cele Priv\u00e9e, Lubrense, Amalfi, Italie - S\u00e9jour Priv\u00e9\",\"isPartOf\":{\"@id\":\"https:\/\/www.sejourprive.com\/#website\"},\"primaryImageOfPage\":{\"@id\":\"https:\/\/www.sejourprive.com\/biens\/lubrense-ile-privee-lubrense-amalfi-italie\/#primaryimage\"},\"image\":{\"@id\":\"https:\/\/www.sejourprive.com\/biens\/lubrense-ile-privee-lubrense-amalfi-italie\/#primaryimage\"},\"thumbnailUrl\":\"https:\/\/www.sejourprive.com\/wp-content\/uploads\/2026\/03\/0.png\",\"datePublished\":\"2026-03-03T16:36:30+00:00\",\"description\":\"La Villa Lubrense est un refuge priv\u00e9 exclusif situ\u00e9 en Italie, juste \u00e0 c\u00f4t\u00e9 de la c\u00e9l\u00e8bre c\u00f4te amalfitaine, et con\u00e7u pour offrir une exp\u00e9rience\",\"breadcrumb\":{\"@id\":\"https:\/\/www.sejourprive.com\/biens\/lubrense-ile-privee-lubrense-amalfi-italie\/#breadcrumb\"},\"inLanguage\":\"en-GB\",\"potentialAction\":[{\"@type\":\"ReadAction\",\"target\":[\"https:\/\/www.sejourprive.com\/biens\/lubrense-ile-privee-lubrense-amalfi-italie\/\"]}]},{\"@type\":\"ImageObject\",\"inLanguage\":\"en-GB\",\"@id\":\"https:\/\/www.sejourprive.com\/biens\/lubrense-ile-privee-lubrense-amalfi-italie\/#primaryimage\",\"url\":\"https:\/\/www.sejourprive.com\/wp-content\/uploads\/2026\/03\/0.png\",\"contentUrl\":\"https:\/\/www.sejourprive.com\/wp-content\/uploads\/2026\/03\/0.png\",\"width\":1200,\"height\":800},{\"@type\":\"BreadcrumbList\",\"@id\":\"https:\/\/www.sejourprive.com\/biens\/lubrense-ile-privee-lubrense-amalfi-italie\/#breadcrumb\",\"itemListElement\":[{\"@type\":\"ListItem\",\"position\":1,\"name\":\"Accueil\",\"item\":\"https:\/\/www.sejourprive.com\/\"},{\"@type\":\"ListItem\",\"position\":2,\"name\":\"Shop\",\"item\":\"https:\/\/www.sejourprive.com\/shop\/\"},{\"@type\":\"ListItem\",\"position\":3,\"name\":\"Lubrense \u00cele Priv\u00e9e, Lubrense, Amalfi, Italie\"}]},{\"@type\":\"WebSite\",\"@id\":\"https:\/\/www.sejourprive.com\/#website\",\"url\":\"https:\/\/www.sejourprive.com\/\",\"name\":\"S\u00e9jour Priv\u00e9\",\"description\":\"Nous imaginons pour vous des s\u00e9jours d\u2019exception.\",\"publisher\":{\"@id\":\"https:\/\/www.sejourprive.com\/#organization\"},\"potentialAction\":[{\"@type\":\"SearchAction\",\"target\":{\"@type\":\"EntryPoint\",\"urlTemplate\":\"https:\/\/www.sejourprive.com\/?s={search_term_string}\"},\"query-input\":{\"@type\":\"PropertyValueSpecification\",\"valueRequired\":true,\"valueName\":\"search_term_string\"}}],\"inLanguage\":\"en-GB\"},{\"@type\":\"Organization\",\"@id\":\"https:\/\/www.sejourprive.com\/#organization\",\"name\":\"S\u00e9jour Priv\u00e9\",\"url\":\"https:\/\/www.sejourprive.com\/\",\"logo\":{\"@type\":\"ImageObject\",\"inLanguage\":\"en-GB\",\"@id\":\"https:\/\/www.sejourprive.com\/#\/schema\/logo\/image\/\",\"url\":\"https:\/\/www.sejourprive.com\/wp-content\/uploads\/2026\/02\/SP-Apple-touch-144-couleur-1-2.png\",\"contentUrl\":\"https:\/\/www.sejourprive.com\/wp-content\/uploads\/2026\/02\/SP-Apple-touch-144-couleur-1-2.png\",\"width\":145,\"height\":145,\"caption\":\"S\u00e9jour Priv\u00e9\"},\"image\":{\"@id\":\"https:\/\/www.sejourprive.com\/#\/schema\/logo\/image\/\"}}]}<\/script>\n<!-- \/ Yoast SEO plugin. -->","yoast_head_json":{"title":"Lubrense \u00cele Priv\u00e9e, Lubrense, Amalfi, Italie - S\u00e9jour Priv\u00e9","description":"La Villa Lubrense est un refuge priv\u00e9 exclusif situ\u00e9 en Italie, juste \u00e0 c\u00f4t\u00e9 de la c\u00e9l\u00e8bre c\u00f4te amalfitaine, et con\u00e7u pour offrir une exp\u00e9rience","robots":{"index":"index","follow":"follow","max-snippet":"max-snippet:-1","max-image-preview":"max-image-preview:large","max-video-preview":"max-video-preview:-1"},"canonical":"https:\/\/www.sejourprive.com\/en\/biens\/lubrense-ile-privee-lubrense-amalfi-italie\/","og_locale":"en_GB","og_type":"article","og_title":"Lubrense \u00cele Priv\u00e9e, Lubrense, Amalfi, Italie - S\u00e9jour Priv\u00e9","og_description":"La Villa Lubrense est un refuge priv\u00e9 exclusif situ\u00e9 en Italie, juste \u00e0 c\u00f4t\u00e9 de la c\u00e9l\u00e8bre c\u00f4te amalfitaine, et con\u00e7u pour offrir une exp\u00e9rience","og_url":"https:\/\/www.sejourprive.com\/en\/biens\/lubrense-ile-privee-lubrense-amalfi-italie\/","og_site_name":"S\u00e9jour Priv\u00e9","og_image":[{"width":1024,"height":683,"url":"https:\/\/www.sejourprive.com\/wp-content\/uploads\/2026\/03\/0-1024x683.png","type":"image\/png"}],"twitter_card":"summary_large_image","twitter_misc":{"Estimated reading time":"1 minute"},"schema":{"@context":"https:\/\/schema.org","@graph":[{"@type":"WebPage","@id":"https:\/\/www.sejourprive.com\/biens\/lubrense-ile-privee-lubrense-amalfi-italie\/","url":"https:\/\/www.sejourprive.com\/biens\/lubrense-ile-privee-lubrense-amalfi-italie\/","name":"Lubrense \u00cele Priv\u00e9e, Lubrense, Amalfi, Italie - S\u00e9jour Priv\u00e9","isPartOf":{"@id":"https:\/\/www.sejourprive.com\/#website"},"primaryImageOfPage":{"@id":"https:\/\/www.sejourprive.com\/biens\/lubrense-ile-privee-lubrense-amalfi-italie\/#primaryimage"},"image":{"@id":"https:\/\/www.sejourprive.com\/biens\/lubrense-ile-privee-lubrense-amalfi-italie\/#primaryimage"},"thumbnailUrl":"https:\/\/www.sejourprive.com\/wp-content\/uploads\/2026\/03\/0.png","datePublished":"2026-03-03T16:36:30+00:00","description":"La Villa Lubrense est un refuge priv\u00e9 exclusif situ\u00e9 en Italie, juste \u00e0 c\u00f4t\u00e9 de la c\u00e9l\u00e8bre c\u00f4te amalfitaine, et con\u00e7u pour offrir une exp\u00e9rience","breadcrumb":{"@id":"https:\/\/www.sejourprive.com\/biens\/lubrense-ile-privee-lubrense-amalfi-italie\/#breadcrumb"},"inLanguage":"en-GB","potentialAction":[{"@type":"ReadAction","target":["https:\/\/www.sejourprive.com\/biens\/lubrense-ile-privee-lubrense-amalfi-italie\/"]}]},{"@type":"ImageObject","inLanguage":"en-GB","@id":"https:\/\/www.sejourprive.com\/biens\/lubrense-ile-privee-lubrense-amalfi-italie\/#primaryimage","url":"https:\/\/www.sejourprive.com\/wp-content\/uploads\/2026\/03\/0.png","contentUrl":"https:\/\/www.sejourprive.com\/wp-content\/uploads\/2026\/03\/0.png","width":1200,"height":800},{"@type":"BreadcrumbList","@id":"https:\/\/www.sejourprive.com\/biens\/lubrense-ile-privee-lubrense-amalfi-italie\/#breadcrumb","itemListElement":[{"@type":"ListItem","position":1,"name":"Accueil","item":"https:\/\/www.sejourprive.com\/"},{"@type":"ListItem","position":2,"name":"Shop","item":"https:\/\/www.sejourprive.com\/shop\/"},{"@type":"ListItem","position":3,"name":"Lubrense \u00cele Priv\u00e9e, Lubrense, Amalfi, Italie"}]},{"@type":"WebSite","@id":"https:\/\/www.sejourprive.com\/#website","url":"https:\/\/www.sejourprive.com\/","name":"Private Stay","description":"We design exceptional holidays for you.","publisher":{"@id":"https:\/\/www.sejourprive.com\/#organization"},"potentialAction":[{"@type":"SearchAction","target":{"@type":"EntryPoint","urlTemplate":"https:\/\/www.sejourprive.com\/?s={search_term_string}"},"query-input":{"@type":"PropertyValueSpecification","valueRequired":true,"valueName":"search_term_string"}}],"inLanguage":"en-GB"},{"@type":"Organization","@id":"https:\/\/www.sejourprive.com\/#organization","name":"Private Stay","url":"https:\/\/www.sejourprive.com\/","logo":{"@type":"ImageObject","inLanguage":"en-GB","@id":"https:\/\/www.sejourprive.com\/#\/schema\/logo\/image\/","url":"https:\/\/www.sejourprive.com\/wp-content\/uploads\/2026\/02\/SP-Apple-touch-144-couleur-1-2.png","contentUrl":"https:\/\/www.sejourprive.com\/wp-content\/uploads\/2026\/02\/SP-Apple-touch-144-couleur-1-2.png","width":145,"height":145,"caption":"S\u00e9jour Priv\u00e9"},"image":{"@id":"https:\/\/www.sejourprive.com\/#\/schema\/logo\/image\/"}}]}},"_links":{"self":[{"href":"https:\/\/www.sejourprive.com\/en\/wp-json\/wp\/v2\/product\/41482","targetHints":{"allow":["GET"]}}],"collection":[{"href":"https:\/\/www.sejourprive.com\/en\/wp-json\/wp\/v2\/product"}],"about":[{"href":"https:\/\/www.sejourprive.com\/en\/wp-json\/wp\/v2\/types\/product"}],"replies":[{"embeddable":true,"href":"https:\/\/www.sejourprive.com\/en\/wp-json\/wp\/v2\/comments?post=41482"}],"version-history":[{"count":0,"href":"https:\/\/www.sejourprive.com\/en\/wp-json\/wp\/v2\/product\/41482\/revisions"}],"wp:featuredmedia":[{"embeddable":true,"href":"https:\/\/www.sejourprive.com\/en\/wp-json\/wp\/v2\/media\/41526"}],"wp:attachment":[{"href":"https:\/\/www.sejourprive.com\/en\/wp-json\/wp\/v2\/media?parent=41482"}],"wp:term":[{"taxonomy":"product_brand","embeddable":true,"href":"https:\/\/www.sejourprive.com\/en\/wp-json\/wp\/v2\/product_brand?post=41482"},{"taxonomy":"product_cat","embeddable":true,"href":"https:\/\/www.sejourprive.com\/en\/wp-json\/wp\/v2\/product_cat?post=41482"},{"taxonomy":"product_tag","embeddable":true,"href":"https:\/\/www.sejourprive.com\/en\/wp-json\/wp\/v2\/product_tag?post=41482"}],"curies":[{"name":"wp","href":"https:\/\/api.w.org\/{rel}","templated":true}]}}