{"id":39884,"date":"2026-03-02T12:57:18","date_gmt":"2026-03-02T11:57:18","guid":{"rendered":"https:\/\/www.sejourprive.com\/?post_type=product&#038;p=39884"},"modified":"2026-03-02T12:57:18","modified_gmt":"2026-03-02T11:57:18","slug":"villa-alas-ftelia-mykonos-grece","status":"publish","type":"product","link":"https:\/\/www.sejourprive.com\/en\/biens\/villa-alas-ftelia-mykonos-grece\/","title":{"rendered":"Villa Alas, Ftelia, Mykonos, Greece"},"content":{"rendered":"<p>La Villa Alas est une villa con\u00e7ue avec une attention particuli\u00e8re port\u00e9e \u00e0 chaque d\u00e9tail, situ\u00e9e au-dessus de l&#8217;une des plus longues plages de Mykonos, la plage de Ftelia. La villa se trouve au sommet d&#8217;une colline, juste au-dessus de la baie, et son emplacement offre une intimit\u00e9 absolue.<br \/>\n<span><div class=\"read-more-wrapper\"><a class=\"read-more-button\" data-target=\"read-more-69e75285f34a1\" data-more-text=\"Read more\" data-less-text=\"Read less\"><span class=\"read-more-text\">Read more<\/span><\/a><div id=\"read-more-69e75285f34a1\" class=\"read-more-content\"> <\/span><br \/>\nPlage de Ftelia : 800m<br \/>\nVille de Mykonos : 7km<br \/>\nA\u00e9roport de Mykonos : 6km<br \/>\nPort de Mykonos : 8km<\/p>\n<p>La villa dispose d&#8217;un vaste espace ext\u00e9rieur avec une terrasse avec piscine orient\u00e9e vers le coucher du soleil et un coin salon pour d\u00e9guster vos boissons et cocktails. Les suites et les espaces communs int\u00e9rieurs sont suffisamment spacieux pour accueillir confortablement jusqu&#8217;\u00e0 13 personnes.<\/p>\n<p>Ne manquez pas de d\u00e9couvrir le hammam en marbre avec jacuzzi chauff\u00e9 et la salle de sport abrit\u00e9e avec vue sur la mer !<\/div><\/div><\/p>","protected":false},"excerpt":{"rendered":"<p>La Villa Alas est une villa con\u00e7ue avec une attention particuli\u00e8re port\u00e9e \u00e0 chaque d\u00e9tail, situ\u00e9e au-dessus de l&#8217;une des&#8230;<\/p>","protected":false},"featured_media":40073,"comment_status":"open","ping_status":"closed","template":"","meta":{"_acf_changed":false},"product_brand":[],"product_cat":[15],"product_tag":[],"class_list":{"0":"post-39884","1":"product","2":"type-product","3":"status-publish","4":"has-post-thumbnail","6":"product_cat-villa","7":"property_location-grece","8":"property_location-mykonos","10":"first","11":"instock","12":"sold-individually","13":"shipping-taxable","14":"purchasable","15":"product-type-simple"},"acf":[],"yoast_head":"<!-- This site is optimized with the Yoast SEO plugin v26.6 - https:\/\/yoast.com\/wordpress\/plugins\/seo\/ -->\n<title>Villa Alas, Ftelia, Mykonos, Gr\u00e8ce - S\u00e9jour Priv\u00e9<\/title>\n<meta name=\"description\" content=\"La Villa Alas est une villa con\u00e7ue avec une attention particuli\u00e8re port\u00e9e \u00e0 chaque d\u00e9tail, situ\u00e9e au-dessus de l&#039;une des plus longues plages de Mykonos,\" \/>\n<meta name=\"robots\" content=\"index, follow, max-snippet:-1, max-image-preview:large, max-video-preview:-1\" \/>\n<link rel=\"canonical\" href=\"https:\/\/www.sejourprive.com\/en\/biens\/villa-alas-ftelia-mykonos-grece\/\" \/>\n<meta property=\"og:locale\" content=\"en_GB\" \/>\n<meta property=\"og:type\" content=\"article\" \/>\n<meta property=\"og:title\" content=\"Villa Alas, Ftelia, Mykonos, Gr\u00e8ce - S\u00e9jour Priv\u00e9\" \/>\n<meta property=\"og:description\" content=\"La Villa Alas est une villa con\u00e7ue avec une attention particuli\u00e8re port\u00e9e \u00e0 chaque d\u00e9tail, situ\u00e9e au-dessus de l&#039;une des plus longues plages de Mykonos,\" \/>\n<meta property=\"og:url\" content=\"https:\/\/www.sejourprive.com\/en\/biens\/villa-alas-ftelia-mykonos-grece\/\" \/>\n<meta property=\"og:site_name\" content=\"S\u00e9jour Priv\u00e9\" \/>\n<meta property=\"og:image\" content=\"https:\/\/www.sejourprive.com\/wp-content\/uploads\/2026\/03\/Aerial-Top-level-overview-scaled.jpg\" \/>\n\t<meta property=\"og:image:width\" content=\"2560\" \/>\n\t<meta property=\"og:image:height\" content=\"1917\" \/>\n\t<meta property=\"og:image:type\" content=\"image\/jpeg\" \/>\n<meta name=\"twitter:card\" content=\"summary_large_image\" \/>\n<meta name=\"twitter:label1\" content=\"Estimated reading time\" \/>\n\t<meta name=\"twitter:data1\" content=\"1 minute\" \/>\n<script type=\"application\/ld+json\" class=\"yoast-schema-graph\">{\"@context\":\"https:\/\/schema.org\",\"@graph\":[{\"@type\":\"WebPage\",\"@id\":\"https:\/\/www.sejourprive.com\/biens\/villa-alas-ftelia-mykonos-grece\/\",\"url\":\"https:\/\/www.sejourprive.com\/biens\/villa-alas-ftelia-mykonos-grece\/\",\"name\":\"Villa Alas, Ftelia, Mykonos, Gr\u00e8ce - S\u00e9jour Priv\u00e9\",\"isPartOf\":{\"@id\":\"https:\/\/www.sejourprive.com\/#website\"},\"primaryImageOfPage\":{\"@id\":\"https:\/\/www.sejourprive.com\/biens\/villa-alas-ftelia-mykonos-grece\/#primaryimage\"},\"image\":{\"@id\":\"https:\/\/www.sejourprive.com\/biens\/villa-alas-ftelia-mykonos-grece\/#primaryimage\"},\"thumbnailUrl\":\"https:\/\/www.sejourprive.com\/wp-content\/uploads\/2026\/03\/Aerial-Top-level-overview-scaled.jpg\",\"datePublished\":\"2026-03-02T11:57:18+00:00\",\"description\":\"La Villa Alas est une villa con\u00e7ue avec une attention particuli\u00e8re port\u00e9e \u00e0 chaque d\u00e9tail, situ\u00e9e au-dessus de l'une des plus longues plages de Mykonos,\",\"breadcrumb\":{\"@id\":\"https:\/\/www.sejourprive.com\/biens\/villa-alas-ftelia-mykonos-grece\/#breadcrumb\"},\"inLanguage\":\"en-GB\",\"potentialAction\":[{\"@type\":\"ReadAction\",\"target\":[\"https:\/\/www.sejourprive.com\/biens\/villa-alas-ftelia-mykonos-grece\/\"]}]},{\"@type\":\"ImageObject\",\"inLanguage\":\"en-GB\",\"@id\":\"https:\/\/www.sejourprive.com\/biens\/villa-alas-ftelia-mykonos-grece\/#primaryimage\",\"url\":\"https:\/\/www.sejourprive.com\/wp-content\/uploads\/2026\/03\/Aerial-Top-level-overview-scaled.jpg\",\"contentUrl\":\"https:\/\/www.sejourprive.com\/wp-content\/uploads\/2026\/03\/Aerial-Top-level-overview-scaled.jpg\",\"width\":2560,\"height\":1917,\"caption\":\"default\"},{\"@type\":\"BreadcrumbList\",\"@id\":\"https:\/\/www.sejourprive.com\/biens\/villa-alas-ftelia-mykonos-grece\/#breadcrumb\",\"itemListElement\":[{\"@type\":\"ListItem\",\"position\":1,\"name\":\"Accueil\",\"item\":\"https:\/\/www.sejourprive.com\/\"},{\"@type\":\"ListItem\",\"position\":2,\"name\":\"Shop\",\"item\":\"https:\/\/www.sejourprive.com\/shop\/\"},{\"@type\":\"ListItem\",\"position\":3,\"name\":\"Villa Alas, Ftelia, Mykonos, Gr\u00e8ce\"}]},{\"@type\":\"WebSite\",\"@id\":\"https:\/\/www.sejourprive.com\/#website\",\"url\":\"https:\/\/www.sejourprive.com\/\",\"name\":\"S\u00e9jour Priv\u00e9\",\"description\":\"Nous imaginons pour vous des s\u00e9jours d\u2019exception.\",\"publisher\":{\"@id\":\"https:\/\/www.sejourprive.com\/#organization\"},\"potentialAction\":[{\"@type\":\"SearchAction\",\"target\":{\"@type\":\"EntryPoint\",\"urlTemplate\":\"https:\/\/www.sejourprive.com\/?s={search_term_string}\"},\"query-input\":{\"@type\":\"PropertyValueSpecification\",\"valueRequired\":true,\"valueName\":\"search_term_string\"}}],\"inLanguage\":\"en-GB\"},{\"@type\":\"Organization\",\"@id\":\"https:\/\/www.sejourprive.com\/#organization\",\"name\":\"S\u00e9jour Priv\u00e9\",\"url\":\"https:\/\/www.sejourprive.com\/\",\"logo\":{\"@type\":\"ImageObject\",\"inLanguage\":\"en-GB\",\"@id\":\"https:\/\/www.sejourprive.com\/#\/schema\/logo\/image\/\",\"url\":\"https:\/\/www.sejourprive.com\/wp-content\/uploads\/2026\/02\/SP-Apple-touch-144-couleur-1-2.png\",\"contentUrl\":\"https:\/\/www.sejourprive.com\/wp-content\/uploads\/2026\/02\/SP-Apple-touch-144-couleur-1-2.png\",\"width\":145,\"height\":145,\"caption\":\"S\u00e9jour Priv\u00e9\"},\"image\":{\"@id\":\"https:\/\/www.sejourprive.com\/#\/schema\/logo\/image\/\"}}]}<\/script>\n<!-- \/ Yoast SEO plugin. -->","yoast_head_json":{"title":"Villa Alas, Ftelia, Mykonos, Gr\u00e8ce - S\u00e9jour Priv\u00e9","description":"La Villa Alas est une villa con\u00e7ue avec une attention particuli\u00e8re port\u00e9e \u00e0 chaque d\u00e9tail, situ\u00e9e au-dessus de l'une des plus longues plages de Mykonos,","robots":{"index":"index","follow":"follow","max-snippet":"max-snippet:-1","max-image-preview":"max-image-preview:large","max-video-preview":"max-video-preview:-1"},"canonical":"https:\/\/www.sejourprive.com\/en\/biens\/villa-alas-ftelia-mykonos-grece\/","og_locale":"en_GB","og_type":"article","og_title":"Villa Alas, Ftelia, Mykonos, Gr\u00e8ce - S\u00e9jour Priv\u00e9","og_description":"La Villa Alas est une villa con\u00e7ue avec une attention particuli\u00e8re port\u00e9e \u00e0 chaque d\u00e9tail, situ\u00e9e au-dessus de l'une des plus longues plages de Mykonos,","og_url":"https:\/\/www.sejourprive.com\/en\/biens\/villa-alas-ftelia-mykonos-grece\/","og_site_name":"S\u00e9jour Priv\u00e9","og_image":[{"width":2560,"height":1917,"url":"https:\/\/www.sejourprive.com\/wp-content\/uploads\/2026\/03\/Aerial-Top-level-overview-scaled.jpg","type":"image\/jpeg"}],"twitter_card":"summary_large_image","twitter_misc":{"Estimated reading time":"1 minute"},"schema":{"@context":"https:\/\/schema.org","@graph":[{"@type":"WebPage","@id":"https:\/\/www.sejourprive.com\/biens\/villa-alas-ftelia-mykonos-grece\/","url":"https:\/\/www.sejourprive.com\/biens\/villa-alas-ftelia-mykonos-grece\/","name":"Villa Alas, Ftelia, Mykonos, Gr\u00e8ce - S\u00e9jour Priv\u00e9","isPartOf":{"@id":"https:\/\/www.sejourprive.com\/#website"},"primaryImageOfPage":{"@id":"https:\/\/www.sejourprive.com\/biens\/villa-alas-ftelia-mykonos-grece\/#primaryimage"},"image":{"@id":"https:\/\/www.sejourprive.com\/biens\/villa-alas-ftelia-mykonos-grece\/#primaryimage"},"thumbnailUrl":"https:\/\/www.sejourprive.com\/wp-content\/uploads\/2026\/03\/Aerial-Top-level-overview-scaled.jpg","datePublished":"2026-03-02T11:57:18+00:00","description":"La Villa Alas est une villa con\u00e7ue avec une attention particuli\u00e8re port\u00e9e \u00e0 chaque d\u00e9tail, situ\u00e9e au-dessus de l'une des plus longues plages de Mykonos,","breadcrumb":{"@id":"https:\/\/www.sejourprive.com\/biens\/villa-alas-ftelia-mykonos-grece\/#breadcrumb"},"inLanguage":"en-GB","potentialAction":[{"@type":"ReadAction","target":["https:\/\/www.sejourprive.com\/biens\/villa-alas-ftelia-mykonos-grece\/"]}]},{"@type":"ImageObject","inLanguage":"en-GB","@id":"https:\/\/www.sejourprive.com\/biens\/villa-alas-ftelia-mykonos-grece\/#primaryimage","url":"https:\/\/www.sejourprive.com\/wp-content\/uploads\/2026\/03\/Aerial-Top-level-overview-scaled.jpg","contentUrl":"https:\/\/www.sejourprive.com\/wp-content\/uploads\/2026\/03\/Aerial-Top-level-overview-scaled.jpg","width":2560,"height":1917,"caption":"default"},{"@type":"BreadcrumbList","@id":"https:\/\/www.sejourprive.com\/biens\/villa-alas-ftelia-mykonos-grece\/#breadcrumb","itemListElement":[{"@type":"ListItem","position":1,"name":"Accueil","item":"https:\/\/www.sejourprive.com\/"},{"@type":"ListItem","position":2,"name":"Shop","item":"https:\/\/www.sejourprive.com\/shop\/"},{"@type":"ListItem","position":3,"name":"Villa Alas, Ftelia, Mykonos, Gr\u00e8ce"}]},{"@type":"WebSite","@id":"https:\/\/www.sejourprive.com\/#website","url":"https:\/\/www.sejourprive.com\/","name":"Private Stay","description":"We design exceptional holidays for you.","publisher":{"@id":"https:\/\/www.sejourprive.com\/#organization"},"potentialAction":[{"@type":"SearchAction","target":{"@type":"EntryPoint","urlTemplate":"https:\/\/www.sejourprive.com\/?s={search_term_string}"},"query-input":{"@type":"PropertyValueSpecification","valueRequired":true,"valueName":"search_term_string"}}],"inLanguage":"en-GB"},{"@type":"Organization","@id":"https:\/\/www.sejourprive.com\/#organization","name":"Private Stay","url":"https:\/\/www.sejourprive.com\/","logo":{"@type":"ImageObject","inLanguage":"en-GB","@id":"https:\/\/www.sejourprive.com\/#\/schema\/logo\/image\/","url":"https:\/\/www.sejourprive.com\/wp-content\/uploads\/2026\/02\/SP-Apple-touch-144-couleur-1-2.png","contentUrl":"https:\/\/www.sejourprive.com\/wp-content\/uploads\/2026\/02\/SP-Apple-touch-144-couleur-1-2.png","width":145,"height":145,"caption":"S\u00e9jour Priv\u00e9"},"image":{"@id":"https:\/\/www.sejourprive.com\/#\/schema\/logo\/image\/"}}]}},"_links":{"self":[{"href":"https:\/\/www.sejourprive.com\/en\/wp-json\/wp\/v2\/product\/39884","targetHints":{"allow":["GET"]}}],"collection":[{"href":"https:\/\/www.sejourprive.com\/en\/wp-json\/wp\/v2\/product"}],"about":[{"href":"https:\/\/www.sejourprive.com\/en\/wp-json\/wp\/v2\/types\/product"}],"replies":[{"embeddable":true,"href":"https:\/\/www.sejourprive.com\/en\/wp-json\/wp\/v2\/comments?post=39884"}],"version-history":[{"count":0,"href":"https:\/\/www.sejourprive.com\/en\/wp-json\/wp\/v2\/product\/39884\/revisions"}],"wp:featuredmedia":[{"embeddable":true,"href":"https:\/\/www.sejourprive.com\/en\/wp-json\/wp\/v2\/media\/40073"}],"wp:attachment":[{"href":"https:\/\/www.sejourprive.com\/en\/wp-json\/wp\/v2\/media?parent=39884"}],"wp:term":[{"taxonomy":"product_brand","embeddable":true,"href":"https:\/\/www.sejourprive.com\/en\/wp-json\/wp\/v2\/product_brand?post=39884"},{"taxonomy":"product_cat","embeddable":true,"href":"https:\/\/www.sejourprive.com\/en\/wp-json\/wp\/v2\/product_cat?post=39884"},{"taxonomy":"product_tag","embeddable":true,"href":"https:\/\/www.sejourprive.com\/en\/wp-json\/wp\/v2\/product_tag?post=39884"}],"curies":[{"name":"wp","href":"https:\/\/api.w.org\/{rel}","templated":true}]}}