{"id":39673,"date":"2026-02-02T09:06:58","date_gmt":"2026-02-02T08:06:58","guid":{"rendered":"https:\/\/www.sejourprive.com\/?post_type=product&#038;p=39673"},"modified":"2026-03-02T16:59:28","modified_gmt":"2026-03-02T15:59:28","slug":"villa-amal-houlakia-mykonos-grece","status":"publish","type":"product","link":"https:\/\/www.sejourprive.com\/en\/biens\/villa-amal-houlakia-mykonos-grece\/","title":{"rendered":"Villa Amal, Houlakia, Mykonos, Greece"},"content":{"rendered":"<p>Nich\u00e9e \u00e0 flanc de colline \u00e0 Houlakia et offrant une vue imprenable sur la mer \u00c9g\u00e9e, la Villa Amal est un havre de paix au caract\u00e8re cycladique.<br \/>\n\u00c0 quelques minutes en voiture de la ville anim\u00e9e de Mykonos, du port et de l&#8217;a\u00e9roport, tout en garantissant l&#8217;intimit\u00e9, cette maison capture les contrastes les plus enchanteurs de l&#8217;\u00eele,<br \/>\no\u00f9 le design minimaliste rencontre la beaut\u00e9 naturelle et o\u00f9 l&#8217;horizon fait partie int\u00e9grante de l&#8217;architecture. Et son point fort : le coucher de soleil \u00e0 couper le souffle !<br \/>\n<span><div class=\"read-more-wrapper\"><a class=\"read-more-button\" data-target=\"read-more-69f9ba25d68ea\" data-more-text=\"Read more\" data-less-text=\"Read less\"><span class=\"read-more-text\">Read more<\/span><\/a><div id=\"read-more-69f9ba25d68ea\" class=\"read-more-content\"><\/div><\/div> <\/span><br \/>\nPlage Aghios Stefanos : 2km<br \/>\nA\u00e9roport de Mykonos : 7.5km<br \/>\nVille de Mykonos : 4.5km<br \/>\nPort de Mykonos : 3km<\/p>\n<p>Les espaces de vie s&#8217;ouvrent sur la mer dans un flux harmonieux, invitant \u00e0 des moments de tranquillit\u00e9. Une cuisine enti\u00e8rement \u00e9quip\u00e9e, \u00e9l\u00e9gante et fonctionnelle, inspire des repas partag\u00e9s qui se prolongent jusque tard dans la nuit. \u00c0 l&#8217;ext\u00e9rieur, la vie se d\u00e9roule au rythme de la brise. Une piscine infinie scintillante refl\u00e8te le ciel, tandis que des coins salon ombrag\u00e9s et un coin repas avec un barbecue en pierre plantent le d\u00e9cor pour de longues journ\u00e9es d&#8217;\u00e9t\u00e9 et des soir\u00e9es \u00e0 la lueur des bougies sous les \u00e9toiles. <\/p>","protected":false},"excerpt":{"rendered":"<p>Nich\u00e9e \u00e0 flanc de colline \u00e0 Houlakia et offrant une vue imprenable sur la mer \u00c9g\u00e9e, la Villa Amal est&#8230;<\/p>","protected":false},"featured_media":39728,"comment_status":"open","ping_status":"closed","template":"","meta":{"_acf_changed":false},"product_brand":[],"product_cat":[15],"product_tag":[],"class_list":{"0":"post-39673","1":"product","2":"type-product","3":"status-publish","4":"has-post-thumbnail","6":"product_cat-villa","7":"property_location-grece","8":"property_location-mykonos","10":"first","11":"instock","12":"sold-individually","13":"shipping-taxable","14":"purchasable","15":"product-type-simple"},"acf":[],"yoast_head":"<!-- This site is optimized with the Yoast SEO plugin v26.6 - https:\/\/yoast.com\/wordpress\/plugins\/seo\/ -->\n<title>Villa Amal, Houlakia, Mykonos, Gr\u00e8ce - S\u00e9jour Priv\u00e9<\/title>\n<meta name=\"description\" content=\"Nich\u00e9e \u00e0 flanc de colline \u00e0 Houlakia et offrant une vue imprenable sur la mer \u00c9g\u00e9e, la Villa Amal est un havre de paix au caract\u00e8re cycladique. \u00c0 quelques\" \/>\n<meta name=\"robots\" content=\"index, follow, max-snippet:-1, max-image-preview:large, max-video-preview:-1\" \/>\n<link rel=\"canonical\" href=\"https:\/\/www.sejourprive.com\/en\/biens\/villa-amal-houlakia-mykonos-grece\/\" \/>\n<meta property=\"og:locale\" content=\"en_GB\" \/>\n<meta property=\"og:type\" content=\"article\" \/>\n<meta property=\"og:title\" content=\"Villa Amal, Houlakia, Mykonos, Gr\u00e8ce - S\u00e9jour Priv\u00e9\" \/>\n<meta property=\"og:description\" content=\"Nich\u00e9e \u00e0 flanc de colline \u00e0 Houlakia et offrant une vue imprenable sur la mer \u00c9g\u00e9e, la Villa Amal est un havre de paix au caract\u00e8re cycladique. \u00c0 quelques\" \/>\n<meta property=\"og:url\" content=\"https:\/\/www.sejourprive.com\/en\/biens\/villa-amal-houlakia-mykonos-grece\/\" \/>\n<meta property=\"og:site_name\" content=\"S\u00e9jour Priv\u00e9\" \/>\n<meta property=\"article:modified_time\" content=\"2026-03-02T15:59:28+00:00\" \/>\n<meta property=\"og:image\" content=\"https:\/\/www.sejourprive.com\/wp-content\/uploads\/2026\/02\/10-196.jpg\" \/>\n\t<meta property=\"og:image:width\" content=\"668\" \/>\n\t<meta property=\"og:image:height\" content=\"500\" \/>\n\t<meta property=\"og:image:type\" content=\"image\/jpeg\" \/>\n<meta name=\"twitter:card\" content=\"summary_large_image\" \/>\n<meta name=\"twitter:label1\" content=\"Estimated reading time\" \/>\n\t<meta name=\"twitter:data1\" content=\"2 minutes\" \/>\n<script type=\"application\/ld+json\" class=\"yoast-schema-graph\">{\"@context\":\"https:\/\/schema.org\",\"@graph\":[{\"@type\":\"WebPage\",\"@id\":\"https:\/\/www.sejourprive.com\/biens\/villa-amal-houlakia-mykonos-grece\/\",\"url\":\"https:\/\/www.sejourprive.com\/biens\/villa-amal-houlakia-mykonos-grece\/\",\"name\":\"Villa Amal, Houlakia, Mykonos, Gr\u00e8ce - S\u00e9jour Priv\u00e9\",\"isPartOf\":{\"@id\":\"https:\/\/www.sejourprive.com\/#website\"},\"primaryImageOfPage\":{\"@id\":\"https:\/\/www.sejourprive.com\/biens\/villa-amal-houlakia-mykonos-grece\/#primaryimage\"},\"image\":{\"@id\":\"https:\/\/www.sejourprive.com\/biens\/villa-amal-houlakia-mykonos-grece\/#primaryimage\"},\"thumbnailUrl\":\"https:\/\/www.sejourprive.com\/wp-content\/uploads\/2026\/02\/10-196.jpg\",\"datePublished\":\"2026-02-02T08:06:58+00:00\",\"dateModified\":\"2026-03-02T15:59:28+00:00\",\"description\":\"Nich\u00e9e \u00e0 flanc de colline \u00e0 Houlakia et offrant une vue imprenable sur la mer \u00c9g\u00e9e, la Villa Amal est un havre de paix au caract\u00e8re cycladique. \u00c0 quelques\",\"breadcrumb\":{\"@id\":\"https:\/\/www.sejourprive.com\/biens\/villa-amal-houlakia-mykonos-grece\/#breadcrumb\"},\"inLanguage\":\"en-GB\",\"potentialAction\":[{\"@type\":\"ReadAction\",\"target\":[\"https:\/\/www.sejourprive.com\/biens\/villa-amal-houlakia-mykonos-grece\/\"]}]},{\"@type\":\"ImageObject\",\"inLanguage\":\"en-GB\",\"@id\":\"https:\/\/www.sejourprive.com\/biens\/villa-amal-houlakia-mykonos-grece\/#primaryimage\",\"url\":\"https:\/\/www.sejourprive.com\/wp-content\/uploads\/2026\/02\/10-196.jpg\",\"contentUrl\":\"https:\/\/www.sejourprive.com\/wp-content\/uploads\/2026\/02\/10-196.jpg\",\"width\":668,\"height\":500},{\"@type\":\"BreadcrumbList\",\"@id\":\"https:\/\/www.sejourprive.com\/biens\/villa-amal-houlakia-mykonos-grece\/#breadcrumb\",\"itemListElement\":[{\"@type\":\"ListItem\",\"position\":1,\"name\":\"Accueil\",\"item\":\"https:\/\/www.sejourprive.com\/\"},{\"@type\":\"ListItem\",\"position\":2,\"name\":\"Shop\",\"item\":\"https:\/\/www.sejourprive.com\/shop\/\"},{\"@type\":\"ListItem\",\"position\":3,\"name\":\"Villa Amal, Houlakia, Mykonos, Gr\u00e8ce\"}]},{\"@type\":\"WebSite\",\"@id\":\"https:\/\/www.sejourprive.com\/#website\",\"url\":\"https:\/\/www.sejourprive.com\/\",\"name\":\"S\u00e9jour Priv\u00e9\",\"description\":\"Nous imaginons pour vous des s\u00e9jours d\u2019exception.\",\"publisher\":{\"@id\":\"https:\/\/www.sejourprive.com\/#organization\"},\"potentialAction\":[{\"@type\":\"SearchAction\",\"target\":{\"@type\":\"EntryPoint\",\"urlTemplate\":\"https:\/\/www.sejourprive.com\/?s={search_term_string}\"},\"query-input\":{\"@type\":\"PropertyValueSpecification\",\"valueRequired\":true,\"valueName\":\"search_term_string\"}}],\"inLanguage\":\"en-GB\"},{\"@type\":\"Organization\",\"@id\":\"https:\/\/www.sejourprive.com\/#organization\",\"name\":\"S\u00e9jour Priv\u00e9\",\"url\":\"https:\/\/www.sejourprive.com\/\",\"logo\":{\"@type\":\"ImageObject\",\"inLanguage\":\"en-GB\",\"@id\":\"https:\/\/www.sejourprive.com\/#\/schema\/logo\/image\/\",\"url\":\"https:\/\/www.sejourprive.com\/wp-content\/uploads\/2026\/02\/SP-Apple-touch-144-couleur-1-2.png\",\"contentUrl\":\"https:\/\/www.sejourprive.com\/wp-content\/uploads\/2026\/02\/SP-Apple-touch-144-couleur-1-2.png\",\"width\":145,\"height\":145,\"caption\":\"S\u00e9jour Priv\u00e9\"},\"image\":{\"@id\":\"https:\/\/www.sejourprive.com\/#\/schema\/logo\/image\/\"}}]}<\/script>\n<!-- \/ Yoast SEO plugin. -->","yoast_head_json":{"title":"Villa Amal, Houlakia, Mykonos, Gr\u00e8ce - S\u00e9jour Priv\u00e9","description":"Nich\u00e9e \u00e0 flanc de colline \u00e0 Houlakia et offrant une vue imprenable sur la mer \u00c9g\u00e9e, la Villa Amal est un havre de paix au caract\u00e8re cycladique. \u00c0 quelques","robots":{"index":"index","follow":"follow","max-snippet":"max-snippet:-1","max-image-preview":"max-image-preview:large","max-video-preview":"max-video-preview:-1"},"canonical":"https:\/\/www.sejourprive.com\/en\/biens\/villa-amal-houlakia-mykonos-grece\/","og_locale":"en_GB","og_type":"article","og_title":"Villa Amal, Houlakia, Mykonos, Gr\u00e8ce - S\u00e9jour Priv\u00e9","og_description":"Nich\u00e9e \u00e0 flanc de colline \u00e0 Houlakia et offrant une vue imprenable sur la mer \u00c9g\u00e9e, la Villa Amal est un havre de paix au caract\u00e8re cycladique. \u00c0 quelques","og_url":"https:\/\/www.sejourprive.com\/en\/biens\/villa-amal-houlakia-mykonos-grece\/","og_site_name":"S\u00e9jour Priv\u00e9","article_modified_time":"2026-03-02T15:59:28+00:00","og_image":[{"width":668,"height":500,"url":"https:\/\/www.sejourprive.com\/wp-content\/uploads\/2026\/02\/10-196.jpg","type":"image\/jpeg"}],"twitter_card":"summary_large_image","twitter_misc":{"Estimated reading time":"2 minutes"},"schema":{"@context":"https:\/\/schema.org","@graph":[{"@type":"WebPage","@id":"https:\/\/www.sejourprive.com\/biens\/villa-amal-houlakia-mykonos-grece\/","url":"https:\/\/www.sejourprive.com\/biens\/villa-amal-houlakia-mykonos-grece\/","name":"Villa Amal, Houlakia, Mykonos, Gr\u00e8ce - S\u00e9jour Priv\u00e9","isPartOf":{"@id":"https:\/\/www.sejourprive.com\/#website"},"primaryImageOfPage":{"@id":"https:\/\/www.sejourprive.com\/biens\/villa-amal-houlakia-mykonos-grece\/#primaryimage"},"image":{"@id":"https:\/\/www.sejourprive.com\/biens\/villa-amal-houlakia-mykonos-grece\/#primaryimage"},"thumbnailUrl":"https:\/\/www.sejourprive.com\/wp-content\/uploads\/2026\/02\/10-196.jpg","datePublished":"2026-02-02T08:06:58+00:00","dateModified":"2026-03-02T15:59:28+00:00","description":"Nich\u00e9e \u00e0 flanc de colline \u00e0 Houlakia et offrant une vue imprenable sur la mer \u00c9g\u00e9e, la Villa Amal est un havre de paix au caract\u00e8re cycladique. \u00c0 quelques","breadcrumb":{"@id":"https:\/\/www.sejourprive.com\/biens\/villa-amal-houlakia-mykonos-grece\/#breadcrumb"},"inLanguage":"en-GB","potentialAction":[{"@type":"ReadAction","target":["https:\/\/www.sejourprive.com\/biens\/villa-amal-houlakia-mykonos-grece\/"]}]},{"@type":"ImageObject","inLanguage":"en-GB","@id":"https:\/\/www.sejourprive.com\/biens\/villa-amal-houlakia-mykonos-grece\/#primaryimage","url":"https:\/\/www.sejourprive.com\/wp-content\/uploads\/2026\/02\/10-196.jpg","contentUrl":"https:\/\/www.sejourprive.com\/wp-content\/uploads\/2026\/02\/10-196.jpg","width":668,"height":500},{"@type":"BreadcrumbList","@id":"https:\/\/www.sejourprive.com\/biens\/villa-amal-houlakia-mykonos-grece\/#breadcrumb","itemListElement":[{"@type":"ListItem","position":1,"name":"Accueil","item":"https:\/\/www.sejourprive.com\/"},{"@type":"ListItem","position":2,"name":"Shop","item":"https:\/\/www.sejourprive.com\/shop\/"},{"@type":"ListItem","position":3,"name":"Villa Amal, Houlakia, Mykonos, Gr\u00e8ce"}]},{"@type":"WebSite","@id":"https:\/\/www.sejourprive.com\/#website","url":"https:\/\/www.sejourprive.com\/","name":"Private Stay","description":"We design exceptional holidays for you.","publisher":{"@id":"https:\/\/www.sejourprive.com\/#organization"},"potentialAction":[{"@type":"SearchAction","target":{"@type":"EntryPoint","urlTemplate":"https:\/\/www.sejourprive.com\/?s={search_term_string}"},"query-input":{"@type":"PropertyValueSpecification","valueRequired":true,"valueName":"search_term_string"}}],"inLanguage":"en-GB"},{"@type":"Organization","@id":"https:\/\/www.sejourprive.com\/#organization","name":"Private Stay","url":"https:\/\/www.sejourprive.com\/","logo":{"@type":"ImageObject","inLanguage":"en-GB","@id":"https:\/\/www.sejourprive.com\/#\/schema\/logo\/image\/","url":"https:\/\/www.sejourprive.com\/wp-content\/uploads\/2026\/02\/SP-Apple-touch-144-couleur-1-2.png","contentUrl":"https:\/\/www.sejourprive.com\/wp-content\/uploads\/2026\/02\/SP-Apple-touch-144-couleur-1-2.png","width":145,"height":145,"caption":"S\u00e9jour Priv\u00e9"},"image":{"@id":"https:\/\/www.sejourprive.com\/#\/schema\/logo\/image\/"}}]}},"_links":{"self":[{"href":"https:\/\/www.sejourprive.com\/en\/wp-json\/wp\/v2\/product\/39673","targetHints":{"allow":["GET"]}}],"collection":[{"href":"https:\/\/www.sejourprive.com\/en\/wp-json\/wp\/v2\/product"}],"about":[{"href":"https:\/\/www.sejourprive.com\/en\/wp-json\/wp\/v2\/types\/product"}],"replies":[{"embeddable":true,"href":"https:\/\/www.sejourprive.com\/en\/wp-json\/wp\/v2\/comments?post=39673"}],"version-history":[{"count":0,"href":"https:\/\/www.sejourprive.com\/en\/wp-json\/wp\/v2\/product\/39673\/revisions"}],"wp:featuredmedia":[{"embeddable":true,"href":"https:\/\/www.sejourprive.com\/en\/wp-json\/wp\/v2\/media\/39728"}],"wp:attachment":[{"href":"https:\/\/www.sejourprive.com\/en\/wp-json\/wp\/v2\/media?parent=39673"}],"wp:term":[{"taxonomy":"product_brand","embeddable":true,"href":"https:\/\/www.sejourprive.com\/en\/wp-json\/wp\/v2\/product_brand?post=39673"},{"taxonomy":"product_cat","embeddable":true,"href":"https:\/\/www.sejourprive.com\/en\/wp-json\/wp\/v2\/product_cat?post=39673"},{"taxonomy":"product_tag","embeddable":true,"href":"https:\/\/www.sejourprive.com\/en\/wp-json\/wp\/v2\/product_tag?post=39673"}],"curies":[{"name":"wp","href":"https:\/\/api.w.org\/{rel}","templated":true}]}}