{"id":39398,"date":"2026-02-27T18:09:42","date_gmt":"2026-02-27T17:09:42","guid":{"rendered":"https:\/\/www.sejourprive.com\/?post_type=product&#038;p=39398"},"modified":"2026-02-27T18:09:42","modified_gmt":"2026-02-27T17:09:42","slug":"villa-shiloh-korfos-mykonos-grece","status":"publish","type":"product","link":"https:\/\/www.sejourprive.com\/en\/biens\/villa-shiloh-korfos-mykonos-grece\/","title":{"rendered":"Villa Shiloh, Korfos, Mykonos, Greece"},"content":{"rendered":"<p>La villa Shiloh est situ\u00e9e sur les collines de Korfos, surplombant la plage anim\u00e9e de Korfos, o\u00f9 s&#8217;adonnent les kitesurfeurs, et offrant une vue \u00e0 180 degr\u00e9s depuis le port de Mykonos jusqu&#8217;\u00e0 la baie d&#8217;Ornos.<br \/>\n<span><div class=\"read-more-wrapper\"><a class=\"read-more-button\" data-target=\"read-more-69f40df500613\" data-more-text=\"Read more\" data-less-text=\"Read less\"><span class=\"read-more-text\">Read more<\/span><\/a><div id=\"read-more-69f40df500613\" class=\"read-more-content\"> <\/span><br \/>\nPlage de Korfos : 700m<br \/>\nPlage d&#8217;Ornos : 1.2km<br \/>\nA\u00e9roport de Mykonos : 4.4km<br \/>\nVille de Mykonos : 3.5km<\/p>\n<p>Cette propri\u00e9t\u00e9 de 7 chambres s&#8217;\u00e9tend sur trois niveaux et peut accueillir jusqu&#8217;\u00e0 14 personnes dans les lits existants. Le domaine b\u00e9n\u00e9ficie d&#8217;une architecture raffin\u00e9e et de finitions haut de gamme.<\/p>\n<p>\u00c0 l&#8217;ext\u00e9rieur, Shiloh offre des espaces accueillants pour les r\u00e9unions, mais aussi pour les moments de tranquillit\u00e9 et de d\u00e9tente, avec une piscine \u00e0 d\u00e9bordement chauff\u00e9e, un jacuzzi spacieux, une terrasse et des espaces de d\u00e9tente ombrag\u00e9s. Un coin feu et un bar, un espace repas couvert, un barbecue et un four \u00e0 bois compl\u00e8tent les espaces de loisirs. Une salle de sport enti\u00e8rement \u00e9quip\u00e9e et un sauna offrent aux clients une touche de bien-\u00eatre et d&#8217;intimit\u00e9 \u00e0 toute heure de la journ\u00e9e.<\/div><\/div><\/p>","protected":false},"excerpt":{"rendered":"<p>La villa Shiloh est situ\u00e9e sur les collines de Korfos, surplombant la plage anim\u00e9e de Korfos, o\u00f9 s&#8217;adonnent les kitesurfeurs,&#8230;<\/p>","protected":false},"featured_media":39444,"comment_status":"open","ping_status":"closed","template":"","meta":{"_acf_changed":false},"product_brand":[],"product_cat":[15],"product_tag":[],"class_list":{"0":"post-39398","1":"product","2":"type-product","3":"status-publish","4":"has-post-thumbnail","6":"product_cat-villa","7":"property_location-grece","8":"property_location-mykonos","10":"first","11":"instock","12":"sold-individually","13":"shipping-taxable","14":"purchasable","15":"product-type-simple"},"acf":[],"yoast_head":"<!-- This site is optimized with the Yoast SEO plugin v26.6 - https:\/\/yoast.com\/wordpress\/plugins\/seo\/ -->\n<title>Villa Shiloh, Korfos, Mykonos, Gr\u00e8ce - S\u00e9jour Priv\u00e9<\/title>\n<meta name=\"description\" content=\"La villa Shiloh est situ\u00e9e sur les collines de Korfos, surplombant la plage anim\u00e9e de Korfos, o\u00f9 s&#039;adonnent les kitesurfeurs, et offrant une vue \u00e0 180\" \/>\n<meta name=\"robots\" content=\"index, follow, max-snippet:-1, max-image-preview:large, max-video-preview:-1\" \/>\n<link rel=\"canonical\" href=\"https:\/\/www.sejourprive.com\/en\/biens\/villa-shiloh-korfos-mykonos-grece\/\" \/>\n<meta property=\"og:locale\" content=\"en_GB\" \/>\n<meta property=\"og:type\" content=\"article\" \/>\n<meta property=\"og:title\" content=\"Villa Shiloh, Korfos, Mykonos, Gr\u00e8ce - S\u00e9jour Priv\u00e9\" \/>\n<meta property=\"og:description\" content=\"La villa Shiloh est situ\u00e9e sur les collines de Korfos, surplombant la plage anim\u00e9e de Korfos, o\u00f9 s&#039;adonnent les kitesurfeurs, et offrant une vue \u00e0 180\" \/>\n<meta property=\"og:url\" content=\"https:\/\/www.sejourprive.com\/en\/biens\/villa-shiloh-korfos-mykonos-grece\/\" \/>\n<meta property=\"og:site_name\" content=\"S\u00e9jour Priv\u00e9\" \/>\n<meta property=\"og:image\" content=\"https:\/\/www.sejourprive.com\/wp-content\/uploads\/2026\/02\/0-187.jpg\" \/>\n\t<meta property=\"og:image:width\" content=\"1228\" \/>\n\t<meta property=\"og:image:height\" content=\"1280\" \/>\n\t<meta property=\"og:image:type\" content=\"image\/jpeg\" \/>\n<meta name=\"twitter:card\" content=\"summary_large_image\" \/>\n<meta name=\"twitter:label1\" content=\"Estimated reading time\" \/>\n\t<meta name=\"twitter:data1\" content=\"2 minutes\" \/>\n<script type=\"application\/ld+json\" class=\"yoast-schema-graph\">{\"@context\":\"https:\/\/schema.org\",\"@graph\":[{\"@type\":\"WebPage\",\"@id\":\"https:\/\/www.sejourprive.com\/biens\/villa-shiloh-korfos-mykonos-grece\/\",\"url\":\"https:\/\/www.sejourprive.com\/biens\/villa-shiloh-korfos-mykonos-grece\/\",\"name\":\"Villa Shiloh, Korfos, Mykonos, Gr\u00e8ce - S\u00e9jour Priv\u00e9\",\"isPartOf\":{\"@id\":\"https:\/\/www.sejourprive.com\/#website\"},\"primaryImageOfPage\":{\"@id\":\"https:\/\/www.sejourprive.com\/biens\/villa-shiloh-korfos-mykonos-grece\/#primaryimage\"},\"image\":{\"@id\":\"https:\/\/www.sejourprive.com\/biens\/villa-shiloh-korfos-mykonos-grece\/#primaryimage\"},\"thumbnailUrl\":\"https:\/\/www.sejourprive.com\/wp-content\/uploads\/2026\/02\/0-187.jpg\",\"datePublished\":\"2026-02-27T17:09:42+00:00\",\"description\":\"La villa Shiloh est situ\u00e9e sur les collines de Korfos, surplombant la plage anim\u00e9e de Korfos, o\u00f9 s'adonnent les kitesurfeurs, et offrant une vue \u00e0 180\",\"breadcrumb\":{\"@id\":\"https:\/\/www.sejourprive.com\/biens\/villa-shiloh-korfos-mykonos-grece\/#breadcrumb\"},\"inLanguage\":\"en-GB\",\"potentialAction\":[{\"@type\":\"ReadAction\",\"target\":[\"https:\/\/www.sejourprive.com\/biens\/villa-shiloh-korfos-mykonos-grece\/\"]}]},{\"@type\":\"ImageObject\",\"inLanguage\":\"en-GB\",\"@id\":\"https:\/\/www.sejourprive.com\/biens\/villa-shiloh-korfos-mykonos-grece\/#primaryimage\",\"url\":\"https:\/\/www.sejourprive.com\/wp-content\/uploads\/2026\/02\/0-187.jpg\",\"contentUrl\":\"https:\/\/www.sejourprive.com\/wp-content\/uploads\/2026\/02\/0-187.jpg\",\"width\":1228,\"height\":1280},{\"@type\":\"BreadcrumbList\",\"@id\":\"https:\/\/www.sejourprive.com\/biens\/villa-shiloh-korfos-mykonos-grece\/#breadcrumb\",\"itemListElement\":[{\"@type\":\"ListItem\",\"position\":1,\"name\":\"Accueil\",\"item\":\"https:\/\/www.sejourprive.com\/\"},{\"@type\":\"ListItem\",\"position\":2,\"name\":\"Shop\",\"item\":\"https:\/\/www.sejourprive.com\/shop\/\"},{\"@type\":\"ListItem\",\"position\":3,\"name\":\"Villa Shiloh, Korfos, Mykonos, Gr\u00e8ce\"}]},{\"@type\":\"WebSite\",\"@id\":\"https:\/\/www.sejourprive.com\/#website\",\"url\":\"https:\/\/www.sejourprive.com\/\",\"name\":\"S\u00e9jour Priv\u00e9\",\"description\":\"Nous imaginons pour vous des s\u00e9jours d\u2019exception.\",\"publisher\":{\"@id\":\"https:\/\/www.sejourprive.com\/#organization\"},\"potentialAction\":[{\"@type\":\"SearchAction\",\"target\":{\"@type\":\"EntryPoint\",\"urlTemplate\":\"https:\/\/www.sejourprive.com\/?s={search_term_string}\"},\"query-input\":{\"@type\":\"PropertyValueSpecification\",\"valueRequired\":true,\"valueName\":\"search_term_string\"}}],\"inLanguage\":\"en-GB\"},{\"@type\":\"Organization\",\"@id\":\"https:\/\/www.sejourprive.com\/#organization\",\"name\":\"S\u00e9jour Priv\u00e9\",\"url\":\"https:\/\/www.sejourprive.com\/\",\"logo\":{\"@type\":\"ImageObject\",\"inLanguage\":\"en-GB\",\"@id\":\"https:\/\/www.sejourprive.com\/#\/schema\/logo\/image\/\",\"url\":\"https:\/\/www.sejourprive.com\/wp-content\/uploads\/2026\/02\/SP-Apple-touch-144-couleur-1-2.png\",\"contentUrl\":\"https:\/\/www.sejourprive.com\/wp-content\/uploads\/2026\/02\/SP-Apple-touch-144-couleur-1-2.png\",\"width\":145,\"height\":145,\"caption\":\"S\u00e9jour Priv\u00e9\"},\"image\":{\"@id\":\"https:\/\/www.sejourprive.com\/#\/schema\/logo\/image\/\"}}]}<\/script>\n<!-- \/ Yoast SEO plugin. -->","yoast_head_json":{"title":"Villa Shiloh, Korfos, Mykonos, Gr\u00e8ce - S\u00e9jour Priv\u00e9","description":"La villa Shiloh est situ\u00e9e sur les collines de Korfos, surplombant la plage anim\u00e9e de Korfos, o\u00f9 s'adonnent les kitesurfeurs, et offrant une vue \u00e0 180","robots":{"index":"index","follow":"follow","max-snippet":"max-snippet:-1","max-image-preview":"max-image-preview:large","max-video-preview":"max-video-preview:-1"},"canonical":"https:\/\/www.sejourprive.com\/en\/biens\/villa-shiloh-korfos-mykonos-grece\/","og_locale":"en_GB","og_type":"article","og_title":"Villa Shiloh, Korfos, Mykonos, Gr\u00e8ce - S\u00e9jour Priv\u00e9","og_description":"La villa Shiloh est situ\u00e9e sur les collines de Korfos, surplombant la plage anim\u00e9e de Korfos, o\u00f9 s'adonnent les kitesurfeurs, et offrant une vue \u00e0 180","og_url":"https:\/\/www.sejourprive.com\/en\/biens\/villa-shiloh-korfos-mykonos-grece\/","og_site_name":"S\u00e9jour Priv\u00e9","og_image":[{"width":1228,"height":1280,"url":"https:\/\/www.sejourprive.com\/wp-content\/uploads\/2026\/02\/0-187.jpg","type":"image\/jpeg"}],"twitter_card":"summary_large_image","twitter_misc":{"Estimated reading time":"2 minutes"},"schema":{"@context":"https:\/\/schema.org","@graph":[{"@type":"WebPage","@id":"https:\/\/www.sejourprive.com\/biens\/villa-shiloh-korfos-mykonos-grece\/","url":"https:\/\/www.sejourprive.com\/biens\/villa-shiloh-korfos-mykonos-grece\/","name":"Villa Shiloh, Korfos, Mykonos, Gr\u00e8ce - S\u00e9jour Priv\u00e9","isPartOf":{"@id":"https:\/\/www.sejourprive.com\/#website"},"primaryImageOfPage":{"@id":"https:\/\/www.sejourprive.com\/biens\/villa-shiloh-korfos-mykonos-grece\/#primaryimage"},"image":{"@id":"https:\/\/www.sejourprive.com\/biens\/villa-shiloh-korfos-mykonos-grece\/#primaryimage"},"thumbnailUrl":"https:\/\/www.sejourprive.com\/wp-content\/uploads\/2026\/02\/0-187.jpg","datePublished":"2026-02-27T17:09:42+00:00","description":"La villa Shiloh est situ\u00e9e sur les collines de Korfos, surplombant la plage anim\u00e9e de Korfos, o\u00f9 s'adonnent les kitesurfeurs, et offrant une vue \u00e0 180","breadcrumb":{"@id":"https:\/\/www.sejourprive.com\/biens\/villa-shiloh-korfos-mykonos-grece\/#breadcrumb"},"inLanguage":"en-GB","potentialAction":[{"@type":"ReadAction","target":["https:\/\/www.sejourprive.com\/biens\/villa-shiloh-korfos-mykonos-grece\/"]}]},{"@type":"ImageObject","inLanguage":"en-GB","@id":"https:\/\/www.sejourprive.com\/biens\/villa-shiloh-korfos-mykonos-grece\/#primaryimage","url":"https:\/\/www.sejourprive.com\/wp-content\/uploads\/2026\/02\/0-187.jpg","contentUrl":"https:\/\/www.sejourprive.com\/wp-content\/uploads\/2026\/02\/0-187.jpg","width":1228,"height":1280},{"@type":"BreadcrumbList","@id":"https:\/\/www.sejourprive.com\/biens\/villa-shiloh-korfos-mykonos-grece\/#breadcrumb","itemListElement":[{"@type":"ListItem","position":1,"name":"Accueil","item":"https:\/\/www.sejourprive.com\/"},{"@type":"ListItem","position":2,"name":"Shop","item":"https:\/\/www.sejourprive.com\/shop\/"},{"@type":"ListItem","position":3,"name":"Villa Shiloh, Korfos, Mykonos, Gr\u00e8ce"}]},{"@type":"WebSite","@id":"https:\/\/www.sejourprive.com\/#website","url":"https:\/\/www.sejourprive.com\/","name":"Private Stay","description":"We design exceptional holidays for you.","publisher":{"@id":"https:\/\/www.sejourprive.com\/#organization"},"potentialAction":[{"@type":"SearchAction","target":{"@type":"EntryPoint","urlTemplate":"https:\/\/www.sejourprive.com\/?s={search_term_string}"},"query-input":{"@type":"PropertyValueSpecification","valueRequired":true,"valueName":"search_term_string"}}],"inLanguage":"en-GB"},{"@type":"Organization","@id":"https:\/\/www.sejourprive.com\/#organization","name":"Private Stay","url":"https:\/\/www.sejourprive.com\/","logo":{"@type":"ImageObject","inLanguage":"en-GB","@id":"https:\/\/www.sejourprive.com\/#\/schema\/logo\/image\/","url":"https:\/\/www.sejourprive.com\/wp-content\/uploads\/2026\/02\/SP-Apple-touch-144-couleur-1-2.png","contentUrl":"https:\/\/www.sejourprive.com\/wp-content\/uploads\/2026\/02\/SP-Apple-touch-144-couleur-1-2.png","width":145,"height":145,"caption":"S\u00e9jour Priv\u00e9"},"image":{"@id":"https:\/\/www.sejourprive.com\/#\/schema\/logo\/image\/"}}]}},"_links":{"self":[{"href":"https:\/\/www.sejourprive.com\/en\/wp-json\/wp\/v2\/product\/39398","targetHints":{"allow":["GET"]}}],"collection":[{"href":"https:\/\/www.sejourprive.com\/en\/wp-json\/wp\/v2\/product"}],"about":[{"href":"https:\/\/www.sejourprive.com\/en\/wp-json\/wp\/v2\/types\/product"}],"replies":[{"embeddable":true,"href":"https:\/\/www.sejourprive.com\/en\/wp-json\/wp\/v2\/comments?post=39398"}],"version-history":[{"count":0,"href":"https:\/\/www.sejourprive.com\/en\/wp-json\/wp\/v2\/product\/39398\/revisions"}],"wp:featuredmedia":[{"embeddable":true,"href":"https:\/\/www.sejourprive.com\/en\/wp-json\/wp\/v2\/media\/39444"}],"wp:attachment":[{"href":"https:\/\/www.sejourprive.com\/en\/wp-json\/wp\/v2\/media?parent=39398"}],"wp:term":[{"taxonomy":"product_brand","embeddable":true,"href":"https:\/\/www.sejourprive.com\/en\/wp-json\/wp\/v2\/product_brand?post=39398"},{"taxonomy":"product_cat","embeddable":true,"href":"https:\/\/www.sejourprive.com\/en\/wp-json\/wp\/v2\/product_cat?post=39398"},{"taxonomy":"product_tag","embeddable":true,"href":"https:\/\/www.sejourprive.com\/en\/wp-json\/wp\/v2\/product_tag?post=39398"}],"curies":[{"name":"wp","href":"https:\/\/api.w.org\/{rel}","templated":true}]}}