{"id":36989,"date":"2026-02-25T15:10:43","date_gmt":"2026-02-25T14:10:43","guid":{"rendered":"https:\/\/www.sejourprive.com\/?post_type=product&#038;p=36989"},"modified":"2026-02-25T15:10:43","modified_gmt":"2026-02-25T14:10:43","slug":"villa-blue-cubells-ibiza-iles-baleares-espagne","status":"publish","type":"product","link":"https:\/\/www.sejourprive.com\/en\/biens\/villa-blue-cubells-ibiza-iles-baleares-espagne\/","title":{"rendered":"Villa Blue Cubells, Ibiza, Balearic Islands, Spain"},"content":{"rendered":"<p>Perch\u00e9e dans les montagnes, la Villa Blue Cubells offre une vue imprenable sur la mer. Son architecture \u00e9l\u00e9gante et moderne s&#8217;int\u00e8gre parfaitement \u00e0 l&#8217;environnement naturel, tandis que son int\u00e9rieur raffin\u00e9 apporte une sensation de fra\u00eecheur et de tranquillit\u00e9, id\u00e9ale pour se ressourcer sous le soleil estival.<\/p>\n<p><span><div class=\"read-more-wrapper\"><a class=\"read-more-button\" data-target=\"read-more-69eb3d6588246\" data-more-text=\"Read more\" data-less-text=\"Read less\"><span class=\"read-more-text\">Read more<\/span><\/a><div id=\"read-more-69eb3d6588246\" class=\"read-more-content\"> <\/span><br \/>\nLa journ\u00e9e commence par une promenade paisible dans les jardins impeccablement entretenus. Apr\u00e8s un match amical sur le court de tennis ou quelques moments de d\u00e9tente dans la salle de billard, l&#8217;apr\u00e8s-midi invite \u00e0 la relaxation au bord de la piscine \u00e0 d\u00e9bordement, o\u00f9 l&#8217;eau semble se confondre avec l&#8217;horizon. \u00c0 la tomb\u00e9e de la nuit, la terrasse s&#8217;anime pour un d\u00eener en plein air, o\u00f9 vous pourrez d\u00e9guster des sp\u00e9cialit\u00e9s locales sous un ciel \u00e9toil\u00e9, entour\u00e9 de la beaut\u00e9 apaisante d&#8217;Ibiza.<\/div><\/div><\/p>","protected":false},"excerpt":{"rendered":"<p>Perch\u00e9e dans les montagnes, la Villa Blue Cubells offre une vue imprenable sur la mer. Son architecture \u00e9l\u00e9gante et moderne&#8230;<\/p>","protected":false},"featured_media":37034,"comment_status":"open","ping_status":"closed","template":"","meta":{"_acf_changed":false},"product_brand":[],"product_cat":[15],"product_tag":[],"class_list":{"0":"post-36989","1":"product","2":"type-product","3":"status-publish","4":"has-post-thumbnail","6":"product_cat-villa","7":"property_location-espagne","8":"property_location-ibiza","10":"first","11":"instock","12":"sold-individually","13":"shipping-taxable","14":"purchasable","15":"product-type-simple"},"acf":[],"yoast_head":"<!-- This site is optimized with the Yoast SEO plugin v26.6 - https:\/\/yoast.com\/wordpress\/plugins\/seo\/ -->\n<title>Villa Blue Cubells, Ibiza, \u00celes Bal\u00e9ares, Espagne - S\u00e9jour Priv\u00e9<\/title>\n<meta name=\"description\" content=\"Perch\u00e9e dans les montagnes, la Villa Blue Cubells offre une vue imprenable sur la mer. Son architecture \u00e9l\u00e9gante et moderne s&#039;int\u00e8gre parfaitement \u00e0\" \/>\n<meta name=\"robots\" content=\"index, follow, max-snippet:-1, max-image-preview:large, max-video-preview:-1\" \/>\n<link rel=\"canonical\" href=\"https:\/\/www.sejourprive.com\/en\/biens\/villa-blue-cubells-ibiza-iles-baleares-espagne\/\" \/>\n<meta property=\"og:locale\" content=\"en_GB\" \/>\n<meta property=\"og:type\" content=\"article\" \/>\n<meta property=\"og:title\" content=\"Villa Blue Cubells, Ibiza, \u00celes Bal\u00e9ares, Espagne - S\u00e9jour Priv\u00e9\" \/>\n<meta property=\"og:description\" content=\"Perch\u00e9e dans les montagnes, la Villa Blue Cubells offre une vue imprenable sur la mer. Son architecture \u00e9l\u00e9gante et moderne s&#039;int\u00e8gre parfaitement \u00e0\" \/>\n<meta property=\"og:url\" content=\"https:\/\/www.sejourprive.com\/en\/biens\/villa-blue-cubells-ibiza-iles-baleares-espagne\/\" \/>\n<meta property=\"og:site_name\" content=\"S\u00e9jour Priv\u00e9\" \/>\n<meta property=\"og:image\" content=\"https:\/\/www.sejourprive.com\/wp-content\/uploads\/2026\/02\/1-140.jpg\" \/>\n\t<meta property=\"og:image:width\" content=\"1200\" \/>\n\t<meta property=\"og:image:height\" content=\"801\" \/>\n\t<meta property=\"og:image:type\" content=\"image\/jpeg\" \/>\n<meta name=\"twitter:card\" content=\"summary_large_image\" \/>\n<meta name=\"twitter:label1\" content=\"Estimated reading time\" \/>\n\t<meta name=\"twitter:data1\" content=\"1 minute\" \/>\n<script type=\"application\/ld+json\" class=\"yoast-schema-graph\">{\"@context\":\"https:\/\/schema.org\",\"@graph\":[{\"@type\":\"WebPage\",\"@id\":\"https:\/\/www.sejourprive.com\/biens\/villa-blue-cubells-ibiza-iles-baleares-espagne\/\",\"url\":\"https:\/\/www.sejourprive.com\/biens\/villa-blue-cubells-ibiza-iles-baleares-espagne\/\",\"name\":\"Villa Blue Cubells, Ibiza, \u00celes Bal\u00e9ares, Espagne - S\u00e9jour Priv\u00e9\",\"isPartOf\":{\"@id\":\"https:\/\/www.sejourprive.com\/#website\"},\"primaryImageOfPage\":{\"@id\":\"https:\/\/www.sejourprive.com\/biens\/villa-blue-cubells-ibiza-iles-baleares-espagne\/#primaryimage\"},\"image\":{\"@id\":\"https:\/\/www.sejourprive.com\/biens\/villa-blue-cubells-ibiza-iles-baleares-espagne\/#primaryimage\"},\"thumbnailUrl\":\"https:\/\/www.sejourprive.com\/wp-content\/uploads\/2026\/02\/1-140.jpg\",\"datePublished\":\"2026-02-25T14:10:43+00:00\",\"description\":\"Perch\u00e9e dans les montagnes, la Villa Blue Cubells offre une vue imprenable sur la mer. Son architecture \u00e9l\u00e9gante et moderne s'int\u00e8gre parfaitement \u00e0\",\"breadcrumb\":{\"@id\":\"https:\/\/www.sejourprive.com\/biens\/villa-blue-cubells-ibiza-iles-baleares-espagne\/#breadcrumb\"},\"inLanguage\":\"en-GB\",\"potentialAction\":[{\"@type\":\"ReadAction\",\"target\":[\"https:\/\/www.sejourprive.com\/biens\/villa-blue-cubells-ibiza-iles-baleares-espagne\/\"]}]},{\"@type\":\"ImageObject\",\"inLanguage\":\"en-GB\",\"@id\":\"https:\/\/www.sejourprive.com\/biens\/villa-blue-cubells-ibiza-iles-baleares-espagne\/#primaryimage\",\"url\":\"https:\/\/www.sejourprive.com\/wp-content\/uploads\/2026\/02\/1-140.jpg\",\"contentUrl\":\"https:\/\/www.sejourprive.com\/wp-content\/uploads\/2026\/02\/1-140.jpg\",\"width\":1200,\"height\":801},{\"@type\":\"BreadcrumbList\",\"@id\":\"https:\/\/www.sejourprive.com\/biens\/villa-blue-cubells-ibiza-iles-baleares-espagne\/#breadcrumb\",\"itemListElement\":[{\"@type\":\"ListItem\",\"position\":1,\"name\":\"Accueil\",\"item\":\"https:\/\/www.sejourprive.com\/\"},{\"@type\":\"ListItem\",\"position\":2,\"name\":\"Shop\",\"item\":\"https:\/\/www.sejourprive.com\/shop\/\"},{\"@type\":\"ListItem\",\"position\":3,\"name\":\"Villa Blue Cubells, Ibiza, \u00celes Bal\u00e9ares, Espagne\"}]},{\"@type\":\"WebSite\",\"@id\":\"https:\/\/www.sejourprive.com\/#website\",\"url\":\"https:\/\/www.sejourprive.com\/\",\"name\":\"S\u00e9jour Priv\u00e9\",\"description\":\"Nous imaginons pour vous des s\u00e9jours d\u2019exception.\",\"publisher\":{\"@id\":\"https:\/\/www.sejourprive.com\/#organization\"},\"potentialAction\":[{\"@type\":\"SearchAction\",\"target\":{\"@type\":\"EntryPoint\",\"urlTemplate\":\"https:\/\/www.sejourprive.com\/?s={search_term_string}\"},\"query-input\":{\"@type\":\"PropertyValueSpecification\",\"valueRequired\":true,\"valueName\":\"search_term_string\"}}],\"inLanguage\":\"en-GB\"},{\"@type\":\"Organization\",\"@id\":\"https:\/\/www.sejourprive.com\/#organization\",\"name\":\"S\u00e9jour Priv\u00e9\",\"url\":\"https:\/\/www.sejourprive.com\/\",\"logo\":{\"@type\":\"ImageObject\",\"inLanguage\":\"en-GB\",\"@id\":\"https:\/\/www.sejourprive.com\/#\/schema\/logo\/image\/\",\"url\":\"https:\/\/www.sejourprive.com\/wp-content\/uploads\/2026\/02\/SP-Apple-touch-144-couleur-1-2.png\",\"contentUrl\":\"https:\/\/www.sejourprive.com\/wp-content\/uploads\/2026\/02\/SP-Apple-touch-144-couleur-1-2.png\",\"width\":145,\"height\":145,\"caption\":\"S\u00e9jour Priv\u00e9\"},\"image\":{\"@id\":\"https:\/\/www.sejourprive.com\/#\/schema\/logo\/image\/\"}}]}<\/script>\n<!-- \/ Yoast SEO plugin. -->","yoast_head_json":{"title":"Villa Blue Cubells, Ibiza, \u00celes Bal\u00e9ares, Espagne - S\u00e9jour Priv\u00e9","description":"Perch\u00e9e dans les montagnes, la Villa Blue Cubells offre une vue imprenable sur la mer. Son architecture \u00e9l\u00e9gante et moderne s'int\u00e8gre parfaitement \u00e0","robots":{"index":"index","follow":"follow","max-snippet":"max-snippet:-1","max-image-preview":"max-image-preview:large","max-video-preview":"max-video-preview:-1"},"canonical":"https:\/\/www.sejourprive.com\/en\/biens\/villa-blue-cubells-ibiza-iles-baleares-espagne\/","og_locale":"en_GB","og_type":"article","og_title":"Villa Blue Cubells, Ibiza, \u00celes Bal\u00e9ares, Espagne - S\u00e9jour Priv\u00e9","og_description":"Perch\u00e9e dans les montagnes, la Villa Blue Cubells offre une vue imprenable sur la mer. Son architecture \u00e9l\u00e9gante et moderne s'int\u00e8gre parfaitement \u00e0","og_url":"https:\/\/www.sejourprive.com\/en\/biens\/villa-blue-cubells-ibiza-iles-baleares-espagne\/","og_site_name":"S\u00e9jour Priv\u00e9","og_image":[{"width":1200,"height":801,"url":"https:\/\/www.sejourprive.com\/wp-content\/uploads\/2026\/02\/1-140.jpg","type":"image\/jpeg"}],"twitter_card":"summary_large_image","twitter_misc":{"Estimated reading time":"1 minute"},"schema":{"@context":"https:\/\/schema.org","@graph":[{"@type":"WebPage","@id":"https:\/\/www.sejourprive.com\/biens\/villa-blue-cubells-ibiza-iles-baleares-espagne\/","url":"https:\/\/www.sejourprive.com\/biens\/villa-blue-cubells-ibiza-iles-baleares-espagne\/","name":"Villa Blue Cubells, Ibiza, \u00celes Bal\u00e9ares, Espagne - S\u00e9jour Priv\u00e9","isPartOf":{"@id":"https:\/\/www.sejourprive.com\/#website"},"primaryImageOfPage":{"@id":"https:\/\/www.sejourprive.com\/biens\/villa-blue-cubells-ibiza-iles-baleares-espagne\/#primaryimage"},"image":{"@id":"https:\/\/www.sejourprive.com\/biens\/villa-blue-cubells-ibiza-iles-baleares-espagne\/#primaryimage"},"thumbnailUrl":"https:\/\/www.sejourprive.com\/wp-content\/uploads\/2026\/02\/1-140.jpg","datePublished":"2026-02-25T14:10:43+00:00","description":"Perch\u00e9e dans les montagnes, la Villa Blue Cubells offre une vue imprenable sur la mer. Son architecture \u00e9l\u00e9gante et moderne s'int\u00e8gre parfaitement \u00e0","breadcrumb":{"@id":"https:\/\/www.sejourprive.com\/biens\/villa-blue-cubells-ibiza-iles-baleares-espagne\/#breadcrumb"},"inLanguage":"en-GB","potentialAction":[{"@type":"ReadAction","target":["https:\/\/www.sejourprive.com\/biens\/villa-blue-cubells-ibiza-iles-baleares-espagne\/"]}]},{"@type":"ImageObject","inLanguage":"en-GB","@id":"https:\/\/www.sejourprive.com\/biens\/villa-blue-cubells-ibiza-iles-baleares-espagne\/#primaryimage","url":"https:\/\/www.sejourprive.com\/wp-content\/uploads\/2026\/02\/1-140.jpg","contentUrl":"https:\/\/www.sejourprive.com\/wp-content\/uploads\/2026\/02\/1-140.jpg","width":1200,"height":801},{"@type":"BreadcrumbList","@id":"https:\/\/www.sejourprive.com\/biens\/villa-blue-cubells-ibiza-iles-baleares-espagne\/#breadcrumb","itemListElement":[{"@type":"ListItem","position":1,"name":"Accueil","item":"https:\/\/www.sejourprive.com\/"},{"@type":"ListItem","position":2,"name":"Shop","item":"https:\/\/www.sejourprive.com\/shop\/"},{"@type":"ListItem","position":3,"name":"Villa Blue Cubells, Ibiza, \u00celes Bal\u00e9ares, Espagne"}]},{"@type":"WebSite","@id":"https:\/\/www.sejourprive.com\/#website","url":"https:\/\/www.sejourprive.com\/","name":"Private Stay","description":"We design exceptional holidays for you.","publisher":{"@id":"https:\/\/www.sejourprive.com\/#organization"},"potentialAction":[{"@type":"SearchAction","target":{"@type":"EntryPoint","urlTemplate":"https:\/\/www.sejourprive.com\/?s={search_term_string}"},"query-input":{"@type":"PropertyValueSpecification","valueRequired":true,"valueName":"search_term_string"}}],"inLanguage":"en-GB"},{"@type":"Organization","@id":"https:\/\/www.sejourprive.com\/#organization","name":"Private Stay","url":"https:\/\/www.sejourprive.com\/","logo":{"@type":"ImageObject","inLanguage":"en-GB","@id":"https:\/\/www.sejourprive.com\/#\/schema\/logo\/image\/","url":"https:\/\/www.sejourprive.com\/wp-content\/uploads\/2026\/02\/SP-Apple-touch-144-couleur-1-2.png","contentUrl":"https:\/\/www.sejourprive.com\/wp-content\/uploads\/2026\/02\/SP-Apple-touch-144-couleur-1-2.png","width":145,"height":145,"caption":"S\u00e9jour Priv\u00e9"},"image":{"@id":"https:\/\/www.sejourprive.com\/#\/schema\/logo\/image\/"}}]}},"_links":{"self":[{"href":"https:\/\/www.sejourprive.com\/en\/wp-json\/wp\/v2\/product\/36989","targetHints":{"allow":["GET"]}}],"collection":[{"href":"https:\/\/www.sejourprive.com\/en\/wp-json\/wp\/v2\/product"}],"about":[{"href":"https:\/\/www.sejourprive.com\/en\/wp-json\/wp\/v2\/types\/product"}],"replies":[{"embeddable":true,"href":"https:\/\/www.sejourprive.com\/en\/wp-json\/wp\/v2\/comments?post=36989"}],"version-history":[{"count":0,"href":"https:\/\/www.sejourprive.com\/en\/wp-json\/wp\/v2\/product\/36989\/revisions"}],"wp:featuredmedia":[{"embeddable":true,"href":"https:\/\/www.sejourprive.com\/en\/wp-json\/wp\/v2\/media\/37034"}],"wp:attachment":[{"href":"https:\/\/www.sejourprive.com\/en\/wp-json\/wp\/v2\/media?parent=36989"}],"wp:term":[{"taxonomy":"product_brand","embeddable":true,"href":"https:\/\/www.sejourprive.com\/en\/wp-json\/wp\/v2\/product_brand?post=36989"},{"taxonomy":"product_cat","embeddable":true,"href":"https:\/\/www.sejourprive.com\/en\/wp-json\/wp\/v2\/product_cat?post=36989"},{"taxonomy":"product_tag","embeddable":true,"href":"https:\/\/www.sejourprive.com\/en\/wp-json\/wp\/v2\/product_tag?post=36989"}],"curies":[{"name":"wp","href":"https:\/\/api.w.org\/{rel}","templated":true}]}}