{"id":35514,"date":"2026-02-22T11:58:41","date_gmt":"2026-02-22T10:58:41","guid":{"rendered":"https:\/\/www.sejourprive.com\/?post_type=product&#038;p=35514"},"modified":"2026-02-22T11:58:41","modified_gmt":"2026-02-22T10:58:41","slug":"villa-sia-ibiza-ile-baleares-espagne","status":"publish","type":"product","link":"https:\/\/www.sejourprive.com\/en\/biens\/villa-sia-ibiza-ile-baleares-espagne\/","title":{"rendered":"Villa Sia, Ibiza, Balearic Islands, Spain"},"content":{"rendered":"<p>La Villa Sia est situ\u00e9e \u00e0 Sant Josep, \u00e0 seulement 10 minutes de la ville d&#8217;Ibiza et de certains des meilleurs clubs de plage de l&#8217;\u00eele, tels que El Chiringuito ou Casa Jondal.<br \/>\n<span><div class=\"read-more-wrapper\"><a class=\"read-more-button\" data-target=\"read-more-69f9ba2572e56\" data-more-text=\"Read more\" data-less-text=\"Read less\"><span class=\"read-more-text\">Read more<\/span><\/a><div id=\"read-more-69f9ba2572e56\" class=\"read-more-content\"> <\/span><br \/>\nCompos\u00e9e de 12 chambres luxueuses avec salle de bains privative, la villa Sia dispose de diff\u00e9rents espaces pour que vous et vos invit\u00e9s puissiez profiter de votre intimit\u00e9, que vous souhaitiez regarder un film dans la salle de cin\u00e9ma, vous d\u00e9tendre dans l&#8217;espace spa et bien-\u00eatre ou faire de l&#8217;exercice dans la salle de sport enti\u00e8rement \u00e9quip\u00e9e. <\/p>\n<p>Dot\u00e9e \u00e9galement d&#8217;un incroyable salon avec canap\u00e9s et d&#8217;une piscine int\u00e9rieure chauff\u00e9e avec jacuzzi, cette maison est id\u00e9ale pour recevoir des amis, mais aussi pour voyager en famille, car elle dispose de chambres d&#8217;enfants int\u00e9rieures (pour les gar\u00e7ons et les filles de moins de 8 ans) et d&#8217;une aire de jeux ext\u00e9rieure. L&#8217;espace piscine est impressionnant, avec une grande piscine Bisazza carrel\u00e9e de mosa\u00efque bleue Klein offrant une vue imprenable sur Salinas et diff\u00e9rentes terrasses priv\u00e9es avec un coin salon pour se d\u00e9tendre. <\/p>\n<p>Cette villa exclusive vous offre tout ce dont vous pouvez r\u00eaver pour des vacances de r\u00eave.<\/div><\/div><\/p>","protected":false},"excerpt":{"rendered":"<p>La Villa Sia est situ\u00e9e \u00e0 Sant Josep, \u00e0 seulement 10 minutes de la ville d&#8217;Ibiza et de certains des&#8230;<\/p>","protected":false},"featured_media":35516,"comment_status":"open","ping_status":"closed","template":"","meta":{"_acf_changed":false},"product_brand":[],"product_cat":[15],"product_tag":[],"class_list":{"0":"post-35514","1":"product","2":"type-product","3":"status-publish","4":"has-post-thumbnail","6":"product_cat-villa","7":"property_location-espagne","8":"property_location-ibiza","10":"first","11":"instock","12":"sold-individually","13":"shipping-taxable","14":"purchasable","15":"product-type-simple"},"acf":[],"yoast_head":"<!-- This site is optimized with the Yoast SEO plugin v26.6 - https:\/\/yoast.com\/wordpress\/plugins\/seo\/ -->\n<title>Villa Sia, Ibiza, \u00cele Bal\u00e9ares, Espagne - S\u00e9jour Priv\u00e9<\/title>\n<meta name=\"description\" content=\"La Villa Sia est situ\u00e9e \u00e0 Sant Josep, \u00e0 seulement 10 minutes de la ville d&#039;Ibiza et de certains des meilleurs clubs de plage de l&#039;\u00eele, tels que El\" \/>\n<meta name=\"robots\" content=\"index, follow, max-snippet:-1, max-image-preview:large, max-video-preview:-1\" \/>\n<link rel=\"canonical\" href=\"https:\/\/www.sejourprive.com\/en\/biens\/villa-sia-ibiza-ile-baleares-espagne\/\" \/>\n<meta property=\"og:locale\" content=\"en_GB\" \/>\n<meta property=\"og:type\" content=\"article\" \/>\n<meta property=\"og:title\" content=\"Villa Sia, Ibiza, \u00cele Bal\u00e9ares, Espagne - S\u00e9jour Priv\u00e9\" \/>\n<meta property=\"og:description\" content=\"La Villa Sia est situ\u00e9e \u00e0 Sant Josep, \u00e0 seulement 10 minutes de la ville d&#039;Ibiza et de certains des meilleurs clubs de plage de l&#039;\u00eele, tels que El\" \/>\n<meta property=\"og:url\" content=\"https:\/\/www.sejourprive.com\/en\/biens\/villa-sia-ibiza-ile-baleares-espagne\/\" \/>\n<meta property=\"og:site_name\" content=\"S\u00e9jour Priv\u00e9\" \/>\n<meta property=\"og:image\" content=\"https:\/\/www.sejourprive.com\/wp-content\/uploads\/2026\/02\/1-34.webp\" \/>\n\t<meta property=\"og:image:width\" content=\"1616\" \/>\n\t<meta property=\"og:image:height\" content=\"644\" \/>\n\t<meta property=\"og:image:type\" content=\"image\/webp\" \/>\n<meta name=\"twitter:card\" content=\"summary_large_image\" \/>\n<meta name=\"twitter:label1\" content=\"Estimated reading time\" \/>\n\t<meta name=\"twitter:data1\" content=\"2 minutes\" \/>\n<script type=\"application\/ld+json\" class=\"yoast-schema-graph\">{\"@context\":\"https:\/\/schema.org\",\"@graph\":[{\"@type\":\"WebPage\",\"@id\":\"https:\/\/www.sejourprive.com\/biens\/villa-sia-ibiza-ile-baleares-espagne\/\",\"url\":\"https:\/\/www.sejourprive.com\/biens\/villa-sia-ibiza-ile-baleares-espagne\/\",\"name\":\"Villa Sia, Ibiza, \u00cele Bal\u00e9ares, Espagne - S\u00e9jour Priv\u00e9\",\"isPartOf\":{\"@id\":\"https:\/\/www.sejourprive.com\/#website\"},\"primaryImageOfPage\":{\"@id\":\"https:\/\/www.sejourprive.com\/biens\/villa-sia-ibiza-ile-baleares-espagne\/#primaryimage\"},\"image\":{\"@id\":\"https:\/\/www.sejourprive.com\/biens\/villa-sia-ibiza-ile-baleares-espagne\/#primaryimage\"},\"thumbnailUrl\":\"https:\/\/www.sejourprive.com\/wp-content\/uploads\/2026\/02\/1-34.webp\",\"datePublished\":\"2026-02-22T10:58:41+00:00\",\"description\":\"La Villa Sia est situ\u00e9e \u00e0 Sant Josep, \u00e0 seulement 10 minutes de la ville d'Ibiza et de certains des meilleurs clubs de plage de l'\u00eele, tels que El\",\"breadcrumb\":{\"@id\":\"https:\/\/www.sejourprive.com\/biens\/villa-sia-ibiza-ile-baleares-espagne\/#breadcrumb\"},\"inLanguage\":\"en-GB\",\"potentialAction\":[{\"@type\":\"ReadAction\",\"target\":[\"https:\/\/www.sejourprive.com\/biens\/villa-sia-ibiza-ile-baleares-espagne\/\"]}]},{\"@type\":\"ImageObject\",\"inLanguage\":\"en-GB\",\"@id\":\"https:\/\/www.sejourprive.com\/biens\/villa-sia-ibiza-ile-baleares-espagne\/#primaryimage\",\"url\":\"https:\/\/www.sejourprive.com\/wp-content\/uploads\/2026\/02\/1-34.webp\",\"contentUrl\":\"https:\/\/www.sejourprive.com\/wp-content\/uploads\/2026\/02\/1-34.webp\",\"width\":1616,\"height\":644},{\"@type\":\"BreadcrumbList\",\"@id\":\"https:\/\/www.sejourprive.com\/biens\/villa-sia-ibiza-ile-baleares-espagne\/#breadcrumb\",\"itemListElement\":[{\"@type\":\"ListItem\",\"position\":1,\"name\":\"Accueil\",\"item\":\"https:\/\/www.sejourprive.com\/\"},{\"@type\":\"ListItem\",\"position\":2,\"name\":\"Shop\",\"item\":\"https:\/\/www.sejourprive.com\/shop\/\"},{\"@type\":\"ListItem\",\"position\":3,\"name\":\"Villa Sia, Ibiza, \u00cele Bal\u00e9ares, Espagne\"}]},{\"@type\":\"WebSite\",\"@id\":\"https:\/\/www.sejourprive.com\/#website\",\"url\":\"https:\/\/www.sejourprive.com\/\",\"name\":\"S\u00e9jour Priv\u00e9\",\"description\":\"Nous imaginons pour vous des s\u00e9jours d\u2019exception.\",\"publisher\":{\"@id\":\"https:\/\/www.sejourprive.com\/#organization\"},\"potentialAction\":[{\"@type\":\"SearchAction\",\"target\":{\"@type\":\"EntryPoint\",\"urlTemplate\":\"https:\/\/www.sejourprive.com\/?s={search_term_string}\"},\"query-input\":{\"@type\":\"PropertyValueSpecification\",\"valueRequired\":true,\"valueName\":\"search_term_string\"}}],\"inLanguage\":\"en-GB\"},{\"@type\":\"Organization\",\"@id\":\"https:\/\/www.sejourprive.com\/#organization\",\"name\":\"S\u00e9jour Priv\u00e9\",\"url\":\"https:\/\/www.sejourprive.com\/\",\"logo\":{\"@type\":\"ImageObject\",\"inLanguage\":\"en-GB\",\"@id\":\"https:\/\/www.sejourprive.com\/#\/schema\/logo\/image\/\",\"url\":\"https:\/\/www.sejourprive.com\/wp-content\/uploads\/2026\/02\/SP-Apple-touch-144-couleur-1-2.png\",\"contentUrl\":\"https:\/\/www.sejourprive.com\/wp-content\/uploads\/2026\/02\/SP-Apple-touch-144-couleur-1-2.png\",\"width\":145,\"height\":145,\"caption\":\"S\u00e9jour Priv\u00e9\"},\"image\":{\"@id\":\"https:\/\/www.sejourprive.com\/#\/schema\/logo\/image\/\"}}]}<\/script>\n<!-- \/ Yoast SEO plugin. -->","yoast_head_json":{"title":"Villa Sia, Ibiza, \u00cele Bal\u00e9ares, Espagne - S\u00e9jour Priv\u00e9","description":"La Villa Sia est situ\u00e9e \u00e0 Sant Josep, \u00e0 seulement 10 minutes de la ville d'Ibiza et de certains des meilleurs clubs de plage de l'\u00eele, tels que El","robots":{"index":"index","follow":"follow","max-snippet":"max-snippet:-1","max-image-preview":"max-image-preview:large","max-video-preview":"max-video-preview:-1"},"canonical":"https:\/\/www.sejourprive.com\/en\/biens\/villa-sia-ibiza-ile-baleares-espagne\/","og_locale":"en_GB","og_type":"article","og_title":"Villa Sia, Ibiza, \u00cele Bal\u00e9ares, Espagne - S\u00e9jour Priv\u00e9","og_description":"La Villa Sia est situ\u00e9e \u00e0 Sant Josep, \u00e0 seulement 10 minutes de la ville d'Ibiza et de certains des meilleurs clubs de plage de l'\u00eele, tels que El","og_url":"https:\/\/www.sejourprive.com\/en\/biens\/villa-sia-ibiza-ile-baleares-espagne\/","og_site_name":"S\u00e9jour Priv\u00e9","og_image":[{"width":1616,"height":644,"url":"https:\/\/www.sejourprive.com\/wp-content\/uploads\/2026\/02\/1-34.webp","type":"image\/webp"}],"twitter_card":"summary_large_image","twitter_misc":{"Estimated reading time":"2 minutes"},"schema":{"@context":"https:\/\/schema.org","@graph":[{"@type":"WebPage","@id":"https:\/\/www.sejourprive.com\/biens\/villa-sia-ibiza-ile-baleares-espagne\/","url":"https:\/\/www.sejourprive.com\/biens\/villa-sia-ibiza-ile-baleares-espagne\/","name":"Villa Sia, Ibiza, \u00cele Bal\u00e9ares, Espagne - S\u00e9jour Priv\u00e9","isPartOf":{"@id":"https:\/\/www.sejourprive.com\/#website"},"primaryImageOfPage":{"@id":"https:\/\/www.sejourprive.com\/biens\/villa-sia-ibiza-ile-baleares-espagne\/#primaryimage"},"image":{"@id":"https:\/\/www.sejourprive.com\/biens\/villa-sia-ibiza-ile-baleares-espagne\/#primaryimage"},"thumbnailUrl":"https:\/\/www.sejourprive.com\/wp-content\/uploads\/2026\/02\/1-34.webp","datePublished":"2026-02-22T10:58:41+00:00","description":"La Villa Sia est situ\u00e9e \u00e0 Sant Josep, \u00e0 seulement 10 minutes de la ville d'Ibiza et de certains des meilleurs clubs de plage de l'\u00eele, tels que El","breadcrumb":{"@id":"https:\/\/www.sejourprive.com\/biens\/villa-sia-ibiza-ile-baleares-espagne\/#breadcrumb"},"inLanguage":"en-GB","potentialAction":[{"@type":"ReadAction","target":["https:\/\/www.sejourprive.com\/biens\/villa-sia-ibiza-ile-baleares-espagne\/"]}]},{"@type":"ImageObject","inLanguage":"en-GB","@id":"https:\/\/www.sejourprive.com\/biens\/villa-sia-ibiza-ile-baleares-espagne\/#primaryimage","url":"https:\/\/www.sejourprive.com\/wp-content\/uploads\/2026\/02\/1-34.webp","contentUrl":"https:\/\/www.sejourprive.com\/wp-content\/uploads\/2026\/02\/1-34.webp","width":1616,"height":644},{"@type":"BreadcrumbList","@id":"https:\/\/www.sejourprive.com\/biens\/villa-sia-ibiza-ile-baleares-espagne\/#breadcrumb","itemListElement":[{"@type":"ListItem","position":1,"name":"Accueil","item":"https:\/\/www.sejourprive.com\/"},{"@type":"ListItem","position":2,"name":"Shop","item":"https:\/\/www.sejourprive.com\/shop\/"},{"@type":"ListItem","position":3,"name":"Villa Sia, Ibiza, \u00cele Bal\u00e9ares, Espagne"}]},{"@type":"WebSite","@id":"https:\/\/www.sejourprive.com\/#website","url":"https:\/\/www.sejourprive.com\/","name":"Private Stay","description":"We design exceptional holidays for you.","publisher":{"@id":"https:\/\/www.sejourprive.com\/#organization"},"potentialAction":[{"@type":"SearchAction","target":{"@type":"EntryPoint","urlTemplate":"https:\/\/www.sejourprive.com\/?s={search_term_string}"},"query-input":{"@type":"PropertyValueSpecification","valueRequired":true,"valueName":"search_term_string"}}],"inLanguage":"en-GB"},{"@type":"Organization","@id":"https:\/\/www.sejourprive.com\/#organization","name":"Private Stay","url":"https:\/\/www.sejourprive.com\/","logo":{"@type":"ImageObject","inLanguage":"en-GB","@id":"https:\/\/www.sejourprive.com\/#\/schema\/logo\/image\/","url":"https:\/\/www.sejourprive.com\/wp-content\/uploads\/2026\/02\/SP-Apple-touch-144-couleur-1-2.png","contentUrl":"https:\/\/www.sejourprive.com\/wp-content\/uploads\/2026\/02\/SP-Apple-touch-144-couleur-1-2.png","width":145,"height":145,"caption":"S\u00e9jour Priv\u00e9"},"image":{"@id":"https:\/\/www.sejourprive.com\/#\/schema\/logo\/image\/"}}]}},"_links":{"self":[{"href":"https:\/\/www.sejourprive.com\/en\/wp-json\/wp\/v2\/product\/35514","targetHints":{"allow":["GET"]}}],"collection":[{"href":"https:\/\/www.sejourprive.com\/en\/wp-json\/wp\/v2\/product"}],"about":[{"href":"https:\/\/www.sejourprive.com\/en\/wp-json\/wp\/v2\/types\/product"}],"replies":[{"embeddable":true,"href":"https:\/\/www.sejourprive.com\/en\/wp-json\/wp\/v2\/comments?post=35514"}],"version-history":[{"count":0,"href":"https:\/\/www.sejourprive.com\/en\/wp-json\/wp\/v2\/product\/35514\/revisions"}],"wp:featuredmedia":[{"embeddable":true,"href":"https:\/\/www.sejourprive.com\/en\/wp-json\/wp\/v2\/media\/35516"}],"wp:attachment":[{"href":"https:\/\/www.sejourprive.com\/en\/wp-json\/wp\/v2\/media?parent=35514"}],"wp:term":[{"taxonomy":"product_brand","embeddable":true,"href":"https:\/\/www.sejourprive.com\/en\/wp-json\/wp\/v2\/product_brand?post=35514"},{"taxonomy":"product_cat","embeddable":true,"href":"https:\/\/www.sejourprive.com\/en\/wp-json\/wp\/v2\/product_cat?post=35514"},{"taxonomy":"product_tag","embeddable":true,"href":"https:\/\/www.sejourprive.com\/en\/wp-json\/wp\/v2\/product_tag?post=35514"}],"curies":[{"name":"wp","href":"https:\/\/api.w.org\/{rel}","templated":true}]}}