{"id":33772,"date":"2026-02-20T09:49:47","date_gmt":"2026-02-20T08:49:47","guid":{"rendered":"https:\/\/www.sejourprive.com\/?post_type=product&#038;p=33772"},"modified":"2026-02-20T09:49:47","modified_gmt":"2026-02-20T08:49:47","slug":"villa-blue-ibiza-ile-baleares-espagne","status":"publish","type":"product","link":"https:\/\/www.sejourprive.com\/en\/biens\/villa-blue-ibiza-ile-baleares-espagne\/","title":{"rendered":"Villa Blue, Ibiza, Balearic Islands, Spain"},"content":{"rendered":"<p>Villa Blue is surrounded by a magnificent Mediterranean garden planted with pine and cypress trees, which set off the house's dazzling whiteness and clean lines. Inside, cream tones create a soft, soothing ambience. This discreet palette works perfectly with the beige tones of the American bar and the black wall above it. The furniture is both simple and elegant, creating a fluid flow through the spaces.<br \/>\n<span><div class=\"read-more-wrapper\"><a class=\"read-more-button\" data-target=\"read-more-69fefc91e4583\" data-more-text=\"Read more\" data-less-text=\"Read less\"><span class=\"read-more-text\">Read more<\/span><\/a><div id=\"read-more-69fefc91e4583\" class=\"read-more-content\"> <\/span><br \/>\nDans l\u2019une des chambres, un grand lit fonc\u00e9 tr\u00f4ne au centre de la pi\u00e8ce, face aux baies vitr\u00e9es. Des lampes modernes transparentes compl\u00e8tent le style, tandis que le reste de la d\u00e9coration s\u2019inspire de la nature avec des tableaux bleu marine, des orchid\u00e9es et un petit palmier \u2013 pour une touche r\u00e9solument contemporaine.<\/p>\n<p>Depuis la v\u00e9randa, admirez la vue panoramique sur la mer, les montagnes et la campagne environnante. Aux heures les plus chaudes, rafra\u00eechissez-vous dans la piscine, \u00e0 l\u2019ombre de la v\u00e9g\u00e9tation luxuriante. Pour l\u2019un des plus beaux couchers de soleil d\u2019Ibiza, rendez-vous \u00e0 Cala Benirr\u00e1s et laissez-vous \u00e9merveiller par les rayons dor\u00e9s qui disparaissent derri\u00e8re les falaises. Terminez la journ\u00e9e \u00e0 la Villa Blue avec un d\u00e9licieux d\u00eener pr\u00e9par\u00e9 par votre chef priv\u00e9.<\/div><\/div><\/p>","protected":false},"excerpt":{"rendered":"<p>La Villa Blue est entour\u00e9e d\u2019un magnifique jardin m\u00e9diterran\u00e9en plant\u00e9 de pins et de cypr\u00e8s, qui mettent en valeur la&#8230;<\/p>","protected":false},"featured_media":33886,"comment_status":"open","ping_status":"closed","template":"","meta":{"_acf_changed":false},"product_brand":[],"product_cat":[15],"product_tag":[],"class_list":{"0":"post-33772","1":"product","2":"type-product","3":"status-publish","4":"has-post-thumbnail","6":"product_cat-villa","7":"property_location-espagne","8":"property_location-ibiza","10":"first","11":"instock","12":"sold-individually","13":"shipping-taxable","14":"purchasable","15":"product-type-simple"},"acf":[],"yoast_head":"<!-- This site is optimized with the Yoast SEO plugin v26.6 - https:\/\/yoast.com\/wordpress\/plugins\/seo\/ -->\n<title>Villa Blue, Ibiza, \u00cele Bal\u00e9ares, Espagne - S\u00e9jour Priv\u00e9<\/title>\n<meta name=\"description\" content=\"La Villa Blue est entour\u00e9e d\u2019un magnifique jardin m\u00e9diterran\u00e9en plant\u00e9 de pins et de cypr\u00e8s, qui mettent en valeur la blancheur \u00e9clatante et les lignes\" \/>\n<meta name=\"robots\" content=\"index, follow, max-snippet:-1, max-image-preview:large, max-video-preview:-1\" \/>\n<link rel=\"canonical\" href=\"https:\/\/www.sejourprive.com\/en\/biens\/villa-blue-ibiza-ile-baleares-espagne\/\" \/>\n<meta property=\"og:locale\" content=\"en_GB\" \/>\n<meta property=\"og:type\" content=\"article\" \/>\n<meta property=\"og:title\" content=\"Villa Blue, Ibiza, \u00cele Bal\u00e9ares, Espagne - S\u00e9jour Priv\u00e9\" \/>\n<meta property=\"og:description\" content=\"La Villa Blue est entour\u00e9e d\u2019un magnifique jardin m\u00e9diterran\u00e9en plant\u00e9 de pins et de cypr\u00e8s, qui mettent en valeur la blancheur \u00e9clatante et les lignes\" \/>\n<meta property=\"og:url\" content=\"https:\/\/www.sejourprive.com\/en\/biens\/villa-blue-ibiza-ile-baleares-espagne\/\" \/>\n<meta property=\"og:site_name\" content=\"S\u00e9jour Priv\u00e9\" \/>\n<meta property=\"og:image\" content=\"https:\/\/www.sejourprive.com\/wp-content\/uploads\/2026\/02\/1-22.webp\" \/>\n\t<meta property=\"og:image:width\" content=\"1588\" \/>\n\t<meta property=\"og:image:height\" content=\"1058\" \/>\n\t<meta property=\"og:image:type\" content=\"image\/webp\" \/>\n<meta name=\"twitter:card\" content=\"summary_large_image\" \/>\n<meta name=\"twitter:label1\" content=\"Estimated reading time\" \/>\n\t<meta name=\"twitter:data1\" content=\"2 minutes\" \/>\n<script type=\"application\/ld+json\" class=\"yoast-schema-graph\">{\"@context\":\"https:\/\/schema.org\",\"@graph\":[{\"@type\":\"WebPage\",\"@id\":\"https:\/\/www.sejourprive.com\/biens\/villa-blue-ibiza-ile-baleares-espagne\/\",\"url\":\"https:\/\/www.sejourprive.com\/biens\/villa-blue-ibiza-ile-baleares-espagne\/\",\"name\":\"Villa Blue, Ibiza, \u00cele Bal\u00e9ares, Espagne - S\u00e9jour Priv\u00e9\",\"isPartOf\":{\"@id\":\"https:\/\/www.sejourprive.com\/#website\"},\"primaryImageOfPage\":{\"@id\":\"https:\/\/www.sejourprive.com\/biens\/villa-blue-ibiza-ile-baleares-espagne\/#primaryimage\"},\"image\":{\"@id\":\"https:\/\/www.sejourprive.com\/biens\/villa-blue-ibiza-ile-baleares-espagne\/#primaryimage\"},\"thumbnailUrl\":\"https:\/\/www.sejourprive.com\/wp-content\/uploads\/2026\/02\/1-22.webp\",\"datePublished\":\"2026-02-20T08:49:47+00:00\",\"description\":\"La Villa Blue est entour\u00e9e d\u2019un magnifique jardin m\u00e9diterran\u00e9en plant\u00e9 de pins et de cypr\u00e8s, qui mettent en valeur la blancheur \u00e9clatante et les lignes\",\"breadcrumb\":{\"@id\":\"https:\/\/www.sejourprive.com\/biens\/villa-blue-ibiza-ile-baleares-espagne\/#breadcrumb\"},\"inLanguage\":\"en-GB\",\"potentialAction\":[{\"@type\":\"ReadAction\",\"target\":[\"https:\/\/www.sejourprive.com\/biens\/villa-blue-ibiza-ile-baleares-espagne\/\"]}]},{\"@type\":\"ImageObject\",\"inLanguage\":\"en-GB\",\"@id\":\"https:\/\/www.sejourprive.com\/biens\/villa-blue-ibiza-ile-baleares-espagne\/#primaryimage\",\"url\":\"https:\/\/www.sejourprive.com\/wp-content\/uploads\/2026\/02\/1-22.webp\",\"contentUrl\":\"https:\/\/www.sejourprive.com\/wp-content\/uploads\/2026\/02\/1-22.webp\",\"width\":1588,\"height\":1058},{\"@type\":\"BreadcrumbList\",\"@id\":\"https:\/\/www.sejourprive.com\/biens\/villa-blue-ibiza-ile-baleares-espagne\/#breadcrumb\",\"itemListElement\":[{\"@type\":\"ListItem\",\"position\":1,\"name\":\"Accueil\",\"item\":\"https:\/\/www.sejourprive.com\/\"},{\"@type\":\"ListItem\",\"position\":2,\"name\":\"Shop\",\"item\":\"https:\/\/www.sejourprive.com\/shop\/\"},{\"@type\":\"ListItem\",\"position\":3,\"name\":\"Villa Blue, Ibiza, \u00cele Bal\u00e9ares, Espagne\"}]},{\"@type\":\"WebSite\",\"@id\":\"https:\/\/www.sejourprive.com\/#website\",\"url\":\"https:\/\/www.sejourprive.com\/\",\"name\":\"S\u00e9jour Priv\u00e9\",\"description\":\"Nous imaginons pour vous des s\u00e9jours d\u2019exception.\",\"publisher\":{\"@id\":\"https:\/\/www.sejourprive.com\/#organization\"},\"potentialAction\":[{\"@type\":\"SearchAction\",\"target\":{\"@type\":\"EntryPoint\",\"urlTemplate\":\"https:\/\/www.sejourprive.com\/?s={search_term_string}\"},\"query-input\":{\"@type\":\"PropertyValueSpecification\",\"valueRequired\":true,\"valueName\":\"search_term_string\"}}],\"inLanguage\":\"en-GB\"},{\"@type\":\"Organization\",\"@id\":\"https:\/\/www.sejourprive.com\/#organization\",\"name\":\"S\u00e9jour Priv\u00e9\",\"url\":\"https:\/\/www.sejourprive.com\/\",\"logo\":{\"@type\":\"ImageObject\",\"inLanguage\":\"en-GB\",\"@id\":\"https:\/\/www.sejourprive.com\/#\/schema\/logo\/image\/\",\"url\":\"https:\/\/www.sejourprive.com\/wp-content\/uploads\/2026\/02\/SP-Apple-touch-144-couleur-1-2.png\",\"contentUrl\":\"https:\/\/www.sejourprive.com\/wp-content\/uploads\/2026\/02\/SP-Apple-touch-144-couleur-1-2.png\",\"width\":145,\"height\":145,\"caption\":\"S\u00e9jour Priv\u00e9\"},\"image\":{\"@id\":\"https:\/\/www.sejourprive.com\/#\/schema\/logo\/image\/\"}}]}<\/script>\n<!-- \/ Yoast SEO plugin. -->","yoast_head_json":{"title":"Villa Blue, Ibiza, \u00cele Bal\u00e9ares, Espagne - S\u00e9jour Priv\u00e9","description":"La Villa Blue est entour\u00e9e d\u2019un magnifique jardin m\u00e9diterran\u00e9en plant\u00e9 de pins et de cypr\u00e8s, qui mettent en valeur la blancheur \u00e9clatante et les lignes","robots":{"index":"index","follow":"follow","max-snippet":"max-snippet:-1","max-image-preview":"max-image-preview:large","max-video-preview":"max-video-preview:-1"},"canonical":"https:\/\/www.sejourprive.com\/en\/biens\/villa-blue-ibiza-ile-baleares-espagne\/","og_locale":"en_GB","og_type":"article","og_title":"Villa Blue, Ibiza, \u00cele Bal\u00e9ares, Espagne - S\u00e9jour Priv\u00e9","og_description":"La Villa Blue est entour\u00e9e d\u2019un magnifique jardin m\u00e9diterran\u00e9en plant\u00e9 de pins et de cypr\u00e8s, qui mettent en valeur la blancheur \u00e9clatante et les lignes","og_url":"https:\/\/www.sejourprive.com\/en\/biens\/villa-blue-ibiza-ile-baleares-espagne\/","og_site_name":"S\u00e9jour Priv\u00e9","og_image":[{"width":1588,"height":1058,"url":"https:\/\/www.sejourprive.com\/wp-content\/uploads\/2026\/02\/1-22.webp","type":"image\/webp"}],"twitter_card":"summary_large_image","twitter_misc":{"Estimated reading time":"2 minutes"},"schema":{"@context":"https:\/\/schema.org","@graph":[{"@type":"WebPage","@id":"https:\/\/www.sejourprive.com\/biens\/villa-blue-ibiza-ile-baleares-espagne\/","url":"https:\/\/www.sejourprive.com\/biens\/villa-blue-ibiza-ile-baleares-espagne\/","name":"Villa Blue, Ibiza, \u00cele Bal\u00e9ares, Espagne - S\u00e9jour Priv\u00e9","isPartOf":{"@id":"https:\/\/www.sejourprive.com\/#website"},"primaryImageOfPage":{"@id":"https:\/\/www.sejourprive.com\/biens\/villa-blue-ibiza-ile-baleares-espagne\/#primaryimage"},"image":{"@id":"https:\/\/www.sejourprive.com\/biens\/villa-blue-ibiza-ile-baleares-espagne\/#primaryimage"},"thumbnailUrl":"https:\/\/www.sejourprive.com\/wp-content\/uploads\/2026\/02\/1-22.webp","datePublished":"2026-02-20T08:49:47+00:00","description":"La Villa Blue est entour\u00e9e d\u2019un magnifique jardin m\u00e9diterran\u00e9en plant\u00e9 de pins et de cypr\u00e8s, qui mettent en valeur la blancheur \u00e9clatante et les lignes","breadcrumb":{"@id":"https:\/\/www.sejourprive.com\/biens\/villa-blue-ibiza-ile-baleares-espagne\/#breadcrumb"},"inLanguage":"en-GB","potentialAction":[{"@type":"ReadAction","target":["https:\/\/www.sejourprive.com\/biens\/villa-blue-ibiza-ile-baleares-espagne\/"]}]},{"@type":"ImageObject","inLanguage":"en-GB","@id":"https:\/\/www.sejourprive.com\/biens\/villa-blue-ibiza-ile-baleares-espagne\/#primaryimage","url":"https:\/\/www.sejourprive.com\/wp-content\/uploads\/2026\/02\/1-22.webp","contentUrl":"https:\/\/www.sejourprive.com\/wp-content\/uploads\/2026\/02\/1-22.webp","width":1588,"height":1058},{"@type":"BreadcrumbList","@id":"https:\/\/www.sejourprive.com\/biens\/villa-blue-ibiza-ile-baleares-espagne\/#breadcrumb","itemListElement":[{"@type":"ListItem","position":1,"name":"Accueil","item":"https:\/\/www.sejourprive.com\/"},{"@type":"ListItem","position":2,"name":"Shop","item":"https:\/\/www.sejourprive.com\/shop\/"},{"@type":"ListItem","position":3,"name":"Villa Blue, Ibiza, \u00cele Bal\u00e9ares, Espagne"}]},{"@type":"WebSite","@id":"https:\/\/www.sejourprive.com\/#website","url":"https:\/\/www.sejourprive.com\/","name":"Private Stay","description":"We design exceptional holidays for you.","publisher":{"@id":"https:\/\/www.sejourprive.com\/#organization"},"potentialAction":[{"@type":"SearchAction","target":{"@type":"EntryPoint","urlTemplate":"https:\/\/www.sejourprive.com\/?s={search_term_string}"},"query-input":{"@type":"PropertyValueSpecification","valueRequired":true,"valueName":"search_term_string"}}],"inLanguage":"en-GB"},{"@type":"Organization","@id":"https:\/\/www.sejourprive.com\/#organization","name":"Private Stay","url":"https:\/\/www.sejourprive.com\/","logo":{"@type":"ImageObject","inLanguage":"en-GB","@id":"https:\/\/www.sejourprive.com\/#\/schema\/logo\/image\/","url":"https:\/\/www.sejourprive.com\/wp-content\/uploads\/2026\/02\/SP-Apple-touch-144-couleur-1-2.png","contentUrl":"https:\/\/www.sejourprive.com\/wp-content\/uploads\/2026\/02\/SP-Apple-touch-144-couleur-1-2.png","width":145,"height":145,"caption":"S\u00e9jour Priv\u00e9"},"image":{"@id":"https:\/\/www.sejourprive.com\/#\/schema\/logo\/image\/"}}]}},"_links":{"self":[{"href":"https:\/\/www.sejourprive.com\/en\/wp-json\/wp\/v2\/product\/33772","targetHints":{"allow":["GET"]}}],"collection":[{"href":"https:\/\/www.sejourprive.com\/en\/wp-json\/wp\/v2\/product"}],"about":[{"href":"https:\/\/www.sejourprive.com\/en\/wp-json\/wp\/v2\/types\/product"}],"replies":[{"embeddable":true,"href":"https:\/\/www.sejourprive.com\/en\/wp-json\/wp\/v2\/comments?post=33772"}],"version-history":[{"count":0,"href":"https:\/\/www.sejourprive.com\/en\/wp-json\/wp\/v2\/product\/33772\/revisions"}],"wp:featuredmedia":[{"embeddable":true,"href":"https:\/\/www.sejourprive.com\/en\/wp-json\/wp\/v2\/media\/33886"}],"wp:attachment":[{"href":"https:\/\/www.sejourprive.com\/en\/wp-json\/wp\/v2\/media?parent=33772"}],"wp:term":[{"taxonomy":"product_brand","embeddable":true,"href":"https:\/\/www.sejourprive.com\/en\/wp-json\/wp\/v2\/product_brand?post=33772"},{"taxonomy":"product_cat","embeddable":true,"href":"https:\/\/www.sejourprive.com\/en\/wp-json\/wp\/v2\/product_cat?post=33772"},{"taxonomy":"product_tag","embeddable":true,"href":"https:\/\/www.sejourprive.com\/en\/wp-json\/wp\/v2\/product_tag?post=33772"}],"curies":[{"name":"wp","href":"https:\/\/api.w.org\/{rel}","templated":true}]}}