{"id":31475,"date":"2026-02-18T14:59:02","date_gmt":"2026-02-18T13:59:02","guid":{"rendered":"https:\/\/www.sejourprive.com\/?post_type=product&#038;p=31475"},"modified":"2026-02-18T15:00:08","modified_gmt":"2026-02-18T14:00:08","slug":"villa-azurea-la-croix-valmer-cote-dazur-france","status":"publish","type":"product","link":"https:\/\/www.sejourprive.com\/en\/biens\/villa-azurea-la-croix-valmer-cote-dazur-france\/","title":{"rendered":"Villa Azurea, La Croix-Valmer, C\u00f4te d'Azur, France"},"content":{"rendered":"<p>Ideally located in the hills of La Croix-Valmer, this property is a contemporary masterpiece that combines modern comfort with Provencal charm. It offers bright living spaces that open onto vast terraces, providing a sophisticated sanctuary with stunning views of the Mediterranean.<\/p>\n<p><span><div class=\"read-more-wrapper\"><a class=\"read-more-button\" data-target=\"read-more-69ff08eb85172\" data-more-text=\"Read more\" data-less-text=\"Read less\"><span class=\"read-more-text\">Read more<\/span><\/a><div id=\"read-more-69ff08eb85172\" class=\"read-more-content\"> <\/span>Start the day by taking advantage of the nearby beach for a morning swim or a leisurely stroll along the shore, before returning for a workout in the well-equipped gym. In the afternoon, relax by the heated pool or play a game of p\u00e9tane with friends, enjoying the serene atmosphere of the French C\u00f4te d'Azur. As night falls, gather in the elegant interior for an intimate dinner while admiring the sunset over the sea.<\/div><\/div><\/p>","protected":false},"excerpt":{"rendered":"<p>Id\u00e9alement situ\u00e9e dans les collines de La Croix-Valmer, cette propri\u00e9t\u00e9 est un chef-d\u2019\u0153uvre contemporain qui allie confort moderne et charme&#8230;<\/p>","protected":false},"featured_media":31899,"comment_status":"open","ping_status":"closed","template":"","meta":{"_acf_changed":false},"product_brand":[],"product_cat":[15],"product_tag":[],"class_list":{"0":"post-31475","1":"product","2":"type-product","3":"status-publish","4":"has-post-thumbnail","6":"product_cat-villa","7":"property_location-france","8":"property_location-saint-tropez-et-alentours","10":"first","11":"instock","12":"sold-individually","13":"shipping-taxable","14":"purchasable","15":"product-type-simple"},"acf":[],"yoast_head":"<!-- This site is optimized with the Yoast SEO plugin v26.6 - https:\/\/yoast.com\/wordpress\/plugins\/seo\/ -->\n<title>Villa Azurea, La Croix-Valmer, C\u00f4te d&#039;Azur, France - S\u00e9jour Priv\u00e9<\/title>\n<meta name=\"description\" content=\"Id\u00e9alement situ\u00e9e dans les collines de La Croix-Valmer, cette propri\u00e9t\u00e9 est un chef-d\u2019\u0153uvre contemporain qui allie confort moderne et charme proven\u00e7al. Il\" \/>\n<meta name=\"robots\" content=\"index, follow, max-snippet:-1, max-image-preview:large, max-video-preview:-1\" \/>\n<link rel=\"canonical\" href=\"https:\/\/www.sejourprive.com\/en\/biens\/villa-azurea-la-croix-valmer-cote-dazur-france\/\" \/>\n<meta property=\"og:locale\" content=\"en_GB\" \/>\n<meta property=\"og:type\" content=\"article\" \/>\n<meta property=\"og:title\" content=\"Villa Azurea, La Croix-Valmer, C\u00f4te d&#039;Azur, France - S\u00e9jour Priv\u00e9\" \/>\n<meta property=\"og:description\" content=\"Id\u00e9alement situ\u00e9e dans les collines de La Croix-Valmer, cette propri\u00e9t\u00e9 est un chef-d\u2019\u0153uvre contemporain qui allie confort moderne et charme proven\u00e7al. Il\" \/>\n<meta property=\"og:url\" content=\"https:\/\/www.sejourprive.com\/en\/biens\/villa-azurea-la-croix-valmer-cote-dazur-france\/\" \/>\n<meta property=\"og:site_name\" content=\"S\u00e9jour Priv\u00e9\" \/>\n<meta property=\"article:modified_time\" content=\"2026-02-18T14:00:08+00:00\" \/>\n<meta property=\"og:image\" content=\"https:\/\/www.sejourprive.com\/wp-content\/uploads\/2026\/02\/25-58.jpg\" \/>\n\t<meta property=\"og:image:width\" content=\"1200\" \/>\n\t<meta property=\"og:image:height\" content=\"676\" \/>\n\t<meta property=\"og:image:type\" content=\"image\/jpeg\" \/>\n<meta name=\"twitter:card\" content=\"summary_large_image\" \/>\n<meta name=\"twitter:label1\" content=\"Estimated reading time\" \/>\n\t<meta name=\"twitter:data1\" content=\"1 minute\" \/>\n<script type=\"application\/ld+json\" class=\"yoast-schema-graph\">{\"@context\":\"https:\/\/schema.org\",\"@graph\":[{\"@type\":\"WebPage\",\"@id\":\"https:\/\/www.sejourprive.com\/biens\/villa-azurea-la-croix-valmer-cote-dazur-france\/\",\"url\":\"https:\/\/www.sejourprive.com\/biens\/villa-azurea-la-croix-valmer-cote-dazur-france\/\",\"name\":\"Villa Azurea, La Croix-Valmer, C\u00f4te d'Azur, France - S\u00e9jour Priv\u00e9\",\"isPartOf\":{\"@id\":\"https:\/\/www.sejourprive.com\/#website\"},\"primaryImageOfPage\":{\"@id\":\"https:\/\/www.sejourprive.com\/biens\/villa-azurea-la-croix-valmer-cote-dazur-france\/#primaryimage\"},\"image\":{\"@id\":\"https:\/\/www.sejourprive.com\/biens\/villa-azurea-la-croix-valmer-cote-dazur-france\/#primaryimage\"},\"thumbnailUrl\":\"https:\/\/www.sejourprive.com\/wp-content\/uploads\/2026\/02\/25-58.jpg\",\"datePublished\":\"2026-02-18T13:59:02+00:00\",\"dateModified\":\"2026-02-18T14:00:08+00:00\",\"description\":\"Id\u00e9alement situ\u00e9e dans les collines de La Croix-Valmer, cette propri\u00e9t\u00e9 est un chef-d\u2019\u0153uvre contemporain qui allie confort moderne et charme proven\u00e7al. Il\",\"breadcrumb\":{\"@id\":\"https:\/\/www.sejourprive.com\/biens\/villa-azurea-la-croix-valmer-cote-dazur-france\/#breadcrumb\"},\"inLanguage\":\"en-GB\",\"potentialAction\":[{\"@type\":\"ReadAction\",\"target\":[\"https:\/\/www.sejourprive.com\/biens\/villa-azurea-la-croix-valmer-cote-dazur-france\/\"]}]},{\"@type\":\"ImageObject\",\"inLanguage\":\"en-GB\",\"@id\":\"https:\/\/www.sejourprive.com\/biens\/villa-azurea-la-croix-valmer-cote-dazur-france\/#primaryimage\",\"url\":\"https:\/\/www.sejourprive.com\/wp-content\/uploads\/2026\/02\/25-58.jpg\",\"contentUrl\":\"https:\/\/www.sejourprive.com\/wp-content\/uploads\/2026\/02\/25-58.jpg\",\"width\":1200,\"height\":676},{\"@type\":\"BreadcrumbList\",\"@id\":\"https:\/\/www.sejourprive.com\/biens\/villa-azurea-la-croix-valmer-cote-dazur-france\/#breadcrumb\",\"itemListElement\":[{\"@type\":\"ListItem\",\"position\":1,\"name\":\"Accueil\",\"item\":\"https:\/\/www.sejourprive.com\/\"},{\"@type\":\"ListItem\",\"position\":2,\"name\":\"Shop\",\"item\":\"https:\/\/www.sejourprive.com\/shop\/\"},{\"@type\":\"ListItem\",\"position\":3,\"name\":\"Villa Azurea, La Croix-Valmer, C\u00f4te d&#8217;Azur, France\"}]},{\"@type\":\"WebSite\",\"@id\":\"https:\/\/www.sejourprive.com\/#website\",\"url\":\"https:\/\/www.sejourprive.com\/\",\"name\":\"S\u00e9jour Priv\u00e9\",\"description\":\"Nous imaginons pour vous des s\u00e9jours d\u2019exception.\",\"publisher\":{\"@id\":\"https:\/\/www.sejourprive.com\/#organization\"},\"potentialAction\":[{\"@type\":\"SearchAction\",\"target\":{\"@type\":\"EntryPoint\",\"urlTemplate\":\"https:\/\/www.sejourprive.com\/?s={search_term_string}\"},\"query-input\":{\"@type\":\"PropertyValueSpecification\",\"valueRequired\":true,\"valueName\":\"search_term_string\"}}],\"inLanguage\":\"en-GB\"},{\"@type\":\"Organization\",\"@id\":\"https:\/\/www.sejourprive.com\/#organization\",\"name\":\"S\u00e9jour Priv\u00e9\",\"url\":\"https:\/\/www.sejourprive.com\/\",\"logo\":{\"@type\":\"ImageObject\",\"inLanguage\":\"en-GB\",\"@id\":\"https:\/\/www.sejourprive.com\/#\/schema\/logo\/image\/\",\"url\":\"https:\/\/www.sejourprive.com\/wp-content\/uploads\/2026\/02\/SP-Apple-touch-144-couleur-1-2.png\",\"contentUrl\":\"https:\/\/www.sejourprive.com\/wp-content\/uploads\/2026\/02\/SP-Apple-touch-144-couleur-1-2.png\",\"width\":145,\"height\":145,\"caption\":\"S\u00e9jour Priv\u00e9\"},\"image\":{\"@id\":\"https:\/\/www.sejourprive.com\/#\/schema\/logo\/image\/\"}}]}<\/script>\n<!-- \/ Yoast SEO plugin. -->","yoast_head_json":{"title":"Villa Azurea, La Croix-Valmer, C\u00f4te d'Azur, France - S\u00e9jour Priv\u00e9","description":"Id\u00e9alement situ\u00e9e dans les collines de La Croix-Valmer, cette propri\u00e9t\u00e9 est un chef-d\u2019\u0153uvre contemporain qui allie confort moderne et charme proven\u00e7al. Il","robots":{"index":"index","follow":"follow","max-snippet":"max-snippet:-1","max-image-preview":"max-image-preview:large","max-video-preview":"max-video-preview:-1"},"canonical":"https:\/\/www.sejourprive.com\/en\/biens\/villa-azurea-la-croix-valmer-cote-dazur-france\/","og_locale":"en_GB","og_type":"article","og_title":"Villa Azurea, La Croix-Valmer, C\u00f4te d'Azur, France - S\u00e9jour Priv\u00e9","og_description":"Id\u00e9alement situ\u00e9e dans les collines de La Croix-Valmer, cette propri\u00e9t\u00e9 est un chef-d\u2019\u0153uvre contemporain qui allie confort moderne et charme proven\u00e7al. Il","og_url":"https:\/\/www.sejourprive.com\/en\/biens\/villa-azurea-la-croix-valmer-cote-dazur-france\/","og_site_name":"S\u00e9jour Priv\u00e9","article_modified_time":"2026-02-18T14:00:08+00:00","og_image":[{"width":1200,"height":676,"url":"https:\/\/www.sejourprive.com\/wp-content\/uploads\/2026\/02\/25-58.jpg","type":"image\/jpeg"}],"twitter_card":"summary_large_image","twitter_misc":{"Estimated reading time":"1 minute"},"schema":{"@context":"https:\/\/schema.org","@graph":[{"@type":"WebPage","@id":"https:\/\/www.sejourprive.com\/biens\/villa-azurea-la-croix-valmer-cote-dazur-france\/","url":"https:\/\/www.sejourprive.com\/biens\/villa-azurea-la-croix-valmer-cote-dazur-france\/","name":"Villa Azurea, La Croix-Valmer, C\u00f4te d'Azur, France - S\u00e9jour Priv\u00e9","isPartOf":{"@id":"https:\/\/www.sejourprive.com\/#website"},"primaryImageOfPage":{"@id":"https:\/\/www.sejourprive.com\/biens\/villa-azurea-la-croix-valmer-cote-dazur-france\/#primaryimage"},"image":{"@id":"https:\/\/www.sejourprive.com\/biens\/villa-azurea-la-croix-valmer-cote-dazur-france\/#primaryimage"},"thumbnailUrl":"https:\/\/www.sejourprive.com\/wp-content\/uploads\/2026\/02\/25-58.jpg","datePublished":"2026-02-18T13:59:02+00:00","dateModified":"2026-02-18T14:00:08+00:00","description":"Id\u00e9alement situ\u00e9e dans les collines de La Croix-Valmer, cette propri\u00e9t\u00e9 est un chef-d\u2019\u0153uvre contemporain qui allie confort moderne et charme proven\u00e7al. Il","breadcrumb":{"@id":"https:\/\/www.sejourprive.com\/biens\/villa-azurea-la-croix-valmer-cote-dazur-france\/#breadcrumb"},"inLanguage":"en-GB","potentialAction":[{"@type":"ReadAction","target":["https:\/\/www.sejourprive.com\/biens\/villa-azurea-la-croix-valmer-cote-dazur-france\/"]}]},{"@type":"ImageObject","inLanguage":"en-GB","@id":"https:\/\/www.sejourprive.com\/biens\/villa-azurea-la-croix-valmer-cote-dazur-france\/#primaryimage","url":"https:\/\/www.sejourprive.com\/wp-content\/uploads\/2026\/02\/25-58.jpg","contentUrl":"https:\/\/www.sejourprive.com\/wp-content\/uploads\/2026\/02\/25-58.jpg","width":1200,"height":676},{"@type":"BreadcrumbList","@id":"https:\/\/www.sejourprive.com\/biens\/villa-azurea-la-croix-valmer-cote-dazur-france\/#breadcrumb","itemListElement":[{"@type":"ListItem","position":1,"name":"Accueil","item":"https:\/\/www.sejourprive.com\/"},{"@type":"ListItem","position":2,"name":"Shop","item":"https:\/\/www.sejourprive.com\/shop\/"},{"@type":"ListItem","position":3,"name":"Villa Azurea, La Croix-Valmer, C\u00f4te d&#8217;Azur, France"}]},{"@type":"WebSite","@id":"https:\/\/www.sejourprive.com\/#website","url":"https:\/\/www.sejourprive.com\/","name":"Private Stay","description":"We design exceptional holidays for you.","publisher":{"@id":"https:\/\/www.sejourprive.com\/#organization"},"potentialAction":[{"@type":"SearchAction","target":{"@type":"EntryPoint","urlTemplate":"https:\/\/www.sejourprive.com\/?s={search_term_string}"},"query-input":{"@type":"PropertyValueSpecification","valueRequired":true,"valueName":"search_term_string"}}],"inLanguage":"en-GB"},{"@type":"Organization","@id":"https:\/\/www.sejourprive.com\/#organization","name":"Private Stay","url":"https:\/\/www.sejourprive.com\/","logo":{"@type":"ImageObject","inLanguage":"en-GB","@id":"https:\/\/www.sejourprive.com\/#\/schema\/logo\/image\/","url":"https:\/\/www.sejourprive.com\/wp-content\/uploads\/2026\/02\/SP-Apple-touch-144-couleur-1-2.png","contentUrl":"https:\/\/www.sejourprive.com\/wp-content\/uploads\/2026\/02\/SP-Apple-touch-144-couleur-1-2.png","width":145,"height":145,"caption":"S\u00e9jour Priv\u00e9"},"image":{"@id":"https:\/\/www.sejourprive.com\/#\/schema\/logo\/image\/"}}]}},"_links":{"self":[{"href":"https:\/\/www.sejourprive.com\/en\/wp-json\/wp\/v2\/product\/31475","targetHints":{"allow":["GET"]}}],"collection":[{"href":"https:\/\/www.sejourprive.com\/en\/wp-json\/wp\/v2\/product"}],"about":[{"href":"https:\/\/www.sejourprive.com\/en\/wp-json\/wp\/v2\/types\/product"}],"replies":[{"embeddable":true,"href":"https:\/\/www.sejourprive.com\/en\/wp-json\/wp\/v2\/comments?post=31475"}],"version-history":[{"count":0,"href":"https:\/\/www.sejourprive.com\/en\/wp-json\/wp\/v2\/product\/31475\/revisions"}],"wp:featuredmedia":[{"embeddable":true,"href":"https:\/\/www.sejourprive.com\/en\/wp-json\/wp\/v2\/media\/31899"}],"wp:attachment":[{"href":"https:\/\/www.sejourprive.com\/en\/wp-json\/wp\/v2\/media?parent=31475"}],"wp:term":[{"taxonomy":"product_brand","embeddable":true,"href":"https:\/\/www.sejourprive.com\/en\/wp-json\/wp\/v2\/product_brand?post=31475"},{"taxonomy":"product_cat","embeddable":true,"href":"https:\/\/www.sejourprive.com\/en\/wp-json\/wp\/v2\/product_cat?post=31475"},{"taxonomy":"product_tag","embeddable":true,"href":"https:\/\/www.sejourprive.com\/en\/wp-json\/wp\/v2\/product_tag?post=31475"}],"curies":[{"name":"wp","href":"https:\/\/api.w.org\/{rel}","templated":true}]}}