{"id":30648,"date":"2026-02-18T11:56:47","date_gmt":"2026-02-18T10:56:47","guid":{"rendered":"https:\/\/www.sejourprive.com\/?post_type=product&#038;p=30648"},"modified":"2026-02-18T11:57:25","modified_gmt":"2026-02-18T10:57:25","slug":"villa-tiffany-presquile-saint-tropez-cote-dazur-france","status":"publish","type":"product","link":"https:\/\/www.sejourprive.com\/en\/biens\/villa-tiffany-presquile-saint-tropez-cote-dazur-france\/","title":{"rendered":"Villa Tiffany, Presqu'\u00cele Saint-Tropez, C\u00f4te d'Azur, France"},"content":{"rendered":"<p>In Saint-Tropez, Villa Tiffany is a haven of light and modernity. Its refined architecture and large bay windows let nature in, creating a serene, luminous atmosphere. <\/p>\n<p><span><div class=\"read-more-wrapper\"><a class=\"read-more-button\" data-target=\"read-more-69f72ecba85f7\" data-more-text=\"Read more\" data-less-text=\"Read less\"><span class=\"read-more-text\">Read more<\/span><\/a><div id=\"read-more-69f72ecba85f7\" class=\"read-more-content\"> <\/span>Apr\u00e8s une balade matinale dans le jardin tropical, les palmiers se balancent doucement sous la brise. La journ\u00e9e se poursuit par un d\u00e9jeuner convivial autour de la grande table en terrasse, les enfants riant dans le jardin. L&#8217;apr\u00e8s-midi, une partie de p\u00e9tanque dans le jardin ou une s\u00e9ance de yoga au bord de la piscine, avant de se retrouver tous ensemble pour un ap\u00e9ritif les pieds dans l&#8217;eau.<\/div><\/div><\/p>","protected":false},"excerpt":{"rendered":"<p>\u00c0 Saint-Tropez, la Villa Tiffany est un havre de lumi\u00e8re et de modernit\u00e9. Son architecture \u00e9pur\u00e9e et ses grandes baies&#8230;<\/p>","protected":false},"featured_media":31458,"comment_status":"open","ping_status":"closed","template":"","meta":{"_acf_changed":false},"product_brand":[],"product_cat":[15],"product_tag":[],"class_list":{"0":"post-30648","1":"product","2":"type-product","3":"status-publish","4":"has-post-thumbnail","6":"product_cat-villa","7":"property_location-france","8":"property_location-saint-tropez-et-alentours","10":"first","11":"instock","12":"sold-individually","13":"shipping-taxable","14":"purchasable","15":"product-type-simple"},"acf":[],"yoast_head":"<!-- This site is optimized with the Yoast SEO plugin v26.6 - https:\/\/yoast.com\/wordpress\/plugins\/seo\/ -->\n<title>Villa Tiffany, Presqu&#039;\u00cele Saint-Tropez, C\u00f4te d&#039;Azur, France - S\u00e9jour Priv\u00e9<\/title>\n<meta name=\"description\" content=\"\u00c0 Saint-Tropez, la Villa Tiffany est un havre de lumi\u00e8re et de modernit\u00e9. Son architecture \u00e9pur\u00e9e et ses grandes baies vitr\u00e9es laissent entrer la nature,\" \/>\n<meta name=\"robots\" content=\"index, follow, max-snippet:-1, max-image-preview:large, max-video-preview:-1\" \/>\n<link rel=\"canonical\" href=\"https:\/\/www.sejourprive.com\/en\/biens\/villa-tiffany-presquile-saint-tropez-cote-dazur-france\/\" \/>\n<meta property=\"og:locale\" content=\"en_GB\" \/>\n<meta property=\"og:type\" content=\"article\" \/>\n<meta property=\"og:title\" content=\"Villa Tiffany, Presqu&#039;\u00cele Saint-Tropez, C\u00f4te d&#039;Azur, France - S\u00e9jour Priv\u00e9\" \/>\n<meta property=\"og:description\" content=\"\u00c0 Saint-Tropez, la Villa Tiffany est un havre de lumi\u00e8re et de modernit\u00e9. Son architecture \u00e9pur\u00e9e et ses grandes baies vitr\u00e9es laissent entrer la nature,\" \/>\n<meta property=\"og:url\" content=\"https:\/\/www.sejourprive.com\/en\/biens\/villa-tiffany-presquile-saint-tropez-cote-dazur-france\/\" \/>\n<meta property=\"og:site_name\" content=\"S\u00e9jour Priv\u00e9\" \/>\n<meta property=\"article:modified_time\" content=\"2026-02-18T10:57:25+00:00\" \/>\n<meta property=\"og:image\" content=\"https:\/\/www.sejourprive.com\/wp-content\/uploads\/2026\/02\/2022-06-07-761d7e281ee436f5b2a3b07b9ecdfcee.webp\" \/>\n\t<meta property=\"og:image:width\" content=\"1104\" \/>\n\t<meta property=\"og:image:height\" content=\"736\" \/>\n\t<meta property=\"og:image:type\" content=\"image\/webp\" \/>\n<meta name=\"twitter:card\" content=\"summary_large_image\" \/>\n<meta name=\"twitter:label1\" content=\"Estimated reading time\" \/>\n\t<meta name=\"twitter:data1\" content=\"1 minute\" \/>\n<script type=\"application\/ld+json\" class=\"yoast-schema-graph\">{\"@context\":\"https:\/\/schema.org\",\"@graph\":[{\"@type\":\"WebPage\",\"@id\":\"https:\/\/www.sejourprive.com\/biens\/villa-tiffany-presquile-saint-tropez-cote-dazur-france\/\",\"url\":\"https:\/\/www.sejourprive.com\/biens\/villa-tiffany-presquile-saint-tropez-cote-dazur-france\/\",\"name\":\"Villa Tiffany, Presqu'\u00cele Saint-Tropez, C\u00f4te d'Azur, France - S\u00e9jour Priv\u00e9\",\"isPartOf\":{\"@id\":\"https:\/\/www.sejourprive.com\/#website\"},\"primaryImageOfPage\":{\"@id\":\"https:\/\/www.sejourprive.com\/biens\/villa-tiffany-presquile-saint-tropez-cote-dazur-france\/#primaryimage\"},\"image\":{\"@id\":\"https:\/\/www.sejourprive.com\/biens\/villa-tiffany-presquile-saint-tropez-cote-dazur-france\/#primaryimage\"},\"thumbnailUrl\":\"https:\/\/www.sejourprive.com\/wp-content\/uploads\/2026\/02\/2022-06-07-761d7e281ee436f5b2a3b07b9ecdfcee.webp\",\"datePublished\":\"2026-02-18T10:56:47+00:00\",\"dateModified\":\"2026-02-18T10:57:25+00:00\",\"description\":\"\u00c0 Saint-Tropez, la Villa Tiffany est un havre de lumi\u00e8re et de modernit\u00e9. Son architecture \u00e9pur\u00e9e et ses grandes baies vitr\u00e9es laissent entrer la nature,\",\"breadcrumb\":{\"@id\":\"https:\/\/www.sejourprive.com\/biens\/villa-tiffany-presquile-saint-tropez-cote-dazur-france\/#breadcrumb\"},\"inLanguage\":\"en-GB\",\"potentialAction\":[{\"@type\":\"ReadAction\",\"target\":[\"https:\/\/www.sejourprive.com\/biens\/villa-tiffany-presquile-saint-tropez-cote-dazur-france\/\"]}]},{\"@type\":\"ImageObject\",\"inLanguage\":\"en-GB\",\"@id\":\"https:\/\/www.sejourprive.com\/biens\/villa-tiffany-presquile-saint-tropez-cote-dazur-france\/#primaryimage\",\"url\":\"https:\/\/www.sejourprive.com\/wp-content\/uploads\/2026\/02\/2022-06-07-761d7e281ee436f5b2a3b07b9ecdfcee.webp\",\"contentUrl\":\"https:\/\/www.sejourprive.com\/wp-content\/uploads\/2026\/02\/2022-06-07-761d7e281ee436f5b2a3b07b9ecdfcee.webp\",\"width\":1104,\"height\":736},{\"@type\":\"BreadcrumbList\",\"@id\":\"https:\/\/www.sejourprive.com\/biens\/villa-tiffany-presquile-saint-tropez-cote-dazur-france\/#breadcrumb\",\"itemListElement\":[{\"@type\":\"ListItem\",\"position\":1,\"name\":\"Accueil\",\"item\":\"https:\/\/www.sejourprive.com\/\"},{\"@type\":\"ListItem\",\"position\":2,\"name\":\"Shop\",\"item\":\"https:\/\/www.sejourprive.com\/shop\/\"},{\"@type\":\"ListItem\",\"position\":3,\"name\":\"Villa Tiffany, Presqu&#8217;\u00cele Saint-Tropez, C\u00f4te d&#8217;Azur, France\"}]},{\"@type\":\"WebSite\",\"@id\":\"https:\/\/www.sejourprive.com\/#website\",\"url\":\"https:\/\/www.sejourprive.com\/\",\"name\":\"S\u00e9jour Priv\u00e9\",\"description\":\"Nous imaginons pour vous des s\u00e9jours d\u2019exception.\",\"publisher\":{\"@id\":\"https:\/\/www.sejourprive.com\/#organization\"},\"potentialAction\":[{\"@type\":\"SearchAction\",\"target\":{\"@type\":\"EntryPoint\",\"urlTemplate\":\"https:\/\/www.sejourprive.com\/?s={search_term_string}\"},\"query-input\":{\"@type\":\"PropertyValueSpecification\",\"valueRequired\":true,\"valueName\":\"search_term_string\"}}],\"inLanguage\":\"en-GB\"},{\"@type\":\"Organization\",\"@id\":\"https:\/\/www.sejourprive.com\/#organization\",\"name\":\"S\u00e9jour Priv\u00e9\",\"url\":\"https:\/\/www.sejourprive.com\/\",\"logo\":{\"@type\":\"ImageObject\",\"inLanguage\":\"en-GB\",\"@id\":\"https:\/\/www.sejourprive.com\/#\/schema\/logo\/image\/\",\"url\":\"https:\/\/www.sejourprive.com\/wp-content\/uploads\/2026\/02\/SP-Apple-touch-144-couleur-1-2.png\",\"contentUrl\":\"https:\/\/www.sejourprive.com\/wp-content\/uploads\/2026\/02\/SP-Apple-touch-144-couleur-1-2.png\",\"width\":145,\"height\":145,\"caption\":\"S\u00e9jour Priv\u00e9\"},\"image\":{\"@id\":\"https:\/\/www.sejourprive.com\/#\/schema\/logo\/image\/\"}}]}<\/script>\n<!-- \/ Yoast SEO plugin. -->","yoast_head_json":{"title":"Villa Tiffany, Presqu'\u00cele Saint-Tropez, C\u00f4te d'Azur, France - S\u00e9jour Priv\u00e9","description":"\u00c0 Saint-Tropez, la Villa Tiffany est un havre de lumi\u00e8re et de modernit\u00e9. Son architecture \u00e9pur\u00e9e et ses grandes baies vitr\u00e9es laissent entrer la nature,","robots":{"index":"index","follow":"follow","max-snippet":"max-snippet:-1","max-image-preview":"max-image-preview:large","max-video-preview":"max-video-preview:-1"},"canonical":"https:\/\/www.sejourprive.com\/en\/biens\/villa-tiffany-presquile-saint-tropez-cote-dazur-france\/","og_locale":"en_GB","og_type":"article","og_title":"Villa Tiffany, Presqu'\u00cele Saint-Tropez, C\u00f4te d'Azur, France - S\u00e9jour Priv\u00e9","og_description":"\u00c0 Saint-Tropez, la Villa Tiffany est un havre de lumi\u00e8re et de modernit\u00e9. Son architecture \u00e9pur\u00e9e et ses grandes baies vitr\u00e9es laissent entrer la nature,","og_url":"https:\/\/www.sejourprive.com\/en\/biens\/villa-tiffany-presquile-saint-tropez-cote-dazur-france\/","og_site_name":"S\u00e9jour Priv\u00e9","article_modified_time":"2026-02-18T10:57:25+00:00","og_image":[{"width":1104,"height":736,"url":"https:\/\/www.sejourprive.com\/wp-content\/uploads\/2026\/02\/2022-06-07-761d7e281ee436f5b2a3b07b9ecdfcee.webp","type":"image\/webp"}],"twitter_card":"summary_large_image","twitter_misc":{"Estimated reading time":"1 minute"},"schema":{"@context":"https:\/\/schema.org","@graph":[{"@type":"WebPage","@id":"https:\/\/www.sejourprive.com\/biens\/villa-tiffany-presquile-saint-tropez-cote-dazur-france\/","url":"https:\/\/www.sejourprive.com\/biens\/villa-tiffany-presquile-saint-tropez-cote-dazur-france\/","name":"Villa Tiffany, Presqu'\u00cele Saint-Tropez, C\u00f4te d'Azur, France - S\u00e9jour Priv\u00e9","isPartOf":{"@id":"https:\/\/www.sejourprive.com\/#website"},"primaryImageOfPage":{"@id":"https:\/\/www.sejourprive.com\/biens\/villa-tiffany-presquile-saint-tropez-cote-dazur-france\/#primaryimage"},"image":{"@id":"https:\/\/www.sejourprive.com\/biens\/villa-tiffany-presquile-saint-tropez-cote-dazur-france\/#primaryimage"},"thumbnailUrl":"https:\/\/www.sejourprive.com\/wp-content\/uploads\/2026\/02\/2022-06-07-761d7e281ee436f5b2a3b07b9ecdfcee.webp","datePublished":"2026-02-18T10:56:47+00:00","dateModified":"2026-02-18T10:57:25+00:00","description":"\u00c0 Saint-Tropez, la Villa Tiffany est un havre de lumi\u00e8re et de modernit\u00e9. Son architecture \u00e9pur\u00e9e et ses grandes baies vitr\u00e9es laissent entrer la nature,","breadcrumb":{"@id":"https:\/\/www.sejourprive.com\/biens\/villa-tiffany-presquile-saint-tropez-cote-dazur-france\/#breadcrumb"},"inLanguage":"en-GB","potentialAction":[{"@type":"ReadAction","target":["https:\/\/www.sejourprive.com\/biens\/villa-tiffany-presquile-saint-tropez-cote-dazur-france\/"]}]},{"@type":"ImageObject","inLanguage":"en-GB","@id":"https:\/\/www.sejourprive.com\/biens\/villa-tiffany-presquile-saint-tropez-cote-dazur-france\/#primaryimage","url":"https:\/\/www.sejourprive.com\/wp-content\/uploads\/2026\/02\/2022-06-07-761d7e281ee436f5b2a3b07b9ecdfcee.webp","contentUrl":"https:\/\/www.sejourprive.com\/wp-content\/uploads\/2026\/02\/2022-06-07-761d7e281ee436f5b2a3b07b9ecdfcee.webp","width":1104,"height":736},{"@type":"BreadcrumbList","@id":"https:\/\/www.sejourprive.com\/biens\/villa-tiffany-presquile-saint-tropez-cote-dazur-france\/#breadcrumb","itemListElement":[{"@type":"ListItem","position":1,"name":"Accueil","item":"https:\/\/www.sejourprive.com\/"},{"@type":"ListItem","position":2,"name":"Shop","item":"https:\/\/www.sejourprive.com\/shop\/"},{"@type":"ListItem","position":3,"name":"Villa Tiffany, Presqu&#8217;\u00cele Saint-Tropez, C\u00f4te d&#8217;Azur, France"}]},{"@type":"WebSite","@id":"https:\/\/www.sejourprive.com\/#website","url":"https:\/\/www.sejourprive.com\/","name":"Private Stay","description":"We design exceptional holidays for you.","publisher":{"@id":"https:\/\/www.sejourprive.com\/#organization"},"potentialAction":[{"@type":"SearchAction","target":{"@type":"EntryPoint","urlTemplate":"https:\/\/www.sejourprive.com\/?s={search_term_string}"},"query-input":{"@type":"PropertyValueSpecification","valueRequired":true,"valueName":"search_term_string"}}],"inLanguage":"en-GB"},{"@type":"Organization","@id":"https:\/\/www.sejourprive.com\/#organization","name":"Private Stay","url":"https:\/\/www.sejourprive.com\/","logo":{"@type":"ImageObject","inLanguage":"en-GB","@id":"https:\/\/www.sejourprive.com\/#\/schema\/logo\/image\/","url":"https:\/\/www.sejourprive.com\/wp-content\/uploads\/2026\/02\/SP-Apple-touch-144-couleur-1-2.png","contentUrl":"https:\/\/www.sejourprive.com\/wp-content\/uploads\/2026\/02\/SP-Apple-touch-144-couleur-1-2.png","width":145,"height":145,"caption":"S\u00e9jour Priv\u00e9"},"image":{"@id":"https:\/\/www.sejourprive.com\/#\/schema\/logo\/image\/"}}]}},"_links":{"self":[{"href":"https:\/\/www.sejourprive.com\/en\/wp-json\/wp\/v2\/product\/30648","targetHints":{"allow":["GET"]}}],"collection":[{"href":"https:\/\/www.sejourprive.com\/en\/wp-json\/wp\/v2\/product"}],"about":[{"href":"https:\/\/www.sejourprive.com\/en\/wp-json\/wp\/v2\/types\/product"}],"replies":[{"embeddable":true,"href":"https:\/\/www.sejourprive.com\/en\/wp-json\/wp\/v2\/comments?post=30648"}],"version-history":[{"count":0,"href":"https:\/\/www.sejourprive.com\/en\/wp-json\/wp\/v2\/product\/30648\/revisions"}],"wp:featuredmedia":[{"embeddable":true,"href":"https:\/\/www.sejourprive.com\/en\/wp-json\/wp\/v2\/media\/31458"}],"wp:attachment":[{"href":"https:\/\/www.sejourprive.com\/en\/wp-json\/wp\/v2\/media?parent=30648"}],"wp:term":[{"taxonomy":"product_brand","embeddable":true,"href":"https:\/\/www.sejourprive.com\/en\/wp-json\/wp\/v2\/product_brand?post=30648"},{"taxonomy":"product_cat","embeddable":true,"href":"https:\/\/www.sejourprive.com\/en\/wp-json\/wp\/v2\/product_cat?post=30648"},{"taxonomy":"product_tag","embeddable":true,"href":"https:\/\/www.sejourprive.com\/en\/wp-json\/wp\/v2\/product_tag?post=30648"}],"curies":[{"name":"wp","href":"https:\/\/api.w.org\/{rel}","templated":true}]}}