{"id":30531,"date":"2026-02-18T08:54:31","date_gmt":"2026-02-18T07:54:31","guid":{"rendered":"https:\/\/www.sejourprive.com\/?post_type=product&#038;p=30531"},"modified":"2026-02-18T08:54:31","modified_gmt":"2026-02-18T07:54:31","slug":"villa-marine-presquile-saint-tropez-cote-dazur-france","status":"publish","type":"product","link":"https:\/\/www.sejourprive.com\/en\/biens\/villa-marine-presquile-saint-tropez-cote-dazur-france\/","title":{"rendered":"Villa Marine, Presqu'\u00cele Saint-Tropez, C\u00f4te d'Azur, France"},"content":{"rendered":"<p>Slightly set back from the hill in the hamlet of Bellevue, this house offers panoramic views stretching from the Bay of the Canebiers to the Bay of Pampelonne. This house is a jewel of contemporary architecture, lacquered in blue and surrounded by nature. Its large windows flood its vast spaces with light, including an 80 m\u00b2 central living room facing the bay. <\/p>","protected":false},"excerpt":{"rendered":"<p>L\u00e9g\u00e8rement en retrait de la colline du hameau de Bellevue, cette offre une vue panoramique qui s&#8217;\u00e9tend de la baie&#8230;<\/p>","protected":false},"featured_media":31075,"comment_status":"open","ping_status":"closed","template":"","meta":{"_acf_changed":false},"product_brand":[],"product_cat":[15],"product_tag":[],"class_list":{"0":"post-30531","1":"product","2":"type-product","3":"status-publish","4":"has-post-thumbnail","6":"product_cat-villa","7":"property_location-paris","8":"property_location-saint-tropez-et-alentours","10":"first","11":"instock","12":"sold-individually","13":"shipping-taxable","14":"purchasable","15":"product-type-simple"},"acf":[],"yoast_head":"<!-- This site is optimized with the Yoast SEO plugin v26.6 - https:\/\/yoast.com\/wordpress\/plugins\/seo\/ -->\n<title>Villa Marine, Presqu&#039;\u00cele Saint-Tropez, C\u00f4te d&#039;Azur, France - S\u00e9jour Priv\u00e9<\/title>\n<meta name=\"description\" content=\"L\u00e9g\u00e8rement en retrait de la colline du hameau de Bellevue, cette offre une vue panoramique qui s&#039;\u00e9tend de la baie des Canebiers \u00e0 la baie de Pampelonne.\" \/>\n<meta name=\"robots\" content=\"index, follow, max-snippet:-1, max-image-preview:large, max-video-preview:-1\" \/>\n<link rel=\"canonical\" href=\"https:\/\/www.sejourprive.com\/en\/biens\/villa-marine-presquile-saint-tropez-cote-dazur-france\/\" \/>\n<meta property=\"og:locale\" content=\"en_GB\" \/>\n<meta property=\"og:type\" content=\"article\" \/>\n<meta property=\"og:title\" content=\"Villa Marine, Presqu&#039;\u00cele Saint-Tropez, C\u00f4te d&#039;Azur, France - S\u00e9jour Priv\u00e9\" \/>\n<meta property=\"og:description\" content=\"L\u00e9g\u00e8rement en retrait de la colline du hameau de Bellevue, cette offre une vue panoramique qui s&#039;\u00e9tend de la baie des Canebiers \u00e0 la baie de Pampelonne.\" \/>\n<meta property=\"og:url\" content=\"https:\/\/www.sejourprive.com\/en\/biens\/villa-marine-presquile-saint-tropez-cote-dazur-france\/\" \/>\n<meta property=\"og:site_name\" content=\"S\u00e9jour Priv\u00e9\" \/>\n<meta property=\"og:image\" content=\"https:\/\/www.sejourprive.com\/wp-content\/uploads\/2026\/02\/e38FljtfSL6X0vmT1Nbf_35345d79-351f-4cd3-dada-24c4bfef8338.webp\" \/>\n\t<meta property=\"og:image:width\" content=\"2290\" \/>\n\t<meta property=\"og:image:height\" content=\"1288\" \/>\n\t<meta property=\"og:image:type\" content=\"image\/webp\" \/>\n<meta name=\"twitter:card\" content=\"summary_large_image\" \/>\n<meta name=\"twitter:label1\" content=\"Estimated reading time\" \/>\n\t<meta name=\"twitter:data1\" content=\"1 minute\" \/>\n<script type=\"application\/ld+json\" class=\"yoast-schema-graph\">{\"@context\":\"https:\/\/schema.org\",\"@graph\":[{\"@type\":\"WebPage\",\"@id\":\"https:\/\/www.sejourprive.com\/biens\/villa-marine-presquile-saint-tropez-cote-dazur-france\/\",\"url\":\"https:\/\/www.sejourprive.com\/biens\/villa-marine-presquile-saint-tropez-cote-dazur-france\/\",\"name\":\"Villa Marine, Presqu'\u00cele Saint-Tropez, C\u00f4te d'Azur, France - S\u00e9jour Priv\u00e9\",\"isPartOf\":{\"@id\":\"https:\/\/www.sejourprive.com\/#website\"},\"primaryImageOfPage\":{\"@id\":\"https:\/\/www.sejourprive.com\/biens\/villa-marine-presquile-saint-tropez-cote-dazur-france\/#primaryimage\"},\"image\":{\"@id\":\"https:\/\/www.sejourprive.com\/biens\/villa-marine-presquile-saint-tropez-cote-dazur-france\/#primaryimage\"},\"thumbnailUrl\":\"https:\/\/www.sejourprive.com\/wp-content\/uploads\/2026\/02\/e38FljtfSL6X0vmT1Nbf_35345d79-351f-4cd3-dada-24c4bfef8338.webp\",\"datePublished\":\"2026-02-18T07:54:31+00:00\",\"description\":\"L\u00e9g\u00e8rement en retrait de la colline du hameau de Bellevue, cette offre une vue panoramique qui s'\u00e9tend de la baie des Canebiers \u00e0 la baie de Pampelonne.\",\"breadcrumb\":{\"@id\":\"https:\/\/www.sejourprive.com\/biens\/villa-marine-presquile-saint-tropez-cote-dazur-france\/#breadcrumb\"},\"inLanguage\":\"en-GB\",\"potentialAction\":[{\"@type\":\"ReadAction\",\"target\":[\"https:\/\/www.sejourprive.com\/biens\/villa-marine-presquile-saint-tropez-cote-dazur-france\/\"]}]},{\"@type\":\"ImageObject\",\"inLanguage\":\"en-GB\",\"@id\":\"https:\/\/www.sejourprive.com\/biens\/villa-marine-presquile-saint-tropez-cote-dazur-france\/#primaryimage\",\"url\":\"https:\/\/www.sejourprive.com\/wp-content\/uploads\/2026\/02\/e38FljtfSL6X0vmT1Nbf_35345d79-351f-4cd3-dada-24c4bfef8338.webp\",\"contentUrl\":\"https:\/\/www.sejourprive.com\/wp-content\/uploads\/2026\/02\/e38FljtfSL6X0vmT1Nbf_35345d79-351f-4cd3-dada-24c4bfef8338.webp\",\"width\":2290,\"height\":1288},{\"@type\":\"BreadcrumbList\",\"@id\":\"https:\/\/www.sejourprive.com\/biens\/villa-marine-presquile-saint-tropez-cote-dazur-france\/#breadcrumb\",\"itemListElement\":[{\"@type\":\"ListItem\",\"position\":1,\"name\":\"Accueil\",\"item\":\"https:\/\/www.sejourprive.com\/\"},{\"@type\":\"ListItem\",\"position\":2,\"name\":\"Shop\",\"item\":\"https:\/\/www.sejourprive.com\/shop\/\"},{\"@type\":\"ListItem\",\"position\":3,\"name\":\"Villa Marine, Presqu&#8217;\u00cele Saint-Tropez, C\u00f4te d&#8217;Azur, France\"}]},{\"@type\":\"WebSite\",\"@id\":\"https:\/\/www.sejourprive.com\/#website\",\"url\":\"https:\/\/www.sejourprive.com\/\",\"name\":\"S\u00e9jour Priv\u00e9\",\"description\":\"Nous imaginons pour vous des s\u00e9jours d\u2019exception.\",\"publisher\":{\"@id\":\"https:\/\/www.sejourprive.com\/#organization\"},\"potentialAction\":[{\"@type\":\"SearchAction\",\"target\":{\"@type\":\"EntryPoint\",\"urlTemplate\":\"https:\/\/www.sejourprive.com\/?s={search_term_string}\"},\"query-input\":{\"@type\":\"PropertyValueSpecification\",\"valueRequired\":true,\"valueName\":\"search_term_string\"}}],\"inLanguage\":\"en-GB\"},{\"@type\":\"Organization\",\"@id\":\"https:\/\/www.sejourprive.com\/#organization\",\"name\":\"S\u00e9jour Priv\u00e9\",\"url\":\"https:\/\/www.sejourprive.com\/\",\"logo\":{\"@type\":\"ImageObject\",\"inLanguage\":\"en-GB\",\"@id\":\"https:\/\/www.sejourprive.com\/#\/schema\/logo\/image\/\",\"url\":\"https:\/\/www.sejourprive.com\/wp-content\/uploads\/2026\/02\/SP-Apple-touch-144-couleur-1-2.png\",\"contentUrl\":\"https:\/\/www.sejourprive.com\/wp-content\/uploads\/2026\/02\/SP-Apple-touch-144-couleur-1-2.png\",\"width\":145,\"height\":145,\"caption\":\"S\u00e9jour Priv\u00e9\"},\"image\":{\"@id\":\"https:\/\/www.sejourprive.com\/#\/schema\/logo\/image\/\"}}]}<\/script>\n<!-- \/ Yoast SEO plugin. -->","yoast_head_json":{"title":"Villa Marine, Presqu'\u00cele Saint-Tropez, C\u00f4te d'Azur, France - S\u00e9jour Priv\u00e9","description":"L\u00e9g\u00e8rement en retrait de la colline du hameau de Bellevue, cette offre une vue panoramique qui s'\u00e9tend de la baie des Canebiers \u00e0 la baie de Pampelonne.","robots":{"index":"index","follow":"follow","max-snippet":"max-snippet:-1","max-image-preview":"max-image-preview:large","max-video-preview":"max-video-preview:-1"},"canonical":"https:\/\/www.sejourprive.com\/en\/biens\/villa-marine-presquile-saint-tropez-cote-dazur-france\/","og_locale":"en_GB","og_type":"article","og_title":"Villa Marine, Presqu'\u00cele Saint-Tropez, C\u00f4te d'Azur, France - S\u00e9jour Priv\u00e9","og_description":"L\u00e9g\u00e8rement en retrait de la colline du hameau de Bellevue, cette offre une vue panoramique qui s'\u00e9tend de la baie des Canebiers \u00e0 la baie de Pampelonne.","og_url":"https:\/\/www.sejourprive.com\/en\/biens\/villa-marine-presquile-saint-tropez-cote-dazur-france\/","og_site_name":"S\u00e9jour Priv\u00e9","og_image":[{"width":2290,"height":1288,"url":"https:\/\/www.sejourprive.com\/wp-content\/uploads\/2026\/02\/e38FljtfSL6X0vmT1Nbf_35345d79-351f-4cd3-dada-24c4bfef8338.webp","type":"image\/webp"}],"twitter_card":"summary_large_image","twitter_misc":{"Estimated reading time":"1 minute"},"schema":{"@context":"https:\/\/schema.org","@graph":[{"@type":"WebPage","@id":"https:\/\/www.sejourprive.com\/biens\/villa-marine-presquile-saint-tropez-cote-dazur-france\/","url":"https:\/\/www.sejourprive.com\/biens\/villa-marine-presquile-saint-tropez-cote-dazur-france\/","name":"Villa Marine, Presqu'\u00cele Saint-Tropez, C\u00f4te d'Azur, France - S\u00e9jour Priv\u00e9","isPartOf":{"@id":"https:\/\/www.sejourprive.com\/#website"},"primaryImageOfPage":{"@id":"https:\/\/www.sejourprive.com\/biens\/villa-marine-presquile-saint-tropez-cote-dazur-france\/#primaryimage"},"image":{"@id":"https:\/\/www.sejourprive.com\/biens\/villa-marine-presquile-saint-tropez-cote-dazur-france\/#primaryimage"},"thumbnailUrl":"https:\/\/www.sejourprive.com\/wp-content\/uploads\/2026\/02\/e38FljtfSL6X0vmT1Nbf_35345d79-351f-4cd3-dada-24c4bfef8338.webp","datePublished":"2026-02-18T07:54:31+00:00","description":"L\u00e9g\u00e8rement en retrait de la colline du hameau de Bellevue, cette offre une vue panoramique qui s'\u00e9tend de la baie des Canebiers \u00e0 la baie de Pampelonne.","breadcrumb":{"@id":"https:\/\/www.sejourprive.com\/biens\/villa-marine-presquile-saint-tropez-cote-dazur-france\/#breadcrumb"},"inLanguage":"en-GB","potentialAction":[{"@type":"ReadAction","target":["https:\/\/www.sejourprive.com\/biens\/villa-marine-presquile-saint-tropez-cote-dazur-france\/"]}]},{"@type":"ImageObject","inLanguage":"en-GB","@id":"https:\/\/www.sejourprive.com\/biens\/villa-marine-presquile-saint-tropez-cote-dazur-france\/#primaryimage","url":"https:\/\/www.sejourprive.com\/wp-content\/uploads\/2026\/02\/e38FljtfSL6X0vmT1Nbf_35345d79-351f-4cd3-dada-24c4bfef8338.webp","contentUrl":"https:\/\/www.sejourprive.com\/wp-content\/uploads\/2026\/02\/e38FljtfSL6X0vmT1Nbf_35345d79-351f-4cd3-dada-24c4bfef8338.webp","width":2290,"height":1288},{"@type":"BreadcrumbList","@id":"https:\/\/www.sejourprive.com\/biens\/villa-marine-presquile-saint-tropez-cote-dazur-france\/#breadcrumb","itemListElement":[{"@type":"ListItem","position":1,"name":"Accueil","item":"https:\/\/www.sejourprive.com\/"},{"@type":"ListItem","position":2,"name":"Shop","item":"https:\/\/www.sejourprive.com\/shop\/"},{"@type":"ListItem","position":3,"name":"Villa Marine, Presqu&#8217;\u00cele Saint-Tropez, C\u00f4te d&#8217;Azur, France"}]},{"@type":"WebSite","@id":"https:\/\/www.sejourprive.com\/#website","url":"https:\/\/www.sejourprive.com\/","name":"Private Stay","description":"We design exceptional holidays for you.","publisher":{"@id":"https:\/\/www.sejourprive.com\/#organization"},"potentialAction":[{"@type":"SearchAction","target":{"@type":"EntryPoint","urlTemplate":"https:\/\/www.sejourprive.com\/?s={search_term_string}"},"query-input":{"@type":"PropertyValueSpecification","valueRequired":true,"valueName":"search_term_string"}}],"inLanguage":"en-GB"},{"@type":"Organization","@id":"https:\/\/www.sejourprive.com\/#organization","name":"Private Stay","url":"https:\/\/www.sejourprive.com\/","logo":{"@type":"ImageObject","inLanguage":"en-GB","@id":"https:\/\/www.sejourprive.com\/#\/schema\/logo\/image\/","url":"https:\/\/www.sejourprive.com\/wp-content\/uploads\/2026\/02\/SP-Apple-touch-144-couleur-1-2.png","contentUrl":"https:\/\/www.sejourprive.com\/wp-content\/uploads\/2026\/02\/SP-Apple-touch-144-couleur-1-2.png","width":145,"height":145,"caption":"S\u00e9jour Priv\u00e9"},"image":{"@id":"https:\/\/www.sejourprive.com\/#\/schema\/logo\/image\/"}}]}},"_links":{"self":[{"href":"https:\/\/www.sejourprive.com\/en\/wp-json\/wp\/v2\/product\/30531","targetHints":{"allow":["GET"]}}],"collection":[{"href":"https:\/\/www.sejourprive.com\/en\/wp-json\/wp\/v2\/product"}],"about":[{"href":"https:\/\/www.sejourprive.com\/en\/wp-json\/wp\/v2\/types\/product"}],"replies":[{"embeddable":true,"href":"https:\/\/www.sejourprive.com\/en\/wp-json\/wp\/v2\/comments?post=30531"}],"version-history":[{"count":0,"href":"https:\/\/www.sejourprive.com\/en\/wp-json\/wp\/v2\/product\/30531\/revisions"}],"wp:featuredmedia":[{"embeddable":true,"href":"https:\/\/www.sejourprive.com\/en\/wp-json\/wp\/v2\/media\/31075"}],"wp:attachment":[{"href":"https:\/\/www.sejourprive.com\/en\/wp-json\/wp\/v2\/media?parent=30531"}],"wp:term":[{"taxonomy":"product_brand","embeddable":true,"href":"https:\/\/www.sejourprive.com\/en\/wp-json\/wp\/v2\/product_brand?post=30531"},{"taxonomy":"product_cat","embeddable":true,"href":"https:\/\/www.sejourprive.com\/en\/wp-json\/wp\/v2\/product_cat?post=30531"},{"taxonomy":"product_tag","embeddable":true,"href":"https:\/\/www.sejourprive.com\/en\/wp-json\/wp\/v2\/product_tag?post=30531"}],"curies":[{"name":"wp","href":"https:\/\/api.w.org\/{rel}","templated":true}]}}