{"id":30296,"date":"2026-02-17T09:46:40","date_gmt":"2026-02-17T08:46:40","guid":{"rendered":"https:\/\/www.sejourprive.com\/?post_type=product&#038;p=30296"},"modified":"2026-02-17T09:46:40","modified_gmt":"2026-02-17T08:46:40","slug":"domaine-des-cistes-sainte-maxime-cote-dazur-france","status":"publish","type":"product","link":"https:\/\/www.sejourprive.com\/en\/biens\/domaine-des-cistes-sainte-maxime-cote-dazur-france\/","title":{"rendered":"Domaine des Cistes, Sainte-Maxime, C\u00f4te d'Azur, France"},"content":{"rendered":"<p>Entour\u00e9 par le charme discret de Sainte-Maxime, au c\u0153ur d&#8217;une r\u00e9sidence priv\u00e9e, le Domaine des Cistes s\u00e9duit par son architecture raffin\u00e9e et son am\u00e9nagement int\u00e9rieur harmonieux. Ici, chaque d\u00e9tail a \u00e9t\u00e9 soigneusement pens\u00e9 pour cr\u00e9er une atmosph\u00e8re sereine et \u00e9l\u00e9gante. Le plus beau dans tout cela ? Une vue panoramique sur la mer, qui offre un tableau saisissant de la beaut\u00e9 de la C\u00f4te d&#8217;Azur.<\/p>\n<p><span><div class=\"read-more-wrapper\"><a class=\"read-more-button\" data-target=\"read-more-69f4523848b2a\" data-more-text=\"Read more\" data-less-text=\"Read less\"><span class=\"read-more-text\">Read more<\/span><\/a><div id=\"read-more-69f4523848b2a\" class=\"read-more-content\"> <\/span><br \/>\nCommencez votre journ\u00e9e par une baignade matinale dans la piscine chauff\u00e9e, en admirant le lever du soleil sur la mer, puis r\u00e9veillez vos muscles en vous entra\u00eenant dans la salle de sport priv\u00e9e. Ensuite, promenez-vous sur la plage voisine ou rendez-vous en ville, qui n&#8217;est qu&#8217;\u00e0 quelques minutes en voiture. Apr\u00e8s avoir d\u00e9jeun\u00e9 dans l&#8217;un des restaurants proches de votre retraite, retournez au domaine pour d\u00e9fier votre tribu \u00e0 une partie de p\u00e9tanque ou de badminton. Le soir, d\u00e9tendez-vous en famille dans le cin\u00e9ma priv\u00e9, avant de vous endormir au son apaisant de la M\u00e9diterran\u00e9e.<\/div><\/div><\/p>","protected":false},"excerpt":{"rendered":"<p>Entour\u00e9 par le charme discret de Sainte-Maxime, au c\u0153ur d&#8217;une r\u00e9sidence priv\u00e9e, le Domaine des Cistes s\u00e9duit par son architecture&#8230;<\/p>","protected":false},"featured_media":30300,"comment_status":"open","ping_status":"closed","template":"","meta":{"_acf_changed":false},"product_brand":[],"product_cat":[15],"product_tag":[],"class_list":{"0":"post-30296","1":"product","2":"type-product","3":"status-publish","4":"has-post-thumbnail","6":"product_cat-villa","7":"property_location-france","8":"property_location-saint-tropez-et-alentours","10":"first","11":"instock","12":"sold-individually","13":"shipping-taxable","14":"purchasable","15":"product-type-simple"},"acf":[],"yoast_head":"<!-- This site is optimized with the Yoast SEO plugin v26.6 - https:\/\/yoast.com\/wordpress\/plugins\/seo\/ -->\n<title>Domaine des Cistes, Sainte-Maxime, C\u00f4te d&#039;Azur, France - S\u00e9jour Priv\u00e9<\/title>\n<meta name=\"description\" content=\"Entour\u00e9 par le charme discret de Sainte-Maxime, au c\u0153ur d&#039;une r\u00e9sidence priv\u00e9e, le Domaine des Cistes s\u00e9duit par son architecture raffin\u00e9e et son\" \/>\n<meta name=\"robots\" content=\"index, follow, max-snippet:-1, max-image-preview:large, max-video-preview:-1\" \/>\n<link rel=\"canonical\" href=\"https:\/\/www.sejourprive.com\/en\/biens\/domaine-des-cistes-sainte-maxime-cote-dazur-france\/\" \/>\n<meta property=\"og:locale\" content=\"en_GB\" \/>\n<meta property=\"og:type\" content=\"article\" \/>\n<meta property=\"og:title\" content=\"Domaine des Cistes, Sainte-Maxime, C\u00f4te d&#039;Azur, France - S\u00e9jour Priv\u00e9\" \/>\n<meta property=\"og:description\" content=\"Entour\u00e9 par le charme discret de Sainte-Maxime, au c\u0153ur d&#039;une r\u00e9sidence priv\u00e9e, le Domaine des Cistes s\u00e9duit par son architecture raffin\u00e9e et son\" \/>\n<meta property=\"og:url\" content=\"https:\/\/www.sejourprive.com\/en\/biens\/domaine-des-cistes-sainte-maxime-cote-dazur-france\/\" \/>\n<meta property=\"og:site_name\" content=\"S\u00e9jour Priv\u00e9\" \/>\n<meta property=\"og:image\" content=\"https:\/\/www.sejourprive.com\/wp-content\/uploads\/2026\/02\/0-50.jpg\" \/>\n\t<meta property=\"og:image:width\" content=\"1200\" \/>\n\t<meta property=\"og:image:height\" content=\"800\" \/>\n\t<meta property=\"og:image:type\" content=\"image\/jpeg\" \/>\n<meta name=\"twitter:card\" content=\"summary_large_image\" \/>\n<meta name=\"twitter:label1\" content=\"Estimated reading time\" \/>\n\t<meta name=\"twitter:data1\" content=\"2 minutes\" \/>\n<script type=\"application\/ld+json\" class=\"yoast-schema-graph\">{\"@context\":\"https:\/\/schema.org\",\"@graph\":[{\"@type\":\"WebPage\",\"@id\":\"https:\/\/www.sejourprive.com\/biens\/domaine-des-cistes-sainte-maxime-cote-dazur-france\/\",\"url\":\"https:\/\/www.sejourprive.com\/biens\/domaine-des-cistes-sainte-maxime-cote-dazur-france\/\",\"name\":\"Domaine des Cistes, Sainte-Maxime, C\u00f4te d'Azur, France - S\u00e9jour Priv\u00e9\",\"isPartOf\":{\"@id\":\"https:\/\/www.sejourprive.com\/#website\"},\"primaryImageOfPage\":{\"@id\":\"https:\/\/www.sejourprive.com\/biens\/domaine-des-cistes-sainte-maxime-cote-dazur-france\/#primaryimage\"},\"image\":{\"@id\":\"https:\/\/www.sejourprive.com\/biens\/domaine-des-cistes-sainte-maxime-cote-dazur-france\/#primaryimage\"},\"thumbnailUrl\":\"https:\/\/www.sejourprive.com\/wp-content\/uploads\/2026\/02\/0-50.jpg\",\"datePublished\":\"2026-02-17T08:46:40+00:00\",\"description\":\"Entour\u00e9 par le charme discret de Sainte-Maxime, au c\u0153ur d'une r\u00e9sidence priv\u00e9e, le Domaine des Cistes s\u00e9duit par son architecture raffin\u00e9e et son\",\"breadcrumb\":{\"@id\":\"https:\/\/www.sejourprive.com\/biens\/domaine-des-cistes-sainte-maxime-cote-dazur-france\/#breadcrumb\"},\"inLanguage\":\"en-GB\",\"potentialAction\":[{\"@type\":\"ReadAction\",\"target\":[\"https:\/\/www.sejourprive.com\/biens\/domaine-des-cistes-sainte-maxime-cote-dazur-france\/\"]}]},{\"@type\":\"ImageObject\",\"inLanguage\":\"en-GB\",\"@id\":\"https:\/\/www.sejourprive.com\/biens\/domaine-des-cistes-sainte-maxime-cote-dazur-france\/#primaryimage\",\"url\":\"https:\/\/www.sejourprive.com\/wp-content\/uploads\/2026\/02\/0-50.jpg\",\"contentUrl\":\"https:\/\/www.sejourprive.com\/wp-content\/uploads\/2026\/02\/0-50.jpg\",\"width\":1200,\"height\":800},{\"@type\":\"BreadcrumbList\",\"@id\":\"https:\/\/www.sejourprive.com\/biens\/domaine-des-cistes-sainte-maxime-cote-dazur-france\/#breadcrumb\",\"itemListElement\":[{\"@type\":\"ListItem\",\"position\":1,\"name\":\"Accueil\",\"item\":\"https:\/\/www.sejourprive.com\/\"},{\"@type\":\"ListItem\",\"position\":2,\"name\":\"Shop\",\"item\":\"https:\/\/www.sejourprive.com\/shop\/\"},{\"@type\":\"ListItem\",\"position\":3,\"name\":\"Domaine des Cistes, Sainte-Maxime, C\u00f4te d&#8217;Azur, France\"}]},{\"@type\":\"WebSite\",\"@id\":\"https:\/\/www.sejourprive.com\/#website\",\"url\":\"https:\/\/www.sejourprive.com\/\",\"name\":\"S\u00e9jour Priv\u00e9\",\"description\":\"Nous imaginons pour vous des s\u00e9jours d\u2019exception.\",\"publisher\":{\"@id\":\"https:\/\/www.sejourprive.com\/#organization\"},\"potentialAction\":[{\"@type\":\"SearchAction\",\"target\":{\"@type\":\"EntryPoint\",\"urlTemplate\":\"https:\/\/www.sejourprive.com\/?s={search_term_string}\"},\"query-input\":{\"@type\":\"PropertyValueSpecification\",\"valueRequired\":true,\"valueName\":\"search_term_string\"}}],\"inLanguage\":\"en-GB\"},{\"@type\":\"Organization\",\"@id\":\"https:\/\/www.sejourprive.com\/#organization\",\"name\":\"S\u00e9jour Priv\u00e9\",\"url\":\"https:\/\/www.sejourprive.com\/\",\"logo\":{\"@type\":\"ImageObject\",\"inLanguage\":\"en-GB\",\"@id\":\"https:\/\/www.sejourprive.com\/#\/schema\/logo\/image\/\",\"url\":\"https:\/\/www.sejourprive.com\/wp-content\/uploads\/2026\/02\/SP-Apple-touch-144-couleur-1-2.png\",\"contentUrl\":\"https:\/\/www.sejourprive.com\/wp-content\/uploads\/2026\/02\/SP-Apple-touch-144-couleur-1-2.png\",\"width\":145,\"height\":145,\"caption\":\"S\u00e9jour Priv\u00e9\"},\"image\":{\"@id\":\"https:\/\/www.sejourprive.com\/#\/schema\/logo\/image\/\"}}]}<\/script>\n<!-- \/ Yoast SEO plugin. -->","yoast_head_json":{"title":"Domaine des Cistes, Sainte-Maxime, C\u00f4te d'Azur, France - S\u00e9jour Priv\u00e9","description":"Entour\u00e9 par le charme discret de Sainte-Maxime, au c\u0153ur d'une r\u00e9sidence priv\u00e9e, le Domaine des Cistes s\u00e9duit par son architecture raffin\u00e9e et son","robots":{"index":"index","follow":"follow","max-snippet":"max-snippet:-1","max-image-preview":"max-image-preview:large","max-video-preview":"max-video-preview:-1"},"canonical":"https:\/\/www.sejourprive.com\/en\/biens\/domaine-des-cistes-sainte-maxime-cote-dazur-france\/","og_locale":"en_GB","og_type":"article","og_title":"Domaine des Cistes, Sainte-Maxime, C\u00f4te d'Azur, France - S\u00e9jour Priv\u00e9","og_description":"Entour\u00e9 par le charme discret de Sainte-Maxime, au c\u0153ur d'une r\u00e9sidence priv\u00e9e, le Domaine des Cistes s\u00e9duit par son architecture raffin\u00e9e et son","og_url":"https:\/\/www.sejourprive.com\/en\/biens\/domaine-des-cistes-sainte-maxime-cote-dazur-france\/","og_site_name":"S\u00e9jour Priv\u00e9","og_image":[{"width":1200,"height":800,"url":"https:\/\/www.sejourprive.com\/wp-content\/uploads\/2026\/02\/0-50.jpg","type":"image\/jpeg"}],"twitter_card":"summary_large_image","twitter_misc":{"Estimated reading time":"2 minutes"},"schema":{"@context":"https:\/\/schema.org","@graph":[{"@type":"WebPage","@id":"https:\/\/www.sejourprive.com\/biens\/domaine-des-cistes-sainte-maxime-cote-dazur-france\/","url":"https:\/\/www.sejourprive.com\/biens\/domaine-des-cistes-sainte-maxime-cote-dazur-france\/","name":"Domaine des Cistes, Sainte-Maxime, C\u00f4te d'Azur, France - S\u00e9jour Priv\u00e9","isPartOf":{"@id":"https:\/\/www.sejourprive.com\/#website"},"primaryImageOfPage":{"@id":"https:\/\/www.sejourprive.com\/biens\/domaine-des-cistes-sainte-maxime-cote-dazur-france\/#primaryimage"},"image":{"@id":"https:\/\/www.sejourprive.com\/biens\/domaine-des-cistes-sainte-maxime-cote-dazur-france\/#primaryimage"},"thumbnailUrl":"https:\/\/www.sejourprive.com\/wp-content\/uploads\/2026\/02\/0-50.jpg","datePublished":"2026-02-17T08:46:40+00:00","description":"Entour\u00e9 par le charme discret de Sainte-Maxime, au c\u0153ur d'une r\u00e9sidence priv\u00e9e, le Domaine des Cistes s\u00e9duit par son architecture raffin\u00e9e et son","breadcrumb":{"@id":"https:\/\/www.sejourprive.com\/biens\/domaine-des-cistes-sainte-maxime-cote-dazur-france\/#breadcrumb"},"inLanguage":"en-GB","potentialAction":[{"@type":"ReadAction","target":["https:\/\/www.sejourprive.com\/biens\/domaine-des-cistes-sainte-maxime-cote-dazur-france\/"]}]},{"@type":"ImageObject","inLanguage":"en-GB","@id":"https:\/\/www.sejourprive.com\/biens\/domaine-des-cistes-sainte-maxime-cote-dazur-france\/#primaryimage","url":"https:\/\/www.sejourprive.com\/wp-content\/uploads\/2026\/02\/0-50.jpg","contentUrl":"https:\/\/www.sejourprive.com\/wp-content\/uploads\/2026\/02\/0-50.jpg","width":1200,"height":800},{"@type":"BreadcrumbList","@id":"https:\/\/www.sejourprive.com\/biens\/domaine-des-cistes-sainte-maxime-cote-dazur-france\/#breadcrumb","itemListElement":[{"@type":"ListItem","position":1,"name":"Accueil","item":"https:\/\/www.sejourprive.com\/"},{"@type":"ListItem","position":2,"name":"Shop","item":"https:\/\/www.sejourprive.com\/shop\/"},{"@type":"ListItem","position":3,"name":"Domaine des Cistes, Sainte-Maxime, C\u00f4te d&#8217;Azur, France"}]},{"@type":"WebSite","@id":"https:\/\/www.sejourprive.com\/#website","url":"https:\/\/www.sejourprive.com\/","name":"Private Stay","description":"We design exceptional holidays for you.","publisher":{"@id":"https:\/\/www.sejourprive.com\/#organization"},"potentialAction":[{"@type":"SearchAction","target":{"@type":"EntryPoint","urlTemplate":"https:\/\/www.sejourprive.com\/?s={search_term_string}"},"query-input":{"@type":"PropertyValueSpecification","valueRequired":true,"valueName":"search_term_string"}}],"inLanguage":"en-GB"},{"@type":"Organization","@id":"https:\/\/www.sejourprive.com\/#organization","name":"Private Stay","url":"https:\/\/www.sejourprive.com\/","logo":{"@type":"ImageObject","inLanguage":"en-GB","@id":"https:\/\/www.sejourprive.com\/#\/schema\/logo\/image\/","url":"https:\/\/www.sejourprive.com\/wp-content\/uploads\/2026\/02\/SP-Apple-touch-144-couleur-1-2.png","contentUrl":"https:\/\/www.sejourprive.com\/wp-content\/uploads\/2026\/02\/SP-Apple-touch-144-couleur-1-2.png","width":145,"height":145,"caption":"S\u00e9jour Priv\u00e9"},"image":{"@id":"https:\/\/www.sejourprive.com\/#\/schema\/logo\/image\/"}}]}},"_links":{"self":[{"href":"https:\/\/www.sejourprive.com\/en\/wp-json\/wp\/v2\/product\/30296","targetHints":{"allow":["GET"]}}],"collection":[{"href":"https:\/\/www.sejourprive.com\/en\/wp-json\/wp\/v2\/product"}],"about":[{"href":"https:\/\/www.sejourprive.com\/en\/wp-json\/wp\/v2\/types\/product"}],"replies":[{"embeddable":true,"href":"https:\/\/www.sejourprive.com\/en\/wp-json\/wp\/v2\/comments?post=30296"}],"version-history":[{"count":0,"href":"https:\/\/www.sejourprive.com\/en\/wp-json\/wp\/v2\/product\/30296\/revisions"}],"wp:featuredmedia":[{"embeddable":true,"href":"https:\/\/www.sejourprive.com\/en\/wp-json\/wp\/v2\/media\/30300"}],"wp:attachment":[{"href":"https:\/\/www.sejourprive.com\/en\/wp-json\/wp\/v2\/media?parent=30296"}],"wp:term":[{"taxonomy":"product_brand","embeddable":true,"href":"https:\/\/www.sejourprive.com\/en\/wp-json\/wp\/v2\/product_brand?post=30296"},{"taxonomy":"product_cat","embeddable":true,"href":"https:\/\/www.sejourprive.com\/en\/wp-json\/wp\/v2\/product_cat?post=30296"},{"taxonomy":"product_tag","embeddable":true,"href":"https:\/\/www.sejourprive.com\/en\/wp-json\/wp\/v2\/product_tag?post=30296"}],"curies":[{"name":"wp","href":"https:\/\/api.w.org\/{rel}","templated":true}]}}