{"id":29049,"date":"2026-02-12T16:32:55","date_gmt":"2026-02-12T15:32:55","guid":{"rendered":"https:\/\/www.sejourprive.com\/?post_type=product&#038;p=29049"},"modified":"2026-02-12T16:32:55","modified_gmt":"2026-02-12T15:32:55","slug":"loasis-des-pins-presquile-saint-tropez-cote-dazur-france","status":"publish","type":"product","link":"https:\/\/www.sejourprive.com\/en\/biens\/loasis-des-pins-presquile-saint-tropez-cote-dazur-france\/","title":{"rendered":"L'Oasis des Pins, Presqu'\u00eele Saint-Tropez, C\u00f4te D'Azur, France"},"content":{"rendered":"<p>Nich\u00e9 sous une canop\u00e9e de pins centenaires, L&#8217;Oasis des Pins se d\u00e9voile dans un \u00e9crin de verdure luxuriant entre ciel et mer, en plein c\u0153ur de Saint-Tropez. Le jardin, baign\u00e9 de lumi\u00e8re et de brises fra\u00eeches, s&#8217;ouvre sur une vue apaisante qui s&#8217;\u00e9tend jusqu&#8217;\u00e0 l&#8217;horizon.<\/p>\n<p><span><div class=\"read-more-wrapper\"><a class=\"read-more-button\" data-target=\"read-more-69f334bfe944b\" data-more-text=\"Read more\" data-less-text=\"Read less\"><span class=\"read-more-text\">Read more<\/span><\/a><div id=\"read-more-69f334bfe944b\" class=\"read-more-content\"> <\/span><br \/>\nLe matin, une petite promenade dans la pin\u00e8de donne le ton de la journ\u00e9e, tandis que les enfants jouent \u00e0 cache-cache autour de la fontaine. \u00c0 l&#8217;heure du d\u00e9jeuner, tout le monde se retrouve sur la terrasse pour un barbecue. L&#8217;apr\u00e8s-midi, les plus \u00e9nergiques profitent d&#8217;une partie de tennis, tandis que les autres se pr\u00e9lassent au bord de la piscine. \u00c0 la tomb\u00e9e de la nuit, les rires fusent autour de la plancha, avant de se retirer dans la maison d&#8217;h\u00f4tes pour une nuit d\u00e9tendue et tranquille.<\/div><\/div><\/p>","protected":false},"excerpt":{"rendered":"<p>Nich\u00e9 sous une canop\u00e9e de pins centenaires, L&#8217;Oasis des Pins se d\u00e9voile dans un \u00e9crin de verdure luxuriant entre ciel&#8230;<\/p>","protected":false},"featured_media":29066,"comment_status":"open","ping_status":"closed","template":"","meta":{"_acf_changed":false},"product_brand":[],"product_cat":[15],"product_tag":[],"class_list":{"0":"post-29049","1":"product","2":"type-product","3":"status-publish","4":"has-post-thumbnail","6":"product_cat-villa","7":"property_location-france","8":"property_location-saint-tropez-et-alentours","10":"first","11":"instock","12":"sold-individually","13":"shipping-taxable","14":"purchasable","15":"product-type-simple"},"acf":[],"yoast_head":"<!-- This site is optimized with the Yoast SEO plugin v26.6 - https:\/\/yoast.com\/wordpress\/plugins\/seo\/ -->\n<title>L&#039;Oasis des Pins, Presqu&#039;\u00eele Saint-Tropez, C\u00f4te D&#039;Azur, France - S\u00e9jour Priv\u00e9<\/title>\n<meta name=\"description\" content=\"Nich\u00e9 sous une canop\u00e9e de pins centenaires, L&#039;Oasis des Pins se d\u00e9voile dans un \u00e9crin de verdure luxuriant entre ciel et mer, en plein c\u0153ur de\" \/>\n<meta name=\"robots\" content=\"index, follow, max-snippet:-1, max-image-preview:large, max-video-preview:-1\" \/>\n<link rel=\"canonical\" href=\"https:\/\/www.sejourprive.com\/en\/biens\/loasis-des-pins-presquile-saint-tropez-cote-dazur-france\/\" \/>\n<meta property=\"og:locale\" content=\"en_GB\" \/>\n<meta property=\"og:type\" content=\"article\" \/>\n<meta property=\"og:title\" content=\"L&#039;Oasis des Pins, Presqu&#039;\u00eele Saint-Tropez, C\u00f4te D&#039;Azur, France - S\u00e9jour Priv\u00e9\" \/>\n<meta property=\"og:description\" content=\"Nich\u00e9 sous une canop\u00e9e de pins centenaires, L&#039;Oasis des Pins se d\u00e9voile dans un \u00e9crin de verdure luxuriant entre ciel et mer, en plein c\u0153ur de\" \/>\n<meta property=\"og:url\" content=\"https:\/\/www.sejourprive.com\/en\/biens\/loasis-des-pins-presquile-saint-tropez-cote-dazur-france\/\" \/>\n<meta property=\"og:site_name\" content=\"S\u00e9jour Priv\u00e9\" \/>\n<meta property=\"og:image\" content=\"https:\/\/www.sejourprive.com\/wp-content\/uploads\/2026\/02\/12-33.jpg\" \/>\n\t<meta property=\"og:image:width\" content=\"1200\" \/>\n\t<meta property=\"og:image:height\" content=\"661\" \/>\n\t<meta property=\"og:image:type\" content=\"image\/jpeg\" \/>\n<meta name=\"twitter:card\" content=\"summary_large_image\" \/>\n<meta name=\"twitter:label1\" content=\"Estimated reading time\" \/>\n\t<meta name=\"twitter:data1\" content=\"1 minute\" \/>\n<script type=\"application\/ld+json\" class=\"yoast-schema-graph\">{\"@context\":\"https:\/\/schema.org\",\"@graph\":[{\"@type\":\"WebPage\",\"@id\":\"https:\/\/www.sejourprive.com\/biens\/loasis-des-pins-presquile-saint-tropez-cote-dazur-france\/\",\"url\":\"https:\/\/www.sejourprive.com\/biens\/loasis-des-pins-presquile-saint-tropez-cote-dazur-france\/\",\"name\":\"L'Oasis des Pins, Presqu'\u00eele Saint-Tropez, C\u00f4te D'Azur, France - S\u00e9jour Priv\u00e9\",\"isPartOf\":{\"@id\":\"https:\/\/www.sejourprive.com\/#website\"},\"primaryImageOfPage\":{\"@id\":\"https:\/\/www.sejourprive.com\/biens\/loasis-des-pins-presquile-saint-tropez-cote-dazur-france\/#primaryimage\"},\"image\":{\"@id\":\"https:\/\/www.sejourprive.com\/biens\/loasis-des-pins-presquile-saint-tropez-cote-dazur-france\/#primaryimage\"},\"thumbnailUrl\":\"https:\/\/www.sejourprive.com\/wp-content\/uploads\/2026\/02\/12-33.jpg\",\"datePublished\":\"2026-02-12T15:32:55+00:00\",\"description\":\"Nich\u00e9 sous une canop\u00e9e de pins centenaires, L'Oasis des Pins se d\u00e9voile dans un \u00e9crin de verdure luxuriant entre ciel et mer, en plein c\u0153ur de\",\"breadcrumb\":{\"@id\":\"https:\/\/www.sejourprive.com\/biens\/loasis-des-pins-presquile-saint-tropez-cote-dazur-france\/#breadcrumb\"},\"inLanguage\":\"en-GB\",\"potentialAction\":[{\"@type\":\"ReadAction\",\"target\":[\"https:\/\/www.sejourprive.com\/biens\/loasis-des-pins-presquile-saint-tropez-cote-dazur-france\/\"]}]},{\"@type\":\"ImageObject\",\"inLanguage\":\"en-GB\",\"@id\":\"https:\/\/www.sejourprive.com\/biens\/loasis-des-pins-presquile-saint-tropez-cote-dazur-france\/#primaryimage\",\"url\":\"https:\/\/www.sejourprive.com\/wp-content\/uploads\/2026\/02\/12-33.jpg\",\"contentUrl\":\"https:\/\/www.sejourprive.com\/wp-content\/uploads\/2026\/02\/12-33.jpg\",\"width\":1200,\"height\":661},{\"@type\":\"BreadcrumbList\",\"@id\":\"https:\/\/www.sejourprive.com\/biens\/loasis-des-pins-presquile-saint-tropez-cote-dazur-france\/#breadcrumb\",\"itemListElement\":[{\"@type\":\"ListItem\",\"position\":1,\"name\":\"Accueil\",\"item\":\"https:\/\/www.sejourprive.com\/\"},{\"@type\":\"ListItem\",\"position\":2,\"name\":\"Shop\",\"item\":\"https:\/\/www.sejourprive.com\/shop\/\"},{\"@type\":\"ListItem\",\"position\":3,\"name\":\"L&#8217;Oasis des Pins, Presqu&#8217;\u00eele Saint-Tropez, C\u00f4te D&#8217;Azur, France\"}]},{\"@type\":\"WebSite\",\"@id\":\"https:\/\/www.sejourprive.com\/#website\",\"url\":\"https:\/\/www.sejourprive.com\/\",\"name\":\"S\u00e9jour Priv\u00e9\",\"description\":\"Nous imaginons pour vous des s\u00e9jours d\u2019exception.\",\"publisher\":{\"@id\":\"https:\/\/www.sejourprive.com\/#organization\"},\"potentialAction\":[{\"@type\":\"SearchAction\",\"target\":{\"@type\":\"EntryPoint\",\"urlTemplate\":\"https:\/\/www.sejourprive.com\/?s={search_term_string}\"},\"query-input\":{\"@type\":\"PropertyValueSpecification\",\"valueRequired\":true,\"valueName\":\"search_term_string\"}}],\"inLanguage\":\"en-GB\"},{\"@type\":\"Organization\",\"@id\":\"https:\/\/www.sejourprive.com\/#organization\",\"name\":\"S\u00e9jour Priv\u00e9\",\"url\":\"https:\/\/www.sejourprive.com\/\",\"logo\":{\"@type\":\"ImageObject\",\"inLanguage\":\"en-GB\",\"@id\":\"https:\/\/www.sejourprive.com\/#\/schema\/logo\/image\/\",\"url\":\"https:\/\/www.sejourprive.com\/wp-content\/uploads\/2026\/02\/SP-Apple-touch-144-couleur-1-2.png\",\"contentUrl\":\"https:\/\/www.sejourprive.com\/wp-content\/uploads\/2026\/02\/SP-Apple-touch-144-couleur-1-2.png\",\"width\":145,\"height\":145,\"caption\":\"S\u00e9jour Priv\u00e9\"},\"image\":{\"@id\":\"https:\/\/www.sejourprive.com\/#\/schema\/logo\/image\/\"}}]}<\/script>\n<!-- \/ Yoast SEO plugin. -->","yoast_head_json":{"title":"L'Oasis des Pins, Presqu'\u00eele Saint-Tropez, C\u00f4te D'Azur, France - S\u00e9jour Priv\u00e9","description":"Nich\u00e9 sous une canop\u00e9e de pins centenaires, L'Oasis des Pins se d\u00e9voile dans un \u00e9crin de verdure luxuriant entre ciel et mer, en plein c\u0153ur de","robots":{"index":"index","follow":"follow","max-snippet":"max-snippet:-1","max-image-preview":"max-image-preview:large","max-video-preview":"max-video-preview:-1"},"canonical":"https:\/\/www.sejourprive.com\/en\/biens\/loasis-des-pins-presquile-saint-tropez-cote-dazur-france\/","og_locale":"en_GB","og_type":"article","og_title":"L'Oasis des Pins, Presqu'\u00eele Saint-Tropez, C\u00f4te D'Azur, France - S\u00e9jour Priv\u00e9","og_description":"Nich\u00e9 sous une canop\u00e9e de pins centenaires, L'Oasis des Pins se d\u00e9voile dans un \u00e9crin de verdure luxuriant entre ciel et mer, en plein c\u0153ur de","og_url":"https:\/\/www.sejourprive.com\/en\/biens\/loasis-des-pins-presquile-saint-tropez-cote-dazur-france\/","og_site_name":"S\u00e9jour Priv\u00e9","og_image":[{"width":1200,"height":661,"url":"https:\/\/www.sejourprive.com\/wp-content\/uploads\/2026\/02\/12-33.jpg","type":"image\/jpeg"}],"twitter_card":"summary_large_image","twitter_misc":{"Estimated reading time":"1 minute"},"schema":{"@context":"https:\/\/schema.org","@graph":[{"@type":"WebPage","@id":"https:\/\/www.sejourprive.com\/biens\/loasis-des-pins-presquile-saint-tropez-cote-dazur-france\/","url":"https:\/\/www.sejourprive.com\/biens\/loasis-des-pins-presquile-saint-tropez-cote-dazur-france\/","name":"L'Oasis des Pins, Presqu'\u00eele Saint-Tropez, C\u00f4te D'Azur, France - S\u00e9jour Priv\u00e9","isPartOf":{"@id":"https:\/\/www.sejourprive.com\/#website"},"primaryImageOfPage":{"@id":"https:\/\/www.sejourprive.com\/biens\/loasis-des-pins-presquile-saint-tropez-cote-dazur-france\/#primaryimage"},"image":{"@id":"https:\/\/www.sejourprive.com\/biens\/loasis-des-pins-presquile-saint-tropez-cote-dazur-france\/#primaryimage"},"thumbnailUrl":"https:\/\/www.sejourprive.com\/wp-content\/uploads\/2026\/02\/12-33.jpg","datePublished":"2026-02-12T15:32:55+00:00","description":"Nich\u00e9 sous une canop\u00e9e de pins centenaires, L'Oasis des Pins se d\u00e9voile dans un \u00e9crin de verdure luxuriant entre ciel et mer, en plein c\u0153ur de","breadcrumb":{"@id":"https:\/\/www.sejourprive.com\/biens\/loasis-des-pins-presquile-saint-tropez-cote-dazur-france\/#breadcrumb"},"inLanguage":"en-GB","potentialAction":[{"@type":"ReadAction","target":["https:\/\/www.sejourprive.com\/biens\/loasis-des-pins-presquile-saint-tropez-cote-dazur-france\/"]}]},{"@type":"ImageObject","inLanguage":"en-GB","@id":"https:\/\/www.sejourprive.com\/biens\/loasis-des-pins-presquile-saint-tropez-cote-dazur-france\/#primaryimage","url":"https:\/\/www.sejourprive.com\/wp-content\/uploads\/2026\/02\/12-33.jpg","contentUrl":"https:\/\/www.sejourprive.com\/wp-content\/uploads\/2026\/02\/12-33.jpg","width":1200,"height":661},{"@type":"BreadcrumbList","@id":"https:\/\/www.sejourprive.com\/biens\/loasis-des-pins-presquile-saint-tropez-cote-dazur-france\/#breadcrumb","itemListElement":[{"@type":"ListItem","position":1,"name":"Accueil","item":"https:\/\/www.sejourprive.com\/"},{"@type":"ListItem","position":2,"name":"Shop","item":"https:\/\/www.sejourprive.com\/shop\/"},{"@type":"ListItem","position":3,"name":"L&#8217;Oasis des Pins, Presqu&#8217;\u00eele Saint-Tropez, C\u00f4te D&#8217;Azur, France"}]},{"@type":"WebSite","@id":"https:\/\/www.sejourprive.com\/#website","url":"https:\/\/www.sejourprive.com\/","name":"Private Stay","description":"We design exceptional holidays for you.","publisher":{"@id":"https:\/\/www.sejourprive.com\/#organization"},"potentialAction":[{"@type":"SearchAction","target":{"@type":"EntryPoint","urlTemplate":"https:\/\/www.sejourprive.com\/?s={search_term_string}"},"query-input":{"@type":"PropertyValueSpecification","valueRequired":true,"valueName":"search_term_string"}}],"inLanguage":"en-GB"},{"@type":"Organization","@id":"https:\/\/www.sejourprive.com\/#organization","name":"Private Stay","url":"https:\/\/www.sejourprive.com\/","logo":{"@type":"ImageObject","inLanguage":"en-GB","@id":"https:\/\/www.sejourprive.com\/#\/schema\/logo\/image\/","url":"https:\/\/www.sejourprive.com\/wp-content\/uploads\/2026\/02\/SP-Apple-touch-144-couleur-1-2.png","contentUrl":"https:\/\/www.sejourprive.com\/wp-content\/uploads\/2026\/02\/SP-Apple-touch-144-couleur-1-2.png","width":145,"height":145,"caption":"S\u00e9jour Priv\u00e9"},"image":{"@id":"https:\/\/www.sejourprive.com\/#\/schema\/logo\/image\/"}}]}},"_links":{"self":[{"href":"https:\/\/www.sejourprive.com\/en\/wp-json\/wp\/v2\/product\/29049","targetHints":{"allow":["GET"]}}],"collection":[{"href":"https:\/\/www.sejourprive.com\/en\/wp-json\/wp\/v2\/product"}],"about":[{"href":"https:\/\/www.sejourprive.com\/en\/wp-json\/wp\/v2\/types\/product"}],"replies":[{"embeddable":true,"href":"https:\/\/www.sejourprive.com\/en\/wp-json\/wp\/v2\/comments?post=29049"}],"version-history":[{"count":0,"href":"https:\/\/www.sejourprive.com\/en\/wp-json\/wp\/v2\/product\/29049\/revisions"}],"wp:featuredmedia":[{"embeddable":true,"href":"https:\/\/www.sejourprive.com\/en\/wp-json\/wp\/v2\/media\/29066"}],"wp:attachment":[{"href":"https:\/\/www.sejourprive.com\/en\/wp-json\/wp\/v2\/media?parent=29049"}],"wp:term":[{"taxonomy":"product_brand","embeddable":true,"href":"https:\/\/www.sejourprive.com\/en\/wp-json\/wp\/v2\/product_brand?post=29049"},{"taxonomy":"product_cat","embeddable":true,"href":"https:\/\/www.sejourprive.com\/en\/wp-json\/wp\/v2\/product_cat?post=29049"},{"taxonomy":"product_tag","embeddable":true,"href":"https:\/\/www.sejourprive.com\/en\/wp-json\/wp\/v2\/product_tag?post=29049"}],"curies":[{"name":"wp","href":"https:\/\/api.w.org\/{rel}","templated":true}]}}