{"id":28049,"date":"2026-02-11T16:20:17","date_gmt":"2026-02-11T15:20:17","guid":{"rendered":"https:\/\/www.sejourprive.com\/?post_type=product&#038;p=28049"},"modified":"2026-02-11T22:20:33","modified_gmt":"2026-02-11T21:20:33","slug":"villa-la-finca-la-croix-valmer-cote-dazur-france","status":"publish","type":"product","link":"https:\/\/www.sejourprive.com\/en\/biens\/villa-la-finca-la-croix-valmer-cote-dazur-france\/","title":{"rendered":"Villa La Finca, La Croix-Valmer, C\u00f4te d'Azur, France"},"content":{"rendered":"<p>Bienvenue au paradis ! Entre boh\u00e8me et chic trop\u00e9zien, la Villa La Finca nous transporte vers l&#8217;atmosph\u00e8re l\u00e9gendaire de la C\u00f4te d&#8217;Azur des sixties. Commencez votre matin\u00e9e par un petit d\u00e9jeuner familial autour de la table ronde de la terrasse. L&#8217;ar\u00f4me du caf\u00e9 se m\u00eale \u00e0 l&#8217;air iod\u00e9 et face \u00e0 vous, la mer s&#8217;\u00e9tend \u00e0 l&#8217;infini et se fond dans le ciel serein. Choisissez ensuite votre endroit pr\u00e9f\u00e9r\u00e9 sous le soleil : sur un transat au bord de la piscine ou \u00e0 l&#8217;ombre d&#8217;un parasol avec vue sur les vagues ?<\/p>","protected":false},"excerpt":{"rendered":"<p>Bienvenue au paradis ! Entre boh\u00e8me et chic trop\u00e9zien, la Villa La Finca nous transporte vers l&#8217;atmosph\u00e8re l\u00e9gendaire de la&#8230;<\/p>","protected":false},"featured_media":28441,"comment_status":"open","ping_status":"closed","template":"","meta":{"_acf_changed":false},"product_brand":[],"product_cat":[15],"product_tag":[],"class_list":{"0":"post-28049","1":"product","2":"type-product","3":"status-publish","4":"has-post-thumbnail","6":"product_cat-villa","7":"property_location-france","8":"property_location-saint-tropez-et-alentours","10":"first","11":"instock","12":"sold-individually","13":"shipping-taxable","14":"purchasable","15":"product-type-simple"},"acf":[],"yoast_head":"<!-- This site is optimized with the Yoast SEO plugin v26.6 - https:\/\/yoast.com\/wordpress\/plugins\/seo\/ -->\n<title>Villa La Finca, La Croix-Valmer, C\u00f4te d&#039;Azur, France - S\u00e9jour Priv\u00e9<\/title>\n<meta name=\"description\" content=\"Bienvenue au paradis ! Entre boh\u00e8me et chic trop\u00e9zien, la Villa La Finca nous transporte vers l&#039;atmosph\u00e8re l\u00e9gendaire de la C\u00f4te d&#039;Azur des sixties.\" \/>\n<meta name=\"robots\" content=\"index, follow, max-snippet:-1, max-image-preview:large, max-video-preview:-1\" \/>\n<link rel=\"canonical\" href=\"https:\/\/www.sejourprive.com\/en\/biens\/villa-la-finca-la-croix-valmer-cote-dazur-france\/\" \/>\n<meta property=\"og:locale\" content=\"en_GB\" \/>\n<meta property=\"og:type\" content=\"article\" \/>\n<meta property=\"og:title\" content=\"Villa La Finca, La Croix-Valmer, C\u00f4te d&#039;Azur, France - S\u00e9jour Priv\u00e9\" \/>\n<meta property=\"og:description\" content=\"Bienvenue au paradis ! Entre boh\u00e8me et chic trop\u00e9zien, la Villa La Finca nous transporte vers l&#039;atmosph\u00e8re l\u00e9gendaire de la C\u00f4te d&#039;Azur des sixties.\" \/>\n<meta property=\"og:url\" content=\"https:\/\/www.sejourprive.com\/en\/biens\/villa-la-finca-la-croix-valmer-cote-dazur-france\/\" \/>\n<meta property=\"og:site_name\" content=\"S\u00e9jour Priv\u00e9\" \/>\n<meta property=\"article:modified_time\" content=\"2026-02-11T21:20:33+00:00\" \/>\n<meta property=\"og:image\" content=\"https:\/\/www.sejourprive.com\/wp-content\/uploads\/2026\/02\/2022-02-21-4a8371fff08e4d57f11ae78ceaf5c6b0.webp\" \/>\n\t<meta property=\"og:image:width\" content=\"1872\" \/>\n\t<meta property=\"og:image:height\" content=\"1248\" \/>\n\t<meta property=\"og:image:type\" content=\"image\/webp\" \/>\n<meta name=\"twitter:card\" content=\"summary_large_image\" \/>\n<meta name=\"twitter:label1\" content=\"Estimated reading time\" \/>\n\t<meta name=\"twitter:data1\" content=\"1 minute\" \/>\n<script type=\"application\/ld+json\" class=\"yoast-schema-graph\">{\"@context\":\"https:\/\/schema.org\",\"@graph\":[{\"@type\":\"WebPage\",\"@id\":\"https:\/\/www.sejourprive.com\/biens\/villa-la-finca-la-croix-valmer-cote-dazur-france\/\",\"url\":\"https:\/\/www.sejourprive.com\/biens\/villa-la-finca-la-croix-valmer-cote-dazur-france\/\",\"name\":\"Villa La Finca, La Croix-Valmer, C\u00f4te d'Azur, France - S\u00e9jour Priv\u00e9\",\"isPartOf\":{\"@id\":\"https:\/\/www.sejourprive.com\/#website\"},\"primaryImageOfPage\":{\"@id\":\"https:\/\/www.sejourprive.com\/biens\/villa-la-finca-la-croix-valmer-cote-dazur-france\/#primaryimage\"},\"image\":{\"@id\":\"https:\/\/www.sejourprive.com\/biens\/villa-la-finca-la-croix-valmer-cote-dazur-france\/#primaryimage\"},\"thumbnailUrl\":\"https:\/\/www.sejourprive.com\/wp-content\/uploads\/2026\/02\/2022-02-21-4a8371fff08e4d57f11ae78ceaf5c6b0.webp\",\"datePublished\":\"2026-02-11T15:20:17+00:00\",\"dateModified\":\"2026-02-11T21:20:33+00:00\",\"description\":\"Bienvenue au paradis ! Entre boh\u00e8me et chic trop\u00e9zien, la Villa La Finca nous transporte vers l'atmosph\u00e8re l\u00e9gendaire de la C\u00f4te d'Azur des sixties.\",\"breadcrumb\":{\"@id\":\"https:\/\/www.sejourprive.com\/biens\/villa-la-finca-la-croix-valmer-cote-dazur-france\/#breadcrumb\"},\"inLanguage\":\"en-GB\",\"potentialAction\":[{\"@type\":\"ReadAction\",\"target\":[\"https:\/\/www.sejourprive.com\/biens\/villa-la-finca-la-croix-valmer-cote-dazur-france\/\"]}]},{\"@type\":\"ImageObject\",\"inLanguage\":\"en-GB\",\"@id\":\"https:\/\/www.sejourprive.com\/biens\/villa-la-finca-la-croix-valmer-cote-dazur-france\/#primaryimage\",\"url\":\"https:\/\/www.sejourprive.com\/wp-content\/uploads\/2026\/02\/2022-02-21-4a8371fff08e4d57f11ae78ceaf5c6b0.webp\",\"contentUrl\":\"https:\/\/www.sejourprive.com\/wp-content\/uploads\/2026\/02\/2022-02-21-4a8371fff08e4d57f11ae78ceaf5c6b0.webp\",\"width\":1872,\"height\":1248},{\"@type\":\"BreadcrumbList\",\"@id\":\"https:\/\/www.sejourprive.com\/biens\/villa-la-finca-la-croix-valmer-cote-dazur-france\/#breadcrumb\",\"itemListElement\":[{\"@type\":\"ListItem\",\"position\":1,\"name\":\"Accueil\",\"item\":\"https:\/\/www.sejourprive.com\/\"},{\"@type\":\"ListItem\",\"position\":2,\"name\":\"Shop\",\"item\":\"https:\/\/www.sejourprive.com\/shop\/\"},{\"@type\":\"ListItem\",\"position\":3,\"name\":\"Villa La Finca, La Croix-Valmer, C\u00f4te d&#8217;Azur, France\"}]},{\"@type\":\"WebSite\",\"@id\":\"https:\/\/www.sejourprive.com\/#website\",\"url\":\"https:\/\/www.sejourprive.com\/\",\"name\":\"S\u00e9jour Priv\u00e9\",\"description\":\"Nous imaginons pour vous des s\u00e9jours d\u2019exception.\",\"publisher\":{\"@id\":\"https:\/\/www.sejourprive.com\/#organization\"},\"potentialAction\":[{\"@type\":\"SearchAction\",\"target\":{\"@type\":\"EntryPoint\",\"urlTemplate\":\"https:\/\/www.sejourprive.com\/?s={search_term_string}\"},\"query-input\":{\"@type\":\"PropertyValueSpecification\",\"valueRequired\":true,\"valueName\":\"search_term_string\"}}],\"inLanguage\":\"en-GB\"},{\"@type\":\"Organization\",\"@id\":\"https:\/\/www.sejourprive.com\/#organization\",\"name\":\"S\u00e9jour Priv\u00e9\",\"url\":\"https:\/\/www.sejourprive.com\/\",\"logo\":{\"@type\":\"ImageObject\",\"inLanguage\":\"en-GB\",\"@id\":\"https:\/\/www.sejourprive.com\/#\/schema\/logo\/image\/\",\"url\":\"https:\/\/www.sejourprive.com\/wp-content\/uploads\/2026\/02\/SP-Apple-touch-144-couleur-1-2.png\",\"contentUrl\":\"https:\/\/www.sejourprive.com\/wp-content\/uploads\/2026\/02\/SP-Apple-touch-144-couleur-1-2.png\",\"width\":145,\"height\":145,\"caption\":\"S\u00e9jour Priv\u00e9\"},\"image\":{\"@id\":\"https:\/\/www.sejourprive.com\/#\/schema\/logo\/image\/\"}}]}<\/script>\n<!-- \/ Yoast SEO plugin. -->","yoast_head_json":{"title":"Villa La Finca, La Croix-Valmer, C\u00f4te d'Azur, France - S\u00e9jour Priv\u00e9","description":"Bienvenue au paradis ! Entre boh\u00e8me et chic trop\u00e9zien, la Villa La Finca nous transporte vers l'atmosph\u00e8re l\u00e9gendaire de la C\u00f4te d'Azur des sixties.","robots":{"index":"index","follow":"follow","max-snippet":"max-snippet:-1","max-image-preview":"max-image-preview:large","max-video-preview":"max-video-preview:-1"},"canonical":"https:\/\/www.sejourprive.com\/en\/biens\/villa-la-finca-la-croix-valmer-cote-dazur-france\/","og_locale":"en_GB","og_type":"article","og_title":"Villa La Finca, La Croix-Valmer, C\u00f4te d'Azur, France - S\u00e9jour Priv\u00e9","og_description":"Bienvenue au paradis ! Entre boh\u00e8me et chic trop\u00e9zien, la Villa La Finca nous transporte vers l'atmosph\u00e8re l\u00e9gendaire de la C\u00f4te d'Azur des sixties.","og_url":"https:\/\/www.sejourprive.com\/en\/biens\/villa-la-finca-la-croix-valmer-cote-dazur-france\/","og_site_name":"S\u00e9jour Priv\u00e9","article_modified_time":"2026-02-11T21:20:33+00:00","og_image":[{"width":1872,"height":1248,"url":"https:\/\/www.sejourprive.com\/wp-content\/uploads\/2026\/02\/2022-02-21-4a8371fff08e4d57f11ae78ceaf5c6b0.webp","type":"image\/webp"}],"twitter_card":"summary_large_image","twitter_misc":{"Estimated reading time":"1 minute"},"schema":{"@context":"https:\/\/schema.org","@graph":[{"@type":"WebPage","@id":"https:\/\/www.sejourprive.com\/biens\/villa-la-finca-la-croix-valmer-cote-dazur-france\/","url":"https:\/\/www.sejourprive.com\/biens\/villa-la-finca-la-croix-valmer-cote-dazur-france\/","name":"Villa La Finca, La Croix-Valmer, C\u00f4te d'Azur, France - S\u00e9jour Priv\u00e9","isPartOf":{"@id":"https:\/\/www.sejourprive.com\/#website"},"primaryImageOfPage":{"@id":"https:\/\/www.sejourprive.com\/biens\/villa-la-finca-la-croix-valmer-cote-dazur-france\/#primaryimage"},"image":{"@id":"https:\/\/www.sejourprive.com\/biens\/villa-la-finca-la-croix-valmer-cote-dazur-france\/#primaryimage"},"thumbnailUrl":"https:\/\/www.sejourprive.com\/wp-content\/uploads\/2026\/02\/2022-02-21-4a8371fff08e4d57f11ae78ceaf5c6b0.webp","datePublished":"2026-02-11T15:20:17+00:00","dateModified":"2026-02-11T21:20:33+00:00","description":"Bienvenue au paradis ! Entre boh\u00e8me et chic trop\u00e9zien, la Villa La Finca nous transporte vers l'atmosph\u00e8re l\u00e9gendaire de la C\u00f4te d'Azur des sixties.","breadcrumb":{"@id":"https:\/\/www.sejourprive.com\/biens\/villa-la-finca-la-croix-valmer-cote-dazur-france\/#breadcrumb"},"inLanguage":"en-GB","potentialAction":[{"@type":"ReadAction","target":["https:\/\/www.sejourprive.com\/biens\/villa-la-finca-la-croix-valmer-cote-dazur-france\/"]}]},{"@type":"ImageObject","inLanguage":"en-GB","@id":"https:\/\/www.sejourprive.com\/biens\/villa-la-finca-la-croix-valmer-cote-dazur-france\/#primaryimage","url":"https:\/\/www.sejourprive.com\/wp-content\/uploads\/2026\/02\/2022-02-21-4a8371fff08e4d57f11ae78ceaf5c6b0.webp","contentUrl":"https:\/\/www.sejourprive.com\/wp-content\/uploads\/2026\/02\/2022-02-21-4a8371fff08e4d57f11ae78ceaf5c6b0.webp","width":1872,"height":1248},{"@type":"BreadcrumbList","@id":"https:\/\/www.sejourprive.com\/biens\/villa-la-finca-la-croix-valmer-cote-dazur-france\/#breadcrumb","itemListElement":[{"@type":"ListItem","position":1,"name":"Accueil","item":"https:\/\/www.sejourprive.com\/"},{"@type":"ListItem","position":2,"name":"Shop","item":"https:\/\/www.sejourprive.com\/shop\/"},{"@type":"ListItem","position":3,"name":"Villa La Finca, La Croix-Valmer, C\u00f4te d&#8217;Azur, France"}]},{"@type":"WebSite","@id":"https:\/\/www.sejourprive.com\/#website","url":"https:\/\/www.sejourprive.com\/","name":"Private Stay","description":"We design exceptional holidays for you.","publisher":{"@id":"https:\/\/www.sejourprive.com\/#organization"},"potentialAction":[{"@type":"SearchAction","target":{"@type":"EntryPoint","urlTemplate":"https:\/\/www.sejourprive.com\/?s={search_term_string}"},"query-input":{"@type":"PropertyValueSpecification","valueRequired":true,"valueName":"search_term_string"}}],"inLanguage":"en-GB"},{"@type":"Organization","@id":"https:\/\/www.sejourprive.com\/#organization","name":"Private Stay","url":"https:\/\/www.sejourprive.com\/","logo":{"@type":"ImageObject","inLanguage":"en-GB","@id":"https:\/\/www.sejourprive.com\/#\/schema\/logo\/image\/","url":"https:\/\/www.sejourprive.com\/wp-content\/uploads\/2026\/02\/SP-Apple-touch-144-couleur-1-2.png","contentUrl":"https:\/\/www.sejourprive.com\/wp-content\/uploads\/2026\/02\/SP-Apple-touch-144-couleur-1-2.png","width":145,"height":145,"caption":"S\u00e9jour Priv\u00e9"},"image":{"@id":"https:\/\/www.sejourprive.com\/#\/schema\/logo\/image\/"}}]}},"_links":{"self":[{"href":"https:\/\/www.sejourprive.com\/en\/wp-json\/wp\/v2\/product\/28049","targetHints":{"allow":["GET"]}}],"collection":[{"href":"https:\/\/www.sejourprive.com\/en\/wp-json\/wp\/v2\/product"}],"about":[{"href":"https:\/\/www.sejourprive.com\/en\/wp-json\/wp\/v2\/types\/product"}],"replies":[{"embeddable":true,"href":"https:\/\/www.sejourprive.com\/en\/wp-json\/wp\/v2\/comments?post=28049"}],"version-history":[{"count":0,"href":"https:\/\/www.sejourprive.com\/en\/wp-json\/wp\/v2\/product\/28049\/revisions"}],"wp:featuredmedia":[{"embeddable":true,"href":"https:\/\/www.sejourprive.com\/en\/wp-json\/wp\/v2\/media\/28441"}],"wp:attachment":[{"href":"https:\/\/www.sejourprive.com\/en\/wp-json\/wp\/v2\/media?parent=28049"}],"wp:term":[{"taxonomy":"product_brand","embeddable":true,"href":"https:\/\/www.sejourprive.com\/en\/wp-json\/wp\/v2\/product_brand?post=28049"},{"taxonomy":"product_cat","embeddable":true,"href":"https:\/\/www.sejourprive.com\/en\/wp-json\/wp\/v2\/product_cat?post=28049"},{"taxonomy":"product_tag","embeddable":true,"href":"https:\/\/www.sejourprive.com\/en\/wp-json\/wp\/v2\/product_tag?post=28049"}],"curies":[{"name":"wp","href":"https:\/\/api.w.org\/{rel}","templated":true}]}}