{"id":27709,"date":"2026-02-11T11:50:47","date_gmt":"2026-02-11T10:50:47","guid":{"rendered":"https:\/\/www.sejourprive.com\/?post_type=product&#038;p=27709"},"modified":"2026-02-11T22:20:34","modified_gmt":"2026-02-11T21:20:34","slug":"villa-nessa-grimaud-cote-dazur-france","status":"publish","type":"product","link":"https:\/\/www.sejourprive.com\/en\/biens\/villa-nessa-grimaud-cote-dazur-france\/","title":{"rendered":"Villa Nessa, Grimaud, C\u00f4te D'Azur, France"},"content":{"rendered":"<p>Situ\u00e9e \u00e0 proximit\u00e9 du pittoresque village de Grimaud, la Villa Nessa se distingue par son architecture moderne et sa d\u00e9coration color\u00e9e. Son emplacement privil\u00e9gi\u00e9 offre une vue magnifique sur la mer et le village, tout en pr\u00e9servant une atmosph\u00e8re intime et tranquille. M\u00e9lange harmonieux de design contemporain, de lignes \u00e9pur\u00e9es et de touches naturelles, elle incarne tout le charme de la M\u00e9diterran\u00e9e.<\/p>\n<p>Lorsque vous vous r\u00e9veillez \u00e0 la Villa Nessa, admirez le lever du soleil depuis votre terrasse avant de vous rendre \u00e0 la piscine \u00e0 d\u00e9bordement pour une baignade matinale. Apr\u00e8s un petit-d\u00e9jeuner en plein air, suivi d&#8217;une s\u00e9ance d&#8217;entra\u00eenement dans la salle de fitness, prenez le temps d&#8217;explorer Grimaud, en fl\u00e2nant dans ses rues pittoresques, en d\u00e9couvrant ses boutiques et en savourant la cuisine locale dans l&#8217;un des nombreux restaurants. De retour \u00e0 la maison, pourquoi ne pas faire une partie de paddle avec votre famille ? Et pour terminer votre journ\u00e9e en beaut\u00e9, pr\u00e9parez un barbecue ou un d\u00eener \u00e0 la plancha, tout en admirant le coucher de soleil sur la C\u00f4te d&#8217;Azur.<\/p>","protected":false},"excerpt":{"rendered":"<p>Situ\u00e9e \u00e0 proximit\u00e9 du pittoresque village de Grimaud, la Villa Nessa se distingue par son architecture moderne et sa d\u00e9coration&#8230;<\/p>","protected":false},"featured_media":27784,"comment_status":"open","ping_status":"closed","template":"","meta":{"_acf_changed":false},"product_brand":[],"product_cat":[15],"product_tag":[],"class_list":{"0":"post-27709","1":"product","2":"type-product","3":"status-publish","4":"has-post-thumbnail","6":"product_cat-villa","7":"property_location-france","8":"property_location-saint-tropez-et-alentours","10":"first","11":"instock","12":"sold-individually","13":"shipping-taxable","14":"purchasable","15":"product-type-simple"},"acf":[],"yoast_head":"<!-- This site is optimized with the Yoast SEO plugin v26.6 - https:\/\/yoast.com\/wordpress\/plugins\/seo\/ -->\n<title>Villa Nessa, Grimaud, C\u00f4te D&#039;Azur, France - S\u00e9jour Priv\u00e9<\/title>\n<meta name=\"description\" content=\"Situ\u00e9e \u00e0 proximit\u00e9 du pittoresque village de Grimaud, la Villa Nessa se distingue par son architecture moderne et sa d\u00e9coration color\u00e9e. Son emplacement\" \/>\n<meta name=\"robots\" content=\"index, follow, max-snippet:-1, max-image-preview:large, max-video-preview:-1\" \/>\n<link rel=\"canonical\" href=\"https:\/\/www.sejourprive.com\/en\/biens\/villa-nessa-grimaud-cote-dazur-france\/\" \/>\n<meta property=\"og:locale\" content=\"en_GB\" \/>\n<meta property=\"og:type\" content=\"article\" \/>\n<meta property=\"og:title\" content=\"Villa Nessa, Grimaud, C\u00f4te D&#039;Azur, France - S\u00e9jour Priv\u00e9\" \/>\n<meta property=\"og:description\" content=\"Situ\u00e9e \u00e0 proximit\u00e9 du pittoresque village de Grimaud, la Villa Nessa se distingue par son architecture moderne et sa d\u00e9coration color\u00e9e. Son emplacement\" \/>\n<meta property=\"og:url\" content=\"https:\/\/www.sejourprive.com\/en\/biens\/villa-nessa-grimaud-cote-dazur-france\/\" \/>\n<meta property=\"og:site_name\" content=\"S\u00e9jour Priv\u00e9\" \/>\n<meta property=\"article:modified_time\" content=\"2026-02-11T21:20:34+00:00\" \/>\n<meta property=\"og:image\" content=\"https:\/\/www.sejourprive.com\/wp-content\/uploads\/2026\/02\/3-16.jpg\" \/>\n\t<meta property=\"og:image:width\" content=\"1200\" \/>\n\t<meta property=\"og:image:height\" content=\"900\" \/>\n\t<meta property=\"og:image:type\" content=\"image\/jpeg\" \/>\n<meta name=\"twitter:card\" content=\"summary_large_image\" \/>\n<meta name=\"twitter:label1\" content=\"Estimated reading time\" \/>\n\t<meta name=\"twitter:data1\" content=\"2 minutes\" \/>\n<script type=\"application\/ld+json\" class=\"yoast-schema-graph\">{\"@context\":\"https:\/\/schema.org\",\"@graph\":[{\"@type\":\"WebPage\",\"@id\":\"https:\/\/www.sejourprive.com\/biens\/villa-nessa-grimaud-cote-dazur-france\/\",\"url\":\"https:\/\/www.sejourprive.com\/biens\/villa-nessa-grimaud-cote-dazur-france\/\",\"name\":\"Villa Nessa, Grimaud, C\u00f4te D'Azur, France - S\u00e9jour Priv\u00e9\",\"isPartOf\":{\"@id\":\"https:\/\/www.sejourprive.com\/#website\"},\"primaryImageOfPage\":{\"@id\":\"https:\/\/www.sejourprive.com\/biens\/villa-nessa-grimaud-cote-dazur-france\/#primaryimage\"},\"image\":{\"@id\":\"https:\/\/www.sejourprive.com\/biens\/villa-nessa-grimaud-cote-dazur-france\/#primaryimage\"},\"thumbnailUrl\":\"https:\/\/www.sejourprive.com\/wp-content\/uploads\/2026\/02\/3-16.jpg\",\"datePublished\":\"2026-02-11T10:50:47+00:00\",\"dateModified\":\"2026-02-11T21:20:34+00:00\",\"description\":\"Situ\u00e9e \u00e0 proximit\u00e9 du pittoresque village de Grimaud, la Villa Nessa se distingue par son architecture moderne et sa d\u00e9coration color\u00e9e. Son emplacement\",\"breadcrumb\":{\"@id\":\"https:\/\/www.sejourprive.com\/biens\/villa-nessa-grimaud-cote-dazur-france\/#breadcrumb\"},\"inLanguage\":\"en-GB\",\"potentialAction\":[{\"@type\":\"ReadAction\",\"target\":[\"https:\/\/www.sejourprive.com\/biens\/villa-nessa-grimaud-cote-dazur-france\/\"]}]},{\"@type\":\"ImageObject\",\"inLanguage\":\"en-GB\",\"@id\":\"https:\/\/www.sejourprive.com\/biens\/villa-nessa-grimaud-cote-dazur-france\/#primaryimage\",\"url\":\"https:\/\/www.sejourprive.com\/wp-content\/uploads\/2026\/02\/3-16.jpg\",\"contentUrl\":\"https:\/\/www.sejourprive.com\/wp-content\/uploads\/2026\/02\/3-16.jpg\",\"width\":1200,\"height\":900},{\"@type\":\"BreadcrumbList\",\"@id\":\"https:\/\/www.sejourprive.com\/biens\/villa-nessa-grimaud-cote-dazur-france\/#breadcrumb\",\"itemListElement\":[{\"@type\":\"ListItem\",\"position\":1,\"name\":\"Accueil\",\"item\":\"https:\/\/www.sejourprive.com\/\"},{\"@type\":\"ListItem\",\"position\":2,\"name\":\"Shop\",\"item\":\"https:\/\/www.sejourprive.com\/shop\/\"},{\"@type\":\"ListItem\",\"position\":3,\"name\":\"Villa Nessa, Grimaud, C\u00f4te D&#8217;Azur, France\"}]},{\"@type\":\"WebSite\",\"@id\":\"https:\/\/www.sejourprive.com\/#website\",\"url\":\"https:\/\/www.sejourprive.com\/\",\"name\":\"S\u00e9jour Priv\u00e9\",\"description\":\"Nous imaginons pour vous des s\u00e9jours d\u2019exception.\",\"publisher\":{\"@id\":\"https:\/\/www.sejourprive.com\/#organization\"},\"potentialAction\":[{\"@type\":\"SearchAction\",\"target\":{\"@type\":\"EntryPoint\",\"urlTemplate\":\"https:\/\/www.sejourprive.com\/?s={search_term_string}\"},\"query-input\":{\"@type\":\"PropertyValueSpecification\",\"valueRequired\":true,\"valueName\":\"search_term_string\"}}],\"inLanguage\":\"en-GB\"},{\"@type\":\"Organization\",\"@id\":\"https:\/\/www.sejourprive.com\/#organization\",\"name\":\"S\u00e9jour Priv\u00e9\",\"url\":\"https:\/\/www.sejourprive.com\/\",\"logo\":{\"@type\":\"ImageObject\",\"inLanguage\":\"en-GB\",\"@id\":\"https:\/\/www.sejourprive.com\/#\/schema\/logo\/image\/\",\"url\":\"https:\/\/www.sejourprive.com\/wp-content\/uploads\/2026\/02\/SP-Apple-touch-144-couleur-1-2.png\",\"contentUrl\":\"https:\/\/www.sejourprive.com\/wp-content\/uploads\/2026\/02\/SP-Apple-touch-144-couleur-1-2.png\",\"width\":145,\"height\":145,\"caption\":\"S\u00e9jour Priv\u00e9\"},\"image\":{\"@id\":\"https:\/\/www.sejourprive.com\/#\/schema\/logo\/image\/\"}}]}<\/script>\n<!-- \/ Yoast SEO plugin. -->","yoast_head_json":{"title":"Villa Nessa, Grimaud, C\u00f4te D'Azur, France - S\u00e9jour Priv\u00e9","description":"Situ\u00e9e \u00e0 proximit\u00e9 du pittoresque village de Grimaud, la Villa Nessa se distingue par son architecture moderne et sa d\u00e9coration color\u00e9e. Son emplacement","robots":{"index":"index","follow":"follow","max-snippet":"max-snippet:-1","max-image-preview":"max-image-preview:large","max-video-preview":"max-video-preview:-1"},"canonical":"https:\/\/www.sejourprive.com\/en\/biens\/villa-nessa-grimaud-cote-dazur-france\/","og_locale":"en_GB","og_type":"article","og_title":"Villa Nessa, Grimaud, C\u00f4te D'Azur, France - S\u00e9jour Priv\u00e9","og_description":"Situ\u00e9e \u00e0 proximit\u00e9 du pittoresque village de Grimaud, la Villa Nessa se distingue par son architecture moderne et sa d\u00e9coration color\u00e9e. Son emplacement","og_url":"https:\/\/www.sejourprive.com\/en\/biens\/villa-nessa-grimaud-cote-dazur-france\/","og_site_name":"S\u00e9jour Priv\u00e9","article_modified_time":"2026-02-11T21:20:34+00:00","og_image":[{"width":1200,"height":900,"url":"https:\/\/www.sejourprive.com\/wp-content\/uploads\/2026\/02\/3-16.jpg","type":"image\/jpeg"}],"twitter_card":"summary_large_image","twitter_misc":{"Estimated reading time":"2 minutes"},"schema":{"@context":"https:\/\/schema.org","@graph":[{"@type":"WebPage","@id":"https:\/\/www.sejourprive.com\/biens\/villa-nessa-grimaud-cote-dazur-france\/","url":"https:\/\/www.sejourprive.com\/biens\/villa-nessa-grimaud-cote-dazur-france\/","name":"Villa Nessa, Grimaud, C\u00f4te D'Azur, France - S\u00e9jour Priv\u00e9","isPartOf":{"@id":"https:\/\/www.sejourprive.com\/#website"},"primaryImageOfPage":{"@id":"https:\/\/www.sejourprive.com\/biens\/villa-nessa-grimaud-cote-dazur-france\/#primaryimage"},"image":{"@id":"https:\/\/www.sejourprive.com\/biens\/villa-nessa-grimaud-cote-dazur-france\/#primaryimage"},"thumbnailUrl":"https:\/\/www.sejourprive.com\/wp-content\/uploads\/2026\/02\/3-16.jpg","datePublished":"2026-02-11T10:50:47+00:00","dateModified":"2026-02-11T21:20:34+00:00","description":"Situ\u00e9e \u00e0 proximit\u00e9 du pittoresque village de Grimaud, la Villa Nessa se distingue par son architecture moderne et sa d\u00e9coration color\u00e9e. Son emplacement","breadcrumb":{"@id":"https:\/\/www.sejourprive.com\/biens\/villa-nessa-grimaud-cote-dazur-france\/#breadcrumb"},"inLanguage":"en-GB","potentialAction":[{"@type":"ReadAction","target":["https:\/\/www.sejourprive.com\/biens\/villa-nessa-grimaud-cote-dazur-france\/"]}]},{"@type":"ImageObject","inLanguage":"en-GB","@id":"https:\/\/www.sejourprive.com\/biens\/villa-nessa-grimaud-cote-dazur-france\/#primaryimage","url":"https:\/\/www.sejourprive.com\/wp-content\/uploads\/2026\/02\/3-16.jpg","contentUrl":"https:\/\/www.sejourprive.com\/wp-content\/uploads\/2026\/02\/3-16.jpg","width":1200,"height":900},{"@type":"BreadcrumbList","@id":"https:\/\/www.sejourprive.com\/biens\/villa-nessa-grimaud-cote-dazur-france\/#breadcrumb","itemListElement":[{"@type":"ListItem","position":1,"name":"Accueil","item":"https:\/\/www.sejourprive.com\/"},{"@type":"ListItem","position":2,"name":"Shop","item":"https:\/\/www.sejourprive.com\/shop\/"},{"@type":"ListItem","position":3,"name":"Villa Nessa, Grimaud, C\u00f4te D&#8217;Azur, France"}]},{"@type":"WebSite","@id":"https:\/\/www.sejourprive.com\/#website","url":"https:\/\/www.sejourprive.com\/","name":"Private Stay","description":"We design exceptional holidays for you.","publisher":{"@id":"https:\/\/www.sejourprive.com\/#organization"},"potentialAction":[{"@type":"SearchAction","target":{"@type":"EntryPoint","urlTemplate":"https:\/\/www.sejourprive.com\/?s={search_term_string}"},"query-input":{"@type":"PropertyValueSpecification","valueRequired":true,"valueName":"search_term_string"}}],"inLanguage":"en-GB"},{"@type":"Organization","@id":"https:\/\/www.sejourprive.com\/#organization","name":"Private Stay","url":"https:\/\/www.sejourprive.com\/","logo":{"@type":"ImageObject","inLanguage":"en-GB","@id":"https:\/\/www.sejourprive.com\/#\/schema\/logo\/image\/","url":"https:\/\/www.sejourprive.com\/wp-content\/uploads\/2026\/02\/SP-Apple-touch-144-couleur-1-2.png","contentUrl":"https:\/\/www.sejourprive.com\/wp-content\/uploads\/2026\/02\/SP-Apple-touch-144-couleur-1-2.png","width":145,"height":145,"caption":"S\u00e9jour Priv\u00e9"},"image":{"@id":"https:\/\/www.sejourprive.com\/#\/schema\/logo\/image\/"}}]}},"_links":{"self":[{"href":"https:\/\/www.sejourprive.com\/en\/wp-json\/wp\/v2\/product\/27709","targetHints":{"allow":["GET"]}}],"collection":[{"href":"https:\/\/www.sejourprive.com\/en\/wp-json\/wp\/v2\/product"}],"about":[{"href":"https:\/\/www.sejourprive.com\/en\/wp-json\/wp\/v2\/types\/product"}],"replies":[{"embeddable":true,"href":"https:\/\/www.sejourprive.com\/en\/wp-json\/wp\/v2\/comments?post=27709"}],"version-history":[{"count":0,"href":"https:\/\/www.sejourprive.com\/en\/wp-json\/wp\/v2\/product\/27709\/revisions"}],"wp:featuredmedia":[{"embeddable":true,"href":"https:\/\/www.sejourprive.com\/en\/wp-json\/wp\/v2\/media\/27784"}],"wp:attachment":[{"href":"https:\/\/www.sejourprive.com\/en\/wp-json\/wp\/v2\/media?parent=27709"}],"wp:term":[{"taxonomy":"product_brand","embeddable":true,"href":"https:\/\/www.sejourprive.com\/en\/wp-json\/wp\/v2\/product_brand?post=27709"},{"taxonomy":"product_cat","embeddable":true,"href":"https:\/\/www.sejourprive.com\/en\/wp-json\/wp\/v2\/product_cat?post=27709"},{"taxonomy":"product_tag","embeddable":true,"href":"https:\/\/www.sejourprive.com\/en\/wp-json\/wp\/v2\/product_tag?post=27709"}],"curies":[{"name":"wp","href":"https:\/\/api.w.org\/{rel}","templated":true}]}}