{"id":27663,"date":"2026-02-11T15:30:39","date_gmt":"2026-02-11T14:30:39","guid":{"rendered":"https:\/\/www.sejourprive.com\/?post_type=product&#038;p=27663"},"modified":"2026-02-11T22:20:33","modified_gmt":"2026-02-11T21:20:33","slug":"villa-evassa-ramatuelle-cote-dazur-france","status":"publish","type":"product","link":"https:\/\/www.sejourprive.com\/en\/biens\/villa-evassa-ramatuelle-cote-dazur-france\/","title":{"rendered":"Villa Evassa, Ramatuelle, C\u00f4te d'Azur, France"},"content":{"rendered":"<p>La Villa Evassa allie architecture contemporaine et art de vivre m\u00e9diterran\u00e9en. \u00c0 quelques pas de l&#8217;iconique plage de Pampelonne et de ses beach-clubs embl\u00e9matiques, elle abrite de vastes espaces baign\u00e9s de lumi\u00e8re, entre confort et convivialit\u00e9. <\/p>\n<p><span><div class=\"read-more-wrapper\"><a class=\"read-more-button\" data-target=\"read-more-69f9ba2400101\" data-more-text=\"Read more\" data-less-text=\"Read less\"><span class=\"read-more-text\">Read more<\/span><\/a><div id=\"read-more-69f9ba2400101\" class=\"read-more-content\"> <\/span>Commencez la journ\u00e9e par une promenade matinale \u00e0 travers les sentiers bord\u00e9s de vignes, avant de vous installer sous la pergola pour savourer un petit-d\u00e9jeuner au calme. Rejoignez ensuite la piscine, o\u00f9 transats et sun beds vous attendent, tandis que les plus jeunes s\u2019en donneront \u00e0 c\u0153ur joie dans la salle de jeux de la maison. Pour l&#8217;ap\u00e9ritif, lancez une partie de p\u00e9tanque sous les pins, puis retrouvez-vous autour d\u2019un d\u00eener sous les \u00e9toiles, berc\u00e9s par la douceur des soir\u00e9es trop\u00e9ziennes.<\/div><\/div> <\/p>","protected":false},"excerpt":{"rendered":"<p>La Villa Evassa allie architecture contemporaine et art de vivre m\u00e9diterran\u00e9en. \u00c0 quelques pas de l&#8217;iconique plage de Pampelonne et&#8230;<\/p>","protected":false},"featured_media":28353,"comment_status":"open","ping_status":"closed","template":"","meta":{"_acf_changed":false},"product_brand":[],"product_cat":[15],"product_tag":[],"class_list":{"0":"post-27663","1":"product","2":"type-product","3":"status-publish","4":"has-post-thumbnail","6":"product_cat-villa","7":"property_location-france","8":"property_location-saint-tropez-et-alentours","10":"first","11":"instock","12":"sold-individually","13":"shipping-taxable","14":"purchasable","15":"product-type-simple"},"acf":[],"yoast_head":"<!-- This site is optimized with the Yoast SEO plugin v26.6 - https:\/\/yoast.com\/wordpress\/plugins\/seo\/ -->\n<title>Villa Evassa, Ramatuelle, C\u00f4te d&#039;Azur, France - S\u00e9jour Priv\u00e9<\/title>\n<meta name=\"description\" content=\"La Villa Evassa allie architecture contemporaine et art de vivre m\u00e9diterran\u00e9en. \u00c0 quelques pas de l&#039;iconique plage de Pampelonne et de ses beach-clubs\" \/>\n<meta name=\"robots\" content=\"index, follow, max-snippet:-1, max-image-preview:large, max-video-preview:-1\" \/>\n<link rel=\"canonical\" href=\"https:\/\/www.sejourprive.com\/en\/biens\/villa-evassa-ramatuelle-cote-dazur-france\/\" \/>\n<meta property=\"og:locale\" content=\"en_GB\" \/>\n<meta property=\"og:type\" content=\"article\" \/>\n<meta property=\"og:title\" content=\"Villa Evassa, Ramatuelle, C\u00f4te d&#039;Azur, France - S\u00e9jour Priv\u00e9\" \/>\n<meta property=\"og:description\" content=\"La Villa Evassa allie architecture contemporaine et art de vivre m\u00e9diterran\u00e9en. \u00c0 quelques pas de l&#039;iconique plage de Pampelonne et de ses beach-clubs\" \/>\n<meta property=\"og:url\" content=\"https:\/\/www.sejourprive.com\/en\/biens\/villa-evassa-ramatuelle-cote-dazur-france\/\" \/>\n<meta property=\"og:site_name\" content=\"S\u00e9jour Priv\u00e9\" \/>\n<meta property=\"article:modified_time\" content=\"2026-02-11T21:20:33+00:00\" \/>\n<meta property=\"og:image\" content=\"https:\/\/www.sejourprive.com\/wp-content\/uploads\/2026\/02\/yk41zfFrSGS3TyMyBcvo_608c0226-ac70-4fb4-dc91-70d7a4bd9701.webp\" \/>\n\t<meta property=\"og:image:width\" content=\"1103\" \/>\n\t<meta property=\"og:image:height\" content=\"736\" \/>\n\t<meta property=\"og:image:type\" content=\"image\/webp\" \/>\n<meta name=\"twitter:card\" content=\"summary_large_image\" \/>\n<meta name=\"twitter:label1\" content=\"Estimated reading time\" \/>\n\t<meta name=\"twitter:data1\" content=\"1 minute\" \/>\n<script type=\"application\/ld+json\" class=\"yoast-schema-graph\">{\"@context\":\"https:\/\/schema.org\",\"@graph\":[{\"@type\":\"WebPage\",\"@id\":\"https:\/\/www.sejourprive.com\/biens\/villa-evassa-ramatuelle-cote-dazur-france\/\",\"url\":\"https:\/\/www.sejourprive.com\/biens\/villa-evassa-ramatuelle-cote-dazur-france\/\",\"name\":\"Villa Evassa, Ramatuelle, C\u00f4te d'Azur, France - S\u00e9jour Priv\u00e9\",\"isPartOf\":{\"@id\":\"https:\/\/www.sejourprive.com\/#website\"},\"primaryImageOfPage\":{\"@id\":\"https:\/\/www.sejourprive.com\/biens\/villa-evassa-ramatuelle-cote-dazur-france\/#primaryimage\"},\"image\":{\"@id\":\"https:\/\/www.sejourprive.com\/biens\/villa-evassa-ramatuelle-cote-dazur-france\/#primaryimage\"},\"thumbnailUrl\":\"https:\/\/www.sejourprive.com\/wp-content\/uploads\/2026\/02\/yk41zfFrSGS3TyMyBcvo_608c0226-ac70-4fb4-dc91-70d7a4bd9701.webp\",\"datePublished\":\"2026-02-11T14:30:39+00:00\",\"dateModified\":\"2026-02-11T21:20:33+00:00\",\"description\":\"La Villa Evassa allie architecture contemporaine et art de vivre m\u00e9diterran\u00e9en. \u00c0 quelques pas de l'iconique plage de Pampelonne et de ses beach-clubs\",\"breadcrumb\":{\"@id\":\"https:\/\/www.sejourprive.com\/biens\/villa-evassa-ramatuelle-cote-dazur-france\/#breadcrumb\"},\"inLanguage\":\"en-GB\",\"potentialAction\":[{\"@type\":\"ReadAction\",\"target\":[\"https:\/\/www.sejourprive.com\/biens\/villa-evassa-ramatuelle-cote-dazur-france\/\"]}]},{\"@type\":\"ImageObject\",\"inLanguage\":\"en-GB\",\"@id\":\"https:\/\/www.sejourprive.com\/biens\/villa-evassa-ramatuelle-cote-dazur-france\/#primaryimage\",\"url\":\"https:\/\/www.sejourprive.com\/wp-content\/uploads\/2026\/02\/yk41zfFrSGS3TyMyBcvo_608c0226-ac70-4fb4-dc91-70d7a4bd9701.webp\",\"contentUrl\":\"https:\/\/www.sejourprive.com\/wp-content\/uploads\/2026\/02\/yk41zfFrSGS3TyMyBcvo_608c0226-ac70-4fb4-dc91-70d7a4bd9701.webp\",\"width\":1103,\"height\":736},{\"@type\":\"BreadcrumbList\",\"@id\":\"https:\/\/www.sejourprive.com\/biens\/villa-evassa-ramatuelle-cote-dazur-france\/#breadcrumb\",\"itemListElement\":[{\"@type\":\"ListItem\",\"position\":1,\"name\":\"Accueil\",\"item\":\"https:\/\/www.sejourprive.com\/\"},{\"@type\":\"ListItem\",\"position\":2,\"name\":\"Shop\",\"item\":\"https:\/\/www.sejourprive.com\/shop\/\"},{\"@type\":\"ListItem\",\"position\":3,\"name\":\"Villa Evassa, Ramatuelle, C\u00f4te d&#8217;Azur, France\"}]},{\"@type\":\"WebSite\",\"@id\":\"https:\/\/www.sejourprive.com\/#website\",\"url\":\"https:\/\/www.sejourprive.com\/\",\"name\":\"S\u00e9jour Priv\u00e9\",\"description\":\"Nous imaginons pour vous des s\u00e9jours d\u2019exception.\",\"publisher\":{\"@id\":\"https:\/\/www.sejourprive.com\/#organization\"},\"potentialAction\":[{\"@type\":\"SearchAction\",\"target\":{\"@type\":\"EntryPoint\",\"urlTemplate\":\"https:\/\/www.sejourprive.com\/?s={search_term_string}\"},\"query-input\":{\"@type\":\"PropertyValueSpecification\",\"valueRequired\":true,\"valueName\":\"search_term_string\"}}],\"inLanguage\":\"en-GB\"},{\"@type\":\"Organization\",\"@id\":\"https:\/\/www.sejourprive.com\/#organization\",\"name\":\"S\u00e9jour Priv\u00e9\",\"url\":\"https:\/\/www.sejourprive.com\/\",\"logo\":{\"@type\":\"ImageObject\",\"inLanguage\":\"en-GB\",\"@id\":\"https:\/\/www.sejourprive.com\/#\/schema\/logo\/image\/\",\"url\":\"https:\/\/www.sejourprive.com\/wp-content\/uploads\/2026\/02\/SP-Apple-touch-144-couleur-1-2.png\",\"contentUrl\":\"https:\/\/www.sejourprive.com\/wp-content\/uploads\/2026\/02\/SP-Apple-touch-144-couleur-1-2.png\",\"width\":145,\"height\":145,\"caption\":\"S\u00e9jour Priv\u00e9\"},\"image\":{\"@id\":\"https:\/\/www.sejourprive.com\/#\/schema\/logo\/image\/\"}}]}<\/script>\n<!-- \/ Yoast SEO plugin. -->","yoast_head_json":{"title":"Villa Evassa, Ramatuelle, C\u00f4te d'Azur, France - S\u00e9jour Priv\u00e9","description":"La Villa Evassa allie architecture contemporaine et art de vivre m\u00e9diterran\u00e9en. \u00c0 quelques pas de l'iconique plage de Pampelonne et de ses beach-clubs","robots":{"index":"index","follow":"follow","max-snippet":"max-snippet:-1","max-image-preview":"max-image-preview:large","max-video-preview":"max-video-preview:-1"},"canonical":"https:\/\/www.sejourprive.com\/en\/biens\/villa-evassa-ramatuelle-cote-dazur-france\/","og_locale":"en_GB","og_type":"article","og_title":"Villa Evassa, Ramatuelle, C\u00f4te d'Azur, France - S\u00e9jour Priv\u00e9","og_description":"La Villa Evassa allie architecture contemporaine et art de vivre m\u00e9diterran\u00e9en. \u00c0 quelques pas de l'iconique plage de Pampelonne et de ses beach-clubs","og_url":"https:\/\/www.sejourprive.com\/en\/biens\/villa-evassa-ramatuelle-cote-dazur-france\/","og_site_name":"S\u00e9jour Priv\u00e9","article_modified_time":"2026-02-11T21:20:33+00:00","og_image":[{"width":1103,"height":736,"url":"https:\/\/www.sejourprive.com\/wp-content\/uploads\/2026\/02\/yk41zfFrSGS3TyMyBcvo_608c0226-ac70-4fb4-dc91-70d7a4bd9701.webp","type":"image\/webp"}],"twitter_card":"summary_large_image","twitter_misc":{"Estimated reading time":"1 minute"},"schema":{"@context":"https:\/\/schema.org","@graph":[{"@type":"WebPage","@id":"https:\/\/www.sejourprive.com\/biens\/villa-evassa-ramatuelle-cote-dazur-france\/","url":"https:\/\/www.sejourprive.com\/biens\/villa-evassa-ramatuelle-cote-dazur-france\/","name":"Villa Evassa, Ramatuelle, C\u00f4te d'Azur, France - S\u00e9jour Priv\u00e9","isPartOf":{"@id":"https:\/\/www.sejourprive.com\/#website"},"primaryImageOfPage":{"@id":"https:\/\/www.sejourprive.com\/biens\/villa-evassa-ramatuelle-cote-dazur-france\/#primaryimage"},"image":{"@id":"https:\/\/www.sejourprive.com\/biens\/villa-evassa-ramatuelle-cote-dazur-france\/#primaryimage"},"thumbnailUrl":"https:\/\/www.sejourprive.com\/wp-content\/uploads\/2026\/02\/yk41zfFrSGS3TyMyBcvo_608c0226-ac70-4fb4-dc91-70d7a4bd9701.webp","datePublished":"2026-02-11T14:30:39+00:00","dateModified":"2026-02-11T21:20:33+00:00","description":"La Villa Evassa allie architecture contemporaine et art de vivre m\u00e9diterran\u00e9en. \u00c0 quelques pas de l'iconique plage de Pampelonne et de ses beach-clubs","breadcrumb":{"@id":"https:\/\/www.sejourprive.com\/biens\/villa-evassa-ramatuelle-cote-dazur-france\/#breadcrumb"},"inLanguage":"en-GB","potentialAction":[{"@type":"ReadAction","target":["https:\/\/www.sejourprive.com\/biens\/villa-evassa-ramatuelle-cote-dazur-france\/"]}]},{"@type":"ImageObject","inLanguage":"en-GB","@id":"https:\/\/www.sejourprive.com\/biens\/villa-evassa-ramatuelle-cote-dazur-france\/#primaryimage","url":"https:\/\/www.sejourprive.com\/wp-content\/uploads\/2026\/02\/yk41zfFrSGS3TyMyBcvo_608c0226-ac70-4fb4-dc91-70d7a4bd9701.webp","contentUrl":"https:\/\/www.sejourprive.com\/wp-content\/uploads\/2026\/02\/yk41zfFrSGS3TyMyBcvo_608c0226-ac70-4fb4-dc91-70d7a4bd9701.webp","width":1103,"height":736},{"@type":"BreadcrumbList","@id":"https:\/\/www.sejourprive.com\/biens\/villa-evassa-ramatuelle-cote-dazur-france\/#breadcrumb","itemListElement":[{"@type":"ListItem","position":1,"name":"Accueil","item":"https:\/\/www.sejourprive.com\/"},{"@type":"ListItem","position":2,"name":"Shop","item":"https:\/\/www.sejourprive.com\/shop\/"},{"@type":"ListItem","position":3,"name":"Villa Evassa, Ramatuelle, C\u00f4te d&#8217;Azur, France"}]},{"@type":"WebSite","@id":"https:\/\/www.sejourprive.com\/#website","url":"https:\/\/www.sejourprive.com\/","name":"Private Stay","description":"We design exceptional holidays for you.","publisher":{"@id":"https:\/\/www.sejourprive.com\/#organization"},"potentialAction":[{"@type":"SearchAction","target":{"@type":"EntryPoint","urlTemplate":"https:\/\/www.sejourprive.com\/?s={search_term_string}"},"query-input":{"@type":"PropertyValueSpecification","valueRequired":true,"valueName":"search_term_string"}}],"inLanguage":"en-GB"},{"@type":"Organization","@id":"https:\/\/www.sejourprive.com\/#organization","name":"Private Stay","url":"https:\/\/www.sejourprive.com\/","logo":{"@type":"ImageObject","inLanguage":"en-GB","@id":"https:\/\/www.sejourprive.com\/#\/schema\/logo\/image\/","url":"https:\/\/www.sejourprive.com\/wp-content\/uploads\/2026\/02\/SP-Apple-touch-144-couleur-1-2.png","contentUrl":"https:\/\/www.sejourprive.com\/wp-content\/uploads\/2026\/02\/SP-Apple-touch-144-couleur-1-2.png","width":145,"height":145,"caption":"S\u00e9jour Priv\u00e9"},"image":{"@id":"https:\/\/www.sejourprive.com\/#\/schema\/logo\/image\/"}}]}},"_links":{"self":[{"href":"https:\/\/www.sejourprive.com\/en\/wp-json\/wp\/v2\/product\/27663","targetHints":{"allow":["GET"]}}],"collection":[{"href":"https:\/\/www.sejourprive.com\/en\/wp-json\/wp\/v2\/product"}],"about":[{"href":"https:\/\/www.sejourprive.com\/en\/wp-json\/wp\/v2\/types\/product"}],"replies":[{"embeddable":true,"href":"https:\/\/www.sejourprive.com\/en\/wp-json\/wp\/v2\/comments?post=27663"}],"version-history":[{"count":0,"href":"https:\/\/www.sejourprive.com\/en\/wp-json\/wp\/v2\/product\/27663\/revisions"}],"wp:featuredmedia":[{"embeddable":true,"href":"https:\/\/www.sejourprive.com\/en\/wp-json\/wp\/v2\/media\/28353"}],"wp:attachment":[{"href":"https:\/\/www.sejourprive.com\/en\/wp-json\/wp\/v2\/media?parent=27663"}],"wp:term":[{"taxonomy":"product_brand","embeddable":true,"href":"https:\/\/www.sejourprive.com\/en\/wp-json\/wp\/v2\/product_brand?post=27663"},{"taxonomy":"product_cat","embeddable":true,"href":"https:\/\/www.sejourprive.com\/en\/wp-json\/wp\/v2\/product_cat?post=27663"},{"taxonomy":"product_tag","embeddable":true,"href":"https:\/\/www.sejourprive.com\/en\/wp-json\/wp\/v2\/product_tag?post=27663"}],"curies":[{"name":"wp","href":"https:\/\/api.w.org\/{rel}","templated":true}]}}