{"id":27613,"date":"2026-02-11T14:59:00","date_gmt":"2026-02-11T13:59:00","guid":{"rendered":"https:\/\/www.sejourprive.com\/?post_type=product&#038;p=27613"},"modified":"2026-02-11T22:20:33","modified_gmt":"2026-02-11T21:20:33","slug":"villa-maestra-presquile-saint-tropez-cote-dazur-france","status":"publish","type":"product","link":"https:\/\/www.sejourprive.com\/en\/biens\/villa-maestra-presquile-saint-tropez-cote-dazur-france\/","title":{"rendered":"Villa Maestra, Presqu'\u00eele Saint-Tropez, C\u00f4te D'Azur, France"},"content":{"rendered":"<p>Situ\u00e9e dans le quartier hupp\u00e9 de Pierre Plant\u00e9e, la Villa Maestra est un refuge contemporain raffin\u00e9 qui surplombe la baie de Canoubiers et les vignobles vallonn\u00e9s. \u00c0 seulement cinq minutes du port et de la place des Lices, elle offre intimit\u00e9 et calme tout en permettant d&#8217;acc\u00e9der facilement aux plages et \u00e0 l&#8217;animation de la ville. <\/p>\n<p>Au lever du soleil, r\u00e9unissez-vous pour un d\u00e9jeuner tranquille dans la salle \u00e0 manger ext\u00e9rieure, entour\u00e9e d&#8217;une vue sur le jardin. Passez l&#8217;apr\u00e8s-midi \u00e0 regarder un film dans la salle de cin\u00e9ma ou simplement \u00e0 vous d\u00e9tendre au bord de la piscine. \u00c0 la tomb\u00e9e de la nuit, allumez le barbecue et savourez un d\u00eener sous les \u00e9toiles, avec la vue sur la mer et la brise des vignobles qui cr\u00e9ent l&#8217;ambiance pour une soir\u00e9e inoubliable.<\/p>","protected":false},"excerpt":{"rendered":"<p>Situ\u00e9e dans le quartier hupp\u00e9 de Pierre Plant\u00e9e, la Villa Maestra est un refuge contemporain raffin\u00e9 qui surplombe la baie&#8230;<\/p>","protected":false},"featured_media":27704,"comment_status":"open","ping_status":"closed","template":"","meta":{"_acf_changed":false},"product_brand":[],"product_cat":[15],"product_tag":[],"class_list":{"0":"post-27613","1":"product","2":"type-product","3":"status-publish","4":"has-post-thumbnail","6":"product_cat-villa","7":"property_location-france","8":"property_location-saint-tropez-et-alentours","10":"first","11":"instock","12":"sold-individually","13":"shipping-taxable","14":"purchasable","15":"product-type-simple"},"acf":[],"yoast_head":"<!-- This site is optimized with the Yoast SEO plugin v26.6 - https:\/\/yoast.com\/wordpress\/plugins\/seo\/ -->\n<title>Villa Maestra, Presqu&#039;\u00eele Saint-Tropez, C\u00f4te D&#039;Azur, France - S\u00e9jour Priv\u00e9<\/title>\n<meta name=\"description\" content=\"Situ\u00e9e dans le quartier hupp\u00e9 de Pierre Plant\u00e9e, la Villa Maestra est un refuge contemporain raffin\u00e9 qui surplombe la baie de Canoubiers et les vignobles\" \/>\n<meta name=\"robots\" content=\"index, follow, max-snippet:-1, max-image-preview:large, max-video-preview:-1\" \/>\n<link rel=\"canonical\" href=\"https:\/\/www.sejourprive.com\/en\/biens\/villa-maestra-presquile-saint-tropez-cote-dazur-france\/\" \/>\n<meta property=\"og:locale\" content=\"en_GB\" \/>\n<meta property=\"og:type\" content=\"article\" \/>\n<meta property=\"og:title\" content=\"Villa Maestra, Presqu&#039;\u00eele Saint-Tropez, C\u00f4te D&#039;Azur, France - S\u00e9jour Priv\u00e9\" \/>\n<meta property=\"og:description\" content=\"Situ\u00e9e dans le quartier hupp\u00e9 de Pierre Plant\u00e9e, la Villa Maestra est un refuge contemporain raffin\u00e9 qui surplombe la baie de Canoubiers et les vignobles\" \/>\n<meta property=\"og:url\" content=\"https:\/\/www.sejourprive.com\/en\/biens\/villa-maestra-presquile-saint-tropez-cote-dazur-france\/\" \/>\n<meta property=\"og:site_name\" content=\"S\u00e9jour Priv\u00e9\" \/>\n<meta property=\"article:modified_time\" content=\"2026-02-11T21:20:33+00:00\" \/>\n<meta property=\"og:image\" content=\"https:\/\/www.sejourprive.com\/wp-content\/uploads\/2026\/02\/33-13.jpg\" \/>\n\t<meta property=\"og:image:width\" content=\"1200\" \/>\n\t<meta property=\"og:image:height\" content=\"843\" \/>\n\t<meta property=\"og:image:type\" content=\"image\/jpeg\" \/>\n<meta name=\"twitter:card\" content=\"summary_large_image\" \/>\n<meta name=\"twitter:label1\" content=\"Estimated reading time\" \/>\n\t<meta name=\"twitter:data1\" content=\"1 minute\" \/>\n<script type=\"application\/ld+json\" class=\"yoast-schema-graph\">{\"@context\":\"https:\/\/schema.org\",\"@graph\":[{\"@type\":\"WebPage\",\"@id\":\"https:\/\/www.sejourprive.com\/biens\/villa-maestra-presquile-saint-tropez-cote-dazur-france\/\",\"url\":\"https:\/\/www.sejourprive.com\/biens\/villa-maestra-presquile-saint-tropez-cote-dazur-france\/\",\"name\":\"Villa Maestra, Presqu'\u00eele Saint-Tropez, C\u00f4te D'Azur, France - S\u00e9jour Priv\u00e9\",\"isPartOf\":{\"@id\":\"https:\/\/www.sejourprive.com\/#website\"},\"primaryImageOfPage\":{\"@id\":\"https:\/\/www.sejourprive.com\/biens\/villa-maestra-presquile-saint-tropez-cote-dazur-france\/#primaryimage\"},\"image\":{\"@id\":\"https:\/\/www.sejourprive.com\/biens\/villa-maestra-presquile-saint-tropez-cote-dazur-france\/#primaryimage\"},\"thumbnailUrl\":\"https:\/\/www.sejourprive.com\/wp-content\/uploads\/2026\/02\/33-13.jpg\",\"datePublished\":\"2026-02-11T13:59:00+00:00\",\"dateModified\":\"2026-02-11T21:20:33+00:00\",\"description\":\"Situ\u00e9e dans le quartier hupp\u00e9 de Pierre Plant\u00e9e, la Villa Maestra est un refuge contemporain raffin\u00e9 qui surplombe la baie de Canoubiers et les vignobles\",\"breadcrumb\":{\"@id\":\"https:\/\/www.sejourprive.com\/biens\/villa-maestra-presquile-saint-tropez-cote-dazur-france\/#breadcrumb\"},\"inLanguage\":\"en-GB\",\"potentialAction\":[{\"@type\":\"ReadAction\",\"target\":[\"https:\/\/www.sejourprive.com\/biens\/villa-maestra-presquile-saint-tropez-cote-dazur-france\/\"]}]},{\"@type\":\"ImageObject\",\"inLanguage\":\"en-GB\",\"@id\":\"https:\/\/www.sejourprive.com\/biens\/villa-maestra-presquile-saint-tropez-cote-dazur-france\/#primaryimage\",\"url\":\"https:\/\/www.sejourprive.com\/wp-content\/uploads\/2026\/02\/33-13.jpg\",\"contentUrl\":\"https:\/\/www.sejourprive.com\/wp-content\/uploads\/2026\/02\/33-13.jpg\",\"width\":1200,\"height\":843},{\"@type\":\"BreadcrumbList\",\"@id\":\"https:\/\/www.sejourprive.com\/biens\/villa-maestra-presquile-saint-tropez-cote-dazur-france\/#breadcrumb\",\"itemListElement\":[{\"@type\":\"ListItem\",\"position\":1,\"name\":\"Accueil\",\"item\":\"https:\/\/www.sejourprive.com\/\"},{\"@type\":\"ListItem\",\"position\":2,\"name\":\"Shop\",\"item\":\"https:\/\/www.sejourprive.com\/shop\/\"},{\"@type\":\"ListItem\",\"position\":3,\"name\":\"Villa Maestra, Presqu&#8217;\u00eele Saint-Tropez, C\u00f4te D&#8217;Azur, France\"}]},{\"@type\":\"WebSite\",\"@id\":\"https:\/\/www.sejourprive.com\/#website\",\"url\":\"https:\/\/www.sejourprive.com\/\",\"name\":\"S\u00e9jour Priv\u00e9\",\"description\":\"Nous imaginons pour vous des s\u00e9jours d\u2019exception.\",\"publisher\":{\"@id\":\"https:\/\/www.sejourprive.com\/#organization\"},\"potentialAction\":[{\"@type\":\"SearchAction\",\"target\":{\"@type\":\"EntryPoint\",\"urlTemplate\":\"https:\/\/www.sejourprive.com\/?s={search_term_string}\"},\"query-input\":{\"@type\":\"PropertyValueSpecification\",\"valueRequired\":true,\"valueName\":\"search_term_string\"}}],\"inLanguage\":\"en-GB\"},{\"@type\":\"Organization\",\"@id\":\"https:\/\/www.sejourprive.com\/#organization\",\"name\":\"S\u00e9jour Priv\u00e9\",\"url\":\"https:\/\/www.sejourprive.com\/\",\"logo\":{\"@type\":\"ImageObject\",\"inLanguage\":\"en-GB\",\"@id\":\"https:\/\/www.sejourprive.com\/#\/schema\/logo\/image\/\",\"url\":\"https:\/\/www.sejourprive.com\/wp-content\/uploads\/2026\/02\/SP-Apple-touch-144-couleur-1-2.png\",\"contentUrl\":\"https:\/\/www.sejourprive.com\/wp-content\/uploads\/2026\/02\/SP-Apple-touch-144-couleur-1-2.png\",\"width\":145,\"height\":145,\"caption\":\"S\u00e9jour Priv\u00e9\"},\"image\":{\"@id\":\"https:\/\/www.sejourprive.com\/#\/schema\/logo\/image\/\"}}]}<\/script>\n<!-- \/ Yoast SEO plugin. -->","yoast_head_json":{"title":"Villa Maestra, Presqu'\u00eele Saint-Tropez, C\u00f4te D'Azur, France - S\u00e9jour Priv\u00e9","description":"Situ\u00e9e dans le quartier hupp\u00e9 de Pierre Plant\u00e9e, la Villa Maestra est un refuge contemporain raffin\u00e9 qui surplombe la baie de Canoubiers et les vignobles","robots":{"index":"index","follow":"follow","max-snippet":"max-snippet:-1","max-image-preview":"max-image-preview:large","max-video-preview":"max-video-preview:-1"},"canonical":"https:\/\/www.sejourprive.com\/en\/biens\/villa-maestra-presquile-saint-tropez-cote-dazur-france\/","og_locale":"en_GB","og_type":"article","og_title":"Villa Maestra, Presqu'\u00eele Saint-Tropez, C\u00f4te D'Azur, France - S\u00e9jour Priv\u00e9","og_description":"Situ\u00e9e dans le quartier hupp\u00e9 de Pierre Plant\u00e9e, la Villa Maestra est un refuge contemporain raffin\u00e9 qui surplombe la baie de Canoubiers et les vignobles","og_url":"https:\/\/www.sejourprive.com\/en\/biens\/villa-maestra-presquile-saint-tropez-cote-dazur-france\/","og_site_name":"S\u00e9jour Priv\u00e9","article_modified_time":"2026-02-11T21:20:33+00:00","og_image":[{"width":1200,"height":843,"url":"https:\/\/www.sejourprive.com\/wp-content\/uploads\/2026\/02\/33-13.jpg","type":"image\/jpeg"}],"twitter_card":"summary_large_image","twitter_misc":{"Estimated reading time":"1 minute"},"schema":{"@context":"https:\/\/schema.org","@graph":[{"@type":"WebPage","@id":"https:\/\/www.sejourprive.com\/biens\/villa-maestra-presquile-saint-tropez-cote-dazur-france\/","url":"https:\/\/www.sejourprive.com\/biens\/villa-maestra-presquile-saint-tropez-cote-dazur-france\/","name":"Villa Maestra, Presqu'\u00eele Saint-Tropez, C\u00f4te D'Azur, France - S\u00e9jour Priv\u00e9","isPartOf":{"@id":"https:\/\/www.sejourprive.com\/#website"},"primaryImageOfPage":{"@id":"https:\/\/www.sejourprive.com\/biens\/villa-maestra-presquile-saint-tropez-cote-dazur-france\/#primaryimage"},"image":{"@id":"https:\/\/www.sejourprive.com\/biens\/villa-maestra-presquile-saint-tropez-cote-dazur-france\/#primaryimage"},"thumbnailUrl":"https:\/\/www.sejourprive.com\/wp-content\/uploads\/2026\/02\/33-13.jpg","datePublished":"2026-02-11T13:59:00+00:00","dateModified":"2026-02-11T21:20:33+00:00","description":"Situ\u00e9e dans le quartier hupp\u00e9 de Pierre Plant\u00e9e, la Villa Maestra est un refuge contemporain raffin\u00e9 qui surplombe la baie de Canoubiers et les vignobles","breadcrumb":{"@id":"https:\/\/www.sejourprive.com\/biens\/villa-maestra-presquile-saint-tropez-cote-dazur-france\/#breadcrumb"},"inLanguage":"en-GB","potentialAction":[{"@type":"ReadAction","target":["https:\/\/www.sejourprive.com\/biens\/villa-maestra-presquile-saint-tropez-cote-dazur-france\/"]}]},{"@type":"ImageObject","inLanguage":"en-GB","@id":"https:\/\/www.sejourprive.com\/biens\/villa-maestra-presquile-saint-tropez-cote-dazur-france\/#primaryimage","url":"https:\/\/www.sejourprive.com\/wp-content\/uploads\/2026\/02\/33-13.jpg","contentUrl":"https:\/\/www.sejourprive.com\/wp-content\/uploads\/2026\/02\/33-13.jpg","width":1200,"height":843},{"@type":"BreadcrumbList","@id":"https:\/\/www.sejourprive.com\/biens\/villa-maestra-presquile-saint-tropez-cote-dazur-france\/#breadcrumb","itemListElement":[{"@type":"ListItem","position":1,"name":"Accueil","item":"https:\/\/www.sejourprive.com\/"},{"@type":"ListItem","position":2,"name":"Shop","item":"https:\/\/www.sejourprive.com\/shop\/"},{"@type":"ListItem","position":3,"name":"Villa Maestra, Presqu&#8217;\u00eele Saint-Tropez, C\u00f4te D&#8217;Azur, France"}]},{"@type":"WebSite","@id":"https:\/\/www.sejourprive.com\/#website","url":"https:\/\/www.sejourprive.com\/","name":"Private Stay","description":"We design exceptional holidays for you.","publisher":{"@id":"https:\/\/www.sejourprive.com\/#organization"},"potentialAction":[{"@type":"SearchAction","target":{"@type":"EntryPoint","urlTemplate":"https:\/\/www.sejourprive.com\/?s={search_term_string}"},"query-input":{"@type":"PropertyValueSpecification","valueRequired":true,"valueName":"search_term_string"}}],"inLanguage":"en-GB"},{"@type":"Organization","@id":"https:\/\/www.sejourprive.com\/#organization","name":"Private Stay","url":"https:\/\/www.sejourprive.com\/","logo":{"@type":"ImageObject","inLanguage":"en-GB","@id":"https:\/\/www.sejourprive.com\/#\/schema\/logo\/image\/","url":"https:\/\/www.sejourprive.com\/wp-content\/uploads\/2026\/02\/SP-Apple-touch-144-couleur-1-2.png","contentUrl":"https:\/\/www.sejourprive.com\/wp-content\/uploads\/2026\/02\/SP-Apple-touch-144-couleur-1-2.png","width":145,"height":145,"caption":"S\u00e9jour Priv\u00e9"},"image":{"@id":"https:\/\/www.sejourprive.com\/#\/schema\/logo\/image\/"}}]}},"_links":{"self":[{"href":"https:\/\/www.sejourprive.com\/en\/wp-json\/wp\/v2\/product\/27613","targetHints":{"allow":["GET"]}}],"collection":[{"href":"https:\/\/www.sejourprive.com\/en\/wp-json\/wp\/v2\/product"}],"about":[{"href":"https:\/\/www.sejourprive.com\/en\/wp-json\/wp\/v2\/types\/product"}],"replies":[{"embeddable":true,"href":"https:\/\/www.sejourprive.com\/en\/wp-json\/wp\/v2\/comments?post=27613"}],"version-history":[{"count":0,"href":"https:\/\/www.sejourprive.com\/en\/wp-json\/wp\/v2\/product\/27613\/revisions"}],"wp:featuredmedia":[{"embeddable":true,"href":"https:\/\/www.sejourprive.com\/en\/wp-json\/wp\/v2\/media\/27704"}],"wp:attachment":[{"href":"https:\/\/www.sejourprive.com\/en\/wp-json\/wp\/v2\/media?parent=27613"}],"wp:term":[{"taxonomy":"product_brand","embeddable":true,"href":"https:\/\/www.sejourprive.com\/en\/wp-json\/wp\/v2\/product_brand?post=27613"},{"taxonomy":"product_cat","embeddable":true,"href":"https:\/\/www.sejourprive.com\/en\/wp-json\/wp\/v2\/product_cat?post=27613"},{"taxonomy":"product_tag","embeddable":true,"href":"https:\/\/www.sejourprive.com\/en\/wp-json\/wp\/v2\/product_tag?post=27613"}],"curies":[{"name":"wp","href":"https:\/\/api.w.org\/{rel}","templated":true}]}}