{"id":26576,"date":"2026-02-09T14:58:21","date_gmt":"2026-02-09T13:58:21","guid":{"rendered":"https:\/\/www.sejourprive.com\/?post_type=product&#038;p=26576"},"modified":"2026-02-11T22:22:42","modified_gmt":"2026-02-11T21:22:42","slug":"villa-beauvallon-grimaud-cote-dazur-france","status":"publish","type":"product","link":"https:\/\/www.sejourprive.com\/en\/biens\/villa-beauvallon-grimaud-cote-dazur-france\/","title":{"rendered":"Villa Beauvallon, Grimaud, C\u00f4te d'Azur, France"},"content":{"rendered":"<p>La Villa Beauvallon est une retraite exquise, nich\u00e9e au c\u0153ur de Grimaud, charmant village m\u00e9di\u00e9val de la C\u00f4te d&#8217;Azur. Cette maison contemporaine, avec ses murs blanchis \u00e0 la chaux et ses int\u00e9rieurs \u00e9pur\u00e9s, laisse le devant de la sc\u00e8ne aux grandioses paysages de la r\u00e9gion,ses hautes fen\u00eatres laissant entrer toute la lumi\u00e8re iconique du Sud de la France.<\/p>\n<p><span><div class=\"read-more-wrapper\"><a class=\"read-more-button\" data-target=\"read-more-69ede3cb6d24f\" data-more-text=\"Read more\" data-less-text=\"Read less\"><span class=\"read-more-text\">Read more<\/span><\/a><div id=\"read-more-69ede3cb6d24f\" class=\"read-more-content\"> <\/span>Une journ\u00e9e \u00e0 la Villa Beauvallon a des airs de carte postale. Commencez votre matin\u00e9e par une baignade dans la piscine chauff\u00e9e, en contemplant la mer scintillante au loin, puis s\u00e9chez-vous sous le soleil m\u00e9diterran\u00e9en. Apr\u00e8s le d\u00e9jeuner, d\u00e9tendez-vous dans le jardin, un bon livre \u00e0 la main, ou partez \u00e0 l&#8217;aventure, la plage n&#8217;\u00e9tant qu&#8217;\u00e0 dix minutes de marche de votre refuge. Au coucher du soleil, direction les bars et restaurants des environs, avant de rentrer tranquillement \u00e0 Villa Beauvallon.<\/div><\/div><\/p>","protected":false},"excerpt":{"rendered":"<p>La Villa Beauvallon est une retraite exquise, nich\u00e9e au c\u0153ur de Grimaud, charmant village m\u00e9di\u00e9val de la C\u00f4te d&#8217;Azur. Cette&#8230;<\/p>","protected":false},"featured_media":26759,"comment_status":"open","ping_status":"closed","template":"","meta":{"_acf_changed":false},"product_brand":[],"product_cat":[15],"product_tag":[],"class_list":{"0":"post-26576","1":"product","2":"type-product","3":"status-publish","4":"has-post-thumbnail","6":"product_cat-villa","7":"property_location-france","8":"property_location-saint-tropez-et-alentours","10":"first","11":"instock","12":"sold-individually","13":"shipping-taxable","14":"purchasable","15":"product-type-simple"},"acf":[],"yoast_head":"<!-- This site is optimized with the Yoast SEO plugin v26.6 - https:\/\/yoast.com\/wordpress\/plugins\/seo\/ -->\n<title>Villa Beauvallon, Grimaud, C\u00f4te d&#039;Azur, France - S\u00e9jour Priv\u00e9<\/title>\n<meta name=\"description\" content=\"La Villa Beauvallon est une retraite exquise, nich\u00e9e au c\u0153ur de Grimaud, charmant village m\u00e9di\u00e9val de la C\u00f4te d&#039;Azur. Cette maison contemporaine, avec ses\" \/>\n<meta name=\"robots\" content=\"index, follow, max-snippet:-1, max-image-preview:large, max-video-preview:-1\" \/>\n<link rel=\"canonical\" href=\"https:\/\/www.sejourprive.com\/en\/biens\/villa-beauvallon-grimaud-cote-dazur-france\/\" \/>\n<meta property=\"og:locale\" content=\"en_GB\" \/>\n<meta property=\"og:type\" content=\"article\" \/>\n<meta property=\"og:title\" content=\"Villa Beauvallon, Grimaud, C\u00f4te d&#039;Azur, France - S\u00e9jour Priv\u00e9\" \/>\n<meta property=\"og:description\" content=\"La Villa Beauvallon est une retraite exquise, nich\u00e9e au c\u0153ur de Grimaud, charmant village m\u00e9di\u00e9val de la C\u00f4te d&#039;Azur. Cette maison contemporaine, avec ses\" \/>\n<meta property=\"og:url\" content=\"https:\/\/www.sejourprive.com\/en\/biens\/villa-beauvallon-grimaud-cote-dazur-france\/\" \/>\n<meta property=\"og:site_name\" content=\"S\u00e9jour Priv\u00e9\" \/>\n<meta property=\"article:modified_time\" content=\"2026-02-11T21:22:42+00:00\" \/>\n<meta property=\"og:image\" content=\"https:\/\/www.sejourprive.com\/wp-content\/uploads\/2026\/02\/OeMJUDSxQ9AhblooQNnw_9cfb961f-ae15-4c87-e9ea-eb7337c0145f.jpg\" \/>\n\t<meta property=\"og:image:width\" content=\"1103\" \/>\n\t<meta property=\"og:image:height\" content=\"736\" \/>\n\t<meta property=\"og:image:type\" content=\"image\/jpeg\" \/>\n<meta name=\"twitter:card\" content=\"summary_large_image\" \/>\n<meta name=\"twitter:label1\" content=\"Estimated reading time\" \/>\n\t<meta name=\"twitter:data1\" content=\"1 minute\" \/>\n<script type=\"application\/ld+json\" class=\"yoast-schema-graph\">{\"@context\":\"https:\/\/schema.org\",\"@graph\":[{\"@type\":\"WebPage\",\"@id\":\"https:\/\/www.sejourprive.com\/biens\/villa-beauvallon-grimaud-cote-dazur-france\/\",\"url\":\"https:\/\/www.sejourprive.com\/biens\/villa-beauvallon-grimaud-cote-dazur-france\/\",\"name\":\"Villa Beauvallon, Grimaud, C\u00f4te d'Azur, France - S\u00e9jour Priv\u00e9\",\"isPartOf\":{\"@id\":\"https:\/\/www.sejourprive.com\/#website\"},\"primaryImageOfPage\":{\"@id\":\"https:\/\/www.sejourprive.com\/biens\/villa-beauvallon-grimaud-cote-dazur-france\/#primaryimage\"},\"image\":{\"@id\":\"https:\/\/www.sejourprive.com\/biens\/villa-beauvallon-grimaud-cote-dazur-france\/#primaryimage\"},\"thumbnailUrl\":\"https:\/\/www.sejourprive.com\/wp-content\/uploads\/2026\/02\/OeMJUDSxQ9AhblooQNnw_9cfb961f-ae15-4c87-e9ea-eb7337c0145f.jpg\",\"datePublished\":\"2026-02-09T13:58:21+00:00\",\"dateModified\":\"2026-02-11T21:22:42+00:00\",\"description\":\"La Villa Beauvallon est une retraite exquise, nich\u00e9e au c\u0153ur de Grimaud, charmant village m\u00e9di\u00e9val de la C\u00f4te d'Azur. Cette maison contemporaine, avec ses\",\"breadcrumb\":{\"@id\":\"https:\/\/www.sejourprive.com\/biens\/villa-beauvallon-grimaud-cote-dazur-france\/#breadcrumb\"},\"inLanguage\":\"en-GB\",\"potentialAction\":[{\"@type\":\"ReadAction\",\"target\":[\"https:\/\/www.sejourprive.com\/biens\/villa-beauvallon-grimaud-cote-dazur-france\/\"]}]},{\"@type\":\"ImageObject\",\"inLanguage\":\"en-GB\",\"@id\":\"https:\/\/www.sejourprive.com\/biens\/villa-beauvallon-grimaud-cote-dazur-france\/#primaryimage\",\"url\":\"https:\/\/www.sejourprive.com\/wp-content\/uploads\/2026\/02\/OeMJUDSxQ9AhblooQNnw_9cfb961f-ae15-4c87-e9ea-eb7337c0145f.jpg\",\"contentUrl\":\"https:\/\/www.sejourprive.com\/wp-content\/uploads\/2026\/02\/OeMJUDSxQ9AhblooQNnw_9cfb961f-ae15-4c87-e9ea-eb7337c0145f.jpg\",\"width\":1103,\"height\":736},{\"@type\":\"BreadcrumbList\",\"@id\":\"https:\/\/www.sejourprive.com\/biens\/villa-beauvallon-grimaud-cote-dazur-france\/#breadcrumb\",\"itemListElement\":[{\"@type\":\"ListItem\",\"position\":1,\"name\":\"Accueil\",\"item\":\"https:\/\/www.sejourprive.com\/\"},{\"@type\":\"ListItem\",\"position\":2,\"name\":\"Shop\",\"item\":\"https:\/\/www.sejourprive.com\/shop\/\"},{\"@type\":\"ListItem\",\"position\":3,\"name\":\"Villa Beauvallon, Grimaud, C\u00f4te d&#8217;Azur, France\"}]},{\"@type\":\"WebSite\",\"@id\":\"https:\/\/www.sejourprive.com\/#website\",\"url\":\"https:\/\/www.sejourprive.com\/\",\"name\":\"S\u00e9jour Priv\u00e9\",\"description\":\"Nous imaginons pour vous des s\u00e9jours d\u2019exception.\",\"publisher\":{\"@id\":\"https:\/\/www.sejourprive.com\/#organization\"},\"potentialAction\":[{\"@type\":\"SearchAction\",\"target\":{\"@type\":\"EntryPoint\",\"urlTemplate\":\"https:\/\/www.sejourprive.com\/?s={search_term_string}\"},\"query-input\":{\"@type\":\"PropertyValueSpecification\",\"valueRequired\":true,\"valueName\":\"search_term_string\"}}],\"inLanguage\":\"en-GB\"},{\"@type\":\"Organization\",\"@id\":\"https:\/\/www.sejourprive.com\/#organization\",\"name\":\"S\u00e9jour Priv\u00e9\",\"url\":\"https:\/\/www.sejourprive.com\/\",\"logo\":{\"@type\":\"ImageObject\",\"inLanguage\":\"en-GB\",\"@id\":\"https:\/\/www.sejourprive.com\/#\/schema\/logo\/image\/\",\"url\":\"https:\/\/www.sejourprive.com\/wp-content\/uploads\/2026\/02\/SP-Apple-touch-144-couleur-1-2.png\",\"contentUrl\":\"https:\/\/www.sejourprive.com\/wp-content\/uploads\/2026\/02\/SP-Apple-touch-144-couleur-1-2.png\",\"width\":145,\"height\":145,\"caption\":\"S\u00e9jour Priv\u00e9\"},\"image\":{\"@id\":\"https:\/\/www.sejourprive.com\/#\/schema\/logo\/image\/\"}}]}<\/script>\n<!-- \/ Yoast SEO plugin. -->","yoast_head_json":{"title":"Villa Beauvallon, Grimaud, C\u00f4te d'Azur, France - S\u00e9jour Priv\u00e9","description":"La Villa Beauvallon est une retraite exquise, nich\u00e9e au c\u0153ur de Grimaud, charmant village m\u00e9di\u00e9val de la C\u00f4te d'Azur. Cette maison contemporaine, avec ses","robots":{"index":"index","follow":"follow","max-snippet":"max-snippet:-1","max-image-preview":"max-image-preview:large","max-video-preview":"max-video-preview:-1"},"canonical":"https:\/\/www.sejourprive.com\/en\/biens\/villa-beauvallon-grimaud-cote-dazur-france\/","og_locale":"en_GB","og_type":"article","og_title":"Villa Beauvallon, Grimaud, C\u00f4te d'Azur, France - S\u00e9jour Priv\u00e9","og_description":"La Villa Beauvallon est une retraite exquise, nich\u00e9e au c\u0153ur de Grimaud, charmant village m\u00e9di\u00e9val de la C\u00f4te d'Azur. Cette maison contemporaine, avec ses","og_url":"https:\/\/www.sejourprive.com\/en\/biens\/villa-beauvallon-grimaud-cote-dazur-france\/","og_site_name":"S\u00e9jour Priv\u00e9","article_modified_time":"2026-02-11T21:22:42+00:00","og_image":[{"width":1103,"height":736,"url":"https:\/\/www.sejourprive.com\/wp-content\/uploads\/2026\/02\/OeMJUDSxQ9AhblooQNnw_9cfb961f-ae15-4c87-e9ea-eb7337c0145f.jpg","type":"image\/jpeg"}],"twitter_card":"summary_large_image","twitter_misc":{"Estimated reading time":"1 minute"},"schema":{"@context":"https:\/\/schema.org","@graph":[{"@type":"WebPage","@id":"https:\/\/www.sejourprive.com\/biens\/villa-beauvallon-grimaud-cote-dazur-france\/","url":"https:\/\/www.sejourprive.com\/biens\/villa-beauvallon-grimaud-cote-dazur-france\/","name":"Villa Beauvallon, Grimaud, C\u00f4te d'Azur, France - S\u00e9jour Priv\u00e9","isPartOf":{"@id":"https:\/\/www.sejourprive.com\/#website"},"primaryImageOfPage":{"@id":"https:\/\/www.sejourprive.com\/biens\/villa-beauvallon-grimaud-cote-dazur-france\/#primaryimage"},"image":{"@id":"https:\/\/www.sejourprive.com\/biens\/villa-beauvallon-grimaud-cote-dazur-france\/#primaryimage"},"thumbnailUrl":"https:\/\/www.sejourprive.com\/wp-content\/uploads\/2026\/02\/OeMJUDSxQ9AhblooQNnw_9cfb961f-ae15-4c87-e9ea-eb7337c0145f.jpg","datePublished":"2026-02-09T13:58:21+00:00","dateModified":"2026-02-11T21:22:42+00:00","description":"La Villa Beauvallon est une retraite exquise, nich\u00e9e au c\u0153ur de Grimaud, charmant village m\u00e9di\u00e9val de la C\u00f4te d'Azur. Cette maison contemporaine, avec ses","breadcrumb":{"@id":"https:\/\/www.sejourprive.com\/biens\/villa-beauvallon-grimaud-cote-dazur-france\/#breadcrumb"},"inLanguage":"en-GB","potentialAction":[{"@type":"ReadAction","target":["https:\/\/www.sejourprive.com\/biens\/villa-beauvallon-grimaud-cote-dazur-france\/"]}]},{"@type":"ImageObject","inLanguage":"en-GB","@id":"https:\/\/www.sejourprive.com\/biens\/villa-beauvallon-grimaud-cote-dazur-france\/#primaryimage","url":"https:\/\/www.sejourprive.com\/wp-content\/uploads\/2026\/02\/OeMJUDSxQ9AhblooQNnw_9cfb961f-ae15-4c87-e9ea-eb7337c0145f.jpg","contentUrl":"https:\/\/www.sejourprive.com\/wp-content\/uploads\/2026\/02\/OeMJUDSxQ9AhblooQNnw_9cfb961f-ae15-4c87-e9ea-eb7337c0145f.jpg","width":1103,"height":736},{"@type":"BreadcrumbList","@id":"https:\/\/www.sejourprive.com\/biens\/villa-beauvallon-grimaud-cote-dazur-france\/#breadcrumb","itemListElement":[{"@type":"ListItem","position":1,"name":"Accueil","item":"https:\/\/www.sejourprive.com\/"},{"@type":"ListItem","position":2,"name":"Shop","item":"https:\/\/www.sejourprive.com\/shop\/"},{"@type":"ListItem","position":3,"name":"Villa Beauvallon, Grimaud, C\u00f4te d&#8217;Azur, France"}]},{"@type":"WebSite","@id":"https:\/\/www.sejourprive.com\/#website","url":"https:\/\/www.sejourprive.com\/","name":"Private Stay","description":"We design exceptional holidays for you.","publisher":{"@id":"https:\/\/www.sejourprive.com\/#organization"},"potentialAction":[{"@type":"SearchAction","target":{"@type":"EntryPoint","urlTemplate":"https:\/\/www.sejourprive.com\/?s={search_term_string}"},"query-input":{"@type":"PropertyValueSpecification","valueRequired":true,"valueName":"search_term_string"}}],"inLanguage":"en-GB"},{"@type":"Organization","@id":"https:\/\/www.sejourprive.com\/#organization","name":"Private Stay","url":"https:\/\/www.sejourprive.com\/","logo":{"@type":"ImageObject","inLanguage":"en-GB","@id":"https:\/\/www.sejourprive.com\/#\/schema\/logo\/image\/","url":"https:\/\/www.sejourprive.com\/wp-content\/uploads\/2026\/02\/SP-Apple-touch-144-couleur-1-2.png","contentUrl":"https:\/\/www.sejourprive.com\/wp-content\/uploads\/2026\/02\/SP-Apple-touch-144-couleur-1-2.png","width":145,"height":145,"caption":"S\u00e9jour Priv\u00e9"},"image":{"@id":"https:\/\/www.sejourprive.com\/#\/schema\/logo\/image\/"}}]}},"_links":{"self":[{"href":"https:\/\/www.sejourprive.com\/en\/wp-json\/wp\/v2\/product\/26576","targetHints":{"allow":["GET"]}}],"collection":[{"href":"https:\/\/www.sejourprive.com\/en\/wp-json\/wp\/v2\/product"}],"about":[{"href":"https:\/\/www.sejourprive.com\/en\/wp-json\/wp\/v2\/types\/product"}],"replies":[{"embeddable":true,"href":"https:\/\/www.sejourprive.com\/en\/wp-json\/wp\/v2\/comments?post=26576"}],"version-history":[{"count":0,"href":"https:\/\/www.sejourprive.com\/en\/wp-json\/wp\/v2\/product\/26576\/revisions"}],"wp:featuredmedia":[{"embeddable":true,"href":"https:\/\/www.sejourprive.com\/en\/wp-json\/wp\/v2\/media\/26759"}],"wp:attachment":[{"href":"https:\/\/www.sejourprive.com\/en\/wp-json\/wp\/v2\/media?parent=26576"}],"wp:term":[{"taxonomy":"product_brand","embeddable":true,"href":"https:\/\/www.sejourprive.com\/en\/wp-json\/wp\/v2\/product_brand?post=26576"},{"taxonomy":"product_cat","embeddable":true,"href":"https:\/\/www.sejourprive.com\/en\/wp-json\/wp\/v2\/product_cat?post=26576"},{"taxonomy":"product_tag","embeddable":true,"href":"https:\/\/www.sejourprive.com\/en\/wp-json\/wp\/v2\/product_tag?post=26576"}],"curies":[{"name":"wp","href":"https:\/\/api.w.org\/{rel}","templated":true}]}}