{"id":26206,"date":"2026-02-06T15:21:06","date_gmt":"2026-02-06T14:21:06","guid":{"rendered":"https:\/\/www.sejourprive.com\/?post_type=product&#038;p=26206"},"modified":"2026-02-11T22:27:19","modified_gmt":"2026-02-11T21:27:19","slug":"villa-rosamora-presquile-de-saint-tropez-cote-dazur-france","status":"publish","type":"product","link":"https:\/\/www.sejourprive.com\/en\/biens\/villa-rosamora-presquile-de-saint-tropez-cote-dazur-france\/","title":{"rendered":"Villa Rosamora, Presqu'\u00cele de Saint-Tropez, C\u00f4te d'Azur, France"},"content":{"rendered":"<p>Nestling in the heart of the parks of Saint-Tropez, Villa Rosamora embodies the tranquillity of Provence. The warm stonework of the interior blends with the scents of the Mediterranean garden, where the gentle murmur of a fountain sets the pace for the day.<\/p>\n<p><span><div class=\"read-more-wrapper\"><a class=\"read-more-button\" data-target=\"read-more-69f9bcae17929\" data-more-text=\"Read more\" data-less-text=\"Read less\"><span class=\"read-more-text\">Read more<\/span><\/a><div id=\"read-more-69f9bcae17929\" class=\"read-more-content\"> <\/span>Start with a morning stroll through the garden, where the scent of rosemary fills the air. The heated pool welcomes the first dips, while the children burst out laughing on the trampolines. After lunch on the terrace, the adults prepare for a game of p\u00e9tanque under the pine trees. The afternoon is spent playing board games or napping in the shade of the olive trees, before finishing the day with a barbecue under the stars.<\/div><\/div><\/p>","protected":false},"excerpt":{"rendered":"<p>Nich\u00e9e au c\u0153ur des parcs de Saint-Tropez, la Villa Rosamora incarne la qui\u00e9tude proven\u00e7ale. Les pierres chaleureuses de l\u2019int\u00e9rieur se&#8230;<\/p>","protected":false},"featured_media":26326,"comment_status":"open","ping_status":"closed","template":"","meta":{"_acf_changed":false},"product_brand":[],"product_cat":[15],"product_tag":[],"class_list":{"0":"post-26206","1":"product","2":"type-product","3":"status-publish","4":"has-post-thumbnail","6":"product_cat-villa","7":"property_location-france","8":"property_location-saint-tropez-et-alentours","10":"first","11":"instock","12":"sold-individually","13":"shipping-taxable","14":"purchasable","15":"product-type-simple"},"acf":[],"yoast_head":"<!-- This site is optimized with the Yoast SEO plugin v26.6 - https:\/\/yoast.com\/wordpress\/plugins\/seo\/ -->\n<title>Villa Rosamora, Presqu&#039;\u00cele de Saint-Tropez, C\u00f4te d&#039;Azur, France - S\u00e9jour Priv\u00e9<\/title>\n<meta name=\"description\" content=\"Nich\u00e9e au c\u0153ur des parcs de Saint-Tropez, la Villa Rosamora incarne la qui\u00e9tude proven\u00e7ale. Les pierres chaleureuses de l\u2019int\u00e9rieur se m\u00ealent aux parfums\" \/>\n<meta name=\"robots\" content=\"index, follow, max-snippet:-1, max-image-preview:large, max-video-preview:-1\" \/>\n<link rel=\"canonical\" href=\"https:\/\/www.sejourprive.com\/en\/biens\/villa-rosamora-presquile-de-saint-tropez-cote-dazur-france\/\" \/>\n<meta property=\"og:locale\" content=\"en_GB\" \/>\n<meta property=\"og:type\" content=\"article\" \/>\n<meta property=\"og:title\" content=\"Villa Rosamora, Presqu&#039;\u00cele de Saint-Tropez, C\u00f4te d&#039;Azur, France - S\u00e9jour Priv\u00e9\" \/>\n<meta property=\"og:description\" content=\"Nich\u00e9e au c\u0153ur des parcs de Saint-Tropez, la Villa Rosamora incarne la qui\u00e9tude proven\u00e7ale. Les pierres chaleureuses de l\u2019int\u00e9rieur se m\u00ealent aux parfums\" \/>\n<meta property=\"og:url\" content=\"https:\/\/www.sejourprive.com\/en\/biens\/villa-rosamora-presquile-de-saint-tropez-cote-dazur-france\/\" \/>\n<meta property=\"og:site_name\" content=\"S\u00e9jour Priv\u00e9\" \/>\n<meta property=\"article:modified_time\" content=\"2026-02-11T21:27:19+00:00\" \/>\n<meta property=\"og:image\" content=\"https:\/\/www.sejourprive.com\/wp-content\/uploads\/2026\/02\/YH4NJuvTQ5OYmWMuK4Hg_abb79aa9-cfec-41ac-dba5-a721d66634d1.webp\" \/>\n\t<meta property=\"og:image:width\" content=\"1103\" \/>\n\t<meta property=\"og:image:height\" content=\"736\" \/>\n\t<meta property=\"og:image:type\" content=\"image\/webp\" \/>\n<meta name=\"twitter:card\" content=\"summary_large_image\" \/>\n<meta name=\"twitter:label1\" content=\"Estimated reading time\" \/>\n\t<meta name=\"twitter:data1\" content=\"1 minute\" \/>\n<script type=\"application\/ld+json\" class=\"yoast-schema-graph\">{\"@context\":\"https:\/\/schema.org\",\"@graph\":[{\"@type\":\"WebPage\",\"@id\":\"https:\/\/www.sejourprive.com\/biens\/villa-rosamora-presquile-de-saint-tropez-cote-dazur-france\/\",\"url\":\"https:\/\/www.sejourprive.com\/biens\/villa-rosamora-presquile-de-saint-tropez-cote-dazur-france\/\",\"name\":\"Villa Rosamora, Presqu'\u00cele de Saint-Tropez, C\u00f4te d'Azur, France - S\u00e9jour Priv\u00e9\",\"isPartOf\":{\"@id\":\"https:\/\/www.sejourprive.com\/#website\"},\"primaryImageOfPage\":{\"@id\":\"https:\/\/www.sejourprive.com\/biens\/villa-rosamora-presquile-de-saint-tropez-cote-dazur-france\/#primaryimage\"},\"image\":{\"@id\":\"https:\/\/www.sejourprive.com\/biens\/villa-rosamora-presquile-de-saint-tropez-cote-dazur-france\/#primaryimage\"},\"thumbnailUrl\":\"https:\/\/www.sejourprive.com\/wp-content\/uploads\/2026\/02\/YH4NJuvTQ5OYmWMuK4Hg_abb79aa9-cfec-41ac-dba5-a721d66634d1.webp\",\"datePublished\":\"2026-02-06T14:21:06+00:00\",\"dateModified\":\"2026-02-11T21:27:19+00:00\",\"description\":\"Nich\u00e9e au c\u0153ur des parcs de Saint-Tropez, la Villa Rosamora incarne la qui\u00e9tude proven\u00e7ale. Les pierres chaleureuses de l\u2019int\u00e9rieur se m\u00ealent aux parfums\",\"breadcrumb\":{\"@id\":\"https:\/\/www.sejourprive.com\/biens\/villa-rosamora-presquile-de-saint-tropez-cote-dazur-france\/#breadcrumb\"},\"inLanguage\":\"en-GB\",\"potentialAction\":[{\"@type\":\"ReadAction\",\"target\":[\"https:\/\/www.sejourprive.com\/biens\/villa-rosamora-presquile-de-saint-tropez-cote-dazur-france\/\"]}]},{\"@type\":\"ImageObject\",\"inLanguage\":\"en-GB\",\"@id\":\"https:\/\/www.sejourprive.com\/biens\/villa-rosamora-presquile-de-saint-tropez-cote-dazur-france\/#primaryimage\",\"url\":\"https:\/\/www.sejourprive.com\/wp-content\/uploads\/2026\/02\/YH4NJuvTQ5OYmWMuK4Hg_abb79aa9-cfec-41ac-dba5-a721d66634d1.webp\",\"contentUrl\":\"https:\/\/www.sejourprive.com\/wp-content\/uploads\/2026\/02\/YH4NJuvTQ5OYmWMuK4Hg_abb79aa9-cfec-41ac-dba5-a721d66634d1.webp\",\"width\":1103,\"height\":736},{\"@type\":\"BreadcrumbList\",\"@id\":\"https:\/\/www.sejourprive.com\/biens\/villa-rosamora-presquile-de-saint-tropez-cote-dazur-france\/#breadcrumb\",\"itemListElement\":[{\"@type\":\"ListItem\",\"position\":1,\"name\":\"Accueil\",\"item\":\"https:\/\/www.sejourprive.com\/\"},{\"@type\":\"ListItem\",\"position\":2,\"name\":\"Shop\",\"item\":\"https:\/\/www.sejourprive.com\/shop\/\"},{\"@type\":\"ListItem\",\"position\":3,\"name\":\"Villa Rosamora, Presqu&#8217;\u00cele de Saint-Tropez, C\u00f4te d&#8217;Azur, France\"}]},{\"@type\":\"WebSite\",\"@id\":\"https:\/\/www.sejourprive.com\/#website\",\"url\":\"https:\/\/www.sejourprive.com\/\",\"name\":\"S\u00e9jour Priv\u00e9\",\"description\":\"Nous imaginons pour vous des s\u00e9jours d\u2019exception.\",\"publisher\":{\"@id\":\"https:\/\/www.sejourprive.com\/#organization\"},\"potentialAction\":[{\"@type\":\"SearchAction\",\"target\":{\"@type\":\"EntryPoint\",\"urlTemplate\":\"https:\/\/www.sejourprive.com\/?s={search_term_string}\"},\"query-input\":{\"@type\":\"PropertyValueSpecification\",\"valueRequired\":true,\"valueName\":\"search_term_string\"}}],\"inLanguage\":\"en-GB\"},{\"@type\":\"Organization\",\"@id\":\"https:\/\/www.sejourprive.com\/#organization\",\"name\":\"S\u00e9jour Priv\u00e9\",\"url\":\"https:\/\/www.sejourprive.com\/\",\"logo\":{\"@type\":\"ImageObject\",\"inLanguage\":\"en-GB\",\"@id\":\"https:\/\/www.sejourprive.com\/#\/schema\/logo\/image\/\",\"url\":\"https:\/\/www.sejourprive.com\/wp-content\/uploads\/2026\/02\/SP-Apple-touch-144-couleur-1-2.png\",\"contentUrl\":\"https:\/\/www.sejourprive.com\/wp-content\/uploads\/2026\/02\/SP-Apple-touch-144-couleur-1-2.png\",\"width\":145,\"height\":145,\"caption\":\"S\u00e9jour Priv\u00e9\"},\"image\":{\"@id\":\"https:\/\/www.sejourprive.com\/#\/schema\/logo\/image\/\"}}]}<\/script>\n<!-- \/ Yoast SEO plugin. -->","yoast_head_json":{"title":"Villa Rosamora, Presqu'\u00cele de Saint-Tropez, C\u00f4te d'Azur, France - S\u00e9jour Priv\u00e9","description":"Nich\u00e9e au c\u0153ur des parcs de Saint-Tropez, la Villa Rosamora incarne la qui\u00e9tude proven\u00e7ale. Les pierres chaleureuses de l\u2019int\u00e9rieur se m\u00ealent aux parfums","robots":{"index":"index","follow":"follow","max-snippet":"max-snippet:-1","max-image-preview":"max-image-preview:large","max-video-preview":"max-video-preview:-1"},"canonical":"https:\/\/www.sejourprive.com\/en\/biens\/villa-rosamora-presquile-de-saint-tropez-cote-dazur-france\/","og_locale":"en_GB","og_type":"article","og_title":"Villa Rosamora, Presqu'\u00cele de Saint-Tropez, C\u00f4te d'Azur, France - S\u00e9jour Priv\u00e9","og_description":"Nich\u00e9e au c\u0153ur des parcs de Saint-Tropez, la Villa Rosamora incarne la qui\u00e9tude proven\u00e7ale. Les pierres chaleureuses de l\u2019int\u00e9rieur se m\u00ealent aux parfums","og_url":"https:\/\/www.sejourprive.com\/en\/biens\/villa-rosamora-presquile-de-saint-tropez-cote-dazur-france\/","og_site_name":"S\u00e9jour Priv\u00e9","article_modified_time":"2026-02-11T21:27:19+00:00","og_image":[{"width":1103,"height":736,"url":"https:\/\/www.sejourprive.com\/wp-content\/uploads\/2026\/02\/YH4NJuvTQ5OYmWMuK4Hg_abb79aa9-cfec-41ac-dba5-a721d66634d1.webp","type":"image\/webp"}],"twitter_card":"summary_large_image","twitter_misc":{"Estimated reading time":"1 minute"},"schema":{"@context":"https:\/\/schema.org","@graph":[{"@type":"WebPage","@id":"https:\/\/www.sejourprive.com\/biens\/villa-rosamora-presquile-de-saint-tropez-cote-dazur-france\/","url":"https:\/\/www.sejourprive.com\/biens\/villa-rosamora-presquile-de-saint-tropez-cote-dazur-france\/","name":"Villa Rosamora, Presqu'\u00cele de Saint-Tropez, C\u00f4te d'Azur, France - S\u00e9jour Priv\u00e9","isPartOf":{"@id":"https:\/\/www.sejourprive.com\/#website"},"primaryImageOfPage":{"@id":"https:\/\/www.sejourprive.com\/biens\/villa-rosamora-presquile-de-saint-tropez-cote-dazur-france\/#primaryimage"},"image":{"@id":"https:\/\/www.sejourprive.com\/biens\/villa-rosamora-presquile-de-saint-tropez-cote-dazur-france\/#primaryimage"},"thumbnailUrl":"https:\/\/www.sejourprive.com\/wp-content\/uploads\/2026\/02\/YH4NJuvTQ5OYmWMuK4Hg_abb79aa9-cfec-41ac-dba5-a721d66634d1.webp","datePublished":"2026-02-06T14:21:06+00:00","dateModified":"2026-02-11T21:27:19+00:00","description":"Nich\u00e9e au c\u0153ur des parcs de Saint-Tropez, la Villa Rosamora incarne la qui\u00e9tude proven\u00e7ale. Les pierres chaleureuses de l\u2019int\u00e9rieur se m\u00ealent aux parfums","breadcrumb":{"@id":"https:\/\/www.sejourprive.com\/biens\/villa-rosamora-presquile-de-saint-tropez-cote-dazur-france\/#breadcrumb"},"inLanguage":"en-GB","potentialAction":[{"@type":"ReadAction","target":["https:\/\/www.sejourprive.com\/biens\/villa-rosamora-presquile-de-saint-tropez-cote-dazur-france\/"]}]},{"@type":"ImageObject","inLanguage":"en-GB","@id":"https:\/\/www.sejourprive.com\/biens\/villa-rosamora-presquile-de-saint-tropez-cote-dazur-france\/#primaryimage","url":"https:\/\/www.sejourprive.com\/wp-content\/uploads\/2026\/02\/YH4NJuvTQ5OYmWMuK4Hg_abb79aa9-cfec-41ac-dba5-a721d66634d1.webp","contentUrl":"https:\/\/www.sejourprive.com\/wp-content\/uploads\/2026\/02\/YH4NJuvTQ5OYmWMuK4Hg_abb79aa9-cfec-41ac-dba5-a721d66634d1.webp","width":1103,"height":736},{"@type":"BreadcrumbList","@id":"https:\/\/www.sejourprive.com\/biens\/villa-rosamora-presquile-de-saint-tropez-cote-dazur-france\/#breadcrumb","itemListElement":[{"@type":"ListItem","position":1,"name":"Accueil","item":"https:\/\/www.sejourprive.com\/"},{"@type":"ListItem","position":2,"name":"Shop","item":"https:\/\/www.sejourprive.com\/shop\/"},{"@type":"ListItem","position":3,"name":"Villa Rosamora, Presqu&#8217;\u00cele de Saint-Tropez, C\u00f4te d&#8217;Azur, France"}]},{"@type":"WebSite","@id":"https:\/\/www.sejourprive.com\/#website","url":"https:\/\/www.sejourprive.com\/","name":"Private Stay","description":"We design exceptional holidays for you.","publisher":{"@id":"https:\/\/www.sejourprive.com\/#organization"},"potentialAction":[{"@type":"SearchAction","target":{"@type":"EntryPoint","urlTemplate":"https:\/\/www.sejourprive.com\/?s={search_term_string}"},"query-input":{"@type":"PropertyValueSpecification","valueRequired":true,"valueName":"search_term_string"}}],"inLanguage":"en-GB"},{"@type":"Organization","@id":"https:\/\/www.sejourprive.com\/#organization","name":"Private Stay","url":"https:\/\/www.sejourprive.com\/","logo":{"@type":"ImageObject","inLanguage":"en-GB","@id":"https:\/\/www.sejourprive.com\/#\/schema\/logo\/image\/","url":"https:\/\/www.sejourprive.com\/wp-content\/uploads\/2026\/02\/SP-Apple-touch-144-couleur-1-2.png","contentUrl":"https:\/\/www.sejourprive.com\/wp-content\/uploads\/2026\/02\/SP-Apple-touch-144-couleur-1-2.png","width":145,"height":145,"caption":"S\u00e9jour Priv\u00e9"},"image":{"@id":"https:\/\/www.sejourprive.com\/#\/schema\/logo\/image\/"}}]}},"_links":{"self":[{"href":"https:\/\/www.sejourprive.com\/en\/wp-json\/wp\/v2\/product\/26206","targetHints":{"allow":["GET"]}}],"collection":[{"href":"https:\/\/www.sejourprive.com\/en\/wp-json\/wp\/v2\/product"}],"about":[{"href":"https:\/\/www.sejourprive.com\/en\/wp-json\/wp\/v2\/types\/product"}],"replies":[{"embeddable":true,"href":"https:\/\/www.sejourprive.com\/en\/wp-json\/wp\/v2\/comments?post=26206"}],"version-history":[{"count":0,"href":"https:\/\/www.sejourprive.com\/en\/wp-json\/wp\/v2\/product\/26206\/revisions"}],"wp:featuredmedia":[{"embeddable":true,"href":"https:\/\/www.sejourprive.com\/en\/wp-json\/wp\/v2\/media\/26326"}],"wp:attachment":[{"href":"https:\/\/www.sejourprive.com\/en\/wp-json\/wp\/v2\/media?parent=26206"}],"wp:term":[{"taxonomy":"product_brand","embeddable":true,"href":"https:\/\/www.sejourprive.com\/en\/wp-json\/wp\/v2\/product_brand?post=26206"},{"taxonomy":"product_cat","embeddable":true,"href":"https:\/\/www.sejourprive.com\/en\/wp-json\/wp\/v2\/product_cat?post=26206"},{"taxonomy":"product_tag","embeddable":true,"href":"https:\/\/www.sejourprive.com\/en\/wp-json\/wp\/v2\/product_tag?post=26206"}],"curies":[{"name":"wp","href":"https:\/\/api.w.org\/{rel}","templated":true}]}}