{"id":25633,"date":"2026-02-04T12:28:03","date_gmt":"2026-02-04T11:28:03","guid":{"rendered":"https:\/\/www.sejourprive.com\/?post_type=product&#038;p=25633"},"modified":"2026-02-11T22:27:20","modified_gmt":"2026-02-11T21:27:20","slug":"villa-sabbia-la-croix-valmer-cote-dazur-france","status":"publish","type":"product","link":"https:\/\/www.sejourprive.com\/en\/biens\/villa-sabbia-la-croix-valmer-cote-dazur-france\/","title":{"rendered":"Villa Sabbia, La Croix-Valmer, C\u00f4te d'Azur, France"},"content":{"rendered":"<p>\u00c0 La Croix-Valmer, \u00e0 quelques pas de la plage, la Villa Sabbia est un refuge luxueux qui incarne toute la tranquillit\u00e9 et l&#8217;\u00e9l\u00e9gance de la C\u00f4te d&#8217;Azur. Ses hautes fen\u00eatres laissent entrer la lumi\u00e8re dans le salon spacieux, illuminant son design boh\u00e8me chic et ses vues panoramiques sur la mer.<\/p>\n<p><span><div class=\"read-more-wrapper\"><a class=\"read-more-button\" data-target=\"read-more-69ede3b44322d\" data-more-text=\"Read more\" data-less-text=\"Read less\"><span class=\"read-more-text\">Read more<\/span><\/a><div id=\"read-more-69ede3b44322d\" class=\"read-more-content\"> <\/span>Commencez votre journ\u00e9e en admirant un lever de soleil spectaculaire depuis l&#8217;une de ses nombreuses terrasses avec vue sur la mer. Ensuite, prenez soin de vous dans le spa de la maison avec un massage relaxant ou d\u00e9tendez-vous dans le hammam. Passez une journ\u00e9e ensoleill\u00e9e au bord de la piscine, mais n&#8217;oubliez pas d&#8217;explorer la plage voisine, accessible \u00e0 pied. Pour les plus sportifs, rendez-vous \u00e0 la salle de sport enti\u00e8rement \u00e9quip\u00e9e et au court de padel ! \u00c0 la tomb\u00e9e de la nuit, la salle de billard, le bar et le home cin\u00e9ma raviront toute la famille.<\/div><\/div><\/p>","protected":false},"excerpt":{"rendered":"<p>\u00c0 La Croix-Valmer, \u00e0 quelques pas de la plage, la Villa Sabbia est un refuge luxueux qui incarne toute la&#8230;<\/p>","protected":false},"featured_media":25689,"comment_status":"open","ping_status":"closed","template":"","meta":{"_acf_changed":false},"product_brand":[],"product_cat":[15],"product_tag":[],"class_list":{"0":"post-25633","1":"product","2":"type-product","3":"status-publish","4":"has-post-thumbnail","6":"product_cat-villa","7":"property_location-france","8":"property_location-saint-tropez-et-alentours","10":"first","11":"instock","12":"sold-individually","13":"shipping-taxable","14":"purchasable","15":"product-type-simple"},"acf":[],"yoast_head":"<!-- This site is optimized with the Yoast SEO plugin v26.6 - https:\/\/yoast.com\/wordpress\/plugins\/seo\/ -->\n<title>Villa Sabbia, La Croix-Valmer, C\u00f4te d&#039;Azur, France - S\u00e9jour Priv\u00e9<\/title>\n<meta name=\"description\" content=\"\u00c0 La Croix-Valmer, \u00e0 quelques pas de la plage, la Villa Sabbia est un refuge luxueux qui incarne toute la tranquillit\u00e9 et l&#039;\u00e9l\u00e9gance de la C\u00f4te d&#039;Azur.\" \/>\n<meta name=\"robots\" content=\"index, follow, max-snippet:-1, max-image-preview:large, max-video-preview:-1\" \/>\n<link rel=\"canonical\" href=\"https:\/\/www.sejourprive.com\/en\/biens\/villa-sabbia-la-croix-valmer-cote-dazur-france\/\" \/>\n<meta property=\"og:locale\" content=\"en_GB\" \/>\n<meta property=\"og:type\" content=\"article\" \/>\n<meta property=\"og:title\" content=\"Villa Sabbia, La Croix-Valmer, C\u00f4te d&#039;Azur, France - S\u00e9jour Priv\u00e9\" \/>\n<meta property=\"og:description\" content=\"\u00c0 La Croix-Valmer, \u00e0 quelques pas de la plage, la Villa Sabbia est un refuge luxueux qui incarne toute la tranquillit\u00e9 et l&#039;\u00e9l\u00e9gance de la C\u00f4te d&#039;Azur.\" \/>\n<meta property=\"og:url\" content=\"https:\/\/www.sejourprive.com\/en\/biens\/villa-sabbia-la-croix-valmer-cote-dazur-france\/\" \/>\n<meta property=\"og:site_name\" content=\"S\u00e9jour Priv\u00e9\" \/>\n<meta property=\"article:modified_time\" content=\"2026-02-11T21:27:20+00:00\" \/>\n<meta property=\"og:image\" content=\"https:\/\/www.sejourprive.com\/wp-content\/uploads\/2026\/02\/yCF5SRrlRfKeWDbO7roD_28203be0-8b52-4cad-fa52-fadb81b304af.webp\" \/>\n\t<meta property=\"og:image:width\" content=\"1104\" \/>\n\t<meta property=\"og:image:height\" content=\"736\" \/>\n\t<meta property=\"og:image:type\" content=\"image\/webp\" \/>\n<meta name=\"twitter:card\" content=\"summary_large_image\" \/>\n<meta name=\"twitter:label1\" content=\"Estimated reading time\" \/>\n\t<meta name=\"twitter:data1\" content=\"1 minute\" \/>\n<script type=\"application\/ld+json\" class=\"yoast-schema-graph\">{\"@context\":\"https:\/\/schema.org\",\"@graph\":[{\"@type\":\"WebPage\",\"@id\":\"https:\/\/www.sejourprive.com\/biens\/villa-sabbia-la-croix-valmer-cote-dazur-france\/\",\"url\":\"https:\/\/www.sejourprive.com\/biens\/villa-sabbia-la-croix-valmer-cote-dazur-france\/\",\"name\":\"Villa Sabbia, La Croix-Valmer, C\u00f4te d'Azur, France - S\u00e9jour Priv\u00e9\",\"isPartOf\":{\"@id\":\"https:\/\/www.sejourprive.com\/#website\"},\"primaryImageOfPage\":{\"@id\":\"https:\/\/www.sejourprive.com\/biens\/villa-sabbia-la-croix-valmer-cote-dazur-france\/#primaryimage\"},\"image\":{\"@id\":\"https:\/\/www.sejourprive.com\/biens\/villa-sabbia-la-croix-valmer-cote-dazur-france\/#primaryimage\"},\"thumbnailUrl\":\"https:\/\/www.sejourprive.com\/wp-content\/uploads\/2026\/02\/yCF5SRrlRfKeWDbO7roD_28203be0-8b52-4cad-fa52-fadb81b304af.webp\",\"datePublished\":\"2026-02-04T11:28:03+00:00\",\"dateModified\":\"2026-02-11T21:27:20+00:00\",\"description\":\"\u00c0 La Croix-Valmer, \u00e0 quelques pas de la plage, la Villa Sabbia est un refuge luxueux qui incarne toute la tranquillit\u00e9 et l'\u00e9l\u00e9gance de la C\u00f4te d'Azur.\",\"breadcrumb\":{\"@id\":\"https:\/\/www.sejourprive.com\/biens\/villa-sabbia-la-croix-valmer-cote-dazur-france\/#breadcrumb\"},\"inLanguage\":\"en-GB\",\"potentialAction\":[{\"@type\":\"ReadAction\",\"target\":[\"https:\/\/www.sejourprive.com\/biens\/villa-sabbia-la-croix-valmer-cote-dazur-france\/\"]}]},{\"@type\":\"ImageObject\",\"inLanguage\":\"en-GB\",\"@id\":\"https:\/\/www.sejourprive.com\/biens\/villa-sabbia-la-croix-valmer-cote-dazur-france\/#primaryimage\",\"url\":\"https:\/\/www.sejourprive.com\/wp-content\/uploads\/2026\/02\/yCF5SRrlRfKeWDbO7roD_28203be0-8b52-4cad-fa52-fadb81b304af.webp\",\"contentUrl\":\"https:\/\/www.sejourprive.com\/wp-content\/uploads\/2026\/02\/yCF5SRrlRfKeWDbO7roD_28203be0-8b52-4cad-fa52-fadb81b304af.webp\",\"width\":1104,\"height\":736},{\"@type\":\"BreadcrumbList\",\"@id\":\"https:\/\/www.sejourprive.com\/biens\/villa-sabbia-la-croix-valmer-cote-dazur-france\/#breadcrumb\",\"itemListElement\":[{\"@type\":\"ListItem\",\"position\":1,\"name\":\"Accueil\",\"item\":\"https:\/\/www.sejourprive.com\/\"},{\"@type\":\"ListItem\",\"position\":2,\"name\":\"Shop\",\"item\":\"https:\/\/www.sejourprive.com\/shop\/\"},{\"@type\":\"ListItem\",\"position\":3,\"name\":\"Villa Sabbia, La Croix-Valmer, C\u00f4te d&#8217;Azur, France\"}]},{\"@type\":\"WebSite\",\"@id\":\"https:\/\/www.sejourprive.com\/#website\",\"url\":\"https:\/\/www.sejourprive.com\/\",\"name\":\"S\u00e9jour Priv\u00e9\",\"description\":\"Nous imaginons pour vous des s\u00e9jours d\u2019exception.\",\"publisher\":{\"@id\":\"https:\/\/www.sejourprive.com\/#organization\"},\"potentialAction\":[{\"@type\":\"SearchAction\",\"target\":{\"@type\":\"EntryPoint\",\"urlTemplate\":\"https:\/\/www.sejourprive.com\/?s={search_term_string}\"},\"query-input\":{\"@type\":\"PropertyValueSpecification\",\"valueRequired\":true,\"valueName\":\"search_term_string\"}}],\"inLanguage\":\"en-GB\"},{\"@type\":\"Organization\",\"@id\":\"https:\/\/www.sejourprive.com\/#organization\",\"name\":\"S\u00e9jour Priv\u00e9\",\"url\":\"https:\/\/www.sejourprive.com\/\",\"logo\":{\"@type\":\"ImageObject\",\"inLanguage\":\"en-GB\",\"@id\":\"https:\/\/www.sejourprive.com\/#\/schema\/logo\/image\/\",\"url\":\"https:\/\/www.sejourprive.com\/wp-content\/uploads\/2026\/02\/SP-Apple-touch-144-couleur-1-2.png\",\"contentUrl\":\"https:\/\/www.sejourprive.com\/wp-content\/uploads\/2026\/02\/SP-Apple-touch-144-couleur-1-2.png\",\"width\":145,\"height\":145,\"caption\":\"S\u00e9jour Priv\u00e9\"},\"image\":{\"@id\":\"https:\/\/www.sejourprive.com\/#\/schema\/logo\/image\/\"}}]}<\/script>\n<!-- \/ Yoast SEO plugin. -->","yoast_head_json":{"title":"Villa Sabbia, La Croix-Valmer, C\u00f4te d'Azur, France - S\u00e9jour Priv\u00e9","description":"\u00c0 La Croix-Valmer, \u00e0 quelques pas de la plage, la Villa Sabbia est un refuge luxueux qui incarne toute la tranquillit\u00e9 et l'\u00e9l\u00e9gance de la C\u00f4te d'Azur.","robots":{"index":"index","follow":"follow","max-snippet":"max-snippet:-1","max-image-preview":"max-image-preview:large","max-video-preview":"max-video-preview:-1"},"canonical":"https:\/\/www.sejourprive.com\/en\/biens\/villa-sabbia-la-croix-valmer-cote-dazur-france\/","og_locale":"en_GB","og_type":"article","og_title":"Villa Sabbia, La Croix-Valmer, C\u00f4te d'Azur, France - S\u00e9jour Priv\u00e9","og_description":"\u00c0 La Croix-Valmer, \u00e0 quelques pas de la plage, la Villa Sabbia est un refuge luxueux qui incarne toute la tranquillit\u00e9 et l'\u00e9l\u00e9gance de la C\u00f4te d'Azur.","og_url":"https:\/\/www.sejourprive.com\/en\/biens\/villa-sabbia-la-croix-valmer-cote-dazur-france\/","og_site_name":"S\u00e9jour Priv\u00e9","article_modified_time":"2026-02-11T21:27:20+00:00","og_image":[{"width":1104,"height":736,"url":"https:\/\/www.sejourprive.com\/wp-content\/uploads\/2026\/02\/yCF5SRrlRfKeWDbO7roD_28203be0-8b52-4cad-fa52-fadb81b304af.webp","type":"image\/webp"}],"twitter_card":"summary_large_image","twitter_misc":{"Estimated reading time":"1 minute"},"schema":{"@context":"https:\/\/schema.org","@graph":[{"@type":"WebPage","@id":"https:\/\/www.sejourprive.com\/biens\/villa-sabbia-la-croix-valmer-cote-dazur-france\/","url":"https:\/\/www.sejourprive.com\/biens\/villa-sabbia-la-croix-valmer-cote-dazur-france\/","name":"Villa Sabbia, La Croix-Valmer, C\u00f4te d'Azur, France - S\u00e9jour Priv\u00e9","isPartOf":{"@id":"https:\/\/www.sejourprive.com\/#website"},"primaryImageOfPage":{"@id":"https:\/\/www.sejourprive.com\/biens\/villa-sabbia-la-croix-valmer-cote-dazur-france\/#primaryimage"},"image":{"@id":"https:\/\/www.sejourprive.com\/biens\/villa-sabbia-la-croix-valmer-cote-dazur-france\/#primaryimage"},"thumbnailUrl":"https:\/\/www.sejourprive.com\/wp-content\/uploads\/2026\/02\/yCF5SRrlRfKeWDbO7roD_28203be0-8b52-4cad-fa52-fadb81b304af.webp","datePublished":"2026-02-04T11:28:03+00:00","dateModified":"2026-02-11T21:27:20+00:00","description":"\u00c0 La Croix-Valmer, \u00e0 quelques pas de la plage, la Villa Sabbia est un refuge luxueux qui incarne toute la tranquillit\u00e9 et l'\u00e9l\u00e9gance de la C\u00f4te d'Azur.","breadcrumb":{"@id":"https:\/\/www.sejourprive.com\/biens\/villa-sabbia-la-croix-valmer-cote-dazur-france\/#breadcrumb"},"inLanguage":"en-GB","potentialAction":[{"@type":"ReadAction","target":["https:\/\/www.sejourprive.com\/biens\/villa-sabbia-la-croix-valmer-cote-dazur-france\/"]}]},{"@type":"ImageObject","inLanguage":"en-GB","@id":"https:\/\/www.sejourprive.com\/biens\/villa-sabbia-la-croix-valmer-cote-dazur-france\/#primaryimage","url":"https:\/\/www.sejourprive.com\/wp-content\/uploads\/2026\/02\/yCF5SRrlRfKeWDbO7roD_28203be0-8b52-4cad-fa52-fadb81b304af.webp","contentUrl":"https:\/\/www.sejourprive.com\/wp-content\/uploads\/2026\/02\/yCF5SRrlRfKeWDbO7roD_28203be0-8b52-4cad-fa52-fadb81b304af.webp","width":1104,"height":736},{"@type":"BreadcrumbList","@id":"https:\/\/www.sejourprive.com\/biens\/villa-sabbia-la-croix-valmer-cote-dazur-france\/#breadcrumb","itemListElement":[{"@type":"ListItem","position":1,"name":"Accueil","item":"https:\/\/www.sejourprive.com\/"},{"@type":"ListItem","position":2,"name":"Shop","item":"https:\/\/www.sejourprive.com\/shop\/"},{"@type":"ListItem","position":3,"name":"Villa Sabbia, La Croix-Valmer, C\u00f4te d&#8217;Azur, France"}]},{"@type":"WebSite","@id":"https:\/\/www.sejourprive.com\/#website","url":"https:\/\/www.sejourprive.com\/","name":"Private Stay","description":"We design exceptional holidays for you.","publisher":{"@id":"https:\/\/www.sejourprive.com\/#organization"},"potentialAction":[{"@type":"SearchAction","target":{"@type":"EntryPoint","urlTemplate":"https:\/\/www.sejourprive.com\/?s={search_term_string}"},"query-input":{"@type":"PropertyValueSpecification","valueRequired":true,"valueName":"search_term_string"}}],"inLanguage":"en-GB"},{"@type":"Organization","@id":"https:\/\/www.sejourprive.com\/#organization","name":"Private Stay","url":"https:\/\/www.sejourprive.com\/","logo":{"@type":"ImageObject","inLanguage":"en-GB","@id":"https:\/\/www.sejourprive.com\/#\/schema\/logo\/image\/","url":"https:\/\/www.sejourprive.com\/wp-content\/uploads\/2026\/02\/SP-Apple-touch-144-couleur-1-2.png","contentUrl":"https:\/\/www.sejourprive.com\/wp-content\/uploads\/2026\/02\/SP-Apple-touch-144-couleur-1-2.png","width":145,"height":145,"caption":"S\u00e9jour Priv\u00e9"},"image":{"@id":"https:\/\/www.sejourprive.com\/#\/schema\/logo\/image\/"}}]}},"_links":{"self":[{"href":"https:\/\/www.sejourprive.com\/en\/wp-json\/wp\/v2\/product\/25633","targetHints":{"allow":["GET"]}}],"collection":[{"href":"https:\/\/www.sejourprive.com\/en\/wp-json\/wp\/v2\/product"}],"about":[{"href":"https:\/\/www.sejourprive.com\/en\/wp-json\/wp\/v2\/types\/product"}],"replies":[{"embeddable":true,"href":"https:\/\/www.sejourprive.com\/en\/wp-json\/wp\/v2\/comments?post=25633"}],"version-history":[{"count":0,"href":"https:\/\/www.sejourprive.com\/en\/wp-json\/wp\/v2\/product\/25633\/revisions"}],"wp:featuredmedia":[{"embeddable":true,"href":"https:\/\/www.sejourprive.com\/en\/wp-json\/wp\/v2\/media\/25689"}],"wp:attachment":[{"href":"https:\/\/www.sejourprive.com\/en\/wp-json\/wp\/v2\/media?parent=25633"}],"wp:term":[{"taxonomy":"product_brand","embeddable":true,"href":"https:\/\/www.sejourprive.com\/en\/wp-json\/wp\/v2\/product_brand?post=25633"},{"taxonomy":"product_cat","embeddable":true,"href":"https:\/\/www.sejourprive.com\/en\/wp-json\/wp\/v2\/product_cat?post=25633"},{"taxonomy":"product_tag","embeddable":true,"href":"https:\/\/www.sejourprive.com\/en\/wp-json\/wp\/v2\/product_tag?post=25633"}],"curies":[{"name":"wp","href":"https:\/\/api.w.org\/{rel}","templated":true}]}}