{"id":13675,"date":"2026-01-13T15:43:31","date_gmt":"2026-01-13T14:43:31","guid":{"rendered":"https:\/\/www.sejourprive.com\/?post_type=product&#038;p=13675"},"modified":"2026-02-11T15:00:02","modified_gmt":"2026-02-11T14:00:02","slug":"villa-adel-elia-mykonos-grece","status":"publish","type":"product","link":"https:\/\/www.sejourprive.com\/en\/biens\/villa-adel-elia-mykonos-grece\/","title":{"rendered":"Villa Adel, Elia, Mykonos Greece"},"content":{"rendered":"<p>Offering breathtaking views of the sapphire-coloured Aegean Sea, the Villa<br \/>\nAdel is a luxury villa in Mykonos that will be your second home<br \/>\nthis summer. Located in the Elia region, in the immediate vicinity<br \/>\none of the island's most famous sandy beaches and<br \/>\ntotally protected from the wind, this villa, which sleeps 14 people, has been meticulously<br \/>\ndesigned to captivate your senses with its unrivalled beauty.<br \/>\n<span><div class=\"read-more-wrapper\"><a class=\"read-more-button\" data-target=\"read-more-69e35bbf910d1\" data-more-text=\"Read more\" data-less-text=\"Read less\"><span class=\"read-more-text\">Read more<\/span><\/a><div id=\"read-more-69e35bbf910d1\" class=\"read-more-content\"> <\/span><br \/>\nNearest beach: 800 m (Elia)<br \/>\nNearest town: 9 km (Mykonos)<br \/>\nAirport: 11 km <\/p>\n<p>The outdoor area offers all the relaxation you need,<br \/>\nwith plenty of space for sunbathing during the day.<br \/>\nand two jacuzzis for romantic moments under the stars.<br \/>\nstars at night. The infinity pool is absolutely spectacular, the<br \/>\npanoramic view changes colour to attract your attention, so<br \/>\nenjoy the atmosphere and organise a barbecue<br \/>\nin the shade of the pergola. When you feel the need to<br \/>\nswim in the crystal-clear waters of the Aegean Sea, all you have to do is get in your car and drive away.<br \/>\nin 3 minutes, you'll find yourself in the refreshing waters of the<br \/>\nmagnificent Elia beach.<br \/>\n<\/div><\/div><\/p>","protected":false},"excerpt":{"rendered":"<p>Offrant une vue imprenable sur la mer \u00c9g\u00e9e couleur saphir, la Villa Adel est une villa de luxe \u00e0 Mykonos&#8230;<\/p>","protected":false},"featured_media":13701,"comment_status":"open","ping_status":"closed","template":"","meta":{"_acf_changed":false},"product_brand":[],"product_cat":[15],"product_tag":[],"class_list":{"0":"post-13675","1":"product","2":"type-product","3":"status-publish","4":"has-post-thumbnail","6":"product_cat-villa","7":"property_location-grece","8":"property_location-mykonos","10":"first","11":"instock","12":"sold-individually","13":"shipping-taxable","14":"purchasable","15":"product-type-simple"},"acf":[],"yoast_head":"<!-- This site is optimized with the Yoast SEO plugin v26.6 - https:\/\/yoast.com\/wordpress\/plugins\/seo\/ -->\n<title>Villa Adel, Elia, Mykonos Gr\u00e8ce - S\u00e9jour Priv\u00e9<\/title>\n<meta name=\"description\" content=\"Offrant une vue imprenable sur la mer \u00c9g\u00e9e couleur saphir, la Villa Adel est une villa de luxe \u00e0 Mykonos qui sera votre deuxi\u00e8me maison cet \u00e9t\u00e9. Situ\u00e9e\" \/>\n<meta name=\"robots\" content=\"index, follow, max-snippet:-1, max-image-preview:large, max-video-preview:-1\" \/>\n<link rel=\"canonical\" href=\"https:\/\/www.sejourprive.com\/en\/biens\/villa-adel-elia-mykonos-grece\/\" \/>\n<meta property=\"og:locale\" content=\"en_GB\" \/>\n<meta property=\"og:type\" content=\"article\" \/>\n<meta property=\"og:title\" content=\"Villa Adel, Elia, Mykonos Gr\u00e8ce - S\u00e9jour Priv\u00e9\" \/>\n<meta property=\"og:description\" content=\"Offrant une vue imprenable sur la mer \u00c9g\u00e9e couleur saphir, la Villa Adel est une villa de luxe \u00e0 Mykonos qui sera votre deuxi\u00e8me maison cet \u00e9t\u00e9. Situ\u00e9e\" \/>\n<meta property=\"og:url\" content=\"https:\/\/www.sejourprive.com\/en\/biens\/villa-adel-elia-mykonos-grece\/\" \/>\n<meta property=\"og:site_name\" content=\"S\u00e9jour Priv\u00e9\" \/>\n<meta property=\"article:modified_time\" content=\"2026-02-11T14:00:02+00:00\" \/>\n<meta property=\"og:image\" content=\"https:\/\/www.sejourprive.com\/wp-content\/uploads\/2026\/01\/Adel-45-scaled.jpg\" \/>\n\t<meta property=\"og:image:width\" content=\"2560\" \/>\n\t<meta property=\"og:image:height\" content=\"1707\" \/>\n\t<meta property=\"og:image:type\" content=\"image\/jpeg\" \/>\n<meta name=\"twitter:card\" content=\"summary_large_image\" \/>\n<meta name=\"twitter:label1\" content=\"Estimated reading time\" \/>\n\t<meta name=\"twitter:data1\" content=\"2 minutes\" \/>\n<script type=\"application\/ld+json\" class=\"yoast-schema-graph\">{\"@context\":\"https:\/\/schema.org\",\"@graph\":[{\"@type\":\"WebPage\",\"@id\":\"https:\/\/www.sejourprive.com\/biens\/villa-adel-elia-mykonos-grece\/\",\"url\":\"https:\/\/www.sejourprive.com\/biens\/villa-adel-elia-mykonos-grece\/\",\"name\":\"Villa Adel, Elia, Mykonos Gr\u00e8ce - S\u00e9jour Priv\u00e9\",\"isPartOf\":{\"@id\":\"https:\/\/www.sejourprive.com\/#website\"},\"primaryImageOfPage\":{\"@id\":\"https:\/\/www.sejourprive.com\/biens\/villa-adel-elia-mykonos-grece\/#primaryimage\"},\"image\":{\"@id\":\"https:\/\/www.sejourprive.com\/biens\/villa-adel-elia-mykonos-grece\/#primaryimage\"},\"thumbnailUrl\":\"https:\/\/www.sejourprive.com\/wp-content\/uploads\/2026\/01\/Adel-45-scaled.jpg\",\"datePublished\":\"2026-01-13T14:43:31+00:00\",\"dateModified\":\"2026-02-11T14:00:02+00:00\",\"description\":\"Offrant une vue imprenable sur la mer \u00c9g\u00e9e couleur saphir, la Villa Adel est une villa de luxe \u00e0 Mykonos qui sera votre deuxi\u00e8me maison cet \u00e9t\u00e9. Situ\u00e9e\",\"breadcrumb\":{\"@id\":\"https:\/\/www.sejourprive.com\/biens\/villa-adel-elia-mykonos-grece\/#breadcrumb\"},\"inLanguage\":\"en-GB\",\"potentialAction\":[{\"@type\":\"ReadAction\",\"target\":[\"https:\/\/www.sejourprive.com\/biens\/villa-adel-elia-mykonos-grece\/\"]}]},{\"@type\":\"ImageObject\",\"inLanguage\":\"en-GB\",\"@id\":\"https:\/\/www.sejourprive.com\/biens\/villa-adel-elia-mykonos-grece\/#primaryimage\",\"url\":\"https:\/\/www.sejourprive.com\/wp-content\/uploads\/2026\/01\/Adel-45-scaled.jpg\",\"contentUrl\":\"https:\/\/www.sejourprive.com\/wp-content\/uploads\/2026\/01\/Adel-45-scaled.jpg\",\"width\":2560,\"height\":1707},{\"@type\":\"BreadcrumbList\",\"@id\":\"https:\/\/www.sejourprive.com\/biens\/villa-adel-elia-mykonos-grece\/#breadcrumb\",\"itemListElement\":[{\"@type\":\"ListItem\",\"position\":1,\"name\":\"Accueil\",\"item\":\"https:\/\/www.sejourprive.com\/\"},{\"@type\":\"ListItem\",\"position\":2,\"name\":\"Shop\",\"item\":\"https:\/\/www.sejourprive.com\/shop\/\"},{\"@type\":\"ListItem\",\"position\":3,\"name\":\"Villa Adel, Elia, Mykonos Gr\u00e8ce\"}]},{\"@type\":\"WebSite\",\"@id\":\"https:\/\/www.sejourprive.com\/#website\",\"url\":\"https:\/\/www.sejourprive.com\/\",\"name\":\"S\u00e9jour Priv\u00e9\",\"description\":\"Nous imaginons pour vous des s\u00e9jours d\u2019exception.\",\"publisher\":{\"@id\":\"https:\/\/www.sejourprive.com\/#organization\"},\"potentialAction\":[{\"@type\":\"SearchAction\",\"target\":{\"@type\":\"EntryPoint\",\"urlTemplate\":\"https:\/\/www.sejourprive.com\/?s={search_term_string}\"},\"query-input\":{\"@type\":\"PropertyValueSpecification\",\"valueRequired\":true,\"valueName\":\"search_term_string\"}}],\"inLanguage\":\"en-GB\"},{\"@type\":\"Organization\",\"@id\":\"https:\/\/www.sejourprive.com\/#organization\",\"name\":\"S\u00e9jour Priv\u00e9\",\"url\":\"https:\/\/www.sejourprive.com\/\",\"logo\":{\"@type\":\"ImageObject\",\"inLanguage\":\"en-GB\",\"@id\":\"https:\/\/www.sejourprive.com\/#\/schema\/logo\/image\/\",\"url\":\"https:\/\/www.sejourprive.com\/wp-content\/uploads\/2026\/02\/SP-Apple-touch-144-couleur-1-2.png\",\"contentUrl\":\"https:\/\/www.sejourprive.com\/wp-content\/uploads\/2026\/02\/SP-Apple-touch-144-couleur-1-2.png\",\"width\":145,\"height\":145,\"caption\":\"S\u00e9jour Priv\u00e9\"},\"image\":{\"@id\":\"https:\/\/www.sejourprive.com\/#\/schema\/logo\/image\/\"}}]}<\/script>\n<!-- \/ Yoast SEO plugin. -->","yoast_head_json":{"title":"Villa Adel, Elia, Mykonos Gr\u00e8ce - S\u00e9jour Priv\u00e9","description":"Offrant une vue imprenable sur la mer \u00c9g\u00e9e couleur saphir, la Villa Adel est une villa de luxe \u00e0 Mykonos qui sera votre deuxi\u00e8me maison cet \u00e9t\u00e9. Situ\u00e9e","robots":{"index":"index","follow":"follow","max-snippet":"max-snippet:-1","max-image-preview":"max-image-preview:large","max-video-preview":"max-video-preview:-1"},"canonical":"https:\/\/www.sejourprive.com\/en\/biens\/villa-adel-elia-mykonos-grece\/","og_locale":"en_GB","og_type":"article","og_title":"Villa Adel, Elia, Mykonos Gr\u00e8ce - S\u00e9jour Priv\u00e9","og_description":"Offrant une vue imprenable sur la mer \u00c9g\u00e9e couleur saphir, la Villa Adel est une villa de luxe \u00e0 Mykonos qui sera votre deuxi\u00e8me maison cet \u00e9t\u00e9. Situ\u00e9e","og_url":"https:\/\/www.sejourprive.com\/en\/biens\/villa-adel-elia-mykonos-grece\/","og_site_name":"S\u00e9jour Priv\u00e9","article_modified_time":"2026-02-11T14:00:02+00:00","og_image":[{"width":2560,"height":1707,"url":"https:\/\/www.sejourprive.com\/wp-content\/uploads\/2026\/01\/Adel-45-scaled.jpg","type":"image\/jpeg"}],"twitter_card":"summary_large_image","twitter_misc":{"Estimated reading time":"2 minutes"},"schema":{"@context":"https:\/\/schema.org","@graph":[{"@type":"WebPage","@id":"https:\/\/www.sejourprive.com\/biens\/villa-adel-elia-mykonos-grece\/","url":"https:\/\/www.sejourprive.com\/biens\/villa-adel-elia-mykonos-grece\/","name":"Villa Adel, Elia, Mykonos Gr\u00e8ce - S\u00e9jour Priv\u00e9","isPartOf":{"@id":"https:\/\/www.sejourprive.com\/#website"},"primaryImageOfPage":{"@id":"https:\/\/www.sejourprive.com\/biens\/villa-adel-elia-mykonos-grece\/#primaryimage"},"image":{"@id":"https:\/\/www.sejourprive.com\/biens\/villa-adel-elia-mykonos-grece\/#primaryimage"},"thumbnailUrl":"https:\/\/www.sejourprive.com\/wp-content\/uploads\/2026\/01\/Adel-45-scaled.jpg","datePublished":"2026-01-13T14:43:31+00:00","dateModified":"2026-02-11T14:00:02+00:00","description":"Offrant une vue imprenable sur la mer \u00c9g\u00e9e couleur saphir, la Villa Adel est une villa de luxe \u00e0 Mykonos qui sera votre deuxi\u00e8me maison cet \u00e9t\u00e9. Situ\u00e9e","breadcrumb":{"@id":"https:\/\/www.sejourprive.com\/biens\/villa-adel-elia-mykonos-grece\/#breadcrumb"},"inLanguage":"en-GB","potentialAction":[{"@type":"ReadAction","target":["https:\/\/www.sejourprive.com\/biens\/villa-adel-elia-mykonos-grece\/"]}]},{"@type":"ImageObject","inLanguage":"en-GB","@id":"https:\/\/www.sejourprive.com\/biens\/villa-adel-elia-mykonos-grece\/#primaryimage","url":"https:\/\/www.sejourprive.com\/wp-content\/uploads\/2026\/01\/Adel-45-scaled.jpg","contentUrl":"https:\/\/www.sejourprive.com\/wp-content\/uploads\/2026\/01\/Adel-45-scaled.jpg","width":2560,"height":1707},{"@type":"BreadcrumbList","@id":"https:\/\/www.sejourprive.com\/biens\/villa-adel-elia-mykonos-grece\/#breadcrumb","itemListElement":[{"@type":"ListItem","position":1,"name":"Accueil","item":"https:\/\/www.sejourprive.com\/"},{"@type":"ListItem","position":2,"name":"Shop","item":"https:\/\/www.sejourprive.com\/shop\/"},{"@type":"ListItem","position":3,"name":"Villa Adel, Elia, Mykonos Gr\u00e8ce"}]},{"@type":"WebSite","@id":"https:\/\/www.sejourprive.com\/#website","url":"https:\/\/www.sejourprive.com\/","name":"Private Stay","description":"We design exceptional holidays for you.","publisher":{"@id":"https:\/\/www.sejourprive.com\/#organization"},"potentialAction":[{"@type":"SearchAction","target":{"@type":"EntryPoint","urlTemplate":"https:\/\/www.sejourprive.com\/?s={search_term_string}"},"query-input":{"@type":"PropertyValueSpecification","valueRequired":true,"valueName":"search_term_string"}}],"inLanguage":"en-GB"},{"@type":"Organization","@id":"https:\/\/www.sejourprive.com\/#organization","name":"Private Stay","url":"https:\/\/www.sejourprive.com\/","logo":{"@type":"ImageObject","inLanguage":"en-GB","@id":"https:\/\/www.sejourprive.com\/#\/schema\/logo\/image\/","url":"https:\/\/www.sejourprive.com\/wp-content\/uploads\/2026\/02\/SP-Apple-touch-144-couleur-1-2.png","contentUrl":"https:\/\/www.sejourprive.com\/wp-content\/uploads\/2026\/02\/SP-Apple-touch-144-couleur-1-2.png","width":145,"height":145,"caption":"S\u00e9jour Priv\u00e9"},"image":{"@id":"https:\/\/www.sejourprive.com\/#\/schema\/logo\/image\/"}}]}},"_links":{"self":[{"href":"https:\/\/www.sejourprive.com\/en\/wp-json\/wp\/v2\/product\/13675","targetHints":{"allow":["GET"]}}],"collection":[{"href":"https:\/\/www.sejourprive.com\/en\/wp-json\/wp\/v2\/product"}],"about":[{"href":"https:\/\/www.sejourprive.com\/en\/wp-json\/wp\/v2\/types\/product"}],"replies":[{"embeddable":true,"href":"https:\/\/www.sejourprive.com\/en\/wp-json\/wp\/v2\/comments?post=13675"}],"version-history":[{"count":0,"href":"https:\/\/www.sejourprive.com\/en\/wp-json\/wp\/v2\/product\/13675\/revisions"}],"wp:featuredmedia":[{"embeddable":true,"href":"https:\/\/www.sejourprive.com\/en\/wp-json\/wp\/v2\/media\/13701"}],"wp:attachment":[{"href":"https:\/\/www.sejourprive.com\/en\/wp-json\/wp\/v2\/media?parent=13675"}],"wp:term":[{"taxonomy":"product_brand","embeddable":true,"href":"https:\/\/www.sejourprive.com\/en\/wp-json\/wp\/v2\/product_brand?post=13675"},{"taxonomy":"product_cat","embeddable":true,"href":"https:\/\/www.sejourprive.com\/en\/wp-json\/wp\/v2\/product_cat?post=13675"},{"taxonomy":"product_tag","embeddable":true,"href":"https:\/\/www.sejourprive.com\/en\/wp-json\/wp\/v2\/product_tag?post=13675"}],"curies":[{"name":"wp","href":"https:\/\/api.w.org\/{rel}","templated":true}]}}