{"id":13604,"date":"2026-01-13T15:33:11","date_gmt":"2026-01-13T14:33:11","guid":{"rendered":"https:\/\/www.sejourprive.com\/?post_type=product&#038;p=13604"},"modified":"2026-02-11T15:00:26","modified_gmt":"2026-02-11T14:00:26","slug":"psarrou-ii-psarrou-mykonos-grece","status":"publish","type":"product","link":"https:\/\/www.sejourprive.com\/en\/biens\/psarrou-ii-psarrou-mykonos-grece\/","title":{"rendered":"Psarrou II, Psarrou, Mykonos Greece"},"content":{"rendered":"<p>Elegant six-bedroom villa located in Agios Lazaros, next to the<br \/>\nfamous Psarou. It offers a breathtaking view of the sea as far as the<br \/>\nislands of Paros and Naxos. Luxury and tranquillity,<br \/>\nprivacy, space and tranquillity await you just 5 minutes away.<br \/>\nkm from the cosmopolitan town of Mykonos. Only 10 minutes away<br \/>\nA short drive from the famous Psarou beach. What's more, for<br \/>\nFor those who prefer to walk, a private path takes our guests to this marvellous beach in just a few minutes.<br \/>\n4 minutes.<br \/>\n<span><div class=\"read-more-wrapper\"><a class=\"read-more-button\" data-target=\"read-more-69fb2ab44bc43\" data-more-text=\"Read more\" data-less-text=\"Read less\"><span class=\"read-more-text\">Read more<\/span><\/a><div id=\"read-more-69fb2ab44bc43\" class=\"read-more-content\"> <\/span><br \/>\nThe villa extends over 390 m\u00b2 and has 6 king-size beds, all with a queen-size bed.<br \/>\nen-suite bathroom. 4 bedrooms have balconies with sea views<br \/>\nand 2 bedrooms have their own lounge with jacuzzi.<br \/>\n<\/div><\/div><\/p>","protected":false},"excerpt":{"rendered":"<p>\u00c9l\u00e9gante villa de six chambres, situ\u00e9e \u00e0 Agios Lazaros, \u00e0 c\u00f4t\u00e9 de la c\u00e9l\u00e8bre Psarou. Elle offre une vue imprenable&#8230;<\/p>","protected":false},"featured_media":13608,"comment_status":"open","ping_status":"closed","template":"","meta":{"_acf_changed":false},"product_brand":[],"product_cat":[15],"product_tag":[],"class_list":{"0":"post-13604","1":"product","2":"type-product","3":"status-publish","4":"has-post-thumbnail","6":"product_cat-villa","7":"property_location-mykonos","9":"first","10":"instock","11":"sold-individually","12":"shipping-taxable","13":"purchasable","14":"product-type-simple"},"acf":[],"yoast_head":"<!-- This site is optimized with the Yoast SEO plugin v26.6 - https:\/\/yoast.com\/wordpress\/plugins\/seo\/ -->\n<title>Psarrou II, Psarrou, Mykonos Gr\u00e8ce - S\u00e9jour Priv\u00e9<\/title>\n<meta name=\"description\" content=\"\u00c9l\u00e9gante villa de six chambres, situ\u00e9e \u00e0 Agios Lazaros, \u00e0 c\u00f4t\u00e9 de la c\u00e9l\u00e8bre Psarou. Elle offre une vue imprenable sur la mer jusqu&#039;aux \u00eeles de Paros et\" \/>\n<meta name=\"robots\" content=\"index, follow, max-snippet:-1, max-image-preview:large, max-video-preview:-1\" \/>\n<link rel=\"canonical\" href=\"https:\/\/www.sejourprive.com\/en\/biens\/psarrou-ii-psarrou-mykonos-grece\/\" \/>\n<meta property=\"og:locale\" content=\"en_GB\" \/>\n<meta property=\"og:type\" content=\"article\" \/>\n<meta property=\"og:title\" content=\"Psarrou II, Psarrou, Mykonos Gr\u00e8ce - S\u00e9jour Priv\u00e9\" \/>\n<meta property=\"og:description\" content=\"\u00c9l\u00e9gante villa de six chambres, situ\u00e9e \u00e0 Agios Lazaros, \u00e0 c\u00f4t\u00e9 de la c\u00e9l\u00e8bre Psarou. Elle offre une vue imprenable sur la mer jusqu&#039;aux \u00eeles de Paros et\" \/>\n<meta property=\"og:url\" content=\"https:\/\/www.sejourprive.com\/en\/biens\/psarrou-ii-psarrou-mykonos-grece\/\" \/>\n<meta property=\"og:site_name\" content=\"S\u00e9jour Priv\u00e9\" \/>\n<meta property=\"article:modified_time\" content=\"2026-02-11T14:00:26+00:00\" \/>\n<meta property=\"og:image\" content=\"https:\/\/www.sejourprive.com\/wp-content\/uploads\/2026\/01\/Psarrou-II-28.jpeg\" \/>\n\t<meta property=\"og:image:width\" content=\"1280\" \/>\n\t<meta property=\"og:image:height\" content=\"853\" \/>\n\t<meta property=\"og:image:type\" content=\"image\/jpeg\" \/>\n<meta name=\"twitter:card\" content=\"summary_large_image\" \/>\n<meta name=\"twitter:label1\" content=\"Estimated reading time\" \/>\n\t<meta name=\"twitter:data1\" content=\"1 minute\" \/>\n<script type=\"application\/ld+json\" class=\"yoast-schema-graph\">{\"@context\":\"https:\/\/schema.org\",\"@graph\":[{\"@type\":\"WebPage\",\"@id\":\"https:\/\/www.sejourprive.com\/biens\/psarrou-ii-psarrou-mykonos-grece\/\",\"url\":\"https:\/\/www.sejourprive.com\/biens\/psarrou-ii-psarrou-mykonos-grece\/\",\"name\":\"Psarrou II, Psarrou, Mykonos Gr\u00e8ce - S\u00e9jour Priv\u00e9\",\"isPartOf\":{\"@id\":\"https:\/\/www.sejourprive.com\/#website\"},\"primaryImageOfPage\":{\"@id\":\"https:\/\/www.sejourprive.com\/biens\/psarrou-ii-psarrou-mykonos-grece\/#primaryimage\"},\"image\":{\"@id\":\"https:\/\/www.sejourprive.com\/biens\/psarrou-ii-psarrou-mykonos-grece\/#primaryimage\"},\"thumbnailUrl\":\"https:\/\/www.sejourprive.com\/wp-content\/uploads\/2026\/01\/Psarrou-II-28.jpeg\",\"datePublished\":\"2026-01-13T14:33:11+00:00\",\"dateModified\":\"2026-02-11T14:00:26+00:00\",\"description\":\"\u00c9l\u00e9gante villa de six chambres, situ\u00e9e \u00e0 Agios Lazaros, \u00e0 c\u00f4t\u00e9 de la c\u00e9l\u00e8bre Psarou. Elle offre une vue imprenable sur la mer jusqu'aux \u00eeles de Paros et\",\"breadcrumb\":{\"@id\":\"https:\/\/www.sejourprive.com\/biens\/psarrou-ii-psarrou-mykonos-grece\/#breadcrumb\"},\"inLanguage\":\"en-GB\",\"potentialAction\":[{\"@type\":\"ReadAction\",\"target\":[\"https:\/\/www.sejourprive.com\/biens\/psarrou-ii-psarrou-mykonos-grece\/\"]}]},{\"@type\":\"ImageObject\",\"inLanguage\":\"en-GB\",\"@id\":\"https:\/\/www.sejourprive.com\/biens\/psarrou-ii-psarrou-mykonos-grece\/#primaryimage\",\"url\":\"https:\/\/www.sejourprive.com\/wp-content\/uploads\/2026\/01\/Psarrou-II-28.jpeg\",\"contentUrl\":\"https:\/\/www.sejourprive.com\/wp-content\/uploads\/2026\/01\/Psarrou-II-28.jpeg\",\"width\":1280,\"height\":853},{\"@type\":\"BreadcrumbList\",\"@id\":\"https:\/\/www.sejourprive.com\/biens\/psarrou-ii-psarrou-mykonos-grece\/#breadcrumb\",\"itemListElement\":[{\"@type\":\"ListItem\",\"position\":1,\"name\":\"Accueil\",\"item\":\"https:\/\/www.sejourprive.com\/\"},{\"@type\":\"ListItem\",\"position\":2,\"name\":\"Shop\",\"item\":\"https:\/\/www.sejourprive.com\/shop\/\"},{\"@type\":\"ListItem\",\"position\":3,\"name\":\"Psarrou II, Psarrou, Mykonos Gr\u00e8ce\"}]},{\"@type\":\"WebSite\",\"@id\":\"https:\/\/www.sejourprive.com\/#website\",\"url\":\"https:\/\/www.sejourprive.com\/\",\"name\":\"S\u00e9jour Priv\u00e9\",\"description\":\"Nous imaginons pour vous des s\u00e9jours d\u2019exception.\",\"publisher\":{\"@id\":\"https:\/\/www.sejourprive.com\/#organization\"},\"potentialAction\":[{\"@type\":\"SearchAction\",\"target\":{\"@type\":\"EntryPoint\",\"urlTemplate\":\"https:\/\/www.sejourprive.com\/?s={search_term_string}\"},\"query-input\":{\"@type\":\"PropertyValueSpecification\",\"valueRequired\":true,\"valueName\":\"search_term_string\"}}],\"inLanguage\":\"en-GB\"},{\"@type\":\"Organization\",\"@id\":\"https:\/\/www.sejourprive.com\/#organization\",\"name\":\"S\u00e9jour Priv\u00e9\",\"url\":\"https:\/\/www.sejourprive.com\/\",\"logo\":{\"@type\":\"ImageObject\",\"inLanguage\":\"en-GB\",\"@id\":\"https:\/\/www.sejourprive.com\/#\/schema\/logo\/image\/\",\"url\":\"https:\/\/www.sejourprive.com\/wp-content\/uploads\/2026\/02\/SP-Apple-touch-144-couleur-1-2.png\",\"contentUrl\":\"https:\/\/www.sejourprive.com\/wp-content\/uploads\/2026\/02\/SP-Apple-touch-144-couleur-1-2.png\",\"width\":145,\"height\":145,\"caption\":\"S\u00e9jour Priv\u00e9\"},\"image\":{\"@id\":\"https:\/\/www.sejourprive.com\/#\/schema\/logo\/image\/\"}}]}<\/script>\n<!-- \/ Yoast SEO plugin. -->","yoast_head_json":{"title":"Psarrou II, Psarrou, Mykonos Gr\u00e8ce - S\u00e9jour Priv\u00e9","description":"\u00c9l\u00e9gante villa de six chambres, situ\u00e9e \u00e0 Agios Lazaros, \u00e0 c\u00f4t\u00e9 de la c\u00e9l\u00e8bre Psarou. Elle offre une vue imprenable sur la mer jusqu'aux \u00eeles de Paros et","robots":{"index":"index","follow":"follow","max-snippet":"max-snippet:-1","max-image-preview":"max-image-preview:large","max-video-preview":"max-video-preview:-1"},"canonical":"https:\/\/www.sejourprive.com\/en\/biens\/psarrou-ii-psarrou-mykonos-grece\/","og_locale":"en_GB","og_type":"article","og_title":"Psarrou II, Psarrou, Mykonos Gr\u00e8ce - S\u00e9jour Priv\u00e9","og_description":"\u00c9l\u00e9gante villa de six chambres, situ\u00e9e \u00e0 Agios Lazaros, \u00e0 c\u00f4t\u00e9 de la c\u00e9l\u00e8bre Psarou. Elle offre une vue imprenable sur la mer jusqu'aux \u00eeles de Paros et","og_url":"https:\/\/www.sejourprive.com\/en\/biens\/psarrou-ii-psarrou-mykonos-grece\/","og_site_name":"S\u00e9jour Priv\u00e9","article_modified_time":"2026-02-11T14:00:26+00:00","og_image":[{"width":1280,"height":853,"url":"https:\/\/www.sejourprive.com\/wp-content\/uploads\/2026\/01\/Psarrou-II-28.jpeg","type":"image\/jpeg"}],"twitter_card":"summary_large_image","twitter_misc":{"Estimated reading time":"1 minute"},"schema":{"@context":"https:\/\/schema.org","@graph":[{"@type":"WebPage","@id":"https:\/\/www.sejourprive.com\/biens\/psarrou-ii-psarrou-mykonos-grece\/","url":"https:\/\/www.sejourprive.com\/biens\/psarrou-ii-psarrou-mykonos-grece\/","name":"Psarrou II, Psarrou, Mykonos Gr\u00e8ce - S\u00e9jour Priv\u00e9","isPartOf":{"@id":"https:\/\/www.sejourprive.com\/#website"},"primaryImageOfPage":{"@id":"https:\/\/www.sejourprive.com\/biens\/psarrou-ii-psarrou-mykonos-grece\/#primaryimage"},"image":{"@id":"https:\/\/www.sejourprive.com\/biens\/psarrou-ii-psarrou-mykonos-grece\/#primaryimage"},"thumbnailUrl":"https:\/\/www.sejourprive.com\/wp-content\/uploads\/2026\/01\/Psarrou-II-28.jpeg","datePublished":"2026-01-13T14:33:11+00:00","dateModified":"2026-02-11T14:00:26+00:00","description":"\u00c9l\u00e9gante villa de six chambres, situ\u00e9e \u00e0 Agios Lazaros, \u00e0 c\u00f4t\u00e9 de la c\u00e9l\u00e8bre Psarou. Elle offre une vue imprenable sur la mer jusqu'aux \u00eeles de Paros et","breadcrumb":{"@id":"https:\/\/www.sejourprive.com\/biens\/psarrou-ii-psarrou-mykonos-grece\/#breadcrumb"},"inLanguage":"en-GB","potentialAction":[{"@type":"ReadAction","target":["https:\/\/www.sejourprive.com\/biens\/psarrou-ii-psarrou-mykonos-grece\/"]}]},{"@type":"ImageObject","inLanguage":"en-GB","@id":"https:\/\/www.sejourprive.com\/biens\/psarrou-ii-psarrou-mykonos-grece\/#primaryimage","url":"https:\/\/www.sejourprive.com\/wp-content\/uploads\/2026\/01\/Psarrou-II-28.jpeg","contentUrl":"https:\/\/www.sejourprive.com\/wp-content\/uploads\/2026\/01\/Psarrou-II-28.jpeg","width":1280,"height":853},{"@type":"BreadcrumbList","@id":"https:\/\/www.sejourprive.com\/biens\/psarrou-ii-psarrou-mykonos-grece\/#breadcrumb","itemListElement":[{"@type":"ListItem","position":1,"name":"Accueil","item":"https:\/\/www.sejourprive.com\/"},{"@type":"ListItem","position":2,"name":"Shop","item":"https:\/\/www.sejourprive.com\/shop\/"},{"@type":"ListItem","position":3,"name":"Psarrou II, Psarrou, Mykonos Gr\u00e8ce"}]},{"@type":"WebSite","@id":"https:\/\/www.sejourprive.com\/#website","url":"https:\/\/www.sejourprive.com\/","name":"Private Stay","description":"We design exceptional holidays for you.","publisher":{"@id":"https:\/\/www.sejourprive.com\/#organization"},"potentialAction":[{"@type":"SearchAction","target":{"@type":"EntryPoint","urlTemplate":"https:\/\/www.sejourprive.com\/?s={search_term_string}"},"query-input":{"@type":"PropertyValueSpecification","valueRequired":true,"valueName":"search_term_string"}}],"inLanguage":"en-GB"},{"@type":"Organization","@id":"https:\/\/www.sejourprive.com\/#organization","name":"Private Stay","url":"https:\/\/www.sejourprive.com\/","logo":{"@type":"ImageObject","inLanguage":"en-GB","@id":"https:\/\/www.sejourprive.com\/#\/schema\/logo\/image\/","url":"https:\/\/www.sejourprive.com\/wp-content\/uploads\/2026\/02\/SP-Apple-touch-144-couleur-1-2.png","contentUrl":"https:\/\/www.sejourprive.com\/wp-content\/uploads\/2026\/02\/SP-Apple-touch-144-couleur-1-2.png","width":145,"height":145,"caption":"S\u00e9jour Priv\u00e9"},"image":{"@id":"https:\/\/www.sejourprive.com\/#\/schema\/logo\/image\/"}}]}},"_links":{"self":[{"href":"https:\/\/www.sejourprive.com\/en\/wp-json\/wp\/v2\/product\/13604","targetHints":{"allow":["GET"]}}],"collection":[{"href":"https:\/\/www.sejourprive.com\/en\/wp-json\/wp\/v2\/product"}],"about":[{"href":"https:\/\/www.sejourprive.com\/en\/wp-json\/wp\/v2\/types\/product"}],"replies":[{"embeddable":true,"href":"https:\/\/www.sejourprive.com\/en\/wp-json\/wp\/v2\/comments?post=13604"}],"version-history":[{"count":0,"href":"https:\/\/www.sejourprive.com\/en\/wp-json\/wp\/v2\/product\/13604\/revisions"}],"wp:featuredmedia":[{"embeddable":true,"href":"https:\/\/www.sejourprive.com\/en\/wp-json\/wp\/v2\/media\/13608"}],"wp:attachment":[{"href":"https:\/\/www.sejourprive.com\/en\/wp-json\/wp\/v2\/media?parent=13604"}],"wp:term":[{"taxonomy":"product_brand","embeddable":true,"href":"https:\/\/www.sejourprive.com\/en\/wp-json\/wp\/v2\/product_brand?post=13604"},{"taxonomy":"product_cat","embeddable":true,"href":"https:\/\/www.sejourprive.com\/en\/wp-json\/wp\/v2\/product_cat?post=13604"},{"taxonomy":"product_tag","embeddable":true,"href":"https:\/\/www.sejourprive.com\/en\/wp-json\/wp\/v2\/product_tag?post=13604"}],"curies":[{"name":"wp","href":"https:\/\/api.w.org\/{rel}","templated":true}]}}