{"id":12744,"date":"2026-01-08T16:06:39","date_gmt":"2026-01-08T15:06:39","guid":{"rendered":"https:\/\/www.sejourprive.com\/?post_type=product&#038;p=12744"},"modified":"2026-02-11T14:50:30","modified_gmt":"2026-02-11T13:50:30","slug":"villa-alice-agkeria-paros-grece","status":"publish","type":"product","link":"https:\/\/www.sejourprive.com\/en\/biens\/villa-alice-agkeria-paros-grece\/","title":{"rendered":"Villa Alice, Agkeria, Paros Greece"},"content":{"rendered":"<p>Villa Alice is the perfect blend of contemporary architecture and natural scenery,<br \/>\ncreating a luxurious haven of peace with spectacular views of the sea and the mountains.<br \/>\nthe sunsets over Antiparos and the \u00abblue lagoon\u00bb. Carefully designed<br \/>\nin a clean, minimalist style, with bespoke furniture made from the finest materials.<br \/>\nThe bed is made from top-quality materials and comes complete with high-quality sheets and towels. La<br \/>\nThe main house has four spacious bedrooms, each with its own en suite bathroom,<br \/>\nconnected televisions and breathtaking sea views.<br \/>\n<span><div class=\"read-more-wrapper\"><a class=\"read-more-button\" data-target=\"read-more-69f72469a025e\" data-more-text=\"Read more\" data-less-text=\"Read less\"><span class=\"read-more-text\">Read more<\/span><\/a><div id=\"read-more-69f72469a025e\" class=\"read-more-content\"> <\/span><br \/>\nSituated 2.5 km from the village of Alyki and 13 km from the village of Paroikia<br \/>\nNearest beach: 3.8 km (Plage de Faraggas)<br \/>\nAirport : 5 km<br \/>\nTown of Naoussa: 25 km<\/p>\n<p>The open, fully-equipped kitchen is linked to an elegant dining room that can comfortably accommodate<br \/>\n10 people, with a lush, flower-filled patio at the back of the living room.<br \/>\nOutside, vast terraces offer a variety of shaded relaxation areas under the sun.<br \/>\nelegant pergolas, perfect for relaxing throughout the day. A large outdoor dining table<br \/>\ncan accommodate up to 10 people and is equipped with a barbecue and a<br \/>\noutdoor fridge, ideal for memorable meals under the stars. A<br \/>\nThe additional breakfast corner offers another charming spot for casual dining. The<br \/>\nsuperb pool area with plenty of sun loungers,<br \/>\ncomplemented by a practical outdoor shower. An independent guest house,<br \/>\n with its own bathroom and private outdoor space, adds<br \/>\nan extra touch of privacy and comfort. Every evening, the villa offers a breathtaking view and<br \/>\nthe sunset, creating an unforgettable island experience.<br \/>\n<\/div><\/div><\/p>","protected":false},"excerpt":{"rendered":"<p>La Villa Alice allie \u00e0 merveille architecture contemporaine et paysage naturel, cr\u00e9ant ainsi un havre de paix luxueux offrant une&#8230;<\/p>","protected":false},"featured_media":13266,"comment_status":"open","ping_status":"closed","template":"","meta":{"_acf_changed":false},"product_brand":[],"product_cat":[15],"product_tag":[],"class_list":{"0":"post-12744","1":"product","2":"type-product","3":"status-publish","4":"has-post-thumbnail","6":"product_cat-villa","7":"property_location-paros","9":"first","10":"instock","11":"sold-individually","12":"shipping-taxable","13":"purchasable","14":"product-type-simple"},"acf":[],"yoast_head":"<!-- This site is optimized with the Yoast SEO plugin v26.6 - https:\/\/yoast.com\/wordpress\/plugins\/seo\/ -->\n<title>Villa Alice, Agkeria, Paros Gr\u00e8ce - S\u00e9jour Priv\u00e9<\/title>\n<meta name=\"description\" content=\"La Villa Alice allie \u00e0 merveille architecture contemporaine et paysage naturel, cr\u00e9ant ainsi un havre de paix luxueux offrant une vue spectaculaire sur la\" \/>\n<meta name=\"robots\" content=\"index, follow, max-snippet:-1, max-image-preview:large, max-video-preview:-1\" \/>\n<link rel=\"canonical\" href=\"https:\/\/www.sejourprive.com\/en\/biens\/villa-alice-agkeria-paros-grece\/\" \/>\n<meta property=\"og:locale\" content=\"en_GB\" \/>\n<meta property=\"og:type\" content=\"article\" \/>\n<meta property=\"og:title\" content=\"Villa Alice, Agkeria, Paros Gr\u00e8ce - S\u00e9jour Priv\u00e9\" \/>\n<meta property=\"og:description\" content=\"La Villa Alice allie \u00e0 merveille architecture contemporaine et paysage naturel, cr\u00e9ant ainsi un havre de paix luxueux offrant une vue spectaculaire sur la\" \/>\n<meta property=\"og:url\" content=\"https:\/\/www.sejourprive.com\/en\/biens\/villa-alice-agkeria-paros-grece\/\" \/>\n<meta property=\"og:site_name\" content=\"S\u00e9jour Priv\u00e9\" \/>\n<meta property=\"article:modified_time\" content=\"2026-02-11T13:50:30+00:00\" \/>\n<meta property=\"og:image\" content=\"https:\/\/www.sejourprive.com\/wp-content\/uploads\/2026\/01\/alice-7-scaled.jpg\" \/>\n\t<meta property=\"og:image:width\" content=\"2560\" \/>\n\t<meta property=\"og:image:height\" content=\"1707\" \/>\n\t<meta property=\"og:image:type\" content=\"image\/jpeg\" \/>\n<meta name=\"twitter:card\" content=\"summary_large_image\" \/>\n<meta name=\"twitter:label1\" content=\"Estimated reading time\" \/>\n\t<meta name=\"twitter:data1\" content=\"2 minutes\" \/>\n<script type=\"application\/ld+json\" class=\"yoast-schema-graph\">{\"@context\":\"https:\/\/schema.org\",\"@graph\":[{\"@type\":\"WebPage\",\"@id\":\"https:\/\/www.sejourprive.com\/biens\/villa-alice-agkeria-paros-grece\/\",\"url\":\"https:\/\/www.sejourprive.com\/biens\/villa-alice-agkeria-paros-grece\/\",\"name\":\"Villa Alice, Agkeria, Paros Gr\u00e8ce - S\u00e9jour Priv\u00e9\",\"isPartOf\":{\"@id\":\"https:\/\/www.sejourprive.com\/#website\"},\"primaryImageOfPage\":{\"@id\":\"https:\/\/www.sejourprive.com\/biens\/villa-alice-agkeria-paros-grece\/#primaryimage\"},\"image\":{\"@id\":\"https:\/\/www.sejourprive.com\/biens\/villa-alice-agkeria-paros-grece\/#primaryimage\"},\"thumbnailUrl\":\"https:\/\/www.sejourprive.com\/wp-content\/uploads\/2026\/01\/alice-7-scaled.jpg\",\"datePublished\":\"2026-01-08T15:06:39+00:00\",\"dateModified\":\"2026-02-11T13:50:30+00:00\",\"description\":\"La Villa Alice allie \u00e0 merveille architecture contemporaine et paysage naturel, cr\u00e9ant ainsi un havre de paix luxueux offrant une vue spectaculaire sur la\",\"breadcrumb\":{\"@id\":\"https:\/\/www.sejourprive.com\/biens\/villa-alice-agkeria-paros-grece\/#breadcrumb\"},\"inLanguage\":\"en-GB\",\"potentialAction\":[{\"@type\":\"ReadAction\",\"target\":[\"https:\/\/www.sejourprive.com\/biens\/villa-alice-agkeria-paros-grece\/\"]}]},{\"@type\":\"ImageObject\",\"inLanguage\":\"en-GB\",\"@id\":\"https:\/\/www.sejourprive.com\/biens\/villa-alice-agkeria-paros-grece\/#primaryimage\",\"url\":\"https:\/\/www.sejourprive.com\/wp-content\/uploads\/2026\/01\/alice-7-scaled.jpg\",\"contentUrl\":\"https:\/\/www.sejourprive.com\/wp-content\/uploads\/2026\/01\/alice-7-scaled.jpg\",\"width\":2560,\"height\":1707},{\"@type\":\"BreadcrumbList\",\"@id\":\"https:\/\/www.sejourprive.com\/biens\/villa-alice-agkeria-paros-grece\/#breadcrumb\",\"itemListElement\":[{\"@type\":\"ListItem\",\"position\":1,\"name\":\"Accueil\",\"item\":\"https:\/\/www.sejourprive.com\/\"},{\"@type\":\"ListItem\",\"position\":2,\"name\":\"Shop\",\"item\":\"https:\/\/www.sejourprive.com\/shop\/\"},{\"@type\":\"ListItem\",\"position\":3,\"name\":\"Villa Alice, Agkeria, Paros Gr\u00e8ce\"}]},{\"@type\":\"WebSite\",\"@id\":\"https:\/\/www.sejourprive.com\/#website\",\"url\":\"https:\/\/www.sejourprive.com\/\",\"name\":\"S\u00e9jour Priv\u00e9\",\"description\":\"Nous imaginons pour vous des s\u00e9jours d\u2019exception.\",\"publisher\":{\"@id\":\"https:\/\/www.sejourprive.com\/#organization\"},\"potentialAction\":[{\"@type\":\"SearchAction\",\"target\":{\"@type\":\"EntryPoint\",\"urlTemplate\":\"https:\/\/www.sejourprive.com\/?s={search_term_string}\"},\"query-input\":{\"@type\":\"PropertyValueSpecification\",\"valueRequired\":true,\"valueName\":\"search_term_string\"}}],\"inLanguage\":\"en-GB\"},{\"@type\":\"Organization\",\"@id\":\"https:\/\/www.sejourprive.com\/#organization\",\"name\":\"S\u00e9jour Priv\u00e9\",\"url\":\"https:\/\/www.sejourprive.com\/\",\"logo\":{\"@type\":\"ImageObject\",\"inLanguage\":\"en-GB\",\"@id\":\"https:\/\/www.sejourprive.com\/#\/schema\/logo\/image\/\",\"url\":\"https:\/\/www.sejourprive.com\/wp-content\/uploads\/2026\/02\/SP-Apple-touch-144-couleur-1-2.png\",\"contentUrl\":\"https:\/\/www.sejourprive.com\/wp-content\/uploads\/2026\/02\/SP-Apple-touch-144-couleur-1-2.png\",\"width\":145,\"height\":145,\"caption\":\"S\u00e9jour Priv\u00e9\"},\"image\":{\"@id\":\"https:\/\/www.sejourprive.com\/#\/schema\/logo\/image\/\"}}]}<\/script>\n<!-- \/ Yoast SEO plugin. -->","yoast_head_json":{"title":"Villa Alice, Agkeria, Paros Gr\u00e8ce - S\u00e9jour Priv\u00e9","description":"La Villa Alice allie \u00e0 merveille architecture contemporaine et paysage naturel, cr\u00e9ant ainsi un havre de paix luxueux offrant une vue spectaculaire sur la","robots":{"index":"index","follow":"follow","max-snippet":"max-snippet:-1","max-image-preview":"max-image-preview:large","max-video-preview":"max-video-preview:-1"},"canonical":"https:\/\/www.sejourprive.com\/en\/biens\/villa-alice-agkeria-paros-grece\/","og_locale":"en_GB","og_type":"article","og_title":"Villa Alice, Agkeria, Paros Gr\u00e8ce - S\u00e9jour Priv\u00e9","og_description":"La Villa Alice allie \u00e0 merveille architecture contemporaine et paysage naturel, cr\u00e9ant ainsi un havre de paix luxueux offrant une vue spectaculaire sur la","og_url":"https:\/\/www.sejourprive.com\/en\/biens\/villa-alice-agkeria-paros-grece\/","og_site_name":"S\u00e9jour Priv\u00e9","article_modified_time":"2026-02-11T13:50:30+00:00","og_image":[{"width":2560,"height":1707,"url":"https:\/\/www.sejourprive.com\/wp-content\/uploads\/2026\/01\/alice-7-scaled.jpg","type":"image\/jpeg"}],"twitter_card":"summary_large_image","twitter_misc":{"Estimated reading time":"2 minutes"},"schema":{"@context":"https:\/\/schema.org","@graph":[{"@type":"WebPage","@id":"https:\/\/www.sejourprive.com\/biens\/villa-alice-agkeria-paros-grece\/","url":"https:\/\/www.sejourprive.com\/biens\/villa-alice-agkeria-paros-grece\/","name":"Villa Alice, Agkeria, Paros Gr\u00e8ce - S\u00e9jour Priv\u00e9","isPartOf":{"@id":"https:\/\/www.sejourprive.com\/#website"},"primaryImageOfPage":{"@id":"https:\/\/www.sejourprive.com\/biens\/villa-alice-agkeria-paros-grece\/#primaryimage"},"image":{"@id":"https:\/\/www.sejourprive.com\/biens\/villa-alice-agkeria-paros-grece\/#primaryimage"},"thumbnailUrl":"https:\/\/www.sejourprive.com\/wp-content\/uploads\/2026\/01\/alice-7-scaled.jpg","datePublished":"2026-01-08T15:06:39+00:00","dateModified":"2026-02-11T13:50:30+00:00","description":"La Villa Alice allie \u00e0 merveille architecture contemporaine et paysage naturel, cr\u00e9ant ainsi un havre de paix luxueux offrant une vue spectaculaire sur la","breadcrumb":{"@id":"https:\/\/www.sejourprive.com\/biens\/villa-alice-agkeria-paros-grece\/#breadcrumb"},"inLanguage":"en-GB","potentialAction":[{"@type":"ReadAction","target":["https:\/\/www.sejourprive.com\/biens\/villa-alice-agkeria-paros-grece\/"]}]},{"@type":"ImageObject","inLanguage":"en-GB","@id":"https:\/\/www.sejourprive.com\/biens\/villa-alice-agkeria-paros-grece\/#primaryimage","url":"https:\/\/www.sejourprive.com\/wp-content\/uploads\/2026\/01\/alice-7-scaled.jpg","contentUrl":"https:\/\/www.sejourprive.com\/wp-content\/uploads\/2026\/01\/alice-7-scaled.jpg","width":2560,"height":1707},{"@type":"BreadcrumbList","@id":"https:\/\/www.sejourprive.com\/biens\/villa-alice-agkeria-paros-grece\/#breadcrumb","itemListElement":[{"@type":"ListItem","position":1,"name":"Accueil","item":"https:\/\/www.sejourprive.com\/"},{"@type":"ListItem","position":2,"name":"Shop","item":"https:\/\/www.sejourprive.com\/shop\/"},{"@type":"ListItem","position":3,"name":"Villa Alice, Agkeria, Paros Gr\u00e8ce"}]},{"@type":"WebSite","@id":"https:\/\/www.sejourprive.com\/#website","url":"https:\/\/www.sejourprive.com\/","name":"Private Stay","description":"We design exceptional holidays for you.","publisher":{"@id":"https:\/\/www.sejourprive.com\/#organization"},"potentialAction":[{"@type":"SearchAction","target":{"@type":"EntryPoint","urlTemplate":"https:\/\/www.sejourprive.com\/?s={search_term_string}"},"query-input":{"@type":"PropertyValueSpecification","valueRequired":true,"valueName":"search_term_string"}}],"inLanguage":"en-GB"},{"@type":"Organization","@id":"https:\/\/www.sejourprive.com\/#organization","name":"Private Stay","url":"https:\/\/www.sejourprive.com\/","logo":{"@type":"ImageObject","inLanguage":"en-GB","@id":"https:\/\/www.sejourprive.com\/#\/schema\/logo\/image\/","url":"https:\/\/www.sejourprive.com\/wp-content\/uploads\/2026\/02\/SP-Apple-touch-144-couleur-1-2.png","contentUrl":"https:\/\/www.sejourprive.com\/wp-content\/uploads\/2026\/02\/SP-Apple-touch-144-couleur-1-2.png","width":145,"height":145,"caption":"S\u00e9jour Priv\u00e9"},"image":{"@id":"https:\/\/www.sejourprive.com\/#\/schema\/logo\/image\/"}}]}},"_links":{"self":[{"href":"https:\/\/www.sejourprive.com\/en\/wp-json\/wp\/v2\/product\/12744","targetHints":{"allow":["GET"]}}],"collection":[{"href":"https:\/\/www.sejourprive.com\/en\/wp-json\/wp\/v2\/product"}],"about":[{"href":"https:\/\/www.sejourprive.com\/en\/wp-json\/wp\/v2\/types\/product"}],"replies":[{"embeddable":true,"href":"https:\/\/www.sejourprive.com\/en\/wp-json\/wp\/v2\/comments?post=12744"}],"version-history":[{"count":0,"href":"https:\/\/www.sejourprive.com\/en\/wp-json\/wp\/v2\/product\/12744\/revisions"}],"wp:featuredmedia":[{"embeddable":true,"href":"https:\/\/www.sejourprive.com\/en\/wp-json\/wp\/v2\/media\/13266"}],"wp:attachment":[{"href":"https:\/\/www.sejourprive.com\/en\/wp-json\/wp\/v2\/media?parent=12744"}],"wp:term":[{"taxonomy":"product_brand","embeddable":true,"href":"https:\/\/www.sejourprive.com\/en\/wp-json\/wp\/v2\/product_brand?post=12744"},{"taxonomy":"product_cat","embeddable":true,"href":"https:\/\/www.sejourprive.com\/en\/wp-json\/wp\/v2\/product_cat?post=12744"},{"taxonomy":"product_tag","embeddable":true,"href":"https:\/\/www.sejourprive.com\/en\/wp-json\/wp\/v2\/product_tag?post=12744"}],"curies":[{"name":"wp","href":"https:\/\/api.w.org\/{rel}","templated":true}]}}