{"id":12571,"date":"2026-01-09T12:36:18","date_gmt":"2026-01-09T11:36:18","guid":{"rendered":"https:\/\/www.sejourprive.com\/?post_type=product&#038;p=12571"},"modified":"2026-02-11T22:26:25","modified_gmt":"2026-02-11T21:26:25","slug":"kashan-elegant-appartement-au-coeur-du-marais","status":"publish","type":"product","link":"https:\/\/www.sejourprive.com\/en\/biens\/kashan-elegant-appartement-au-coeur-du-marais\/","title":{"rendered":"Kashan | Elegant flat in the heart of the Marais"},"content":{"rendered":"<p>Ideally located just 50 metres from the Picasso Museum and a 5-minute walk from Place des Vosges, this exceptional flat is in the heart of the prestigious Marais district, in the 3\u1d49 arrondissement of Paris.<\/p>\n<p><span><div class=\"read-more-wrapper\"><a class=\"read-more-button\" data-target=\"read-more-69f89bf389f12\" data-more-text=\"Read more\" data-less-text=\"Read less\"><span class=\"read-more-text\">Read more<\/span><\/a><div id=\"read-more-69f89bf389f12\" class=\"read-more-content\"> <\/span>Housed in a remarkable 17th\u1d49 century private mansion listed as a Historic Monument, the property offers a unique setting blending history, Parisian charm and contemporary lifestyle. The Marais is renowned for its lively and refined atmosphere, with its many bars, restaurants, galleries, confidential boutiques and iconic names. The famous \u00abMerci\u00bb and \u00abBHV Marais\u00bb shops are just a few steps away, to the delight of shopping enthusiasts.<\/p>\n<p>Recently renovated, the flat boasts an original and sophisticated decor, combining antique furniture, prints and carefully selected antiques. It can accommodate up to 6 people and has two elegant bedrooms and a new sofa bed, all fitted with top-of-the-range bedding for absolute comfort.<\/p>\n<p>Located on the 3\u1d49 floor (no lift), the flat benefits from superb 4-metre high ceilings, offering a remarkable feeling of space and light.<\/p>\n<p>The fully-equipped kitchen includes a washing machine, tumble dryer, dishwasher, electric hob, oven, microwave, fridge, freezer, coffee machine, toaster and everything else you need for an independent stay. Three flat-screen TVs are available - one in each bedroom and one in the living room - as well as free broadband internet access (Wi-Fi).<\/p>\n<p>The flat has two elegant bathrooms, one with a shower and the other with a bathtub, as well as two separate toilets. The kitchen, bathrooms and WCs are separate, guaranteeing comfort and privacy for all occupants. All linen is provided, including high quality mattresses, mattress toppers, pillows and protectors.<\/p>\n<p>This rare property is an exceptional address for an authentic Parisian experience, in the heart of one of the capital's most emblematic and sought-after districts.<\/div><\/div><\/p>","protected":false},"excerpt":{"rendered":"<p>Id\u00e9alement situ\u00e9 \u00e0 seulement 50 m\u00e8tres du mus\u00e9e Picasso et \u00e0 5 minutes \u00e0 pied de la place des Vosges,&#8230;<\/p>","protected":false},"featured_media":13705,"comment_status":"open","ping_status":"closed","template":"","meta":{"_acf_changed":false},"product_brand":[],"product_cat":[95],"product_tag":[],"class_list":{"0":"post-12571","1":"product","2":"type-product","3":"status-publish","4":"has-post-thumbnail","6":"product_cat-appartement","7":"property_location-france","8":"property_location-paris","10":"first","11":"instock","12":"sold-individually","13":"shipping-taxable","14":"purchasable","15":"product-type-simple"},"acf":[],"yoast_head":"<!-- This site is optimized with the Yoast SEO plugin v26.6 - https:\/\/yoast.com\/wordpress\/plugins\/seo\/ -->\n<title>Kashan | \u00c9l\u00e9gant appartement au c\u0153ur du Marais - S\u00e9jour Priv\u00e9<\/title>\n<meta name=\"description\" content=\"Id\u00e9alement situ\u00e9 \u00e0 seulement 50 m\u00e8tres du mus\u00e9e Picasso et \u00e0 5 minutes \u00e0 pied de la place des Vosges, cet appartement d&#039;exception se trouve au c\u0153ur du\" \/>\n<meta name=\"robots\" content=\"index, follow, max-snippet:-1, max-image-preview:large, max-video-preview:-1\" \/>\n<link rel=\"canonical\" href=\"https:\/\/www.sejourprive.com\/en\/biens\/kashan-elegant-appartement-au-coeur-du-marais\/\" \/>\n<meta property=\"og:locale\" content=\"en_GB\" \/>\n<meta property=\"og:type\" content=\"article\" \/>\n<meta property=\"og:title\" content=\"Kashan | \u00c9l\u00e9gant appartement au c\u0153ur du Marais - S\u00e9jour Priv\u00e9\" \/>\n<meta property=\"og:description\" content=\"Id\u00e9alement situ\u00e9 \u00e0 seulement 50 m\u00e8tres du mus\u00e9e Picasso et \u00e0 5 minutes \u00e0 pied de la place des Vosges, cet appartement d&#039;exception se trouve au c\u0153ur du\" \/>\n<meta property=\"og:url\" content=\"https:\/\/www.sejourprive.com\/en\/biens\/kashan-elegant-appartement-au-coeur-du-marais\/\" \/>\n<meta property=\"og:site_name\" content=\"S\u00e9jour Priv\u00e9\" \/>\n<meta property=\"article:modified_time\" content=\"2026-02-11T21:26:25+00:00\" \/>\n<meta property=\"og:image\" content=\"https:\/\/www.sejourprive.com\/wp-content\/uploads\/2026\/01\/2_Kashan_4_4x.jpg\" \/>\n\t<meta property=\"og:image:width\" content=\"1440\" \/>\n\t<meta property=\"og:image:height\" content=\"960\" \/>\n\t<meta property=\"og:image:type\" content=\"image\/jpeg\" \/>\n<meta name=\"twitter:card\" content=\"summary_large_image\" \/>\n<meta name=\"twitter:label1\" content=\"Estimated reading time\" \/>\n\t<meta name=\"twitter:data1\" content=\"2 minutes\" \/>\n<script type=\"application\/ld+json\" class=\"yoast-schema-graph\">{\"@context\":\"https:\/\/schema.org\",\"@graph\":[{\"@type\":\"WebPage\",\"@id\":\"https:\/\/www.sejourprive.com\/biens\/kashan-elegant-appartement-au-coeur-du-marais\/\",\"url\":\"https:\/\/www.sejourprive.com\/biens\/kashan-elegant-appartement-au-coeur-du-marais\/\",\"name\":\"Kashan | \u00c9l\u00e9gant appartement au c\u0153ur du Marais - S\u00e9jour Priv\u00e9\",\"isPartOf\":{\"@id\":\"https:\/\/www.sejourprive.com\/#website\"},\"primaryImageOfPage\":{\"@id\":\"https:\/\/www.sejourprive.com\/biens\/kashan-elegant-appartement-au-coeur-du-marais\/#primaryimage\"},\"image\":{\"@id\":\"https:\/\/www.sejourprive.com\/biens\/kashan-elegant-appartement-au-coeur-du-marais\/#primaryimage\"},\"thumbnailUrl\":\"https:\/\/www.sejourprive.com\/wp-content\/uploads\/2026\/01\/2_Kashan_4_4x.jpg\",\"datePublished\":\"2026-01-09T11:36:18+00:00\",\"dateModified\":\"2026-02-11T21:26:25+00:00\",\"description\":\"Id\u00e9alement situ\u00e9 \u00e0 seulement 50 m\u00e8tres du mus\u00e9e Picasso et \u00e0 5 minutes \u00e0 pied de la place des Vosges, cet appartement d'exception se trouve au c\u0153ur du\",\"breadcrumb\":{\"@id\":\"https:\/\/www.sejourprive.com\/biens\/kashan-elegant-appartement-au-coeur-du-marais\/#breadcrumb\"},\"inLanguage\":\"en-GB\",\"potentialAction\":[{\"@type\":\"ReadAction\",\"target\":[\"https:\/\/www.sejourprive.com\/biens\/kashan-elegant-appartement-au-coeur-du-marais\/\"]}]},{\"@type\":\"ImageObject\",\"inLanguage\":\"en-GB\",\"@id\":\"https:\/\/www.sejourprive.com\/biens\/kashan-elegant-appartement-au-coeur-du-marais\/#primaryimage\",\"url\":\"https:\/\/www.sejourprive.com\/wp-content\/uploads\/2026\/01\/2_Kashan_4_4x.jpg\",\"contentUrl\":\"https:\/\/www.sejourprive.com\/wp-content\/uploads\/2026\/01\/2_Kashan_4_4x.jpg\",\"width\":1440,\"height\":960},{\"@type\":\"BreadcrumbList\",\"@id\":\"https:\/\/www.sejourprive.com\/biens\/kashan-elegant-appartement-au-coeur-du-marais\/#breadcrumb\",\"itemListElement\":[{\"@type\":\"ListItem\",\"position\":1,\"name\":\"Accueil\",\"item\":\"https:\/\/www.sejourprive.com\/\"},{\"@type\":\"ListItem\",\"position\":2,\"name\":\"Shop\",\"item\":\"https:\/\/www.sejourprive.com\/shop\/\"},{\"@type\":\"ListItem\",\"position\":3,\"name\":\"Kashan | \u00c9l\u00e9gant appartement au c\u0153ur du Marais\"}]},{\"@type\":\"WebSite\",\"@id\":\"https:\/\/www.sejourprive.com\/#website\",\"url\":\"https:\/\/www.sejourprive.com\/\",\"name\":\"S\u00e9jour Priv\u00e9\",\"description\":\"Nous imaginons pour vous des s\u00e9jours d\u2019exception.\",\"publisher\":{\"@id\":\"https:\/\/www.sejourprive.com\/#organization\"},\"potentialAction\":[{\"@type\":\"SearchAction\",\"target\":{\"@type\":\"EntryPoint\",\"urlTemplate\":\"https:\/\/www.sejourprive.com\/?s={search_term_string}\"},\"query-input\":{\"@type\":\"PropertyValueSpecification\",\"valueRequired\":true,\"valueName\":\"search_term_string\"}}],\"inLanguage\":\"en-GB\"},{\"@type\":\"Organization\",\"@id\":\"https:\/\/www.sejourprive.com\/#organization\",\"name\":\"S\u00e9jour Priv\u00e9\",\"url\":\"https:\/\/www.sejourprive.com\/\",\"logo\":{\"@type\":\"ImageObject\",\"inLanguage\":\"en-GB\",\"@id\":\"https:\/\/www.sejourprive.com\/#\/schema\/logo\/image\/\",\"url\":\"https:\/\/www.sejourprive.com\/wp-content\/uploads\/2026\/02\/SP-Apple-touch-144-couleur-1-2.png\",\"contentUrl\":\"https:\/\/www.sejourprive.com\/wp-content\/uploads\/2026\/02\/SP-Apple-touch-144-couleur-1-2.png\",\"width\":145,\"height\":145,\"caption\":\"S\u00e9jour Priv\u00e9\"},\"image\":{\"@id\":\"https:\/\/www.sejourprive.com\/#\/schema\/logo\/image\/\"}}]}<\/script>\n<!-- \/ Yoast SEO plugin. -->","yoast_head_json":{"title":"Kashan | \u00c9l\u00e9gant appartement au c\u0153ur du Marais - S\u00e9jour Priv\u00e9","description":"Id\u00e9alement situ\u00e9 \u00e0 seulement 50 m\u00e8tres du mus\u00e9e Picasso et \u00e0 5 minutes \u00e0 pied de la place des Vosges, cet appartement d'exception se trouve au c\u0153ur du","robots":{"index":"index","follow":"follow","max-snippet":"max-snippet:-1","max-image-preview":"max-image-preview:large","max-video-preview":"max-video-preview:-1"},"canonical":"https:\/\/www.sejourprive.com\/en\/biens\/kashan-elegant-appartement-au-coeur-du-marais\/","og_locale":"en_GB","og_type":"article","og_title":"Kashan | \u00c9l\u00e9gant appartement au c\u0153ur du Marais - S\u00e9jour Priv\u00e9","og_description":"Id\u00e9alement situ\u00e9 \u00e0 seulement 50 m\u00e8tres du mus\u00e9e Picasso et \u00e0 5 minutes \u00e0 pied de la place des Vosges, cet appartement d'exception se trouve au c\u0153ur du","og_url":"https:\/\/www.sejourprive.com\/en\/biens\/kashan-elegant-appartement-au-coeur-du-marais\/","og_site_name":"S\u00e9jour Priv\u00e9","article_modified_time":"2026-02-11T21:26:25+00:00","og_image":[{"width":1440,"height":960,"url":"https:\/\/www.sejourprive.com\/wp-content\/uploads\/2026\/01\/2_Kashan_4_4x.jpg","type":"image\/jpeg"}],"twitter_card":"summary_large_image","twitter_misc":{"Estimated reading time":"2 minutes"},"schema":{"@context":"https:\/\/schema.org","@graph":[{"@type":"WebPage","@id":"https:\/\/www.sejourprive.com\/biens\/kashan-elegant-appartement-au-coeur-du-marais\/","url":"https:\/\/www.sejourprive.com\/biens\/kashan-elegant-appartement-au-coeur-du-marais\/","name":"Kashan | \u00c9l\u00e9gant appartement au c\u0153ur du Marais - S\u00e9jour Priv\u00e9","isPartOf":{"@id":"https:\/\/www.sejourprive.com\/#website"},"primaryImageOfPage":{"@id":"https:\/\/www.sejourprive.com\/biens\/kashan-elegant-appartement-au-coeur-du-marais\/#primaryimage"},"image":{"@id":"https:\/\/www.sejourprive.com\/biens\/kashan-elegant-appartement-au-coeur-du-marais\/#primaryimage"},"thumbnailUrl":"https:\/\/www.sejourprive.com\/wp-content\/uploads\/2026\/01\/2_Kashan_4_4x.jpg","datePublished":"2026-01-09T11:36:18+00:00","dateModified":"2026-02-11T21:26:25+00:00","description":"Id\u00e9alement situ\u00e9 \u00e0 seulement 50 m\u00e8tres du mus\u00e9e Picasso et \u00e0 5 minutes \u00e0 pied de la place des Vosges, cet appartement d'exception se trouve au c\u0153ur du","breadcrumb":{"@id":"https:\/\/www.sejourprive.com\/biens\/kashan-elegant-appartement-au-coeur-du-marais\/#breadcrumb"},"inLanguage":"en-GB","potentialAction":[{"@type":"ReadAction","target":["https:\/\/www.sejourprive.com\/biens\/kashan-elegant-appartement-au-coeur-du-marais\/"]}]},{"@type":"ImageObject","inLanguage":"en-GB","@id":"https:\/\/www.sejourprive.com\/biens\/kashan-elegant-appartement-au-coeur-du-marais\/#primaryimage","url":"https:\/\/www.sejourprive.com\/wp-content\/uploads\/2026\/01\/2_Kashan_4_4x.jpg","contentUrl":"https:\/\/www.sejourprive.com\/wp-content\/uploads\/2026\/01\/2_Kashan_4_4x.jpg","width":1440,"height":960},{"@type":"BreadcrumbList","@id":"https:\/\/www.sejourprive.com\/biens\/kashan-elegant-appartement-au-coeur-du-marais\/#breadcrumb","itemListElement":[{"@type":"ListItem","position":1,"name":"Accueil","item":"https:\/\/www.sejourprive.com\/"},{"@type":"ListItem","position":2,"name":"Shop","item":"https:\/\/www.sejourprive.com\/shop\/"},{"@type":"ListItem","position":3,"name":"Kashan | \u00c9l\u00e9gant appartement au c\u0153ur du Marais"}]},{"@type":"WebSite","@id":"https:\/\/www.sejourprive.com\/#website","url":"https:\/\/www.sejourprive.com\/","name":"Private Stay","description":"We design exceptional holidays for you.","publisher":{"@id":"https:\/\/www.sejourprive.com\/#organization"},"potentialAction":[{"@type":"SearchAction","target":{"@type":"EntryPoint","urlTemplate":"https:\/\/www.sejourprive.com\/?s={search_term_string}"},"query-input":{"@type":"PropertyValueSpecification","valueRequired":true,"valueName":"search_term_string"}}],"inLanguage":"en-GB"},{"@type":"Organization","@id":"https:\/\/www.sejourprive.com\/#organization","name":"Private Stay","url":"https:\/\/www.sejourprive.com\/","logo":{"@type":"ImageObject","inLanguage":"en-GB","@id":"https:\/\/www.sejourprive.com\/#\/schema\/logo\/image\/","url":"https:\/\/www.sejourprive.com\/wp-content\/uploads\/2026\/02\/SP-Apple-touch-144-couleur-1-2.png","contentUrl":"https:\/\/www.sejourprive.com\/wp-content\/uploads\/2026\/02\/SP-Apple-touch-144-couleur-1-2.png","width":145,"height":145,"caption":"S\u00e9jour Priv\u00e9"},"image":{"@id":"https:\/\/www.sejourprive.com\/#\/schema\/logo\/image\/"}}]}},"_links":{"self":[{"href":"https:\/\/www.sejourprive.com\/en\/wp-json\/wp\/v2\/product\/12571","targetHints":{"allow":["GET"]}}],"collection":[{"href":"https:\/\/www.sejourprive.com\/en\/wp-json\/wp\/v2\/product"}],"about":[{"href":"https:\/\/www.sejourprive.com\/en\/wp-json\/wp\/v2\/types\/product"}],"replies":[{"embeddable":true,"href":"https:\/\/www.sejourprive.com\/en\/wp-json\/wp\/v2\/comments?post=12571"}],"version-history":[{"count":0,"href":"https:\/\/www.sejourprive.com\/en\/wp-json\/wp\/v2\/product\/12571\/revisions"}],"wp:featuredmedia":[{"embeddable":true,"href":"https:\/\/www.sejourprive.com\/en\/wp-json\/wp\/v2\/media\/13705"}],"wp:attachment":[{"href":"https:\/\/www.sejourprive.com\/en\/wp-json\/wp\/v2\/media?parent=12571"}],"wp:term":[{"taxonomy":"product_brand","embeddable":true,"href":"https:\/\/www.sejourprive.com\/en\/wp-json\/wp\/v2\/product_brand?post=12571"},{"taxonomy":"product_cat","embeddable":true,"href":"https:\/\/www.sejourprive.com\/en\/wp-json\/wp\/v2\/product_cat?post=12571"},{"taxonomy":"product_tag","embeddable":true,"href":"https:\/\/www.sejourprive.com\/en\/wp-json\/wp\/v2\/product_tag?post=12571"}],"curies":[{"name":"wp","href":"https:\/\/api.w.org\/{rel}","templated":true}]}}