{"id":3117,"date":"2025-01-26T06:19:14","date_gmt":"2025-01-26T06:19:14","guid":{"rendered":"https:\/\/dev251.kodesolution.com\/hoteler\/?page_id=3117"},"modified":"2026-02-04T11:03:10","modified_gmt":"2026-02-04T10:03:10","slug":"contact","status":"publish","type":"page","link":"https:\/\/www.sejourprive.com\/en\/contact\/","title":{"rendered":"Contact"},"content":{"rendered":"<div data-elementor-type=\"wp-page\" data-elementor-id=\"3117\" class=\"elementor elementor-3117\" data-elementor-post-type=\"page\">\n\t\t\t\t<div class=\"elementor-element elementor-element-4d4ffa7 e-flex e-con-boxed tm-col-stretched-none tm-bg-color-over-image e-con e-parent\" data-id=\"4d4ffa7\" data-element_type=\"container\" data-e-type=\"container\">\n\t\t\t\t\t<div class=\"e-con-inner\">\n\t\t<div class=\"elementor-element elementor-element-c1b0d07 e-con-full e-flex tm-col-stretched-none tm-bg-color-over-image e-con e-child\" data-id=\"c1b0d07\" data-element_type=\"container\" data-e-type=\"container\">\n\t\t<div class=\"elementor-element elementor-element-5621d90 e-con-full e-flex tm-col-stretched-none tm-bg-color-over-image e-con e-child\" data-id=\"5621d90\" data-element_type=\"container\" data-e-type=\"container\">\n\t\t\t\t<div class=\"elementor-element elementor-element-5b614e9 elementor-widget elementor-widget-heading\" data-id=\"5b614e9\" data-element_type=\"widget\" data-e-type=\"widget\" data-widget_type=\"heading.default\">\n\t\t\t\t<div class=\"elementor-widget-container\">\n\t\t\t\t\t<h2 class=\"elementor-heading-title elementor-size-default translation-block\">Indicate your request, a colleague in charge of the destination <br>will get back to you very soon to guide you.<\/h2>\t\t\t\t<\/div>\n\t\t\t\t<\/div>\n\t\t\t\t<div class=\"elementor-element elementor-element-3261e92 elementor-button-align-center elementor-widget elementor-widget-form\" data-id=\"3261e92\" data-element_type=\"widget\" data-e-type=\"widget\" data-settings=\"{&quot;step_next_label&quot;:&quot;Suivant&quot;,&quot;step_previous_label&quot;:&quot;Pr\\u00e9c\\u00e9dent&quot;,&quot;step_type&quot;:&quot;number_text&quot;,&quot;step_icon_shape&quot;:&quot;circle&quot;}\" data-widget_type=\"form.default\">\n\t\t\t\t<div class=\"elementor-widget-container\">\n\t\t\t\t\t\t\t<form class=\"elementor-form\" method=\"post\" name=\"Nouveau formulaire\" action=\"\">\n\t\t\t<input type=\"hidden\" name=\"post_id\" value=\"3117\"\/>\n\t\t\t<input type=\"hidden\" name=\"form_id\" value=\"3261e92\"\/>\n\t\t\t<input type=\"hidden\" name=\"referer_title\" value=\"S\u00e9jour Priv\u00e9 - Contactez-nous\" \/>\n\n\t\t\t\t\t\t\t<input type=\"hidden\" name=\"queried_id\" value=\"3117\"\/>\n\t\t\t\n\t\t\t<div class=\"elementor-form-fields-wrapper elementor-labels-above\">\n\t\t\t\t\t\t\t\t<div class=\"elementor-field-type-select elementor-field-group elementor-column elementor-field-group-field_0700d56 elementor-col-100 elementor-field-required elementor-mark-required\">\n\t\t\t\t\t\t\t\t\t\t\t\t<label for=\"form-field-field_0700d56\" class=\"elementor-field-label\">\n\t\t\t\t\t\t\t\tReason for your contact\t\t\t\t\t\t\t<\/label>\n\t\t\t\t\t\t\t\t<div class=\"elementor-field elementor-select-wrapper remove-before\">\n\t\t\t<div class=\"select-caret-down-wrapper\">\n\t\t\t\t<i aria-hidden=\"true\" class=\"eicon-caret-down\"><\/i>\t\t\t<\/div>\n\t\t\t<select name=\"form_fields[field_0700d56]\" id=\"form-field-field_0700d56\" class=\"elementor-field-textual elementor-size-lg\" required=\"required\">\n\t\t\t\t\t\t\t\t\t<option value=\"Nouvelle reservation\">New reservation<\/option>\n\t\t\t\t\t\t\t\t\t<option value=\"Reservation d\u00e9j\u00e0 effectu\u00e9e\">Reservation already made<\/option>\n\t\t\t\t\t\t\t\t\t<option value=\"Demande de renseignements \">Request for information <\/option>\n\t\t\t\t\t\t\t\t\t<option value=\"Autres\">Others<\/option>\n\t\t\t\t\t\t\t<\/select>\n\t\t<\/div>\n\t\t\t\t\t\t<\/div>\n\t\t\t\t\t\t\t\t<div class=\"elementor-field-type-text elementor-field-group elementor-column elementor-field-group-field_7005535 elementor-col-50 elementor-field-required elementor-mark-required\">\n\t\t\t\t\t\t\t\t\t\t\t\t\t<input size=\"1\" type=\"text\" name=\"form_fields[field_7005535]\" id=\"form-field-field_7005535\" class=\"elementor-field elementor-size-lg  elementor-field-textual\" placeholder=\"Destination\" required=\"required\">\n\t\t\t\t\t\t\t\t\t\t\t<\/div>\n\t\t\t\t\t\t\t\t<div class=\"elementor-field-type-date elementor-field-group elementor-column elementor-field-group-field_e153e0b elementor-col-25 elementor-field-required elementor-mark-required\">\n\t\t\t\t\t\n\t\t<input type=\"date\" name=\"form_fields[field_e153e0b]\" id=\"form-field-field_e153e0b\" class=\"elementor-field elementor-size-lg  elementor-field-textual elementor-date-field\" placeholder=\"Arrival date\" required=\"required\" pattern=\"[0-9]{4}-[0-9]{2}-[0-9]{2}\">\n\t\t\t\t\t\t<\/div>\n\t\t\t\t\t\t\t\t<div class=\"elementor-field-type-date elementor-field-group elementor-column elementor-field-group-field_8d9e291 elementor-col-25 elementor-field-required elementor-mark-required\">\n\t\t\t\t\t\n\t\t<input type=\"date\" name=\"form_fields[field_8d9e291]\" id=\"form-field-field_8d9e291\" class=\"elementor-field elementor-size-lg  elementor-field-textual elementor-date-field\" placeholder=\"Departure date\" required=\"required\" pattern=\"[0-9]{4}-[0-9]{2}-[0-9]{2}\">\n\t\t\t\t\t\t<\/div>\n\t\t\t\t\t\t\t\t<div class=\"elementor-field-type-text elementor-field-group elementor-column elementor-field-group-name elementor-col-50 elementor-field-required elementor-mark-required\">\n\t\t\t\t\t\t\t\t\t\t\t\t\t<input size=\"1\" type=\"text\" name=\"form_fields[name]\" id=\"form-field-name\" class=\"elementor-field elementor-size-lg  elementor-field-textual\" placeholder=\"Name\" required=\"required\">\n\t\t\t\t\t\t\t\t\t\t\t<\/div>\n\t\t\t\t\t\t\t\t<div class=\"elementor-field-type-text elementor-field-group elementor-column elementor-field-group-field_5579975 elementor-col-50 elementor-field-required elementor-mark-required\">\n\t\t\t\t\t\t\t\t\t\t\t\t\t<input size=\"1\" type=\"text\" name=\"form_fields[field_5579975]\" id=\"form-field-field_5579975\" class=\"elementor-field elementor-size-lg  elementor-field-textual\" placeholder=\"First name\" required=\"required\">\n\t\t\t\t\t\t\t\t\t\t\t<\/div>\n\t\t\t\t\t\t\t\t<div class=\"elementor-field-type-email elementor-field-group elementor-column elementor-field-group-email elementor-col-50 elementor-field-required elementor-mark-required\">\n\t\t\t\t\t\t\t\t\t\t\t\t\t<input size=\"1\" type=\"email\" name=\"form_fields[email]\" id=\"form-field-email\" class=\"elementor-field elementor-size-lg  elementor-field-textual\" placeholder=\"E-mail\" required=\"required\">\n\t\t\t\t\t\t\t\t\t\t\t<\/div>\n\t\t\t\t\t\t\t\t<div class=\"elementor-field-type-tel elementor-field-group elementor-column elementor-field-group-field_458dd33 elementor-col-50 elementor-field-required elementor-mark-required\">\n\t\t\t\t\t\t\t<input size=\"1\" type=\"tel\" name=\"form_fields[field_458dd33]\" id=\"form-field-field_458dd33\" class=\"elementor-field elementor-size-lg  elementor-field-textual\" placeholder=\"Phone number\" required=\"required\" pattern=\"[0-9()#&amp;+*-=.]+\" title=\"Only telephone number characters (#, -, *, etc.) are accepted.\">\n\n\t\t\t\t\t\t<\/div>\n\t\t\t\t\t\t\t\t<div class=\"elementor-field-type-textarea elementor-field-group elementor-column elementor-field-group-message elementor-col-100 elementor-field-required elementor-mark-required\">\n\t\t\t\t\t<textarea class=\"elementor-field-textual elementor-field  elementor-size-lg\" name=\"form_fields[message]\" id=\"form-field-message\" rows=\"9\" placeholder=\"How can we help you?\" required=\"required\"><\/textarea>\t\t\t\t<\/div>\n\t\t\t\t\t\t\t\t<div class=\"elementor-field-group elementor-column elementor-field-type-submit elementor-col-100 e-form__buttons\">\n\t\t\t\t\t<button class=\"elementor-button elementor-size-lg\" type=\"submit\">\n\t\t\t\t\t\t<span class=\"elementor-button-content-wrapper\">\n\t\t\t\t\t\t\t\t\t\t\t\t\t\t\t\t\t\t\t\t\t\t<span class=\"elementor-button-text\">Send<\/span>\n\t\t\t\t\t\t\t\t\t\t\t\t\t<\/span>\n\t\t\t\t\t<\/button>\n\t\t\t\t<\/div>\n\t\t\t<\/div>\n\t\t<input type=\"hidden\" name=\"trp-form-language\" value=\"en\"\/><\/form>\n\t\t\t\t\t\t<\/div>\n\t\t\t\t<\/div>\n\t\t\t\t<\/div>\n\t\t\t\t<\/div>\n\t\t\t\t\t<\/div>\n\t\t\t\t<\/div>\n\t\t<div class=\"elementor-element elementor-element-124e761 e-flex e-con-boxed tm-col-stretched-none tm-bg-color-over-image e-con e-parent\" data-id=\"124e761\" data-element_type=\"container\" data-e-type=\"container\">\n\t\t\t\t\t<div class=\"e-con-inner\">\n\t\t<div class=\"elementor-element elementor-element-a856d73 e-con-full tm-col-stretched-none e-flex tm-bg-color-over-image e-con e-child\" data-id=\"a856d73\" data-element_type=\"container\" data-e-type=\"container\" data-settings=\"{&quot;background_background&quot;:&quot;classic&quot;}\">\n\t\t\t\t<div class=\"elementor-element elementor-element-3258ead elementor-widget elementor-widget-heading\" data-id=\"3258ead\" data-element_type=\"widget\" data-e-type=\"widget\" data-widget_type=\"heading.default\">\n\t\t\t\t<div class=\"elementor-widget-container\">\n\t\t\t\t\t<h2 class=\"elementor-heading-title elementor-size-default\">Contact our teams directly<\/h2>\t\t\t\t<\/div>\n\t\t\t\t<\/div>\n\t\t<div class=\"elementor-element elementor-element-df6a7e4 e-con-full tm-col-stretched-none e-flex tm-bg-color-over-image e-con e-child\" data-id=\"df6a7e4\" data-element_type=\"container\" data-e-type=\"container\">\n\t\t<div class=\"elementor-element elementor-element-83ce7f2 e-grid e-con-full tm-col-stretched-none tm-bg-color-over-image e-con e-child\" data-id=\"83ce7f2\" data-element_type=\"container\" data-e-type=\"container\">\n\t\t\t\t<div class=\"elementor-element elementor-element-acd747e elementor-widget elementor-widget-tm-ele-iconbox\" data-id=\"acd747e\" data-element_type=\"widget\" data-e-type=\"widget\" data-widget_type=\"tm-ele-iconbox.default\">\n\t\t\t\t<div class=\"elementor-widget-container\">\n\t\t\t\t\t<div class=\"tm-sc-icon-box icon-box icon-left font-icon icon-default icon-left\">\r\n\t\r\n  \t<div class=\"icon-box-wrapper\">\r\n\t\t\r\n\t\t<div class=\"icon-wrapper\">\r\n\t\t<div class=\"icon icon-default icon-type-font-icon icon-md\">\r\n\t\t\t<i aria-hidden=\"true\" class=\"flaticon-hotel-010-date\"><\/i>\t\t<\/div>\r\n\r\n\t\t\t<\/div>\r\n\t\t\t<div class=\"icon-text\">\r\n\t\t\t\t\t\t\r\n\t\t\t\t<h4 class=\"icon-box-title\">\r\n\t\t\t\t\t\t\tPassenger reservations\t\t\t\t\t<\/h4>\r\n\t\t\t\t\t<div class=\"content\"><p class=\"p1\"><span class=\"s1\"><a href=\"mailto:reservation@sejourprive.com\"><span class=\"s2\">reservation@sejourprive.com<\/span><\/a><\/span><\/p><\/div>\r\n\t\t\t\r\n\t\t\t\r\n\t\r\n\t\t\t\t\t<\/div>\r\n\t\t<div class=\"clearfix\"><\/div>\r\n\t<\/div>\r\n<\/div>\t\t\t\t<\/div>\n\t\t\t\t<\/div>\n\t\t\t\t<div class=\"elementor-element elementor-element-7dfad8a elementor-widget elementor-widget-tm-ele-iconbox\" data-id=\"7dfad8a\" data-element_type=\"widget\" data-e-type=\"widget\" data-widget_type=\"tm-ele-iconbox.default\">\n\t\t\t\t<div class=\"elementor-widget-container\">\n\t\t\t\t\t<div class=\"tm-sc-icon-box icon-box icon-left font-icon icon-default icon-left\">\r\n\t\r\n  \t<div class=\"icon-box-wrapper\">\r\n\t\t\r\n\t\t<div class=\"icon-wrapper\">\r\n\t\t<div class=\"icon icon-default icon-type-font-icon icon-md\">\r\n\t\t\t<i aria-hidden=\"true\" class=\"flaticon-hotel-062-user-2\"><\/i>\t\t<\/div>\r\n\r\n\t\t\t<\/div>\r\n\t\t\t<div class=\"icon-text\">\r\n\t\t\t\t\t\t\r\n\t\t\t\t<h4 class=\"icon-box-title\">\r\n\t\t\t\t\t\t\tTravel agencies\t\t\t\t\t<\/h4>\r\n\t\t\t\t\t<div class=\"content\"><p class=\"p1\"><a href=\"mailto:partners@sejourprive.com\" title=\"https:\/\/admin.gandi.net\/domain\/8855c292-8c8e-11e7-865f-00163e61ef31\/sejourprive.com\/mail\/mailboxes\/d717b50e-619f-418f-a621-739d0fab526d\/edit\">partners@sejourprive.com<\/a><\/p><\/div>\r\n\t\t\t\r\n\t\t\t\r\n\t\r\n\t\t\t\t\t<\/div>\r\n\t\t<div class=\"clearfix\"><\/div>\r\n\t<\/div>\r\n<\/div>\t\t\t\t<\/div>\n\t\t\t\t<\/div>\n\t\t\t\t<div class=\"elementor-element elementor-element-b1d240c elementor-widget elementor-widget-tm-ele-iconbox\" data-id=\"b1d240c\" data-element_type=\"widget\" data-e-type=\"widget\" data-widget_type=\"tm-ele-iconbox.default\">\n\t\t\t\t<div class=\"elementor-widget-container\">\n\t\t\t\t\t<div class=\"tm-sc-icon-box icon-box icon-left font-icon icon-default icon-left\">\r\n\t\r\n  \t<div class=\"icon-box-wrapper\">\r\n\t\t\r\n\t\t<div class=\"icon-wrapper\">\r\n\t\t<div class=\"icon icon-default icon-type-font-icon icon-md\">\r\n\t\t\t<i aria-hidden=\"true\" class=\"flaticon-common-shelter\"><\/i>\t\t<\/div>\r\n\r\n\t\t\t<\/div>\r\n\t\t\t<div class=\"icon-text\">\r\n\t\t\t\t\t\t\r\n\t\t\t\t<h4 class=\"icon-box-title\">\r\n\t\t\t\t\t\t\tOwners\t\t\t\t\t<\/h4>\r\n\t\t\t\t\t<div class=\"content\"><p class=\"p1\"><span class=\"s1\"><a href=\"mailto:homes@sejourprive.com\">homes@sejourprive.com<\/a><\/span><\/p><\/div>\r\n\t\t\t\r\n\t\t\t\r\n\t\r\n\t\t\t\t\t<\/div>\r\n\t\t<div class=\"clearfix\"><\/div>\r\n\t<\/div>\r\n<\/div>\t\t\t\t<\/div>\n\t\t\t\t<\/div>\n\t\t\t\t<\/div>\n\t\t\t\t<\/div>\n\t\t\t\t<\/div>\n\t\t\t\t\t<\/div>\n\t\t\t\t<\/div>\n\t\t\t\t<\/div>","protected":false},"excerpt":{"rendered":"<p>Specify your request and a member of staff in charge of the destination will get back to you shortly to guide you. Contact our...<\/p>","protected":false},"author":2,"featured_media":0,"parent":0,"menu_order":0,"comment_status":"closed","ping_status":"closed","template":"","meta":{"_acf_changed":false,"footnotes":""},"class_list":["post-3117","page","type-page","status-publish","hentry"],"acf":[],"yoast_head":"<!-- This site is optimized with the Yoast SEO plugin v26.6 - https:\/\/yoast.com\/wordpress\/plugins\/seo\/ -->\n<title>S\u00e9jour Priv\u00e9 - Contactez-nous<\/title>\n<meta name=\"description\" content=\"Indiquez votre demande, un collaborateur en charge de la destination reviendra vers vous tr\u00e8s prochainement pour vous guider.\" \/>\n<meta name=\"robots\" content=\"index, follow, max-snippet:-1, max-image-preview:large, max-video-preview:-1\" \/>\n<link rel=\"canonical\" href=\"https:\/\/www.sejourprive.com\/en\/contact\/\" \/>\n<meta property=\"og:locale\" content=\"en_GB\" \/>\n<meta property=\"og:type\" content=\"article\" \/>\n<meta property=\"og:title\" content=\"S\u00e9jour Priv\u00e9 - Contactez-nous\" \/>\n<meta property=\"og:description\" content=\"Indiquez votre demande, un collaborateur en charge de la destination reviendra vers vous tr\u00e8s prochainement pour vous guider.\" \/>\n<meta property=\"og:url\" content=\"https:\/\/www.sejourprive.com\/en\/contact\/\" \/>\n<meta property=\"og:site_name\" content=\"S\u00e9jour Priv\u00e9\" \/>\n<meta property=\"article:modified_time\" content=\"2026-02-04T10:03:10+00:00\" \/>\n<meta property=\"og:image\" content=\"https:\/\/www.sejourprive.com\/wp-content\/uploads\/2025\/09\/SEJOUR-PRIVE_SliderHome2.jpg\" \/>\n\t<meta property=\"og:image:width\" content=\"1920\" \/>\n\t<meta property=\"og:image:height\" content=\"1280\" \/>\n\t<meta property=\"og:image:type\" content=\"image\/jpeg\" \/>\n<meta name=\"twitter:card\" content=\"summary_large_image\" \/>\n<meta name=\"twitter:label1\" content=\"Estimated reading time\" \/>\n\t<meta name=\"twitter:data1\" content=\"1 minute\" \/>\n<script type=\"application\/ld+json\" class=\"yoast-schema-graph\">{\"@context\":\"https:\/\/schema.org\",\"@graph\":[{\"@type\":\"WebPage\",\"@id\":\"https:\/\/www.sejourprive.com\/contact\/\",\"url\":\"https:\/\/www.sejourprive.com\/contact\/\",\"name\":\"S\u00e9jour Priv\u00e9 - Contactez-nous\",\"isPartOf\":{\"@id\":\"https:\/\/www.sejourprive.com\/#website\"},\"datePublished\":\"2025-01-26T06:19:14+00:00\",\"dateModified\":\"2026-02-04T10:03:10+00:00\",\"description\":\"Indiquez votre demande, un collaborateur en charge de la destination reviendra vers vous tr\u00e8s prochainement pour vous guider.\",\"breadcrumb\":{\"@id\":\"https:\/\/www.sejourprive.com\/contact\/#breadcrumb\"},\"inLanguage\":\"en-GB\",\"potentialAction\":[{\"@type\":\"ReadAction\",\"target\":[\"https:\/\/www.sejourprive.com\/contact\/\"]}]},{\"@type\":\"BreadcrumbList\",\"@id\":\"https:\/\/www.sejourprive.com\/contact\/#breadcrumb\",\"itemListElement\":[{\"@type\":\"ListItem\",\"position\":1,\"name\":\"Accueil\",\"item\":\"https:\/\/www.sejourprive.com\/\"},{\"@type\":\"ListItem\",\"position\":2,\"name\":\"Contact\"}]},{\"@type\":\"WebSite\",\"@id\":\"https:\/\/www.sejourprive.com\/#website\",\"url\":\"https:\/\/www.sejourprive.com\/\",\"name\":\"S\u00e9jour Priv\u00e9\",\"description\":\"Nous imaginons pour vous des s\u00e9jours d\u2019exception.\",\"publisher\":{\"@id\":\"https:\/\/www.sejourprive.com\/#organization\"},\"potentialAction\":[{\"@type\":\"SearchAction\",\"target\":{\"@type\":\"EntryPoint\",\"urlTemplate\":\"https:\/\/www.sejourprive.com\/?s={search_term_string}\"},\"query-input\":{\"@type\":\"PropertyValueSpecification\",\"valueRequired\":true,\"valueName\":\"search_term_string\"}}],\"inLanguage\":\"en-GB\"},{\"@type\":\"Organization\",\"@id\":\"https:\/\/www.sejourprive.com\/#organization\",\"name\":\"S\u00e9jour Priv\u00e9\",\"url\":\"https:\/\/www.sejourprive.com\/\",\"logo\":{\"@type\":\"ImageObject\",\"inLanguage\":\"en-GB\",\"@id\":\"https:\/\/www.sejourprive.com\/#\/schema\/logo\/image\/\",\"url\":\"https:\/\/www.sejourprive.com\/wp-content\/uploads\/2026\/02\/SP-Apple-touch-144-couleur-1-2.png\",\"contentUrl\":\"https:\/\/www.sejourprive.com\/wp-content\/uploads\/2026\/02\/SP-Apple-touch-144-couleur-1-2.png\",\"width\":145,\"height\":145,\"caption\":\"S\u00e9jour Priv\u00e9\"},\"image\":{\"@id\":\"https:\/\/www.sejourprive.com\/#\/schema\/logo\/image\/\"}}]}<\/script>\n<!-- \/ Yoast SEO plugin. -->","yoast_head_json":{"title":"Private Stay - Contact us","description":"Enter your request and a member of staff in charge of the destination will get back to you shortly to guide you.","robots":{"index":"index","follow":"follow","max-snippet":"max-snippet:-1","max-image-preview":"max-image-preview:large","max-video-preview":"max-video-preview:-1"},"canonical":"https:\/\/www.sejourprive.com\/en\/contact\/","og_locale":"en_GB","og_type":"article","og_title":"S\u00e9jour Priv\u00e9 - Contactez-nous","og_description":"Indiquez votre demande, un collaborateur en charge de la destination reviendra vers vous tr\u00e8s prochainement pour vous guider.","og_url":"https:\/\/www.sejourprive.com\/en\/contact\/","og_site_name":"S\u00e9jour Priv\u00e9","article_modified_time":"2026-02-04T10:03:10+00:00","og_image":[{"width":1920,"height":1280,"url":"https:\/\/www.sejourprive.com\/wp-content\/uploads\/2025\/09\/SEJOUR-PRIVE_SliderHome2.jpg","type":"image\/jpeg"}],"twitter_card":"summary_large_image","twitter_misc":{"Estimated reading time":"1 minute"},"schema":{"@context":"https:\/\/schema.org","@graph":[{"@type":"WebPage","@id":"https:\/\/www.sejourprive.com\/contact\/","url":"https:\/\/www.sejourprive.com\/contact\/","name":"Private Stay - Contact us","isPartOf":{"@id":"https:\/\/www.sejourprive.com\/#website"},"datePublished":"2025-01-26T06:19:14+00:00","dateModified":"2026-02-04T10:03:10+00:00","description":"Enter your request and a member of staff in charge of the destination will get back to you shortly to guide you.","breadcrumb":{"@id":"https:\/\/www.sejourprive.com\/contact\/#breadcrumb"},"inLanguage":"en-GB","potentialAction":[{"@type":"ReadAction","target":["https:\/\/www.sejourprive.com\/contact\/"]}]},{"@type":"BreadcrumbList","@id":"https:\/\/www.sejourprive.com\/contact\/#breadcrumb","itemListElement":[{"@type":"ListItem","position":1,"name":"Accueil","item":"https:\/\/www.sejourprive.com\/"},{"@type":"ListItem","position":2,"name":"Contact"}]},{"@type":"WebSite","@id":"https:\/\/www.sejourprive.com\/#website","url":"https:\/\/www.sejourprive.com\/","name":"Private Stay","description":"We design exceptional holidays for you.","publisher":{"@id":"https:\/\/www.sejourprive.com\/#organization"},"potentialAction":[{"@type":"SearchAction","target":{"@type":"EntryPoint","urlTemplate":"https:\/\/www.sejourprive.com\/?s={search_term_string}"},"query-input":{"@type":"PropertyValueSpecification","valueRequired":true,"valueName":"search_term_string"}}],"inLanguage":"en-GB"},{"@type":"Organization","@id":"https:\/\/www.sejourprive.com\/#organization","name":"Private Stay","url":"https:\/\/www.sejourprive.com\/","logo":{"@type":"ImageObject","inLanguage":"en-GB","@id":"https:\/\/www.sejourprive.com\/#\/schema\/logo\/image\/","url":"https:\/\/www.sejourprive.com\/wp-content\/uploads\/2026\/02\/SP-Apple-touch-144-couleur-1-2.png","contentUrl":"https:\/\/www.sejourprive.com\/wp-content\/uploads\/2026\/02\/SP-Apple-touch-144-couleur-1-2.png","width":145,"height":145,"caption":"S\u00e9jour Priv\u00e9"},"image":{"@id":"https:\/\/www.sejourprive.com\/#\/schema\/logo\/image\/"}}]}},"_links":{"self":[{"href":"https:\/\/www.sejourprive.com\/en\/wp-json\/wp\/v2\/pages\/3117","targetHints":{"allow":["GET"]}}],"collection":[{"href":"https:\/\/www.sejourprive.com\/en\/wp-json\/wp\/v2\/pages"}],"about":[{"href":"https:\/\/www.sejourprive.com\/en\/wp-json\/wp\/v2\/types\/page"}],"author":[{"embeddable":true,"href":"https:\/\/www.sejourprive.com\/en\/wp-json\/wp\/v2\/users\/2"}],"replies":[{"embeddable":true,"href":"https:\/\/www.sejourprive.com\/en\/wp-json\/wp\/v2\/comments?post=3117"}],"version-history":[{"count":0,"href":"https:\/\/www.sejourprive.com\/en\/wp-json\/wp\/v2\/pages\/3117\/revisions"}],"wp:attachment":[{"href":"https:\/\/www.sejourprive.com\/en\/wp-json\/wp\/v2\/media?parent=3117"}],"curies":[{"name":"wp","href":"https:\/\/api.w.org\/{rel}","templated":true}]}}