{"id":11501,"date":"2025-09-29T18:45:10","date_gmt":"2025-09-29T16:45:10","guid":{"rendered":"https:\/\/sp.creativconflans.com\/?page_id=11501"},"modified":"2025-11-27T15:22:11","modified_gmt":"2025-11-27T14:22:11","slug":"guest-reviews","status":"publish","type":"page","link":"https:\/\/www.sejourprive.com\/en\/guest-reviews\/","title":{"rendered":"Guest Reviews"},"content":{"rendered":"<div data-elementor-type=\"wp-page\" data-elementor-id=\"11501\" class=\"elementor elementor-11501\" data-elementor-post-type=\"page\">\n\t\t\t\t<div class=\"elementor-element elementor-element-d2e4e3c e-flex e-con-boxed tm-col-stretched-none tm-bg-color-over-image e-con e-parent\" data-id=\"d2e4e3c\" data-element_type=\"container\" data-e-type=\"container\" data-settings=\"{&quot;background_background&quot;:&quot;classic&quot;,&quot;background_motion_fx_motion_fx_scrolling&quot;:&quot;yes&quot;,&quot;background_motion_fx_translateY_effect&quot;:&quot;yes&quot;,&quot;background_motion_fx_translateY_speed&quot;:{&quot;unit&quot;:&quot;px&quot;,&quot;size&quot;:4,&quot;sizes&quot;:[]},&quot;background_motion_fx_translateY_affectedRange&quot;:{&quot;unit&quot;:&quot;%&quot;,&quot;size&quot;:&quot;&quot;,&quot;sizes&quot;:{&quot;start&quot;:0,&quot;end&quot;:100}},&quot;background_motion_fx_devices&quot;:[&quot;desktop&quot;,&quot;tablet&quot;,&quot;mobile&quot;]}\">\n\t\t\t\t\t<div class=\"e-con-inner\">\n\t\t<div class=\"elementor-element elementor-element-f40cd7c e-con-full e-flex tm-col-stretched-none tm-bg-color-over-image e-con e-child\" data-id=\"f40cd7c\" data-element_type=\"container\" data-e-type=\"container\">\n\t\t\t\t<div class=\"elementor-element elementor-element-73f644a horizontal-line-align-left vertical-line-align-bottom elementor-widget elementor-widget-tm-ele-section-title\" data-id=\"73f644a\" data-element_type=\"widget\" data-e-type=\"widget\" data-widget_type=\"tm-ele-section-title.default\">\n\t\t\t\t<div class=\"elementor-widget-container\">\n\t\t\t\t\t<div class=\"tm-sc-section-title section-title\">\r\n\t<div class=\"title-wrapper\">\r\n\t\t\t\t\t\t\t<h1 class=\"title wow fadeInUp\">\r\n\r\n\t\t\r\n\t\t\t\t<span class=\"title-part1\">Guest Reviews<\/span>\r\n\t\t\t\t\r\n\t\t\r\n\t<\/h1>\r\n\t<div class=\"title-seperator-line\"><\/div>\t\t\t\t\t\t<\/div>\r\n<\/div>\t\t\t\t<\/div>\n\t\t\t\t<\/div>\n\t\t\t\t<\/div>\n\t\t\t\t\t<\/div>\n\t\t\t\t<\/div>\n\t\t<div class=\"elementor-element elementor-element-c33c5cc e-flex e-con-boxed tm-col-stretched-none tm-bg-color-over-image e-con e-parent\" data-id=\"c33c5cc\" data-element_type=\"container\" data-e-type=\"container\" data-settings=\"{&quot;background_background&quot;:&quot;classic&quot;}\">\n\t\t\t\t\t<div class=\"e-con-inner\">\n\t\t<div class=\"elementor-element elementor-element-b0fd72a e-con-full e-flex tm-col-stretched-none tm-bg-color-over-image e-con e-child\" data-id=\"b0fd72a\" data-element_type=\"container\" data-e-type=\"container\">\n\t\t\t\t<div class=\"elementor-element elementor-element-9228fdc elementor-widget__width-initial elementor-widget elementor-widget-tm-ele-text-editor\" data-id=\"9228fdc\" data-element_type=\"widget\" data-e-type=\"widget\" data-widget_type=\"tm-ele-text-editor.default\">\n\t\t\t\t<div class=\"elementor-widget-container\">\n\t\t\t\t\t\t\t<div class=\"tm-text-editor\">\r\n\t\t<div class=\"nev7se\" data-cp=\"1\" data-nnttsvi=\"1\" data-sletp=\"false\" data-sm=\"1\" data-ssbp=\"false\" data-sugg-time=\"500\" data-sugg-url=\"https:\/\/clients1.google.com\/complete\/search\" data-uilc=\"fr\" data-vil=\",af,af-ZA,am,am-ET,ar-EG,ar-AE,ar-KW,ar-QA,ar,ar-IL,ar-JO,ar-LB,ar-PS,az,az-AZ,bg,bg-BG,bn,bn-BD,bn-IN,ca,ca-es,cs,cs-CZ,de,de-DE,de-CH,de-AT,de-LI,en,en-US,en-CA,en-AU,en-NZ,en-GB,en-IN,en-KE,en-TZ,en-NG,en-GH,en-PH,en-ZA,es,es-ES,es-AR,es-UY,es-419,es-BO,es-CL,es-CR,es-CO,es-DO,es-EC,es-GT,es-HN,es-NI,es-PA,es-PE,es-PR,es-PY,es-SV,es-VE,es-MX,es-US,eu,eu-ES,fi,fi-FI,fr,fr-FR,fr-CH,fr-BE,gl,gl-ES,gu,gu-IN,he,he-IL,iw,iw-IL,hu,hu-HU,hy,hy-AM,id,id-ID,is,is-IS,it,it-IT,it-CH,ja,ja-JP,jv,jv-ID,ka,ka-GE,km,km-KH,kn,kn-IN,ko,ko-KR,la,lo,lo-LA,lv,lv-LV,ml,ml-IN,mr,mr-IN,ms,ms-MY,nl,nl-NL,nb,nb-NO,ne,ne-NP,pl,pl-PL,pt,pt-BR,pt-PT,ro,ro-RO,ru,ru-RU,si-LK,sk,sk-SK,sr,sr-RS,su,su-ID,sv,sv-SE,sw,sw-TZ,sw-KE,ta,ta-IN,ta-SG,ta-LK,ta-MY,te,te-IN,tr,tr-TR,ur,ur-PK,ur-IN,yue,yue-HK,yue-Hant-HK,zh-HK,zh,zh-CN,zh-cmn,zh-cmn-CN,zh-Hans,zh-Hans-CN,zh-cmn-Hans,zh-cmn-Hans-CN,cmn-CN,cmn-Hans,cmn-Hans-CN,zh-TW,zh-Hant-TW,cmn-TW,cmn-Hant-TW,zh-cmn-TW,zh-cmn-Hant-TW,zu,zu-ZA,hi,hi-IN,tl,tl-PH,pa,pa-IN\" id=\"tw-container\"><p class=\"p1 translation-block\">We love hearing from our guests about their stay.<br>Discover what other travelers think about their experience with S\u00e9jour Priv\u00e9 and get inspired.<\/p><\/div>\t\t<\/div>\r\n\t\t\t\t\t<\/div>\n\t\t\t\t<\/div>\n\t\t\t\t<div class=\"elementor-element elementor-element-84df03a elementor-widget elementor-widget-spacer\" data-id=\"84df03a\" data-element_type=\"widget\" data-e-type=\"widget\" data-widget_type=\"spacer.default\">\n\t\t\t\t<div class=\"elementor-widget-container\">\n\t\t\t\t\t\t\t<div class=\"elementor-spacer\">\n\t\t\t<div class=\"elementor-spacer-inner\"><\/div>\n\t\t<\/div>\n\t\t\t\t\t\t<\/div>\n\t\t\t\t<\/div>\n\t\t\t\t<\/div>\n\t\t\t\t\t<\/div>\n\t\t\t\t<\/div>\n\t\t<div class=\"elementor-element elementor-element-f37b035 e-con-full tm-col-stretched-none e-flex tm-bg-color-over-image elementor-invisible e-con e-child\" data-id=\"f37b035\" data-element_type=\"container\" data-e-type=\"container\" data-settings=\"{&quot;animation&quot;:&quot;fadeInUp&quot;}\">\n\t\t\t\t<div class=\"elementor-element elementor-element-75ba98b elementor-widget elementor-widget-tm-ele-testimonial-block\" data-id=\"75ba98b\" data-element_type=\"widget\" data-e-type=\"widget\" data-widget_type=\"tm-ele-testimonial-block.skin-style2\">\n\t\t\t\t<div class=\"elementor-widget-container\">\n\t\t\t\t\t\t<div class=\"tm-testimonial-grid tm-sc-testimonials\">\r\n\t\t<!-- Isotope Gallery Grid -->\r\n\t\t<div id=\"testimonial-block-holder-284582\" class=\"isotope-layout grid-2 gutter-30 clearfix\">\r\n\t\t\t<div class=\"isotope-layout-inner\">\r\n\t\t\t\t<!-- the loop -->\r\n\t\t\t\t\t\t\t\t\t\t\t\t\t\t\t\t<div class=\"isotope-item testimonial-item elementor-repeater-item-9ff4bcb\" data-wow-delay=\"\">\r\n\t\t\t\t\t<!-- Testimonial Block Style1-->\r\n<div class=\"testimonial-item testimonial-block-style2\">\r\n  <div class=\"inner-box\">\r\n    <div class=\"rating\">\r\n          <\/div>\r\n    <div class=\"author-text\">\r\n  Every step of my stay was handled with exceptional care: from the transfer to the accommodation, down to the smallest requests on site, everything was anticipated. Nothing was left to chance, and that's what makes all the difference.<\/div>    <div class=\"info-box\">\r\n      \t\t<h4 class=\"testimonial-name\">\r\n\t\tMarc N.\t<\/h4>\r\n\t      \t\t<div class=\"testimonial-position\">\r\n\t\t\t\t\tTraveler in Rome\t\t\t<\/div>\r\n\t    <\/div>\r\n  <\/div>\r\n<\/div>\t\t\t\t<\/div>\r\n\t\t\t\t\t\t\t\t\t\t\t\t\t\t\t\t<div class=\"isotope-item testimonial-item elementor-repeater-item-b61e4c1\" data-wow-delay=\"\">\r\n\t\t\t\t\t<!-- Testimonial Block Style1-->\r\n<div class=\"testimonial-item testimonial-block-style2\">\r\n  <div class=\"inner-box\">\r\n    <div class=\"rating\">\r\n          <\/div>\r\n    <div class=\"author-text\">\r\n  What I particularly appreciated was their discretion and efficiency. You get the feeling that everything happens naturally, without ever having to ask. This peace of mind is a real luxury.<\/div>    <div class=\"info-box\">\r\n      \t\t<h4 class=\"testimonial-name\">\r\n\t\tBruno M.\t<\/h4>\r\n\t      \t\t<div class=\"testimonial-position\">\r\n\t\t\t\t\tTraveler in Porto\t\t\t<\/div>\r\n\t    <\/div>\r\n  <\/div>\r\n<\/div>\t\t\t\t<\/div>\r\n\t\t\t\t\t\t\t\t\t\t\t\t\t\t\t\t<div class=\"isotope-item testimonial-item elementor-repeater-item-aa9674b\" data-wow-delay=\"\">\r\n\t\t\t\t\t<!-- Testimonial Block Style1-->\r\n<div class=\"testimonial-item testimonial-block-style2\">\r\n  <div class=\"inner-box\">\r\n    <div class=\"rating\">\r\n          <\/div>\r\n    <div class=\"author-text\">\r\n  Thanks to this attentive support and their attention to detail, S\u00e9jour Priv\u00e9 transforms a simple stay into a successful and memorable experience.<\/div>    <div class=\"info-box\">\r\n      \t\t<h4 class=\"testimonial-name\">\r\n\t\tOlivier A.\t<\/h4>\r\n\t      \t\t<div class=\"testimonial-position\">\r\n\t\t\t\t\tTraveler in Saint-Tropez\t\t\t<\/div>\r\n\t    <\/div>\r\n  <\/div>\r\n<\/div>\t\t\t\t<\/div>\r\n\t\t\t\t\t\t\t\t\t\t\t\t\t\t\t\t<div class=\"isotope-item testimonial-item elementor-repeater-item-206833e\" data-wow-delay=\"\">\r\n\t\t\t\t\t<!-- Testimonial Block Style1-->\r\n<div class=\"testimonial-item testimonial-block-style2\">\r\n  <div class=\"inner-box\">\r\n    <div class=\"rating\">\r\n          <\/div>\r\n    <div class=\"author-text\">\r\n  From the very first contact, I felt I was in good hands. The team inspires immediate confidence: everything is clear, fluid, and organized with almost instinctive precision. You can tell they are fully aware of the expectations of discerning travelers.<\/div>    <div class=\"info-box\">\r\n      \t\t<h4 class=\"testimonial-name\">\r\n\t\tJulie B.\t<\/h4>\r\n\t      \t\t<div class=\"testimonial-position\">\r\n\t\t\t\t\tTraveler in Cannes\t\t\t<\/div>\r\n\t    <\/div>\r\n  <\/div>\r\n<\/div>\t\t\t\t<\/div>\r\n\t\t\t\t\t\t\t\t\t\t\t\t\t\t\t\t<div class=\"isotope-item testimonial-item elementor-repeater-item-e6b51e1\" data-wow-delay=\"\">\r\n\t\t\t\t\t<!-- Testimonial Block Style1-->\r\n<div class=\"testimonial-item testimonial-block-style2\">\r\n  <div class=\"inner-box\">\r\n    <div class=\"rating\">\r\n          <\/div>\r\n    <div class=\"author-text\">\r\n  What makes the experience truly unforgettable is this alchemy between professionalism and human warmth. We don't just experience a successful stay, we experience an emotion, a moment where everything seems simple, fluid and perfectly orchestrated.<\/div>    <div class=\"info-box\">\r\n      \t\t<h4 class=\"testimonial-name\">\r\n\t\tMarrion U.\t<\/h4>\r\n\t      \t\t<div class=\"testimonial-position\">\r\n\t\t\t\t\tTraveler in Geneva\t\t\t<\/div>\r\n\t    <\/div>\r\n  <\/div>\r\n<\/div>\t\t\t\t<\/div>\r\n\t\t\t\t\t\t\t\t\t\t\t\t\t\t\t\t<div class=\"isotope-item testimonial-item elementor-repeater-item-fa68f5c\" data-wow-delay=\"\">\r\n\t\t\t\t\t<!-- Testimonial Block Style1-->\r\n<div class=\"testimonial-item testimonial-block-style2\">\r\n  <div class=\"inner-box\">\r\n    <div class=\"rating\">\r\n          <\/div>\r\n    <div class=\"author-text\">\r\n  This feeling of being in exactly the right place at the right time is probably what best sums up my experience. Everything is designed to make you feel at home, even on the other side of the world.<\/div>    <div class=\"info-box\">\r\n      \t\t<h4 class=\"testimonial-name\">\r\n\t\tGr\u00e9gory M.\t<\/h4>\r\n\t      \t\t<div class=\"testimonial-position\">\r\n\t\t\t\t\tTraveler in Lisbon\t\t\t<\/div>\r\n\t    <\/div>\r\n  <\/div>\r\n<\/div>\t\t\t\t<\/div>\r\n\t\t\t\t\t\t\t\t<!-- end of the loop -->\r\n\t\t\t<\/div>\r\n\t\t<\/div>\r\n\t\t\t<\/div>\r\n\r\n\t\t\t\t<\/div>\n\t\t\t\t<\/div>\n\t\t\t\t<\/div>\n\t\t\t\t<\/div>","protected":false},"excerpt":{"rendered":"<p>Guest Reviews Nous aimons entendre les retours de nos clients sur leur s\u00e9jour. D\u00e9couvrez ce que d\u2019autres voyageurs pensent de&#8230;<\/p>","protected":false},"author":2,"featured_media":0,"parent":0,"menu_order":0,"comment_status":"closed","ping_status":"closed","template":"","meta":{"_acf_changed":false,"footnotes":""},"class_list":["post-11501","page","type-page","status-publish","hentry"],"acf":[],"yoast_head":"<!-- This site is optimized with the Yoast SEO plugin v26.6 - https:\/\/yoast.com\/wordpress\/plugins\/seo\/ -->\n<title>S\u00e9jour Priv\u00e9 - Guest Reviews<\/title>\n<meta name=\"description\" content=\"Nous aimons entendre les retours de nos clients sur leur s\u00e9jour. D\u00e9couvrez ce que d\u2019autres voyageurs pensent de leur exp\u00e9rience avec S\u00e9jour Priv\u00e9.\" \/>\n<meta name=\"robots\" content=\"index, follow, max-snippet:-1, max-image-preview:large, max-video-preview:-1\" \/>\n<link rel=\"canonical\" href=\"https:\/\/www.sejourprive.com\/en\/guest-reviews\/\" \/>\n<meta property=\"og:locale\" content=\"en_GB\" \/>\n<meta property=\"og:type\" content=\"article\" \/>\n<meta property=\"og:title\" content=\"S\u00e9jour Priv\u00e9 - Guest Reviews\" \/>\n<meta property=\"og:description\" content=\"Nous aimons entendre les retours de nos clients sur leur s\u00e9jour. D\u00e9couvrez ce que d\u2019autres voyageurs pensent de leur exp\u00e9rience avec S\u00e9jour Priv\u00e9.\" \/>\n<meta property=\"og:url\" content=\"https:\/\/www.sejourprive.com\/en\/guest-reviews\/\" \/>\n<meta property=\"og:site_name\" content=\"S\u00e9jour Priv\u00e9\" \/>\n<meta property=\"article:modified_time\" content=\"2025-11-27T14:22:11+00:00\" \/>\n<meta property=\"og:image\" content=\"https:\/\/www.sejourprive.com\/wp-content\/uploads\/2025\/09\/SEJOUR-PRIVE_SliderHome2.jpg\" \/>\n\t<meta property=\"og:image:width\" content=\"1920\" \/>\n\t<meta property=\"og:image:height\" content=\"1280\" \/>\n\t<meta property=\"og:image:type\" content=\"image\/jpeg\" \/>\n<meta name=\"twitter:card\" content=\"summary_large_image\" \/>\n<meta name=\"twitter:label1\" content=\"Estimated reading time\" \/>\n\t<meta name=\"twitter:data1\" content=\"2 minutes\" \/>\n<script type=\"application\/ld+json\" class=\"yoast-schema-graph\">{\"@context\":\"https:\/\/schema.org\",\"@graph\":[{\"@type\":\"WebPage\",\"@id\":\"https:\/\/www.sejourprive.com\/guest-reviews\/\",\"url\":\"https:\/\/www.sejourprive.com\/guest-reviews\/\",\"name\":\"S\u00e9jour Priv\u00e9 - Guest Reviews\",\"isPartOf\":{\"@id\":\"https:\/\/www.sejourprive.com\/#website\"},\"datePublished\":\"2025-09-29T16:45:10+00:00\",\"dateModified\":\"2025-11-27T14:22:11+00:00\",\"description\":\"Nous aimons entendre les retours de nos clients sur leur s\u00e9jour. D\u00e9couvrez ce que d\u2019autres voyageurs pensent de leur exp\u00e9rience avec S\u00e9jour Priv\u00e9.\",\"breadcrumb\":{\"@id\":\"https:\/\/www.sejourprive.com\/guest-reviews\/#breadcrumb\"},\"inLanguage\":\"en-GB\",\"potentialAction\":[{\"@type\":\"ReadAction\",\"target\":[\"https:\/\/www.sejourprive.com\/guest-reviews\/\"]}]},{\"@type\":\"BreadcrumbList\",\"@id\":\"https:\/\/www.sejourprive.com\/guest-reviews\/#breadcrumb\",\"itemListElement\":[{\"@type\":\"ListItem\",\"position\":1,\"name\":\"Accueil\",\"item\":\"https:\/\/www.sejourprive.com\/\"},{\"@type\":\"ListItem\",\"position\":2,\"name\":\"Guest Reviews\"}]},{\"@type\":\"WebSite\",\"@id\":\"https:\/\/www.sejourprive.com\/#website\",\"url\":\"https:\/\/www.sejourprive.com\/\",\"name\":\"S\u00e9jour Priv\u00e9\",\"description\":\"Nous imaginons pour vous des s\u00e9jours d\u2019exception.\",\"publisher\":{\"@id\":\"https:\/\/www.sejourprive.com\/#organization\"},\"potentialAction\":[{\"@type\":\"SearchAction\",\"target\":{\"@type\":\"EntryPoint\",\"urlTemplate\":\"https:\/\/www.sejourprive.com\/?s={search_term_string}\"},\"query-input\":{\"@type\":\"PropertyValueSpecification\",\"valueRequired\":true,\"valueName\":\"search_term_string\"}}],\"inLanguage\":\"en-GB\"},{\"@type\":\"Organization\",\"@id\":\"https:\/\/www.sejourprive.com\/#organization\",\"name\":\"S\u00e9jour Priv\u00e9\",\"url\":\"https:\/\/www.sejourprive.com\/\",\"logo\":{\"@type\":\"ImageObject\",\"inLanguage\":\"en-GB\",\"@id\":\"https:\/\/www.sejourprive.com\/#\/schema\/logo\/image\/\",\"url\":\"https:\/\/www.sejourprive.com\/wp-content\/uploads\/2026\/02\/SP-Apple-touch-144-couleur-1-2.png\",\"contentUrl\":\"https:\/\/www.sejourprive.com\/wp-content\/uploads\/2026\/02\/SP-Apple-touch-144-couleur-1-2.png\",\"width\":145,\"height\":145,\"caption\":\"S\u00e9jour Priv\u00e9\"},\"image\":{\"@id\":\"https:\/\/www.sejourprive.com\/#\/schema\/logo\/image\/\"}}]}<\/script>\n<!-- \/ Yoast SEO plugin. -->","yoast_head_json":{"title":"S\u00e9jour Priv\u00e9 - Guest Reviews","description":"Nous aimons entendre les retours de nos clients sur leur s\u00e9jour. D\u00e9couvrez ce que d\u2019autres voyageurs pensent de leur exp\u00e9rience avec S\u00e9jour Priv\u00e9.","robots":{"index":"index","follow":"follow","max-snippet":"max-snippet:-1","max-image-preview":"max-image-preview:large","max-video-preview":"max-video-preview:-1"},"canonical":"https:\/\/www.sejourprive.com\/en\/guest-reviews\/","og_locale":"en_GB","og_type":"article","og_title":"S\u00e9jour Priv\u00e9 - Guest Reviews","og_description":"Nous aimons entendre les retours de nos clients sur leur s\u00e9jour. D\u00e9couvrez ce que d\u2019autres voyageurs pensent de leur exp\u00e9rience avec S\u00e9jour Priv\u00e9.","og_url":"https:\/\/www.sejourprive.com\/en\/guest-reviews\/","og_site_name":"S\u00e9jour Priv\u00e9","article_modified_time":"2025-11-27T14:22:11+00:00","og_image":[{"width":1920,"height":1280,"url":"https:\/\/www.sejourprive.com\/wp-content\/uploads\/2025\/09\/SEJOUR-PRIVE_SliderHome2.jpg","type":"image\/jpeg"}],"twitter_card":"summary_large_image","twitter_misc":{"Estimated reading time":"2 minutes"},"schema":{"@context":"https:\/\/schema.org","@graph":[{"@type":"WebPage","@id":"https:\/\/www.sejourprive.com\/guest-reviews\/","url":"https:\/\/www.sejourprive.com\/guest-reviews\/","name":"S\u00e9jour Priv\u00e9 - Guest Reviews","isPartOf":{"@id":"https:\/\/www.sejourprive.com\/#website"},"datePublished":"2025-09-29T16:45:10+00:00","dateModified":"2025-11-27T14:22:11+00:00","description":"Nous aimons entendre les retours de nos clients sur leur s\u00e9jour. D\u00e9couvrez ce que d\u2019autres voyageurs pensent de leur exp\u00e9rience avec S\u00e9jour Priv\u00e9.","breadcrumb":{"@id":"https:\/\/www.sejourprive.com\/guest-reviews\/#breadcrumb"},"inLanguage":"en-GB","potentialAction":[{"@type":"ReadAction","target":["https:\/\/www.sejourprive.com\/guest-reviews\/"]}]},{"@type":"BreadcrumbList","@id":"https:\/\/www.sejourprive.com\/guest-reviews\/#breadcrumb","itemListElement":[{"@type":"ListItem","position":1,"name":"Accueil","item":"https:\/\/www.sejourprive.com\/"},{"@type":"ListItem","position":2,"name":"Guest Reviews"}]},{"@type":"WebSite","@id":"https:\/\/www.sejourprive.com\/#website","url":"https:\/\/www.sejourprive.com\/","name":"Private Stay","description":"We design exceptional holidays for you.","publisher":{"@id":"https:\/\/www.sejourprive.com\/#organization"},"potentialAction":[{"@type":"SearchAction","target":{"@type":"EntryPoint","urlTemplate":"https:\/\/www.sejourprive.com\/?s={search_term_string}"},"query-input":{"@type":"PropertyValueSpecification","valueRequired":true,"valueName":"search_term_string"}}],"inLanguage":"en-GB"},{"@type":"Organization","@id":"https:\/\/www.sejourprive.com\/#organization","name":"Private Stay","url":"https:\/\/www.sejourprive.com\/","logo":{"@type":"ImageObject","inLanguage":"en-GB","@id":"https:\/\/www.sejourprive.com\/#\/schema\/logo\/image\/","url":"https:\/\/www.sejourprive.com\/wp-content\/uploads\/2026\/02\/SP-Apple-touch-144-couleur-1-2.png","contentUrl":"https:\/\/www.sejourprive.com\/wp-content\/uploads\/2026\/02\/SP-Apple-touch-144-couleur-1-2.png","width":145,"height":145,"caption":"S\u00e9jour Priv\u00e9"},"image":{"@id":"https:\/\/www.sejourprive.com\/#\/schema\/logo\/image\/"}}]}},"_links":{"self":[{"href":"https:\/\/www.sejourprive.com\/en\/wp-json\/wp\/v2\/pages\/11501","targetHints":{"allow":["GET"]}}],"collection":[{"href":"https:\/\/www.sejourprive.com\/en\/wp-json\/wp\/v2\/pages"}],"about":[{"href":"https:\/\/www.sejourprive.com\/en\/wp-json\/wp\/v2\/types\/page"}],"author":[{"embeddable":true,"href":"https:\/\/www.sejourprive.com\/en\/wp-json\/wp\/v2\/users\/2"}],"replies":[{"embeddable":true,"href":"https:\/\/www.sejourprive.com\/en\/wp-json\/wp\/v2\/comments?post=11501"}],"version-history":[{"count":0,"href":"https:\/\/www.sejourprive.com\/en\/wp-json\/wp\/v2\/pages\/11501\/revisions"}],"wp:attachment":[{"href":"https:\/\/www.sejourprive.com\/en\/wp-json\/wp\/v2\/media?parent=11501"}],"curies":[{"name":"wp","href":"https:\/\/api.w.org\/{rel}","templated":true}]}}